{"id":27286,"date":"2020-04-29T12:03:38","date_gmt":"2020-04-29T10:03:45","guid":{"rendered":"https:\/\/newgarden.es\/?post_type=product&#038;p=27286"},"modified":"2024-06-13T12:04:10","modified_gmt":"2024-06-13T10:04:10","slug":"violeta-40-color-copia-copia-2","status":"publish","type":"product","link":"https:\/\/newgarden.es\/fr\/shop\/pot-de-fleur\/pots-de-fleurs-sans-eclairage\/violeta-40-color-copia-copia-2\/","title":{"rendered":"POT DE FLEURS HORTENSIA 30"},"content":{"rendered":"<section class=\"wpb-content-wrapper\"><p>[vc_row][vc_column el_class=&#8221;descripcion_producto&#8221;][vc_column_text]HORTENSIA 30 (\u00f830x 30 cm) Hortensia est l&#8217;une des derni\u00e8res nouveaut\u00e9s de la gamme de jardini\u00e8res Newgarden. Il s&#8217;agit d&#8217;une jardini\u00e8re ronde avec une grande base de plantation. Les lignes sont arrondies et la texture est lisse.<\/p>\n<p>C&#8217;est un mod\u00e8le parfait pour n&#8217;importe quel coin de votre jardin, ext\u00e9rieur, terrasse ou entreprise. Le mod\u00e8le Hortensia est la jardini\u00e8re id\u00e9ale pour donner une touche de design \u00e0 votre jardin, car il s&#8217;int\u00e8gre \u00e0 tous les environnements.<\/p>\n<p>Il est disponible en diff\u00e9rentes tailles (30, 40, 50 et 80) et finitions (blanc, bronze, noir, gris, taupe, rose tendre et vert tendre).<\/p>\n<p>Les jardini\u00e8res Hortensia sont fabriqu\u00e9es en poly\u00e9thyl\u00e8ne, ce qui les rend l\u00e9g\u00e8res et tr\u00e8s r\u00e9sistantes aux temp\u00e9ratures extr\u00eames. Elles sont \u00e9galement prot\u00e9g\u00e9es contre les rayons UV, ce qui rend la dur\u00e9e de vie du produit extraordinairement longue.<\/p>\n<p>VOLUME DE PLANTATION : 17 litres[\/vc_column_text][\/vc_column][\/vc_row][vc_row disable_element=&#8221;yes&#8221;][vc_column][vc_single_image image=&#8221;6566&#8243; img_size=&#8221;full&#8221;][\/vc_column][\/vc_row][vc_row][vc_column][vc_btn title=&#8221;Manuel d&apos;instrutions&#8221; style=&#8221;custom&#8221; custom_background=&#8221;#009bc2&#8243; custom_text=&#8221;#ffffff&#8221; shape=&#8221;square&#8221; link=&#8221;url:https%3A%2F%2Fbit.ly%2F3xGpKXW|target:%20_blank|&#8221; el_class=&#8221;btn_descargar_ficha&#8221;][\/vc_column][\/vc_row]<\/p>\n<\/section>","protected":false},"excerpt":{"rendered":"<h1 style=\"font-size: 12px;\">Pot de fleurs Hortensia 30 de couleur opaque<\/h1>\n","protected":false},"featured_media":61426,"template":"","meta":[],"product_cat":[643,747,1592],"product_tag":[],"class_list":{"0":"post-27286","1":"product","2":"type-product","3":"status-publish","4":"has-post-thumbnail","6":"product_cat-pot-de-fleur","7":"product_cat-pots-de-fleurs-sans-eclairage","8":"product_cat-pots-de-fleurs-ronds","10":"first","11":"instock","12":"taxable","13":"shipping-taxable","14":"purchasable","15":"product-type-variable"},"yoast_head":"<!-- This site is optimized with the Yoast SEO plugin v24.2 - https:\/\/yoast.com\/wordpress\/plugins\/seo\/ -->\n<title>POT DE FLEURS HORTENSIA 30 EXT\u00c9RIEUR COULEUR<\/title>\n<meta name=\"description\" content=\"POT DE FLEURS CYLINDRIQUE EN COULEURS OPAQUES HORTENSIA 30 \u00a0(\u00f830x 30 cm): Hortensia\u00a0est l&#039;une des nouveaut\u00e9s de la gamme de pots de fleurs\u00a0Newgarden\" \/>\n<meta name=\"robots\" content=\"index, follow, max-snippet:-1, max-image-preview:large, max-video-preview:-1\" \/>\n<link rel=\"canonical\" href=\"https:\/\/newgarden.es\/fr\/shop\/pot-de-fleur\/pots-de-fleurs-sans-eclairage\/violeta-40-color-copia-copia-2\/\" \/>\n<meta property=\"og:locale\" content=\"fr_FR\" \/>\n<meta property=\"og:type\" content=\"article\" \/>\n<meta property=\"og:title\" content=\"POT DE FLEURS HORTENSIA 30 EXT\u00c9RIEUR COULEUR\" \/>\n<meta property=\"og:description\" content=\"POT DE FLEURS CYLINDRIQUE EN COULEURS OPAQUES HORTENSIA 30 \u00a0(\u00f830x 30 cm): Hortensia\u00a0est l&#039;une des nouveaut\u00e9s de la gamme de pots de fleurs\u00a0Newgarden\" \/>\n<meta property=\"og:url\" content=\"https:\/\/newgarden.es\/fr\/shop\/pot-de-fleur\/pots-de-fleurs-sans-eclairage\/violeta-40-color-copia-copia-2\/\" \/>\n<meta property=\"og:site_name\" content=\"Newgarden\" \/>\n<meta property=\"article:modified_time\" content=\"2024-06-13T10:04:10+00:00\" \/>\n<meta property=\"og:image\" content=\"https:\/\/newgarden.es\/wp-content\/uploads\/2020\/04\/HORTENSIA_1200X1200-11.jpg\" \/>\n\t<meta property=\"og:image:width\" content=\"1200\" \/>\n\t<meta property=\"og:image:height\" content=\"1200\" \/>\n\t<meta property=\"og:image:type\" content=\"image\/jpeg\" \/>\n<meta name=\"twitter:card\" content=\"summary_large_image\" \/>\n<meta name=\"twitter:label1\" content=\"Dur\u00e9e de lecture estim\u00e9e\" \/>\n\t<meta name=\"twitter:data1\" content=\"1 minute\" \/>\n<script type=\"application\/ld+json\" class=\"yoast-schema-graph\">{\"@context\":\"https:\/\/schema.org\",\"@graph\":[{\"@type\":\"WebPage\",\"@id\":\"https:\/\/newgarden.es\/fr\/shop\/pot-de-fleur\/pots-de-fleurs-sans-eclairage\/violeta-40-color-copia-copia-2\/\",\"url\":\"https:\/\/newgarden.es\/fr\/shop\/pot-de-fleur\/pots-de-fleurs-sans-eclairage\/violeta-40-color-copia-copia-2\/\",\"name\":\"POT DE FLEURS HORTENSIA 30 EXT\u00c9RIEUR COULEUR\",\"isPartOf\":{\"@id\":\"https:\/\/newgarden.es\/#website\"},\"primaryImageOfPage\":{\"@id\":\"https:\/\/newgarden.es\/fr\/shop\/pot-de-fleur\/pots-de-fleurs-sans-eclairage\/violeta-40-color-copia-copia-2\/#primaryimage\"},\"image\":{\"@id\":\"https:\/\/newgarden.es\/fr\/shop\/pot-de-fleur\/pots-de-fleurs-sans-eclairage\/violeta-40-color-copia-copia-2\/#primaryimage\"},\"thumbnailUrl\":\"https:\/\/newgarden.es\/wp-content\/uploads\/2020\/04\/HORTENSIA_1200X1200-11.jpg\",\"datePublished\":\"2020-04-29T10:03:45+00:00\",\"dateModified\":\"2024-06-13T10:04:10+00:00\",\"description\":\"POT DE FLEURS CYLINDRIQUE EN COULEURS OPAQUES HORTENSIA 30 \u00a0(\u00f830x 30 cm): Hortensia\u00a0est l'une des nouveaut\u00e9s de la gamme de pots de fleurs\u00a0Newgarden\",\"breadcrumb\":{\"@id\":\"https:\/\/newgarden.es\/fr\/shop\/pot-de-fleur\/pots-de-fleurs-sans-eclairage\/violeta-40-color-copia-copia-2\/#breadcrumb\"},\"inLanguage\":\"fr-FR\",\"potentialAction\":[{\"@type\":\"ReadAction\",\"target\":[\"https:\/\/newgarden.es\/fr\/shop\/pot-de-fleur\/pots-de-fleurs-sans-eclairage\/violeta-40-color-copia-copia-2\/\"]}]},{\"@type\":\"ImageObject\",\"inLanguage\":\"fr-FR\",\"@id\":\"https:\/\/newgarden.es\/fr\/shop\/pot-de-fleur\/pots-de-fleurs-sans-eclairage\/violeta-40-color-copia-copia-2\/#primaryimage\",\"url\":\"https:\/\/newgarden.es\/wp-content\/uploads\/2020\/04\/HORTENSIA_1200X1200-11.jpg\",\"contentUrl\":\"https:\/\/newgarden.es\/wp-content\/uploads\/2020\/04\/HORTENSIA_1200X1200-11.jpg\",\"width\":1200,\"height\":1200},{\"@type\":\"BreadcrumbList\",\"@id\":\"https:\/\/newgarden.es\/fr\/shop\/pot-de-fleur\/pots-de-fleurs-sans-eclairage\/violeta-40-color-copia-copia-2\/#breadcrumb\",\"itemListElement\":[{\"@type\":\"ListItem\",\"position\":1,\"name\":\"Home\",\"item\":\"https:\/\/newgarden.es\/fr\/\"},{\"@type\":\"ListItem\",\"position\":2,\"name\":\"Boutique\",\"item\":\"https:\/\/newgarden.es\/fr\/boutique\/\"},{\"@type\":\"ListItem\",\"position\":3,\"name\":\"POT DE FLEURS HORTENSIA 30\"}]},{\"@type\":\"WebSite\",\"@id\":\"https:\/\/newgarden.es\/#website\",\"url\":\"https:\/\/newgarden.es\/\",\"name\":\"Newgarden\",\"description\":\"Be happy\",\"potentialAction\":[{\"@type\":\"SearchAction\",\"target\":{\"@type\":\"EntryPoint\",\"urlTemplate\":\"https:\/\/newgarden.es\/?s={search_term_string}\"},\"query-input\":{\"@type\":\"PropertyValueSpecification\",\"valueRequired\":true,\"valueName\":\"search_term_string\"}}],\"inLanguage\":\"fr-FR\"}]}<\/script>\n<!-- \/ Yoast SEO plugin. -->","yoast_head_json":{"title":"POT DE FLEURS HORTENSIA 30 EXT\u00c9RIEUR COULEUR","description":"POT DE FLEURS CYLINDRIQUE EN COULEURS OPAQUES HORTENSIA 30 \u00a0(\u00f830x 30 cm): Hortensia\u00a0est l'une des nouveaut\u00e9s de la gamme de pots de fleurs\u00a0Newgarden","robots":{"index":"index","follow":"follow","max-snippet":"max-snippet:-1","max-image-preview":"max-image-preview:large","max-video-preview":"max-video-preview:-1"},"canonical":"https:\/\/newgarden.es\/fr\/shop\/pot-de-fleur\/pots-de-fleurs-sans-eclairage\/violeta-40-color-copia-copia-2\/","og_locale":"fr_FR","og_type":"article","og_title":"POT DE FLEURS HORTENSIA 30 EXT\u00c9RIEUR COULEUR","og_description":"POT DE FLEURS CYLINDRIQUE EN COULEURS OPAQUES HORTENSIA 30 \u00a0(\u00f830x 30 cm): Hortensia\u00a0est l'une des nouveaut\u00e9s de la gamme de pots de fleurs\u00a0Newgarden","og_url":"https:\/\/newgarden.es\/fr\/shop\/pot-de-fleur\/pots-de-fleurs-sans-eclairage\/violeta-40-color-copia-copia-2\/","og_site_name":"Newgarden","article_modified_time":"2024-06-13T10:04:10+00:00","og_image":[{"width":1200,"height":1200,"url":"https:\/\/newgarden.es\/wp-content\/uploads\/2020\/04\/HORTENSIA_1200X1200-11.jpg","type":"image\/jpeg"}],"twitter_card":"summary_large_image","twitter_misc":{"Dur\u00e9e de lecture estim\u00e9e":"1 minute"},"schema":{"@context":"https:\/\/schema.org","@graph":[{"@type":"WebPage","@id":"https:\/\/newgarden.es\/fr\/shop\/pot-de-fleur\/pots-de-fleurs-sans-eclairage\/violeta-40-color-copia-copia-2\/","url":"https:\/\/newgarden.es\/fr\/shop\/pot-de-fleur\/pots-de-fleurs-sans-eclairage\/violeta-40-color-copia-copia-2\/","name":"POT DE FLEURS HORTENSIA 30 EXT\u00c9RIEUR COULEUR","isPartOf":{"@id":"https:\/\/newgarden.es\/#website"},"primaryImageOfPage":{"@id":"https:\/\/newgarden.es\/fr\/shop\/pot-de-fleur\/pots-de-fleurs-sans-eclairage\/violeta-40-color-copia-copia-2\/#primaryimage"},"image":{"@id":"https:\/\/newgarden.es\/fr\/shop\/pot-de-fleur\/pots-de-fleurs-sans-eclairage\/violeta-40-color-copia-copia-2\/#primaryimage"},"thumbnailUrl":"https:\/\/newgarden.es\/wp-content\/uploads\/2020\/04\/HORTENSIA_1200X1200-11.jpg","datePublished":"2020-04-29T10:03:45+00:00","dateModified":"2024-06-13T10:04:10+00:00","description":"POT DE FLEURS CYLINDRIQUE EN COULEURS OPAQUES HORTENSIA 30 \u00a0(\u00f830x 30 cm): Hortensia\u00a0est l'une des nouveaut\u00e9s de la gamme de pots de fleurs\u00a0Newgarden","breadcrumb":{"@id":"https:\/\/newgarden.es\/fr\/shop\/pot-de-fleur\/pots-de-fleurs-sans-eclairage\/violeta-40-color-copia-copia-2\/#breadcrumb"},"inLanguage":"fr-FR","potentialAction":[{"@type":"ReadAction","target":["https:\/\/newgarden.es\/fr\/shop\/pot-de-fleur\/pots-de-fleurs-sans-eclairage\/violeta-40-color-copia-copia-2\/"]}]},{"@type":"ImageObject","inLanguage":"fr-FR","@id":"https:\/\/newgarden.es\/fr\/shop\/pot-de-fleur\/pots-de-fleurs-sans-eclairage\/violeta-40-color-copia-copia-2\/#primaryimage","url":"https:\/\/newgarden.es\/wp-content\/uploads\/2020\/04\/HORTENSIA_1200X1200-11.jpg","contentUrl":"https:\/\/newgarden.es\/wp-content\/uploads\/2020\/04\/HORTENSIA_1200X1200-11.jpg","width":1200,"height":1200},{"@type":"BreadcrumbList","@id":"https:\/\/newgarden.es\/fr\/shop\/pot-de-fleur\/pots-de-fleurs-sans-eclairage\/violeta-40-color-copia-copia-2\/#breadcrumb","itemListElement":[{"@type":"ListItem","position":1,"name":"Home","item":"https:\/\/newgarden.es\/fr\/"},{"@type":"ListItem","position":2,"name":"Boutique","item":"https:\/\/newgarden.es\/fr\/boutique\/"},{"@type":"ListItem","position":3,"name":"POT DE FLEURS HORTENSIA 30"}]},{"@type":"WebSite","@id":"https:\/\/newgarden.es\/#website","url":"https:\/\/newgarden.es\/","name":"Newgarden","description":"Be happy","potentialAction":[{"@type":"SearchAction","target":{"@type":"EntryPoint","urlTemplate":"https:\/\/newgarden.es\/?s={search_term_string}"},"query-input":{"@type":"PropertyValueSpecification","valueRequired":true,"valueName":"search_term_string"}}],"inLanguage":"fr-FR"}]}},"df_price":19.2,"df_sale_price":"","df_regular_price":19.2,"df_image_link":"https:\/\/newgarden.es\/wp-content\/uploads\/2020\/04\/HORTENSIA_1200X1200-11-580x400.jpg","_links":{"self":[{"href":"https:\/\/newgarden.es\/fr\/wp-json\/wp\/v2\/product\/27286"}],"collection":[{"href":"https:\/\/newgarden.es\/fr\/wp-json\/wp\/v2\/product"}],"about":[{"href":"https:\/\/newgarden.es\/fr\/wp-json\/wp\/v2\/types\/product"}],"wp:featuredmedia":[{"embeddable":true,"href":"https:\/\/newgarden.es\/fr\/wp-json\/wp\/v2\/media\/61426"}],"wp:attachment":[{"href":"https:\/\/newgarden.es\/fr\/wp-json\/wp\/v2\/media?parent=27286"}],"wp:term":[{"taxonomy":"product_cat","embeddable":true,"href":"https:\/\/newgarden.es\/fr\/wp-json\/wp\/v2\/product_cat?post=27286"},{"taxonomy":"product_tag","embeddable":true,"href":"https:\/\/newgarden.es\/fr\/wp-json\/wp\/v2\/product_tag?post=27286"}],"curies":[{"name":"wp","href":"https:\/\/api.w.org\/{rel}","templated":true}]}}