{"id":30263,"date":"2019-10-11T14:02:06","date_gmt":"2020-08-05T10:51:33","guid":{"rendered":"https:\/\/newgarden.es\/?post_type=product&#038;p=30263"},"modified":"2022-01-24T10:45:58","modified_gmt":"2022-01-24T09:45:58","slug":"sisine","status":"publish","type":"product","link":"https:\/\/newgarden.es\/fr\/shop\/lightdeco-fr\/lampes-suspendues\/sisine\/","title":{"rendered":"LAMPE SUSPENSION SANS FIL SISINE NATURE"},"content":{"rendered":"<section class=\"wpb-content-wrapper\"><p>[vc_row][vc_column][vc_column_text]<\/p>\n<p>[\/vc_column_text][\/vc_column][\/vc_row][vc_row][vc_column el_class=\u00a0\u00bbdescripcion_producto\u00a0\u00bb][vc_column_text]<\/p>\n<p>LAMPE SUSPENSION SANS FIL <strong>SISINE NATURE<\/strong><\/p>\n<p>Suspension d&rsquo;ext\u00e9rieur en rotin lumi\u00e8re 3 intensit\u00e9s rechargeable\u00a0<strong>Sisine<\/strong>,\u00a0fabriqu\u00e9e\u00a0par\u00a0<span style=\"text-decoration: underline;\">Newgarden<\/span>\u00a0est\u00a0dot\u00e9e\u00a0d&rsquo;une corde\u00a0(L300cm) et d&rsquo;un abat-jour de forme conique en Rotin. La suspension\u00a0<strong data-sanitized-data-mce-fragment=\"1\">Sisine\u00a0<\/strong>est livr\u00e9e avec une ampoule\u00a0led\u00a0rechargeable par c\u00e2ble micro USB 1m (fourni mais sans adaptateur). Gr\u00e2ce \u00e0 son ampoule rechargeable avec\u00a0batterie et sa grande autonomie (6h \u00e0 20h),\u00a0<strong data-sanitized-data-mce-fragment=\"1\">Sisine\u00a0<\/strong>pourra vous accompagner partout dans votre jardin. Elle\u00a0dispose d&rsquo;un variateur d&rsquo;intensit\u00e9 \u00e0 3 niveaux que vous pourrez r\u00e9gler \u00e0 l&rsquo;aide du bouton pr\u00e8s du port de charge. La suspension\u00a0<strong data-sanitized-data-mce-fragment=\"1\">Sisine\u00a0<\/strong>se recharge en un temps record, entre 4h \u00e0 6h, pour vous permettre de profiter de votre jardin chaque jour de l&rsquo;\u00e9t\u00e9!<\/p>\n<p>Id\u00e9ale pour \u00e9clairer les jardins ou les terrasses,\u00a0<strong data-sanitized-data-mce-fragment=\"1\">Sisine\u00a0<\/strong>dispose d&rsquo;un indice de protection \u00e9lev\u00e9 (<strong>IP54<\/strong>) lui assurant\u00a0une utilisation ext\u00e9rieure en toute s\u00e9curit\u00e9. Solide et charmante,\u00a0<strong data-sanitized-data-mce-fragment=\"1\">Sisine\u00a0<\/strong>peut \u00eatre install\u00e9e en ext\u00e9rieur mais aussi en int\u00e9rieur\u00a0si vous le souhaitez. Sa longue corde de 3 m\u00e8tres permet de la suspendre \u00e0 n&rsquo;importe quel support.<\/p>\n<p>&nbsp;<\/p>\n<ul class=\"tablaTech\">\n<li>\n<div class=\"boxContents no-border\">\n<div class=\"name\"><strong>TAILLE<\/strong><\/div>\n<div class=\"data\">\u00f840 x 30,5 cm<\/div>\n<\/div>\n<\/li>\n<\/ul>\n<p>[\/vc_column_text][\/vc_column][\/vc_row][vc_row disable_element=\u00a0\u00bbyes\u00a0\u00bb][vc_column][vc_single_image image=\u00a0\u00bb6566&Prime; img_size=\u00a0\u00bbfull\u00a0\u00bb][\/vc_column][\/vc_row]<\/p>\n<\/section>","protected":false},"excerpt":{"rendered":"<h5><strong>Lampe suspension Sisine nature sans fil<\/strong><\/h5>\n","protected":false},"featured_media":57639,"template":"","meta":[],"product_cat":[651,1569,744],"product_tag":[],"class_list":{"0":"post-30263","1":"product","2":"type-product","3":"status-publish","4":"has-post-thumbnail","6":"product_cat-lightdeco-fr","7":"product_cat-plafonniers-sans-fil","8":"product_cat-lampes-suspendues","10":"first","11":"instock","12":"taxable","13":"shipping-taxable","14":"purchasable","15":"product-type-variable","16":"has-default-attributes"},"yoast_head":"<!-- This site is optimized with the Yoast SEO plugin v24.2 - https:\/\/yoast.com\/wordpress\/plugins\/seo\/ -->\n<title>LAMPE SUSPENSION SANS FIL SISINE NATURE<\/title>\n<meta name=\"description\" content=\"Suspension d&#039;ext\u00e9rieur Rotin 3 intensit\u00e9s rechargeable Sisine, \u00e9dit\u00e9e par Newgarden est compos\u00e9e d&#039;une corde\u00a0(L300cm) et d&#039;un abat-jour de forme conique en\" \/>\n<meta name=\"robots\" content=\"index, follow, max-snippet:-1, max-image-preview:large, max-video-preview:-1\" \/>\n<link rel=\"canonical\" href=\"https:\/\/newgarden.es\/fr\/shop\/lightdeco-fr\/lampes-suspendues\/sisine\/\" \/>\n<meta property=\"og:locale\" content=\"fr_FR\" \/>\n<meta property=\"og:type\" content=\"article\" \/>\n<meta property=\"og:title\" content=\"LAMPE SUSPENSION SANS FIL SISINE NATURE\" \/>\n<meta property=\"og:description\" content=\"Suspension d&#039;ext\u00e9rieur Rotin 3 intensit\u00e9s rechargeable Sisine, \u00e9dit\u00e9e par Newgarden est compos\u00e9e d&#039;une corde\u00a0(L300cm) et d&#039;un abat-jour de forme conique en\" \/>\n<meta property=\"og:url\" content=\"https:\/\/newgarden.es\/fr\/shop\/lightdeco-fr\/lampes-suspendues\/sisine\/\" \/>\n<meta property=\"og:site_name\" content=\"Newgarden\" \/>\n<meta property=\"article:modified_time\" content=\"2022-01-24T09:45:58+00:00\" \/>\n<meta property=\"og:image\" content=\"https:\/\/newgarden.es\/wp-content\/uploads\/2019\/10\/SISINE_HANG_BATTERY_1200X1200-4.jpg\" \/>\n\t<meta property=\"og:image:width\" content=\"1200\" \/>\n\t<meta property=\"og:image:height\" content=\"1200\" \/>\n\t<meta property=\"og:image:type\" content=\"image\/jpeg\" \/>\n<meta name=\"twitter:card\" content=\"summary_large_image\" \/>\n<meta name=\"twitter:label1\" content=\"Dur\u00e9e de lecture estim\u00e9e\" \/>\n\t<meta name=\"twitter:data1\" content=\"1 minute\" \/>\n<script type=\"application\/ld+json\" class=\"yoast-schema-graph\">{\"@context\":\"https:\/\/schema.org\",\"@graph\":[{\"@type\":\"WebPage\",\"@id\":\"https:\/\/newgarden.es\/fr\/shop\/lightdeco-fr\/lampes-suspendues\/sisine\/\",\"url\":\"https:\/\/newgarden.es\/fr\/shop\/lightdeco-fr\/lampes-suspendues\/sisine\/\",\"name\":\"LAMPE SUSPENSION SANS FIL SISINE NATURE\",\"isPartOf\":{\"@id\":\"https:\/\/newgarden.es\/#website\"},\"primaryImageOfPage\":{\"@id\":\"https:\/\/newgarden.es\/fr\/shop\/lightdeco-fr\/lampes-suspendues\/sisine\/#primaryimage\"},\"image\":{\"@id\":\"https:\/\/newgarden.es\/fr\/shop\/lightdeco-fr\/lampes-suspendues\/sisine\/#primaryimage\"},\"thumbnailUrl\":\"https:\/\/newgarden.es\/wp-content\/uploads\/2019\/10\/SISINE_HANG_BATTERY_1200X1200-4.jpg\",\"datePublished\":\"2020-08-05T10:51:33+00:00\",\"dateModified\":\"2022-01-24T09:45:58+00:00\",\"description\":\"Suspension d'ext\u00e9rieur Rotin 3 intensit\u00e9s rechargeable Sisine, \u00e9dit\u00e9e par Newgarden est compos\u00e9e d'une corde\u00a0(L300cm) et d'un abat-jour de forme conique en\",\"breadcrumb\":{\"@id\":\"https:\/\/newgarden.es\/fr\/shop\/lightdeco-fr\/lampes-suspendues\/sisine\/#breadcrumb\"},\"inLanguage\":\"fr-FR\",\"potentialAction\":[{\"@type\":\"ReadAction\",\"target\":[\"https:\/\/newgarden.es\/fr\/shop\/lightdeco-fr\/lampes-suspendues\/sisine\/\"]}]},{\"@type\":\"ImageObject\",\"inLanguage\":\"fr-FR\",\"@id\":\"https:\/\/newgarden.es\/fr\/shop\/lightdeco-fr\/lampes-suspendues\/sisine\/#primaryimage\",\"url\":\"https:\/\/newgarden.es\/wp-content\/uploads\/2019\/10\/SISINE_HANG_BATTERY_1200X1200-4.jpg\",\"contentUrl\":\"https:\/\/newgarden.es\/wp-content\/uploads\/2019\/10\/SISINE_HANG_BATTERY_1200X1200-4.jpg\",\"width\":1200,\"height\":1200},{\"@type\":\"BreadcrumbList\",\"@id\":\"https:\/\/newgarden.es\/fr\/shop\/lightdeco-fr\/lampes-suspendues\/sisine\/#breadcrumb\",\"itemListElement\":[{\"@type\":\"ListItem\",\"position\":1,\"name\":\"Home\",\"item\":\"https:\/\/newgarden.es\/fr\/\"},{\"@type\":\"ListItem\",\"position\":2,\"name\":\"Boutique\",\"item\":\"https:\/\/newgarden.es\/fr\/boutique\/\"},{\"@type\":\"ListItem\",\"position\":3,\"name\":\"LAMPE SUSPENSION SANS FIL SISINE NATURE\"}]},{\"@type\":\"WebSite\",\"@id\":\"https:\/\/newgarden.es\/#website\",\"url\":\"https:\/\/newgarden.es\/\",\"name\":\"Newgarden\",\"description\":\"Be happy\",\"potentialAction\":[{\"@type\":\"SearchAction\",\"target\":{\"@type\":\"EntryPoint\",\"urlTemplate\":\"https:\/\/newgarden.es\/?s={search_term_string}\"},\"query-input\":{\"@type\":\"PropertyValueSpecification\",\"valueRequired\":true,\"valueName\":\"search_term_string\"}}],\"inLanguage\":\"fr-FR\"}]}<\/script>\n<!-- \/ Yoast SEO plugin. -->","yoast_head_json":{"title":"LAMPE SUSPENSION SANS FIL SISINE NATURE","description":"Suspension d'ext\u00e9rieur Rotin 3 intensit\u00e9s rechargeable Sisine, \u00e9dit\u00e9e par Newgarden est compos\u00e9e d'une corde\u00a0(L300cm) et d'un abat-jour de forme conique en","robots":{"index":"index","follow":"follow","max-snippet":"max-snippet:-1","max-image-preview":"max-image-preview:large","max-video-preview":"max-video-preview:-1"},"canonical":"https:\/\/newgarden.es\/fr\/shop\/lightdeco-fr\/lampes-suspendues\/sisine\/","og_locale":"fr_FR","og_type":"article","og_title":"LAMPE SUSPENSION SANS FIL SISINE NATURE","og_description":"Suspension d'ext\u00e9rieur Rotin 3 intensit\u00e9s rechargeable Sisine, \u00e9dit\u00e9e par Newgarden est compos\u00e9e d'une corde\u00a0(L300cm) et d'un abat-jour de forme conique en","og_url":"https:\/\/newgarden.es\/fr\/shop\/lightdeco-fr\/lampes-suspendues\/sisine\/","og_site_name":"Newgarden","article_modified_time":"2022-01-24T09:45:58+00:00","og_image":[{"width":1200,"height":1200,"url":"https:\/\/newgarden.es\/wp-content\/uploads\/2019\/10\/SISINE_HANG_BATTERY_1200X1200-4.jpg","type":"image\/jpeg"}],"twitter_card":"summary_large_image","twitter_misc":{"Dur\u00e9e de lecture estim\u00e9e":"1 minute"},"schema":{"@context":"https:\/\/schema.org","@graph":[{"@type":"WebPage","@id":"https:\/\/newgarden.es\/fr\/shop\/lightdeco-fr\/lampes-suspendues\/sisine\/","url":"https:\/\/newgarden.es\/fr\/shop\/lightdeco-fr\/lampes-suspendues\/sisine\/","name":"LAMPE SUSPENSION SANS FIL SISINE NATURE","isPartOf":{"@id":"https:\/\/newgarden.es\/#website"},"primaryImageOfPage":{"@id":"https:\/\/newgarden.es\/fr\/shop\/lightdeco-fr\/lampes-suspendues\/sisine\/#primaryimage"},"image":{"@id":"https:\/\/newgarden.es\/fr\/shop\/lightdeco-fr\/lampes-suspendues\/sisine\/#primaryimage"},"thumbnailUrl":"https:\/\/newgarden.es\/wp-content\/uploads\/2019\/10\/SISINE_HANG_BATTERY_1200X1200-4.jpg","datePublished":"2020-08-05T10:51:33+00:00","dateModified":"2022-01-24T09:45:58+00:00","description":"Suspension d'ext\u00e9rieur Rotin 3 intensit\u00e9s rechargeable Sisine, \u00e9dit\u00e9e par Newgarden est compos\u00e9e d'une corde\u00a0(L300cm) et d'un abat-jour de forme conique en","breadcrumb":{"@id":"https:\/\/newgarden.es\/fr\/shop\/lightdeco-fr\/lampes-suspendues\/sisine\/#breadcrumb"},"inLanguage":"fr-FR","potentialAction":[{"@type":"ReadAction","target":["https:\/\/newgarden.es\/fr\/shop\/lightdeco-fr\/lampes-suspendues\/sisine\/"]}]},{"@type":"ImageObject","inLanguage":"fr-FR","@id":"https:\/\/newgarden.es\/fr\/shop\/lightdeco-fr\/lampes-suspendues\/sisine\/#primaryimage","url":"https:\/\/newgarden.es\/wp-content\/uploads\/2019\/10\/SISINE_HANG_BATTERY_1200X1200-4.jpg","contentUrl":"https:\/\/newgarden.es\/wp-content\/uploads\/2019\/10\/SISINE_HANG_BATTERY_1200X1200-4.jpg","width":1200,"height":1200},{"@type":"BreadcrumbList","@id":"https:\/\/newgarden.es\/fr\/shop\/lightdeco-fr\/lampes-suspendues\/sisine\/#breadcrumb","itemListElement":[{"@type":"ListItem","position":1,"name":"Home","item":"https:\/\/newgarden.es\/fr\/"},{"@type":"ListItem","position":2,"name":"Boutique","item":"https:\/\/newgarden.es\/fr\/boutique\/"},{"@type":"ListItem","position":3,"name":"LAMPE SUSPENSION SANS FIL SISINE NATURE"}]},{"@type":"WebSite","@id":"https:\/\/newgarden.es\/#website","url":"https:\/\/newgarden.es\/","name":"Newgarden","description":"Be happy","potentialAction":[{"@type":"SearchAction","target":{"@type":"EntryPoint","urlTemplate":"https:\/\/newgarden.es\/?s={search_term_string}"},"query-input":{"@type":"PropertyValueSpecification","valueRequired":true,"valueName":"search_term_string"}}],"inLanguage":"fr-FR"}]}},"df_price":69.9,"df_sale_price":"","df_regular_price":69.9,"df_image_link":"https:\/\/newgarden.es\/wp-content\/uploads\/2019\/10\/SISINE_HANG_BATTERY_1200X1200-4-580x400.jpg","_links":{"self":[{"href":"https:\/\/newgarden.es\/fr\/wp-json\/wp\/v2\/product\/30263"}],"collection":[{"href":"https:\/\/newgarden.es\/fr\/wp-json\/wp\/v2\/product"}],"about":[{"href":"https:\/\/newgarden.es\/fr\/wp-json\/wp\/v2\/types\/product"}],"wp:featuredmedia":[{"embeddable":true,"href":"https:\/\/newgarden.es\/fr\/wp-json\/wp\/v2\/media\/57639"}],"wp:attachment":[{"href":"https:\/\/newgarden.es\/fr\/wp-json\/wp\/v2\/media?parent=30263"}],"wp:term":[{"taxonomy":"product_cat","embeddable":true,"href":"https:\/\/newgarden.es\/fr\/wp-json\/wp\/v2\/product_cat?post=30263"},{"taxonomy":"product_tag","embeddable":true,"href":"https:\/\/newgarden.es\/fr\/wp-json\/wp\/v2\/product_tag?post=30263"}],"curies":[{"name":"wp","href":"https:\/\/api.w.org\/{rel}","templated":true}]}}