{"id":30271,"date":"2019-10-14T10:38:02","date_gmt":"2020-08-05T11:14:04","guid":{"rendered":"https:\/\/newgarden.es\/?post_type=product&#038;p=30271"},"modified":"2024-05-29T12:59:18","modified_gmt":"2024-05-29T10:59:18","slug":"stella","status":"publish","type":"product","link":"https:\/\/newgarden.es\/fr\/shop\/lightdeco-fr\/noel\/stella\/","title":{"rendered":"GUIRLANDE D\u00c9CORATIVE STELLA"},"content":{"rendered":"<section class=\"wpb-content-wrapper\"><p>[vc_row][vc_column][vc_column_text]La guirlande STELLA, est l&rsquo;une des nouveaut\u00e9s de NEWGARDEN. Il est parfait pour les \u00e9v\u00e9nements et les f\u00eates, et est id\u00e9al pour une utilisation int\u00e9rieure \u00e0 la maison ainsi que pour tout coin ext\u00e9rieur, jardin, terrasse, entreprise ou comme d\u00e9coration de No\u00ebl.<\/p>\n<p>Contrairement \u00e0 la plupart des guirlandes sur le march\u00e9, la guirlande STELLA de Newgarden poss\u00e8de 10 ampoules LED int\u00e9gr\u00e9es non rempla\u00e7ables, incluses qui offrent un design vintage.<\/p>\n<p>Sa longueur est de 4,5 m\u00e8tres avec un usage ext\u00e9rieur et int\u00e9rieur IP44.<\/p>\n<p><strong>PACK DE 3 GUIRLANDES<\/strong><\/p>\n<h1 style=\"font-size: 12px;\">Disponible x3 GUIRLANDES STELLA pour les professionnels.<\/h1>\n<p><a href=\"https:\/\/drive.google.com\/drive\/folders\/1i4YfJski27WchHTbTXF6DtqHnEh5Xu8U?usp=sharing\"><strong>Fiche technique<\/strong><\/a>[\/vc_column_text][\/vc_column][\/vc_row][vc_row][vc_column width=\u00a0\u00bb1\/2&Prime;][vc_btn title=\u00a0\u00bbFiche technique\u00a0\u00bb style=\u00a0\u00bbcustom\u00a0\u00bb custom_background=\u00a0\u00bb#009bc2&Prime; custom_text=\u00a0\u00bb#ffffff\u00a0\u00bb link=\u00a0\u00bburl:https%3A%2F%2Fbit.ly%2F3oXVVhE|\u00a0\u00bb][vc_btn title=\u00a0\u00bbFiche technique\u00a0\u00bb style=\u00a0\u00bbcustom\u00a0\u00bb custom_background=\u00a0\u00bb#009bc2&Prime; custom_text=\u00a0\u00bb#ffffff\u00a0\u00bb link=\u00a0\u00bburl:https%3A%2F%2Fbit.ly%2F3zDgNj4|\u00a0\u00bb][\/vc_column][vc_column width=\u00a0\u00bb1\/2&Prime;][vc_btn title=\u00a0\u00bbManuel d&apos;instrutions\u00a0\u00bb style=\u00a0\u00bbcustom\u00a0\u00bb custom_background=\u00a0\u00bb#009bc2&Prime; custom_text=\u00a0\u00bb#ffffff\u00a0\u00bb link=\u00a0\u00bburl:https%3A%2F%2Fbit.ly%2F3A1mB7O|\u00a0\u00bb][vc_btn title=\u00a0\u00bbManuel d&apos;instrutions\u00a0\u00bb style=\u00a0\u00bbcustom\u00a0\u00bb custom_background=\u00a0\u00bb#009bc2&Prime; custom_text=\u00a0\u00bb#ffffff\u00a0\u00bb link=\u00a0\u00bburl:https%3A%2F%2Fbit.ly%2F3pfw5pP|\u00a0\u00bb][\/vc_column][\/vc_row]<\/p>\n<\/section>","protected":false},"excerpt":{"rendered":"<h5>Guirlande Stella<\/h5>\n","protected":false},"featured_media":58505,"template":"","meta":[],"product_cat":[651,1575,752],"product_tag":[],"class_list":{"0":"post-30271","1":"product","2":"type-product","3":"status-publish","4":"has-post-thumbnail","6":"product_cat-lightdeco-fr","7":"product_cat-guirlandes","8":"product_cat-noel","10":"first","11":"instock","12":"taxable","13":"shipping-taxable","14":"purchasable","15":"product-type-variable","16":"has-default-attributes"},"yoast_head":"<!-- This site is optimized with the Yoast SEO plugin v24.2 - https:\/\/yoast.com\/wordpress\/plugins\/seo\/ -->\n<title>GUIRLANDE STELLA EXT\u00c9RIEUR INT\u00c9RIEUR 10 AMPOULES<\/title>\n<meta name=\"description\" content=\"PACK DE 3 GUIRLANDESLa guirlande Stella de chez Newgarden est parfaite pour vos \u00e9v\u00e9nements, vos soir\u00e9es, ou d\u00e9coration type guinguette. Elle est adapt\u00e9e\" \/>\n<meta name=\"robots\" content=\"index, follow, max-snippet:-1, max-image-preview:large, max-video-preview:-1\" \/>\n<link rel=\"canonical\" href=\"https:\/\/newgarden.es\/fr\/shop\/lightdeco-fr\/noel\/stella\/\" \/>\n<meta property=\"og:locale\" content=\"fr_FR\" \/>\n<meta property=\"og:type\" content=\"article\" \/>\n<meta property=\"og:title\" content=\"GUIRLANDE STELLA EXT\u00c9RIEUR INT\u00c9RIEUR 10 AMPOULES\" \/>\n<meta property=\"og:description\" content=\"PACK DE 3 GUIRLANDESLa guirlande Stella de chez Newgarden est parfaite pour vos \u00e9v\u00e9nements, vos soir\u00e9es, ou d\u00e9coration type guinguette. Elle est adapt\u00e9e\" \/>\n<meta property=\"og:url\" content=\"https:\/\/newgarden.es\/fr\/shop\/lightdeco-fr\/noel\/stella\/\" \/>\n<meta property=\"og:site_name\" content=\"Newgarden\" \/>\n<meta property=\"article:modified_time\" content=\"2024-05-29T10:59:18+00:00\" \/>\n<meta property=\"og:image\" content=\"https:\/\/newgarden.es\/wp-content\/uploads\/2019\/10\/STELLA_1200X1200-2-1.jpg\" \/>\n\t<meta property=\"og:image:width\" content=\"1200\" \/>\n\t<meta property=\"og:image:height\" content=\"1200\" \/>\n\t<meta property=\"og:image:type\" content=\"image\/jpeg\" \/>\n<meta name=\"twitter:card\" content=\"summary_large_image\" \/>\n<meta name=\"twitter:label1\" content=\"Dur\u00e9e de lecture estim\u00e9e\" \/>\n\t<meta name=\"twitter:data1\" content=\"1 minute\" \/>\n<script type=\"application\/ld+json\" class=\"yoast-schema-graph\">{\"@context\":\"https:\/\/schema.org\",\"@graph\":[{\"@type\":\"WebPage\",\"@id\":\"https:\/\/newgarden.es\/fr\/shop\/lightdeco-fr\/noel\/stella\/\",\"url\":\"https:\/\/newgarden.es\/fr\/shop\/lightdeco-fr\/noel\/stella\/\",\"name\":\"GUIRLANDE STELLA EXT\u00c9RIEUR INT\u00c9RIEUR 10 AMPOULES\",\"isPartOf\":{\"@id\":\"https:\/\/newgarden.es\/#website\"},\"primaryImageOfPage\":{\"@id\":\"https:\/\/newgarden.es\/fr\/shop\/lightdeco-fr\/noel\/stella\/#primaryimage\"},\"image\":{\"@id\":\"https:\/\/newgarden.es\/fr\/shop\/lightdeco-fr\/noel\/stella\/#primaryimage\"},\"thumbnailUrl\":\"https:\/\/newgarden.es\/wp-content\/uploads\/2019\/10\/STELLA_1200X1200-2-1.jpg\",\"datePublished\":\"2020-08-05T11:14:04+00:00\",\"dateModified\":\"2024-05-29T10:59:18+00:00\",\"description\":\"PACK DE 3 GUIRLANDESLa guirlande Stella de chez Newgarden est parfaite pour vos \u00e9v\u00e9nements, vos soir\u00e9es, ou d\u00e9coration type guinguette. Elle est adapt\u00e9e\",\"breadcrumb\":{\"@id\":\"https:\/\/newgarden.es\/fr\/shop\/lightdeco-fr\/noel\/stella\/#breadcrumb\"},\"inLanguage\":\"fr-FR\",\"potentialAction\":[{\"@type\":\"ReadAction\",\"target\":[\"https:\/\/newgarden.es\/fr\/shop\/lightdeco-fr\/noel\/stella\/\"]}]},{\"@type\":\"ImageObject\",\"inLanguage\":\"fr-FR\",\"@id\":\"https:\/\/newgarden.es\/fr\/shop\/lightdeco-fr\/noel\/stella\/#primaryimage\",\"url\":\"https:\/\/newgarden.es\/wp-content\/uploads\/2019\/10\/STELLA_1200X1200-2-1.jpg\",\"contentUrl\":\"https:\/\/newgarden.es\/wp-content\/uploads\/2019\/10\/STELLA_1200X1200-2-1.jpg\",\"width\":1200,\"height\":1200},{\"@type\":\"BreadcrumbList\",\"@id\":\"https:\/\/newgarden.es\/fr\/shop\/lightdeco-fr\/noel\/stella\/#breadcrumb\",\"itemListElement\":[{\"@type\":\"ListItem\",\"position\":1,\"name\":\"Home\",\"item\":\"https:\/\/newgarden.es\/fr\/\"},{\"@type\":\"ListItem\",\"position\":2,\"name\":\"Boutique\",\"item\":\"https:\/\/newgarden.es\/fr\/boutique\/\"},{\"@type\":\"ListItem\",\"position\":3,\"name\":\"GUIRLANDE D\u00c9CORATIVE STELLA\"}]},{\"@type\":\"WebSite\",\"@id\":\"https:\/\/newgarden.es\/#website\",\"url\":\"https:\/\/newgarden.es\/\",\"name\":\"Newgarden\",\"description\":\"Be happy\",\"potentialAction\":[{\"@type\":\"SearchAction\",\"target\":{\"@type\":\"EntryPoint\",\"urlTemplate\":\"https:\/\/newgarden.es\/?s={search_term_string}\"},\"query-input\":{\"@type\":\"PropertyValueSpecification\",\"valueRequired\":true,\"valueName\":\"search_term_string\"}}],\"inLanguage\":\"fr-FR\"}]}<\/script>\n<!-- \/ Yoast SEO plugin. -->","yoast_head_json":{"title":"GUIRLANDE STELLA EXT\u00c9RIEUR INT\u00c9RIEUR 10 AMPOULES","description":"PACK DE 3 GUIRLANDESLa guirlande Stella de chez Newgarden est parfaite pour vos \u00e9v\u00e9nements, vos soir\u00e9es, ou d\u00e9coration type guinguette. Elle est adapt\u00e9e","robots":{"index":"index","follow":"follow","max-snippet":"max-snippet:-1","max-image-preview":"max-image-preview:large","max-video-preview":"max-video-preview:-1"},"canonical":"https:\/\/newgarden.es\/fr\/shop\/lightdeco-fr\/noel\/stella\/","og_locale":"fr_FR","og_type":"article","og_title":"GUIRLANDE STELLA EXT\u00c9RIEUR INT\u00c9RIEUR 10 AMPOULES","og_description":"PACK DE 3 GUIRLANDESLa guirlande Stella de chez Newgarden est parfaite pour vos \u00e9v\u00e9nements, vos soir\u00e9es, ou d\u00e9coration type guinguette. Elle est adapt\u00e9e","og_url":"https:\/\/newgarden.es\/fr\/shop\/lightdeco-fr\/noel\/stella\/","og_site_name":"Newgarden","article_modified_time":"2024-05-29T10:59:18+00:00","og_image":[{"width":1200,"height":1200,"url":"https:\/\/newgarden.es\/wp-content\/uploads\/2019\/10\/STELLA_1200X1200-2-1.jpg","type":"image\/jpeg"}],"twitter_card":"summary_large_image","twitter_misc":{"Dur\u00e9e de lecture estim\u00e9e":"1 minute"},"schema":{"@context":"https:\/\/schema.org","@graph":[{"@type":"WebPage","@id":"https:\/\/newgarden.es\/fr\/shop\/lightdeco-fr\/noel\/stella\/","url":"https:\/\/newgarden.es\/fr\/shop\/lightdeco-fr\/noel\/stella\/","name":"GUIRLANDE STELLA EXT\u00c9RIEUR INT\u00c9RIEUR 10 AMPOULES","isPartOf":{"@id":"https:\/\/newgarden.es\/#website"},"primaryImageOfPage":{"@id":"https:\/\/newgarden.es\/fr\/shop\/lightdeco-fr\/noel\/stella\/#primaryimage"},"image":{"@id":"https:\/\/newgarden.es\/fr\/shop\/lightdeco-fr\/noel\/stella\/#primaryimage"},"thumbnailUrl":"https:\/\/newgarden.es\/wp-content\/uploads\/2019\/10\/STELLA_1200X1200-2-1.jpg","datePublished":"2020-08-05T11:14:04+00:00","dateModified":"2024-05-29T10:59:18+00:00","description":"PACK DE 3 GUIRLANDESLa guirlande Stella de chez Newgarden est parfaite pour vos \u00e9v\u00e9nements, vos soir\u00e9es, ou d\u00e9coration type guinguette. Elle est adapt\u00e9e","breadcrumb":{"@id":"https:\/\/newgarden.es\/fr\/shop\/lightdeco-fr\/noel\/stella\/#breadcrumb"},"inLanguage":"fr-FR","potentialAction":[{"@type":"ReadAction","target":["https:\/\/newgarden.es\/fr\/shop\/lightdeco-fr\/noel\/stella\/"]}]},{"@type":"ImageObject","inLanguage":"fr-FR","@id":"https:\/\/newgarden.es\/fr\/shop\/lightdeco-fr\/noel\/stella\/#primaryimage","url":"https:\/\/newgarden.es\/wp-content\/uploads\/2019\/10\/STELLA_1200X1200-2-1.jpg","contentUrl":"https:\/\/newgarden.es\/wp-content\/uploads\/2019\/10\/STELLA_1200X1200-2-1.jpg","width":1200,"height":1200},{"@type":"BreadcrumbList","@id":"https:\/\/newgarden.es\/fr\/shop\/lightdeco-fr\/noel\/stella\/#breadcrumb","itemListElement":[{"@type":"ListItem","position":1,"name":"Home","item":"https:\/\/newgarden.es\/fr\/"},{"@type":"ListItem","position":2,"name":"Boutique","item":"https:\/\/newgarden.es\/fr\/boutique\/"},{"@type":"ListItem","position":3,"name":"GUIRLANDE D\u00c9CORATIVE STELLA"}]},{"@type":"WebSite","@id":"https:\/\/newgarden.es\/#website","url":"https:\/\/newgarden.es\/","name":"Newgarden","description":"Be happy","potentialAction":[{"@type":"SearchAction","target":{"@type":"EntryPoint","urlTemplate":"https:\/\/newgarden.es\/?s={search_term_string}"},"query-input":{"@type":"PropertyValueSpecification","valueRequired":true,"valueName":"search_term_string"}}],"inLanguage":"fr-FR"}]}},"df_price":63,"df_sale_price":"","df_regular_price":63,"df_image_link":"https:\/\/newgarden.es\/wp-content\/uploads\/2019\/10\/STELLA_1200X1200-2-1-580x400.jpg","_links":{"self":[{"href":"https:\/\/newgarden.es\/fr\/wp-json\/wp\/v2\/product\/30271"}],"collection":[{"href":"https:\/\/newgarden.es\/fr\/wp-json\/wp\/v2\/product"}],"about":[{"href":"https:\/\/newgarden.es\/fr\/wp-json\/wp\/v2\/types\/product"}],"wp:featuredmedia":[{"embeddable":true,"href":"https:\/\/newgarden.es\/fr\/wp-json\/wp\/v2\/media\/58505"}],"wp:attachment":[{"href":"https:\/\/newgarden.es\/fr\/wp-json\/wp\/v2\/media?parent=30271"}],"wp:term":[{"taxonomy":"product_cat","embeddable":true,"href":"https:\/\/newgarden.es\/fr\/wp-json\/wp\/v2\/product_cat?post=30271"},{"taxonomy":"product_tag","embeddable":true,"href":"https:\/\/newgarden.es\/fr\/wp-json\/wp\/v2\/product_tag?post=30271"}],"curies":[{"name":"wp","href":"https:\/\/api.w.org\/{rel}","templated":true}]}}