{"id":30281,"date":"2019-10-14T10:44:23","date_gmt":"2020-08-05T11:29:54","guid":{"rendered":"https:\/\/newgarden.es\/?post_type=product&#038;p=30281"},"modified":"2024-05-29T12:42:13","modified_gmt":"2024-05-29T10:42:13","slug":"allegra","status":"publish","type":"product","link":"https:\/\/newgarden.es\/fr\/shop\/lightdeco-fr\/noel\/allegra\/","title":{"rendered":"GUIRLANDE ALLEGRA ROSE"},"content":{"rendered":"<section class=\"wpb-content-wrapper\"><p>[vc_row][vc_column][vc_column_text]<strong>GUIRLANDE ALLEGRA ROSE <\/strong><\/p>\n<p>La guirlande ALLEGRA est une des nouveaut\u00e9s NEWGARDEN. Parfaite pour les \u00e9v\u00e9nements et les f\u00eates, elle est \u00e9galement id\u00e9ale pour d\u00e9corer votre maison ainsi que tout coin ext\u00e9rieur, jardin, terrasse, entreprise ou comme d\u00e9coration de No\u00ebl.<\/p>\n<p>Contrairement \u00e0 la majorit\u00e9 des guirlandes sur le march\u00e9, la guirlande Newgarden dispose de 10 ampoules LED int\u00e9gr\u00e9es et non rempla\u00e7ables, ce qui lui conf\u00e8re un design vintage.<\/p>\n<p>Le mod\u00e8le en finition rose est sp\u00e9cialement con\u00e7u pour d\u00e9corer et mettre de l&rsquo;ambiance, m\u00eame lorsque la guirlande n&rsquo;est pas allum\u00e9e, sa couleur est unique !<\/p>\n<p>La guirlande d\u00e9corative Allegra est disponible en 2 finitions : Noir et Rose.<\/p>\n<p>La taille de la guirlande Allegra Design est de 8 m\u00e8tres et il est possible d&rsquo;en assembler jusqu&rsquo;\u00e0 4.[\/vc_column_text][vc_video link=\u00a0\u00bbhttps:\/\/youtu.be\/UIOM3rWcvh0&Prime;][\/vc_column][\/vc_row][vc_row][vc_column width=\u00a0\u00bb1\/2&Prime;][vc_btn title=\u00a0\u00bbFiche technique\u00a0\u00bb style=\u00a0\u00bbcustom\u00a0\u00bb custom_background=\u00a0\u00bb#009bc2&Prime; custom_text=\u00a0\u00bb#ffffff\u00a0\u00bb link=\u00a0\u00bburl:https%3A%2F%2Fbit.ly%2F3OrxpQO|\u00a0\u00bb][\/vc_column][vc_column width=\u00a0\u00bb1\/2&Prime;][vc_btn title=\u00a0\u00bbManuel d&apos;instrutions\u00a0\u00bb style=\u00a0\u00bbcustom\u00a0\u00bb custom_background=\u00a0\u00bb#009bc2&Prime; custom_text=\u00a0\u00bb#ffffff\u00a0\u00bb link=\u00a0\u00bburl:https%3A%2F%2Fbit.ly%2F3zwJWg8|target:%20_blank|\u00a0\u00bb el_class=\u00a0\u00bbbtn_descargar_ficha\u00a0\u00bb][\/vc_column][\/vc_row]<\/p>\n<\/section>","protected":false},"excerpt":{"rendered":"<h5>Guirlande Allegra Rose par c\u00e2ble<\/h5>\n","protected":false},"featured_media":58453,"template":"","meta":[],"product_cat":[651,1575,752],"product_tag":[],"class_list":{"0":"post-30281","1":"product","2":"type-product","3":"status-publish","4":"has-post-thumbnail","6":"product_cat-lightdeco-fr","7":"product_cat-guirlandes","8":"product_cat-noel","10":"first","11":"instock","12":"taxable","13":"shipping-taxable","14":"purchasable","15":"product-type-variable"},"yoast_head":"<!-- This site is optimized with the Yoast SEO plugin v24.2 - https:\/\/yoast.com\/wordpress\/plugins\/seo\/ -->\n<title>GUIRLANDE ALLEGRA ROSE EXT\u00c9RIEUR INT\u00c9RIEUR C\u00c2BLE<\/title>\n<meta name=\"description\" content=\"Guirlande ext\u00e9rieure 10 ampoules Allegra Rose: Guirlande lumineuse d&#039;ext\u00e9rieur led de la collection Allegra, fabriqu\u00e9e par Newgarden, compos\u00e9e d&#039;un cordon\" \/>\n<meta name=\"robots\" content=\"index, follow, max-snippet:-1, max-image-preview:large, max-video-preview:-1\" \/>\n<link rel=\"canonical\" href=\"https:\/\/newgarden.es\/fr\/shop\/lightdeco-fr\/noel\/allegra\/\" \/>\n<meta property=\"og:locale\" content=\"fr_FR\" \/>\n<meta property=\"og:type\" content=\"article\" \/>\n<meta property=\"og:title\" content=\"GUIRLANDE ALLEGRA ROSE EXT\u00c9RIEUR INT\u00c9RIEUR C\u00c2BLE\" \/>\n<meta property=\"og:description\" content=\"Guirlande ext\u00e9rieure 10 ampoules Allegra Rose: Guirlande lumineuse d&#039;ext\u00e9rieur led de la collection Allegra, fabriqu\u00e9e par Newgarden, compos\u00e9e d&#039;un cordon\" \/>\n<meta property=\"og:url\" content=\"https:\/\/newgarden.es\/fr\/shop\/lightdeco-fr\/noel\/allegra\/\" \/>\n<meta property=\"og:site_name\" content=\"Newgarden\" \/>\n<meta property=\"article:modified_time\" content=\"2024-05-29T10:42:13+00:00\" \/>\n<meta property=\"og:image\" content=\"https:\/\/newgarden.es\/wp-content\/uploads\/2019\/10\/ALLEGRA-1200X1200-2.jpg\" \/>\n\t<meta property=\"og:image:width\" content=\"1200\" \/>\n\t<meta property=\"og:image:height\" content=\"1200\" \/>\n\t<meta property=\"og:image:type\" content=\"image\/jpeg\" \/>\n<meta name=\"twitter:card\" content=\"summary_large_image\" \/>\n<meta name=\"twitter:label1\" content=\"Dur\u00e9e de lecture estim\u00e9e\" \/>\n\t<meta name=\"twitter:data1\" content=\"1 minute\" \/>\n<script type=\"application\/ld+json\" class=\"yoast-schema-graph\">{\"@context\":\"https:\/\/schema.org\",\"@graph\":[{\"@type\":\"WebPage\",\"@id\":\"https:\/\/newgarden.es\/fr\/shop\/lightdeco-fr\/noel\/allegra\/\",\"url\":\"https:\/\/newgarden.es\/fr\/shop\/lightdeco-fr\/noel\/allegra\/\",\"name\":\"GUIRLANDE ALLEGRA ROSE EXT\u00c9RIEUR INT\u00c9RIEUR C\u00c2BLE\",\"isPartOf\":{\"@id\":\"https:\/\/newgarden.es\/#website\"},\"primaryImageOfPage\":{\"@id\":\"https:\/\/newgarden.es\/fr\/shop\/lightdeco-fr\/noel\/allegra\/#primaryimage\"},\"image\":{\"@id\":\"https:\/\/newgarden.es\/fr\/shop\/lightdeco-fr\/noel\/allegra\/#primaryimage\"},\"thumbnailUrl\":\"https:\/\/newgarden.es\/wp-content\/uploads\/2019\/10\/ALLEGRA-1200X1200-2.jpg\",\"datePublished\":\"2020-08-05T11:29:54+00:00\",\"dateModified\":\"2024-05-29T10:42:13+00:00\",\"description\":\"Guirlande ext\u00e9rieure 10 ampoules Allegra Rose: Guirlande lumineuse d'ext\u00e9rieur led de la collection Allegra, fabriqu\u00e9e par Newgarden, compos\u00e9e d'un cordon\",\"breadcrumb\":{\"@id\":\"https:\/\/newgarden.es\/fr\/shop\/lightdeco-fr\/noel\/allegra\/#breadcrumb\"},\"inLanguage\":\"fr-FR\",\"potentialAction\":[{\"@type\":\"ReadAction\",\"target\":[\"https:\/\/newgarden.es\/fr\/shop\/lightdeco-fr\/noel\/allegra\/\"]}]},{\"@type\":\"ImageObject\",\"inLanguage\":\"fr-FR\",\"@id\":\"https:\/\/newgarden.es\/fr\/shop\/lightdeco-fr\/noel\/allegra\/#primaryimage\",\"url\":\"https:\/\/newgarden.es\/wp-content\/uploads\/2019\/10\/ALLEGRA-1200X1200-2.jpg\",\"contentUrl\":\"https:\/\/newgarden.es\/wp-content\/uploads\/2019\/10\/ALLEGRA-1200X1200-2.jpg\",\"width\":1200,\"height\":1200},{\"@type\":\"BreadcrumbList\",\"@id\":\"https:\/\/newgarden.es\/fr\/shop\/lightdeco-fr\/noel\/allegra\/#breadcrumb\",\"itemListElement\":[{\"@type\":\"ListItem\",\"position\":1,\"name\":\"Home\",\"item\":\"https:\/\/newgarden.es\/fr\/\"},{\"@type\":\"ListItem\",\"position\":2,\"name\":\"Boutique\",\"item\":\"https:\/\/newgarden.es\/fr\/boutique\/\"},{\"@type\":\"ListItem\",\"position\":3,\"name\":\"GUIRLANDE ALLEGRA ROSE\"}]},{\"@type\":\"WebSite\",\"@id\":\"https:\/\/newgarden.es\/#website\",\"url\":\"https:\/\/newgarden.es\/\",\"name\":\"Newgarden\",\"description\":\"Be happy\",\"potentialAction\":[{\"@type\":\"SearchAction\",\"target\":{\"@type\":\"EntryPoint\",\"urlTemplate\":\"https:\/\/newgarden.es\/?s={search_term_string}\"},\"query-input\":{\"@type\":\"PropertyValueSpecification\",\"valueRequired\":true,\"valueName\":\"search_term_string\"}}],\"inLanguage\":\"fr-FR\"}]}<\/script>\n<!-- \/ Yoast SEO plugin. -->","yoast_head_json":{"title":"GUIRLANDE ALLEGRA ROSE EXT\u00c9RIEUR INT\u00c9RIEUR C\u00c2BLE","description":"Guirlande ext\u00e9rieure 10 ampoules Allegra Rose: Guirlande lumineuse d'ext\u00e9rieur led de la collection Allegra, fabriqu\u00e9e par Newgarden, compos\u00e9e d'un cordon","robots":{"index":"index","follow":"follow","max-snippet":"max-snippet:-1","max-image-preview":"max-image-preview:large","max-video-preview":"max-video-preview:-1"},"canonical":"https:\/\/newgarden.es\/fr\/shop\/lightdeco-fr\/noel\/allegra\/","og_locale":"fr_FR","og_type":"article","og_title":"GUIRLANDE ALLEGRA ROSE EXT\u00c9RIEUR INT\u00c9RIEUR C\u00c2BLE","og_description":"Guirlande ext\u00e9rieure 10 ampoules Allegra Rose: Guirlande lumineuse d'ext\u00e9rieur led de la collection Allegra, fabriqu\u00e9e par Newgarden, compos\u00e9e d'un cordon","og_url":"https:\/\/newgarden.es\/fr\/shop\/lightdeco-fr\/noel\/allegra\/","og_site_name":"Newgarden","article_modified_time":"2024-05-29T10:42:13+00:00","og_image":[{"width":1200,"height":1200,"url":"https:\/\/newgarden.es\/wp-content\/uploads\/2019\/10\/ALLEGRA-1200X1200-2.jpg","type":"image\/jpeg"}],"twitter_card":"summary_large_image","twitter_misc":{"Dur\u00e9e de lecture estim\u00e9e":"1 minute"},"schema":{"@context":"https:\/\/schema.org","@graph":[{"@type":"WebPage","@id":"https:\/\/newgarden.es\/fr\/shop\/lightdeco-fr\/noel\/allegra\/","url":"https:\/\/newgarden.es\/fr\/shop\/lightdeco-fr\/noel\/allegra\/","name":"GUIRLANDE ALLEGRA ROSE EXT\u00c9RIEUR INT\u00c9RIEUR C\u00c2BLE","isPartOf":{"@id":"https:\/\/newgarden.es\/#website"},"primaryImageOfPage":{"@id":"https:\/\/newgarden.es\/fr\/shop\/lightdeco-fr\/noel\/allegra\/#primaryimage"},"image":{"@id":"https:\/\/newgarden.es\/fr\/shop\/lightdeco-fr\/noel\/allegra\/#primaryimage"},"thumbnailUrl":"https:\/\/newgarden.es\/wp-content\/uploads\/2019\/10\/ALLEGRA-1200X1200-2.jpg","datePublished":"2020-08-05T11:29:54+00:00","dateModified":"2024-05-29T10:42:13+00:00","description":"Guirlande ext\u00e9rieure 10 ampoules Allegra Rose: Guirlande lumineuse d'ext\u00e9rieur led de la collection Allegra, fabriqu\u00e9e par Newgarden, compos\u00e9e d'un cordon","breadcrumb":{"@id":"https:\/\/newgarden.es\/fr\/shop\/lightdeco-fr\/noel\/allegra\/#breadcrumb"},"inLanguage":"fr-FR","potentialAction":[{"@type":"ReadAction","target":["https:\/\/newgarden.es\/fr\/shop\/lightdeco-fr\/noel\/allegra\/"]}]},{"@type":"ImageObject","inLanguage":"fr-FR","@id":"https:\/\/newgarden.es\/fr\/shop\/lightdeco-fr\/noel\/allegra\/#primaryimage","url":"https:\/\/newgarden.es\/wp-content\/uploads\/2019\/10\/ALLEGRA-1200X1200-2.jpg","contentUrl":"https:\/\/newgarden.es\/wp-content\/uploads\/2019\/10\/ALLEGRA-1200X1200-2.jpg","width":1200,"height":1200},{"@type":"BreadcrumbList","@id":"https:\/\/newgarden.es\/fr\/shop\/lightdeco-fr\/noel\/allegra\/#breadcrumb","itemListElement":[{"@type":"ListItem","position":1,"name":"Home","item":"https:\/\/newgarden.es\/fr\/"},{"@type":"ListItem","position":2,"name":"Boutique","item":"https:\/\/newgarden.es\/fr\/boutique\/"},{"@type":"ListItem","position":3,"name":"GUIRLANDE ALLEGRA ROSE"}]},{"@type":"WebSite","@id":"https:\/\/newgarden.es\/#website","url":"https:\/\/newgarden.es\/","name":"Newgarden","description":"Be happy","potentialAction":[{"@type":"SearchAction","target":{"@type":"EntryPoint","urlTemplate":"https:\/\/newgarden.es\/?s={search_term_string}"},"query-input":{"@type":"PropertyValueSpecification","valueRequired":true,"valueName":"search_term_string"}}],"inLanguage":"fr-FR"}]}},"df_price":116.1,"df_sale_price":"","df_regular_price":116.1,"df_image_link":"https:\/\/newgarden.es\/wp-content\/uploads\/2019\/10\/ALLEGRA-1200X1200-2-580x400.jpg","_links":{"self":[{"href":"https:\/\/newgarden.es\/fr\/wp-json\/wp\/v2\/product\/30281"}],"collection":[{"href":"https:\/\/newgarden.es\/fr\/wp-json\/wp\/v2\/product"}],"about":[{"href":"https:\/\/newgarden.es\/fr\/wp-json\/wp\/v2\/types\/product"}],"wp:featuredmedia":[{"embeddable":true,"href":"https:\/\/newgarden.es\/fr\/wp-json\/wp\/v2\/media\/58453"}],"wp:attachment":[{"href":"https:\/\/newgarden.es\/fr\/wp-json\/wp\/v2\/media?parent=30281"}],"wp:term":[{"taxonomy":"product_cat","embeddable":true,"href":"https:\/\/newgarden.es\/fr\/wp-json\/wp\/v2\/product_cat?post=30281"},{"taxonomy":"product_tag","embeddable":true,"href":"https:\/\/newgarden.es\/fr\/wp-json\/wp\/v2\/product_tag?post=30281"}],"curies":[{"name":"wp","href":"https:\/\/api.w.org\/{rel}","templated":true}]}}