{"id":30329,"date":"2020-02-13T15:23:22","date_gmt":"2020-08-06T08:13:18","guid":{"rendered":"https:\/\/newgarden.es\/?post_type=product&#038;p=30329"},"modified":"2024-06-06T13:02:35","modified_gmt":"2024-06-06T11:02:35","slug":"panchito-verte","status":"publish","type":"product","link":"https:\/\/newgarden.es\/fr\/shop\/lightdeco-fr\/lampe-a-cote\/panchito-verte\/","title":{"rendered":"CACTUS LUMINEUX EN SILICONE PANCHITO VERT CITRON"},"content":{"rendered":"<section class=\"wpb-content-wrapper\"><p>[vc_row][vc_column][vc_column_text]La l\u00e1mpara de Mesa Panchito, es una de las Novedades de Newgarden. Es ideal para cualquier rinc\u00f3n de tu hogar y habitaciones. Debido a su peque\u00f1o tama\u00f1o es ideal para decorar e iluminar mesas de restaurantes, bares, terrazas, hoteles o y todo tipo negocios.<\/p>\n<p>Caracter\u00edsticas t\u00e9cnicas:<\/p>\n<p>-Tecnolog\u00eda LED<br \/>\n-IP43 Uso exterior e interior<br \/>\n-Bater\u00eda Recargable<br \/>\n-Tama\u00f1o: 20 x 16 cm.<br \/>\n-Acabado Lima<br \/>\n-Luz Blanca[\/vc_column_text][\/vc_column][\/vc_row][vc_row][vc_column width=&#8221;1\/2&#8243;][vc_btn title=&#8221;Fiche technique&#8221; style=&#8221;custom&#8221; custom_background=&#8221;#009bc2&#8243; custom_text=&#8221;#ffffff&#8221; link=&#8221;url:https%3A%2F%2Fbit.ly%2F3xK8ZLI|target:%20_blank|&#8221; el_class=&#8221;btn_descargar_ficha&#8221;][\/vc_column][vc_column width=&#8221;1\/2&#8243;][vc_btn title=&#8221;Manuel d&apos;instrutions&#8221; style=&#8221;custom&#8221; custom_background=&#8221;#009bc2&#8243; custom_text=&#8221;#ffffff&#8221; link=&#8221;url:https%3A%2F%2Fbit.ly%2F3da2zyP|target:%20_blank|&#8221; el_class=&#8221;btn_descargar_ficha&#8221;][\/vc_column][\/vc_row]<\/p>\n<\/section>","protected":false},"excerpt":{"rendered":"<h5>Veilleuse lumineuse forme cactus en silicone Panchito<\/h5>\n","protected":false},"featured_media":62388,"template":"","meta":[],"product_cat":[1695,651,652,1590],"product_tag":[],"class_list":{"0":"post-30329","1":"product","2":"type-product","3":"status-publish","4":"has-post-thumbnail","6":"product_cat-productos-fr","7":"product_cat-lightdeco-fr","8":"product_cat-lampe-a-cote","9":"product_cat-interieur-fr","11":"first","12":"instock","13":"taxable","14":"shipping-taxable","15":"purchasable","16":"product-type-variable"},"yoast_head":"<!-- This site is optimized with the Yoast SEO plugin v24.2 - https:\/\/yoast.com\/wordpress\/plugins\/seo\/ -->\n<title>CACTUS LUMINEUX EN SILICONE PANCHITO VERT CITRON<\/title>\n<meta name=\"description\" content=\"La lampe de table Panchito est l&#039;une des nouveaut\u00e9s de Newgarden. Il est id\u00e9al pour tous les recoins de vos espaces de vie.\" \/>\n<meta name=\"robots\" content=\"index, follow, max-snippet:-1, max-image-preview:large, max-video-preview:-1\" \/>\n<link rel=\"canonical\" href=\"https:\/\/newgarden.es\/fr\/shop\/lightdeco-fr\/lampe-a-cote\/panchito-verte\/\" \/>\n<meta property=\"og:locale\" content=\"fr_FR\" \/>\n<meta property=\"og:type\" content=\"article\" \/>\n<meta property=\"og:title\" content=\"CACTUS LUMINEUX EN SILICONE PANCHITO VERT CITRON\" \/>\n<meta property=\"og:description\" content=\"La lampe de table Panchito est l&#039;une des nouveaut\u00e9s de Newgarden. Il est id\u00e9al pour tous les recoins de vos espaces de vie.\" \/>\n<meta property=\"og:url\" content=\"https:\/\/newgarden.es\/fr\/shop\/lightdeco-fr\/lampe-a-cote\/panchito-verte\/\" \/>\n<meta property=\"og:site_name\" content=\"Newgarden\" \/>\n<meta property=\"article:modified_time\" content=\"2024-06-06T11:02:35+00:00\" \/>\n<meta property=\"og:image\" content=\"https:\/\/newgarden.es\/wp-content\/uploads\/2020\/02\/PANCHITO_1200X1200-2.jpg\" \/>\n\t<meta property=\"og:image:width\" content=\"1200\" \/>\n\t<meta property=\"og:image:height\" content=\"1200\" \/>\n\t<meta property=\"og:image:type\" content=\"image\/jpeg\" \/>\n<meta name=\"twitter:card\" content=\"summary_large_image\" \/>\n<meta name=\"twitter:label1\" content=\"Dur\u00e9e de lecture estim\u00e9e\" \/>\n\t<meta name=\"twitter:data1\" content=\"1 minute\" \/>\n<script type=\"application\/ld+json\" class=\"yoast-schema-graph\">{\"@context\":\"https:\/\/schema.org\",\"@graph\":[{\"@type\":\"WebPage\",\"@id\":\"https:\/\/newgarden.es\/fr\/shop\/lightdeco-fr\/lampe-a-cote\/panchito-verte\/\",\"url\":\"https:\/\/newgarden.es\/fr\/shop\/lightdeco-fr\/lampe-a-cote\/panchito-verte\/\",\"name\":\"CACTUS LUMINEUX EN SILICONE PANCHITO VERT CITRON\",\"isPartOf\":{\"@id\":\"https:\/\/newgarden.es\/#website\"},\"primaryImageOfPage\":{\"@id\":\"https:\/\/newgarden.es\/fr\/shop\/lightdeco-fr\/lampe-a-cote\/panchito-verte\/#primaryimage\"},\"image\":{\"@id\":\"https:\/\/newgarden.es\/fr\/shop\/lightdeco-fr\/lampe-a-cote\/panchito-verte\/#primaryimage\"},\"thumbnailUrl\":\"https:\/\/newgarden.es\/wp-content\/uploads\/2020\/02\/PANCHITO_1200X1200-2.jpg\",\"datePublished\":\"2020-08-06T08:13:18+00:00\",\"dateModified\":\"2024-06-06T11:02:35+00:00\",\"description\":\"La lampe de table Panchito est l'une des nouveaut\u00e9s de Newgarden. Il est id\u00e9al pour tous les recoins de vos espaces de vie.\",\"breadcrumb\":{\"@id\":\"https:\/\/newgarden.es\/fr\/shop\/lightdeco-fr\/lampe-a-cote\/panchito-verte\/#breadcrumb\"},\"inLanguage\":\"fr-FR\",\"potentialAction\":[{\"@type\":\"ReadAction\",\"target\":[\"https:\/\/newgarden.es\/fr\/shop\/lightdeco-fr\/lampe-a-cote\/panchito-verte\/\"]}]},{\"@type\":\"ImageObject\",\"inLanguage\":\"fr-FR\",\"@id\":\"https:\/\/newgarden.es\/fr\/shop\/lightdeco-fr\/lampe-a-cote\/panchito-verte\/#primaryimage\",\"url\":\"https:\/\/newgarden.es\/wp-content\/uploads\/2020\/02\/PANCHITO_1200X1200-2.jpg\",\"contentUrl\":\"https:\/\/newgarden.es\/wp-content\/uploads\/2020\/02\/PANCHITO_1200X1200-2.jpg\",\"width\":1200,\"height\":1200},{\"@type\":\"BreadcrumbList\",\"@id\":\"https:\/\/newgarden.es\/fr\/shop\/lightdeco-fr\/lampe-a-cote\/panchito-verte\/#breadcrumb\",\"itemListElement\":[{\"@type\":\"ListItem\",\"position\":1,\"name\":\"Home\",\"item\":\"https:\/\/newgarden.es\/fr\/\"},{\"@type\":\"ListItem\",\"position\":2,\"name\":\"Boutique\",\"item\":\"https:\/\/newgarden.es\/fr\/boutique\/\"},{\"@type\":\"ListItem\",\"position\":3,\"name\":\"CACTUS LUMINEUX EN SILICONE PANCHITO VERT CITRON\"}]},{\"@type\":\"WebSite\",\"@id\":\"https:\/\/newgarden.es\/#website\",\"url\":\"https:\/\/newgarden.es\/\",\"name\":\"Newgarden\",\"description\":\"Be happy\",\"potentialAction\":[{\"@type\":\"SearchAction\",\"target\":{\"@type\":\"EntryPoint\",\"urlTemplate\":\"https:\/\/newgarden.es\/?s={search_term_string}\"},\"query-input\":{\"@type\":\"PropertyValueSpecification\",\"valueRequired\":true,\"valueName\":\"search_term_string\"}}],\"inLanguage\":\"fr-FR\"}]}<\/script>\n<!-- \/ Yoast SEO plugin. -->","yoast_head_json":{"title":"CACTUS LUMINEUX EN SILICONE PANCHITO VERT CITRON","description":"La lampe de table Panchito est l'une des nouveaut\u00e9s de Newgarden. Il est id\u00e9al pour tous les recoins de vos espaces de vie.","robots":{"index":"index","follow":"follow","max-snippet":"max-snippet:-1","max-image-preview":"max-image-preview:large","max-video-preview":"max-video-preview:-1"},"canonical":"https:\/\/newgarden.es\/fr\/shop\/lightdeco-fr\/lampe-a-cote\/panchito-verte\/","og_locale":"fr_FR","og_type":"article","og_title":"CACTUS LUMINEUX EN SILICONE PANCHITO VERT CITRON","og_description":"La lampe de table Panchito est l'une des nouveaut\u00e9s de Newgarden. Il est id\u00e9al pour tous les recoins de vos espaces de vie.","og_url":"https:\/\/newgarden.es\/fr\/shop\/lightdeco-fr\/lampe-a-cote\/panchito-verte\/","og_site_name":"Newgarden","article_modified_time":"2024-06-06T11:02:35+00:00","og_image":[{"width":1200,"height":1200,"url":"https:\/\/newgarden.es\/wp-content\/uploads\/2020\/02\/PANCHITO_1200X1200-2.jpg","type":"image\/jpeg"}],"twitter_card":"summary_large_image","twitter_misc":{"Dur\u00e9e de lecture estim\u00e9e":"1 minute"},"schema":{"@context":"https:\/\/schema.org","@graph":[{"@type":"WebPage","@id":"https:\/\/newgarden.es\/fr\/shop\/lightdeco-fr\/lampe-a-cote\/panchito-verte\/","url":"https:\/\/newgarden.es\/fr\/shop\/lightdeco-fr\/lampe-a-cote\/panchito-verte\/","name":"CACTUS LUMINEUX EN SILICONE PANCHITO VERT CITRON","isPartOf":{"@id":"https:\/\/newgarden.es\/#website"},"primaryImageOfPage":{"@id":"https:\/\/newgarden.es\/fr\/shop\/lightdeco-fr\/lampe-a-cote\/panchito-verte\/#primaryimage"},"image":{"@id":"https:\/\/newgarden.es\/fr\/shop\/lightdeco-fr\/lampe-a-cote\/panchito-verte\/#primaryimage"},"thumbnailUrl":"https:\/\/newgarden.es\/wp-content\/uploads\/2020\/02\/PANCHITO_1200X1200-2.jpg","datePublished":"2020-08-06T08:13:18+00:00","dateModified":"2024-06-06T11:02:35+00:00","description":"La lampe de table Panchito est l'une des nouveaut\u00e9s de Newgarden. Il est id\u00e9al pour tous les recoins de vos espaces de vie.","breadcrumb":{"@id":"https:\/\/newgarden.es\/fr\/shop\/lightdeco-fr\/lampe-a-cote\/panchito-verte\/#breadcrumb"},"inLanguage":"fr-FR","potentialAction":[{"@type":"ReadAction","target":["https:\/\/newgarden.es\/fr\/shop\/lightdeco-fr\/lampe-a-cote\/panchito-verte\/"]}]},{"@type":"ImageObject","inLanguage":"fr-FR","@id":"https:\/\/newgarden.es\/fr\/shop\/lightdeco-fr\/lampe-a-cote\/panchito-verte\/#primaryimage","url":"https:\/\/newgarden.es\/wp-content\/uploads\/2020\/02\/PANCHITO_1200X1200-2.jpg","contentUrl":"https:\/\/newgarden.es\/wp-content\/uploads\/2020\/02\/PANCHITO_1200X1200-2.jpg","width":1200,"height":1200},{"@type":"BreadcrumbList","@id":"https:\/\/newgarden.es\/fr\/shop\/lightdeco-fr\/lampe-a-cote\/panchito-verte\/#breadcrumb","itemListElement":[{"@type":"ListItem","position":1,"name":"Home","item":"https:\/\/newgarden.es\/fr\/"},{"@type":"ListItem","position":2,"name":"Boutique","item":"https:\/\/newgarden.es\/fr\/boutique\/"},{"@type":"ListItem","position":3,"name":"CACTUS LUMINEUX EN SILICONE PANCHITO VERT CITRON"}]},{"@type":"WebSite","@id":"https:\/\/newgarden.es\/#website","url":"https:\/\/newgarden.es\/","name":"Newgarden","description":"Be happy","potentialAction":[{"@type":"SearchAction","target":{"@type":"EntryPoint","urlTemplate":"https:\/\/newgarden.es\/?s={search_term_string}"},"query-input":{"@type":"PropertyValueSpecification","valueRequired":true,"valueName":"search_term_string"}}],"inLanguage":"fr-FR"}]}},"df_price":66,"df_sale_price":"","df_regular_price":66,"df_image_link":"https:\/\/newgarden.es\/wp-content\/uploads\/2020\/02\/PANCHITO_1200X1200-2-580x400.jpg","_links":{"self":[{"href":"https:\/\/newgarden.es\/fr\/wp-json\/wp\/v2\/product\/30329"}],"collection":[{"href":"https:\/\/newgarden.es\/fr\/wp-json\/wp\/v2\/product"}],"about":[{"href":"https:\/\/newgarden.es\/fr\/wp-json\/wp\/v2\/types\/product"}],"wp:featuredmedia":[{"embeddable":true,"href":"https:\/\/newgarden.es\/fr\/wp-json\/wp\/v2\/media\/62388"}],"wp:attachment":[{"href":"https:\/\/newgarden.es\/fr\/wp-json\/wp\/v2\/media?parent=30329"}],"wp:term":[{"taxonomy":"product_cat","embeddable":true,"href":"https:\/\/newgarden.es\/fr\/wp-json\/wp\/v2\/product_cat?post=30329"},{"taxonomy":"product_tag","embeddable":true,"href":"https:\/\/newgarden.es\/fr\/wp-json\/wp\/v2\/product_tag?post=30329"}],"curies":[{"name":"wp","href":"https:\/\/api.w.org\/{rel}","templated":true}]}}