{"id":31482,"date":"2020-10-08T08:41:26","date_gmt":"2020-10-23T15:33:13","guid":{"rendered":"https:\/\/newgarden.es\/?post_type=product&#038;p=31482"},"modified":"2024-05-29T10:20:52","modified_gmt":"2024-05-29T08:20:52","slug":"guirlande-pallina","status":"publish","type":"product","link":"https:\/\/newgarden.es\/fr\/shop\/lightdeco-fr\/noel\/guirlande-pallina\/","title":{"rendered":"GUIRLANDE PALLINA"},"content":{"rendered":"<section class=\"wpb-content-wrapper\"><p>[vc_row][vc_column][vc_column_text]<b>GUIRLANDE PALLINA<\/b><\/p>\n<p>La guirlande Pallina ne vous laissera pas indiff\u00e9rent. Soigneusement r\u00e9alis\u00e9e en tissu tress\u00e9 avec effet jute et tapis antichocs, la guirlande Pallina deviendra un must dans votre maison, non seulement \u00e0 No\u00ebl, mais toute l&rsquo;ann\u00e9e. Sans installation et s&rsquo;adaptant \u00e0 tous types d&rsquo;environnements, vous pouvez l&rsquo;utiliser aussi bien \u00e0 l&rsquo;int\u00e9rieur qu&rsquo;\u00e0 l&rsquo;ext\u00e9rieur. IP44. 10 ampoules LED int\u00e9gr\u00e9es.<\/p>\n<p>&nbsp;<br \/>\n[\/vc_column_text][\/vc_column][\/vc_row][vc_row][vc_column width=\u00a0\u00bb1\/2&Prime;][vc_btn title=\u00a0\u00bbFiche technique\u00a0\u00bb style=\u00a0\u00bbcustom\u00a0\u00bb custom_background=\u00a0\u00bb#009bc2&Prime; custom_text=\u00a0\u00bb#ffffff\u00a0\u00bb link=\u00a0\u00bburl:https%3A%2F%2Fbit.ly%2F3tPdLGK|\u00a0\u00bb][\/vc_column][vc_column width=\u00a0\u00bb1\/2&Prime;][vc_btn title=\u00a0\u00bbManuel d&apos;instrutions\u00a0\u00bb style=\u00a0\u00bbcustom\u00a0\u00bb custom_background=\u00a0\u00bb#009bc2&Prime; custom_text=\u00a0\u00bb#ffffff\u00a0\u00bb link=\u00a0\u00bburl:https%3A%2F%2Fbit.ly%2F39DLYBY|\u00a0\u00bb][\/vc_column][\/vc_row]<\/p>\n<\/section>","protected":false},"excerpt":{"rendered":"<h5><strong>Guirlande d\u00e9corative Pallina<\/strong><\/h5>\n","protected":false},"featured_media":58346,"template":"","meta":[],"product_cat":[651,1575,1223,752],"product_tag":[],"class_list":{"0":"post-31482","1":"product","2":"type-product","3":"status-publish","4":"has-post-thumbnail","6":"product_cat-lightdeco-fr","7":"product_cat-guirlandes","8":"product_cat-interieur","9":"product_cat-noel","11":"first","12":"instock","13":"taxable","14":"shipping-taxable","15":"purchasable","16":"product-type-variable"},"yoast_head":"<!-- This site is optimized with the Yoast SEO plugin v24.2 - https:\/\/yoast.com\/wordpress\/plugins\/seo\/ -->\n<title>GUIRLANDE PALLINA 10 AMPOULES LEDS INCLUS<\/title>\n<meta name=\"description\" content=\"La guirlande PALLINA est l&#039;une des nouveaut\u00e9s de NEWGARDEN. R\u00e9alis\u00e9 en tissu tress\u00e9 avec un effet jute, il sera un incontournable de votre int\u00e9rieur.\" \/>\n<meta name=\"robots\" content=\"index, follow, max-snippet:-1, max-image-preview:large, max-video-preview:-1\" \/>\n<link rel=\"canonical\" href=\"https:\/\/newgarden.es\/fr\/shop\/lightdeco-fr\/noel\/guirlande-pallina\/\" \/>\n<meta property=\"og:locale\" content=\"fr_FR\" \/>\n<meta property=\"og:type\" content=\"article\" \/>\n<meta property=\"og:title\" content=\"GUIRLANDE PALLINA 10 AMPOULES LEDS INCLUS\" \/>\n<meta property=\"og:description\" content=\"La guirlande PALLINA est l&#039;une des nouveaut\u00e9s de NEWGARDEN. R\u00e9alis\u00e9 en tissu tress\u00e9 avec un effet jute, il sera un incontournable de votre int\u00e9rieur.\" \/>\n<meta property=\"og:url\" content=\"https:\/\/newgarden.es\/fr\/shop\/lightdeco-fr\/noel\/guirlande-pallina\/\" \/>\n<meta property=\"og:site_name\" content=\"Newgarden\" \/>\n<meta property=\"article:modified_time\" content=\"2024-05-29T08:20:52+00:00\" \/>\n<meta property=\"og:image\" content=\"https:\/\/newgarden.es\/wp-content\/uploads\/2020\/10\/PALLINA_1200X1200-2.jpg\" \/>\n\t<meta property=\"og:image:width\" content=\"1200\" \/>\n\t<meta property=\"og:image:height\" content=\"1200\" \/>\n\t<meta property=\"og:image:type\" content=\"image\/jpeg\" \/>\n<meta name=\"twitter:card\" content=\"summary_large_image\" \/>\n<meta name=\"twitter:label1\" content=\"Dur\u00e9e de lecture estim\u00e9e\" \/>\n\t<meta name=\"twitter:data1\" content=\"1 minute\" \/>\n<script type=\"application\/ld+json\" class=\"yoast-schema-graph\">{\"@context\":\"https:\/\/schema.org\",\"@graph\":[{\"@type\":\"WebPage\",\"@id\":\"https:\/\/newgarden.es\/fr\/shop\/lightdeco-fr\/noel\/guirlande-pallina\/\",\"url\":\"https:\/\/newgarden.es\/fr\/shop\/lightdeco-fr\/noel\/guirlande-pallina\/\",\"name\":\"GUIRLANDE PALLINA 10 AMPOULES LEDS INCLUS\",\"isPartOf\":{\"@id\":\"https:\/\/newgarden.es\/#website\"},\"primaryImageOfPage\":{\"@id\":\"https:\/\/newgarden.es\/fr\/shop\/lightdeco-fr\/noel\/guirlande-pallina\/#primaryimage\"},\"image\":{\"@id\":\"https:\/\/newgarden.es\/fr\/shop\/lightdeco-fr\/noel\/guirlande-pallina\/#primaryimage\"},\"thumbnailUrl\":\"https:\/\/newgarden.es\/wp-content\/uploads\/2020\/10\/PALLINA_1200X1200-2.jpg\",\"datePublished\":\"2020-10-23T15:33:13+00:00\",\"dateModified\":\"2024-05-29T08:20:52+00:00\",\"description\":\"La guirlande PALLINA est l'une des nouveaut\u00e9s de NEWGARDEN. R\u00e9alis\u00e9 en tissu tress\u00e9 avec un effet jute, il sera un incontournable de votre int\u00e9rieur.\",\"breadcrumb\":{\"@id\":\"https:\/\/newgarden.es\/fr\/shop\/lightdeco-fr\/noel\/guirlande-pallina\/#breadcrumb\"},\"inLanguage\":\"fr-FR\",\"potentialAction\":[{\"@type\":\"ReadAction\",\"target\":[\"https:\/\/newgarden.es\/fr\/shop\/lightdeco-fr\/noel\/guirlande-pallina\/\"]}]},{\"@type\":\"ImageObject\",\"inLanguage\":\"fr-FR\",\"@id\":\"https:\/\/newgarden.es\/fr\/shop\/lightdeco-fr\/noel\/guirlande-pallina\/#primaryimage\",\"url\":\"https:\/\/newgarden.es\/wp-content\/uploads\/2020\/10\/PALLINA_1200X1200-2.jpg\",\"contentUrl\":\"https:\/\/newgarden.es\/wp-content\/uploads\/2020\/10\/PALLINA_1200X1200-2.jpg\",\"width\":1200,\"height\":1200},{\"@type\":\"BreadcrumbList\",\"@id\":\"https:\/\/newgarden.es\/fr\/shop\/lightdeco-fr\/noel\/guirlande-pallina\/#breadcrumb\",\"itemListElement\":[{\"@type\":\"ListItem\",\"position\":1,\"name\":\"Home\",\"item\":\"https:\/\/newgarden.es\/fr\/\"},{\"@type\":\"ListItem\",\"position\":2,\"name\":\"Boutique\",\"item\":\"https:\/\/newgarden.es\/fr\/boutique\/\"},{\"@type\":\"ListItem\",\"position\":3,\"name\":\"GUIRLANDE PALLINA\"}]},{\"@type\":\"WebSite\",\"@id\":\"https:\/\/newgarden.es\/#website\",\"url\":\"https:\/\/newgarden.es\/\",\"name\":\"Newgarden\",\"description\":\"Be happy\",\"potentialAction\":[{\"@type\":\"SearchAction\",\"target\":{\"@type\":\"EntryPoint\",\"urlTemplate\":\"https:\/\/newgarden.es\/?s={search_term_string}\"},\"query-input\":{\"@type\":\"PropertyValueSpecification\",\"valueRequired\":true,\"valueName\":\"search_term_string\"}}],\"inLanguage\":\"fr-FR\"}]}<\/script>\n<!-- \/ Yoast SEO plugin. -->","yoast_head_json":{"title":"GUIRLANDE PALLINA 10 AMPOULES LEDS INCLUS","description":"La guirlande PALLINA est l'une des nouveaut\u00e9s de NEWGARDEN. R\u00e9alis\u00e9 en tissu tress\u00e9 avec un effet jute, il sera un incontournable de votre int\u00e9rieur.","robots":{"index":"index","follow":"follow","max-snippet":"max-snippet:-1","max-image-preview":"max-image-preview:large","max-video-preview":"max-video-preview:-1"},"canonical":"https:\/\/newgarden.es\/fr\/shop\/lightdeco-fr\/noel\/guirlande-pallina\/","og_locale":"fr_FR","og_type":"article","og_title":"GUIRLANDE PALLINA 10 AMPOULES LEDS INCLUS","og_description":"La guirlande PALLINA est l'une des nouveaut\u00e9s de NEWGARDEN. R\u00e9alis\u00e9 en tissu tress\u00e9 avec un effet jute, il sera un incontournable de votre int\u00e9rieur.","og_url":"https:\/\/newgarden.es\/fr\/shop\/lightdeco-fr\/noel\/guirlande-pallina\/","og_site_name":"Newgarden","article_modified_time":"2024-05-29T08:20:52+00:00","og_image":[{"width":1200,"height":1200,"url":"https:\/\/newgarden.es\/wp-content\/uploads\/2020\/10\/PALLINA_1200X1200-2.jpg","type":"image\/jpeg"}],"twitter_card":"summary_large_image","twitter_misc":{"Dur\u00e9e de lecture estim\u00e9e":"1 minute"},"schema":{"@context":"https:\/\/schema.org","@graph":[{"@type":"WebPage","@id":"https:\/\/newgarden.es\/fr\/shop\/lightdeco-fr\/noel\/guirlande-pallina\/","url":"https:\/\/newgarden.es\/fr\/shop\/lightdeco-fr\/noel\/guirlande-pallina\/","name":"GUIRLANDE PALLINA 10 AMPOULES LEDS INCLUS","isPartOf":{"@id":"https:\/\/newgarden.es\/#website"},"primaryImageOfPage":{"@id":"https:\/\/newgarden.es\/fr\/shop\/lightdeco-fr\/noel\/guirlande-pallina\/#primaryimage"},"image":{"@id":"https:\/\/newgarden.es\/fr\/shop\/lightdeco-fr\/noel\/guirlande-pallina\/#primaryimage"},"thumbnailUrl":"https:\/\/newgarden.es\/wp-content\/uploads\/2020\/10\/PALLINA_1200X1200-2.jpg","datePublished":"2020-10-23T15:33:13+00:00","dateModified":"2024-05-29T08:20:52+00:00","description":"La guirlande PALLINA est l'une des nouveaut\u00e9s de NEWGARDEN. R\u00e9alis\u00e9 en tissu tress\u00e9 avec un effet jute, il sera un incontournable de votre int\u00e9rieur.","breadcrumb":{"@id":"https:\/\/newgarden.es\/fr\/shop\/lightdeco-fr\/noel\/guirlande-pallina\/#breadcrumb"},"inLanguage":"fr-FR","potentialAction":[{"@type":"ReadAction","target":["https:\/\/newgarden.es\/fr\/shop\/lightdeco-fr\/noel\/guirlande-pallina\/"]}]},{"@type":"ImageObject","inLanguage":"fr-FR","@id":"https:\/\/newgarden.es\/fr\/shop\/lightdeco-fr\/noel\/guirlande-pallina\/#primaryimage","url":"https:\/\/newgarden.es\/wp-content\/uploads\/2020\/10\/PALLINA_1200X1200-2.jpg","contentUrl":"https:\/\/newgarden.es\/wp-content\/uploads\/2020\/10\/PALLINA_1200X1200-2.jpg","width":1200,"height":1200},{"@type":"BreadcrumbList","@id":"https:\/\/newgarden.es\/fr\/shop\/lightdeco-fr\/noel\/guirlande-pallina\/#breadcrumb","itemListElement":[{"@type":"ListItem","position":1,"name":"Home","item":"https:\/\/newgarden.es\/fr\/"},{"@type":"ListItem","position":2,"name":"Boutique","item":"https:\/\/newgarden.es\/fr\/boutique\/"},{"@type":"ListItem","position":3,"name":"GUIRLANDE PALLINA"}]},{"@type":"WebSite","@id":"https:\/\/newgarden.es\/#website","url":"https:\/\/newgarden.es\/","name":"Newgarden","description":"Be happy","potentialAction":[{"@type":"SearchAction","target":{"@type":"EntryPoint","urlTemplate":"https:\/\/newgarden.es\/?s={search_term_string}"},"query-input":{"@type":"PropertyValueSpecification","valueRequired":true,"valueName":"search_term_string"}}],"inLanguage":"fr-FR"}]}},"df_price":56.4,"df_sale_price":"","df_regular_price":56.4,"df_image_link":"https:\/\/newgarden.es\/wp-content\/uploads\/2020\/10\/PALLINA_1200X1200-2-580x400.jpg","_links":{"self":[{"href":"https:\/\/newgarden.es\/fr\/wp-json\/wp\/v2\/product\/31482"}],"collection":[{"href":"https:\/\/newgarden.es\/fr\/wp-json\/wp\/v2\/product"}],"about":[{"href":"https:\/\/newgarden.es\/fr\/wp-json\/wp\/v2\/types\/product"}],"wp:featuredmedia":[{"embeddable":true,"href":"https:\/\/newgarden.es\/fr\/wp-json\/wp\/v2\/media\/58346"}],"wp:attachment":[{"href":"https:\/\/newgarden.es\/fr\/wp-json\/wp\/v2\/media?parent=31482"}],"wp:term":[{"taxonomy":"product_cat","embeddable":true,"href":"https:\/\/newgarden.es\/fr\/wp-json\/wp\/v2\/product_cat?post=31482"},{"taxonomy":"product_tag","embeddable":true,"href":"https:\/\/newgarden.es\/fr\/wp-json\/wp\/v2\/product_tag?post=31482"}],"curies":[{"name":"wp","href":"https:\/\/api.w.org\/{rel}","templated":true}]}}