{"id":32007,"date":"2021-02-02T09:22:10","date_gmt":"2021-02-02T08:22:11","guid":{"rendered":"https:\/\/newgarden.es\/?post_type=product&#038;p=32007"},"modified":"2022-01-31T12:59:38","modified_gmt":"2022-01-31T11:59:38","slug":"lampadaire-a-arc-sans-fil-niza","status":"publish","type":"product","link":"https:\/\/newgarden.es\/fr\/shop\/lightdeco-fr\/lampadaire\/lampadaire-a-arc-sans-fil-niza\/","title":{"rendered":"LAMPADAIRE \u00c0 ARC SANS FIL NIZA"},"content":{"rendered":"<section class=\"wpb-content-wrapper\"><p>[vc_row][vc_column][vc_column_text][\/vc_column_text][\/vc_column][\/vc_row][vc_row][vc_column][vc_column_text]LAMPADAIRE \u00c0 ARC SANS FIL<strong> NIZA<\/strong><\/p>\n<p>Niza est un lampadaire qui n&rsquo;a pas besoin de c\u00e2bles. Son corps en m\u00e9tal laqu\u00e9 noir atteint une hauteur maximale de 230 cm, ce qui en fait en un lampadaire \u00e0 arc id\u00e9al pour tout espace de jardin. Son abat-jour est tress\u00e9 \u00e0 la main \u00e0 partir de fibres naturelles et poss\u00e8de un diam\u00e8tre de 80 cm.<\/p>\n<p>Le lampadaire <strong>Niza<\/strong> comprend \u00e9galement un accessoire permettant d&rsquo;installer l&rsquo;arche sup\u00e9rieure sur un mur comme une applique, c&rsquo;est donc 2 lampes en 1.<\/p>\n<p>Elle poss\u00e8de une ampoule portable rechargeable de <span style=\"text-decoration: underline;\">900 lumens<\/span> qui n\u00e9cessite aucune installation, il suffit de l&rsquo;approcher de la lampe et elle adh\u00e9rera gr\u00e2ce \u00e0 sa base magn\u00e9tique. Cette ampoule comprend \u00e9galement une t\u00e9l\u00e9commande permettant de l&rsquo;allumer, de l&rsquo;\u00e9teindre et de r\u00e9gler son intensit\u00e9 de lumi\u00e8re.<\/p>\n<ul>\n<li class=\"name\"><strong>TAILLE<br \/>\n<\/strong>\u00f880 x 155 x 230 cm<\/li>\n<\/ul>\n<p>[\/vc_column_text][vc_video link=\u00a0\u00bbhttps:\/\/youtu.be\/-WRZkNVJjs4&Prime;][\/vc_column][\/vc_row][vc_row][vc_column width=\u00a0\u00bb1\/2&Prime;][vc_btn title=\u00a0\u00bbFiche technique\u00a0\u00bb style=\u00a0\u00bbcustom\u00a0\u00bb custom_background=\u00a0\u00bb#009bc2&Prime; custom_text=\u00a0\u00bb#ffffff\u00a0\u00bb shape=\u00a0\u00bbsquare\u00a0\u00bb el_class=\u00a0\u00bbbtn_descargar_ficha\u00a0\u00bb link=\u00a0\u00bburl:https%3A%2F%2Fdrive.google.com%2Fdrive%2Ffolders%2F1JM46lDVOIiF4WxyhECQlVAeIVQDV2X-V|target:%20_blank|\u00a0\u00bb][\/vc_column][vc_column width=\u00a0\u00bb1\/2&Prime;][vc_btn title=\u00a0\u00bbManuel d&rsquo;instrutions\u00a0\u00bb style=\u00a0\u00bbcustom\u00a0\u00bb custom_background=\u00a0\u00bb#009bc2&Prime; custom_text=\u00a0\u00bb#ffffff\u00a0\u00bb shape=\u00a0\u00bbsquare\u00a0\u00bb el_class=\u00a0\u00bbbtn_descargar_ficha\u00a0\u00bb link=\u00a0\u00bbtarget:%20_blank|\u00a0\u00bb][\/vc_column][\/vc_row]<\/p>\n<\/section>","protected":false},"excerpt":{"rendered":"<h5><strong>Lampadaire \u00e0 arc sans fil Niza<\/strong><\/h5>\n","protected":false},"featured_media":53648,"template":"","meta":[],"product_cat":[1695,651,654],"product_tag":[653,707],"class_list":{"0":"post-32007","1":"product","2":"type-product","3":"status-publish","4":"has-post-thumbnail","6":"product_cat-productos-fr","7":"product_cat-lightdeco-fr","8":"product_cat-lampadaire","9":"product_tag-batterie","10":"product_tag-sans-fil","12":"first","13":"instock","14":"taxable","15":"shipping-taxable","16":"purchasable","17":"product-type-variable","18":"has-default-attributes"},"yoast_head":"<!-- This site is optimized with the Yoast SEO plugin v24.2 - https:\/\/yoast.com\/wordpress\/plugins\/seo\/ -->\n<title>LAMPADAIRE \u00c0 ARC SANS FIL NIZA BATTERIE RECHARGEABLE<\/title>\n<meta name=\"description\" content=\"Niza est un lampadaire qui n&#039;a pas besoin de c\u00e2bles. Son corps en m\u00e9tal laqu\u00e9 noir atteint une hauteur maximale de 230 cm, ce qui en fait en un lampadaire\" \/>\n<meta name=\"robots\" content=\"index, follow, max-snippet:-1, max-image-preview:large, max-video-preview:-1\" \/>\n<link rel=\"canonical\" href=\"https:\/\/newgarden.es\/fr\/shop\/lightdeco-fr\/lampadaire\/lampadaire-a-arc-sans-fil-niza\/\" \/>\n<meta property=\"og:locale\" content=\"fr_FR\" \/>\n<meta property=\"og:type\" content=\"article\" \/>\n<meta property=\"og:title\" content=\"LAMPADAIRE \u00c0 ARC SANS FIL NIZA BATTERIE RECHARGEABLE\" \/>\n<meta property=\"og:description\" content=\"Niza est un lampadaire qui n&#039;a pas besoin de c\u00e2bles. Son corps en m\u00e9tal laqu\u00e9 noir atteint une hauteur maximale de 230 cm, ce qui en fait en un lampadaire\" \/>\n<meta property=\"og:url\" content=\"https:\/\/newgarden.es\/fr\/shop\/lightdeco-fr\/lampadaire\/lampadaire-a-arc-sans-fil-niza\/\" \/>\n<meta property=\"og:site_name\" content=\"Newgarden\" \/>\n<meta property=\"article:modified_time\" content=\"2022-01-31T11:59:38+00:00\" \/>\n<meta property=\"og:image\" content=\"https:\/\/newgarden.es\/wp-content\/uploads\/2021\/02\/NIZA_230_BATTERY_1200X1200-5.jpg\" \/>\n\t<meta property=\"og:image:width\" content=\"1200\" \/>\n\t<meta property=\"og:image:height\" content=\"1200\" \/>\n\t<meta property=\"og:image:type\" content=\"image\/jpeg\" \/>\n<meta name=\"twitter:card\" content=\"summary_large_image\" \/>\n<meta name=\"twitter:label1\" content=\"Dur\u00e9e de lecture estim\u00e9e\" \/>\n\t<meta name=\"twitter:data1\" content=\"1 minute\" \/>\n<script type=\"application\/ld+json\" class=\"yoast-schema-graph\">{\"@context\":\"https:\/\/schema.org\",\"@graph\":[{\"@type\":\"WebPage\",\"@id\":\"https:\/\/newgarden.es\/fr\/shop\/lightdeco-fr\/lampadaire\/lampadaire-a-arc-sans-fil-niza\/\",\"url\":\"https:\/\/newgarden.es\/fr\/shop\/lightdeco-fr\/lampadaire\/lampadaire-a-arc-sans-fil-niza\/\",\"name\":\"LAMPADAIRE \u00c0 ARC SANS FIL NIZA BATTERIE RECHARGEABLE\",\"isPartOf\":{\"@id\":\"https:\/\/newgarden.es\/#website\"},\"primaryImageOfPage\":{\"@id\":\"https:\/\/newgarden.es\/fr\/shop\/lightdeco-fr\/lampadaire\/lampadaire-a-arc-sans-fil-niza\/#primaryimage\"},\"image\":{\"@id\":\"https:\/\/newgarden.es\/fr\/shop\/lightdeco-fr\/lampadaire\/lampadaire-a-arc-sans-fil-niza\/#primaryimage\"},\"thumbnailUrl\":\"https:\/\/newgarden.es\/wp-content\/uploads\/2021\/02\/NIZA_230_BATTERY_1200X1200-5.jpg\",\"datePublished\":\"2021-02-02T08:22:11+00:00\",\"dateModified\":\"2022-01-31T11:59:38+00:00\",\"description\":\"Niza est un lampadaire qui n'a pas besoin de c\u00e2bles. Son corps en m\u00e9tal laqu\u00e9 noir atteint une hauteur maximale de 230 cm, ce qui en fait en un lampadaire\",\"breadcrumb\":{\"@id\":\"https:\/\/newgarden.es\/fr\/shop\/lightdeco-fr\/lampadaire\/lampadaire-a-arc-sans-fil-niza\/#breadcrumb\"},\"inLanguage\":\"fr-FR\",\"potentialAction\":[{\"@type\":\"ReadAction\",\"target\":[\"https:\/\/newgarden.es\/fr\/shop\/lightdeco-fr\/lampadaire\/lampadaire-a-arc-sans-fil-niza\/\"]}]},{\"@type\":\"ImageObject\",\"inLanguage\":\"fr-FR\",\"@id\":\"https:\/\/newgarden.es\/fr\/shop\/lightdeco-fr\/lampadaire\/lampadaire-a-arc-sans-fil-niza\/#primaryimage\",\"url\":\"https:\/\/newgarden.es\/wp-content\/uploads\/2021\/02\/NIZA_230_BATTERY_1200X1200-5.jpg\",\"contentUrl\":\"https:\/\/newgarden.es\/wp-content\/uploads\/2021\/02\/NIZA_230_BATTERY_1200X1200-5.jpg\",\"width\":1200,\"height\":1200},{\"@type\":\"BreadcrumbList\",\"@id\":\"https:\/\/newgarden.es\/fr\/shop\/lightdeco-fr\/lampadaire\/lampadaire-a-arc-sans-fil-niza\/#breadcrumb\",\"itemListElement\":[{\"@type\":\"ListItem\",\"position\":1,\"name\":\"Home\",\"item\":\"https:\/\/newgarden.es\/fr\/\"},{\"@type\":\"ListItem\",\"position\":2,\"name\":\"Boutique\",\"item\":\"https:\/\/newgarden.es\/fr\/boutique\/\"},{\"@type\":\"ListItem\",\"position\":3,\"name\":\"LAMPADAIRE \u00c0 ARC SANS FIL NIZA\"}]},{\"@type\":\"WebSite\",\"@id\":\"https:\/\/newgarden.es\/#website\",\"url\":\"https:\/\/newgarden.es\/\",\"name\":\"Newgarden\",\"description\":\"Be happy\",\"potentialAction\":[{\"@type\":\"SearchAction\",\"target\":{\"@type\":\"EntryPoint\",\"urlTemplate\":\"https:\/\/newgarden.es\/?s={search_term_string}\"},\"query-input\":{\"@type\":\"PropertyValueSpecification\",\"valueRequired\":true,\"valueName\":\"search_term_string\"}}],\"inLanguage\":\"fr-FR\"}]}<\/script>\n<!-- \/ Yoast SEO plugin. -->","yoast_head_json":{"title":"LAMPADAIRE \u00c0 ARC SANS FIL NIZA BATTERIE RECHARGEABLE","description":"Niza est un lampadaire qui n'a pas besoin de c\u00e2bles. Son corps en m\u00e9tal laqu\u00e9 noir atteint une hauteur maximale de 230 cm, ce qui en fait en un lampadaire","robots":{"index":"index","follow":"follow","max-snippet":"max-snippet:-1","max-image-preview":"max-image-preview:large","max-video-preview":"max-video-preview:-1"},"canonical":"https:\/\/newgarden.es\/fr\/shop\/lightdeco-fr\/lampadaire\/lampadaire-a-arc-sans-fil-niza\/","og_locale":"fr_FR","og_type":"article","og_title":"LAMPADAIRE \u00c0 ARC SANS FIL NIZA BATTERIE RECHARGEABLE","og_description":"Niza est un lampadaire qui n'a pas besoin de c\u00e2bles. Son corps en m\u00e9tal laqu\u00e9 noir atteint une hauteur maximale de 230 cm, ce qui en fait en un lampadaire","og_url":"https:\/\/newgarden.es\/fr\/shop\/lightdeco-fr\/lampadaire\/lampadaire-a-arc-sans-fil-niza\/","og_site_name":"Newgarden","article_modified_time":"2022-01-31T11:59:38+00:00","og_image":[{"width":1200,"height":1200,"url":"https:\/\/newgarden.es\/wp-content\/uploads\/2021\/02\/NIZA_230_BATTERY_1200X1200-5.jpg","type":"image\/jpeg"}],"twitter_card":"summary_large_image","twitter_misc":{"Dur\u00e9e de lecture estim\u00e9e":"1 minute"},"schema":{"@context":"https:\/\/schema.org","@graph":[{"@type":"WebPage","@id":"https:\/\/newgarden.es\/fr\/shop\/lightdeco-fr\/lampadaire\/lampadaire-a-arc-sans-fil-niza\/","url":"https:\/\/newgarden.es\/fr\/shop\/lightdeco-fr\/lampadaire\/lampadaire-a-arc-sans-fil-niza\/","name":"LAMPADAIRE \u00c0 ARC SANS FIL NIZA BATTERIE RECHARGEABLE","isPartOf":{"@id":"https:\/\/newgarden.es\/#website"},"primaryImageOfPage":{"@id":"https:\/\/newgarden.es\/fr\/shop\/lightdeco-fr\/lampadaire\/lampadaire-a-arc-sans-fil-niza\/#primaryimage"},"image":{"@id":"https:\/\/newgarden.es\/fr\/shop\/lightdeco-fr\/lampadaire\/lampadaire-a-arc-sans-fil-niza\/#primaryimage"},"thumbnailUrl":"https:\/\/newgarden.es\/wp-content\/uploads\/2021\/02\/NIZA_230_BATTERY_1200X1200-5.jpg","datePublished":"2021-02-02T08:22:11+00:00","dateModified":"2022-01-31T11:59:38+00:00","description":"Niza est un lampadaire qui n'a pas besoin de c\u00e2bles. Son corps en m\u00e9tal laqu\u00e9 noir atteint une hauteur maximale de 230 cm, ce qui en fait en un lampadaire","breadcrumb":{"@id":"https:\/\/newgarden.es\/fr\/shop\/lightdeco-fr\/lampadaire\/lampadaire-a-arc-sans-fil-niza\/#breadcrumb"},"inLanguage":"fr-FR","potentialAction":[{"@type":"ReadAction","target":["https:\/\/newgarden.es\/fr\/shop\/lightdeco-fr\/lampadaire\/lampadaire-a-arc-sans-fil-niza\/"]}]},{"@type":"ImageObject","inLanguage":"fr-FR","@id":"https:\/\/newgarden.es\/fr\/shop\/lightdeco-fr\/lampadaire\/lampadaire-a-arc-sans-fil-niza\/#primaryimage","url":"https:\/\/newgarden.es\/wp-content\/uploads\/2021\/02\/NIZA_230_BATTERY_1200X1200-5.jpg","contentUrl":"https:\/\/newgarden.es\/wp-content\/uploads\/2021\/02\/NIZA_230_BATTERY_1200X1200-5.jpg","width":1200,"height":1200},{"@type":"BreadcrumbList","@id":"https:\/\/newgarden.es\/fr\/shop\/lightdeco-fr\/lampadaire\/lampadaire-a-arc-sans-fil-niza\/#breadcrumb","itemListElement":[{"@type":"ListItem","position":1,"name":"Home","item":"https:\/\/newgarden.es\/fr\/"},{"@type":"ListItem","position":2,"name":"Boutique","item":"https:\/\/newgarden.es\/fr\/boutique\/"},{"@type":"ListItem","position":3,"name":"LAMPADAIRE \u00c0 ARC SANS FIL NIZA"}]},{"@type":"WebSite","@id":"https:\/\/newgarden.es\/#website","url":"https:\/\/newgarden.es\/","name":"Newgarden","description":"Be happy","potentialAction":[{"@type":"SearchAction","target":{"@type":"EntryPoint","urlTemplate":"https:\/\/newgarden.es\/?s={search_term_string}"},"query-input":{"@type":"PropertyValueSpecification","valueRequired":true,"valueName":"search_term_string"}}],"inLanguage":"fr-FR"}]}},"df_price":319,"df_sale_price":"","df_regular_price":319,"df_image_link":"https:\/\/newgarden.es\/wp-content\/uploads\/2021\/02\/NIZA_230_BATTERY_1200X1200-5-580x400.jpg","_links":{"self":[{"href":"https:\/\/newgarden.es\/fr\/wp-json\/wp\/v2\/product\/32007"}],"collection":[{"href":"https:\/\/newgarden.es\/fr\/wp-json\/wp\/v2\/product"}],"about":[{"href":"https:\/\/newgarden.es\/fr\/wp-json\/wp\/v2\/types\/product"}],"wp:featuredmedia":[{"embeddable":true,"href":"https:\/\/newgarden.es\/fr\/wp-json\/wp\/v2\/media\/53648"}],"wp:attachment":[{"href":"https:\/\/newgarden.es\/fr\/wp-json\/wp\/v2\/media?parent=32007"}],"wp:term":[{"taxonomy":"product_cat","embeddable":true,"href":"https:\/\/newgarden.es\/fr\/wp-json\/wp\/v2\/product_cat?post=32007"},{"taxonomy":"product_tag","embeddable":true,"href":"https:\/\/newgarden.es\/fr\/wp-json\/wp\/v2\/product_tag?post=32007"}],"curies":[{"name":"wp","href":"https:\/\/api.w.org\/{rel}","templated":true}]}}