{"id":32052,"date":"2021-02-02T10:29:19","date_gmt":"2021-02-02T09:29:20","guid":{"rendered":"https:\/\/newgarden.es\/?post_type=product&#038;p=32052"},"modified":"2024-05-28T14:57:09","modified_gmt":"2024-05-28T12:57:09","slug":"guirlande-decorative-aurora","status":"publish","type":"product","link":"https:\/\/newgarden.es\/fr\/shop\/lightdeco-fr\/noel\/guirlande-decorative-aurora\/","title":{"rendered":"GUIRLANDE AURORA"},"content":{"rendered":"<section class=\"wpb-content-wrapper\"><p>[vc_row][vc_column][vc_column_text][\/vc_column_text][\/vc_column][\/vc_row][vc_row][vc_column][vc_column_text]<b>GUIRLANDE AURORA<\/b><\/p>\n<p>La guirlande d\u00e9corative AURORA est parfaite pour les \u00e9v\u00e9nements et les f\u00eates, elle est \u00e9galement id\u00e9ale pour d\u00e9corer votre maison ainsi que tout coin ext\u00e9rieur, jardin, terrasse, entreprise ou comme d\u00e9coration de No\u00ebl. Ses diffuseurs de lumi\u00e8re sont fait \u00e0 la main en fibres naturelles.<\/p>\n<p>Contrairement \u00e0 la plupart des guirlandes sur le march\u00e9, la guirlande d\u00e9corative Newgarden comprend 10 ampoules rempla\u00e7ables qui offrent un design vintage et un \u00e9clairage chaud remarquable.<\/p>\n<p>La corde est faite de jute, ce qui donne une touche naturelle \u00e0 la guirlande sans perdre ses propri\u00e9t\u00e9s \u00e9lectriques.<\/p>\n<p>La guirlande d\u00e9corative Aurora est disponible en 2 finitions : CABLE ou SOLAIRE + BATTERIE RECHARGEABLE.<\/p>\n<p>La taille de la guirlande Aurora Design est de 8 m\u00e8tres dans la version CABLE. Possibilit\u00e9 d&rsquo;unir jusqu&rsquo;\u00e0 4 guirlandes entre elles.[\/vc_column_text][vc_video link=\u00a0\u00bbhttps:\/\/youtu.be\/wRib50HxTbI\u00a0\u00bb][vc_video link=\u00a0\u00bbhttps:\/\/youtu.be\/r7IA5TyahN8&Prime;][\/vc_column][\/vc_row][vc_row][vc_column width=\u00a0\u00bb1\/2&Prime;][vc_btn title=\u00a0\u00bbFiche technique\u00a0\u00bb style=\u00a0\u00bbcustom\u00a0\u00bb custom_background=\u00a0\u00bb#009bc2&Prime; custom_text=\u00a0\u00bb#ffffff\u00a0\u00bb shape=\u00a0\u00bbsquare\u00a0\u00bb el_class=\u00a0\u00bbbtn_descargar_ficha\u00a0\u00bb link=\u00a0\u00bburl:https%3A%2F%2Fbit.ly%2F3NaTIsZ|target:%20_blank|\u00a0\u00bb][vc_btn title=\u00a0\u00bbFiche technique\u00a0\u00bb style=\u00a0\u00bbcustom\u00a0\u00bb custom_background=\u00a0\u00bb#009bc2&Prime; custom_text=\u00a0\u00bb#ffffff\u00a0\u00bb shape=\u00a0\u00bbsquare\u00a0\u00bb el_class=\u00a0\u00bbbtn_descargar_ficha\u00a0\u00bb link=\u00a0\u00bburl:https%3A%2F%2Fbit.ly%2F3baaknj|target:%20_blank|\u00a0\u00bb][\/vc_column][vc_column width=\u00a0\u00bb1\/2&Prime;][vc_btn title=\u00a0\u00bbManuel d&apos;instrutions\u00a0\u00bb style=\u00a0\u00bbcustom\u00a0\u00bb custom_background=\u00a0\u00bb#009bc2&Prime; custom_text=\u00a0\u00bb#ffffff\u00a0\u00bb shape=\u00a0\u00bbsquare\u00a0\u00bb el_class=\u00a0\u00bbbtn_descargar_ficha\u00a0\u00bb link=\u00a0\u00bburl:https%3A%2F%2Fbit.ly%2F3cZ0t4F|target:%20_blank|\u00a0\u00bb][vc_btn title=\u00a0\u00bbManuel d&apos;instrutions\u00a0\u00bb style=\u00a0\u00bbcustom\u00a0\u00bb custom_background=\u00a0\u00bb#009bc2&Prime; custom_text=\u00a0\u00bb#ffffff\u00a0\u00bb shape=\u00a0\u00bbsquare\u00a0\u00bb el_class=\u00a0\u00bbbtn_descargar_ficha\u00a0\u00bb link=\u00a0\u00bburl:https%3A%2F%2Fbit.ly%2F3bwbj1O|target:%20_blank|\u00a0\u00bb][\/vc_column][\/vc_row]<\/p>\n<\/section>","protected":false},"excerpt":{"rendered":"<h5>Guirlande d\u00e9corative Aurora<\/h5>\n","protected":false},"featured_media":58208,"template":"","meta":[],"product_cat":[651,1575,752],"product_tag":[647,707,648],"class_list":{"0":"post-32052","1":"product","2":"type-product","3":"status-publish","4":"has-post-thumbnail","6":"product_cat-lightdeco-fr","7":"product_cat-guirlandes","8":"product_cat-noel","9":"product_tag-cable-fr","10":"product_tag-sans-fil","11":"product_tag-solaire","13":"first","14":"instock","15":"taxable","16":"shipping-taxable","17":"purchasable","18":"product-type-variable"},"yoast_head":"<!-- This site is optimized with the Yoast SEO plugin v24.2 - https:\/\/yoast.com\/wordpress\/plugins\/seo\/ -->\n<title>GUIRLANDE AURORA 10 AMPOULES CHANGEABLES EXT\u00c9RIEUR<\/title>\n<meta name=\"description\" content=\"La guirlande d\u00e9corative AURORA est id\u00e9ale pour d\u00e9corer votre maison ainsi que tout coin ext\u00e9rieur, jardin, terrasse, entreprise ou comme d\u00e9coration de No\u00ebl.\" \/>\n<meta name=\"robots\" content=\"index, follow, max-snippet:-1, max-image-preview:large, max-video-preview:-1\" \/>\n<link rel=\"canonical\" href=\"https:\/\/newgarden.es\/fr\/shop\/lightdeco-fr\/noel\/guirlande-decorative-aurora\/\" \/>\n<meta property=\"og:locale\" content=\"fr_FR\" \/>\n<meta property=\"og:type\" content=\"article\" \/>\n<meta property=\"og:title\" content=\"GUIRLANDE AURORA 10 AMPOULES CHANGEABLES EXT\u00c9RIEUR\" \/>\n<meta property=\"og:description\" content=\"La guirlande d\u00e9corative AURORA est id\u00e9ale pour d\u00e9corer votre maison ainsi que tout coin ext\u00e9rieur, jardin, terrasse, entreprise ou comme d\u00e9coration de No\u00ebl.\" \/>\n<meta property=\"og:url\" content=\"https:\/\/newgarden.es\/fr\/shop\/lightdeco-fr\/noel\/guirlande-decorative-aurora\/\" \/>\n<meta property=\"og:site_name\" content=\"Newgarden\" \/>\n<meta property=\"article:modified_time\" content=\"2024-05-28T12:57:09+00:00\" \/>\n<meta property=\"og:image\" content=\"https:\/\/newgarden.es\/wp-content\/uploads\/2021\/02\/AURORA_1200X1200-5-1.jpg\" \/>\n\t<meta property=\"og:image:width\" content=\"1200\" \/>\n\t<meta property=\"og:image:height\" content=\"1200\" \/>\n\t<meta property=\"og:image:type\" content=\"image\/jpeg\" \/>\n<meta name=\"twitter:card\" content=\"summary_large_image\" \/>\n<meta name=\"twitter:label1\" content=\"Dur\u00e9e de lecture estim\u00e9e\" \/>\n\t<meta name=\"twitter:data1\" content=\"2 minutes\" \/>\n<script type=\"application\/ld+json\" class=\"yoast-schema-graph\">{\"@context\":\"https:\/\/schema.org\",\"@graph\":[{\"@type\":\"WebPage\",\"@id\":\"https:\/\/newgarden.es\/fr\/shop\/lightdeco-fr\/noel\/guirlande-decorative-aurora\/\",\"url\":\"https:\/\/newgarden.es\/fr\/shop\/lightdeco-fr\/noel\/guirlande-decorative-aurora\/\",\"name\":\"GUIRLANDE AURORA 10 AMPOULES CHANGEABLES EXT\u00c9RIEUR\",\"isPartOf\":{\"@id\":\"https:\/\/newgarden.es\/#website\"},\"primaryImageOfPage\":{\"@id\":\"https:\/\/newgarden.es\/fr\/shop\/lightdeco-fr\/noel\/guirlande-decorative-aurora\/#primaryimage\"},\"image\":{\"@id\":\"https:\/\/newgarden.es\/fr\/shop\/lightdeco-fr\/noel\/guirlande-decorative-aurora\/#primaryimage\"},\"thumbnailUrl\":\"https:\/\/newgarden.es\/wp-content\/uploads\/2021\/02\/AURORA_1200X1200-5-1.jpg\",\"datePublished\":\"2021-02-02T09:29:20+00:00\",\"dateModified\":\"2024-05-28T12:57:09+00:00\",\"description\":\"La guirlande d\u00e9corative AURORA est id\u00e9ale pour d\u00e9corer votre maison ainsi que tout coin ext\u00e9rieur, jardin, terrasse, entreprise ou comme d\u00e9coration de No\u00ebl.\",\"breadcrumb\":{\"@id\":\"https:\/\/newgarden.es\/fr\/shop\/lightdeco-fr\/noel\/guirlande-decorative-aurora\/#breadcrumb\"},\"inLanguage\":\"fr-FR\",\"potentialAction\":[{\"@type\":\"ReadAction\",\"target\":[\"https:\/\/newgarden.es\/fr\/shop\/lightdeco-fr\/noel\/guirlande-decorative-aurora\/\"]}]},{\"@type\":\"ImageObject\",\"inLanguage\":\"fr-FR\",\"@id\":\"https:\/\/newgarden.es\/fr\/shop\/lightdeco-fr\/noel\/guirlande-decorative-aurora\/#primaryimage\",\"url\":\"https:\/\/newgarden.es\/wp-content\/uploads\/2021\/02\/AURORA_1200X1200-5-1.jpg\",\"contentUrl\":\"https:\/\/newgarden.es\/wp-content\/uploads\/2021\/02\/AURORA_1200X1200-5-1.jpg\",\"width\":1200,\"height\":1200},{\"@type\":\"BreadcrumbList\",\"@id\":\"https:\/\/newgarden.es\/fr\/shop\/lightdeco-fr\/noel\/guirlande-decorative-aurora\/#breadcrumb\",\"itemListElement\":[{\"@type\":\"ListItem\",\"position\":1,\"name\":\"Home\",\"item\":\"https:\/\/newgarden.es\/fr\/\"},{\"@type\":\"ListItem\",\"position\":2,\"name\":\"Boutique\",\"item\":\"https:\/\/newgarden.es\/fr\/boutique\/\"},{\"@type\":\"ListItem\",\"position\":3,\"name\":\"GUIRLANDE AURORA\"}]},{\"@type\":\"WebSite\",\"@id\":\"https:\/\/newgarden.es\/#website\",\"url\":\"https:\/\/newgarden.es\/\",\"name\":\"Newgarden\",\"description\":\"Be happy\",\"potentialAction\":[{\"@type\":\"SearchAction\",\"target\":{\"@type\":\"EntryPoint\",\"urlTemplate\":\"https:\/\/newgarden.es\/?s={search_term_string}\"},\"query-input\":{\"@type\":\"PropertyValueSpecification\",\"valueRequired\":true,\"valueName\":\"search_term_string\"}}],\"inLanguage\":\"fr-FR\"}]}<\/script>\n<!-- \/ Yoast SEO plugin. -->","yoast_head_json":{"title":"GUIRLANDE AURORA 10 AMPOULES CHANGEABLES EXT\u00c9RIEUR","description":"La guirlande d\u00e9corative AURORA est id\u00e9ale pour d\u00e9corer votre maison ainsi que tout coin ext\u00e9rieur, jardin, terrasse, entreprise ou comme d\u00e9coration de No\u00ebl.","robots":{"index":"index","follow":"follow","max-snippet":"max-snippet:-1","max-image-preview":"max-image-preview:large","max-video-preview":"max-video-preview:-1"},"canonical":"https:\/\/newgarden.es\/fr\/shop\/lightdeco-fr\/noel\/guirlande-decorative-aurora\/","og_locale":"fr_FR","og_type":"article","og_title":"GUIRLANDE AURORA 10 AMPOULES CHANGEABLES EXT\u00c9RIEUR","og_description":"La guirlande d\u00e9corative AURORA est id\u00e9ale pour d\u00e9corer votre maison ainsi que tout coin ext\u00e9rieur, jardin, terrasse, entreprise ou comme d\u00e9coration de No\u00ebl.","og_url":"https:\/\/newgarden.es\/fr\/shop\/lightdeco-fr\/noel\/guirlande-decorative-aurora\/","og_site_name":"Newgarden","article_modified_time":"2024-05-28T12:57:09+00:00","og_image":[{"width":1200,"height":1200,"url":"https:\/\/newgarden.es\/wp-content\/uploads\/2021\/02\/AURORA_1200X1200-5-1.jpg","type":"image\/jpeg"}],"twitter_card":"summary_large_image","twitter_misc":{"Dur\u00e9e de lecture estim\u00e9e":"2 minutes"},"schema":{"@context":"https:\/\/schema.org","@graph":[{"@type":"WebPage","@id":"https:\/\/newgarden.es\/fr\/shop\/lightdeco-fr\/noel\/guirlande-decorative-aurora\/","url":"https:\/\/newgarden.es\/fr\/shop\/lightdeco-fr\/noel\/guirlande-decorative-aurora\/","name":"GUIRLANDE AURORA 10 AMPOULES CHANGEABLES EXT\u00c9RIEUR","isPartOf":{"@id":"https:\/\/newgarden.es\/#website"},"primaryImageOfPage":{"@id":"https:\/\/newgarden.es\/fr\/shop\/lightdeco-fr\/noel\/guirlande-decorative-aurora\/#primaryimage"},"image":{"@id":"https:\/\/newgarden.es\/fr\/shop\/lightdeco-fr\/noel\/guirlande-decorative-aurora\/#primaryimage"},"thumbnailUrl":"https:\/\/newgarden.es\/wp-content\/uploads\/2021\/02\/AURORA_1200X1200-5-1.jpg","datePublished":"2021-02-02T09:29:20+00:00","dateModified":"2024-05-28T12:57:09+00:00","description":"La guirlande d\u00e9corative AURORA est id\u00e9ale pour d\u00e9corer votre maison ainsi que tout coin ext\u00e9rieur, jardin, terrasse, entreprise ou comme d\u00e9coration de No\u00ebl.","breadcrumb":{"@id":"https:\/\/newgarden.es\/fr\/shop\/lightdeco-fr\/noel\/guirlande-decorative-aurora\/#breadcrumb"},"inLanguage":"fr-FR","potentialAction":[{"@type":"ReadAction","target":["https:\/\/newgarden.es\/fr\/shop\/lightdeco-fr\/noel\/guirlande-decorative-aurora\/"]}]},{"@type":"ImageObject","inLanguage":"fr-FR","@id":"https:\/\/newgarden.es\/fr\/shop\/lightdeco-fr\/noel\/guirlande-decorative-aurora\/#primaryimage","url":"https:\/\/newgarden.es\/wp-content\/uploads\/2021\/02\/AURORA_1200X1200-5-1.jpg","contentUrl":"https:\/\/newgarden.es\/wp-content\/uploads\/2021\/02\/AURORA_1200X1200-5-1.jpg","width":1200,"height":1200},{"@type":"BreadcrumbList","@id":"https:\/\/newgarden.es\/fr\/shop\/lightdeco-fr\/noel\/guirlande-decorative-aurora\/#breadcrumb","itemListElement":[{"@type":"ListItem","position":1,"name":"Home","item":"https:\/\/newgarden.es\/fr\/"},{"@type":"ListItem","position":2,"name":"Boutique","item":"https:\/\/newgarden.es\/fr\/boutique\/"},{"@type":"ListItem","position":3,"name":"GUIRLANDE AURORA"}]},{"@type":"WebSite","@id":"https:\/\/newgarden.es\/#website","url":"https:\/\/newgarden.es\/","name":"Newgarden","description":"Be happy","potentialAction":[{"@type":"SearchAction","target":{"@type":"EntryPoint","urlTemplate":"https:\/\/newgarden.es\/?s={search_term_string}"},"query-input":{"@type":"PropertyValueSpecification","valueRequired":true,"valueName":"search_term_string"}}],"inLanguage":"fr-FR"}]}},"df_price":169,"df_sale_price":"","df_regular_price":169,"df_image_link":"https:\/\/newgarden.es\/wp-content\/uploads\/2021\/02\/AURORA_1200X1200-5-1-580x400.jpg","_links":{"self":[{"href":"https:\/\/newgarden.es\/fr\/wp-json\/wp\/v2\/product\/32052"}],"collection":[{"href":"https:\/\/newgarden.es\/fr\/wp-json\/wp\/v2\/product"}],"about":[{"href":"https:\/\/newgarden.es\/fr\/wp-json\/wp\/v2\/types\/product"}],"wp:featuredmedia":[{"embeddable":true,"href":"https:\/\/newgarden.es\/fr\/wp-json\/wp\/v2\/media\/58208"}],"wp:attachment":[{"href":"https:\/\/newgarden.es\/fr\/wp-json\/wp\/v2\/media?parent=32052"}],"wp:term":[{"taxonomy":"product_cat","embeddable":true,"href":"https:\/\/newgarden.es\/fr\/wp-json\/wp\/v2\/product_cat?post=32052"},{"taxonomy":"product_tag","embeddable":true,"href":"https:\/\/newgarden.es\/fr\/wp-json\/wp\/v2\/product_tag?post=32052"}],"curies":[{"name":"wp","href":"https:\/\/api.w.org\/{rel}","templated":true}]}}