{"id":32502,"date":"2021-02-10T08:50:46","date_gmt":"2021-02-10T07:50:47","guid":{"rendered":"https:\/\/newgarden.es\/?post_type=product&#038;p=32502"},"modified":"2022-01-27T17:01:47","modified_gmt":"2022-01-27T16:01:47","slug":"lampe-solaire-greta-blanc","status":"publish","type":"product","link":"https:\/\/newgarden.es\/fr\/shop\/lightdeco-fr\/lampe-a-cote\/lampe-solaire-greta-blanc\/","title":{"rendered":"LAMPE SOLAIRE GRETA (LAMPE MULTIFONCTION) &#8211; BLANC"},"content":{"rendered":"<section class=\"wpb-content-wrapper\"><p>[vc_row][vc_column][vc_column_text][\/vc_column_text][\/vc_column][\/vc_row][vc_row][vc_column][vc_column_text]LAMPE SOLAIRE <strong>GRETA<\/strong> (LAMPE MULTIFONCTION) &#8211; BLANC<\/p>\n<p>La lampe solaire\u00a0<strong>Greta<\/strong>\u00a0est une r\u00e9volution dans le domaine de l&#8217;\u00e9clairage de jardin, car elle est compos\u00e9e de\u00a0<span style=\"text-decoration: underline;\">5 lampes en 1<\/span>. Vous pouvez profiter d&#8217;un lampadaire, d&#8217;une lampe de table, de deux piques \u00e0 des hauteurs diff\u00e9rentes ou d&#8217;une applique murale en un seul produit, il suffit d&#8217;assembler la version souhait\u00e9e. Elle peut \u00eatre charg\u00e9e par la lumi\u00e8re du soleil ou par micro\u00a0<span style=\"text-decoration: underline;\">USB<\/span>\u00a0et poss\u00e8de deux modes d&#8217;allumage :\u00a0<strong>MANUEL<\/strong>\u00a0ou\u00a0<strong>AUTOMATIQUE<\/strong>.<\/p>\n<p>La lampe solaire\u00a0<strong>Greta<\/strong>\u00a0est faite de mat\u00e9riaux recycl\u00e9s provenant des oc\u00e9ans, c&#8217;est un produit durable, donnant une nouvelle vie aux d\u00e9chets plastiques sous la forme d&#8217;une lampe.<\/p>\n<p>Disponible en blanc ou en noir.<\/p>\n<p>&nbsp;<\/p>\n<div class=\"boxContents no-border\">\n<ul>\n<li class=\"name\"><strong>TAILLE<br \/>\n<\/strong>\u00f816 x 80 cm<\/li>\n<\/ul>\n<\/div>\n<div><\/div>\n<p>[\/vc_column_text][\/vc_column][\/vc_row][vc_row][vc_column][vc_video link=&#8221;https:\/\/youtu.be\/umNe0WiSP58&#8243;][\/vc_column][\/vc_row][vc_row][vc_column width=&#8221;1\/2&#8243;][vc_btn title=&#8221;Fiche technique&#8221; style=&#8221;custom&#8221; custom_background=&#8221;#009bc2&#8243; custom_text=&#8221;#ffffff&#8221; shape=&#8221;square&#8221; el_class=&#8221;btn_descargar_ficha&#8221; link=&#8221;url:https%3A%2F%2Fdrive.google.com%2Fdrive%2Ffolders%2F1sDi0RQageFE5E8dB3EKmUs4MuAXLT7y_|target:%20_blank|&#8221;][\/vc_column][vc_column width=&#8221;1\/2&#8243;][vc_btn title=&#8221;Manuel d&#8217;instrutions&#8221; style=&#8221;custom&#8221; custom_background=&#8221;#009bc2&#8243; custom_text=&#8221;#ffffff&#8221; shape=&#8221;square&#8221; el_class=&#8221;btn_descargar_ficha&#8221; link=&#8221;target:%20_blank|&#8221;][\/vc_column][\/vc_row]<\/p>\n<\/section>","protected":false},"excerpt":{"rendered":"<h5><strong>Lampe solaire Greta (lampe 5 en 1) &#8211; blanc<\/strong><\/h5>\n","protected":false},"featured_media":56946,"template":"","meta":[],"product_cat":[1695,651,654,652,1580,757,1590],"product_tag":[707,648],"class_list":{"0":"post-32502","1":"product","2":"type-product","3":"status-publish","4":"has-post-thumbnail","6":"product_cat-productos-fr","7":"product_cat-lightdeco-fr","8":"product_cat-lampadaire","9":"product_cat-lampe-a-cote","10":"product_cat-balises-et-piques-fr","11":"product_cat-appliques","12":"product_cat-interieur-fr","13":"product_tag-sans-fil","14":"product_tag-solaire","16":"first","17":"instock","18":"taxable","19":"shipping-taxable","20":"purchasable","21":"product-type-variable","22":"has-default-attributes"},"yoast_head":"<!-- This site is optimized with the Yoast SEO plugin v24.2 - https:\/\/yoast.com\/wordpress\/plugins\/seo\/ -->\n<title>LAMPE SOLAIRE GRETA (LAMPE MULTIFONCTION) - BLANC<\/title>\n<meta name=\"description\" content=\"La lampe solaire Greta est une r\u00e9volution dans le domaine de l&#039;\u00e9clairage de jardin, car elle est compos\u00e9e de 5 lampes en 1. Vous pouvez profiter d&#039;un\" \/>\n<meta name=\"robots\" content=\"index, follow, max-snippet:-1, max-image-preview:large, max-video-preview:-1\" \/>\n<link rel=\"canonical\" href=\"https:\/\/newgarden.es\/fr\/shop\/lightdeco-fr\/lampe-a-cote\/lampe-solaire-greta-blanc\/\" \/>\n<meta property=\"og:locale\" content=\"fr_FR\" \/>\n<meta property=\"og:type\" content=\"article\" \/>\n<meta property=\"og:title\" content=\"LAMPE SOLAIRE GRETA (LAMPE MULTIFONCTION) - BLANC\" \/>\n<meta property=\"og:description\" content=\"La lampe solaire Greta est une r\u00e9volution dans le domaine de l&#039;\u00e9clairage de jardin, car elle est compos\u00e9e de 5 lampes en 1. Vous pouvez profiter d&#039;un\" \/>\n<meta property=\"og:url\" content=\"https:\/\/newgarden.es\/fr\/shop\/lightdeco-fr\/lampe-a-cote\/lampe-solaire-greta-blanc\/\" \/>\n<meta property=\"og:site_name\" content=\"Newgarden\" \/>\n<meta property=\"article:modified_time\" content=\"2022-01-27T16:01:47+00:00\" \/>\n<meta property=\"og:image\" content=\"https:\/\/newgarden.es\/wp-content\/uploads\/2021\/02\/GRETA_5X1_BATTERY_BW_1200X1200-7.jpg\" \/>\n\t<meta property=\"og:image:width\" content=\"1200\" \/>\n\t<meta property=\"og:image:height\" content=\"1200\" \/>\n\t<meta property=\"og:image:type\" content=\"image\/jpeg\" \/>\n<meta name=\"twitter:card\" content=\"summary_large_image\" \/>\n<meta name=\"twitter:label1\" content=\"Dur\u00e9e de lecture estim\u00e9e\" \/>\n\t<meta name=\"twitter:data1\" content=\"1 minute\" \/>\n<script type=\"application\/ld+json\" class=\"yoast-schema-graph\">{\"@context\":\"https:\/\/schema.org\",\"@graph\":[{\"@type\":\"WebPage\",\"@id\":\"https:\/\/newgarden.es\/fr\/shop\/lightdeco-fr\/lampe-a-cote\/lampe-solaire-greta-blanc\/\",\"url\":\"https:\/\/newgarden.es\/fr\/shop\/lightdeco-fr\/lampe-a-cote\/lampe-solaire-greta-blanc\/\",\"name\":\"LAMPE SOLAIRE GRETA (LAMPE MULTIFONCTION) - BLANC\",\"isPartOf\":{\"@id\":\"https:\/\/newgarden.es\/#website\"},\"primaryImageOfPage\":{\"@id\":\"https:\/\/newgarden.es\/fr\/shop\/lightdeco-fr\/lampe-a-cote\/lampe-solaire-greta-blanc\/#primaryimage\"},\"image\":{\"@id\":\"https:\/\/newgarden.es\/fr\/shop\/lightdeco-fr\/lampe-a-cote\/lampe-solaire-greta-blanc\/#primaryimage\"},\"thumbnailUrl\":\"https:\/\/newgarden.es\/wp-content\/uploads\/2021\/02\/GRETA_5X1_BATTERY_BW_1200X1200-7.jpg\",\"datePublished\":\"2021-02-10T07:50:47+00:00\",\"dateModified\":\"2022-01-27T16:01:47+00:00\",\"description\":\"La lampe solaire Greta est une r\u00e9volution dans le domaine de l'\u00e9clairage de jardin, car elle est compos\u00e9e de 5 lampes en 1. Vous pouvez profiter d'un\",\"breadcrumb\":{\"@id\":\"https:\/\/newgarden.es\/fr\/shop\/lightdeco-fr\/lampe-a-cote\/lampe-solaire-greta-blanc\/#breadcrumb\"},\"inLanguage\":\"fr-FR\",\"potentialAction\":[{\"@type\":\"ReadAction\",\"target\":[\"https:\/\/newgarden.es\/fr\/shop\/lightdeco-fr\/lampe-a-cote\/lampe-solaire-greta-blanc\/\"]}]},{\"@type\":\"ImageObject\",\"inLanguage\":\"fr-FR\",\"@id\":\"https:\/\/newgarden.es\/fr\/shop\/lightdeco-fr\/lampe-a-cote\/lampe-solaire-greta-blanc\/#primaryimage\",\"url\":\"https:\/\/newgarden.es\/wp-content\/uploads\/2021\/02\/GRETA_5X1_BATTERY_BW_1200X1200-7.jpg\",\"contentUrl\":\"https:\/\/newgarden.es\/wp-content\/uploads\/2021\/02\/GRETA_5X1_BATTERY_BW_1200X1200-7.jpg\",\"width\":1200,\"height\":1200},{\"@type\":\"BreadcrumbList\",\"@id\":\"https:\/\/newgarden.es\/fr\/shop\/lightdeco-fr\/lampe-a-cote\/lampe-solaire-greta-blanc\/#breadcrumb\",\"itemListElement\":[{\"@type\":\"ListItem\",\"position\":1,\"name\":\"Home\",\"item\":\"https:\/\/newgarden.es\/fr\/\"},{\"@type\":\"ListItem\",\"position\":2,\"name\":\"Boutique\",\"item\":\"https:\/\/newgarden.es\/fr\/boutique\/\"},{\"@type\":\"ListItem\",\"position\":3,\"name\":\"LAMPE SOLAIRE GRETA (LAMPE MULTIFONCTION) &#8211; BLANC\"}]},{\"@type\":\"WebSite\",\"@id\":\"https:\/\/newgarden.es\/#website\",\"url\":\"https:\/\/newgarden.es\/\",\"name\":\"Newgarden\",\"description\":\"Be happy\",\"potentialAction\":[{\"@type\":\"SearchAction\",\"target\":{\"@type\":\"EntryPoint\",\"urlTemplate\":\"https:\/\/newgarden.es\/?s={search_term_string}\"},\"query-input\":{\"@type\":\"PropertyValueSpecification\",\"valueRequired\":true,\"valueName\":\"search_term_string\"}}],\"inLanguage\":\"fr-FR\"}]}<\/script>\n<!-- \/ Yoast SEO plugin. -->","yoast_head_json":{"title":"LAMPE SOLAIRE GRETA (LAMPE MULTIFONCTION) - BLANC","description":"La lampe solaire Greta est une r\u00e9volution dans le domaine de l'\u00e9clairage de jardin, car elle est compos\u00e9e de 5 lampes en 1. Vous pouvez profiter d'un","robots":{"index":"index","follow":"follow","max-snippet":"max-snippet:-1","max-image-preview":"max-image-preview:large","max-video-preview":"max-video-preview:-1"},"canonical":"https:\/\/newgarden.es\/fr\/shop\/lightdeco-fr\/lampe-a-cote\/lampe-solaire-greta-blanc\/","og_locale":"fr_FR","og_type":"article","og_title":"LAMPE SOLAIRE GRETA (LAMPE MULTIFONCTION) - BLANC","og_description":"La lampe solaire Greta est une r\u00e9volution dans le domaine de l'\u00e9clairage de jardin, car elle est compos\u00e9e de 5 lampes en 1. Vous pouvez profiter d'un","og_url":"https:\/\/newgarden.es\/fr\/shop\/lightdeco-fr\/lampe-a-cote\/lampe-solaire-greta-blanc\/","og_site_name":"Newgarden","article_modified_time":"2022-01-27T16:01:47+00:00","og_image":[{"width":1200,"height":1200,"url":"https:\/\/newgarden.es\/wp-content\/uploads\/2021\/02\/GRETA_5X1_BATTERY_BW_1200X1200-7.jpg","type":"image\/jpeg"}],"twitter_card":"summary_large_image","twitter_misc":{"Dur\u00e9e de lecture estim\u00e9e":"1 minute"},"schema":{"@context":"https:\/\/schema.org","@graph":[{"@type":"WebPage","@id":"https:\/\/newgarden.es\/fr\/shop\/lightdeco-fr\/lampe-a-cote\/lampe-solaire-greta-blanc\/","url":"https:\/\/newgarden.es\/fr\/shop\/lightdeco-fr\/lampe-a-cote\/lampe-solaire-greta-blanc\/","name":"LAMPE SOLAIRE GRETA (LAMPE MULTIFONCTION) - BLANC","isPartOf":{"@id":"https:\/\/newgarden.es\/#website"},"primaryImageOfPage":{"@id":"https:\/\/newgarden.es\/fr\/shop\/lightdeco-fr\/lampe-a-cote\/lampe-solaire-greta-blanc\/#primaryimage"},"image":{"@id":"https:\/\/newgarden.es\/fr\/shop\/lightdeco-fr\/lampe-a-cote\/lampe-solaire-greta-blanc\/#primaryimage"},"thumbnailUrl":"https:\/\/newgarden.es\/wp-content\/uploads\/2021\/02\/GRETA_5X1_BATTERY_BW_1200X1200-7.jpg","datePublished":"2021-02-10T07:50:47+00:00","dateModified":"2022-01-27T16:01:47+00:00","description":"La lampe solaire Greta est une r\u00e9volution dans le domaine de l'\u00e9clairage de jardin, car elle est compos\u00e9e de 5 lampes en 1. Vous pouvez profiter d'un","breadcrumb":{"@id":"https:\/\/newgarden.es\/fr\/shop\/lightdeco-fr\/lampe-a-cote\/lampe-solaire-greta-blanc\/#breadcrumb"},"inLanguage":"fr-FR","potentialAction":[{"@type":"ReadAction","target":["https:\/\/newgarden.es\/fr\/shop\/lightdeco-fr\/lampe-a-cote\/lampe-solaire-greta-blanc\/"]}]},{"@type":"ImageObject","inLanguage":"fr-FR","@id":"https:\/\/newgarden.es\/fr\/shop\/lightdeco-fr\/lampe-a-cote\/lampe-solaire-greta-blanc\/#primaryimage","url":"https:\/\/newgarden.es\/wp-content\/uploads\/2021\/02\/GRETA_5X1_BATTERY_BW_1200X1200-7.jpg","contentUrl":"https:\/\/newgarden.es\/wp-content\/uploads\/2021\/02\/GRETA_5X1_BATTERY_BW_1200X1200-7.jpg","width":1200,"height":1200},{"@type":"BreadcrumbList","@id":"https:\/\/newgarden.es\/fr\/shop\/lightdeco-fr\/lampe-a-cote\/lampe-solaire-greta-blanc\/#breadcrumb","itemListElement":[{"@type":"ListItem","position":1,"name":"Home","item":"https:\/\/newgarden.es\/fr\/"},{"@type":"ListItem","position":2,"name":"Boutique","item":"https:\/\/newgarden.es\/fr\/boutique\/"},{"@type":"ListItem","position":3,"name":"LAMPE SOLAIRE GRETA (LAMPE MULTIFONCTION) &#8211; BLANC"}]},{"@type":"WebSite","@id":"https:\/\/newgarden.es\/#website","url":"https:\/\/newgarden.es\/","name":"Newgarden","description":"Be happy","potentialAction":[{"@type":"SearchAction","target":{"@type":"EntryPoint","urlTemplate":"https:\/\/newgarden.es\/?s={search_term_string}"},"query-input":{"@type":"PropertyValueSpecification","valueRequired":true,"valueName":"search_term_string"}}],"inLanguage":"fr-FR"}]}},"df_price":29.9,"df_sale_price":"","df_regular_price":29.9,"df_image_link":"https:\/\/newgarden.es\/wp-content\/uploads\/2021\/02\/GRETA_5X1_BATTERY_BW_1200X1200-7-580x400.jpg","_links":{"self":[{"href":"https:\/\/newgarden.es\/fr\/wp-json\/wp\/v2\/product\/32502"}],"collection":[{"href":"https:\/\/newgarden.es\/fr\/wp-json\/wp\/v2\/product"}],"about":[{"href":"https:\/\/newgarden.es\/fr\/wp-json\/wp\/v2\/types\/product"}],"wp:featuredmedia":[{"embeddable":true,"href":"https:\/\/newgarden.es\/fr\/wp-json\/wp\/v2\/media\/56946"}],"wp:attachment":[{"href":"https:\/\/newgarden.es\/fr\/wp-json\/wp\/v2\/media?parent=32502"}],"wp:term":[{"taxonomy":"product_cat","embeddable":true,"href":"https:\/\/newgarden.es\/fr\/wp-json\/wp\/v2\/product_cat?post=32502"},{"taxonomy":"product_tag","embeddable":true,"href":"https:\/\/newgarden.es\/fr\/wp-json\/wp\/v2\/product_tag?post=32502"}],"curies":[{"name":"wp","href":"https:\/\/api.w.org\/{rel}","templated":true}]}}