{"id":32632,"date":"2021-02-10T09:38:27","date_gmt":"2021-02-10T08:38:29","guid":{"rendered":"https:\/\/newgarden.es\/?post_type=product&#038;p=32632"},"modified":"2022-02-01T11:03:42","modified_gmt":"2022-02-01T10:03:42","slug":"lampe-decorative-sisine-70","status":"publish","type":"product","link":"https:\/\/newgarden.es\/fr\/shop\/lightdeco-fr\/lampadaire\/lampe-decorative-sisine-70\/","title":{"rendered":"LAMPE D\u00c9CORATIVE SISINE 70"},"content":{"rendered":"<section class=\"wpb-content-wrapper\"><p>[vc_row][vc_column][vc_column_text][\/vc_column_text][\/vc_column][\/vc_row][vc_row][vc_column][vc_column_text]LAMPE D\u00c9CORATIVE <strong>SISINE 70<\/strong><\/p>\n<p>La lampe d\u00e9corative\u00a0<strong>SISINE 70<\/strong>\u00a0est tress\u00e9e \u00e0 la main en fibres naturelles. Cette lampe est le compl\u00e9ment parfait pour \u00e9clairer tout espace de votre maison ou de votre jardin tout en lui apportant une touche naturelle. La lampe d\u00e9corative\u00a0<strong>SISINE 70<\/strong>\u00a0est disponible en deux versions.<\/p>\n<p>Lampe d\u00e9corative\u00a0<strong>SISINE 70\u00a0<\/strong>sans fil<strong>:<\/strong><br \/>\nElle poss\u00e8de une ampoule portable rechargeable de\u00a0<strong>900 lumens<\/strong>\u00a0int\u00e9gr\u00e9e qui ne n\u00e9cessite aucune installation, il suffit de l&rsquo;approcher de la lampe et elle adh\u00e9rera gr\u00e2ce \u00e0 sa base magn\u00e9tique. Cette ampoule comprend \u00e9galement une t\u00e9l\u00e9commande permettant de l&rsquo;allumer, de l&rsquo;\u00e9teindre et de r\u00e9gler son intensit\u00e9.<\/p>\n<p><strong>SISINE 70 In&amp;Out<\/strong>\u00a0(avec c\u00e2ble) :<br \/>\nLa lampe d\u00e9corative\u00a0<strong>In&amp;Out<\/strong>\u00a0avec c\u00e2ble en jute comprend une ampoule E27. Cette lampe est r\u00e9glable \u00e0 la fois en temp\u00e9rature de lumi\u00e8re (on peut passer du froid au chaud) et en intensit\u00e9. Elle dispose \u00e9galement d&rsquo;une minuterie et d&rsquo;un cr\u00e9ateur de groupes d&rsquo;\u00e9clairage pour contr\u00f4ler plusieurs lampes de ce syst\u00e8me dans la m\u00eame t\u00e9l\u00e9commande. Le c\u00e2ble est recouvert d&rsquo;une fibre\u00a0en\u00a0jute, ce qui donne une touche\u00a0\u00ab\u00a0nature\u00a0\u00bb\u00a0\u00e0 la lampe.<\/p>\n<p>Cette lampe fait partie de la famille\u00a0<strong>SISINE<\/strong>, et peut \u00eatre combin\u00e9e avec une lampe suspension, une applique murale et une lampe de table.<\/p>\n<p>&nbsp;<\/p>\n<ul>\n<li style=\"list-style-type: none;\">\n<ul>\n<li style=\"list-style-type: none;\">\n<ul class=\"tablaTech\">\n<li>\n<div class=\"boxContents no-border\">\n<div class=\"name\"><strong>TAILLE<\/strong><\/div>\n<div class=\"data\">\u00f825,5 x 32,5 cm<\/div>\n<\/div>\n<\/li>\n<\/ul>\n<\/li>\n<\/ul>\n<\/li>\n<\/ul>\n<p>[\/vc_column_text][vc_video link=\u00a0\u00bbhttps:\/\/youtu.be\/ll5bG5YjaFs\u00a0\u00bb][vc_video link=\u00a0\u00bbhttps:\/\/youtu.be\/tjsB6CBHubo\u00a0\u00bb][\/vc_column][\/vc_row][vc_row][vc_column width=\u00a0\u00bb1\/2&Prime;][vc_btn title=\u00a0\u00bbFiche technique\u00a0\u00bb style=\u00a0\u00bbcustom\u00a0\u00bb custom_background=\u00a0\u00bb#009bc2&Prime; custom_text=\u00a0\u00bb#ffffff\u00a0\u00bb shape=\u00a0\u00bbsquare\u00a0\u00bb el_class=\u00a0\u00bbbtn_descargar_ficha\u00a0\u00bb link=\u00a0\u00bburl:https%3A%2F%2Fdrive.google.com%2Fdrive%2Ffolders%2F1DCOkPGqnjdaH7mJnO5U4Kbux_wL5U0bp|target:%20_blank|\u00a0\u00bb][\/vc_column][vc_column width=\u00a0\u00bb1\/2&Prime;][vc_btn title=\u00a0\u00bbManuel d&rsquo;instrutions\u00a0\u00bb style=\u00a0\u00bbcustom\u00a0\u00bb custom_background=\u00a0\u00bb#009bc2&Prime; custom_text=\u00a0\u00bb#ffffff\u00a0\u00bb shape=\u00a0\u00bbsquare\u00a0\u00bb el_class=\u00a0\u00bbbtn_descargar_ficha\u00a0\u00bb link=\u00a0\u00bbtarget:%20_blank|\u00a0\u00bb][\/vc_column][\/vc_row]<\/p>\n<\/section>","protected":false},"excerpt":{"rendered":"<h5><strong>Lampe d\u00e9corative Sisine 70<\/strong><\/h5>\n","protected":false},"featured_media":54254,"template":"","meta":[],"product_cat":[1695,651,654],"product_tag":[653,647,707],"class_list":{"0":"post-32632","1":"product","2":"type-product","3":"status-publish","4":"has-post-thumbnail","6":"product_cat-productos-fr","7":"product_cat-lightdeco-fr","8":"product_cat-lampadaire","9":"product_tag-batterie","10":"product_tag-cable-fr","11":"product_tag-sans-fil","13":"first","14":"instock","15":"taxable","16":"shipping-taxable","17":"purchasable","18":"product-type-variable"},"yoast_head":"<!-- This site is optimized with the Yoast SEO plugin v24.2 - https:\/\/yoast.com\/wordpress\/plugins\/seo\/ -->\n<title>LAMPE D\u00c9CORATIVE SISINE 70 EXT\u00c9RIEUR INT\u00c9RIEUR BATTERIE<\/title>\n<meta name=\"description\" content=\"La lampe Sisine 70 est le compl\u00e9ment parfait pour \u00e9clairer tout espace de votre maison ou de votre jardin en lui donnant une touche naturelle.\" \/>\n<meta name=\"robots\" content=\"index, follow, max-snippet:-1, max-image-preview:large, max-video-preview:-1\" \/>\n<link rel=\"canonical\" href=\"https:\/\/newgarden.es\/fr\/shop\/lightdeco-fr\/lampadaire\/lampe-decorative-sisine-70\/\" \/>\n<meta property=\"og:locale\" content=\"fr_FR\" \/>\n<meta property=\"og:type\" content=\"article\" \/>\n<meta property=\"og:title\" content=\"LAMPE D\u00c9CORATIVE SISINE 70 EXT\u00c9RIEUR INT\u00c9RIEUR BATTERIE\" \/>\n<meta property=\"og:description\" content=\"La lampe Sisine 70 est le compl\u00e9ment parfait pour \u00e9clairer tout espace de votre maison ou de votre jardin en lui donnant une touche naturelle.\" \/>\n<meta property=\"og:url\" content=\"https:\/\/newgarden.es\/fr\/shop\/lightdeco-fr\/lampadaire\/lampe-decorative-sisine-70\/\" \/>\n<meta property=\"og:site_name\" content=\"Newgarden\" \/>\n<meta property=\"article:modified_time\" content=\"2022-02-01T10:03:42+00:00\" \/>\n<meta property=\"og:image\" content=\"https:\/\/newgarden.es\/wp-content\/uploads\/2021\/02\/SISINE_70_BATTERY_1200X1200-1.jpg\" \/>\n\t<meta property=\"og:image:width\" content=\"1200\" \/>\n\t<meta property=\"og:image:height\" content=\"1200\" \/>\n\t<meta property=\"og:image:type\" content=\"image\/jpeg\" \/>\n<meta name=\"twitter:card\" content=\"summary_large_image\" \/>\n<meta name=\"twitter:label1\" content=\"Dur\u00e9e de lecture estim\u00e9e\" \/>\n\t<meta name=\"twitter:data1\" content=\"2 minutes\" \/>\n<script type=\"application\/ld+json\" class=\"yoast-schema-graph\">{\"@context\":\"https:\/\/schema.org\",\"@graph\":[{\"@type\":\"WebPage\",\"@id\":\"https:\/\/newgarden.es\/fr\/shop\/lightdeco-fr\/lampadaire\/lampe-decorative-sisine-70\/\",\"url\":\"https:\/\/newgarden.es\/fr\/shop\/lightdeco-fr\/lampadaire\/lampe-decorative-sisine-70\/\",\"name\":\"LAMPE D\u00c9CORATIVE SISINE 70 EXT\u00c9RIEUR INT\u00c9RIEUR BATTERIE\",\"isPartOf\":{\"@id\":\"https:\/\/newgarden.es\/#website\"},\"primaryImageOfPage\":{\"@id\":\"https:\/\/newgarden.es\/fr\/shop\/lightdeco-fr\/lampadaire\/lampe-decorative-sisine-70\/#primaryimage\"},\"image\":{\"@id\":\"https:\/\/newgarden.es\/fr\/shop\/lightdeco-fr\/lampadaire\/lampe-decorative-sisine-70\/#primaryimage\"},\"thumbnailUrl\":\"https:\/\/newgarden.es\/wp-content\/uploads\/2021\/02\/SISINE_70_BATTERY_1200X1200-1.jpg\",\"datePublished\":\"2021-02-10T08:38:29+00:00\",\"dateModified\":\"2022-02-01T10:03:42+00:00\",\"description\":\"La lampe Sisine 70 est le compl\u00e9ment parfait pour \u00e9clairer tout espace de votre maison ou de votre jardin en lui donnant une touche naturelle.\",\"breadcrumb\":{\"@id\":\"https:\/\/newgarden.es\/fr\/shop\/lightdeco-fr\/lampadaire\/lampe-decorative-sisine-70\/#breadcrumb\"},\"inLanguage\":\"fr-FR\",\"potentialAction\":[{\"@type\":\"ReadAction\",\"target\":[\"https:\/\/newgarden.es\/fr\/shop\/lightdeco-fr\/lampadaire\/lampe-decorative-sisine-70\/\"]}]},{\"@type\":\"ImageObject\",\"inLanguage\":\"fr-FR\",\"@id\":\"https:\/\/newgarden.es\/fr\/shop\/lightdeco-fr\/lampadaire\/lampe-decorative-sisine-70\/#primaryimage\",\"url\":\"https:\/\/newgarden.es\/wp-content\/uploads\/2021\/02\/SISINE_70_BATTERY_1200X1200-1.jpg\",\"contentUrl\":\"https:\/\/newgarden.es\/wp-content\/uploads\/2021\/02\/SISINE_70_BATTERY_1200X1200-1.jpg\",\"width\":1200,\"height\":1200},{\"@type\":\"BreadcrumbList\",\"@id\":\"https:\/\/newgarden.es\/fr\/shop\/lightdeco-fr\/lampadaire\/lampe-decorative-sisine-70\/#breadcrumb\",\"itemListElement\":[{\"@type\":\"ListItem\",\"position\":1,\"name\":\"Home\",\"item\":\"https:\/\/newgarden.es\/fr\/\"},{\"@type\":\"ListItem\",\"position\":2,\"name\":\"Boutique\",\"item\":\"https:\/\/newgarden.es\/fr\/boutique\/\"},{\"@type\":\"ListItem\",\"position\":3,\"name\":\"LAMPE D\u00c9CORATIVE SISINE 70\"}]},{\"@type\":\"WebSite\",\"@id\":\"https:\/\/newgarden.es\/#website\",\"url\":\"https:\/\/newgarden.es\/\",\"name\":\"Newgarden\",\"description\":\"Be happy\",\"potentialAction\":[{\"@type\":\"SearchAction\",\"target\":{\"@type\":\"EntryPoint\",\"urlTemplate\":\"https:\/\/newgarden.es\/?s={search_term_string}\"},\"query-input\":{\"@type\":\"PropertyValueSpecification\",\"valueRequired\":true,\"valueName\":\"search_term_string\"}}],\"inLanguage\":\"fr-FR\"}]}<\/script>\n<!-- \/ Yoast SEO plugin. -->","yoast_head_json":{"title":"LAMPE D\u00c9CORATIVE SISINE 70 EXT\u00c9RIEUR INT\u00c9RIEUR BATTERIE","description":"La lampe Sisine 70 est le compl\u00e9ment parfait pour \u00e9clairer tout espace de votre maison ou de votre jardin en lui donnant une touche naturelle.","robots":{"index":"index","follow":"follow","max-snippet":"max-snippet:-1","max-image-preview":"max-image-preview:large","max-video-preview":"max-video-preview:-1"},"canonical":"https:\/\/newgarden.es\/fr\/shop\/lightdeco-fr\/lampadaire\/lampe-decorative-sisine-70\/","og_locale":"fr_FR","og_type":"article","og_title":"LAMPE D\u00c9CORATIVE SISINE 70 EXT\u00c9RIEUR INT\u00c9RIEUR BATTERIE","og_description":"La lampe Sisine 70 est le compl\u00e9ment parfait pour \u00e9clairer tout espace de votre maison ou de votre jardin en lui donnant une touche naturelle.","og_url":"https:\/\/newgarden.es\/fr\/shop\/lightdeco-fr\/lampadaire\/lampe-decorative-sisine-70\/","og_site_name":"Newgarden","article_modified_time":"2022-02-01T10:03:42+00:00","og_image":[{"width":1200,"height":1200,"url":"https:\/\/newgarden.es\/wp-content\/uploads\/2021\/02\/SISINE_70_BATTERY_1200X1200-1.jpg","type":"image\/jpeg"}],"twitter_card":"summary_large_image","twitter_misc":{"Dur\u00e9e de lecture estim\u00e9e":"2 minutes"},"schema":{"@context":"https:\/\/schema.org","@graph":[{"@type":"WebPage","@id":"https:\/\/newgarden.es\/fr\/shop\/lightdeco-fr\/lampadaire\/lampe-decorative-sisine-70\/","url":"https:\/\/newgarden.es\/fr\/shop\/lightdeco-fr\/lampadaire\/lampe-decorative-sisine-70\/","name":"LAMPE D\u00c9CORATIVE SISINE 70 EXT\u00c9RIEUR INT\u00c9RIEUR BATTERIE","isPartOf":{"@id":"https:\/\/newgarden.es\/#website"},"primaryImageOfPage":{"@id":"https:\/\/newgarden.es\/fr\/shop\/lightdeco-fr\/lampadaire\/lampe-decorative-sisine-70\/#primaryimage"},"image":{"@id":"https:\/\/newgarden.es\/fr\/shop\/lightdeco-fr\/lampadaire\/lampe-decorative-sisine-70\/#primaryimage"},"thumbnailUrl":"https:\/\/newgarden.es\/wp-content\/uploads\/2021\/02\/SISINE_70_BATTERY_1200X1200-1.jpg","datePublished":"2021-02-10T08:38:29+00:00","dateModified":"2022-02-01T10:03:42+00:00","description":"La lampe Sisine 70 est le compl\u00e9ment parfait pour \u00e9clairer tout espace de votre maison ou de votre jardin en lui donnant une touche naturelle.","breadcrumb":{"@id":"https:\/\/newgarden.es\/fr\/shop\/lightdeco-fr\/lampadaire\/lampe-decorative-sisine-70\/#breadcrumb"},"inLanguage":"fr-FR","potentialAction":[{"@type":"ReadAction","target":["https:\/\/newgarden.es\/fr\/shop\/lightdeco-fr\/lampadaire\/lampe-decorative-sisine-70\/"]}]},{"@type":"ImageObject","inLanguage":"fr-FR","@id":"https:\/\/newgarden.es\/fr\/shop\/lightdeco-fr\/lampadaire\/lampe-decorative-sisine-70\/#primaryimage","url":"https:\/\/newgarden.es\/wp-content\/uploads\/2021\/02\/SISINE_70_BATTERY_1200X1200-1.jpg","contentUrl":"https:\/\/newgarden.es\/wp-content\/uploads\/2021\/02\/SISINE_70_BATTERY_1200X1200-1.jpg","width":1200,"height":1200},{"@type":"BreadcrumbList","@id":"https:\/\/newgarden.es\/fr\/shop\/lightdeco-fr\/lampadaire\/lampe-decorative-sisine-70\/#breadcrumb","itemListElement":[{"@type":"ListItem","position":1,"name":"Home","item":"https:\/\/newgarden.es\/fr\/"},{"@type":"ListItem","position":2,"name":"Boutique","item":"https:\/\/newgarden.es\/fr\/boutique\/"},{"@type":"ListItem","position":3,"name":"LAMPE D\u00c9CORATIVE SISINE 70"}]},{"@type":"WebSite","@id":"https:\/\/newgarden.es\/#website","url":"https:\/\/newgarden.es\/","name":"Newgarden","description":"Be happy","potentialAction":[{"@type":"SearchAction","target":{"@type":"EntryPoint","urlTemplate":"https:\/\/newgarden.es\/?s={search_term_string}"},"query-input":{"@type":"PropertyValueSpecification","valueRequired":true,"valueName":"search_term_string"}}],"inLanguage":"fr-FR"}]}},"df_price":169,"df_sale_price":"","df_regular_price":169,"df_image_link":"https:\/\/newgarden.es\/wp-content\/uploads\/2021\/02\/SISINE_70_BATTERY_1200X1200-1-580x400.jpg","_links":{"self":[{"href":"https:\/\/newgarden.es\/fr\/wp-json\/wp\/v2\/product\/32632"}],"collection":[{"href":"https:\/\/newgarden.es\/fr\/wp-json\/wp\/v2\/product"}],"about":[{"href":"https:\/\/newgarden.es\/fr\/wp-json\/wp\/v2\/types\/product"}],"wp:featuredmedia":[{"embeddable":true,"href":"https:\/\/newgarden.es\/fr\/wp-json\/wp\/v2\/media\/54254"}],"wp:attachment":[{"href":"https:\/\/newgarden.es\/fr\/wp-json\/wp\/v2\/media?parent=32632"}],"wp:term":[{"taxonomy":"product_cat","embeddable":true,"href":"https:\/\/newgarden.es\/fr\/wp-json\/wp\/v2\/product_cat?post=32632"},{"taxonomy":"product_tag","embeddable":true,"href":"https:\/\/newgarden.es\/fr\/wp-json\/wp\/v2\/product_tag?post=32632"}],"curies":[{"name":"wp","href":"https:\/\/api.w.org\/{rel}","templated":true}]}}