{"id":32758,"date":"2021-02-10T11:39:10","date_gmt":"2021-02-10T10:39:14","guid":{"rendered":"https:\/\/newgarden.es\/?post_type=product&#038;p=32758"},"modified":"2022-02-02T17:07:41","modified_gmt":"2022-02-02T16:07:41","slug":"lampadaire-solaire-paquita-copia","status":"publish","type":"product","link":"https:\/\/newgarden.es\/fr\/shop\/lightdeco-fr\/lampadaire-et-appliques\/lampadaire-solaire-paquita-copia\/","title":{"rendered":"LAMPADAIRE SOLAIRE HYBRIDE PEPITA"},"content":{"rendered":"<section class=\"wpb-content-wrapper\"><p>[vc_row][vc_column el_class=\u00a0\u00bbdescripcion_producto\u00a0\u00bb][vc_column_text]<br \/>\nLAMPADAIRE SOLAIRE HYBRIDE <strong>PEPITA<\/strong><\/p>\n<p>Le lampadaire solaire hybride <strong>PEPITA<\/strong> est un indispensable. Son syst\u00e8me de <span style=\"text-decoration: underline;\">technologie hybride avanc\u00e9e<\/span> combine la recharge solaire et \u00e9lectrique, de sorte que la lanterne soit pleinement fonctionnelle aussi longtemps que n\u00e9cessaire.<\/p>\n<p>Lorsque la charge solaire s&rsquo;\u00e9puise, elle se connecte automatiquement au r\u00e9seau \u00e9lectrique pour continuer \u00e0 fonctionner \u00e0 pleine capacit\u00e9.<\/p>\n<p style=\"text-align: justify;\">Elle dispose de deux modes d\u2019allumage: le mode MANUEL et AUTOMATIQUE et le mode SENSOR (capteur de mouvement). Le mode d\u00e9tecteur de mouvement: la lampe est allum\u00e9e \u00e0 faible intensit\u00e9, mais lorsqu&rsquo;elle d\u00e9tecte une pr\u00e9sence, elle s&rsquo;allume \u00e0 100% pendant environ 60 secondes, et revient \u00e0 faible intensit\u00e9 pour optimiser l&rsquo;\u00e9clairage.<\/p>\n<p style=\"text-align: justify;\"><strong>Ce luminaire n\u00e9cessite une installation.<\/strong><br \/>\n1500 lumens.<\/p>\n<p><em>Les produits Newgarden sont l\u00e9gers et tr\u00e8s r\u00e9sistants aux temp\u00e9ratures extr\u00eames. Ils sont \u00e9galement prot\u00e9g\u00e9s contre les rayons UV, ce qui rend la dur\u00e9e de vie du produit extraordinairement longue.<\/em><\/p>\n<ul class=\"tablaTech\">\n<li>\n<div class=\"boxContents no-border\">\n<div class=\"name\"><strong>TAILLE<\/strong><\/div>\n<div class=\"data\">\u00f858,6 x 214,5 cm<\/div>\n<\/div>\n<\/li>\n<\/ul>\n<p><iframe title=\"YouTube video player\" src=\"https:\/\/www.youtube.com\/embed\/Z0vu_2Z5Ilg\" width=\"560\" height=\"315\" frameborder=\"0\" allowfullscreen=\"allowfullscreen\"><\/iframe><\/p>\n<p>[\/vc_column_text][\/vc_column][\/vc_row][vc_row disable_element=\u00a0\u00bbyes\u00a0\u00bb][vc_column][vc_single_image image=\u00a0\u00bb6566&Prime; img_size=\u00a0\u00bbfull\u00a0\u00bb][\/vc_column][\/vc_row][vc_row][vc_column width=\u00a0\u00bb1\/2&Prime;][vc_btn title=\u00a0\u00bbFiche technique\u00a0\u00bb style=\u00a0\u00bbcustom\u00a0\u00bb custom_background=\u00a0\u00bb#009bc2&Prime; custom_text=\u00a0\u00bb#ffffff\u00a0\u00bb shape=\u00a0\u00bbsquare\u00a0\u00bb link=\u00a0\u00bburl:https%3A%2F%2Fdrive.google.com%2Fdrive%2Ffolders%2F1j3A2vwvkTN_UwW_9ZOMlXQitAPCd0wDB|target:%20_blank|\u00a0\u00bb el_class=\u00a0\u00bbbtn_descargar_ficha\u00a0\u00bb][\/vc_column][vc_column width=\u00a0\u00bb1\/2&Prime;][vc_btn title=\u00a0\u00bbManuel d&rsquo;instrutions\u00a0\u00bb style=\u00a0\u00bbcustom\u00a0\u00bb custom_background=\u00a0\u00bb#009bc2&Prime; custom_text=\u00a0\u00bb#ffffff\u00a0\u00bb shape=\u00a0\u00bbsquare\u00a0\u00bb link=\u00a0\u00bburl:https%3A%2F%2Fnewgarden.es%2Ffr%2F%3Fpage_id%3D25150|target:%20_blank|\u00a0\u00bb el_class=\u00a0\u00bbbtn_descargar_ficha\u00a0\u00bb][\/vc_column][\/vc_row]<\/p>\n<\/section>","protected":false},"excerpt":{"rendered":"<h5 style=\"font-size: 12px;\"><strong>Lampadaire solaire hybride Pepita<\/strong><\/h5>\n","protected":false},"featured_media":57770,"template":"","meta":[],"product_cat":[651,1564],"product_tag":[],"class_list":{"0":"post-32758","1":"product","2":"type-product","3":"status-publish","4":"has-post-thumbnail","6":"product_cat-lightdeco-fr","7":"product_cat-lampadaire-et-appliques","9":"first","10":"instock","11":"taxable","12":"shipping-taxable","13":"purchasable","14":"product-type-variable","15":"has-default-attributes"},"yoast_head":"<!-- This site is optimized with the Yoast SEO plugin v24.2 - https:\/\/yoast.com\/wordpress\/plugins\/seo\/ -->\n<title>LAMPADAIRE SOLAIRE HYBRIDE PEPITA EXT\u00c9RIEUR<\/title>\n<meta name=\"description\" content=\"Le lampadaire solaire hybride PEPITA est un indispensable pour tous les jardins. Son syst\u00e8me de technologie hybride avanc\u00e9e combine la recharge solaire et\" \/>\n<meta name=\"robots\" content=\"index, follow, max-snippet:-1, max-image-preview:large, max-video-preview:-1\" \/>\n<link rel=\"canonical\" href=\"https:\/\/newgarden.es\/fr\/shop\/lightdeco-fr\/lampadaire-et-appliques\/lampadaire-solaire-paquita-copia\/\" \/>\n<meta property=\"og:locale\" content=\"fr_FR\" \/>\n<meta property=\"og:type\" content=\"article\" \/>\n<meta property=\"og:title\" content=\"LAMPADAIRE SOLAIRE HYBRIDE PEPITA EXT\u00c9RIEUR\" \/>\n<meta property=\"og:description\" content=\"Le lampadaire solaire hybride PEPITA est un indispensable pour tous les jardins. Son syst\u00e8me de technologie hybride avanc\u00e9e combine la recharge solaire et\" \/>\n<meta property=\"og:url\" content=\"https:\/\/newgarden.es\/fr\/shop\/lightdeco-fr\/lampadaire-et-appliques\/lampadaire-solaire-paquita-copia\/\" \/>\n<meta property=\"og:site_name\" content=\"Newgarden\" \/>\n<meta property=\"article:modified_time\" content=\"2022-02-02T16:07:41+00:00\" \/>\n<meta property=\"og:image\" content=\"https:\/\/newgarden.es\/wp-content\/uploads\/2021\/02\/PEPITA_FAROLA_1200X1200-7.jpg\" \/>\n\t<meta property=\"og:image:width\" content=\"1200\" \/>\n\t<meta property=\"og:image:height\" content=\"1200\" \/>\n\t<meta property=\"og:image:type\" content=\"image\/jpeg\" \/>\n<meta name=\"twitter:card\" content=\"summary_large_image\" \/>\n<meta name=\"twitter:label1\" content=\"Dur\u00e9e de lecture estim\u00e9e\" \/>\n\t<meta name=\"twitter:data1\" content=\"1 minute\" \/>\n<script type=\"application\/ld+json\" class=\"yoast-schema-graph\">{\"@context\":\"https:\/\/schema.org\",\"@graph\":[{\"@type\":\"WebPage\",\"@id\":\"https:\/\/newgarden.es\/fr\/shop\/lightdeco-fr\/lampadaire-et-appliques\/lampadaire-solaire-paquita-copia\/\",\"url\":\"https:\/\/newgarden.es\/fr\/shop\/lightdeco-fr\/lampadaire-et-appliques\/lampadaire-solaire-paquita-copia\/\",\"name\":\"LAMPADAIRE SOLAIRE HYBRIDE PEPITA EXT\u00c9RIEUR\",\"isPartOf\":{\"@id\":\"https:\/\/newgarden.es\/#website\"},\"primaryImageOfPage\":{\"@id\":\"https:\/\/newgarden.es\/fr\/shop\/lightdeco-fr\/lampadaire-et-appliques\/lampadaire-solaire-paquita-copia\/#primaryimage\"},\"image\":{\"@id\":\"https:\/\/newgarden.es\/fr\/shop\/lightdeco-fr\/lampadaire-et-appliques\/lampadaire-solaire-paquita-copia\/#primaryimage\"},\"thumbnailUrl\":\"https:\/\/newgarden.es\/wp-content\/uploads\/2021\/02\/PEPITA_FAROLA_1200X1200-7.jpg\",\"datePublished\":\"2021-02-10T10:39:14+00:00\",\"dateModified\":\"2022-02-02T16:07:41+00:00\",\"description\":\"Le lampadaire solaire hybride PEPITA est un indispensable pour tous les jardins. Son syst\u00e8me de technologie hybride avanc\u00e9e combine la recharge solaire et\",\"breadcrumb\":{\"@id\":\"https:\/\/newgarden.es\/fr\/shop\/lightdeco-fr\/lampadaire-et-appliques\/lampadaire-solaire-paquita-copia\/#breadcrumb\"},\"inLanguage\":\"fr-FR\",\"potentialAction\":[{\"@type\":\"ReadAction\",\"target\":[\"https:\/\/newgarden.es\/fr\/shop\/lightdeco-fr\/lampadaire-et-appliques\/lampadaire-solaire-paquita-copia\/\"]}]},{\"@type\":\"ImageObject\",\"inLanguage\":\"fr-FR\",\"@id\":\"https:\/\/newgarden.es\/fr\/shop\/lightdeco-fr\/lampadaire-et-appliques\/lampadaire-solaire-paquita-copia\/#primaryimage\",\"url\":\"https:\/\/newgarden.es\/wp-content\/uploads\/2021\/02\/PEPITA_FAROLA_1200X1200-7.jpg\",\"contentUrl\":\"https:\/\/newgarden.es\/wp-content\/uploads\/2021\/02\/PEPITA_FAROLA_1200X1200-7.jpg\",\"width\":1200,\"height\":1200},{\"@type\":\"BreadcrumbList\",\"@id\":\"https:\/\/newgarden.es\/fr\/shop\/lightdeco-fr\/lampadaire-et-appliques\/lampadaire-solaire-paquita-copia\/#breadcrumb\",\"itemListElement\":[{\"@type\":\"ListItem\",\"position\":1,\"name\":\"Home\",\"item\":\"https:\/\/newgarden.es\/fr\/\"},{\"@type\":\"ListItem\",\"position\":2,\"name\":\"Boutique\",\"item\":\"https:\/\/newgarden.es\/fr\/boutique\/\"},{\"@type\":\"ListItem\",\"position\":3,\"name\":\"LAMPADAIRE SOLAIRE HYBRIDE PEPITA\"}]},{\"@type\":\"WebSite\",\"@id\":\"https:\/\/newgarden.es\/#website\",\"url\":\"https:\/\/newgarden.es\/\",\"name\":\"Newgarden\",\"description\":\"Be happy\",\"potentialAction\":[{\"@type\":\"SearchAction\",\"target\":{\"@type\":\"EntryPoint\",\"urlTemplate\":\"https:\/\/newgarden.es\/?s={search_term_string}\"},\"query-input\":{\"@type\":\"PropertyValueSpecification\",\"valueRequired\":true,\"valueName\":\"search_term_string\"}}],\"inLanguage\":\"fr-FR\"}]}<\/script>\n<!-- \/ Yoast SEO plugin. -->","yoast_head_json":{"title":"LAMPADAIRE SOLAIRE HYBRIDE PEPITA EXT\u00c9RIEUR","description":"Le lampadaire solaire hybride PEPITA est un indispensable pour tous les jardins. Son syst\u00e8me de technologie hybride avanc\u00e9e combine la recharge solaire et","robots":{"index":"index","follow":"follow","max-snippet":"max-snippet:-1","max-image-preview":"max-image-preview:large","max-video-preview":"max-video-preview:-1"},"canonical":"https:\/\/newgarden.es\/fr\/shop\/lightdeco-fr\/lampadaire-et-appliques\/lampadaire-solaire-paquita-copia\/","og_locale":"fr_FR","og_type":"article","og_title":"LAMPADAIRE SOLAIRE HYBRIDE PEPITA EXT\u00c9RIEUR","og_description":"Le lampadaire solaire hybride PEPITA est un indispensable pour tous les jardins. Son syst\u00e8me de technologie hybride avanc\u00e9e combine la recharge solaire et","og_url":"https:\/\/newgarden.es\/fr\/shop\/lightdeco-fr\/lampadaire-et-appliques\/lampadaire-solaire-paquita-copia\/","og_site_name":"Newgarden","article_modified_time":"2022-02-02T16:07:41+00:00","og_image":[{"width":1200,"height":1200,"url":"https:\/\/newgarden.es\/wp-content\/uploads\/2021\/02\/PEPITA_FAROLA_1200X1200-7.jpg","type":"image\/jpeg"}],"twitter_card":"summary_large_image","twitter_misc":{"Dur\u00e9e de lecture estim\u00e9e":"1 minute"},"schema":{"@context":"https:\/\/schema.org","@graph":[{"@type":"WebPage","@id":"https:\/\/newgarden.es\/fr\/shop\/lightdeco-fr\/lampadaire-et-appliques\/lampadaire-solaire-paquita-copia\/","url":"https:\/\/newgarden.es\/fr\/shop\/lightdeco-fr\/lampadaire-et-appliques\/lampadaire-solaire-paquita-copia\/","name":"LAMPADAIRE SOLAIRE HYBRIDE PEPITA EXT\u00c9RIEUR","isPartOf":{"@id":"https:\/\/newgarden.es\/#website"},"primaryImageOfPage":{"@id":"https:\/\/newgarden.es\/fr\/shop\/lightdeco-fr\/lampadaire-et-appliques\/lampadaire-solaire-paquita-copia\/#primaryimage"},"image":{"@id":"https:\/\/newgarden.es\/fr\/shop\/lightdeco-fr\/lampadaire-et-appliques\/lampadaire-solaire-paquita-copia\/#primaryimage"},"thumbnailUrl":"https:\/\/newgarden.es\/wp-content\/uploads\/2021\/02\/PEPITA_FAROLA_1200X1200-7.jpg","datePublished":"2021-02-10T10:39:14+00:00","dateModified":"2022-02-02T16:07:41+00:00","description":"Le lampadaire solaire hybride PEPITA est un indispensable pour tous les jardins. Son syst\u00e8me de technologie hybride avanc\u00e9e combine la recharge solaire et","breadcrumb":{"@id":"https:\/\/newgarden.es\/fr\/shop\/lightdeco-fr\/lampadaire-et-appliques\/lampadaire-solaire-paquita-copia\/#breadcrumb"},"inLanguage":"fr-FR","potentialAction":[{"@type":"ReadAction","target":["https:\/\/newgarden.es\/fr\/shop\/lightdeco-fr\/lampadaire-et-appliques\/lampadaire-solaire-paquita-copia\/"]}]},{"@type":"ImageObject","inLanguage":"fr-FR","@id":"https:\/\/newgarden.es\/fr\/shop\/lightdeco-fr\/lampadaire-et-appliques\/lampadaire-solaire-paquita-copia\/#primaryimage","url":"https:\/\/newgarden.es\/wp-content\/uploads\/2021\/02\/PEPITA_FAROLA_1200X1200-7.jpg","contentUrl":"https:\/\/newgarden.es\/wp-content\/uploads\/2021\/02\/PEPITA_FAROLA_1200X1200-7.jpg","width":1200,"height":1200},{"@type":"BreadcrumbList","@id":"https:\/\/newgarden.es\/fr\/shop\/lightdeco-fr\/lampadaire-et-appliques\/lampadaire-solaire-paquita-copia\/#breadcrumb","itemListElement":[{"@type":"ListItem","position":1,"name":"Home","item":"https:\/\/newgarden.es\/fr\/"},{"@type":"ListItem","position":2,"name":"Boutique","item":"https:\/\/newgarden.es\/fr\/boutique\/"},{"@type":"ListItem","position":3,"name":"LAMPADAIRE SOLAIRE HYBRIDE PEPITA"}]},{"@type":"WebSite","@id":"https:\/\/newgarden.es\/#website","url":"https:\/\/newgarden.es\/","name":"Newgarden","description":"Be happy","potentialAction":[{"@type":"SearchAction","target":{"@type":"EntryPoint","urlTemplate":"https:\/\/newgarden.es\/?s={search_term_string}"},"query-input":{"@type":"PropertyValueSpecification","valueRequired":true,"valueName":"search_term_string"}}],"inLanguage":"fr-FR"}]}},"df_price":299,"df_sale_price":"","df_regular_price":299,"df_image_link":"https:\/\/newgarden.es\/wp-content\/uploads\/2021\/02\/PEPITA_FAROLA_1200X1200-7-580x400.jpg","_links":{"self":[{"href":"https:\/\/newgarden.es\/fr\/wp-json\/wp\/v2\/product\/32758"}],"collection":[{"href":"https:\/\/newgarden.es\/fr\/wp-json\/wp\/v2\/product"}],"about":[{"href":"https:\/\/newgarden.es\/fr\/wp-json\/wp\/v2\/types\/product"}],"wp:featuredmedia":[{"embeddable":true,"href":"https:\/\/newgarden.es\/fr\/wp-json\/wp\/v2\/media\/57770"}],"wp:attachment":[{"href":"https:\/\/newgarden.es\/fr\/wp-json\/wp\/v2\/media?parent=32758"}],"wp:term":[{"taxonomy":"product_cat","embeddable":true,"href":"https:\/\/newgarden.es\/fr\/wp-json\/wp\/v2\/product_cat?post=32758"},{"taxonomy":"product_tag","embeddable":true,"href":"https:\/\/newgarden.es\/fr\/wp-json\/wp\/v2\/product_tag?post=32758"}],"curies":[{"name":"wp","href":"https:\/\/api.w.org\/{rel}","templated":true}]}}