{"id":32912,"date":"2021-02-10T13:28:34","date_gmt":"2021-02-10T12:28:35","guid":{"rendered":"https:\/\/newgarden.es\/?post_type=product&#038;p=32912"},"modified":"2022-01-24T10:08:07","modified_gmt":"2022-01-24T09:08:07","slug":"lampe-a-suspension-sans-cables-benirras","status":"publish","type":"product","link":"https:\/\/newgarden.es\/fr\/shop\/lightdeco-fr\/lampes-suspendues\/lampe-a-suspension-sans-cables-benirras\/","title":{"rendered":"LAMPE SUSPENSION SANS FIL BENIRR\u00c1S"},"content":{"rendered":"<section class=\"wpb-content-wrapper\"><p>[vc_row][vc_column][vc_column_text][\/vc_column_text][\/vc_column][\/vc_row][vc_row][vc_column][vc_column_text]La suspension\u00a0sans fil\u00a0<strong>BENIRRAS<\/strong>\u00a0est fabriqu\u00e9e \u00e0 la main \u00e0 partir de fibres naturelles. Elle n&rsquo;a pas besoin\u00a0d&rsquo;installations sp\u00e9cifiques.\u00a0Il\u00a0vous suffira\u00a0de l&rsquo;accrocher o\u00f9 vous voulez, car elle poss\u00e8de une ampoule portable rechargeable de 900 lumens int\u00e9gr\u00e9e. Cette ampoule comprend \u00e9galement une t\u00e9l\u00e9commande qui permet de l&rsquo;allumer, de l&rsquo;\u00e9teindre et de r\u00e9gler son intensit\u00e9. Elle\u00a0est dot\u00e9e d&rsquo;un cordon de 3m de longueur.<\/p>\n<ul class=\"tablaTech\">\n<li>\n<div class=\"boxContents no-border\">\n<div class=\"name\"><strong>TAILLE<\/strong><\/div>\n<div class=\"data\">\u00f835 x 35 cm<\/div>\n<\/div>\n<\/li>\n<\/ul>\n<p>[\/vc_column_text][vc_video link=\u00a0\u00bbhttps:\/\/youtu.be\/n_vKOcmdnmY\u00a0\u00bb][\/vc_column][\/vc_row][vc_row][vc_column width=\u00a0\u00bb1\/2&Prime;][vc_btn title=\u00a0\u00bbFiche technique\u00a0\u00bb style=\u00a0\u00bbcustom\u00a0\u00bb custom_background=\u00a0\u00bb#009bc2&Prime; custom_text=\u00a0\u00bb#ffffff\u00a0\u00bb shape=\u00a0\u00bbsquare\u00a0\u00bb el_class=\u00a0\u00bbbtn_descargar_ficha\u00a0\u00bb link=\u00a0\u00bburl:https%3A%2F%2Fdrive.google.com%2Fdrive%2Ffolders%2F1B7rPk2T-oT5ryzVROevCv-r-2eJUZREA|target:%20_blank|\u00a0\u00bb][\/vc_column][vc_column width=\u00a0\u00bb1\/2&Prime;][vc_btn title=\u00a0\u00bbManuel d&rsquo;instrutions\u00a0\u00bb style=\u00a0\u00bbcustom\u00a0\u00bb custom_background=\u00a0\u00bb#009bc2&Prime; custom_text=\u00a0\u00bb#ffffff\u00a0\u00bb shape=\u00a0\u00bbsquare\u00a0\u00bb el_class=\u00a0\u00bbbtn_descargar_ficha\u00a0\u00bb link=\u00a0\u00bbtarget:%20_blank|\u00a0\u00bb][\/vc_column][\/vc_row]<\/p>\n<\/section>","protected":false},"excerpt":{"rendered":"<h5><strong>Lampe suspension Benirr\u00e1s sans fil<\/strong><\/h5>\n","protected":false},"featured_media":63166,"template":"","meta":[],"product_cat":[651,1569,744],"product_tag":[653,707],"class_list":{"0":"post-32912","1":"product","2":"type-product","3":"status-publish","4":"has-post-thumbnail","6":"product_cat-lightdeco-fr","7":"product_cat-plafonniers-sans-fil","8":"product_cat-lampes-suspendues","9":"product_tag-batterie","10":"product_tag-sans-fil","12":"first","13":"instock","14":"taxable","15":"shipping-taxable","16":"purchasable","17":"product-type-variable","18":"has-default-attributes"},"yoast_head":"<!-- This site is optimized with the Yoast SEO plugin v24.2 - https:\/\/yoast.com\/wordpress\/plugins\/seo\/ -->\n<title>LAMPE SUSPENSION BENIRR\u00c1S SANS FIL EXT\u00c9RIEUR<\/title>\n<meta name=\"description\" content=\"La suspension sans fil BENIRRAS est fabriqu\u00e9e \u00e0 la main \u00e0 partir de fibres naturelles. Elle n&#039;a pas besoin d&#039;installations sp\u00e9cifiques. Il vous suffira de\" \/>\n<meta name=\"robots\" content=\"index, follow, max-snippet:-1, max-image-preview:large, max-video-preview:-1\" \/>\n<link rel=\"canonical\" href=\"https:\/\/newgarden.es\/fr\/shop\/lightdeco-fr\/lampes-suspendues\/lampe-a-suspension-sans-cables-benirras\/\" \/>\n<meta property=\"og:locale\" content=\"fr_FR\" \/>\n<meta property=\"og:type\" content=\"article\" \/>\n<meta property=\"og:title\" content=\"LAMPE SUSPENSION BENIRR\u00c1S SANS FIL EXT\u00c9RIEUR\" \/>\n<meta property=\"og:description\" content=\"La suspension sans fil BENIRRAS est fabriqu\u00e9e \u00e0 la main \u00e0 partir de fibres naturelles. Elle n&#039;a pas besoin d&#039;installations sp\u00e9cifiques. Il vous suffira de\" \/>\n<meta property=\"og:url\" content=\"https:\/\/newgarden.es\/fr\/shop\/lightdeco-fr\/lampes-suspendues\/lampe-a-suspension-sans-cables-benirras\/\" \/>\n<meta property=\"og:site_name\" content=\"Newgarden\" \/>\n<meta property=\"article:modified_time\" content=\"2022-01-24T09:08:07+00:00\" \/>\n<meta property=\"og:image\" content=\"https:\/\/newgarden.es\/wp-content\/uploads\/2021\/02\/BENIRRAS_35_1200X1200-1-2.jpg\" \/>\n\t<meta property=\"og:image:width\" content=\"1200\" \/>\n\t<meta property=\"og:image:height\" content=\"1200\" \/>\n\t<meta property=\"og:image:type\" content=\"image\/jpeg\" \/>\n<meta name=\"twitter:card\" content=\"summary_large_image\" \/>\n<meta name=\"twitter:label1\" content=\"Dur\u00e9e de lecture estim\u00e9e\" \/>\n\t<meta name=\"twitter:data1\" content=\"1 minute\" \/>\n<script type=\"application\/ld+json\" class=\"yoast-schema-graph\">{\"@context\":\"https:\/\/schema.org\",\"@graph\":[{\"@type\":\"WebPage\",\"@id\":\"https:\/\/newgarden.es\/fr\/shop\/lightdeco-fr\/lampes-suspendues\/lampe-a-suspension-sans-cables-benirras\/\",\"url\":\"https:\/\/newgarden.es\/fr\/shop\/lightdeco-fr\/lampes-suspendues\/lampe-a-suspension-sans-cables-benirras\/\",\"name\":\"LAMPE SUSPENSION BENIRR\u00c1S SANS FIL EXT\u00c9RIEUR\",\"isPartOf\":{\"@id\":\"https:\/\/newgarden.es\/#website\"},\"primaryImageOfPage\":{\"@id\":\"https:\/\/newgarden.es\/fr\/shop\/lightdeco-fr\/lampes-suspendues\/lampe-a-suspension-sans-cables-benirras\/#primaryimage\"},\"image\":{\"@id\":\"https:\/\/newgarden.es\/fr\/shop\/lightdeco-fr\/lampes-suspendues\/lampe-a-suspension-sans-cables-benirras\/#primaryimage\"},\"thumbnailUrl\":\"https:\/\/newgarden.es\/wp-content\/uploads\/2021\/02\/BENIRRAS_35_1200X1200-1-2.jpg\",\"datePublished\":\"2021-02-10T12:28:35+00:00\",\"dateModified\":\"2022-01-24T09:08:07+00:00\",\"description\":\"La suspension sans fil BENIRRAS est fabriqu\u00e9e \u00e0 la main \u00e0 partir de fibres naturelles. Elle n'a pas besoin d'installations sp\u00e9cifiques. Il vous suffira de\",\"breadcrumb\":{\"@id\":\"https:\/\/newgarden.es\/fr\/shop\/lightdeco-fr\/lampes-suspendues\/lampe-a-suspension-sans-cables-benirras\/#breadcrumb\"},\"inLanguage\":\"fr-FR\",\"potentialAction\":[{\"@type\":\"ReadAction\",\"target\":[\"https:\/\/newgarden.es\/fr\/shop\/lightdeco-fr\/lampes-suspendues\/lampe-a-suspension-sans-cables-benirras\/\"]}]},{\"@type\":\"ImageObject\",\"inLanguage\":\"fr-FR\",\"@id\":\"https:\/\/newgarden.es\/fr\/shop\/lightdeco-fr\/lampes-suspendues\/lampe-a-suspension-sans-cables-benirras\/#primaryimage\",\"url\":\"https:\/\/newgarden.es\/wp-content\/uploads\/2021\/02\/BENIRRAS_35_1200X1200-1-2.jpg\",\"contentUrl\":\"https:\/\/newgarden.es\/wp-content\/uploads\/2021\/02\/BENIRRAS_35_1200X1200-1-2.jpg\",\"width\":1200,\"height\":1200},{\"@type\":\"BreadcrumbList\",\"@id\":\"https:\/\/newgarden.es\/fr\/shop\/lightdeco-fr\/lampes-suspendues\/lampe-a-suspension-sans-cables-benirras\/#breadcrumb\",\"itemListElement\":[{\"@type\":\"ListItem\",\"position\":1,\"name\":\"Home\",\"item\":\"https:\/\/newgarden.es\/fr\/\"},{\"@type\":\"ListItem\",\"position\":2,\"name\":\"Boutique\",\"item\":\"https:\/\/newgarden.es\/fr\/boutique\/\"},{\"@type\":\"ListItem\",\"position\":3,\"name\":\"LAMPE SUSPENSION SANS FIL BENIRR\u00c1S\"}]},{\"@type\":\"WebSite\",\"@id\":\"https:\/\/newgarden.es\/#website\",\"url\":\"https:\/\/newgarden.es\/\",\"name\":\"Newgarden\",\"description\":\"Be happy\",\"potentialAction\":[{\"@type\":\"SearchAction\",\"target\":{\"@type\":\"EntryPoint\",\"urlTemplate\":\"https:\/\/newgarden.es\/?s={search_term_string}\"},\"query-input\":{\"@type\":\"PropertyValueSpecification\",\"valueRequired\":true,\"valueName\":\"search_term_string\"}}],\"inLanguage\":\"fr-FR\"}]}<\/script>\n<!-- \/ Yoast SEO plugin. -->","yoast_head_json":{"title":"LAMPE SUSPENSION BENIRR\u00c1S SANS FIL EXT\u00c9RIEUR","description":"La suspension sans fil BENIRRAS est fabriqu\u00e9e \u00e0 la main \u00e0 partir de fibres naturelles. Elle n'a pas besoin d'installations sp\u00e9cifiques. Il vous suffira de","robots":{"index":"index","follow":"follow","max-snippet":"max-snippet:-1","max-image-preview":"max-image-preview:large","max-video-preview":"max-video-preview:-1"},"canonical":"https:\/\/newgarden.es\/fr\/shop\/lightdeco-fr\/lampes-suspendues\/lampe-a-suspension-sans-cables-benirras\/","og_locale":"fr_FR","og_type":"article","og_title":"LAMPE SUSPENSION BENIRR\u00c1S SANS FIL EXT\u00c9RIEUR","og_description":"La suspension sans fil BENIRRAS est fabriqu\u00e9e \u00e0 la main \u00e0 partir de fibres naturelles. Elle n'a pas besoin d'installations sp\u00e9cifiques. Il vous suffira de","og_url":"https:\/\/newgarden.es\/fr\/shop\/lightdeco-fr\/lampes-suspendues\/lampe-a-suspension-sans-cables-benirras\/","og_site_name":"Newgarden","article_modified_time":"2022-01-24T09:08:07+00:00","og_image":[{"width":1200,"height":1200,"url":"https:\/\/newgarden.es\/wp-content\/uploads\/2021\/02\/BENIRRAS_35_1200X1200-1-2.jpg","type":"image\/jpeg"}],"twitter_card":"summary_large_image","twitter_misc":{"Dur\u00e9e de lecture estim\u00e9e":"1 minute"},"schema":{"@context":"https:\/\/schema.org","@graph":[{"@type":"WebPage","@id":"https:\/\/newgarden.es\/fr\/shop\/lightdeco-fr\/lampes-suspendues\/lampe-a-suspension-sans-cables-benirras\/","url":"https:\/\/newgarden.es\/fr\/shop\/lightdeco-fr\/lampes-suspendues\/lampe-a-suspension-sans-cables-benirras\/","name":"LAMPE SUSPENSION BENIRR\u00c1S SANS FIL EXT\u00c9RIEUR","isPartOf":{"@id":"https:\/\/newgarden.es\/#website"},"primaryImageOfPage":{"@id":"https:\/\/newgarden.es\/fr\/shop\/lightdeco-fr\/lampes-suspendues\/lampe-a-suspension-sans-cables-benirras\/#primaryimage"},"image":{"@id":"https:\/\/newgarden.es\/fr\/shop\/lightdeco-fr\/lampes-suspendues\/lampe-a-suspension-sans-cables-benirras\/#primaryimage"},"thumbnailUrl":"https:\/\/newgarden.es\/wp-content\/uploads\/2021\/02\/BENIRRAS_35_1200X1200-1-2.jpg","datePublished":"2021-02-10T12:28:35+00:00","dateModified":"2022-01-24T09:08:07+00:00","description":"La suspension sans fil BENIRRAS est fabriqu\u00e9e \u00e0 la main \u00e0 partir de fibres naturelles. Elle n'a pas besoin d'installations sp\u00e9cifiques. Il vous suffira de","breadcrumb":{"@id":"https:\/\/newgarden.es\/fr\/shop\/lightdeco-fr\/lampes-suspendues\/lampe-a-suspension-sans-cables-benirras\/#breadcrumb"},"inLanguage":"fr-FR","potentialAction":[{"@type":"ReadAction","target":["https:\/\/newgarden.es\/fr\/shop\/lightdeco-fr\/lampes-suspendues\/lampe-a-suspension-sans-cables-benirras\/"]}]},{"@type":"ImageObject","inLanguage":"fr-FR","@id":"https:\/\/newgarden.es\/fr\/shop\/lightdeco-fr\/lampes-suspendues\/lampe-a-suspension-sans-cables-benirras\/#primaryimage","url":"https:\/\/newgarden.es\/wp-content\/uploads\/2021\/02\/BENIRRAS_35_1200X1200-1-2.jpg","contentUrl":"https:\/\/newgarden.es\/wp-content\/uploads\/2021\/02\/BENIRRAS_35_1200X1200-1-2.jpg","width":1200,"height":1200},{"@type":"BreadcrumbList","@id":"https:\/\/newgarden.es\/fr\/shop\/lightdeco-fr\/lampes-suspendues\/lampe-a-suspension-sans-cables-benirras\/#breadcrumb","itemListElement":[{"@type":"ListItem","position":1,"name":"Home","item":"https:\/\/newgarden.es\/fr\/"},{"@type":"ListItem","position":2,"name":"Boutique","item":"https:\/\/newgarden.es\/fr\/boutique\/"},{"@type":"ListItem","position":3,"name":"LAMPE SUSPENSION SANS FIL BENIRR\u00c1S"}]},{"@type":"WebSite","@id":"https:\/\/newgarden.es\/#website","url":"https:\/\/newgarden.es\/","name":"Newgarden","description":"Be happy","potentialAction":[{"@type":"SearchAction","target":{"@type":"EntryPoint","urlTemplate":"https:\/\/newgarden.es\/?s={search_term_string}"},"query-input":{"@type":"PropertyValueSpecification","valueRequired":true,"valueName":"search_term_string"}}],"inLanguage":"fr-FR"}]}},"df_price":46,"df_sale_price":"","df_regular_price":46,"df_image_link":"https:\/\/newgarden.es\/wp-content\/uploads\/2021\/02\/BENIRRAS_35_1200X1200-1-2-580x400.jpg","_links":{"self":[{"href":"https:\/\/newgarden.es\/fr\/wp-json\/wp\/v2\/product\/32912"}],"collection":[{"href":"https:\/\/newgarden.es\/fr\/wp-json\/wp\/v2\/product"}],"about":[{"href":"https:\/\/newgarden.es\/fr\/wp-json\/wp\/v2\/types\/product"}],"wp:featuredmedia":[{"embeddable":true,"href":"https:\/\/newgarden.es\/fr\/wp-json\/wp\/v2\/media\/63166"}],"wp:attachment":[{"href":"https:\/\/newgarden.es\/fr\/wp-json\/wp\/v2\/media?parent=32912"}],"wp:term":[{"taxonomy":"product_cat","embeddable":true,"href":"https:\/\/newgarden.es\/fr\/wp-json\/wp\/v2\/product_cat?post=32912"},{"taxonomy":"product_tag","embeddable":true,"href":"https:\/\/newgarden.es\/fr\/wp-json\/wp\/v2\/product_tag?post=32912"}],"curies":[{"name":"wp","href":"https:\/\/api.w.org\/{rel}","templated":true}]}}