{"id":32940,"date":"2021-02-10T14:32:41","date_gmt":"2021-02-10T13:32:42","guid":{"rendered":"https:\/\/newgarden.es\/?post_type=product&#038;p=32940"},"modified":"2023-01-10T11:45:23","modified_gmt":"2023-01-10T10:45:23","slug":"lampe-a-suspension-sans-fil-positano","status":"publish","type":"product","link":"https:\/\/newgarden.es\/fr\/shop\/lightdeco-fr\/lampes-suspendues\/lampe-a-suspension-sans-fil-positano\/","title":{"rendered":"LAMPE SUSPENSION SANS FIL POSITANO"},"content":{"rendered":"<section class=\"wpb-content-wrapper\"><p>[vc_row][vc_column][vc_column_text][\/vc_column_text][\/vc_column][\/vc_row][vc_row][vc_column][vc_column_text]La suspension sans fil\u00a0<strong>POSITANO\u00a0<\/strong>est fabriqu\u00e9e \u00e0 la main \u00e0 partir de fibres naturelles. Elle n&rsquo;a pas besoin d&rsquo;installations sp\u00e9cifiques.\u00a0Il vous suffira de l&rsquo;accrocher o\u00f9 vous voulez, car elle poss\u00e8de une ampoule portable rechargeable de 900 lumens int\u00e9gr\u00e9e. Cette ampoule comprend \u00e9galement une t\u00e9l\u00e9commande qui permet de l&rsquo;allumer, de l&rsquo;\u00e9teindre et de r\u00e9gler son intensit\u00e9.<br \/>\nElle est dot\u00e9e d&rsquo;un cordon de 3m de longueur.<\/p>\n<p>&nbsp;<\/p>\n<ul class=\"tablaTech\">\n<li>\n<div class=\"boxContents no-border\">\n<div class=\"name\"><strong>TAILLE<\/strong><\/div>\n<div class=\"data\">\u00f833 x 35 cm<\/div>\n<\/div>\n<\/li>\n<\/ul>\n<p>[\/vc_column_text][vc_video link=\u00a0\u00bbhttps:\/\/youtu.be\/vdhcxDVpATo\u00a0\u00bb][\/vc_column][\/vc_row][vc_row][vc_column width=\u00a0\u00bb1\/2&Prime;][vc_btn title=\u00a0\u00bbFiche technique\u00a0\u00bb style=\u00a0\u00bbcustom\u00a0\u00bb custom_background=\u00a0\u00bb#009bc2&Prime; custom_text=\u00a0\u00bb#ffffff\u00a0\u00bb shape=\u00a0\u00bbsquare\u00a0\u00bb el_class=\u00a0\u00bbbtn_descargar_ficha\u00a0\u00bb link=\u00a0\u00bburl:https%3A%2F%2Fdrive.google.com%2Fdrive%2Ffolders%2F10D5SSuP8yONExGIjK_GWR_lKer4iIyPU|target:%20_blank|\u00a0\u00bb][\/vc_column][vc_column width=\u00a0\u00bb1\/2&Prime;][vc_btn title=\u00a0\u00bbManuel d&rsquo;instrutions\u00a0\u00bb style=\u00a0\u00bbcustom\u00a0\u00bb custom_background=\u00a0\u00bb#009bc2&Prime; custom_text=\u00a0\u00bb#ffffff\u00a0\u00bb shape=\u00a0\u00bbsquare\u00a0\u00bb el_class=\u00a0\u00bbbtn_descargar_ficha\u00a0\u00bb link=\u00a0\u00bbtarget:%20_blank|\u00a0\u00bb][\/vc_column][\/vc_row]<\/p>\n<\/section>","protected":false},"excerpt":{"rendered":"<h5><strong>Lampe suspension Positano sans fil<\/strong><\/h5>\n","protected":false},"featured_media":57470,"template":"","meta":[],"product_cat":[651,1569,744],"product_tag":[653,707],"class_list":{"0":"post-32940","1":"product","2":"type-product","3":"status-publish","4":"has-post-thumbnail","6":"product_cat-lightdeco-fr","7":"product_cat-plafonniers-sans-fil","8":"product_cat-lampes-suspendues","9":"product_tag-batterie","10":"product_tag-sans-fil","12":"first","13":"instock","14":"taxable","15":"shipping-taxable","16":"purchasable","17":"product-type-variable"},"yoast_head":"<!-- This site is optimized with the Yoast SEO plugin v24.2 - https:\/\/yoast.com\/wordpress\/plugins\/seo\/ -->\n<title>LAMPE SUSPENSION POSITANO SANS FIL EXT\u00c9RIEUR<\/title>\n<meta name=\"description\" content=\"La suspension sans fil POSITANO est fabriqu\u00e9e \u00e0 la main \u00e0 partir de fibres naturelles. Elle n&#039;a pas besoin d&#039;installations sp\u00e9cifiques. Il vous suffira de\" \/>\n<meta name=\"robots\" content=\"index, follow, max-snippet:-1, max-image-preview:large, max-video-preview:-1\" \/>\n<link rel=\"canonical\" href=\"https:\/\/newgarden.es\/fr\/shop\/lightdeco-fr\/lampes-suspendues\/lampe-a-suspension-sans-fil-positano\/\" \/>\n<meta property=\"og:locale\" content=\"fr_FR\" \/>\n<meta property=\"og:type\" content=\"article\" \/>\n<meta property=\"og:title\" content=\"LAMPE SUSPENSION POSITANO SANS FIL EXT\u00c9RIEUR\" \/>\n<meta property=\"og:description\" content=\"La suspension sans fil POSITANO est fabriqu\u00e9e \u00e0 la main \u00e0 partir de fibres naturelles. Elle n&#039;a pas besoin d&#039;installations sp\u00e9cifiques. Il vous suffira de\" \/>\n<meta property=\"og:url\" content=\"https:\/\/newgarden.es\/fr\/shop\/lightdeco-fr\/lampes-suspendues\/lampe-a-suspension-sans-fil-positano\/\" \/>\n<meta property=\"og:site_name\" content=\"Newgarden\" \/>\n<meta property=\"article:modified_time\" content=\"2023-01-10T10:45:23+00:00\" \/>\n<meta property=\"og:image\" content=\"https:\/\/newgarden.es\/wp-content\/uploads\/2021\/02\/POSITANO_1200X1200-7.jpg\" \/>\n\t<meta property=\"og:image:width\" content=\"1200\" \/>\n\t<meta property=\"og:image:height\" content=\"1200\" \/>\n\t<meta property=\"og:image:type\" content=\"image\/jpeg\" \/>\n<meta name=\"twitter:card\" content=\"summary_large_image\" \/>\n<meta name=\"twitter:label1\" content=\"Dur\u00e9e de lecture estim\u00e9e\" \/>\n\t<meta name=\"twitter:data1\" content=\"1 minute\" \/>\n<script type=\"application\/ld+json\" class=\"yoast-schema-graph\">{\"@context\":\"https:\/\/schema.org\",\"@graph\":[{\"@type\":\"WebPage\",\"@id\":\"https:\/\/newgarden.es\/fr\/shop\/lightdeco-fr\/lampes-suspendues\/lampe-a-suspension-sans-fil-positano\/\",\"url\":\"https:\/\/newgarden.es\/fr\/shop\/lightdeco-fr\/lampes-suspendues\/lampe-a-suspension-sans-fil-positano\/\",\"name\":\"LAMPE SUSPENSION POSITANO SANS FIL EXT\u00c9RIEUR\",\"isPartOf\":{\"@id\":\"https:\/\/newgarden.es\/#website\"},\"primaryImageOfPage\":{\"@id\":\"https:\/\/newgarden.es\/fr\/shop\/lightdeco-fr\/lampes-suspendues\/lampe-a-suspension-sans-fil-positano\/#primaryimage\"},\"image\":{\"@id\":\"https:\/\/newgarden.es\/fr\/shop\/lightdeco-fr\/lampes-suspendues\/lampe-a-suspension-sans-fil-positano\/#primaryimage\"},\"thumbnailUrl\":\"https:\/\/newgarden.es\/wp-content\/uploads\/2021\/02\/POSITANO_1200X1200-7.jpg\",\"datePublished\":\"2021-02-10T13:32:42+00:00\",\"dateModified\":\"2023-01-10T10:45:23+00:00\",\"description\":\"La suspension sans fil POSITANO est fabriqu\u00e9e \u00e0 la main \u00e0 partir de fibres naturelles. Elle n'a pas besoin d'installations sp\u00e9cifiques. Il vous suffira de\",\"breadcrumb\":{\"@id\":\"https:\/\/newgarden.es\/fr\/shop\/lightdeco-fr\/lampes-suspendues\/lampe-a-suspension-sans-fil-positano\/#breadcrumb\"},\"inLanguage\":\"fr-FR\",\"potentialAction\":[{\"@type\":\"ReadAction\",\"target\":[\"https:\/\/newgarden.es\/fr\/shop\/lightdeco-fr\/lampes-suspendues\/lampe-a-suspension-sans-fil-positano\/\"]}]},{\"@type\":\"ImageObject\",\"inLanguage\":\"fr-FR\",\"@id\":\"https:\/\/newgarden.es\/fr\/shop\/lightdeco-fr\/lampes-suspendues\/lampe-a-suspension-sans-fil-positano\/#primaryimage\",\"url\":\"https:\/\/newgarden.es\/wp-content\/uploads\/2021\/02\/POSITANO_1200X1200-7.jpg\",\"contentUrl\":\"https:\/\/newgarden.es\/wp-content\/uploads\/2021\/02\/POSITANO_1200X1200-7.jpg\",\"width\":1200,\"height\":1200},{\"@type\":\"BreadcrumbList\",\"@id\":\"https:\/\/newgarden.es\/fr\/shop\/lightdeco-fr\/lampes-suspendues\/lampe-a-suspension-sans-fil-positano\/#breadcrumb\",\"itemListElement\":[{\"@type\":\"ListItem\",\"position\":1,\"name\":\"Home\",\"item\":\"https:\/\/newgarden.es\/fr\/\"},{\"@type\":\"ListItem\",\"position\":2,\"name\":\"Boutique\",\"item\":\"https:\/\/newgarden.es\/fr\/boutique\/\"},{\"@type\":\"ListItem\",\"position\":3,\"name\":\"LAMPE SUSPENSION SANS FIL POSITANO\"}]},{\"@type\":\"WebSite\",\"@id\":\"https:\/\/newgarden.es\/#website\",\"url\":\"https:\/\/newgarden.es\/\",\"name\":\"Newgarden\",\"description\":\"Be happy\",\"potentialAction\":[{\"@type\":\"SearchAction\",\"target\":{\"@type\":\"EntryPoint\",\"urlTemplate\":\"https:\/\/newgarden.es\/?s={search_term_string}\"},\"query-input\":{\"@type\":\"PropertyValueSpecification\",\"valueRequired\":true,\"valueName\":\"search_term_string\"}}],\"inLanguage\":\"fr-FR\"}]}<\/script>\n<!-- \/ Yoast SEO plugin. -->","yoast_head_json":{"title":"LAMPE SUSPENSION POSITANO SANS FIL EXT\u00c9RIEUR","description":"La suspension sans fil POSITANO est fabriqu\u00e9e \u00e0 la main \u00e0 partir de fibres naturelles. Elle n'a pas besoin d'installations sp\u00e9cifiques. Il vous suffira de","robots":{"index":"index","follow":"follow","max-snippet":"max-snippet:-1","max-image-preview":"max-image-preview:large","max-video-preview":"max-video-preview:-1"},"canonical":"https:\/\/newgarden.es\/fr\/shop\/lightdeco-fr\/lampes-suspendues\/lampe-a-suspension-sans-fil-positano\/","og_locale":"fr_FR","og_type":"article","og_title":"LAMPE SUSPENSION POSITANO SANS FIL EXT\u00c9RIEUR","og_description":"La suspension sans fil POSITANO est fabriqu\u00e9e \u00e0 la main \u00e0 partir de fibres naturelles. Elle n'a pas besoin d'installations sp\u00e9cifiques. Il vous suffira de","og_url":"https:\/\/newgarden.es\/fr\/shop\/lightdeco-fr\/lampes-suspendues\/lampe-a-suspension-sans-fil-positano\/","og_site_name":"Newgarden","article_modified_time":"2023-01-10T10:45:23+00:00","og_image":[{"width":1200,"height":1200,"url":"https:\/\/newgarden.es\/wp-content\/uploads\/2021\/02\/POSITANO_1200X1200-7.jpg","type":"image\/jpeg"}],"twitter_card":"summary_large_image","twitter_misc":{"Dur\u00e9e de lecture estim\u00e9e":"1 minute"},"schema":{"@context":"https:\/\/schema.org","@graph":[{"@type":"WebPage","@id":"https:\/\/newgarden.es\/fr\/shop\/lightdeco-fr\/lampes-suspendues\/lampe-a-suspension-sans-fil-positano\/","url":"https:\/\/newgarden.es\/fr\/shop\/lightdeco-fr\/lampes-suspendues\/lampe-a-suspension-sans-fil-positano\/","name":"LAMPE SUSPENSION POSITANO SANS FIL EXT\u00c9RIEUR","isPartOf":{"@id":"https:\/\/newgarden.es\/#website"},"primaryImageOfPage":{"@id":"https:\/\/newgarden.es\/fr\/shop\/lightdeco-fr\/lampes-suspendues\/lampe-a-suspension-sans-fil-positano\/#primaryimage"},"image":{"@id":"https:\/\/newgarden.es\/fr\/shop\/lightdeco-fr\/lampes-suspendues\/lampe-a-suspension-sans-fil-positano\/#primaryimage"},"thumbnailUrl":"https:\/\/newgarden.es\/wp-content\/uploads\/2021\/02\/POSITANO_1200X1200-7.jpg","datePublished":"2021-02-10T13:32:42+00:00","dateModified":"2023-01-10T10:45:23+00:00","description":"La suspension sans fil POSITANO est fabriqu\u00e9e \u00e0 la main \u00e0 partir de fibres naturelles. Elle n'a pas besoin d'installations sp\u00e9cifiques. Il vous suffira de","breadcrumb":{"@id":"https:\/\/newgarden.es\/fr\/shop\/lightdeco-fr\/lampes-suspendues\/lampe-a-suspension-sans-fil-positano\/#breadcrumb"},"inLanguage":"fr-FR","potentialAction":[{"@type":"ReadAction","target":["https:\/\/newgarden.es\/fr\/shop\/lightdeco-fr\/lampes-suspendues\/lampe-a-suspension-sans-fil-positano\/"]}]},{"@type":"ImageObject","inLanguage":"fr-FR","@id":"https:\/\/newgarden.es\/fr\/shop\/lightdeco-fr\/lampes-suspendues\/lampe-a-suspension-sans-fil-positano\/#primaryimage","url":"https:\/\/newgarden.es\/wp-content\/uploads\/2021\/02\/POSITANO_1200X1200-7.jpg","contentUrl":"https:\/\/newgarden.es\/wp-content\/uploads\/2021\/02\/POSITANO_1200X1200-7.jpg","width":1200,"height":1200},{"@type":"BreadcrumbList","@id":"https:\/\/newgarden.es\/fr\/shop\/lightdeco-fr\/lampes-suspendues\/lampe-a-suspension-sans-fil-positano\/#breadcrumb","itemListElement":[{"@type":"ListItem","position":1,"name":"Home","item":"https:\/\/newgarden.es\/fr\/"},{"@type":"ListItem","position":2,"name":"Boutique","item":"https:\/\/newgarden.es\/fr\/boutique\/"},{"@type":"ListItem","position":3,"name":"LAMPE SUSPENSION SANS FIL POSITANO"}]},{"@type":"WebSite","@id":"https:\/\/newgarden.es\/#website","url":"https:\/\/newgarden.es\/","name":"Newgarden","description":"Be happy","potentialAction":[{"@type":"SearchAction","target":{"@type":"EntryPoint","urlTemplate":"https:\/\/newgarden.es\/?s={search_term_string}"},"query-input":{"@type":"PropertyValueSpecification","valueRequired":true,"valueName":"search_term_string"}}],"inLanguage":"fr-FR"}]}},"df_price":46,"df_sale_price":"","df_regular_price":46,"df_image_link":"https:\/\/newgarden.es\/wp-content\/uploads\/2021\/02\/POSITANO_1200X1200-7-580x400.jpg","_links":{"self":[{"href":"https:\/\/newgarden.es\/fr\/wp-json\/wp\/v2\/product\/32940"}],"collection":[{"href":"https:\/\/newgarden.es\/fr\/wp-json\/wp\/v2\/product"}],"about":[{"href":"https:\/\/newgarden.es\/fr\/wp-json\/wp\/v2\/types\/product"}],"wp:featuredmedia":[{"embeddable":true,"href":"https:\/\/newgarden.es\/fr\/wp-json\/wp\/v2\/media\/57470"}],"wp:attachment":[{"href":"https:\/\/newgarden.es\/fr\/wp-json\/wp\/v2\/media?parent=32940"}],"wp:term":[{"taxonomy":"product_cat","embeddable":true,"href":"https:\/\/newgarden.es\/fr\/wp-json\/wp\/v2\/product_cat?post=32940"},{"taxonomy":"product_tag","embeddable":true,"href":"https:\/\/newgarden.es\/fr\/wp-json\/wp\/v2\/product_tag?post=32940"}],"curies":[{"name":"wp","href":"https:\/\/api.w.org\/{rel}","templated":true}]}}