{"id":33298,"date":"2021-02-10T17:26:59","date_gmt":"2021-02-11T08:17:16","guid":{"rendered":"https:\/\/newgarden.es\/shop\/non%20class\u00e9\/ampoule-portable-rechargeable-cherry\/"},"modified":"2024-05-27T10:09:30","modified_gmt":"2024-05-27T08:09:30","slug":"ampoule-portable-rechargeable-cherry","status":"publish","type":"product","link":"https:\/\/newgarden.es\/fr\/shop\/lightdeco-fr\/lampes-suspendues\/ampoule-portable-rechargeable-cherry\/","title":{"rendered":"AMPOULE PORTABLE RECHARGEABLE CHERRY"},"content":{"rendered":"<section class=\"wpb-content-wrapper\"><p>[vc_row][vc_column][vc_column_text][\/vc_column_text][\/vc_column][\/vc_row][vc_row][vc_column][vc_column_text]L&rsquo;ampoule portable rechargeable Cherry ne n\u00e9cessite aucune installation, il suffit de l&rsquo;accrocher ou de l&rsquo;approcher d&rsquo;une zone m\u00e9tallique et elle adh\u00e9rera gr\u00e2ce \u00e0 sa base aimant\u00e9e.<\/p>\n<p>Cette ampoule comprend \u00e9galement une t\u00e9l\u00e9commande permettant de l&rsquo;allumer et de l&rsquo;\u00e9teindre et de r\u00e9gler son intensit\u00e9.<\/p>\n<p>Il a 900 lumens et une autonomie de 6 \u00e0 20 heures selon son intensit\u00e9.[\/vc_column_text][vc_video link=\u00a0\u00bbhttps:\/\/youtu.be\/Zo0FlNN_K5U\u00a0\u00bb][\/vc_column][\/vc_row][vc_row][vc_column width=\u00a0\u00bb1\/2&Prime;][vc_btn title=\u00a0\u00bbFiche technique\u00a0\u00bb style=\u00a0\u00bbcustom\u00a0\u00bb custom_background=\u00a0\u00bb#009bc2&Prime; custom_text=\u00a0\u00bb#ffffff\u00a0\u00bb shape=\u00a0\u00bbsquare\u00a0\u00bb link=\u00a0\u00bburl:https%3A%2F%2Fbit.ly%2F3bkqXNr|target:%20_blank|\u00a0\u00bb el_class=\u00a0\u00bbbtn_descargar_ficha\u00a0\u00bb][vc_btn title=\u00a0\u00bbFICHE TECHNIQUE BEIGE\u00a0\u00bb style=\u00a0\u00bbcustom\u00a0\u00bb custom_background=\u00a0\u00bb#009bc2&Prime; custom_text=\u00a0\u00bb#ffffff\u00a0\u00bb shape=\u00a0\u00bbsquare\u00a0\u00bb link=\u00a0\u00bburl:https%3A%2F%2Fbit.ly%2F39OBHTK|target:%20_blank|\u00a0\u00bb el_class=\u00a0\u00bbbtn_descargar_ficha\u00a0\u00bb][\/vc_column][vc_column width=\u00a0\u00bb1\/2&Prime;][vc_btn title=\u00a0\u00bbManuel d&apos;instrutions\u00a0\u00bb style=\u00a0\u00bbcustom\u00a0\u00bb custom_background=\u00a0\u00bb#009bc2&Prime; custom_text=\u00a0\u00bb#ffffff\u00a0\u00bb shape=\u00a0\u00bbsquare\u00a0\u00bb link=\u00a0\u00bburl:https%3A%2F%2Fbit.ly%2F3SrOahG|target:%20_blank|\u00a0\u00bb el_class=\u00a0\u00bbbtn_descargar_ficha\u00a0\u00bb][vc_btn title=\u00a0\u00bbManuel d&apos;instrutions\u00a0\u00bb style=\u00a0\u00bbcustom\u00a0\u00bb custom_background=\u00a0\u00bb#009bc2&Prime; custom_text=\u00a0\u00bb#ffffff\u00a0\u00bb shape=\u00a0\u00bbsquare\u00a0\u00bb link=\u00a0\u00bburl:https%3A%2F%2Fbit.ly%2F3zz3qAr|target:%20_blank|\u00a0\u00bb el_class=\u00a0\u00bbbtn_descargar_ficha\u00a0\u00bb][\/vc_column][vc_column][\/vc_column][\/vc_row]<\/p>\n<\/section>","protected":false},"excerpt":{"rendered":"<h6>Ampoule portable rechargeable Cherry<\/h6>\n","protected":false},"featured_media":56996,"template":"","meta":[],"product_cat":[651,757,754,744],"product_tag":[653,707],"class_list":{"0":"post-33298","1":"product","2":"type-product","3":"status-publish","4":"has-post-thumbnail","6":"product_cat-lightdeco-fr","7":"product_cat-appliques","8":"product_cat-portables","9":"product_cat-lampes-suspendues","10":"product_tag-batterie","11":"product_tag-sans-fil","13":"first","14":"instock","15":"taxable","16":"shipping-taxable","17":"purchasable","18":"product-type-variable"},"yoast_head":"<!-- This site is optimized with the Yoast SEO plugin v24.2 - https:\/\/yoast.com\/wordpress\/plugins\/seo\/ -->\n<title>AMPOULE PORTABLE RECHARGEABLE CHERRY<\/title>\n<meta name=\"description\" content=\"L&#039;ampoule portable rechargeable Cherry ne n\u00e9cessite d&#039;aucune installation. Il suffit de l&#039;accrocher gr\u00e2ce \u00e0 son crochet ou de l&#039;approcher d&#039;une zone m\u00e9tall\" \/>\n<meta name=\"robots\" content=\"index, follow, max-snippet:-1, max-image-preview:large, max-video-preview:-1\" \/>\n<link rel=\"canonical\" href=\"https:\/\/newgarden.es\/fr\/shop\/lightdeco-fr\/lampes-suspendues\/ampoule-portable-rechargeable-cherry\/\" \/>\n<meta property=\"og:locale\" content=\"fr_FR\" \/>\n<meta property=\"og:type\" content=\"article\" \/>\n<meta property=\"og:title\" content=\"AMPOULE PORTABLE RECHARGEABLE CHERRY\" \/>\n<meta property=\"og:description\" content=\"L&#039;ampoule portable rechargeable Cherry ne n\u00e9cessite d&#039;aucune installation. Il suffit de l&#039;accrocher gr\u00e2ce \u00e0 son crochet ou de l&#039;approcher d&#039;une zone m\u00e9tall\" \/>\n<meta property=\"og:url\" content=\"https:\/\/newgarden.es\/fr\/shop\/lightdeco-fr\/lampes-suspendues\/ampoule-portable-rechargeable-cherry\/\" \/>\n<meta property=\"og:site_name\" content=\"Newgarden\" \/>\n<meta property=\"article:modified_time\" content=\"2024-05-27T08:09:30+00:00\" \/>\n<meta property=\"og:image\" content=\"https:\/\/newgarden.es\/wp-content\/uploads\/2021\/02\/CHERRY_BULB_BATTERY_1200X1200-5.jpg\" \/>\n\t<meta property=\"og:image:width\" content=\"1200\" \/>\n\t<meta property=\"og:image:height\" content=\"1200\" \/>\n\t<meta property=\"og:image:type\" content=\"image\/jpeg\" \/>\n<meta name=\"twitter:card\" content=\"summary_large_image\" \/>\n<meta name=\"twitter:label1\" content=\"Dur\u00e9e de lecture estim\u00e9e\" \/>\n\t<meta name=\"twitter:data1\" content=\"1 minute\" \/>\n<script type=\"application\/ld+json\" class=\"yoast-schema-graph\">{\"@context\":\"https:\/\/schema.org\",\"@graph\":[{\"@type\":\"WebPage\",\"@id\":\"https:\/\/newgarden.es\/fr\/shop\/lightdeco-fr\/lampes-suspendues\/ampoule-portable-rechargeable-cherry\/\",\"url\":\"https:\/\/newgarden.es\/fr\/shop\/lightdeco-fr\/lampes-suspendues\/ampoule-portable-rechargeable-cherry\/\",\"name\":\"AMPOULE PORTABLE RECHARGEABLE CHERRY\",\"isPartOf\":{\"@id\":\"https:\/\/newgarden.es\/#website\"},\"primaryImageOfPage\":{\"@id\":\"https:\/\/newgarden.es\/fr\/shop\/lightdeco-fr\/lampes-suspendues\/ampoule-portable-rechargeable-cherry\/#primaryimage\"},\"image\":{\"@id\":\"https:\/\/newgarden.es\/fr\/shop\/lightdeco-fr\/lampes-suspendues\/ampoule-portable-rechargeable-cherry\/#primaryimage\"},\"thumbnailUrl\":\"https:\/\/newgarden.es\/wp-content\/uploads\/2021\/02\/CHERRY_BULB_BATTERY_1200X1200-5.jpg\",\"datePublished\":\"2021-02-11T08:17:16+00:00\",\"dateModified\":\"2024-05-27T08:09:30+00:00\",\"description\":\"L'ampoule portable rechargeable Cherry ne n\u00e9cessite d'aucune installation. Il suffit de l'accrocher gr\u00e2ce \u00e0 son crochet ou de l'approcher d'une zone m\u00e9tall\",\"breadcrumb\":{\"@id\":\"https:\/\/newgarden.es\/fr\/shop\/lightdeco-fr\/lampes-suspendues\/ampoule-portable-rechargeable-cherry\/#breadcrumb\"},\"inLanguage\":\"fr-FR\",\"potentialAction\":[{\"@type\":\"ReadAction\",\"target\":[\"https:\/\/newgarden.es\/fr\/shop\/lightdeco-fr\/lampes-suspendues\/ampoule-portable-rechargeable-cherry\/\"]}]},{\"@type\":\"ImageObject\",\"inLanguage\":\"fr-FR\",\"@id\":\"https:\/\/newgarden.es\/fr\/shop\/lightdeco-fr\/lampes-suspendues\/ampoule-portable-rechargeable-cherry\/#primaryimage\",\"url\":\"https:\/\/newgarden.es\/wp-content\/uploads\/2021\/02\/CHERRY_BULB_BATTERY_1200X1200-5.jpg\",\"contentUrl\":\"https:\/\/newgarden.es\/wp-content\/uploads\/2021\/02\/CHERRY_BULB_BATTERY_1200X1200-5.jpg\",\"width\":1200,\"height\":1200},{\"@type\":\"BreadcrumbList\",\"@id\":\"https:\/\/newgarden.es\/fr\/shop\/lightdeco-fr\/lampes-suspendues\/ampoule-portable-rechargeable-cherry\/#breadcrumb\",\"itemListElement\":[{\"@type\":\"ListItem\",\"position\":1,\"name\":\"Home\",\"item\":\"https:\/\/newgarden.es\/fr\/\"},{\"@type\":\"ListItem\",\"position\":2,\"name\":\"Boutique\",\"item\":\"https:\/\/newgarden.es\/fr\/boutique\/\"},{\"@type\":\"ListItem\",\"position\":3,\"name\":\"AMPOULE PORTABLE RECHARGEABLE CHERRY\"}]},{\"@type\":\"WebSite\",\"@id\":\"https:\/\/newgarden.es\/#website\",\"url\":\"https:\/\/newgarden.es\/\",\"name\":\"Newgarden\",\"description\":\"Be happy\",\"potentialAction\":[{\"@type\":\"SearchAction\",\"target\":{\"@type\":\"EntryPoint\",\"urlTemplate\":\"https:\/\/newgarden.es\/?s={search_term_string}\"},\"query-input\":{\"@type\":\"PropertyValueSpecification\",\"valueRequired\":true,\"valueName\":\"search_term_string\"}}],\"inLanguage\":\"fr-FR\"}]}<\/script>\n<!-- \/ Yoast SEO plugin. -->","yoast_head_json":{"title":"AMPOULE PORTABLE RECHARGEABLE CHERRY","description":"L'ampoule portable rechargeable Cherry ne n\u00e9cessite d'aucune installation. Il suffit de l'accrocher gr\u00e2ce \u00e0 son crochet ou de l'approcher d'une zone m\u00e9tall","robots":{"index":"index","follow":"follow","max-snippet":"max-snippet:-1","max-image-preview":"max-image-preview:large","max-video-preview":"max-video-preview:-1"},"canonical":"https:\/\/newgarden.es\/fr\/shop\/lightdeco-fr\/lampes-suspendues\/ampoule-portable-rechargeable-cherry\/","og_locale":"fr_FR","og_type":"article","og_title":"AMPOULE PORTABLE RECHARGEABLE CHERRY","og_description":"L'ampoule portable rechargeable Cherry ne n\u00e9cessite d'aucune installation. Il suffit de l'accrocher gr\u00e2ce \u00e0 son crochet ou de l'approcher d'une zone m\u00e9tall","og_url":"https:\/\/newgarden.es\/fr\/shop\/lightdeco-fr\/lampes-suspendues\/ampoule-portable-rechargeable-cherry\/","og_site_name":"Newgarden","article_modified_time":"2024-05-27T08:09:30+00:00","og_image":[{"width":1200,"height":1200,"url":"https:\/\/newgarden.es\/wp-content\/uploads\/2021\/02\/CHERRY_BULB_BATTERY_1200X1200-5.jpg","type":"image\/jpeg"}],"twitter_card":"summary_large_image","twitter_misc":{"Dur\u00e9e de lecture estim\u00e9e":"1 minute"},"schema":{"@context":"https:\/\/schema.org","@graph":[{"@type":"WebPage","@id":"https:\/\/newgarden.es\/fr\/shop\/lightdeco-fr\/lampes-suspendues\/ampoule-portable-rechargeable-cherry\/","url":"https:\/\/newgarden.es\/fr\/shop\/lightdeco-fr\/lampes-suspendues\/ampoule-portable-rechargeable-cherry\/","name":"AMPOULE PORTABLE RECHARGEABLE CHERRY","isPartOf":{"@id":"https:\/\/newgarden.es\/#website"},"primaryImageOfPage":{"@id":"https:\/\/newgarden.es\/fr\/shop\/lightdeco-fr\/lampes-suspendues\/ampoule-portable-rechargeable-cherry\/#primaryimage"},"image":{"@id":"https:\/\/newgarden.es\/fr\/shop\/lightdeco-fr\/lampes-suspendues\/ampoule-portable-rechargeable-cherry\/#primaryimage"},"thumbnailUrl":"https:\/\/newgarden.es\/wp-content\/uploads\/2021\/02\/CHERRY_BULB_BATTERY_1200X1200-5.jpg","datePublished":"2021-02-11T08:17:16+00:00","dateModified":"2024-05-27T08:09:30+00:00","description":"L'ampoule portable rechargeable Cherry ne n\u00e9cessite d'aucune installation. Il suffit de l'accrocher gr\u00e2ce \u00e0 son crochet ou de l'approcher d'une zone m\u00e9tall","breadcrumb":{"@id":"https:\/\/newgarden.es\/fr\/shop\/lightdeco-fr\/lampes-suspendues\/ampoule-portable-rechargeable-cherry\/#breadcrumb"},"inLanguage":"fr-FR","potentialAction":[{"@type":"ReadAction","target":["https:\/\/newgarden.es\/fr\/shop\/lightdeco-fr\/lampes-suspendues\/ampoule-portable-rechargeable-cherry\/"]}]},{"@type":"ImageObject","inLanguage":"fr-FR","@id":"https:\/\/newgarden.es\/fr\/shop\/lightdeco-fr\/lampes-suspendues\/ampoule-portable-rechargeable-cherry\/#primaryimage","url":"https:\/\/newgarden.es\/wp-content\/uploads\/2021\/02\/CHERRY_BULB_BATTERY_1200X1200-5.jpg","contentUrl":"https:\/\/newgarden.es\/wp-content\/uploads\/2021\/02\/CHERRY_BULB_BATTERY_1200X1200-5.jpg","width":1200,"height":1200},{"@type":"BreadcrumbList","@id":"https:\/\/newgarden.es\/fr\/shop\/lightdeco-fr\/lampes-suspendues\/ampoule-portable-rechargeable-cherry\/#breadcrumb","itemListElement":[{"@type":"ListItem","position":1,"name":"Home","item":"https:\/\/newgarden.es\/fr\/"},{"@type":"ListItem","position":2,"name":"Boutique","item":"https:\/\/newgarden.es\/fr\/boutique\/"},{"@type":"ListItem","position":3,"name":"AMPOULE PORTABLE RECHARGEABLE CHERRY"}]},{"@type":"WebSite","@id":"https:\/\/newgarden.es\/#website","url":"https:\/\/newgarden.es\/","name":"Newgarden","description":"Be happy","potentialAction":[{"@type":"SearchAction","target":{"@type":"EntryPoint","urlTemplate":"https:\/\/newgarden.es\/?s={search_term_string}"},"query-input":{"@type":"PropertyValueSpecification","valueRequired":true,"valueName":"search_term_string"}}],"inLanguage":"fr-FR"}]}},"df_price":26,"df_sale_price":"","df_regular_price":26,"df_image_link":"https:\/\/newgarden.es\/wp-content\/uploads\/2021\/02\/CHERRY_BULB_BATTERY_1200X1200-5-580x400.jpg","_links":{"self":[{"href":"https:\/\/newgarden.es\/fr\/wp-json\/wp\/v2\/product\/33298"}],"collection":[{"href":"https:\/\/newgarden.es\/fr\/wp-json\/wp\/v2\/product"}],"about":[{"href":"https:\/\/newgarden.es\/fr\/wp-json\/wp\/v2\/types\/product"}],"wp:featuredmedia":[{"embeddable":true,"href":"https:\/\/newgarden.es\/fr\/wp-json\/wp\/v2\/media\/56996"}],"wp:attachment":[{"href":"https:\/\/newgarden.es\/fr\/wp-json\/wp\/v2\/media?parent=33298"}],"wp:term":[{"taxonomy":"product_cat","embeddable":true,"href":"https:\/\/newgarden.es\/fr\/wp-json\/wp\/v2\/product_cat?post=33298"},{"taxonomy":"product_tag","embeddable":true,"href":"https:\/\/newgarden.es\/fr\/wp-json\/wp\/v2\/product_tag?post=33298"}],"curies":[{"name":"wp","href":"https:\/\/api.w.org\/{rel}","templated":true}]}}