{"id":35801,"date":"2021-07-05T12:52:07","date_gmt":"2021-07-05T10:52:13","guid":{"rendered":"https:\/\/newgarden.es\/?post_type=product&#038;p=35801"},"modified":"2024-06-12T15:53:15","modified_gmt":"2024-06-12T13:53:15","slug":"cube-lumineux-cuby-45-copia","status":"publish","type":"product","link":"https:\/\/newgarden.es\/fr\/shop\/mobilier\/sieges\/cube-lumineux-cuby-45-copia\/","title":{"rendered":"CUBE LUMINEUX CUBY 40"},"content":{"rendered":"<section class=\"wpb-content-wrapper\"><p>[vc_row][vc_column el_class=\u00a0\u00bbdescripcion_producto\u00a0\u00bb][vc_column_text]<\/p>\n<p style=\"text-align: justify;\">*CUBY. Produit vedette dans nos basiques. Sa forme cubique s&rsquo;int\u00e8gre dans n&rsquo;importe quel espace ou environnement de notre maison. Vous pouvez le trouver dans diff\u00e9rentes tailles et finitions.<\/p>\n<p style=\"text-align: justify;\"><em>Tous les produits Newgarden sont fabriqu\u00e9s en poly\u00e9thyl\u00e8ne, ils sont donc l\u00e9gers et tr\u00e8s r\u00e9sistants aux temp\u00e9ratures extr\u00eames. Ils sont \u00e9galement prot\u00e9g\u00e9s contre les rayons UV, ce qui rend la dur\u00e9e de vie du produit extraordinairement longue. <\/em><\/p>\n<p>[\/vc_column_text][\/vc_column][\/vc_row][vc_row disable_element=\u00a0\u00bbyes\u00a0\u00bb][vc_column][vc_single_image image=\u00a0\u00bb6566&Prime; img_size=\u00a0\u00bbfull\u00a0\u00bb][\/vc_column][\/vc_row][vc_row][vc_column width=\u00a0\u00bb1\/2&Prime;][vc_btn title=\u00a0\u00bbFiche technique\u00a0\u00bb style=\u00a0\u00bbcustom\u00a0\u00bb custom_background=\u00a0\u00bb#009bc2&Prime; custom_text=\u00a0\u00bb#ffffff\u00a0\u00bb shape=\u00a0\u00bbsquare\u00a0\u00bb link=\u00a0\u00bburl:https%3A%2F%2Fbit.ly%2F3tOn5KE|target:%20_blank|\u00a0\u00bb el_class=\u00a0\u00bbbtn_descargar_ficha\u00a0\u00bb][vc_btn title=\u00a0\u00bbFiche technique\u00a0\u00bb style=\u00a0\u00bbcustom\u00a0\u00bb custom_background=\u00a0\u00bb#009bc2&Prime; custom_text=\u00a0\u00bb#ffffff\u00a0\u00bb shape=\u00a0\u00bbsquare\u00a0\u00bb link=\u00a0\u00bburl:https%3A%2F%2Fbit.ly%2F39IQJdB|target:%20_blank|\u00a0\u00bb el_class=\u00a0\u00bbbtn_descargar_ficha\u00a0\u00bb][\/vc_column][vc_column width=\u00a0\u00bb1\/2&Prime;][vc_btn title=\u00a0\u00bbManuel d&apos;instrutions\u00a0\u00bb style=\u00a0\u00bbcustom\u00a0\u00bb custom_background=\u00a0\u00bb#009bc2&Prime; custom_text=\u00a0\u00bb#ffffff\u00a0\u00bb shape=\u00a0\u00bbsquare\u00a0\u00bb el_class=\u00a0\u00bbbtn_descargar_ficha\u00a0\u00bb link=\u00a0\u00bburl:https%3A%2F%2Fbit.ly%2F3oQXmhW|\u00a0\u00bb][vc_btn title=\u00a0\u00bbManuel d&apos;instrutions\u00a0\u00bb style=\u00a0\u00bbcustom\u00a0\u00bb custom_background=\u00a0\u00bb#009bc2&Prime; custom_text=\u00a0\u00bb#ffffff\u00a0\u00bb shape=\u00a0\u00bbsquare\u00a0\u00bb el_class=\u00a0\u00bbbtn_descargar_ficha\u00a0\u00bb link=\u00a0\u00bburl:https%3A%2F%2Fbit.ly%2F3cTYUF6|\u00a0\u00bb][\/vc_column][\/vc_row]<\/p>\n<\/section>","protected":false},"excerpt":{"rendered":"<h1 style=\"font-size: 12px;\">Cube Lumineux Cuby 40<\/h1>\n","protected":false},"featured_media":57143,"template":"","meta":[],"product_cat":[1695,651,654,652,1584,1590,657,658],"product_tag":[647,707,648],"class_list":{"0":"post-35801","1":"product","2":"type-product","3":"status-publish","4":"has-post-thumbnail","6":"product_cat-productos-fr","7":"product_cat-lightdeco-fr","8":"product_cat-lampadaire","9":"product_cat-lampe-a-cote","10":"product_cat-boules-et-cubes","11":"product_cat-interieur-fr","12":"product_cat-mobilier","13":"product_cat-sieges","14":"product_tag-cable-fr","15":"product_tag-sans-fil","16":"product_tag-solaire","18":"first","19":"instock","20":"taxable","21":"shipping-taxable","22":"purchasable","23":"product-type-variable"},"yoast_head":"<!-- This site is optimized with the Yoast SEO plugin v24.2 - https:\/\/yoast.com\/wordpress\/plugins\/seo\/ -->\n<title>CUBE LUMINEUX CUBY 40 D\u00c9CORATID D&#039;EXT\u00c9RIEUR<\/title>\n<meta name=\"description\" content=\"Lampe d\u00e9corative d&#039;ext\u00e9rieur de forme cubique fabriqu\u00e9e en poly\u00e9thyl\u00e8ne de la collection Cuby de chez Newgarden.Ce cube polyvalent peut \u00eatre utilis\u00e9 comme\" \/>\n<meta name=\"robots\" content=\"index, follow, max-snippet:-1, max-image-preview:large, max-video-preview:-1\" \/>\n<link rel=\"canonical\" href=\"https:\/\/newgarden.es\/fr\/shop\/mobilier\/sieges\/cube-lumineux-cuby-45-copia\/\" \/>\n<meta property=\"og:locale\" content=\"fr_FR\" \/>\n<meta property=\"og:type\" content=\"article\" \/>\n<meta property=\"og:title\" content=\"CUBE LUMINEUX CUBY 40 D\u00c9CORATID D&#039;EXT\u00c9RIEUR\" \/>\n<meta property=\"og:description\" content=\"Lampe d\u00e9corative d&#039;ext\u00e9rieur de forme cubique fabriqu\u00e9e en poly\u00e9thyl\u00e8ne de la collection Cuby de chez Newgarden.Ce cube polyvalent peut \u00eatre utilis\u00e9 comme\" \/>\n<meta property=\"og:url\" content=\"https:\/\/newgarden.es\/fr\/shop\/mobilier\/sieges\/cube-lumineux-cuby-45-copia\/\" \/>\n<meta property=\"og:site_name\" content=\"Newgarden\" \/>\n<meta property=\"article:modified_time\" content=\"2024-06-12T13:53:15+00:00\" \/>\n<meta property=\"og:image\" content=\"https:\/\/newgarden.es\/wp-content\/uploads\/2021\/07\/FAMILIA_CUBY_1200X1200-9.jpg\" \/>\n\t<meta property=\"og:image:width\" content=\"1200\" \/>\n\t<meta property=\"og:image:height\" content=\"1200\" \/>\n\t<meta property=\"og:image:type\" content=\"image\/jpeg\" \/>\n<meta name=\"twitter:card\" content=\"summary_large_image\" \/>\n<meta name=\"twitter:label1\" content=\"Dur\u00e9e de lecture estim\u00e9e\" \/>\n\t<meta name=\"twitter:data1\" content=\"1 minute\" \/>\n<script type=\"application\/ld+json\" class=\"yoast-schema-graph\">{\"@context\":\"https:\/\/schema.org\",\"@graph\":[{\"@type\":\"WebPage\",\"@id\":\"https:\/\/newgarden.es\/fr\/shop\/mobilier\/sieges\/cube-lumineux-cuby-45-copia\/\",\"url\":\"https:\/\/newgarden.es\/fr\/shop\/mobilier\/sieges\/cube-lumineux-cuby-45-copia\/\",\"name\":\"CUBE LUMINEUX CUBY 40 D\u00c9CORATID D'EXT\u00c9RIEUR\",\"isPartOf\":{\"@id\":\"https:\/\/newgarden.es\/#website\"},\"primaryImageOfPage\":{\"@id\":\"https:\/\/newgarden.es\/fr\/shop\/mobilier\/sieges\/cube-lumineux-cuby-45-copia\/#primaryimage\"},\"image\":{\"@id\":\"https:\/\/newgarden.es\/fr\/shop\/mobilier\/sieges\/cube-lumineux-cuby-45-copia\/#primaryimage\"},\"thumbnailUrl\":\"https:\/\/newgarden.es\/wp-content\/uploads\/2021\/07\/FAMILIA_CUBY_1200X1200-9.jpg\",\"datePublished\":\"2021-07-05T10:52:13+00:00\",\"dateModified\":\"2024-06-12T13:53:15+00:00\",\"description\":\"Lampe d\u00e9corative d'ext\u00e9rieur de forme cubique fabriqu\u00e9e en poly\u00e9thyl\u00e8ne de la collection Cuby de chez Newgarden.Ce cube polyvalent peut \u00eatre utilis\u00e9 comme\",\"breadcrumb\":{\"@id\":\"https:\/\/newgarden.es\/fr\/shop\/mobilier\/sieges\/cube-lumineux-cuby-45-copia\/#breadcrumb\"},\"inLanguage\":\"fr-FR\",\"potentialAction\":[{\"@type\":\"ReadAction\",\"target\":[\"https:\/\/newgarden.es\/fr\/shop\/mobilier\/sieges\/cube-lumineux-cuby-45-copia\/\"]}]},{\"@type\":\"ImageObject\",\"inLanguage\":\"fr-FR\",\"@id\":\"https:\/\/newgarden.es\/fr\/shop\/mobilier\/sieges\/cube-lumineux-cuby-45-copia\/#primaryimage\",\"url\":\"https:\/\/newgarden.es\/wp-content\/uploads\/2021\/07\/FAMILIA_CUBY_1200X1200-9.jpg\",\"contentUrl\":\"https:\/\/newgarden.es\/wp-content\/uploads\/2021\/07\/FAMILIA_CUBY_1200X1200-9.jpg\",\"width\":1200,\"height\":1200},{\"@type\":\"BreadcrumbList\",\"@id\":\"https:\/\/newgarden.es\/fr\/shop\/mobilier\/sieges\/cube-lumineux-cuby-45-copia\/#breadcrumb\",\"itemListElement\":[{\"@type\":\"ListItem\",\"position\":1,\"name\":\"Home\",\"item\":\"https:\/\/newgarden.es\/fr\/\"},{\"@type\":\"ListItem\",\"position\":2,\"name\":\"Boutique\",\"item\":\"https:\/\/newgarden.es\/fr\/boutique\/\"},{\"@type\":\"ListItem\",\"position\":3,\"name\":\"CUBE LUMINEUX CUBY 40\"}]},{\"@type\":\"WebSite\",\"@id\":\"https:\/\/newgarden.es\/#website\",\"url\":\"https:\/\/newgarden.es\/\",\"name\":\"Newgarden\",\"description\":\"Be happy\",\"potentialAction\":[{\"@type\":\"SearchAction\",\"target\":{\"@type\":\"EntryPoint\",\"urlTemplate\":\"https:\/\/newgarden.es\/?s={search_term_string}\"},\"query-input\":{\"@type\":\"PropertyValueSpecification\",\"valueRequired\":true,\"valueName\":\"search_term_string\"}}],\"inLanguage\":\"fr-FR\"}]}<\/script>\n<!-- \/ Yoast SEO plugin. -->","yoast_head_json":{"title":"CUBE LUMINEUX CUBY 40 D\u00c9CORATID D'EXT\u00c9RIEUR","description":"Lampe d\u00e9corative d'ext\u00e9rieur de forme cubique fabriqu\u00e9e en poly\u00e9thyl\u00e8ne de la collection Cuby de chez Newgarden.Ce cube polyvalent peut \u00eatre utilis\u00e9 comme","robots":{"index":"index","follow":"follow","max-snippet":"max-snippet:-1","max-image-preview":"max-image-preview:large","max-video-preview":"max-video-preview:-1"},"canonical":"https:\/\/newgarden.es\/fr\/shop\/mobilier\/sieges\/cube-lumineux-cuby-45-copia\/","og_locale":"fr_FR","og_type":"article","og_title":"CUBE LUMINEUX CUBY 40 D\u00c9CORATID D'EXT\u00c9RIEUR","og_description":"Lampe d\u00e9corative d'ext\u00e9rieur de forme cubique fabriqu\u00e9e en poly\u00e9thyl\u00e8ne de la collection Cuby de chez Newgarden.Ce cube polyvalent peut \u00eatre utilis\u00e9 comme","og_url":"https:\/\/newgarden.es\/fr\/shop\/mobilier\/sieges\/cube-lumineux-cuby-45-copia\/","og_site_name":"Newgarden","article_modified_time":"2024-06-12T13:53:15+00:00","og_image":[{"width":1200,"height":1200,"url":"https:\/\/newgarden.es\/wp-content\/uploads\/2021\/07\/FAMILIA_CUBY_1200X1200-9.jpg","type":"image\/jpeg"}],"twitter_card":"summary_large_image","twitter_misc":{"Dur\u00e9e de lecture estim\u00e9e":"1 minute"},"schema":{"@context":"https:\/\/schema.org","@graph":[{"@type":"WebPage","@id":"https:\/\/newgarden.es\/fr\/shop\/mobilier\/sieges\/cube-lumineux-cuby-45-copia\/","url":"https:\/\/newgarden.es\/fr\/shop\/mobilier\/sieges\/cube-lumineux-cuby-45-copia\/","name":"CUBE LUMINEUX CUBY 40 D\u00c9CORATID D'EXT\u00c9RIEUR","isPartOf":{"@id":"https:\/\/newgarden.es\/#website"},"primaryImageOfPage":{"@id":"https:\/\/newgarden.es\/fr\/shop\/mobilier\/sieges\/cube-lumineux-cuby-45-copia\/#primaryimage"},"image":{"@id":"https:\/\/newgarden.es\/fr\/shop\/mobilier\/sieges\/cube-lumineux-cuby-45-copia\/#primaryimage"},"thumbnailUrl":"https:\/\/newgarden.es\/wp-content\/uploads\/2021\/07\/FAMILIA_CUBY_1200X1200-9.jpg","datePublished":"2021-07-05T10:52:13+00:00","dateModified":"2024-06-12T13:53:15+00:00","description":"Lampe d\u00e9corative d'ext\u00e9rieur de forme cubique fabriqu\u00e9e en poly\u00e9thyl\u00e8ne de la collection Cuby de chez Newgarden.Ce cube polyvalent peut \u00eatre utilis\u00e9 comme","breadcrumb":{"@id":"https:\/\/newgarden.es\/fr\/shop\/mobilier\/sieges\/cube-lumineux-cuby-45-copia\/#breadcrumb"},"inLanguage":"fr-FR","potentialAction":[{"@type":"ReadAction","target":["https:\/\/newgarden.es\/fr\/shop\/mobilier\/sieges\/cube-lumineux-cuby-45-copia\/"]}]},{"@type":"ImageObject","inLanguage":"fr-FR","@id":"https:\/\/newgarden.es\/fr\/shop\/mobilier\/sieges\/cube-lumineux-cuby-45-copia\/#primaryimage","url":"https:\/\/newgarden.es\/wp-content\/uploads\/2021\/07\/FAMILIA_CUBY_1200X1200-9.jpg","contentUrl":"https:\/\/newgarden.es\/wp-content\/uploads\/2021\/07\/FAMILIA_CUBY_1200X1200-9.jpg","width":1200,"height":1200},{"@type":"BreadcrumbList","@id":"https:\/\/newgarden.es\/fr\/shop\/mobilier\/sieges\/cube-lumineux-cuby-45-copia\/#breadcrumb","itemListElement":[{"@type":"ListItem","position":1,"name":"Home","item":"https:\/\/newgarden.es\/fr\/"},{"@type":"ListItem","position":2,"name":"Boutique","item":"https:\/\/newgarden.es\/fr\/boutique\/"},{"@type":"ListItem","position":3,"name":"CUBE LUMINEUX CUBY 40"}]},{"@type":"WebSite","@id":"https:\/\/newgarden.es\/#website","url":"https:\/\/newgarden.es\/","name":"Newgarden","description":"Be happy","potentialAction":[{"@type":"SearchAction","target":{"@type":"EntryPoint","urlTemplate":"https:\/\/newgarden.es\/?s={search_term_string}"},"query-input":{"@type":"PropertyValueSpecification","valueRequired":true,"valueName":"search_term_string"}}],"inLanguage":"fr-FR"}]}},"df_price":63.4,"df_sale_price":"","df_regular_price":63.4,"df_image_link":"https:\/\/newgarden.es\/wp-content\/uploads\/2021\/07\/FAMILIA_CUBY_1200X1200-9-580x400.jpg","_links":{"self":[{"href":"https:\/\/newgarden.es\/fr\/wp-json\/wp\/v2\/product\/35801"}],"collection":[{"href":"https:\/\/newgarden.es\/fr\/wp-json\/wp\/v2\/product"}],"about":[{"href":"https:\/\/newgarden.es\/fr\/wp-json\/wp\/v2\/types\/product"}],"wp:featuredmedia":[{"embeddable":true,"href":"https:\/\/newgarden.es\/fr\/wp-json\/wp\/v2\/media\/57143"}],"wp:attachment":[{"href":"https:\/\/newgarden.es\/fr\/wp-json\/wp\/v2\/media?parent=35801"}],"wp:term":[{"taxonomy":"product_cat","embeddable":true,"href":"https:\/\/newgarden.es\/fr\/wp-json\/wp\/v2\/product_cat?post=35801"},{"taxonomy":"product_tag","embeddable":true,"href":"https:\/\/newgarden.es\/fr\/wp-json\/wp\/v2\/product_tag?post=35801"}],"curies":[{"name":"wp","href":"https:\/\/api.w.org\/{rel}","templated":true}]}}