{"id":36073,"date":"2021-07-27T10:08:06","date_gmt":"2021-07-27T08:08:11","guid":{"rendered":"https:\/\/newgarden.es\/?post_type=product&#038;p=36073"},"modified":"2024-05-28T14:44:01","modified_gmt":"2024-05-28T12:44:01","slug":"x3-guirlande-allegra-white","status":"publish","type":"product","link":"https:\/\/newgarden.es\/fr\/shop\/lightdeco-fr\/noel\/x3-guirlande-allegra-white\/","title":{"rendered":"GUIRLANDE ALLEGRA WHITE"},"content":{"rendered":"<section class=\"wpb-content-wrapper\"><p>[vc_row][vc_column][vc_column_text]<strong>PACK x3 GUIRLANDE<\/strong><\/p>\n<p>GUIRLANDE EXT\u00c9RIEURE 10 AMPOULES ALLEGRA WHITE:<\/p>\n<p>Guirlande lumineuse d&#8217;ext\u00e9rieur LED de la collection Allegra, fabriqu\u00e9e par Newgarden, est compos\u00e9e d&#8217;un cordon d&#8217;alimentation et d&#8217;accroche (longueur totale 8m dont 3,25m de cordon d&#8217;alimentation) distribuant 10 diffuseurs avec ampoules LEDs en PVC.<\/p>\n<p>La guirlande lumineuse Allegra dispose d&#8217;un indice de protection \u00e9lev\u00e9 (IP44) lui conf\u00e9rant une utilisation en ext\u00e9rieur sans craintes! Vous pourrez l&#8217;accrocher dans votre maison, \u00e0 la pergola ou autres structures de jardin.<\/p>\n<p>La collection Allegra se d\u00e9cline en diff\u00e9rents mod\u00e8les et coloris tous raccordables.[\/vc_column_text][\/vc_column][\/vc_row][vc_row][vc_column width=&#8221;1\/2&#8243;][vc_video link=&#8221;https:\/\/www.youtube.com\/watch?v=UIOM3rWcvh0&#8243;][\/vc_column][vc_column width=&#8221;1\/2&#8243;][vc_video link=&#8221;https:\/\/www.youtube.com\/watch?v=9Vvsi2lt2DE&#8221;][\/vc_column][\/vc_row][vc_row][vc_column width=&#8221;1\/2&#8243;][vc_btn title=&#8221;Fiche technique&#8221; style=&#8221;custom&#8221; custom_background=&#8221;#009bc2&#8243; custom_text=&#8221;#ffffff&#8221; link=&#8221;url:https%3A%2F%2Fbit.ly%2F3HDdSL8|target:%20_blank|&#8221;][vc_btn title=&#8221;Fiche technique&#8221; style=&#8221;custom&#8221; custom_background=&#8221;#009bc2&#8243; custom_text=&#8221;#ffffff&#8221; link=&#8221;url:https%3A%2F%2Fbit.ly%2F39GDNF7|target:%20_blank|&#8221;][\/vc_column][vc_column width=&#8221;1\/2&#8243;][vc_btn title=&#8221;Manuel d&apos;instrutions&#8221; style=&#8221;custom&#8221; custom_background=&#8221;#009bc2&#8243; custom_text=&#8221;#ffffff&#8221; link=&#8221;url:https%3A%2F%2Fbit.ly%2F3cZq25F|target:%20_blank|&#8221; el_class=&#8221;btn_descargar_ficha&#8221;][vc_btn title=&#8221;Manuel d&apos;instrutions&#8221; style=&#8221;custom&#8221; custom_background=&#8221;#009bc2&#8243; custom_text=&#8221;#ffffff&#8221; link=&#8221;url:https%3A%2F%2Fbit.ly%2F3zPTP9Y|target:%20_blank|&#8221; el_class=&#8221;btn_descargar_ficha&#8221;][\/vc_column][\/vc_row]<\/p>\n<\/section>","protected":false},"excerpt":{"rendered":"<h5><strong>PACK X3 GUIRLANDES<\/strong> &#8211; Guirlande Allegra White par c\u00e2ble ou solaire<\/h5>\n","protected":false},"featured_media":54649,"template":"","meta":[],"product_cat":[651,1575,752],"product_tag":[647,648],"class_list":{"0":"post-36073","1":"product","2":"type-product","3":"status-publish","4":"has-post-thumbnail","6":"product_cat-lightdeco-fr","7":"product_cat-guirlandes","8":"product_cat-noel","9":"product_tag-cable-fr","10":"product_tag-solaire","12":"first","13":"instock","14":"taxable","15":"shipping-taxable","16":"purchasable","17":"product-type-variable"},"yoast_head":"<!-- This site is optimized with the Yoast SEO plugin v24.2 - https:\/\/yoast.com\/wordpress\/plugins\/seo\/ -->\n<title>GUIRLANDE ALLEGRA WHITE EXT\u00c9RIEUR INT\u00c9RIEUR<\/title>\n<meta name=\"description\" content=\"GUIRLANDE EXT\u00c9RIEURE 10 AMPOULES ALLEGRA WHITE:Guirlande lumineuse d&#039;ext\u00e9rieur led de la collection Allegra, fabriqu\u00e9e par Newgarden, compos\u00e9e d&#039;un cordon\" \/>\n<meta name=\"robots\" content=\"index, follow, max-snippet:-1, max-image-preview:large, max-video-preview:-1\" \/>\n<link rel=\"canonical\" href=\"https:\/\/newgarden.es\/fr\/shop\/lightdeco-fr\/noel\/x3-guirlande-allegra-white\/\" \/>\n<meta property=\"og:locale\" content=\"fr_FR\" \/>\n<meta property=\"og:type\" content=\"article\" \/>\n<meta property=\"og:title\" content=\"GUIRLANDE ALLEGRA WHITE EXT\u00c9RIEUR INT\u00c9RIEUR\" \/>\n<meta property=\"og:description\" content=\"GUIRLANDE EXT\u00c9RIEURE 10 AMPOULES ALLEGRA WHITE:Guirlande lumineuse d&#039;ext\u00e9rieur led de la collection Allegra, fabriqu\u00e9e par Newgarden, compos\u00e9e d&#039;un cordon\" \/>\n<meta property=\"og:url\" content=\"https:\/\/newgarden.es\/fr\/shop\/lightdeco-fr\/noel\/x3-guirlande-allegra-white\/\" \/>\n<meta property=\"og:site_name\" content=\"Newgarden\" \/>\n<meta property=\"article:modified_time\" content=\"2024-05-28T12:44:01+00:00\" \/>\n<meta property=\"og:image\" content=\"https:\/\/newgarden.es\/wp-content\/uploads\/2021\/07\/ALLEGRA_1200X1200-21-1.jpg\" \/>\n\t<meta property=\"og:image:width\" content=\"1200\" \/>\n\t<meta property=\"og:image:height\" content=\"1200\" \/>\n\t<meta property=\"og:image:type\" content=\"image\/jpeg\" \/>\n<meta name=\"twitter:card\" content=\"summary_large_image\" \/>\n<meta name=\"twitter:label1\" content=\"Dur\u00e9e de lecture estim\u00e9e\" \/>\n\t<meta name=\"twitter:data1\" content=\"1 minute\" \/>\n<script type=\"application\/ld+json\" class=\"yoast-schema-graph\">{\"@context\":\"https:\/\/schema.org\",\"@graph\":[{\"@type\":\"WebPage\",\"@id\":\"https:\/\/newgarden.es\/fr\/shop\/lightdeco-fr\/noel\/x3-guirlande-allegra-white\/\",\"url\":\"https:\/\/newgarden.es\/fr\/shop\/lightdeco-fr\/noel\/x3-guirlande-allegra-white\/\",\"name\":\"GUIRLANDE ALLEGRA WHITE EXT\u00c9RIEUR INT\u00c9RIEUR\",\"isPartOf\":{\"@id\":\"https:\/\/newgarden.es\/#website\"},\"primaryImageOfPage\":{\"@id\":\"https:\/\/newgarden.es\/fr\/shop\/lightdeco-fr\/noel\/x3-guirlande-allegra-white\/#primaryimage\"},\"image\":{\"@id\":\"https:\/\/newgarden.es\/fr\/shop\/lightdeco-fr\/noel\/x3-guirlande-allegra-white\/#primaryimage\"},\"thumbnailUrl\":\"https:\/\/newgarden.es\/wp-content\/uploads\/2021\/07\/ALLEGRA_1200X1200-21-1.jpg\",\"datePublished\":\"2021-07-27T08:08:11+00:00\",\"dateModified\":\"2024-05-28T12:44:01+00:00\",\"description\":\"GUIRLANDE EXT\u00c9RIEURE 10 AMPOULES ALLEGRA WHITE:Guirlande lumineuse d'ext\u00e9rieur led de la collection Allegra, fabriqu\u00e9e par Newgarden, compos\u00e9e d'un cordon\",\"breadcrumb\":{\"@id\":\"https:\/\/newgarden.es\/fr\/shop\/lightdeco-fr\/noel\/x3-guirlande-allegra-white\/#breadcrumb\"},\"inLanguage\":\"fr-FR\",\"potentialAction\":[{\"@type\":\"ReadAction\",\"target\":[\"https:\/\/newgarden.es\/fr\/shop\/lightdeco-fr\/noel\/x3-guirlande-allegra-white\/\"]}]},{\"@type\":\"ImageObject\",\"inLanguage\":\"fr-FR\",\"@id\":\"https:\/\/newgarden.es\/fr\/shop\/lightdeco-fr\/noel\/x3-guirlande-allegra-white\/#primaryimage\",\"url\":\"https:\/\/newgarden.es\/wp-content\/uploads\/2021\/07\/ALLEGRA_1200X1200-21-1.jpg\",\"contentUrl\":\"https:\/\/newgarden.es\/wp-content\/uploads\/2021\/07\/ALLEGRA_1200X1200-21-1.jpg\",\"width\":1200,\"height\":1200},{\"@type\":\"BreadcrumbList\",\"@id\":\"https:\/\/newgarden.es\/fr\/shop\/lightdeco-fr\/noel\/x3-guirlande-allegra-white\/#breadcrumb\",\"itemListElement\":[{\"@type\":\"ListItem\",\"position\":1,\"name\":\"Home\",\"item\":\"https:\/\/newgarden.es\/fr\/\"},{\"@type\":\"ListItem\",\"position\":2,\"name\":\"Boutique\",\"item\":\"https:\/\/newgarden.es\/fr\/boutique\/\"},{\"@type\":\"ListItem\",\"position\":3,\"name\":\"GUIRLANDE ALLEGRA WHITE\"}]},{\"@type\":\"WebSite\",\"@id\":\"https:\/\/newgarden.es\/#website\",\"url\":\"https:\/\/newgarden.es\/\",\"name\":\"Newgarden\",\"description\":\"Be happy\",\"potentialAction\":[{\"@type\":\"SearchAction\",\"target\":{\"@type\":\"EntryPoint\",\"urlTemplate\":\"https:\/\/newgarden.es\/?s={search_term_string}\"},\"query-input\":{\"@type\":\"PropertyValueSpecification\",\"valueRequired\":true,\"valueName\":\"search_term_string\"}}],\"inLanguage\":\"fr-FR\"}]}<\/script>\n<!-- \/ Yoast SEO plugin. -->","yoast_head_json":{"title":"GUIRLANDE ALLEGRA WHITE EXT\u00c9RIEUR INT\u00c9RIEUR","description":"GUIRLANDE EXT\u00c9RIEURE 10 AMPOULES ALLEGRA WHITE:Guirlande lumineuse d'ext\u00e9rieur led de la collection Allegra, fabriqu\u00e9e par Newgarden, compos\u00e9e d'un cordon","robots":{"index":"index","follow":"follow","max-snippet":"max-snippet:-1","max-image-preview":"max-image-preview:large","max-video-preview":"max-video-preview:-1"},"canonical":"https:\/\/newgarden.es\/fr\/shop\/lightdeco-fr\/noel\/x3-guirlande-allegra-white\/","og_locale":"fr_FR","og_type":"article","og_title":"GUIRLANDE ALLEGRA WHITE EXT\u00c9RIEUR INT\u00c9RIEUR","og_description":"GUIRLANDE EXT\u00c9RIEURE 10 AMPOULES ALLEGRA WHITE:Guirlande lumineuse d'ext\u00e9rieur led de la collection Allegra, fabriqu\u00e9e par Newgarden, compos\u00e9e d'un cordon","og_url":"https:\/\/newgarden.es\/fr\/shop\/lightdeco-fr\/noel\/x3-guirlande-allegra-white\/","og_site_name":"Newgarden","article_modified_time":"2024-05-28T12:44:01+00:00","og_image":[{"width":1200,"height":1200,"url":"https:\/\/newgarden.es\/wp-content\/uploads\/2021\/07\/ALLEGRA_1200X1200-21-1.jpg","type":"image\/jpeg"}],"twitter_card":"summary_large_image","twitter_misc":{"Dur\u00e9e de lecture estim\u00e9e":"1 minute"},"schema":{"@context":"https:\/\/schema.org","@graph":[{"@type":"WebPage","@id":"https:\/\/newgarden.es\/fr\/shop\/lightdeco-fr\/noel\/x3-guirlande-allegra-white\/","url":"https:\/\/newgarden.es\/fr\/shop\/lightdeco-fr\/noel\/x3-guirlande-allegra-white\/","name":"GUIRLANDE ALLEGRA WHITE EXT\u00c9RIEUR INT\u00c9RIEUR","isPartOf":{"@id":"https:\/\/newgarden.es\/#website"},"primaryImageOfPage":{"@id":"https:\/\/newgarden.es\/fr\/shop\/lightdeco-fr\/noel\/x3-guirlande-allegra-white\/#primaryimage"},"image":{"@id":"https:\/\/newgarden.es\/fr\/shop\/lightdeco-fr\/noel\/x3-guirlande-allegra-white\/#primaryimage"},"thumbnailUrl":"https:\/\/newgarden.es\/wp-content\/uploads\/2021\/07\/ALLEGRA_1200X1200-21-1.jpg","datePublished":"2021-07-27T08:08:11+00:00","dateModified":"2024-05-28T12:44:01+00:00","description":"GUIRLANDE EXT\u00c9RIEURE 10 AMPOULES ALLEGRA WHITE:Guirlande lumineuse d'ext\u00e9rieur led de la collection Allegra, fabriqu\u00e9e par Newgarden, compos\u00e9e d'un cordon","breadcrumb":{"@id":"https:\/\/newgarden.es\/fr\/shop\/lightdeco-fr\/noel\/x3-guirlande-allegra-white\/#breadcrumb"},"inLanguage":"fr-FR","potentialAction":[{"@type":"ReadAction","target":["https:\/\/newgarden.es\/fr\/shop\/lightdeco-fr\/noel\/x3-guirlande-allegra-white\/"]}]},{"@type":"ImageObject","inLanguage":"fr-FR","@id":"https:\/\/newgarden.es\/fr\/shop\/lightdeco-fr\/noel\/x3-guirlande-allegra-white\/#primaryimage","url":"https:\/\/newgarden.es\/wp-content\/uploads\/2021\/07\/ALLEGRA_1200X1200-21-1.jpg","contentUrl":"https:\/\/newgarden.es\/wp-content\/uploads\/2021\/07\/ALLEGRA_1200X1200-21-1.jpg","width":1200,"height":1200},{"@type":"BreadcrumbList","@id":"https:\/\/newgarden.es\/fr\/shop\/lightdeco-fr\/noel\/x3-guirlande-allegra-white\/#breadcrumb","itemListElement":[{"@type":"ListItem","position":1,"name":"Home","item":"https:\/\/newgarden.es\/fr\/"},{"@type":"ListItem","position":2,"name":"Boutique","item":"https:\/\/newgarden.es\/fr\/boutique\/"},{"@type":"ListItem","position":3,"name":"GUIRLANDE ALLEGRA WHITE"}]},{"@type":"WebSite","@id":"https:\/\/newgarden.es\/#website","url":"https:\/\/newgarden.es\/","name":"Newgarden","description":"Be happy","potentialAction":[{"@type":"SearchAction","target":{"@type":"EntryPoint","urlTemplate":"https:\/\/newgarden.es\/?s={search_term_string}"},"query-input":{"@type":"PropertyValueSpecification","valueRequired":true,"valueName":"search_term_string"}}],"inLanguage":"fr-FR"}]}},"df_price":116.1,"df_sale_price":"","df_regular_price":116.1,"df_image_link":"https:\/\/newgarden.es\/wp-content\/uploads\/2021\/07\/ALLEGRA_1200X1200-21-1-580x400.jpg","_links":{"self":[{"href":"https:\/\/newgarden.es\/fr\/wp-json\/wp\/v2\/product\/36073"}],"collection":[{"href":"https:\/\/newgarden.es\/fr\/wp-json\/wp\/v2\/product"}],"about":[{"href":"https:\/\/newgarden.es\/fr\/wp-json\/wp\/v2\/types\/product"}],"wp:featuredmedia":[{"embeddable":true,"href":"https:\/\/newgarden.es\/fr\/wp-json\/wp\/v2\/media\/54649"}],"wp:attachment":[{"href":"https:\/\/newgarden.es\/fr\/wp-json\/wp\/v2\/media?parent=36073"}],"wp:term":[{"taxonomy":"product_cat","embeddable":true,"href":"https:\/\/newgarden.es\/fr\/wp-json\/wp\/v2\/product_cat?post=36073"},{"taxonomy":"product_tag","embeddable":true,"href":"https:\/\/newgarden.es\/fr\/wp-json\/wp\/v2\/product_tag?post=36073"}],"curies":[{"name":"wp","href":"https:\/\/api.w.org\/{rel}","templated":true}]}}