{"id":36707,"date":"2021-09-14T11:54:11","date_gmt":"2021-09-14T09:54:17","guid":{"rendered":"https:\/\/newgarden.es\/?post_type=product&#038;p=36707"},"modified":"2024-06-13T15:43:31","modified_gmt":"2024-06-13T13:43:31","slug":"lampadaire-en-metal-lola-slim-180-usage-interieur","status":"publish","type":"product","link":"https:\/\/newgarden.es\/fr\/shop\/lightdeco-fr\/lampadaire\/lampadaire-en-metal-lola-slim-180-usage-interieur\/","title":{"rendered":"LAMPADAIRE EN M\u00c9TAL LOLA SLIM 180 | USAGE INT\u00c9RIEUR"},"content":{"rendered":"<section class=\"wpb-content-wrapper\"><p>[vc_row][vc_column el_class=\u00a0\u00bbdescripcion_producto\u00a0\u00bb][vc_column_text]Le lampadaire Lola Slim 180 fait partie de la famille LOLA gr\u00e2ce \u00e0 son design \u00e9l\u00e9gant. Sa hauteur fait de ce produit une lampe qui s&rsquo;int\u00e8gre dans n&rsquo;importe quelle pi\u00e8ce sans en briser l&rsquo;esth\u00e9tique, id\u00e9ale pour tout espace \u00e0 l&rsquo;int\u00e9rieur de la maison.<\/p>\n<p>La s\u00e9rie Lola Slim 180, \u00e9tant une famille, peut \u00eatre combin\u00e9e pour cr\u00e9er un nombre infini d&rsquo;atmosph\u00e8res. Disponible en diff\u00e9rentes hauteurs : 30cm, 120cm et 180cm et avec un corps m\u00e9tallique fini en or rose, laiton, anthracite ou gris espace.<\/p>\n<p>Le lampadaire Lola Slim est disponible en c\u00e2ble IN&amp;OUT.[\/vc_column_text][\/vc_column][\/vc_row][vc_row disable_element=\u00a0\u00bbyes\u00a0\u00bb][vc_column][vc_single_image image=\u00a0\u00bb6566&Prime; img_size=\u00a0\u00bbfull\u00a0\u00bb][\/vc_column][\/vc_row][vc_row][vc_column width=\u00a0\u00bb1\/2&Prime;][vc_btn title=\u00a0\u00bbFICHA T\u00c9CNICA ROSE GOLD\u00a0\u00bb style=\u00a0\u00bbcustom\u00a0\u00bb custom_background=\u00a0\u00bb#009bc2&Prime; custom_text=\u00a0\u00bb#ffffff\u00a0\u00bb shape=\u00a0\u00bbsquare\u00a0\u00bb link=\u00a0\u00bburl:https%3A%2F%2Fbit.ly%2F3HGaJdz|target:%20_blank|\u00a0\u00bb el_class=\u00a0\u00bbbtn_descargar_ficha\u00a0\u00bb][vc_btn title=\u00a0\u00bbFICHA T\u00c9CNICA BRASS\u00a0\u00bb style=\u00a0\u00bbcustom\u00a0\u00bb custom_background=\u00a0\u00bb#009bc2&Prime; custom_text=\u00a0\u00bb#ffffff\u00a0\u00bb shape=\u00a0\u00bbsquare\u00a0\u00bb link=\u00a0\u00bburl:https%3A%2F%2Fbit.ly%2F3Obw9Br|target:%20_blank|\u00a0\u00bb el_class=\u00a0\u00bbbtn_descargar_ficha\u00a0\u00bb][\/vc_column][vc_column width=\u00a0\u00bb1\/2&Prime;][vc_btn title=\u00a0\u00bbMANUAL DE INSTRUCCIONES ROSE GOLD\u00a0\u00bb style=\u00a0\u00bbcustom\u00a0\u00bb custom_background=\u00a0\u00bb#009bc2&Prime; custom_text=\u00a0\u00bb#ffffff\u00a0\u00bb shape=\u00a0\u00bbsquare\u00a0\u00bb link=\u00a0\u00bburl:https%3A%2F%2Fbit.ly%2F3oOswXc|target:%20_blank|\u00a0\u00bb el_class=\u00a0\u00bbbtn_descargar_ficha\u00a0\u00bb][vc_btn title=\u00a0\u00bbMANUAL DE INSTRUCCIONES BRASS\u00a0\u00bb style=\u00a0\u00bbcustom\u00a0\u00bb custom_background=\u00a0\u00bb#009bc2&Prime; custom_text=\u00a0\u00bb#ffffff\u00a0\u00bb shape=\u00a0\u00bbsquare\u00a0\u00bb link=\u00a0\u00bburl:https%3A%2F%2Fbit.ly%2F3QcNevC|target:%20_blank|\u00a0\u00bb el_class=\u00a0\u00bbbtn_descargar_ficha\u00a0\u00bb][\/vc_column][\/vc_row]<\/p>\n<\/section>","protected":false},"excerpt":{"rendered":"<h5 style=\"font-size: 12px;\"><strong>Lampadaire d&rsquo;ext\u00e9rieur Lola Slim 180 | usage int\u00e9rieur<\/strong><\/h5>\n","protected":false},"featured_media":59799,"template":"","meta":[],"product_cat":[1695,651,654,1223,1254],"product_tag":[647,1224],"class_list":{"0":"post-36707","1":"product","2":"type-product","3":"status-publish","4":"has-post-thumbnail","6":"product_cat-productos-fr","7":"product_cat-lightdeco-fr","8":"product_cat-lampadaire","9":"product_cat-interieur","10":"product_cat-indoor-floor-lamps-fr","11":"product_tag-cable-fr","12":"product_tag-interieur","14":"first","15":"instock","16":"taxable","17":"shipping-taxable","18":"purchasable","19":"product-type-variable"},"yoast_head":"<!-- This site is optimized with the Yoast SEO plugin v24.2 - https:\/\/yoast.com\/wordpress\/plugins\/seo\/ -->\n<title>LAMPADAIRE EN M\u00c9TAL LOLA SLIM 180 | USAGE INT\u00c9RIEUR<\/title>\n<meta name=\"description\" content=\"LAMPE DE TABLE\u00a0LOLA SLIM 180\u00a0| USAGE INT\u00c9RIEURC&#039;est une lampe de la collection\u00a0Lola Slim, fabriqu\u00e9e par\u00a0Newgarden. Elle se compose d&#039;un pied et d&#039;une struc\" \/>\n<meta name=\"robots\" content=\"index, follow, max-snippet:-1, max-image-preview:large, max-video-preview:-1\" \/>\n<link rel=\"canonical\" href=\"https:\/\/newgarden.es\/fr\/shop\/lightdeco-fr\/lampadaire\/lampadaire-en-metal-lola-slim-180-usage-interieur\/\" \/>\n<meta property=\"og:locale\" content=\"fr_FR\" \/>\n<meta property=\"og:type\" content=\"article\" \/>\n<meta property=\"og:title\" content=\"LAMPADAIRE EN M\u00c9TAL LOLA SLIM 180 | USAGE INT\u00c9RIEUR\" \/>\n<meta property=\"og:description\" content=\"LAMPE DE TABLE\u00a0LOLA SLIM 180\u00a0| USAGE INT\u00c9RIEURC&#039;est une lampe de la collection\u00a0Lola Slim, fabriqu\u00e9e par\u00a0Newgarden. Elle se compose d&#039;un pied et d&#039;une struc\" \/>\n<meta property=\"og:url\" content=\"https:\/\/newgarden.es\/fr\/shop\/lightdeco-fr\/lampadaire\/lampadaire-en-metal-lola-slim-180-usage-interieur\/\" \/>\n<meta property=\"og:site_name\" content=\"Newgarden\" \/>\n<meta property=\"article:modified_time\" content=\"2024-06-13T13:43:31+00:00\" \/>\n<meta property=\"og:image\" content=\"https:\/\/newgarden.es\/wp-content\/uploads\/2021\/09\/LOLA_SLIM_180_BATTERY_1200X1200-4.jpg\" \/>\n\t<meta property=\"og:image:width\" content=\"1200\" \/>\n\t<meta property=\"og:image:height\" content=\"1200\" \/>\n\t<meta property=\"og:image:type\" content=\"image\/jpeg\" \/>\n<meta name=\"twitter:card\" content=\"summary_large_image\" \/>\n<meta name=\"twitter:label1\" content=\"Dur\u00e9e de lecture estim\u00e9e\" \/>\n\t<meta name=\"twitter:data1\" content=\"1 minute\" \/>\n<script type=\"application\/ld+json\" class=\"yoast-schema-graph\">{\"@context\":\"https:\/\/schema.org\",\"@graph\":[{\"@type\":\"WebPage\",\"@id\":\"https:\/\/newgarden.es\/fr\/shop\/lightdeco-fr\/lampadaire\/lampadaire-en-metal-lola-slim-180-usage-interieur\/\",\"url\":\"https:\/\/newgarden.es\/fr\/shop\/lightdeco-fr\/lampadaire\/lampadaire-en-metal-lola-slim-180-usage-interieur\/\",\"name\":\"LAMPADAIRE EN M\u00c9TAL LOLA SLIM 180 | USAGE INT\u00c9RIEUR\",\"isPartOf\":{\"@id\":\"https:\/\/newgarden.es\/#website\"},\"primaryImageOfPage\":{\"@id\":\"https:\/\/newgarden.es\/fr\/shop\/lightdeco-fr\/lampadaire\/lampadaire-en-metal-lola-slim-180-usage-interieur\/#primaryimage\"},\"image\":{\"@id\":\"https:\/\/newgarden.es\/fr\/shop\/lightdeco-fr\/lampadaire\/lampadaire-en-metal-lola-slim-180-usage-interieur\/#primaryimage\"},\"thumbnailUrl\":\"https:\/\/newgarden.es\/wp-content\/uploads\/2021\/09\/LOLA_SLIM_180_BATTERY_1200X1200-4.jpg\",\"datePublished\":\"2021-09-14T09:54:17+00:00\",\"dateModified\":\"2024-06-13T13:43:31+00:00\",\"description\":\"LAMPE DE TABLE\u00a0LOLA SLIM 180\u00a0| USAGE INT\u00c9RIEURC'est une lampe de la collection\u00a0Lola Slim, fabriqu\u00e9e par\u00a0Newgarden. Elle se compose d'un pied et d'une struc\",\"breadcrumb\":{\"@id\":\"https:\/\/newgarden.es\/fr\/shop\/lightdeco-fr\/lampadaire\/lampadaire-en-metal-lola-slim-180-usage-interieur\/#breadcrumb\"},\"inLanguage\":\"fr-FR\",\"potentialAction\":[{\"@type\":\"ReadAction\",\"target\":[\"https:\/\/newgarden.es\/fr\/shop\/lightdeco-fr\/lampadaire\/lampadaire-en-metal-lola-slim-180-usage-interieur\/\"]}]},{\"@type\":\"ImageObject\",\"inLanguage\":\"fr-FR\",\"@id\":\"https:\/\/newgarden.es\/fr\/shop\/lightdeco-fr\/lampadaire\/lampadaire-en-metal-lola-slim-180-usage-interieur\/#primaryimage\",\"url\":\"https:\/\/newgarden.es\/wp-content\/uploads\/2021\/09\/LOLA_SLIM_180_BATTERY_1200X1200-4.jpg\",\"contentUrl\":\"https:\/\/newgarden.es\/wp-content\/uploads\/2021\/09\/LOLA_SLIM_180_BATTERY_1200X1200-4.jpg\",\"width\":1200,\"height\":1200},{\"@type\":\"BreadcrumbList\",\"@id\":\"https:\/\/newgarden.es\/fr\/shop\/lightdeco-fr\/lampadaire\/lampadaire-en-metal-lola-slim-180-usage-interieur\/#breadcrumb\",\"itemListElement\":[{\"@type\":\"ListItem\",\"position\":1,\"name\":\"Home\",\"item\":\"https:\/\/newgarden.es\/fr\/\"},{\"@type\":\"ListItem\",\"position\":2,\"name\":\"Boutique\",\"item\":\"https:\/\/newgarden.es\/fr\/boutique\/\"},{\"@type\":\"ListItem\",\"position\":3,\"name\":\"LAMPADAIRE EN M\u00c9TAL LOLA SLIM 180 | USAGE INT\u00c9RIEUR\"}]},{\"@type\":\"WebSite\",\"@id\":\"https:\/\/newgarden.es\/#website\",\"url\":\"https:\/\/newgarden.es\/\",\"name\":\"Newgarden\",\"description\":\"Be happy\",\"potentialAction\":[{\"@type\":\"SearchAction\",\"target\":{\"@type\":\"EntryPoint\",\"urlTemplate\":\"https:\/\/newgarden.es\/?s={search_term_string}\"},\"query-input\":{\"@type\":\"PropertyValueSpecification\",\"valueRequired\":true,\"valueName\":\"search_term_string\"}}],\"inLanguage\":\"fr-FR\"}]}<\/script>\n<!-- \/ Yoast SEO plugin. -->","yoast_head_json":{"title":"LAMPADAIRE EN M\u00c9TAL LOLA SLIM 180 | USAGE INT\u00c9RIEUR","description":"LAMPE DE TABLE\u00a0LOLA SLIM 180\u00a0| USAGE INT\u00c9RIEURC'est une lampe de la collection\u00a0Lola Slim, fabriqu\u00e9e par\u00a0Newgarden. Elle se compose d'un pied et d'une struc","robots":{"index":"index","follow":"follow","max-snippet":"max-snippet:-1","max-image-preview":"max-image-preview:large","max-video-preview":"max-video-preview:-1"},"canonical":"https:\/\/newgarden.es\/fr\/shop\/lightdeco-fr\/lampadaire\/lampadaire-en-metal-lola-slim-180-usage-interieur\/","og_locale":"fr_FR","og_type":"article","og_title":"LAMPADAIRE EN M\u00c9TAL LOLA SLIM 180 | USAGE INT\u00c9RIEUR","og_description":"LAMPE DE TABLE\u00a0LOLA SLIM 180\u00a0| USAGE INT\u00c9RIEURC'est une lampe de la collection\u00a0Lola Slim, fabriqu\u00e9e par\u00a0Newgarden. Elle se compose d'un pied et d'une struc","og_url":"https:\/\/newgarden.es\/fr\/shop\/lightdeco-fr\/lampadaire\/lampadaire-en-metal-lola-slim-180-usage-interieur\/","og_site_name":"Newgarden","article_modified_time":"2024-06-13T13:43:31+00:00","og_image":[{"width":1200,"height":1200,"url":"https:\/\/newgarden.es\/wp-content\/uploads\/2021\/09\/LOLA_SLIM_180_BATTERY_1200X1200-4.jpg","type":"image\/jpeg"}],"twitter_card":"summary_large_image","twitter_misc":{"Dur\u00e9e de lecture estim\u00e9e":"1 minute"},"schema":{"@context":"https:\/\/schema.org","@graph":[{"@type":"WebPage","@id":"https:\/\/newgarden.es\/fr\/shop\/lightdeco-fr\/lampadaire\/lampadaire-en-metal-lola-slim-180-usage-interieur\/","url":"https:\/\/newgarden.es\/fr\/shop\/lightdeco-fr\/lampadaire\/lampadaire-en-metal-lola-slim-180-usage-interieur\/","name":"LAMPADAIRE EN M\u00c9TAL LOLA SLIM 180 | USAGE INT\u00c9RIEUR","isPartOf":{"@id":"https:\/\/newgarden.es\/#website"},"primaryImageOfPage":{"@id":"https:\/\/newgarden.es\/fr\/shop\/lightdeco-fr\/lampadaire\/lampadaire-en-metal-lola-slim-180-usage-interieur\/#primaryimage"},"image":{"@id":"https:\/\/newgarden.es\/fr\/shop\/lightdeco-fr\/lampadaire\/lampadaire-en-metal-lola-slim-180-usage-interieur\/#primaryimage"},"thumbnailUrl":"https:\/\/newgarden.es\/wp-content\/uploads\/2021\/09\/LOLA_SLIM_180_BATTERY_1200X1200-4.jpg","datePublished":"2021-09-14T09:54:17+00:00","dateModified":"2024-06-13T13:43:31+00:00","description":"LAMPE DE TABLE\u00a0LOLA SLIM 180\u00a0| USAGE INT\u00c9RIEURC'est une lampe de la collection\u00a0Lola Slim, fabriqu\u00e9e par\u00a0Newgarden. Elle se compose d'un pied et d'une struc","breadcrumb":{"@id":"https:\/\/newgarden.es\/fr\/shop\/lightdeco-fr\/lampadaire\/lampadaire-en-metal-lola-slim-180-usage-interieur\/#breadcrumb"},"inLanguage":"fr-FR","potentialAction":[{"@type":"ReadAction","target":["https:\/\/newgarden.es\/fr\/shop\/lightdeco-fr\/lampadaire\/lampadaire-en-metal-lola-slim-180-usage-interieur\/"]}]},{"@type":"ImageObject","inLanguage":"fr-FR","@id":"https:\/\/newgarden.es\/fr\/shop\/lightdeco-fr\/lampadaire\/lampadaire-en-metal-lola-slim-180-usage-interieur\/#primaryimage","url":"https:\/\/newgarden.es\/wp-content\/uploads\/2021\/09\/LOLA_SLIM_180_BATTERY_1200X1200-4.jpg","contentUrl":"https:\/\/newgarden.es\/wp-content\/uploads\/2021\/09\/LOLA_SLIM_180_BATTERY_1200X1200-4.jpg","width":1200,"height":1200},{"@type":"BreadcrumbList","@id":"https:\/\/newgarden.es\/fr\/shop\/lightdeco-fr\/lampadaire\/lampadaire-en-metal-lola-slim-180-usage-interieur\/#breadcrumb","itemListElement":[{"@type":"ListItem","position":1,"name":"Home","item":"https:\/\/newgarden.es\/fr\/"},{"@type":"ListItem","position":2,"name":"Boutique","item":"https:\/\/newgarden.es\/fr\/boutique\/"},{"@type":"ListItem","position":3,"name":"LAMPADAIRE EN M\u00c9TAL LOLA SLIM 180 | USAGE INT\u00c9RIEUR"}]},{"@type":"WebSite","@id":"https:\/\/newgarden.es\/#website","url":"https:\/\/newgarden.es\/","name":"Newgarden","description":"Be happy","potentialAction":[{"@type":"SearchAction","target":{"@type":"EntryPoint","urlTemplate":"https:\/\/newgarden.es\/?s={search_term_string}"},"query-input":{"@type":"PropertyValueSpecification","valueRequired":true,"valueName":"search_term_string"}}],"inLanguage":"fr-FR"}]}},"df_price":208.4,"df_sale_price":"","df_regular_price":208.4,"df_image_link":"https:\/\/newgarden.es\/wp-content\/uploads\/2021\/09\/LOLA_SLIM_180_BATTERY_1200X1200-4-580x400.jpg","_links":{"self":[{"href":"https:\/\/newgarden.es\/fr\/wp-json\/wp\/v2\/product\/36707"}],"collection":[{"href":"https:\/\/newgarden.es\/fr\/wp-json\/wp\/v2\/product"}],"about":[{"href":"https:\/\/newgarden.es\/fr\/wp-json\/wp\/v2\/types\/product"}],"wp:featuredmedia":[{"embeddable":true,"href":"https:\/\/newgarden.es\/fr\/wp-json\/wp\/v2\/media\/59799"}],"wp:attachment":[{"href":"https:\/\/newgarden.es\/fr\/wp-json\/wp\/v2\/media?parent=36707"}],"wp:term":[{"taxonomy":"product_cat","embeddable":true,"href":"https:\/\/newgarden.es\/fr\/wp-json\/wp\/v2\/product_cat?post=36707"},{"taxonomy":"product_tag","embeddable":true,"href":"https:\/\/newgarden.es\/fr\/wp-json\/wp\/v2\/product_tag?post=36707"}],"curies":[{"name":"wp","href":"https:\/\/api.w.org\/{rel}","templated":true}]}}