{"id":36736,"date":"2020-10-07T10:01:47","date_gmt":"2020-10-07T08:01:47","guid":{"rendered":"https:\/\/newgarden.es\/shop\/non%20class\u00e9\/garland-stellina\/"},"modified":"2024-05-29T12:22:17","modified_gmt":"2024-05-29T10:22:17","slug":"garland-stellina","status":"publish","type":"product","link":"https:\/\/newgarden.es\/fr\/shop\/lightdeco-fr\/noel\/garland-stellina\/","title":{"rendered":"GUIRLANDE D\u00c9CORATIVE STELLINA"},"content":{"rendered":"<section class=\"wpb-content-wrapper\"><p>[vc_row][vc_column][vc_column_text]<b>GUIRLANDE D\u00c9CORATIVE<\/b><\/p>\n<p data-sanitized-data-mce-fragment=\"1\">Vous souhaitez mettre une touche de No\u00ebl dans votre maison? Eh bien, voici Stellenia, une guirlande d&rsquo;\u00e9toiles id\u00e9ale pour d\u00e9corer votre int\u00e9rieur et ext\u00e9rieur. Facile \u00e0 placer, sans installation et de couleur blanc, rouge et noir. IP44. 10 ampoules LED int\u00e9gr\u00e9es.<\/p>\n<p>[\/vc_column_text][\/vc_column][\/vc_row][vc_row][vc_column width=\u00a0\u00bb1\/2&Prime;][vc_btn title=\u00a0\u00bbFiche technique\u00a0\u00bb style=\u00a0\u00bbcustom\u00a0\u00bb custom_background=\u00a0\u00bb#009bc2&Prime; custom_text=\u00a0\u00bb#ffffff\u00a0\u00bb link=\u00a0\u00bburl:https%3A%2F%2Fbit.ly%2F3zSkT8L|\u00a0\u00bb][\/vc_column][vc_column width=\u00a0\u00bb1\/2&Prime;][vc_btn title=\u00a0\u00bbManuel d&apos;instrutions\u00a0\u00bb style=\u00a0\u00bbcustom\u00a0\u00bb custom_background=\u00a0\u00bb#009bc2&Prime; custom_text=\u00a0\u00bb#ffffff\u00a0\u00bb link=\u00a0\u00bburl:https%3A%2F%2Fbit.ly%2F3QMvzMu|target:%20_blank|\u00a0\u00bb el_class=\u00a0\u00bbbtn_descargar_ficha\u00a0\u00bb][\/vc_column][\/vc_row]<\/p>\n<\/section>","protected":false},"excerpt":{"rendered":"<h5><strong>PACK X3 GUIRLANDES <\/strong>&#8211; Guirlande d\u00e9corative Stellina c\u00e2ble<\/h5>\n","protected":false},"featured_media":58426,"template":"","meta":[],"product_cat":[651,1575,1223,752],"product_tag":[],"class_list":{"0":"post-36736","1":"product","2":"type-product","3":"status-publish","4":"has-post-thumbnail","6":"product_cat-lightdeco-fr","7":"product_cat-guirlandes","8":"product_cat-interieur","9":"product_cat-noel","11":"first","12":"instock","13":"taxable","14":"shipping-taxable","15":"purchasable","16":"product-type-variable"},"yoast_head":"<!-- This site is optimized with the Yoast SEO plugin v24.2 - https:\/\/yoast.com\/wordpress\/plugins\/seo\/ -->\n<title>GUIRLANDE STELLINA EXT\u00c9RIEUR INT\u00c9RIEUR<\/title>\n<meta name=\"description\" content=\"GUIRLANDE STELLINA:Vous souhaitez mettre une touche de No\u00ebl dans votre maison? Eh bien, voici Stellina, une guirlande d&#039;\u00e9toiles id\u00e9ale pour d\u00e9corer vos esp\" \/>\n<meta name=\"robots\" content=\"index, follow, max-snippet:-1, max-image-preview:large, max-video-preview:-1\" \/>\n<link rel=\"canonical\" href=\"https:\/\/newgarden.es\/fr\/shop\/lightdeco-fr\/noel\/garland-stellina\/\" \/>\n<meta property=\"og:locale\" content=\"fr_FR\" \/>\n<meta property=\"og:type\" content=\"article\" \/>\n<meta property=\"og:title\" content=\"GUIRLANDE STELLINA EXT\u00c9RIEUR INT\u00c9RIEUR\" \/>\n<meta property=\"og:description\" content=\"GUIRLANDE STELLINA:Vous souhaitez mettre une touche de No\u00ebl dans votre maison? Eh bien, voici Stellina, une guirlande d&#039;\u00e9toiles id\u00e9ale pour d\u00e9corer vos esp\" \/>\n<meta property=\"og:url\" content=\"https:\/\/newgarden.es\/fr\/shop\/lightdeco-fr\/noel\/garland-stellina\/\" \/>\n<meta property=\"og:site_name\" content=\"Newgarden\" \/>\n<meta property=\"article:modified_time\" content=\"2024-05-29T10:22:17+00:00\" \/>\n<meta property=\"og:image\" content=\"https:\/\/newgarden.es\/wp-content\/uploads\/2020\/10\/STELLINA_1200X1200-4.jpg\" \/>\n\t<meta property=\"og:image:width\" content=\"1200\" \/>\n\t<meta property=\"og:image:height\" content=\"1200\" \/>\n\t<meta property=\"og:image:type\" content=\"image\/jpeg\" \/>\n<meta name=\"twitter:card\" content=\"summary_large_image\" \/>\n<meta name=\"twitter:label1\" content=\"Dur\u00e9e de lecture estim\u00e9e\" \/>\n\t<meta name=\"twitter:data1\" content=\"1 minute\" \/>\n<script type=\"application\/ld+json\" class=\"yoast-schema-graph\">{\"@context\":\"https:\/\/schema.org\",\"@graph\":[{\"@type\":\"WebPage\",\"@id\":\"https:\/\/newgarden.es\/fr\/shop\/lightdeco-fr\/noel\/garland-stellina\/\",\"url\":\"https:\/\/newgarden.es\/fr\/shop\/lightdeco-fr\/noel\/garland-stellina\/\",\"name\":\"GUIRLANDE STELLINA EXT\u00c9RIEUR INT\u00c9RIEUR\",\"isPartOf\":{\"@id\":\"https:\/\/newgarden.es\/#website\"},\"primaryImageOfPage\":{\"@id\":\"https:\/\/newgarden.es\/fr\/shop\/lightdeco-fr\/noel\/garland-stellina\/#primaryimage\"},\"image\":{\"@id\":\"https:\/\/newgarden.es\/fr\/shop\/lightdeco-fr\/noel\/garland-stellina\/#primaryimage\"},\"thumbnailUrl\":\"https:\/\/newgarden.es\/wp-content\/uploads\/2020\/10\/STELLINA_1200X1200-4.jpg\",\"datePublished\":\"2020-10-07T08:01:47+00:00\",\"dateModified\":\"2024-05-29T10:22:17+00:00\",\"description\":\"GUIRLANDE STELLINA:Vous souhaitez mettre une touche de No\u00ebl dans votre maison? Eh bien, voici Stellina, une guirlande d'\u00e9toiles id\u00e9ale pour d\u00e9corer vos esp\",\"breadcrumb\":{\"@id\":\"https:\/\/newgarden.es\/fr\/shop\/lightdeco-fr\/noel\/garland-stellina\/#breadcrumb\"},\"inLanguage\":\"fr-FR\",\"potentialAction\":[{\"@type\":\"ReadAction\",\"target\":[\"https:\/\/newgarden.es\/fr\/shop\/lightdeco-fr\/noel\/garland-stellina\/\"]}]},{\"@type\":\"ImageObject\",\"inLanguage\":\"fr-FR\",\"@id\":\"https:\/\/newgarden.es\/fr\/shop\/lightdeco-fr\/noel\/garland-stellina\/#primaryimage\",\"url\":\"https:\/\/newgarden.es\/wp-content\/uploads\/2020\/10\/STELLINA_1200X1200-4.jpg\",\"contentUrl\":\"https:\/\/newgarden.es\/wp-content\/uploads\/2020\/10\/STELLINA_1200X1200-4.jpg\",\"width\":1200,\"height\":1200},{\"@type\":\"BreadcrumbList\",\"@id\":\"https:\/\/newgarden.es\/fr\/shop\/lightdeco-fr\/noel\/garland-stellina\/#breadcrumb\",\"itemListElement\":[{\"@type\":\"ListItem\",\"position\":1,\"name\":\"Home\",\"item\":\"https:\/\/newgarden.es\/fr\/\"},{\"@type\":\"ListItem\",\"position\":2,\"name\":\"Boutique\",\"item\":\"https:\/\/newgarden.es\/fr\/boutique\/\"},{\"@type\":\"ListItem\",\"position\":3,\"name\":\"GUIRLANDE D\u00c9CORATIVE STELLINA\"}]},{\"@type\":\"WebSite\",\"@id\":\"https:\/\/newgarden.es\/#website\",\"url\":\"https:\/\/newgarden.es\/\",\"name\":\"Newgarden\",\"description\":\"Be happy\",\"potentialAction\":[{\"@type\":\"SearchAction\",\"target\":{\"@type\":\"EntryPoint\",\"urlTemplate\":\"https:\/\/newgarden.es\/?s={search_term_string}\"},\"query-input\":{\"@type\":\"PropertyValueSpecification\",\"valueRequired\":true,\"valueName\":\"search_term_string\"}}],\"inLanguage\":\"fr-FR\"}]}<\/script>\n<!-- \/ Yoast SEO plugin. -->","yoast_head_json":{"title":"GUIRLANDE STELLINA EXT\u00c9RIEUR INT\u00c9RIEUR","description":"GUIRLANDE STELLINA:Vous souhaitez mettre une touche de No\u00ebl dans votre maison? Eh bien, voici Stellina, une guirlande d'\u00e9toiles id\u00e9ale pour d\u00e9corer vos esp","robots":{"index":"index","follow":"follow","max-snippet":"max-snippet:-1","max-image-preview":"max-image-preview:large","max-video-preview":"max-video-preview:-1"},"canonical":"https:\/\/newgarden.es\/fr\/shop\/lightdeco-fr\/noel\/garland-stellina\/","og_locale":"fr_FR","og_type":"article","og_title":"GUIRLANDE STELLINA EXT\u00c9RIEUR INT\u00c9RIEUR","og_description":"GUIRLANDE STELLINA:Vous souhaitez mettre une touche de No\u00ebl dans votre maison? Eh bien, voici Stellina, une guirlande d'\u00e9toiles id\u00e9ale pour d\u00e9corer vos esp","og_url":"https:\/\/newgarden.es\/fr\/shop\/lightdeco-fr\/noel\/garland-stellina\/","og_site_name":"Newgarden","article_modified_time":"2024-05-29T10:22:17+00:00","og_image":[{"width":1200,"height":1200,"url":"https:\/\/newgarden.es\/wp-content\/uploads\/2020\/10\/STELLINA_1200X1200-4.jpg","type":"image\/jpeg"}],"twitter_card":"summary_large_image","twitter_misc":{"Dur\u00e9e de lecture estim\u00e9e":"1 minute"},"schema":{"@context":"https:\/\/schema.org","@graph":[{"@type":"WebPage","@id":"https:\/\/newgarden.es\/fr\/shop\/lightdeco-fr\/noel\/garland-stellina\/","url":"https:\/\/newgarden.es\/fr\/shop\/lightdeco-fr\/noel\/garland-stellina\/","name":"GUIRLANDE STELLINA EXT\u00c9RIEUR INT\u00c9RIEUR","isPartOf":{"@id":"https:\/\/newgarden.es\/#website"},"primaryImageOfPage":{"@id":"https:\/\/newgarden.es\/fr\/shop\/lightdeco-fr\/noel\/garland-stellina\/#primaryimage"},"image":{"@id":"https:\/\/newgarden.es\/fr\/shop\/lightdeco-fr\/noel\/garland-stellina\/#primaryimage"},"thumbnailUrl":"https:\/\/newgarden.es\/wp-content\/uploads\/2020\/10\/STELLINA_1200X1200-4.jpg","datePublished":"2020-10-07T08:01:47+00:00","dateModified":"2024-05-29T10:22:17+00:00","description":"GUIRLANDE STELLINA:Vous souhaitez mettre une touche de No\u00ebl dans votre maison? Eh bien, voici Stellina, une guirlande d'\u00e9toiles id\u00e9ale pour d\u00e9corer vos esp","breadcrumb":{"@id":"https:\/\/newgarden.es\/fr\/shop\/lightdeco-fr\/noel\/garland-stellina\/#breadcrumb"},"inLanguage":"fr-FR","potentialAction":[{"@type":"ReadAction","target":["https:\/\/newgarden.es\/fr\/shop\/lightdeco-fr\/noel\/garland-stellina\/"]}]},{"@type":"ImageObject","inLanguage":"fr-FR","@id":"https:\/\/newgarden.es\/fr\/shop\/lightdeco-fr\/noel\/garland-stellina\/#primaryimage","url":"https:\/\/newgarden.es\/wp-content\/uploads\/2020\/10\/STELLINA_1200X1200-4.jpg","contentUrl":"https:\/\/newgarden.es\/wp-content\/uploads\/2020\/10\/STELLINA_1200X1200-4.jpg","width":1200,"height":1200},{"@type":"BreadcrumbList","@id":"https:\/\/newgarden.es\/fr\/shop\/lightdeco-fr\/noel\/garland-stellina\/#breadcrumb","itemListElement":[{"@type":"ListItem","position":1,"name":"Home","item":"https:\/\/newgarden.es\/fr\/"},{"@type":"ListItem","position":2,"name":"Boutique","item":"https:\/\/newgarden.es\/fr\/boutique\/"},{"@type":"ListItem","position":3,"name":"GUIRLANDE D\u00c9CORATIVE STELLINA"}]},{"@type":"WebSite","@id":"https:\/\/newgarden.es\/#website","url":"https:\/\/newgarden.es\/","name":"Newgarden","description":"Be happy","potentialAction":[{"@type":"SearchAction","target":{"@type":"EntryPoint","urlTemplate":"https:\/\/newgarden.es\/?s={search_term_string}"},"query-input":{"@type":"PropertyValueSpecification","valueRequired":true,"valueName":"search_term_string"}}],"inLanguage":"fr-FR"}]}},"df_price":59.4,"df_sale_price":"","df_regular_price":59.4,"df_image_link":"https:\/\/newgarden.es\/wp-content\/uploads\/2020\/10\/STELLINA_1200X1200-4-580x400.jpg","_links":{"self":[{"href":"https:\/\/newgarden.es\/fr\/wp-json\/wp\/v2\/product\/36736"}],"collection":[{"href":"https:\/\/newgarden.es\/fr\/wp-json\/wp\/v2\/product"}],"about":[{"href":"https:\/\/newgarden.es\/fr\/wp-json\/wp\/v2\/types\/product"}],"wp:featuredmedia":[{"embeddable":true,"href":"https:\/\/newgarden.es\/fr\/wp-json\/wp\/v2\/media\/58426"}],"wp:attachment":[{"href":"https:\/\/newgarden.es\/fr\/wp-json\/wp\/v2\/media?parent=36736"}],"wp:term":[{"taxonomy":"product_cat","embeddable":true,"href":"https:\/\/newgarden.es\/fr\/wp-json\/wp\/v2\/product_cat?post=36736"},{"taxonomy":"product_tag","embeddable":true,"href":"https:\/\/newgarden.es\/fr\/wp-json\/wp\/v2\/product_tag?post=36736"}],"curies":[{"name":"wp","href":"https:\/\/api.w.org\/{rel}","templated":true}]}}