{"id":36823,"date":"2020-10-07T17:17:21","date_gmt":"2020-10-07T15:17:21","guid":{"rendered":"https:\/\/newgarden.es\/shop\/non%20class\u00e9\/lia-guirlande\/"},"modified":"2024-05-29T12:14:38","modified_gmt":"2024-05-29T10:14:38","slug":"lia-guirlande","status":"publish","type":"product","link":"https:\/\/newgarden.es\/fr\/shop\/lightdeco-fr\/noel\/lia-guirlande\/","title":{"rendered":"GUIRLANDE LIA"},"content":{"rendered":"<section class=\"wpb-content-wrapper\"><p>[vc_row][vc_column][vc_column_text]<strong>GUIRLANDE LIA<\/strong><\/p>\n<p>Si simple et facile \u00e0 installer que vous trouverez incroyable de penser que le LIA est une guirlande. Avec ses 30 LED int\u00e9gr\u00e9es et son rev\u00eatement en tissu effet jute, il deviendra le compl\u00e9ment id\u00e9al de votre maison. Placez-le \u00e0 l&rsquo;int\u00e9rieur ou \u00e0 l&rsquo;ext\u00e9rieur de votre maison car il est con\u00e7u pour \u00eatre utilis\u00e9 \u00e0 l&rsquo;int\u00e9rieur comme \u00e0 l&rsquo;ext\u00e9rieur. IP44.<br \/>\n[\/vc_column_text][\/vc_column][\/vc_row][vc_row][vc_column width=\u00a0\u00bb1\/2&Prime;][vc_btn title=\u00a0\u00bbFiche technique\u00a0\u00bb style=\u00a0\u00bbcustom\u00a0\u00bb custom_background=\u00a0\u00bb#009bc2&Prime; custom_text=\u00a0\u00bb#ffffff\u00a0\u00bb link=\u00a0\u00bburl:https%3A%2F%2Fbit.ly%2F3nnPh3L|\u00a0\u00bb][\/vc_column][vc_column width=\u00a0\u00bb1\/2&Prime;][vc_btn title=\u00a0\u00bbManuel d&apos;instrutions\u00a0\u00bb style=\u00a0\u00bbcustom\u00a0\u00bb custom_background=\u00a0\u00bb#009bc2&Prime; custom_text=\u00a0\u00bb#ffffff\u00a0\u00bb link=\u00a0\u00bburl:https%3A%2F%2Fbit.ly%2F3bjTbYB|\u00a0\u00bb][\/vc_column][\/vc_row]<\/p>\n<\/section>","protected":false},"excerpt":{"rendered":"<h5><strong>Guirlande d\u00e9corative Lia<\/strong><\/h5>\n","protected":false},"featured_media":58399,"template":"","meta":[],"product_cat":[651,1575,1223,752],"product_tag":[],"class_list":{"0":"post-36823","1":"product","2":"type-product","3":"status-publish","4":"has-post-thumbnail","6":"product_cat-lightdeco-fr","7":"product_cat-guirlandes","8":"product_cat-interieur","9":"product_cat-noel","11":"first","12":"instock","13":"taxable","14":"shipping-taxable","15":"purchasable","16":"product-type-variable"},"yoast_head":"<!-- This site is optimized with the Yoast SEO plugin v24.2 - https:\/\/yoast.com\/wordpress\/plugins\/seo\/ -->\n<title>Guirlande LIA Newgarden, avec 10 ampoules incluses<\/title>\n<meta name=\"description\" content=\"Si simple et facile \u00e0 installer, qu\u2019il est difficile de croire que LIA est une simple guirlande. Avec ses 30 LED int\u00e9gr\u00e9es et recouvertes d&#039;un tissu en jute\" \/>\n<meta name=\"robots\" content=\"index, follow, max-snippet:-1, max-image-preview:large, max-video-preview:-1\" \/>\n<link rel=\"canonical\" href=\"https:\/\/newgarden.es\/shop\/lightdeco\/navidad\/guirnalda-lia\/\" \/>\n<meta property=\"og:locale\" content=\"fr_FR\" \/>\n<meta property=\"og:type\" content=\"article\" \/>\n<meta property=\"og:title\" content=\"Guirlande LIA Newgarden, avec 10 ampoules incluses\" \/>\n<meta property=\"og:description\" content=\"Si simple et facile \u00e0 installer, qu\u2019il est difficile de croire que LIA est une simple guirlande. Avec ses 30 LED int\u00e9gr\u00e9es et recouvertes d&#039;un tissu en jute\" \/>\n<meta property=\"og:url\" content=\"https:\/\/newgarden.es\/shop\/lightdeco\/navidad\/guirnalda-lia\/\" \/>\n<meta property=\"og:site_name\" content=\"Newgarden\" \/>\n<meta property=\"article:modified_time\" content=\"2024-05-29T10:14:38+00:00\" \/>\n<meta property=\"og:image\" content=\"https:\/\/newgarden.es\/wp-content\/uploads\/2020\/10\/LIA_200X1200-4.jpg\" \/>\n\t<meta property=\"og:image:width\" content=\"1200\" \/>\n\t<meta property=\"og:image:height\" content=\"1200\" \/>\n\t<meta property=\"og:image:type\" content=\"image\/jpeg\" \/>\n<meta name=\"twitter:card\" content=\"summary_large_image\" \/>\n<meta name=\"twitter:label1\" content=\"Dur\u00e9e de lecture estim\u00e9e\" \/>\n\t<meta name=\"twitter:data1\" content=\"1 minute\" \/>\n<script type=\"application\/ld+json\" class=\"yoast-schema-graph\">{\"@context\":\"https:\/\/schema.org\",\"@graph\":[{\"@type\":\"WebPage\",\"@id\":\"https:\/\/newgarden.es\/shop\/lightdeco\/navidad\/guirnalda-lia\/\",\"url\":\"https:\/\/newgarden.es\/shop\/lightdeco\/navidad\/guirnalda-lia\/\",\"name\":\"Guirlande LIA Newgarden, avec 10 ampoules incluses\",\"isPartOf\":{\"@id\":\"https:\/\/newgarden.es\/#website\"},\"primaryImageOfPage\":{\"@id\":\"https:\/\/newgarden.es\/shop\/lightdeco\/navidad\/guirnalda-lia\/#primaryimage\"},\"image\":{\"@id\":\"https:\/\/newgarden.es\/shop\/lightdeco\/navidad\/guirnalda-lia\/#primaryimage\"},\"thumbnailUrl\":\"https:\/\/newgarden.es\/wp-content\/uploads\/2020\/10\/LIA_200X1200-4.jpg\",\"datePublished\":\"2020-10-07T15:17:21+00:00\",\"dateModified\":\"2024-05-29T10:14:38+00:00\",\"description\":\"Si simple et facile \u00e0 installer, qu\u2019il est difficile de croire que LIA est une simple guirlande. Avec ses 30 LED int\u00e9gr\u00e9es et recouvertes d'un tissu en jute\",\"breadcrumb\":{\"@id\":\"https:\/\/newgarden.es\/shop\/lightdeco\/navidad\/guirnalda-lia\/#breadcrumb\"},\"inLanguage\":\"fr-FR\",\"potentialAction\":[{\"@type\":\"ReadAction\",\"target\":[\"https:\/\/newgarden.es\/shop\/lightdeco\/navidad\/guirnalda-lia\/\"]}]},{\"@type\":\"ImageObject\",\"inLanguage\":\"fr-FR\",\"@id\":\"https:\/\/newgarden.es\/shop\/lightdeco\/navidad\/guirnalda-lia\/#primaryimage\",\"url\":\"https:\/\/newgarden.es\/wp-content\/uploads\/2020\/10\/LIA_200X1200-4.jpg\",\"contentUrl\":\"https:\/\/newgarden.es\/wp-content\/uploads\/2020\/10\/LIA_200X1200-4.jpg\",\"width\":1200,\"height\":1200},{\"@type\":\"BreadcrumbList\",\"@id\":\"https:\/\/newgarden.es\/shop\/lightdeco\/navidad\/guirnalda-lia\/#breadcrumb\",\"itemListElement\":[{\"@type\":\"ListItem\",\"position\":1,\"name\":\"Home\",\"item\":\"https:\/\/newgarden.es\/fr\/\"},{\"@type\":\"ListItem\",\"position\":2,\"name\":\"Boutique\",\"item\":\"https:\/\/newgarden.es\/fr\/boutique\/\"},{\"@type\":\"ListItem\",\"position\":3,\"name\":\"GUIRLANDE LIA\"}]},{\"@type\":\"WebSite\",\"@id\":\"https:\/\/newgarden.es\/#website\",\"url\":\"https:\/\/newgarden.es\/\",\"name\":\"Newgarden\",\"description\":\"Be happy\",\"potentialAction\":[{\"@type\":\"SearchAction\",\"target\":{\"@type\":\"EntryPoint\",\"urlTemplate\":\"https:\/\/newgarden.es\/?s={search_term_string}\"},\"query-input\":{\"@type\":\"PropertyValueSpecification\",\"valueRequired\":true,\"valueName\":\"search_term_string\"}}],\"inLanguage\":\"fr-FR\"}]}<\/script>\n<!-- \/ Yoast SEO plugin. -->","yoast_head_json":{"title":"Guirlande LIA Newgarden, avec 10 ampoules incluses","description":"Si simple et facile \u00e0 installer, qu\u2019il est difficile de croire que LIA est une simple guirlande. Avec ses 30 LED int\u00e9gr\u00e9es et recouvertes d'un tissu en jute","robots":{"index":"index","follow":"follow","max-snippet":"max-snippet:-1","max-image-preview":"max-image-preview:large","max-video-preview":"max-video-preview:-1"},"canonical":"https:\/\/newgarden.es\/shop\/lightdeco\/navidad\/guirnalda-lia\/","og_locale":"fr_FR","og_type":"article","og_title":"Guirlande LIA Newgarden, avec 10 ampoules incluses","og_description":"Si simple et facile \u00e0 installer, qu\u2019il est difficile de croire que LIA est une simple guirlande. Avec ses 30 LED int\u00e9gr\u00e9es et recouvertes d'un tissu en jute","og_url":"https:\/\/newgarden.es\/shop\/lightdeco\/navidad\/guirnalda-lia\/","og_site_name":"Newgarden","article_modified_time":"2024-05-29T10:14:38+00:00","og_image":[{"width":1200,"height":1200,"url":"https:\/\/newgarden.es\/wp-content\/uploads\/2020\/10\/LIA_200X1200-4.jpg","type":"image\/jpeg"}],"twitter_card":"summary_large_image","twitter_misc":{"Dur\u00e9e de lecture estim\u00e9e":"1 minute"},"schema":{"@context":"https:\/\/schema.org","@graph":[{"@type":"WebPage","@id":"https:\/\/newgarden.es\/shop\/lightdeco\/navidad\/guirnalda-lia\/","url":"https:\/\/newgarden.es\/shop\/lightdeco\/navidad\/guirnalda-lia\/","name":"Guirlande LIA Newgarden, avec 10 ampoules incluses","isPartOf":{"@id":"https:\/\/newgarden.es\/#website"},"primaryImageOfPage":{"@id":"https:\/\/newgarden.es\/shop\/lightdeco\/navidad\/guirnalda-lia\/#primaryimage"},"image":{"@id":"https:\/\/newgarden.es\/shop\/lightdeco\/navidad\/guirnalda-lia\/#primaryimage"},"thumbnailUrl":"https:\/\/newgarden.es\/wp-content\/uploads\/2020\/10\/LIA_200X1200-4.jpg","datePublished":"2020-10-07T15:17:21+00:00","dateModified":"2024-05-29T10:14:38+00:00","description":"Si simple et facile \u00e0 installer, qu\u2019il est difficile de croire que LIA est une simple guirlande. Avec ses 30 LED int\u00e9gr\u00e9es et recouvertes d'un tissu en jute","breadcrumb":{"@id":"https:\/\/newgarden.es\/shop\/lightdeco\/navidad\/guirnalda-lia\/#breadcrumb"},"inLanguage":"fr-FR","potentialAction":[{"@type":"ReadAction","target":["https:\/\/newgarden.es\/shop\/lightdeco\/navidad\/guirnalda-lia\/"]}]},{"@type":"ImageObject","inLanguage":"fr-FR","@id":"https:\/\/newgarden.es\/shop\/lightdeco\/navidad\/guirnalda-lia\/#primaryimage","url":"https:\/\/newgarden.es\/wp-content\/uploads\/2020\/10\/LIA_200X1200-4.jpg","contentUrl":"https:\/\/newgarden.es\/wp-content\/uploads\/2020\/10\/LIA_200X1200-4.jpg","width":1200,"height":1200},{"@type":"BreadcrumbList","@id":"https:\/\/newgarden.es\/shop\/lightdeco\/navidad\/guirnalda-lia\/#breadcrumb","itemListElement":[{"@type":"ListItem","position":1,"name":"Home","item":"https:\/\/newgarden.es\/fr\/"},{"@type":"ListItem","position":2,"name":"Boutique","item":"https:\/\/newgarden.es\/fr\/boutique\/"},{"@type":"ListItem","position":3,"name":"GUIRLANDE LIA"}]},{"@type":"WebSite","@id":"https:\/\/newgarden.es\/#website","url":"https:\/\/newgarden.es\/","name":"Newgarden","description":"Be happy","potentialAction":[{"@type":"SearchAction","target":{"@type":"EntryPoint","urlTemplate":"https:\/\/newgarden.es\/?s={search_term_string}"},"query-input":{"@type":"PropertyValueSpecification","valueRequired":true,"valueName":"search_term_string"}}],"inLanguage":"fr-FR"}]}},"df_price":46.8,"df_sale_price":"","df_regular_price":46.8,"df_image_link":"https:\/\/newgarden.es\/wp-content\/uploads\/2020\/10\/LIA_200X1200-4-580x400.jpg","_links":{"self":[{"href":"https:\/\/newgarden.es\/fr\/wp-json\/wp\/v2\/product\/36823"}],"collection":[{"href":"https:\/\/newgarden.es\/fr\/wp-json\/wp\/v2\/product"}],"about":[{"href":"https:\/\/newgarden.es\/fr\/wp-json\/wp\/v2\/types\/product"}],"wp:featuredmedia":[{"embeddable":true,"href":"https:\/\/newgarden.es\/fr\/wp-json\/wp\/v2\/media\/58399"}],"wp:attachment":[{"href":"https:\/\/newgarden.es\/fr\/wp-json\/wp\/v2\/media?parent=36823"}],"wp:term":[{"taxonomy":"product_cat","embeddable":true,"href":"https:\/\/newgarden.es\/fr\/wp-json\/wp\/v2\/product_cat?post=36823"},{"taxonomy":"product_tag","embeddable":true,"href":"https:\/\/newgarden.es\/fr\/wp-json\/wp\/v2\/product_tag?post=36823"}],"curies":[{"name":"wp","href":"https:\/\/api.w.org\/{rel}","templated":true}]}}