{"id":36913,"date":"2021-09-14T15:28:22","date_gmt":"2021-09-14T13:28:27","guid":{"rendered":"https:\/\/newgarden.es\/?post_type=product&#038;p=36913"},"modified":"2022-02-04T10:17:24","modified_gmt":"2022-02-04T09:17:24","slug":"designer-floor-lamp-with-wooden-legs-rocket-145-indoor-use","status":"publish","type":"product","link":"https:\/\/newgarden.es\/fr\/shop\/lightdeco-fr\/interieur\/designer-floor-lamp-with-wooden-legs-rocket-145-indoor-use\/","title":{"rendered":"LAMPADAIRE TR\u00c9PIED ROCKET 145 | USAGE INT\u00c9RIEUR"},"content":{"rendered":"<p>LAMPADAIRE TR\u00c9PIED <strong>ROCKET 145<\/strong> | USAGE INT\u00c9RIEUR<\/p>\n<p>La lampadaire\u00a0<strong>Rocket 145<\/strong>\u00a0est une lampe d\u00e9corative originale et id\u00e9ale pour d\u00e9corer vos espaces int\u00e9rieur.<\/p>\n<p><strong>Rocket 145<\/strong>\u00a0<strong>In&amp;Out<\/strong>\u00a0(avec c\u00e2ble d&rsquo;alimentation en jute):<br \/>\nLa lampe d\u00e9corative\u00a0<strong>In&amp;Out<\/strong>\u00a0avec c\u00e2ble est dot\u00e9e d&rsquo;une ampoule E27. Ce luminaire est r\u00e9glable aussi bien en temp\u00e9rature de lumi\u00e8re (on peut passer du froid au chaud) qu&rsquo;en intensit\u00e9. Il dispose \u00e9galement d&rsquo;une minuterie et d&rsquo;un cr\u00e9ateur de groupe d&rsquo;\u00e9clairage pour contr\u00f4ler plusieurs lampes de ce syst\u00e8me avec la m\u00eame t\u00e9l\u00e9commande. Le c\u00e2ble est recouvert de fibres\u00a0en jute, ce qui donne \u00e0 la lampe une touche \u00ab\u00a0nature\u00a0\u00bb.<\/p>\n<ul class=\"tablaTech\">\n<li>\n<div class=\"boxContents no-border\">\n<div class=\"name\"><strong>TAILLE<\/strong><\/div>\n<div class=\"data\">\u00f850 x 144 cm<\/div>\n<\/div>\n<\/li>\n<\/ul>\n<p>&nbsp;<\/p>\n<p>&nbsp;<\/p>\n<p>&nbsp;<\/p>\n","protected":false},"excerpt":{"rendered":"<h1 style=\"font-size: 12px;\"><i class=\"fa fa-angle-right\"><\/i>Lampadaire tr\u00e9pied Rocket 145 | usage int\u00e9rieur<\/h1>\n","protected":false},"featured_media":59629,"template":"","meta":[],"product_cat":[651,1223,1254],"product_tag":[647],"class_list":{"0":"post-36913","1":"product","2":"type-product","3":"status-publish","4":"has-post-thumbnail","6":"product_cat-lightdeco-fr","7":"product_cat-interieur","8":"product_cat-indoor-floor-lamps-fr","9":"product_tag-cable-fr","11":"first","12":"instock","13":"taxable","14":"shipping-taxable","15":"purchasable","16":"product-type-variable"},"yoast_head":"<!-- This site is optimized with the Yoast SEO plugin v24.2 - https:\/\/yoast.com\/wordpress\/plugins\/seo\/ -->\n<title>Rocket 145, l\u00e1mpara de dise\u00f1o con patas de madera | Newgarden<\/title>\n<meta name=\"description\" content=\"The Rocket 145 design lamp with wooden legs is ideal for both the exterior and interior of your home, contract spaces or business.\" \/>\n<meta name=\"robots\" content=\"index, follow, max-snippet:-1, max-image-preview:large, max-video-preview:-1\" \/>\n<link rel=\"canonical\" href=\"https:\/\/newgarden.es\/fr\/shop\/lightdeco-fr\/interieur\/designer-floor-lamp-with-wooden-legs-rocket-145-indoor-use\/\" \/>\n<meta property=\"og:locale\" content=\"fr_FR\" \/>\n<meta property=\"og:type\" content=\"article\" \/>\n<meta property=\"og:title\" content=\"Rocket 145, l\u00e1mpara de dise\u00f1o con patas de madera | Newgarden\" \/>\n<meta property=\"og:description\" content=\"The Rocket 145 design lamp with wooden legs is ideal for both the exterior and interior of your home, contract spaces or business.\" \/>\n<meta property=\"og:url\" content=\"https:\/\/newgarden.es\/fr\/shop\/lightdeco-fr\/interieur\/designer-floor-lamp-with-wooden-legs-rocket-145-indoor-use\/\" \/>\n<meta property=\"og:site_name\" content=\"Newgarden\" \/>\n<meta property=\"article:modified_time\" content=\"2022-02-04T09:17:24+00:00\" \/>\n<meta property=\"og:image\" content=\"https:\/\/newgarden.es\/wp-content\/uploads\/2021\/09\/ROCKET_145_CABLE_1200X1200-2-1.jpg\" \/>\n\t<meta property=\"og:image:width\" content=\"1200\" \/>\n\t<meta property=\"og:image:height\" content=\"1200\" \/>\n\t<meta property=\"og:image:type\" content=\"image\/jpeg\" \/>\n<meta name=\"twitter:card\" content=\"summary_large_image\" \/>\n<meta name=\"twitter:label1\" content=\"Dur\u00e9e de lecture estim\u00e9e\" \/>\n\t<meta name=\"twitter:data1\" content=\"1 minute\" \/>\n<script type=\"application\/ld+json\" class=\"yoast-schema-graph\">{\"@context\":\"https:\/\/schema.org\",\"@graph\":[{\"@type\":\"WebPage\",\"@id\":\"https:\/\/newgarden.es\/fr\/shop\/lightdeco-fr\/interieur\/designer-floor-lamp-with-wooden-legs-rocket-145-indoor-use\/\",\"url\":\"https:\/\/newgarden.es\/fr\/shop\/lightdeco-fr\/interieur\/designer-floor-lamp-with-wooden-legs-rocket-145-indoor-use\/\",\"name\":\"Rocket 145, l\u00e1mpara de dise\u00f1o con patas de madera | Newgarden\",\"isPartOf\":{\"@id\":\"https:\/\/newgarden.es\/#website\"},\"primaryImageOfPage\":{\"@id\":\"https:\/\/newgarden.es\/fr\/shop\/lightdeco-fr\/interieur\/designer-floor-lamp-with-wooden-legs-rocket-145-indoor-use\/#primaryimage\"},\"image\":{\"@id\":\"https:\/\/newgarden.es\/fr\/shop\/lightdeco-fr\/interieur\/designer-floor-lamp-with-wooden-legs-rocket-145-indoor-use\/#primaryimage\"},\"thumbnailUrl\":\"https:\/\/newgarden.es\/wp-content\/uploads\/2021\/09\/ROCKET_145_CABLE_1200X1200-2-1.jpg\",\"datePublished\":\"2021-09-14T13:28:27+00:00\",\"dateModified\":\"2022-02-04T09:17:24+00:00\",\"description\":\"The Rocket 145 design lamp with wooden legs is ideal for both the exterior and interior of your home, contract spaces or business.\",\"breadcrumb\":{\"@id\":\"https:\/\/newgarden.es\/fr\/shop\/lightdeco-fr\/interieur\/designer-floor-lamp-with-wooden-legs-rocket-145-indoor-use\/#breadcrumb\"},\"inLanguage\":\"fr-FR\",\"potentialAction\":[{\"@type\":\"ReadAction\",\"target\":[\"https:\/\/newgarden.es\/fr\/shop\/lightdeco-fr\/interieur\/designer-floor-lamp-with-wooden-legs-rocket-145-indoor-use\/\"]}]},{\"@type\":\"ImageObject\",\"inLanguage\":\"fr-FR\",\"@id\":\"https:\/\/newgarden.es\/fr\/shop\/lightdeco-fr\/interieur\/designer-floor-lamp-with-wooden-legs-rocket-145-indoor-use\/#primaryimage\",\"url\":\"https:\/\/newgarden.es\/wp-content\/uploads\/2021\/09\/ROCKET_145_CABLE_1200X1200-2-1.jpg\",\"contentUrl\":\"https:\/\/newgarden.es\/wp-content\/uploads\/2021\/09\/ROCKET_145_CABLE_1200X1200-2-1.jpg\",\"width\":1200,\"height\":1200},{\"@type\":\"BreadcrumbList\",\"@id\":\"https:\/\/newgarden.es\/fr\/shop\/lightdeco-fr\/interieur\/designer-floor-lamp-with-wooden-legs-rocket-145-indoor-use\/#breadcrumb\",\"itemListElement\":[{\"@type\":\"ListItem\",\"position\":1,\"name\":\"Home\",\"item\":\"https:\/\/newgarden.es\/fr\/\"},{\"@type\":\"ListItem\",\"position\":2,\"name\":\"Boutique\",\"item\":\"https:\/\/newgarden.es\/fr\/boutique\/\"},{\"@type\":\"ListItem\",\"position\":3,\"name\":\"LAMPADAIRE TR\u00c9PIED ROCKET 145 | USAGE INT\u00c9RIEUR\"}]},{\"@type\":\"WebSite\",\"@id\":\"https:\/\/newgarden.es\/#website\",\"url\":\"https:\/\/newgarden.es\/\",\"name\":\"Newgarden\",\"description\":\"Be happy\",\"potentialAction\":[{\"@type\":\"SearchAction\",\"target\":{\"@type\":\"EntryPoint\",\"urlTemplate\":\"https:\/\/newgarden.es\/?s={search_term_string}\"},\"query-input\":{\"@type\":\"PropertyValueSpecification\",\"valueRequired\":true,\"valueName\":\"search_term_string\"}}],\"inLanguage\":\"fr-FR\"}]}<\/script>\n<!-- \/ Yoast SEO plugin. -->","yoast_head_json":{"title":"Rocket 145, l\u00e1mpara de dise\u00f1o con patas de madera | Newgarden","description":"The Rocket 145 design lamp with wooden legs is ideal for both the exterior and interior of your home, contract spaces or business.","robots":{"index":"index","follow":"follow","max-snippet":"max-snippet:-1","max-image-preview":"max-image-preview:large","max-video-preview":"max-video-preview:-1"},"canonical":"https:\/\/newgarden.es\/fr\/shop\/lightdeco-fr\/interieur\/designer-floor-lamp-with-wooden-legs-rocket-145-indoor-use\/","og_locale":"fr_FR","og_type":"article","og_title":"Rocket 145, l\u00e1mpara de dise\u00f1o con patas de madera | Newgarden","og_description":"The Rocket 145 design lamp with wooden legs is ideal for both the exterior and interior of your home, contract spaces or business.","og_url":"https:\/\/newgarden.es\/fr\/shop\/lightdeco-fr\/interieur\/designer-floor-lamp-with-wooden-legs-rocket-145-indoor-use\/","og_site_name":"Newgarden","article_modified_time":"2022-02-04T09:17:24+00:00","og_image":[{"width":1200,"height":1200,"url":"https:\/\/newgarden.es\/wp-content\/uploads\/2021\/09\/ROCKET_145_CABLE_1200X1200-2-1.jpg","type":"image\/jpeg"}],"twitter_card":"summary_large_image","twitter_misc":{"Dur\u00e9e de lecture estim\u00e9e":"1 minute"},"schema":{"@context":"https:\/\/schema.org","@graph":[{"@type":"WebPage","@id":"https:\/\/newgarden.es\/fr\/shop\/lightdeco-fr\/interieur\/designer-floor-lamp-with-wooden-legs-rocket-145-indoor-use\/","url":"https:\/\/newgarden.es\/fr\/shop\/lightdeco-fr\/interieur\/designer-floor-lamp-with-wooden-legs-rocket-145-indoor-use\/","name":"Rocket 145, l\u00e1mpara de dise\u00f1o con patas de madera | Newgarden","isPartOf":{"@id":"https:\/\/newgarden.es\/#website"},"primaryImageOfPage":{"@id":"https:\/\/newgarden.es\/fr\/shop\/lightdeco-fr\/interieur\/designer-floor-lamp-with-wooden-legs-rocket-145-indoor-use\/#primaryimage"},"image":{"@id":"https:\/\/newgarden.es\/fr\/shop\/lightdeco-fr\/interieur\/designer-floor-lamp-with-wooden-legs-rocket-145-indoor-use\/#primaryimage"},"thumbnailUrl":"https:\/\/newgarden.es\/wp-content\/uploads\/2021\/09\/ROCKET_145_CABLE_1200X1200-2-1.jpg","datePublished":"2021-09-14T13:28:27+00:00","dateModified":"2022-02-04T09:17:24+00:00","description":"The Rocket 145 design lamp with wooden legs is ideal for both the exterior and interior of your home, contract spaces or business.","breadcrumb":{"@id":"https:\/\/newgarden.es\/fr\/shop\/lightdeco-fr\/interieur\/designer-floor-lamp-with-wooden-legs-rocket-145-indoor-use\/#breadcrumb"},"inLanguage":"fr-FR","potentialAction":[{"@type":"ReadAction","target":["https:\/\/newgarden.es\/fr\/shop\/lightdeco-fr\/interieur\/designer-floor-lamp-with-wooden-legs-rocket-145-indoor-use\/"]}]},{"@type":"ImageObject","inLanguage":"fr-FR","@id":"https:\/\/newgarden.es\/fr\/shop\/lightdeco-fr\/interieur\/designer-floor-lamp-with-wooden-legs-rocket-145-indoor-use\/#primaryimage","url":"https:\/\/newgarden.es\/wp-content\/uploads\/2021\/09\/ROCKET_145_CABLE_1200X1200-2-1.jpg","contentUrl":"https:\/\/newgarden.es\/wp-content\/uploads\/2021\/09\/ROCKET_145_CABLE_1200X1200-2-1.jpg","width":1200,"height":1200},{"@type":"BreadcrumbList","@id":"https:\/\/newgarden.es\/fr\/shop\/lightdeco-fr\/interieur\/designer-floor-lamp-with-wooden-legs-rocket-145-indoor-use\/#breadcrumb","itemListElement":[{"@type":"ListItem","position":1,"name":"Home","item":"https:\/\/newgarden.es\/fr\/"},{"@type":"ListItem","position":2,"name":"Boutique","item":"https:\/\/newgarden.es\/fr\/boutique\/"},{"@type":"ListItem","position":3,"name":"LAMPADAIRE TR\u00c9PIED ROCKET 145 | USAGE INT\u00c9RIEUR"}]},{"@type":"WebSite","@id":"https:\/\/newgarden.es\/#website","url":"https:\/\/newgarden.es\/","name":"Newgarden","description":"Be happy","potentialAction":[{"@type":"SearchAction","target":{"@type":"EntryPoint","urlTemplate":"https:\/\/newgarden.es\/?s={search_term_string}"},"query-input":{"@type":"PropertyValueSpecification","valueRequired":true,"valueName":"search_term_string"}}],"inLanguage":"fr-FR"}]}},"df_price":288.8,"df_sale_price":"","df_regular_price":288.8,"df_image_link":"https:\/\/newgarden.es\/wp-content\/uploads\/2021\/09\/ROCKET_145_CABLE_1200X1200-2-1-580x400.jpg","_links":{"self":[{"href":"https:\/\/newgarden.es\/fr\/wp-json\/wp\/v2\/product\/36913"}],"collection":[{"href":"https:\/\/newgarden.es\/fr\/wp-json\/wp\/v2\/product"}],"about":[{"href":"https:\/\/newgarden.es\/fr\/wp-json\/wp\/v2\/types\/product"}],"wp:featuredmedia":[{"embeddable":true,"href":"https:\/\/newgarden.es\/fr\/wp-json\/wp\/v2\/media\/59629"}],"wp:attachment":[{"href":"https:\/\/newgarden.es\/fr\/wp-json\/wp\/v2\/media?parent=36913"}],"wp:term":[{"taxonomy":"product_cat","embeddable":true,"href":"https:\/\/newgarden.es\/fr\/wp-json\/wp\/v2\/product_cat?post=36913"},{"taxonomy":"product_tag","embeddable":true,"href":"https:\/\/newgarden.es\/fr\/wp-json\/wp\/v2\/product_tag?post=36913"}],"curies":[{"name":"wp","href":"https:\/\/api.w.org\/{rel}","templated":true}]}}