{"id":37065,"date":"2021-09-15T13:29:36","date_gmt":"2021-09-15T11:29:41","guid":{"rendered":"https:\/\/newgarden.es\/?post_type=product&#038;p=37065"},"modified":"2024-06-14T08:58:48","modified_gmt":"2024-06-14T06:58:48","slug":"renne-illumine-rudy-copia","status":"publish","type":"product","link":"https:\/\/newgarden.es\/fr\/shop\/lightdeco-fr\/lampe-a-cote\/renne-illumine-rudy-copia\/","title":{"rendered":"RUDY ILLUMINATED RENDEER | UTILISATION INT\u00c9RIEURE"},"content":{"rendered":"<section class=\"wpb-content-wrapper\"><p>[vc_row][vc_column][vc_column_text]<\/p>\n<p>[\/vc_column_text][\/vc_column][\/vc_row][vc_row][vc_column el_class=\u00a0\u00bbdescripcion_producto\u00a0\u00bb][vc_column_text]Rudy est un renne illumin\u00e9 original et \u00e9l\u00e9gant, id\u00e9al pour d\u00e9corer l&rsquo;ext\u00e9rieur et l&rsquo;int\u00e9rieur de votre maison. Parfait pour une utilisation tout au long de l&rsquo;ann\u00e9e et \u00e0 l&rsquo;occasion de No\u00ebl.<\/p>\n<p>Tous les produits Newgarden sont fabriqu\u00e9s en poly\u00e9thyl\u00e8ne, ils sont donc l\u00e9gers et tr\u00e8s r\u00e9sistants. Ils r\u00e9sistent aux changements de temp\u00e9rature extr\u00eames et sont prot\u00e9g\u00e9s contre les rayons UV, ce qui rend la dur\u00e9e de vie du produit presque illimit\u00e9e.<\/p>\n<p>[\/vc_column_text][\/vc_column][\/vc_row][vc_row disable_element=\u00a0\u00bbyes\u00a0\u00bb][vc_column][vc_single_image image=\u00a0\u00bb6566&Prime; img_size=\u00a0\u00bbfull\u00a0\u00bb][\/vc_column][\/vc_row][vc_row][vc_column width=\u00a0\u00bb1\/2&Prime;][vc_btn title=\u00a0\u00bbFiche technique\u00a0\u00bb style=\u00a0\u00bbcustom\u00a0\u00bb custom_background=\u00a0\u00bb#009bc2&Prime; custom_text=\u00a0\u00bb#ffffff\u00a0\u00bb shape=\u00a0\u00bbsquare\u00a0\u00bb el_class=\u00a0\u00bbbtn_descargar_ficha\u00a0\u00bb link=\u00a0\u00bburl:https%3A%2F%2Fbit.ly%2F3OigsIL|target:%20_blank|\u00a0\u00bb][vc_btn title=\u00a0\u00bbFiche technique\u00a0\u00bb style=\u00a0\u00bbcustom\u00a0\u00bb custom_background=\u00a0\u00bb#009bc2&Prime; custom_text=\u00a0\u00bb#ffffff\u00a0\u00bb shape=\u00a0\u00bbsquare\u00a0\u00bb el_class=\u00a0\u00bbbtn_descargar_ficha\u00a0\u00bb link=\u00a0\u00bburl:https%3A%2F%2Fbit.ly%2F3bgFYzD|target:%20_blank|\u00a0\u00bb][\/vc_column][vc_column width=\u00a0\u00bb1\/2&Prime;][vc_btn title=\u00a0\u00bbManuel d&apos;instrutions\u00a0\u00bb style=\u00a0\u00bbcustom\u00a0\u00bb custom_background=\u00a0\u00bb#009bc2&Prime; custom_text=\u00a0\u00bb#ffffff\u00a0\u00bb shape=\u00a0\u00bbsquare\u00a0\u00bb link=\u00a0\u00bburl:https%3A%2F%2Fbit.ly%2F3zvlZFH|target:%20_blank|\u00a0\u00bb el_class=\u00a0\u00bbbtn_descargar_ficha\u00a0\u00bb][vc_btn title=\u00a0\u00bbManuel d&apos;instrutions\u00a0\u00bb style=\u00a0\u00bbcustom\u00a0\u00bb custom_background=\u00a0\u00bb#009bc2&Prime; custom_text=\u00a0\u00bb#ffffff\u00a0\u00bb shape=\u00a0\u00bbsquare\u00a0\u00bb link=\u00a0\u00bburl:https%3A%2F%2Fbit.ly%2F3Spfw7Q|target:%20_blank|\u00a0\u00bb el_class=\u00a0\u00bbbtn_descargar_ficha\u00a0\u00bb][\/vc_column][\/vc_row]<\/p>\n<\/section>","protected":false},"excerpt":{"rendered":"<h1 style=\"font-size: 12px;\">Renne illumin\u00e9 Rudy<\/h1>\n","protected":false},"featured_media":59388,"template":"","meta":[],"product_cat":[1695,651,652,1223,1590,752],"product_tag":[647,1224,707,648],"class_list":{"0":"post-37065","1":"product","2":"type-product","3":"status-publish","4":"has-post-thumbnail","6":"product_cat-productos-fr","7":"product_cat-lightdeco-fr","8":"product_cat-lampe-a-cote","9":"product_cat-interieur","10":"product_cat-interieur-fr","11":"product_cat-noel","12":"product_tag-cable-fr","13":"product_tag-interieur","14":"product_tag-sans-fil","15":"product_tag-solaire","17":"first","18":"instock","19":"taxable","20":"shipping-taxable","21":"purchasable","22":"product-type-variable"},"yoast_head":"<!-- This site is optimized with the Yoast SEO plugin v24.2 - https:\/\/yoast.com\/wordpress\/plugins\/seo\/ -->\n<title>RUDY, lampe en forme de d\u00e9coration int\u00e9rieure pour l&#039;ext\u00e9rieur et le renne<\/title>\n<meta name=\"description\" content=\"Rudy est une lampe d\u00e9corative renne original et \u00e9l\u00e9gant illumin\u00e9 atmosph\u00e8re id\u00e9ale pour l&#039;ext\u00e9rieur et l&#039;int\u00e9rieur de votre maison. Parfait pour une utilisation tout au long de l&#039;ann\u00e9e et la saison des f\u00eates. Disponible en finition soleil Smarttech et de fil pour une utilisation en int\u00e9rieur (blanc chaud)\" \/>\n<meta name=\"robots\" content=\"index, follow, max-snippet:-1, max-image-preview:large, max-video-preview:-1\" \/>\n<link rel=\"canonical\" href=\"https:\/\/newgarden.es\/fr\/shop\/lightdeco-fr\/lampe-a-cote\/renne-illumine-rudy-copia\/\" \/>\n<meta property=\"og:locale\" content=\"fr_FR\" \/>\n<meta property=\"og:type\" content=\"article\" \/>\n<meta property=\"og:title\" content=\"RUDY, lampe en forme de d\u00e9coration int\u00e9rieure pour l&#039;ext\u00e9rieur et le renne\" \/>\n<meta property=\"og:description\" content=\"Rudy est une lampe d\u00e9corative renne original et \u00e9l\u00e9gant illumin\u00e9 atmosph\u00e8re id\u00e9ale pour l&#039;ext\u00e9rieur et l&#039;int\u00e9rieur de votre maison. Parfait pour une utilisation tout au long de l&#039;ann\u00e9e et la saison des f\u00eates. Disponible en finition soleil Smarttech et de fil pour une utilisation en int\u00e9rieur (blanc chaud)\" \/>\n<meta property=\"og:url\" content=\"https:\/\/newgarden.es\/fr\/shop\/lightdeco-fr\/lampe-a-cote\/renne-illumine-rudy-copia\/\" \/>\n<meta property=\"og:site_name\" content=\"Newgarden\" \/>\n<meta property=\"article:modified_time\" content=\"2024-06-14T06:58:48+00:00\" \/>\n<meta property=\"og:image\" content=\"https:\/\/newgarden.es\/wp-content\/uploads\/2021\/09\/RUDY_1200X1200-5.jpg\" \/>\n\t<meta property=\"og:image:width\" content=\"1200\" \/>\n\t<meta property=\"og:image:height\" content=\"1200\" \/>\n\t<meta property=\"og:image:type\" content=\"image\/jpeg\" \/>\n<meta name=\"twitter:card\" content=\"summary_large_image\" \/>\n<meta name=\"twitter:label1\" content=\"Dur\u00e9e de lecture estim\u00e9e\" \/>\n\t<meta name=\"twitter:data1\" content=\"1 minute\" \/>\n<script type=\"application\/ld+json\" class=\"yoast-schema-graph\">{\"@context\":\"https:\/\/schema.org\",\"@graph\":[{\"@type\":\"WebPage\",\"@id\":\"https:\/\/newgarden.es\/fr\/shop\/lightdeco-fr\/lampe-a-cote\/renne-illumine-rudy-copia\/\",\"url\":\"https:\/\/newgarden.es\/fr\/shop\/lightdeco-fr\/lampe-a-cote\/renne-illumine-rudy-copia\/\",\"name\":\"RUDY, lampe en forme de d\u00e9coration int\u00e9rieure pour l'ext\u00e9rieur et le renne\",\"isPartOf\":{\"@id\":\"https:\/\/newgarden.es\/#website\"},\"primaryImageOfPage\":{\"@id\":\"https:\/\/newgarden.es\/fr\/shop\/lightdeco-fr\/lampe-a-cote\/renne-illumine-rudy-copia\/#primaryimage\"},\"image\":{\"@id\":\"https:\/\/newgarden.es\/fr\/shop\/lightdeco-fr\/lampe-a-cote\/renne-illumine-rudy-copia\/#primaryimage\"},\"thumbnailUrl\":\"https:\/\/newgarden.es\/wp-content\/uploads\/2021\/09\/RUDY_1200X1200-5.jpg\",\"datePublished\":\"2021-09-15T11:29:41+00:00\",\"dateModified\":\"2024-06-14T06:58:48+00:00\",\"description\":\"Rudy est une lampe d\u00e9corative renne original et \u00e9l\u00e9gant illumin\u00e9 atmosph\u00e8re id\u00e9ale pour l'ext\u00e9rieur et l'int\u00e9rieur de votre maison. Parfait pour une utilisation tout au long de l'ann\u00e9e et la saison des f\u00eates. Disponible en finition soleil Smarttech et de fil pour une utilisation en int\u00e9rieur (blanc chaud)\",\"breadcrumb\":{\"@id\":\"https:\/\/newgarden.es\/fr\/shop\/lightdeco-fr\/lampe-a-cote\/renne-illumine-rudy-copia\/#breadcrumb\"},\"inLanguage\":\"fr-FR\",\"potentialAction\":[{\"@type\":\"ReadAction\",\"target\":[\"https:\/\/newgarden.es\/fr\/shop\/lightdeco-fr\/lampe-a-cote\/renne-illumine-rudy-copia\/\"]}]},{\"@type\":\"ImageObject\",\"inLanguage\":\"fr-FR\",\"@id\":\"https:\/\/newgarden.es\/fr\/shop\/lightdeco-fr\/lampe-a-cote\/renne-illumine-rudy-copia\/#primaryimage\",\"url\":\"https:\/\/newgarden.es\/wp-content\/uploads\/2021\/09\/RUDY_1200X1200-5.jpg\",\"contentUrl\":\"https:\/\/newgarden.es\/wp-content\/uploads\/2021\/09\/RUDY_1200X1200-5.jpg\",\"width\":1200,\"height\":1200},{\"@type\":\"BreadcrumbList\",\"@id\":\"https:\/\/newgarden.es\/fr\/shop\/lightdeco-fr\/lampe-a-cote\/renne-illumine-rudy-copia\/#breadcrumb\",\"itemListElement\":[{\"@type\":\"ListItem\",\"position\":1,\"name\":\"Home\",\"item\":\"https:\/\/newgarden.es\/fr\/\"},{\"@type\":\"ListItem\",\"position\":2,\"name\":\"Boutique\",\"item\":\"https:\/\/newgarden.es\/fr\/boutique\/\"},{\"@type\":\"ListItem\",\"position\":3,\"name\":\"RUDY ILLUMINATED RENDEER | UTILISATION INT\u00c9RIEURE\"}]},{\"@type\":\"WebSite\",\"@id\":\"https:\/\/newgarden.es\/#website\",\"url\":\"https:\/\/newgarden.es\/\",\"name\":\"Newgarden\",\"description\":\"Be happy\",\"potentialAction\":[{\"@type\":\"SearchAction\",\"target\":{\"@type\":\"EntryPoint\",\"urlTemplate\":\"https:\/\/newgarden.es\/?s={search_term_string}\"},\"query-input\":{\"@type\":\"PropertyValueSpecification\",\"valueRequired\":true,\"valueName\":\"search_term_string\"}}],\"inLanguage\":\"fr-FR\"}]}<\/script>\n<!-- \/ Yoast SEO plugin. -->","yoast_head_json":{"title":"RUDY, lampe en forme de d\u00e9coration int\u00e9rieure pour l'ext\u00e9rieur et le renne","description":"Rudy est une lampe d\u00e9corative renne original et \u00e9l\u00e9gant illumin\u00e9 atmosph\u00e8re id\u00e9ale pour l'ext\u00e9rieur et l'int\u00e9rieur de votre maison. Parfait pour une utilisation tout au long de l'ann\u00e9e et la saison des f\u00eates. Disponible en finition soleil Smarttech et de fil pour une utilisation en int\u00e9rieur (blanc chaud)","robots":{"index":"index","follow":"follow","max-snippet":"max-snippet:-1","max-image-preview":"max-image-preview:large","max-video-preview":"max-video-preview:-1"},"canonical":"https:\/\/newgarden.es\/fr\/shop\/lightdeco-fr\/lampe-a-cote\/renne-illumine-rudy-copia\/","og_locale":"fr_FR","og_type":"article","og_title":"RUDY, lampe en forme de d\u00e9coration int\u00e9rieure pour l'ext\u00e9rieur et le renne","og_description":"Rudy est une lampe d\u00e9corative renne original et \u00e9l\u00e9gant illumin\u00e9 atmosph\u00e8re id\u00e9ale pour l'ext\u00e9rieur et l'int\u00e9rieur de votre maison. Parfait pour une utilisation tout au long de l'ann\u00e9e et la saison des f\u00eates. Disponible en finition soleil Smarttech et de fil pour une utilisation en int\u00e9rieur (blanc chaud)","og_url":"https:\/\/newgarden.es\/fr\/shop\/lightdeco-fr\/lampe-a-cote\/renne-illumine-rudy-copia\/","og_site_name":"Newgarden","article_modified_time":"2024-06-14T06:58:48+00:00","og_image":[{"width":1200,"height":1200,"url":"https:\/\/newgarden.es\/wp-content\/uploads\/2021\/09\/RUDY_1200X1200-5.jpg","type":"image\/jpeg"}],"twitter_card":"summary_large_image","twitter_misc":{"Dur\u00e9e de lecture estim\u00e9e":"1 minute"},"schema":{"@context":"https:\/\/schema.org","@graph":[{"@type":"WebPage","@id":"https:\/\/newgarden.es\/fr\/shop\/lightdeco-fr\/lampe-a-cote\/renne-illumine-rudy-copia\/","url":"https:\/\/newgarden.es\/fr\/shop\/lightdeco-fr\/lampe-a-cote\/renne-illumine-rudy-copia\/","name":"RUDY, lampe en forme de d\u00e9coration int\u00e9rieure pour l'ext\u00e9rieur et le renne","isPartOf":{"@id":"https:\/\/newgarden.es\/#website"},"primaryImageOfPage":{"@id":"https:\/\/newgarden.es\/fr\/shop\/lightdeco-fr\/lampe-a-cote\/renne-illumine-rudy-copia\/#primaryimage"},"image":{"@id":"https:\/\/newgarden.es\/fr\/shop\/lightdeco-fr\/lampe-a-cote\/renne-illumine-rudy-copia\/#primaryimage"},"thumbnailUrl":"https:\/\/newgarden.es\/wp-content\/uploads\/2021\/09\/RUDY_1200X1200-5.jpg","datePublished":"2021-09-15T11:29:41+00:00","dateModified":"2024-06-14T06:58:48+00:00","description":"Rudy est une lampe d\u00e9corative renne original et \u00e9l\u00e9gant illumin\u00e9 atmosph\u00e8re id\u00e9ale pour l'ext\u00e9rieur et l'int\u00e9rieur de votre maison. Parfait pour une utilisation tout au long de l'ann\u00e9e et la saison des f\u00eates. Disponible en finition soleil Smarttech et de fil pour une utilisation en int\u00e9rieur (blanc chaud)","breadcrumb":{"@id":"https:\/\/newgarden.es\/fr\/shop\/lightdeco-fr\/lampe-a-cote\/renne-illumine-rudy-copia\/#breadcrumb"},"inLanguage":"fr-FR","potentialAction":[{"@type":"ReadAction","target":["https:\/\/newgarden.es\/fr\/shop\/lightdeco-fr\/lampe-a-cote\/renne-illumine-rudy-copia\/"]}]},{"@type":"ImageObject","inLanguage":"fr-FR","@id":"https:\/\/newgarden.es\/fr\/shop\/lightdeco-fr\/lampe-a-cote\/renne-illumine-rudy-copia\/#primaryimage","url":"https:\/\/newgarden.es\/wp-content\/uploads\/2021\/09\/RUDY_1200X1200-5.jpg","contentUrl":"https:\/\/newgarden.es\/wp-content\/uploads\/2021\/09\/RUDY_1200X1200-5.jpg","width":1200,"height":1200},{"@type":"BreadcrumbList","@id":"https:\/\/newgarden.es\/fr\/shop\/lightdeco-fr\/lampe-a-cote\/renne-illumine-rudy-copia\/#breadcrumb","itemListElement":[{"@type":"ListItem","position":1,"name":"Home","item":"https:\/\/newgarden.es\/fr\/"},{"@type":"ListItem","position":2,"name":"Boutique","item":"https:\/\/newgarden.es\/fr\/boutique\/"},{"@type":"ListItem","position":3,"name":"RUDY ILLUMINATED RENDEER | UTILISATION INT\u00c9RIEURE"}]},{"@type":"WebSite","@id":"https:\/\/newgarden.es\/#website","url":"https:\/\/newgarden.es\/","name":"Newgarden","description":"Be happy","potentialAction":[{"@type":"SearchAction","target":{"@type":"EntryPoint","urlTemplate":"https:\/\/newgarden.es\/?s={search_term_string}"},"query-input":{"@type":"PropertyValueSpecification","valueRequired":true,"valueName":"search_term_string"}}],"inLanguage":"fr-FR"}]}},"df_price":62.9,"df_sale_price":"","df_regular_price":62.9,"df_image_link":"https:\/\/newgarden.es\/wp-content\/uploads\/2021\/09\/RUDY_1200X1200-5-580x400.jpg","_links":{"self":[{"href":"https:\/\/newgarden.es\/fr\/wp-json\/wp\/v2\/product\/37065"}],"collection":[{"href":"https:\/\/newgarden.es\/fr\/wp-json\/wp\/v2\/product"}],"about":[{"href":"https:\/\/newgarden.es\/fr\/wp-json\/wp\/v2\/types\/product"}],"wp:featuredmedia":[{"embeddable":true,"href":"https:\/\/newgarden.es\/fr\/wp-json\/wp\/v2\/media\/59388"}],"wp:attachment":[{"href":"https:\/\/newgarden.es\/fr\/wp-json\/wp\/v2\/media?parent=37065"}],"wp:term":[{"taxonomy":"product_cat","embeddable":true,"href":"https:\/\/newgarden.es\/fr\/wp-json\/wp\/v2\/product_cat?post=37065"},{"taxonomy":"product_tag","embeddable":true,"href":"https:\/\/newgarden.es\/fr\/wp-json\/wp\/v2\/product_tag?post=37065"}],"curies":[{"name":"wp","href":"https:\/\/api.w.org\/{rel}","templated":true}]}}