{"id":37153,"date":"2021-09-15T14:55:17","date_gmt":"2021-09-15T12:55:20","guid":{"rendered":"https:\/\/newgarden.es\/?post_type=product&#038;p=37153"},"modified":"2022-01-05T16:51:30","modified_gmt":"2022-01-05T15:51:30","slug":"table-avec-lumiere-bold-pour-linterieur","status":"publish","type":"product","link":"https:\/\/newgarden.es\/fr\/shop\/mobilier\/sieges\/table-avec-lumiere-bold-pour-linterieur\/","title":{"rendered":"TABLE BORA AVEC LUMI\u00c8RE | USAGE INT\u00c9RIEUR"},"content":{"rendered":"<section class=\"wpb-content-wrapper\"><p>[vc_row][vc_column el_class=\u00a0\u00bbdescripcion_producto\u00a0\u00bb][vc_column_text]<\/p>\n<p>TABLE BORA AVEC LUMI\u00c8RE | USAGE INT\u00c9RIEUR: La table basse <strong>Bora<\/strong>\u00a0est l&rsquo;une des nouveaut\u00e9s phares de chez\u00a0<span style=\"text-decoration: underline;\" data-sanitized-data-mce-style=\"text-decoration: underline;\">Newgarden<\/span>.<br \/>\nDisponible en deux couleurs de plateau(partie sup\u00e9rieure de la table): <strong>marbre<\/strong> &#8211; <strong>bois.<\/strong><\/p>\n<p>Sa forme cubique s&rsquo;adapte \u00e0 n&rsquo;importe quel espace de votre foyer. C&rsquo;est un mod\u00e8le de table tr\u00e8s stable et modulable, vous pouvez le trouver avec le couvercle sup\u00e9rieur \u00e0 effet bois ou \u00e0 effet marbre.<\/p>\n<p>Version\u00a0<strong data-sanitized-data-mce-fragment=\"1\">FILAIRE\u00a0<\/strong>(alimentation par c\u00e2ble) Il vous suffit de brancher votre\u00a0table\u00a0sur secteur pour pouvoir l&rsquo;allumer et de la d\u00e9brancher pour l&rsquo;\u00e9teindre. Lumi\u00e8re led &#8211; blanc froid.<\/p>\n<p><em>Le mod\u00e8le Bora est en poly\u00e9thyl\u00e8ne, ce qui le rend l\u00e9ger et tr\u00e8s r\u00e9sistant aux temp\u00e9ratures extr\u00eames. Il est \u00e9galement\u00a0r\u00e9sistants aux\u00a0rayons UV, ce qui rend la dur\u00e9e de vie du produit extr\u00eamement longue.<\/em><\/p>\n<p>&nbsp;<\/p>\n<ul class=\"tablaTech\">\n<li>\n<div class=\"boxContents no-border\">\n<div class=\"name\"><strong>TAILLE<\/strong><\/div>\n<div class=\"data\">43 x 43 x 43 cm<\/div>\n<\/div>\n<\/li>\n<\/ul>\n<p>[\/vc_column_text][\/vc_column][\/vc_row][vc_row disable_element=\u00a0\u00bbyes\u00a0\u00bb][vc_column][vc_single_image image=\u00a0\u00bb6566&Prime; img_size=\u00a0\u00bbfull\u00a0\u00bb][\/vc_column][\/vc_row][vc_row][vc_column width=\u00a0\u00bb1\/2&Prime;][vc_btn title=\u00a0\u00bbFiche technique\u00a0\u00bb style=\u00a0\u00bbcustom\u00a0\u00bb custom_background=\u00a0\u00bb#009bc2&Prime; custom_text=\u00a0\u00bb#ffffff\u00a0\u00bb shape=\u00a0\u00bbsquare\u00a0\u00bb link=\u00a0\u00bburl:https%3A%2F%2Fdrive.google.com%2Fdrive%2Ffolders%2F198EB_3eL5Zoex7BkyEarkDmKUbf_gT9P|target:%20_blank|\u00a0\u00bb el_class=\u00a0\u00bbbtn_descargar_ficha\u00a0\u00bb][\/vc_column][vc_column width=\u00a0\u00bb1\/2&Prime;][vc_btn title=\u00a0\u00bbManuel d&rsquo;instrutions\u00a0\u00bb style=\u00a0\u00bbcustom\u00a0\u00bb custom_background=\u00a0\u00bb#009bc2&Prime; custom_text=\u00a0\u00bb#ffffff\u00a0\u00bb shape=\u00a0\u00bbsquare\u00a0\u00bb el_class=\u00a0\u00bbbtn_descargar_ficha\u00a0\u00bb link=\u00a0\u00bburl:https%3A%2F%2Fnewgarden.es%2Ffr%2F%3Fpage_id%3D25150|target:%20_blank|\u00a0\u00bb][\/vc_column][\/vc_row]<\/p>\n<\/section>","protected":false},"excerpt":{"rendered":"<h1 style=\"font-size: 12px;\">TABLE BASSE BORA AVEC LUMI\u00c8RE<\/h1>\n","protected":false},"featured_media":63261,"template":"","meta":[],"product_cat":[651,1223,657,658],"product_tag":[647,707,648],"class_list":{"0":"post-37153","1":"product","2":"type-product","3":"status-publish","4":"has-post-thumbnail","6":"product_cat-lightdeco-fr","7":"product_cat-interieur","8":"product_cat-mobilier","9":"product_cat-sieges","10":"product_tag-cable-fr","11":"product_tag-sans-fil","12":"product_tag-solaire","14":"first","15":"instock","16":"taxable","17":"shipping-taxable","18":"purchasable","19":"product-type-variable"},"yoast_head":"<!-- This site is optimized with the Yoast SEO plugin v24.2 - https:\/\/yoast.com\/wordpress\/plugins\/seo\/ -->\n<title>BORA; \u00e9clair\u00e9 cube charge solaire ext\u00e9rieur et c\u00e2ble<\/title>\n<meta name=\"description\" content=\"Bora est une plaque tournante allum\u00e9 parfait pour tous les coins de votre jardin \u00e0 la maison ou terrasse ext\u00e9rieure. Cuby est un produit phare dans la gamme de produits. Sa forme cubique s&#039;int\u00e8gre dans n&#039;importe quel espace ou environnement de notre maison. Vous pouvez le trouver dans diff\u00e9rentes tailles et finitions\" \/>\n<meta name=\"robots\" content=\"index, follow, max-snippet:-1, max-image-preview:large, max-video-preview:-1\" \/>\n<link rel=\"canonical\" href=\"https:\/\/newgarden.es\/fr\/shop\/mobilier\/sieges\/table-avec-lumiere-bold-pour-linterieur\/\" \/>\n<meta property=\"og:locale\" content=\"fr_FR\" \/>\n<meta property=\"og:type\" content=\"article\" \/>\n<meta property=\"og:title\" content=\"BORA; \u00e9clair\u00e9 cube charge solaire ext\u00e9rieur et c\u00e2ble\" \/>\n<meta property=\"og:description\" content=\"Bora est une plaque tournante allum\u00e9 parfait pour tous les coins de votre jardin \u00e0 la maison ou terrasse ext\u00e9rieure. Cuby est un produit phare dans la gamme de produits. Sa forme cubique s&#039;int\u00e8gre dans n&#039;importe quel espace ou environnement de notre maison. Vous pouvez le trouver dans diff\u00e9rentes tailles et finitions\" \/>\n<meta property=\"og:url\" content=\"https:\/\/newgarden.es\/fr\/shop\/mobilier\/sieges\/table-avec-lumiere-bold-pour-linterieur\/\" \/>\n<meta property=\"og:site_name\" content=\"Newgarden\" \/>\n<meta property=\"article:modified_time\" content=\"2022-01-05T15:51:30+00:00\" \/>\n<meta property=\"og:image\" content=\"https:\/\/newgarden.es\/wp-content\/uploads\/2021\/09\/bora_1200x1200-5.jpg\" \/>\n\t<meta property=\"og:image:width\" content=\"1200\" \/>\n\t<meta property=\"og:image:height\" content=\"1200\" \/>\n\t<meta property=\"og:image:type\" content=\"image\/jpeg\" \/>\n<meta name=\"twitter:card\" content=\"summary_large_image\" \/>\n<meta name=\"twitter:label1\" content=\"Dur\u00e9e de lecture estim\u00e9e\" \/>\n\t<meta name=\"twitter:data1\" content=\"1 minute\" \/>\n<script type=\"application\/ld+json\" class=\"yoast-schema-graph\">{\"@context\":\"https:\/\/schema.org\",\"@graph\":[{\"@type\":\"WebPage\",\"@id\":\"https:\/\/newgarden.es\/fr\/shop\/mobilier\/sieges\/table-avec-lumiere-bold-pour-linterieur\/\",\"url\":\"https:\/\/newgarden.es\/fr\/shop\/mobilier\/sieges\/table-avec-lumiere-bold-pour-linterieur\/\",\"name\":\"BORA; \u00e9clair\u00e9 cube charge solaire ext\u00e9rieur et c\u00e2ble\",\"isPartOf\":{\"@id\":\"https:\/\/newgarden.es\/#website\"},\"primaryImageOfPage\":{\"@id\":\"https:\/\/newgarden.es\/fr\/shop\/mobilier\/sieges\/table-avec-lumiere-bold-pour-linterieur\/#primaryimage\"},\"image\":{\"@id\":\"https:\/\/newgarden.es\/fr\/shop\/mobilier\/sieges\/table-avec-lumiere-bold-pour-linterieur\/#primaryimage\"},\"thumbnailUrl\":\"https:\/\/newgarden.es\/wp-content\/uploads\/2021\/09\/bora_1200x1200-5.jpg\",\"datePublished\":\"2021-09-15T12:55:20+00:00\",\"dateModified\":\"2022-01-05T15:51:30+00:00\",\"description\":\"Bora est une plaque tournante allum\u00e9 parfait pour tous les coins de votre jardin \u00e0 la maison ou terrasse ext\u00e9rieure. Cuby est un produit phare dans la gamme de produits. Sa forme cubique s'int\u00e8gre dans n'importe quel espace ou environnement de notre maison. Vous pouvez le trouver dans diff\u00e9rentes tailles et finitions\",\"breadcrumb\":{\"@id\":\"https:\/\/newgarden.es\/fr\/shop\/mobilier\/sieges\/table-avec-lumiere-bold-pour-linterieur\/#breadcrumb\"},\"inLanguage\":\"fr-FR\",\"potentialAction\":[{\"@type\":\"ReadAction\",\"target\":[\"https:\/\/newgarden.es\/fr\/shop\/mobilier\/sieges\/table-avec-lumiere-bold-pour-linterieur\/\"]}]},{\"@type\":\"ImageObject\",\"inLanguage\":\"fr-FR\",\"@id\":\"https:\/\/newgarden.es\/fr\/shop\/mobilier\/sieges\/table-avec-lumiere-bold-pour-linterieur\/#primaryimage\",\"url\":\"https:\/\/newgarden.es\/wp-content\/uploads\/2021\/09\/bora_1200x1200-5.jpg\",\"contentUrl\":\"https:\/\/newgarden.es\/wp-content\/uploads\/2021\/09\/bora_1200x1200-5.jpg\",\"width\":1200,\"height\":1200},{\"@type\":\"BreadcrumbList\",\"@id\":\"https:\/\/newgarden.es\/fr\/shop\/mobilier\/sieges\/table-avec-lumiere-bold-pour-linterieur\/#breadcrumb\",\"itemListElement\":[{\"@type\":\"ListItem\",\"position\":1,\"name\":\"Home\",\"item\":\"https:\/\/newgarden.es\/fr\/\"},{\"@type\":\"ListItem\",\"position\":2,\"name\":\"Boutique\",\"item\":\"https:\/\/newgarden.es\/fr\/boutique\/\"},{\"@type\":\"ListItem\",\"position\":3,\"name\":\"TABLE BORA AVEC LUMI\u00c8RE | USAGE INT\u00c9RIEUR\"}]},{\"@type\":\"WebSite\",\"@id\":\"https:\/\/newgarden.es\/#website\",\"url\":\"https:\/\/newgarden.es\/\",\"name\":\"Newgarden\",\"description\":\"Be happy\",\"potentialAction\":[{\"@type\":\"SearchAction\",\"target\":{\"@type\":\"EntryPoint\",\"urlTemplate\":\"https:\/\/newgarden.es\/?s={search_term_string}\"},\"query-input\":{\"@type\":\"PropertyValueSpecification\",\"valueRequired\":true,\"valueName\":\"search_term_string\"}}],\"inLanguage\":\"fr-FR\"}]}<\/script>\n<!-- \/ Yoast SEO plugin. -->","yoast_head_json":{"title":"BORA; \u00e9clair\u00e9 cube charge solaire ext\u00e9rieur et c\u00e2ble","description":"Bora est une plaque tournante allum\u00e9 parfait pour tous les coins de votre jardin \u00e0 la maison ou terrasse ext\u00e9rieure. Cuby est un produit phare dans la gamme de produits. Sa forme cubique s'int\u00e8gre dans n'importe quel espace ou environnement de notre maison. Vous pouvez le trouver dans diff\u00e9rentes tailles et finitions","robots":{"index":"index","follow":"follow","max-snippet":"max-snippet:-1","max-image-preview":"max-image-preview:large","max-video-preview":"max-video-preview:-1"},"canonical":"https:\/\/newgarden.es\/fr\/shop\/mobilier\/sieges\/table-avec-lumiere-bold-pour-linterieur\/","og_locale":"fr_FR","og_type":"article","og_title":"BORA; \u00e9clair\u00e9 cube charge solaire ext\u00e9rieur et c\u00e2ble","og_description":"Bora est une plaque tournante allum\u00e9 parfait pour tous les coins de votre jardin \u00e0 la maison ou terrasse ext\u00e9rieure. Cuby est un produit phare dans la gamme de produits. Sa forme cubique s'int\u00e8gre dans n'importe quel espace ou environnement de notre maison. Vous pouvez le trouver dans diff\u00e9rentes tailles et finitions","og_url":"https:\/\/newgarden.es\/fr\/shop\/mobilier\/sieges\/table-avec-lumiere-bold-pour-linterieur\/","og_site_name":"Newgarden","article_modified_time":"2022-01-05T15:51:30+00:00","og_image":[{"width":1200,"height":1200,"url":"https:\/\/newgarden.es\/wp-content\/uploads\/2021\/09\/bora_1200x1200-5.jpg","type":"image\/jpeg"}],"twitter_card":"summary_large_image","twitter_misc":{"Dur\u00e9e de lecture estim\u00e9e":"1 minute"},"schema":{"@context":"https:\/\/schema.org","@graph":[{"@type":"WebPage","@id":"https:\/\/newgarden.es\/fr\/shop\/mobilier\/sieges\/table-avec-lumiere-bold-pour-linterieur\/","url":"https:\/\/newgarden.es\/fr\/shop\/mobilier\/sieges\/table-avec-lumiere-bold-pour-linterieur\/","name":"BORA; \u00e9clair\u00e9 cube charge solaire ext\u00e9rieur et c\u00e2ble","isPartOf":{"@id":"https:\/\/newgarden.es\/#website"},"primaryImageOfPage":{"@id":"https:\/\/newgarden.es\/fr\/shop\/mobilier\/sieges\/table-avec-lumiere-bold-pour-linterieur\/#primaryimage"},"image":{"@id":"https:\/\/newgarden.es\/fr\/shop\/mobilier\/sieges\/table-avec-lumiere-bold-pour-linterieur\/#primaryimage"},"thumbnailUrl":"https:\/\/newgarden.es\/wp-content\/uploads\/2021\/09\/bora_1200x1200-5.jpg","datePublished":"2021-09-15T12:55:20+00:00","dateModified":"2022-01-05T15:51:30+00:00","description":"Bora est une plaque tournante allum\u00e9 parfait pour tous les coins de votre jardin \u00e0 la maison ou terrasse ext\u00e9rieure. Cuby est un produit phare dans la gamme de produits. Sa forme cubique s'int\u00e8gre dans n'importe quel espace ou environnement de notre maison. Vous pouvez le trouver dans diff\u00e9rentes tailles et finitions","breadcrumb":{"@id":"https:\/\/newgarden.es\/fr\/shop\/mobilier\/sieges\/table-avec-lumiere-bold-pour-linterieur\/#breadcrumb"},"inLanguage":"fr-FR","potentialAction":[{"@type":"ReadAction","target":["https:\/\/newgarden.es\/fr\/shop\/mobilier\/sieges\/table-avec-lumiere-bold-pour-linterieur\/"]}]},{"@type":"ImageObject","inLanguage":"fr-FR","@id":"https:\/\/newgarden.es\/fr\/shop\/mobilier\/sieges\/table-avec-lumiere-bold-pour-linterieur\/#primaryimage","url":"https:\/\/newgarden.es\/wp-content\/uploads\/2021\/09\/bora_1200x1200-5.jpg","contentUrl":"https:\/\/newgarden.es\/wp-content\/uploads\/2021\/09\/bora_1200x1200-5.jpg","width":1200,"height":1200},{"@type":"BreadcrumbList","@id":"https:\/\/newgarden.es\/fr\/shop\/mobilier\/sieges\/table-avec-lumiere-bold-pour-linterieur\/#breadcrumb","itemListElement":[{"@type":"ListItem","position":1,"name":"Home","item":"https:\/\/newgarden.es\/fr\/"},{"@type":"ListItem","position":2,"name":"Boutique","item":"https:\/\/newgarden.es\/fr\/boutique\/"},{"@type":"ListItem","position":3,"name":"TABLE BORA AVEC LUMI\u00c8RE | USAGE INT\u00c9RIEUR"}]},{"@type":"WebSite","@id":"https:\/\/newgarden.es\/#website","url":"https:\/\/newgarden.es\/","name":"Newgarden","description":"Be happy","potentialAction":[{"@type":"SearchAction","target":{"@type":"EntryPoint","urlTemplate":"https:\/\/newgarden.es\/?s={search_term_string}"},"query-input":{"@type":"PropertyValueSpecification","valueRequired":true,"valueName":"search_term_string"}}],"inLanguage":"fr-FR"}]}},"df_price":156.5,"df_sale_price":"","df_regular_price":156.5,"df_image_link":"https:\/\/newgarden.es\/wp-content\/uploads\/2021\/09\/bora_1200x1200-5-580x400.jpg","_links":{"self":[{"href":"https:\/\/newgarden.es\/fr\/wp-json\/wp\/v2\/product\/37153"}],"collection":[{"href":"https:\/\/newgarden.es\/fr\/wp-json\/wp\/v2\/product"}],"about":[{"href":"https:\/\/newgarden.es\/fr\/wp-json\/wp\/v2\/types\/product"}],"wp:featuredmedia":[{"embeddable":true,"href":"https:\/\/newgarden.es\/fr\/wp-json\/wp\/v2\/media\/63261"}],"wp:attachment":[{"href":"https:\/\/newgarden.es\/fr\/wp-json\/wp\/v2\/media?parent=37153"}],"wp:term":[{"taxonomy":"product_cat","embeddable":true,"href":"https:\/\/newgarden.es\/fr\/wp-json\/wp\/v2\/product_cat?post=37153"},{"taxonomy":"product_tag","embeddable":true,"href":"https:\/\/newgarden.es\/fr\/wp-json\/wp\/v2\/product_tag?post=37153"}],"curies":[{"name":"wp","href":"https:\/\/api.w.org\/{rel}","templated":true}]}}