{"id":37292,"date":"2021-09-21T13:57:20","date_gmt":"2021-09-21T11:57:24","guid":{"rendered":"https:\/\/newgarden.es\/?post_type=product&#038;p=37292"},"modified":"2024-06-13T15:46:50","modified_gmt":"2024-06-13T13:46:50","slug":"cube-lumineux-gifty-20","status":"publish","type":"product","link":"https:\/\/newgarden.es\/fr\/shop\/lightdeco-fr\/noel\/cube-lumineux-gifty-20\/","title":{"rendered":"CUBE DE NO\u00cbL LUMINEUX GIFTY 20"},"content":{"rendered":"<section class=\"wpb-content-wrapper\"><p>[vc_row][vc_column el_class=\u00a0\u00bbdescripcion_producto\u00a0\u00bb][vc_column_text]<br \/>\nLe cube lumineux de No\u00ebl Gifty est arriv\u00e9, une lampe qui triomphe parmi les produits de base. Avec sa forme carr\u00e9e, c&rsquo;est l&rsquo;\u00e9l\u00e9ment parfait pour d\u00e9corer chaque coin de votre maison. Le cube lumineux Gifty est disponible en diff\u00e9rentes tailles, afin qu&rsquo;il s&rsquo;adapte \u00e0 tous les coins de votre maison, et vous pouvez le trouver \u00e0 la fois c\u00e2bl\u00e9 en lumi\u00e8re blanche et sans fil, au cas o\u00f9 vous n&rsquo;auriez pas envie de vous lever du canap\u00e9 pour changer la couleur ou l&rsquo;intensit\u00e9 de la lumi\u00e8re. Parfait pour ceux qui aiment les tables au design diff\u00e9rent.ruban adh\u00e9sif GIFTY TAPE INCLUS<\/p>\n<p>Tous les produits Newgarden sont fabriqu\u00e9s en poly\u00e9thyl\u00e8ne, ce qui les rend l\u00e9gers et tr\u00e8s r\u00e9sistants aux temp\u00e9ratures extr\u00eames. Ils sont \u00e9galement prot\u00e9g\u00e9s contre les rayons UV, ce qui rend la dur\u00e9e de vie du produit extraordinairement longue.<\/p>\n<p>&nbsp;<br \/>\n[\/vc_column_text][\/vc_column][\/vc_row][vc_row disable_element=\u00a0\u00bbyes\u00a0\u00bb][vc_column][vc_single_image image=\u00a0\u00bb6566&Prime; img_size=\u00a0\u00bbfull\u00a0\u00bb][\/vc_column][\/vc_row][vc_row][vc_column width=\u00a0\u00bb1\/2&Prime;][vc_btn title=\u00a0\u00bbFiche technique\u00a0\u00bb style=\u00a0\u00bbcustom\u00a0\u00bb custom_background=\u00a0\u00bb#009bc2&Prime; custom_text=\u00a0\u00bb#ffffff\u00a0\u00bb shape=\u00a0\u00bbsquare\u00a0\u00bb link=\u00a0\u00bburl:https%3A%2F%2Fbit.ly%2F3bhTNxN|title:CUBE%20DE%20NO%C3%8BL%20ILLUMIN%C3%89%20GIFTY%2020|target:%20_blank|\u00a0\u00bb el_class=\u00a0\u00bbbtn_descargar_ficha\u00a0\u00bb][\/vc_column][vc_column width=\u00a0\u00bb1\/2&Prime;][vc_btn title=\u00a0\u00bbManuel d&apos;instrutions\u00a0\u00bb style=\u00a0\u00bbcustom\u00a0\u00bb custom_background=\u00a0\u00bb#009bc2&Prime; custom_text=\u00a0\u00bb#ffffff\u00a0\u00bb shape=\u00a0\u00bbsquare\u00a0\u00bb link=\u00a0\u00bburl:https%3A%2F%2Fbit.ly%2F3SjAKUO|title:CUBE%20DE%20NO%C3%8BL%20ILLUMIN%C3%89%20GIFTY%2020|target:%20_blank|\u00a0\u00bb el_class=\u00a0\u00bbbtn_descargar_ficha\u00a0\u00bb][\/vc_column][\/vc_row]<\/p>\n<\/section>","protected":false},"excerpt":{"rendered":"<h5 style=\"font-size: 12px;\"><strong>Cube de No\u00ebl illumin\u00e9 Gifty 20<\/strong><\/h5>\n","protected":false},"featured_media":59228,"template":"","meta":[],"product_cat":[651,1223,752],"product_tag":[707,648],"class_list":{"0":"post-37292","1":"product","2":"type-product","3":"status-publish","4":"has-post-thumbnail","6":"product_cat-lightdeco-fr","7":"product_cat-interieur","8":"product_cat-noel","9":"product_tag-sans-fil","10":"product_tag-solaire","12":"first","13":"instock","14":"taxable","15":"shipping-taxable","16":"purchasable","17":"product-type-variable"},"yoast_head":"<!-- This site is optimized with the Yoast SEO plugin v24.2 - https:\/\/yoast.com\/wordpress\/plugins\/seo\/ -->\n<title>CUBE DE NO\u00cbL ILLUMIN\u00c9 GIFTY 20 AVEC RUBAN<\/title>\n<meta name=\"description\" content=\"Le cube lumineux de No\u00ebl\u00a0Gifty\u00a0est arriv\u00e9. Une lampe qui triomphe parmi les produits de la\u00a0collection basique. Avec sa forme carr\u00e9e, c&#039;est l&#039;\u00e9l\u00e9ment parfait\" \/>\n<meta name=\"robots\" content=\"index, follow, max-snippet:-1, max-image-preview:large, max-video-preview:-1\" \/>\n<link rel=\"canonical\" href=\"https:\/\/newgarden.es\/fr\/shop\/lightdeco-fr\/noel\/cube-lumineux-gifty-20\/\" \/>\n<meta property=\"og:locale\" content=\"fr_FR\" \/>\n<meta property=\"og:type\" content=\"article\" \/>\n<meta property=\"og:title\" content=\"CUBE DE NO\u00cbL ILLUMIN\u00c9 GIFTY 20 AVEC RUBAN\" \/>\n<meta property=\"og:description\" content=\"Le cube lumineux de No\u00ebl\u00a0Gifty\u00a0est arriv\u00e9. Une lampe qui triomphe parmi les produits de la\u00a0collection basique. Avec sa forme carr\u00e9e, c&#039;est l&#039;\u00e9l\u00e9ment parfait\" \/>\n<meta property=\"og:url\" content=\"https:\/\/newgarden.es\/fr\/shop\/lightdeco-fr\/noel\/cube-lumineux-gifty-20\/\" \/>\n<meta property=\"og:site_name\" content=\"Newgarden\" \/>\n<meta property=\"article:modified_time\" content=\"2024-06-13T13:46:50+00:00\" \/>\n<meta property=\"og:image\" content=\"https:\/\/newgarden.es\/wp-content\/uploads\/2021\/09\/Mesa-de-trabajo-33-copia-14.jpg\" \/>\n\t<meta property=\"og:image:width\" content=\"1200\" \/>\n\t<meta property=\"og:image:height\" content=\"1200\" \/>\n\t<meta property=\"og:image:type\" content=\"image\/jpeg\" \/>\n<meta name=\"twitter:card\" content=\"summary_large_image\" \/>\n<meta name=\"twitter:label1\" content=\"Dur\u00e9e de lecture estim\u00e9e\" \/>\n\t<meta name=\"twitter:data1\" content=\"1 minute\" \/>\n<script type=\"application\/ld+json\" class=\"yoast-schema-graph\">{\"@context\":\"https:\/\/schema.org\",\"@graph\":[{\"@type\":\"WebPage\",\"@id\":\"https:\/\/newgarden.es\/fr\/shop\/lightdeco-fr\/noel\/cube-lumineux-gifty-20\/\",\"url\":\"https:\/\/newgarden.es\/fr\/shop\/lightdeco-fr\/noel\/cube-lumineux-gifty-20\/\",\"name\":\"CUBE DE NO\u00cbL ILLUMIN\u00c9 GIFTY 20 AVEC RUBAN\",\"isPartOf\":{\"@id\":\"https:\/\/newgarden.es\/#website\"},\"primaryImageOfPage\":{\"@id\":\"https:\/\/newgarden.es\/fr\/shop\/lightdeco-fr\/noel\/cube-lumineux-gifty-20\/#primaryimage\"},\"image\":{\"@id\":\"https:\/\/newgarden.es\/fr\/shop\/lightdeco-fr\/noel\/cube-lumineux-gifty-20\/#primaryimage\"},\"thumbnailUrl\":\"https:\/\/newgarden.es\/wp-content\/uploads\/2021\/09\/Mesa-de-trabajo-33-copia-14.jpg\",\"datePublished\":\"2021-09-21T11:57:24+00:00\",\"dateModified\":\"2024-06-13T13:46:50+00:00\",\"description\":\"Le cube lumineux de No\u00ebl\u00a0Gifty\u00a0est arriv\u00e9. Une lampe qui triomphe parmi les produits de la\u00a0collection basique. Avec sa forme carr\u00e9e, c'est l'\u00e9l\u00e9ment parfait\",\"breadcrumb\":{\"@id\":\"https:\/\/newgarden.es\/fr\/shop\/lightdeco-fr\/noel\/cube-lumineux-gifty-20\/#breadcrumb\"},\"inLanguage\":\"fr-FR\",\"potentialAction\":[{\"@type\":\"ReadAction\",\"target\":[\"https:\/\/newgarden.es\/fr\/shop\/lightdeco-fr\/noel\/cube-lumineux-gifty-20\/\"]}]},{\"@type\":\"ImageObject\",\"inLanguage\":\"fr-FR\",\"@id\":\"https:\/\/newgarden.es\/fr\/shop\/lightdeco-fr\/noel\/cube-lumineux-gifty-20\/#primaryimage\",\"url\":\"https:\/\/newgarden.es\/wp-content\/uploads\/2021\/09\/Mesa-de-trabajo-33-copia-14.jpg\",\"contentUrl\":\"https:\/\/newgarden.es\/wp-content\/uploads\/2021\/09\/Mesa-de-trabajo-33-copia-14.jpg\",\"width\":1200,\"height\":1200},{\"@type\":\"BreadcrumbList\",\"@id\":\"https:\/\/newgarden.es\/fr\/shop\/lightdeco-fr\/noel\/cube-lumineux-gifty-20\/#breadcrumb\",\"itemListElement\":[{\"@type\":\"ListItem\",\"position\":1,\"name\":\"Home\",\"item\":\"https:\/\/newgarden.es\/fr\/\"},{\"@type\":\"ListItem\",\"position\":2,\"name\":\"Boutique\",\"item\":\"https:\/\/newgarden.es\/fr\/boutique\/\"},{\"@type\":\"ListItem\",\"position\":3,\"name\":\"CUBE DE NO\u00cbL LUMINEUX GIFTY 20\"}]},{\"@type\":\"WebSite\",\"@id\":\"https:\/\/newgarden.es\/#website\",\"url\":\"https:\/\/newgarden.es\/\",\"name\":\"Newgarden\",\"description\":\"Be happy\",\"potentialAction\":[{\"@type\":\"SearchAction\",\"target\":{\"@type\":\"EntryPoint\",\"urlTemplate\":\"https:\/\/newgarden.es\/?s={search_term_string}\"},\"query-input\":{\"@type\":\"PropertyValueSpecification\",\"valueRequired\":true,\"valueName\":\"search_term_string\"}}],\"inLanguage\":\"fr-FR\"}]}<\/script>\n<!-- \/ Yoast SEO plugin. -->","yoast_head_json":{"title":"CUBE DE NO\u00cbL ILLUMIN\u00c9 GIFTY 20 AVEC RUBAN","description":"Le cube lumineux de No\u00ebl\u00a0Gifty\u00a0est arriv\u00e9. Une lampe qui triomphe parmi les produits de la\u00a0collection basique. Avec sa forme carr\u00e9e, c'est l'\u00e9l\u00e9ment parfait","robots":{"index":"index","follow":"follow","max-snippet":"max-snippet:-1","max-image-preview":"max-image-preview:large","max-video-preview":"max-video-preview:-1"},"canonical":"https:\/\/newgarden.es\/fr\/shop\/lightdeco-fr\/noel\/cube-lumineux-gifty-20\/","og_locale":"fr_FR","og_type":"article","og_title":"CUBE DE NO\u00cbL ILLUMIN\u00c9 GIFTY 20 AVEC RUBAN","og_description":"Le cube lumineux de No\u00ebl\u00a0Gifty\u00a0est arriv\u00e9. Une lampe qui triomphe parmi les produits de la\u00a0collection basique. Avec sa forme carr\u00e9e, c'est l'\u00e9l\u00e9ment parfait","og_url":"https:\/\/newgarden.es\/fr\/shop\/lightdeco-fr\/noel\/cube-lumineux-gifty-20\/","og_site_name":"Newgarden","article_modified_time":"2024-06-13T13:46:50+00:00","og_image":[{"width":1200,"height":1200,"url":"https:\/\/newgarden.es\/wp-content\/uploads\/2021\/09\/Mesa-de-trabajo-33-copia-14.jpg","type":"image\/jpeg"}],"twitter_card":"summary_large_image","twitter_misc":{"Dur\u00e9e de lecture estim\u00e9e":"1 minute"},"schema":{"@context":"https:\/\/schema.org","@graph":[{"@type":"WebPage","@id":"https:\/\/newgarden.es\/fr\/shop\/lightdeco-fr\/noel\/cube-lumineux-gifty-20\/","url":"https:\/\/newgarden.es\/fr\/shop\/lightdeco-fr\/noel\/cube-lumineux-gifty-20\/","name":"CUBE DE NO\u00cbL ILLUMIN\u00c9 GIFTY 20 AVEC RUBAN","isPartOf":{"@id":"https:\/\/newgarden.es\/#website"},"primaryImageOfPage":{"@id":"https:\/\/newgarden.es\/fr\/shop\/lightdeco-fr\/noel\/cube-lumineux-gifty-20\/#primaryimage"},"image":{"@id":"https:\/\/newgarden.es\/fr\/shop\/lightdeco-fr\/noel\/cube-lumineux-gifty-20\/#primaryimage"},"thumbnailUrl":"https:\/\/newgarden.es\/wp-content\/uploads\/2021\/09\/Mesa-de-trabajo-33-copia-14.jpg","datePublished":"2021-09-21T11:57:24+00:00","dateModified":"2024-06-13T13:46:50+00:00","description":"Le cube lumineux de No\u00ebl\u00a0Gifty\u00a0est arriv\u00e9. Une lampe qui triomphe parmi les produits de la\u00a0collection basique. Avec sa forme carr\u00e9e, c'est l'\u00e9l\u00e9ment parfait","breadcrumb":{"@id":"https:\/\/newgarden.es\/fr\/shop\/lightdeco-fr\/noel\/cube-lumineux-gifty-20\/#breadcrumb"},"inLanguage":"fr-FR","potentialAction":[{"@type":"ReadAction","target":["https:\/\/newgarden.es\/fr\/shop\/lightdeco-fr\/noel\/cube-lumineux-gifty-20\/"]}]},{"@type":"ImageObject","inLanguage":"fr-FR","@id":"https:\/\/newgarden.es\/fr\/shop\/lightdeco-fr\/noel\/cube-lumineux-gifty-20\/#primaryimage","url":"https:\/\/newgarden.es\/wp-content\/uploads\/2021\/09\/Mesa-de-trabajo-33-copia-14.jpg","contentUrl":"https:\/\/newgarden.es\/wp-content\/uploads\/2021\/09\/Mesa-de-trabajo-33-copia-14.jpg","width":1200,"height":1200},{"@type":"BreadcrumbList","@id":"https:\/\/newgarden.es\/fr\/shop\/lightdeco-fr\/noel\/cube-lumineux-gifty-20\/#breadcrumb","itemListElement":[{"@type":"ListItem","position":1,"name":"Home","item":"https:\/\/newgarden.es\/fr\/"},{"@type":"ListItem","position":2,"name":"Boutique","item":"https:\/\/newgarden.es\/fr\/boutique\/"},{"@type":"ListItem","position":3,"name":"CUBE DE NO\u00cbL LUMINEUX GIFTY 20"}]},{"@type":"WebSite","@id":"https:\/\/newgarden.es\/#website","url":"https:\/\/newgarden.es\/","name":"Newgarden","description":"Be happy","potentialAction":[{"@type":"SearchAction","target":{"@type":"EntryPoint","urlTemplate":"https:\/\/newgarden.es\/?s={search_term_string}"},"query-input":{"@type":"PropertyValueSpecification","valueRequired":true,"valueName":"search_term_string"}}],"inLanguage":"fr-FR"}]}},"df_price":51.5,"df_sale_price":"","df_regular_price":51.5,"df_image_link":"https:\/\/newgarden.es\/wp-content\/uploads\/2021\/09\/Mesa-de-trabajo-33-copia-14-580x400.jpg","_links":{"self":[{"href":"https:\/\/newgarden.es\/fr\/wp-json\/wp\/v2\/product\/37292"}],"collection":[{"href":"https:\/\/newgarden.es\/fr\/wp-json\/wp\/v2\/product"}],"about":[{"href":"https:\/\/newgarden.es\/fr\/wp-json\/wp\/v2\/types\/product"}],"wp:featuredmedia":[{"embeddable":true,"href":"https:\/\/newgarden.es\/fr\/wp-json\/wp\/v2\/media\/59228"}],"wp:attachment":[{"href":"https:\/\/newgarden.es\/fr\/wp-json\/wp\/v2\/media?parent=37292"}],"wp:term":[{"taxonomy":"product_cat","embeddable":true,"href":"https:\/\/newgarden.es\/fr\/wp-json\/wp\/v2\/product_cat?post=37292"},{"taxonomy":"product_tag","embeddable":true,"href":"https:\/\/newgarden.es\/fr\/wp-json\/wp\/v2\/product_tag?post=37292"}],"curies":[{"name":"wp","href":"https:\/\/api.w.org\/{rel}","templated":true}]}}