{"id":37437,"date":"2021-09-21T14:24:26","date_gmt":"2021-09-21T12:24:28","guid":{"rendered":"https:\/\/newgarden.es\/?post_type=product&#038;p=37437"},"modified":"2022-01-27T12:59:40","modified_gmt":"2022-01-27T11:59:40","slug":"cube-navideno-illuminated-gifty-32","status":"publish","type":"product","link":"https:\/\/newgarden.es\/fr\/shop\/lightdeco-fr\/noel\/cube-navideno-illuminated-gifty-32\/","title":{"rendered":"CUBE DE NO\u00cbL LUMINEUX GIFTY 32"},"content":{"rendered":"<section class=\"wpb-content-wrapper\"><p>[vc_row][vc_column el_class=&#8221;descripcion_producto&#8221;][vc_column_text]<\/p>\n<p>CUBE DE NO\u00cbL LUMINEUX<strong> GIFTY 32: <\/strong><\/p>\n<p>Le cube lumineux de No\u00ebl\u00a0<strong>Gifty<\/strong>\u00a0est arriv\u00e9. Une lampe qui triomphe parmi les produits de la\u00a0collection basique. Avec sa forme carr\u00e9e, c&#8217;est l&#8217;\u00e9l\u00e9ment parfait pour d\u00e9corer chaque recoin de vos espaces.<\/p>\n<p>Le cube lumineux\u00a0<strong>Gifty<\/strong>\u00a0est disponible en diff\u00e9rentes tailles, il s&#8217;adapte donc \u00e0 tous les espaces de votre foyer.<\/p>\n<p><strong>Gifty<\/strong>\u00a0apporte une touche carr\u00e9e \u00e0 votre maison. Parfait pour les amateurs de tables au design diff\u00e9rent.<\/p>\n<p><strong>RUBAN D\u00c9CORATIF INCLUS<\/strong><\/p>\n<p><em>Tous les produits Newgarden sont fabriqu\u00e9s en poly\u00e9thyl\u00e8ne, ce qui les rend l\u00e9gers et tr\u00e8s r\u00e9sistants aux temp\u00e9ratures extr\u00eames. Ils sont \u00e9galement r\u00e9sistants aux rayons UV, ce qui rend la dur\u00e9e de vie du produit extraordinairement longue.<\/em><\/p>\n<p>&nbsp;<\/p>\n<ul class=\"tablaTech\">\n<li>\n<div class=\"boxContents no-border\">\n<div class=\"name\"><strong>TAILLE CUBY 32\u00a0<\/strong><\/div>\n<div class=\"data\">32 x 32 x 32 cm<\/div>\n<\/div>\n<\/li>\n<\/ul>\n<p>[\/vc_column_text][\/vc_column][\/vc_row][vc_row disable_element=&#8221;yes&#8221;][vc_column][vc_single_image image=&#8221;6566&#8243; img_size=&#8221;full&#8221;][\/vc_column][\/vc_row][vc_row][vc_column width=&#8221;1\/2&#8243;][vc_btn title=&#8221;Fiche technique&#8221; style=&#8221;custom&#8221; custom_background=&#8221;#009bc2&#8243; custom_text=&#8221;#ffffff&#8221; shape=&#8221;square&#8221; link=&#8221;url:https%3A%2F%2Fdrive.google.com%2Fdrive%2Ffolders%2F1xAxxqpXUSzHxXThdAI30Ix7xZl7G5DMC|title:ILLUMINATED%20CHRISTMAS%20CUBE%20GIFTY%2032|target:%20_blank|&#8221; el_class=&#8221;btn_descargar_ficha&#8221;][\/vc_column][vc_column width=&#8221;1\/2&#8243;][\/vc_column][\/vc_row]<\/p>\n<\/section>","protected":false},"excerpt":{"rendered":"<h5 style=\"font-size: 12px;\"><strong>Cube de No\u00ebl illumin\u00e9 Gifty 32<\/strong><\/h5>\n","protected":false},"featured_media":59243,"template":"","meta":[],"product_cat":[651,1223,1590,752],"product_tag":[707,648],"class_list":{"0":"post-37437","1":"product","2":"type-product","3":"status-publish","4":"has-post-thumbnail","6":"product_cat-lightdeco-fr","7":"product_cat-interieur","8":"product_cat-interieur-fr","9":"product_cat-noel","10":"product_tag-sans-fil","11":"product_tag-solaire","13":"first","14":"instock","15":"taxable","16":"shipping-taxable","17":"purchasable","18":"product-type-variable"},"yoast_head":"<!-- This site is optimized with the Yoast SEO plugin v24.2 - https:\/\/yoast.com\/wordpress\/plugins\/seo\/ -->\n<title>CUBE DE NO\u00cbL LUMINEUX GIFTY 32 AVEC RUBAN<\/title>\n<meta name=\"description\" content=\"Le cube lumineux de No\u00ebl Gifty\u00a0est arriv\u00e9. Une lampe qui triomphe parmi les produits de la\u00a0collection basique. Avec sa forme carr\u00e9e, c&#039;est l&#039;\u00e9l\u00e9ment parfait\" \/>\n<meta name=\"robots\" content=\"index, follow, max-snippet:-1, max-image-preview:large, max-video-preview:-1\" \/>\n<link rel=\"canonical\" href=\"https:\/\/newgarden.es\/fr\/shop\/lightdeco-fr\/noel\/cube-navideno-illuminated-gifty-32\/\" \/>\n<meta property=\"og:locale\" content=\"fr_FR\" \/>\n<meta property=\"og:type\" content=\"article\" \/>\n<meta property=\"og:title\" content=\"CUBE DE NO\u00cbL LUMINEUX GIFTY 32 AVEC RUBAN\" \/>\n<meta property=\"og:description\" content=\"Le cube lumineux de No\u00ebl Gifty\u00a0est arriv\u00e9. Une lampe qui triomphe parmi les produits de la\u00a0collection basique. Avec sa forme carr\u00e9e, c&#039;est l&#039;\u00e9l\u00e9ment parfait\" \/>\n<meta property=\"og:url\" content=\"https:\/\/newgarden.es\/fr\/shop\/lightdeco-fr\/noel\/cube-navideno-illuminated-gifty-32\/\" \/>\n<meta property=\"og:site_name\" content=\"Newgarden\" \/>\n<meta property=\"article:modified_time\" content=\"2022-01-27T11:59:40+00:00\" \/>\n<meta property=\"og:image\" content=\"https:\/\/newgarden.es\/wp-content\/uploads\/2021\/09\/Mesa-de-trabajo-33-copia-15.jpg\" \/>\n\t<meta property=\"og:image:width\" content=\"1200\" \/>\n\t<meta property=\"og:image:height\" content=\"1200\" \/>\n\t<meta property=\"og:image:type\" content=\"image\/jpeg\" \/>\n<meta name=\"twitter:card\" content=\"summary_large_image\" \/>\n<meta name=\"twitter:label1\" content=\"Dur\u00e9e de lecture estim\u00e9e\" \/>\n\t<meta name=\"twitter:data1\" content=\"1 minute\" \/>\n<script type=\"application\/ld+json\" class=\"yoast-schema-graph\">{\"@context\":\"https:\/\/schema.org\",\"@graph\":[{\"@type\":\"WebPage\",\"@id\":\"https:\/\/newgarden.es\/fr\/shop\/lightdeco-fr\/noel\/cube-navideno-illuminated-gifty-32\/\",\"url\":\"https:\/\/newgarden.es\/fr\/shop\/lightdeco-fr\/noel\/cube-navideno-illuminated-gifty-32\/\",\"name\":\"CUBE DE NO\u00cbL LUMINEUX GIFTY 32 AVEC RUBAN\",\"isPartOf\":{\"@id\":\"https:\/\/newgarden.es\/#website\"},\"primaryImageOfPage\":{\"@id\":\"https:\/\/newgarden.es\/fr\/shop\/lightdeco-fr\/noel\/cube-navideno-illuminated-gifty-32\/#primaryimage\"},\"image\":{\"@id\":\"https:\/\/newgarden.es\/fr\/shop\/lightdeco-fr\/noel\/cube-navideno-illuminated-gifty-32\/#primaryimage\"},\"thumbnailUrl\":\"https:\/\/newgarden.es\/wp-content\/uploads\/2021\/09\/Mesa-de-trabajo-33-copia-15.jpg\",\"datePublished\":\"2021-09-21T12:24:28+00:00\",\"dateModified\":\"2022-01-27T11:59:40+00:00\",\"description\":\"Le cube lumineux de No\u00ebl Gifty\u00a0est arriv\u00e9. Une lampe qui triomphe parmi les produits de la\u00a0collection basique. Avec sa forme carr\u00e9e, c'est l'\u00e9l\u00e9ment parfait\",\"breadcrumb\":{\"@id\":\"https:\/\/newgarden.es\/fr\/shop\/lightdeco-fr\/noel\/cube-navideno-illuminated-gifty-32\/#breadcrumb\"},\"inLanguage\":\"fr-FR\",\"potentialAction\":[{\"@type\":\"ReadAction\",\"target\":[\"https:\/\/newgarden.es\/fr\/shop\/lightdeco-fr\/noel\/cube-navideno-illuminated-gifty-32\/\"]}]},{\"@type\":\"ImageObject\",\"inLanguage\":\"fr-FR\",\"@id\":\"https:\/\/newgarden.es\/fr\/shop\/lightdeco-fr\/noel\/cube-navideno-illuminated-gifty-32\/#primaryimage\",\"url\":\"https:\/\/newgarden.es\/wp-content\/uploads\/2021\/09\/Mesa-de-trabajo-33-copia-15.jpg\",\"contentUrl\":\"https:\/\/newgarden.es\/wp-content\/uploads\/2021\/09\/Mesa-de-trabajo-33-copia-15.jpg\",\"width\":1200,\"height\":1200},{\"@type\":\"BreadcrumbList\",\"@id\":\"https:\/\/newgarden.es\/fr\/shop\/lightdeco-fr\/noel\/cube-navideno-illuminated-gifty-32\/#breadcrumb\",\"itemListElement\":[{\"@type\":\"ListItem\",\"position\":1,\"name\":\"Home\",\"item\":\"https:\/\/newgarden.es\/fr\/\"},{\"@type\":\"ListItem\",\"position\":2,\"name\":\"Boutique\",\"item\":\"https:\/\/newgarden.es\/fr\/boutique\/\"},{\"@type\":\"ListItem\",\"position\":3,\"name\":\"CUBE DE NO\u00cbL LUMINEUX GIFTY 32\"}]},{\"@type\":\"WebSite\",\"@id\":\"https:\/\/newgarden.es\/#website\",\"url\":\"https:\/\/newgarden.es\/\",\"name\":\"Newgarden\",\"description\":\"Be happy\",\"potentialAction\":[{\"@type\":\"SearchAction\",\"target\":{\"@type\":\"EntryPoint\",\"urlTemplate\":\"https:\/\/newgarden.es\/?s={search_term_string}\"},\"query-input\":{\"@type\":\"PropertyValueSpecification\",\"valueRequired\":true,\"valueName\":\"search_term_string\"}}],\"inLanguage\":\"fr-FR\"}]}<\/script>\n<!-- \/ Yoast SEO plugin. -->","yoast_head_json":{"title":"CUBE DE NO\u00cbL LUMINEUX GIFTY 32 AVEC RUBAN","description":"Le cube lumineux de No\u00ebl Gifty\u00a0est arriv\u00e9. Une lampe qui triomphe parmi les produits de la\u00a0collection basique. Avec sa forme carr\u00e9e, c'est l'\u00e9l\u00e9ment parfait","robots":{"index":"index","follow":"follow","max-snippet":"max-snippet:-1","max-image-preview":"max-image-preview:large","max-video-preview":"max-video-preview:-1"},"canonical":"https:\/\/newgarden.es\/fr\/shop\/lightdeco-fr\/noel\/cube-navideno-illuminated-gifty-32\/","og_locale":"fr_FR","og_type":"article","og_title":"CUBE DE NO\u00cbL LUMINEUX GIFTY 32 AVEC RUBAN","og_description":"Le cube lumineux de No\u00ebl Gifty\u00a0est arriv\u00e9. Une lampe qui triomphe parmi les produits de la\u00a0collection basique. Avec sa forme carr\u00e9e, c'est l'\u00e9l\u00e9ment parfait","og_url":"https:\/\/newgarden.es\/fr\/shop\/lightdeco-fr\/noel\/cube-navideno-illuminated-gifty-32\/","og_site_name":"Newgarden","article_modified_time":"2022-01-27T11:59:40+00:00","og_image":[{"width":1200,"height":1200,"url":"https:\/\/newgarden.es\/wp-content\/uploads\/2021\/09\/Mesa-de-trabajo-33-copia-15.jpg","type":"image\/jpeg"}],"twitter_card":"summary_large_image","twitter_misc":{"Dur\u00e9e de lecture estim\u00e9e":"1 minute"},"schema":{"@context":"https:\/\/schema.org","@graph":[{"@type":"WebPage","@id":"https:\/\/newgarden.es\/fr\/shop\/lightdeco-fr\/noel\/cube-navideno-illuminated-gifty-32\/","url":"https:\/\/newgarden.es\/fr\/shop\/lightdeco-fr\/noel\/cube-navideno-illuminated-gifty-32\/","name":"CUBE DE NO\u00cbL LUMINEUX GIFTY 32 AVEC RUBAN","isPartOf":{"@id":"https:\/\/newgarden.es\/#website"},"primaryImageOfPage":{"@id":"https:\/\/newgarden.es\/fr\/shop\/lightdeco-fr\/noel\/cube-navideno-illuminated-gifty-32\/#primaryimage"},"image":{"@id":"https:\/\/newgarden.es\/fr\/shop\/lightdeco-fr\/noel\/cube-navideno-illuminated-gifty-32\/#primaryimage"},"thumbnailUrl":"https:\/\/newgarden.es\/wp-content\/uploads\/2021\/09\/Mesa-de-trabajo-33-copia-15.jpg","datePublished":"2021-09-21T12:24:28+00:00","dateModified":"2022-01-27T11:59:40+00:00","description":"Le cube lumineux de No\u00ebl Gifty\u00a0est arriv\u00e9. Une lampe qui triomphe parmi les produits de la\u00a0collection basique. Avec sa forme carr\u00e9e, c'est l'\u00e9l\u00e9ment parfait","breadcrumb":{"@id":"https:\/\/newgarden.es\/fr\/shop\/lightdeco-fr\/noel\/cube-navideno-illuminated-gifty-32\/#breadcrumb"},"inLanguage":"fr-FR","potentialAction":[{"@type":"ReadAction","target":["https:\/\/newgarden.es\/fr\/shop\/lightdeco-fr\/noel\/cube-navideno-illuminated-gifty-32\/"]}]},{"@type":"ImageObject","inLanguage":"fr-FR","@id":"https:\/\/newgarden.es\/fr\/shop\/lightdeco-fr\/noel\/cube-navideno-illuminated-gifty-32\/#primaryimage","url":"https:\/\/newgarden.es\/wp-content\/uploads\/2021\/09\/Mesa-de-trabajo-33-copia-15.jpg","contentUrl":"https:\/\/newgarden.es\/wp-content\/uploads\/2021\/09\/Mesa-de-trabajo-33-copia-15.jpg","width":1200,"height":1200},{"@type":"BreadcrumbList","@id":"https:\/\/newgarden.es\/fr\/shop\/lightdeco-fr\/noel\/cube-navideno-illuminated-gifty-32\/#breadcrumb","itemListElement":[{"@type":"ListItem","position":1,"name":"Home","item":"https:\/\/newgarden.es\/fr\/"},{"@type":"ListItem","position":2,"name":"Boutique","item":"https:\/\/newgarden.es\/fr\/boutique\/"},{"@type":"ListItem","position":3,"name":"CUBE DE NO\u00cbL LUMINEUX GIFTY 32"}]},{"@type":"WebSite","@id":"https:\/\/newgarden.es\/#website","url":"https:\/\/newgarden.es\/","name":"Newgarden","description":"Be happy","potentialAction":[{"@type":"SearchAction","target":{"@type":"EntryPoint","urlTemplate":"https:\/\/newgarden.es\/?s={search_term_string}"},"query-input":{"@type":"PropertyValueSpecification","valueRequired":true,"valueName":"search_term_string"}}],"inLanguage":"fr-FR"}]}},"df_price":72.5,"df_sale_price":"","df_regular_price":72.5,"df_image_link":"https:\/\/newgarden.es\/wp-content\/uploads\/2021\/09\/Mesa-de-trabajo-33-copia-15-580x400.jpg","_links":{"self":[{"href":"https:\/\/newgarden.es\/fr\/wp-json\/wp\/v2\/product\/37437"}],"collection":[{"href":"https:\/\/newgarden.es\/fr\/wp-json\/wp\/v2\/product"}],"about":[{"href":"https:\/\/newgarden.es\/fr\/wp-json\/wp\/v2\/types\/product"}],"wp:featuredmedia":[{"embeddable":true,"href":"https:\/\/newgarden.es\/fr\/wp-json\/wp\/v2\/media\/59243"}],"wp:attachment":[{"href":"https:\/\/newgarden.es\/fr\/wp-json\/wp\/v2\/media?parent=37437"}],"wp:term":[{"taxonomy":"product_cat","embeddable":true,"href":"https:\/\/newgarden.es\/fr\/wp-json\/wp\/v2\/product_cat?post=37437"},{"taxonomy":"product_tag","embeddable":true,"href":"https:\/\/newgarden.es\/fr\/wp-json\/wp\/v2\/product_tag?post=37437"}],"curies":[{"name":"wp","href":"https:\/\/api.w.org\/{rel}","templated":true}]}}