{"id":37479,"date":"2021-09-21T14:53:46","date_gmt":"2021-09-21T12:53:49","guid":{"rendered":"https:\/\/newgarden.es\/?post_type=product&#038;p=37479"},"modified":"2022-01-19T11:45:32","modified_gmt":"2022-01-19T10:45:32","slug":"jeu-de-spheres-lumineuses-lua-10","status":"publish","type":"product","link":"https:\/\/newgarden.es\/fr\/shop\/lightdeco-fr\/lampe-a-cote\/jeu-de-spheres-lumineuses-lua-10\/","title":{"rendered":"SET DE SPH\u00c8RES LUMINEUSES LUA 10"},"content":{"rendered":"<section class=\"wpb-content-wrapper\"><p>[vc_row][vc_column el_class=\u00a0\u00bbdescripcion_producto\u00a0\u00bb][vc_column_text]<\/p>\n<p><strong>SET DE SPH\u00c8RES LUMINEUSES LUA 10<\/strong><\/p>\n<p>Le set de sph\u00e8res lumineuses\u00a0<strong>Lua 10<\/strong>\u00a0est une merveille. Ces trois sph\u00e8res en verre illuminent n&rsquo;importe quel espace de votre maison.\u00a0Vous pouvez les associer \u00e0 votre d\u00e9coration de\u00a0No\u00ebl ou tout au long de l&rsquo;ann\u00e9e. Le cristal de la boule et la guirlande lumineuse offrent \u00e0 la\u00a0<strong>Lua 10<\/strong>\u00a0une lumi\u00e8re fantaisiste.<\/p>\n<p>Ce mod\u00e8le peut \u00eatre combin\u00e9 avec le mod\u00e8le\u00a0<strong>LUA 20<\/strong>\u00a0pour cr\u00e9er des atmosph\u00e8res uniques.<\/p>\n<p><strong>Ce set est compos\u00e9 de 3 Lua 10.<br \/>\nPiles non incluses.<br \/>\n<\/strong><\/p>\n<p>&nbsp;<\/p>\n<ul class=\"tablaTech\">\n<li>\n<div class=\"boxContents no-border\">\n<div class=\"name\"><strong>TAILLE<\/strong><\/div>\n<div class=\"data\">\u00f810 x\u00a08,5 cm<\/div>\n<\/div>\n<\/li>\n<\/ul>\n<p>[\/vc_column_text][\/vc_column][\/vc_row][vc_row disable_element=\u00a0\u00bbyes\u00a0\u00bb][vc_column][vc_single_image image=\u00a0\u00bb6566&Prime; img_size=\u00a0\u00bbfull\u00a0\u00bb][\/vc_column][\/vc_row][vc_row][vc_column width=\u00a0\u00bb1\/2&Prime;][vc_btn title=\u00a0\u00bbFiche technique\u00a0\u00bb style=\u00a0\u00bbcustom\u00a0\u00bb custom_background=\u00a0\u00bb#009bc2&Prime; custom_text=\u00a0\u00bb#ffffff\u00a0\u00bb shape=\u00a0\u00bbsquare\u00a0\u00bb link=\u00a0\u00bburl:https%3A%2F%2Fdrive.google.com%2Fdrive%2Ffolders%2F1l0gfS3XHYRfnnNQ_8KGbT5AKK0lgevyl%3Fusp%3Dsharing|target:%20_blank|\u00a0\u00bb el_class=\u00a0\u00bbbtn_descargar_ficha\u00a0\u00bb][\/vc_column][vc_column width=\u00a0\u00bb1\/2&Prime;][vc_btn title=\u00a0\u00bbManuel d&rsquo;instrutions\u00a0\u00bb style=\u00a0\u00bbcustom\u00a0\u00bb custom_background=\u00a0\u00bb#009bc2&Prime; custom_text=\u00a0\u00bb#ffffff\u00a0\u00bb shape=\u00a0\u00bbsquare\u00a0\u00bb link=\u00a0\u00bburl:https%3A%2F%2Fnewgarden.es%2Ffr%2F%3Fpage_id%3D25150|target:%20_blank|\u00a0\u00bb el_class=\u00a0\u00bbbtn_descargar_ficha\u00a0\u00bb][\/vc_column][\/vc_row]<\/p>\n<\/section>","protected":false},"excerpt":{"rendered":"<h5 style=\"font-size: 12px;\"><strong>Set de sph\u00e8res lumineuses Lua 10<\/strong><\/h5>\n","protected":false},"featured_media":59138,"template":"","meta":[],"product_cat":[651,652,1223,1590,752],"product_tag":[653,1224],"class_list":{"0":"post-37479","1":"product","2":"type-product","3":"status-publish","4":"has-post-thumbnail","6":"product_cat-lightdeco-fr","7":"product_cat-lampe-a-cote","8":"product_cat-interieur","9":"product_cat-interieur-fr","10":"product_cat-noel","11":"product_tag-batterie","12":"product_tag-interieur","14":"first","15":"instock","16":"taxable","17":"shipping-taxable","18":"purchasable","19":"product-type-variable"},"yoast_head":"<!-- This site is optimized with the Yoast SEO plugin v24.2 - https:\/\/yoast.com\/wordpress\/plugins\/seo\/ -->\n<title>SET DE SPH\u00c8RES LUMINEUSES LUA 10 D\u00c9CORATION<\/title>\n<meta name=\"description\" content=\"SET DE SPH\u00c8RES LUMINEUSES LUA 10Le\u00a0set\u00a0de sph\u00e8res lumineuses\u00a0Lua 10\u00a0est une merveille. Ces trois sph\u00e8res en verre illuminent n&#039;importe quel espace de votre\" \/>\n<meta name=\"robots\" content=\"index, follow, max-snippet:-1, max-image-preview:large, max-video-preview:-1\" \/>\n<link rel=\"canonical\" href=\"https:\/\/newgarden.es\/shop\/lightdeco\/navidad\/conjunto-esferas-luminosas-lua-10\/\" \/>\n<meta property=\"og:locale\" content=\"fr_FR\" \/>\n<meta property=\"og:type\" content=\"article\" \/>\n<meta property=\"og:title\" content=\"SET DE SPH\u00c8RES LUMINEUSES LUA 10 D\u00c9CORATION\" \/>\n<meta property=\"og:description\" content=\"SET DE SPH\u00c8RES LUMINEUSES LUA 10Le\u00a0set\u00a0de sph\u00e8res lumineuses\u00a0Lua 10\u00a0est une merveille. Ces trois sph\u00e8res en verre illuminent n&#039;importe quel espace de votre\" \/>\n<meta property=\"og:url\" content=\"https:\/\/newgarden.es\/shop\/lightdeco\/navidad\/conjunto-esferas-luminosas-lua-10\/\" \/>\n<meta property=\"og:site_name\" content=\"Newgarden\" \/>\n<meta property=\"article:modified_time\" content=\"2022-01-19T10:45:32+00:00\" \/>\n<meta property=\"og:image\" content=\"https:\/\/newgarden.es\/wp-content\/uploads\/2021\/09\/LUA_1200X1200-10.jpg\" \/>\n\t<meta property=\"og:image:width\" content=\"1200\" \/>\n\t<meta property=\"og:image:height\" content=\"1200\" \/>\n\t<meta property=\"og:image:type\" content=\"image\/jpeg\" \/>\n<meta name=\"twitter:card\" content=\"summary_large_image\" \/>\n<meta name=\"twitter:label1\" content=\"Dur\u00e9e de lecture estim\u00e9e\" \/>\n\t<meta name=\"twitter:data1\" content=\"1 minute\" \/>\n<script type=\"application\/ld+json\" class=\"yoast-schema-graph\">{\"@context\":\"https:\/\/schema.org\",\"@graph\":[{\"@type\":\"WebPage\",\"@id\":\"https:\/\/newgarden.es\/shop\/lightdeco\/navidad\/conjunto-esferas-luminosas-lua-10\/\",\"url\":\"https:\/\/newgarden.es\/shop\/lightdeco\/navidad\/conjunto-esferas-luminosas-lua-10\/\",\"name\":\"SET DE SPH\u00c8RES LUMINEUSES LUA 10 D\u00c9CORATION\",\"isPartOf\":{\"@id\":\"https:\/\/newgarden.es\/#website\"},\"primaryImageOfPage\":{\"@id\":\"https:\/\/newgarden.es\/shop\/lightdeco\/navidad\/conjunto-esferas-luminosas-lua-10\/#primaryimage\"},\"image\":{\"@id\":\"https:\/\/newgarden.es\/shop\/lightdeco\/navidad\/conjunto-esferas-luminosas-lua-10\/#primaryimage\"},\"thumbnailUrl\":\"https:\/\/newgarden.es\/wp-content\/uploads\/2021\/09\/LUA_1200X1200-10.jpg\",\"datePublished\":\"2021-09-21T12:53:49+00:00\",\"dateModified\":\"2022-01-19T10:45:32+00:00\",\"description\":\"SET DE SPH\u00c8RES LUMINEUSES LUA 10Le\u00a0set\u00a0de sph\u00e8res lumineuses\u00a0Lua 10\u00a0est une merveille. Ces trois sph\u00e8res en verre illuminent n'importe quel espace de votre\",\"breadcrumb\":{\"@id\":\"https:\/\/newgarden.es\/shop\/lightdeco\/navidad\/conjunto-esferas-luminosas-lua-10\/#breadcrumb\"},\"inLanguage\":\"fr-FR\",\"potentialAction\":[{\"@type\":\"ReadAction\",\"target\":[\"https:\/\/newgarden.es\/shop\/lightdeco\/navidad\/conjunto-esferas-luminosas-lua-10\/\"]}]},{\"@type\":\"ImageObject\",\"inLanguage\":\"fr-FR\",\"@id\":\"https:\/\/newgarden.es\/shop\/lightdeco\/navidad\/conjunto-esferas-luminosas-lua-10\/#primaryimage\",\"url\":\"https:\/\/newgarden.es\/wp-content\/uploads\/2021\/09\/LUA_1200X1200-10.jpg\",\"contentUrl\":\"https:\/\/newgarden.es\/wp-content\/uploads\/2021\/09\/LUA_1200X1200-10.jpg\",\"width\":1200,\"height\":1200},{\"@type\":\"BreadcrumbList\",\"@id\":\"https:\/\/newgarden.es\/shop\/lightdeco\/navidad\/conjunto-esferas-luminosas-lua-10\/#breadcrumb\",\"itemListElement\":[{\"@type\":\"ListItem\",\"position\":1,\"name\":\"Home\",\"item\":\"https:\/\/newgarden.es\/fr\/\"},{\"@type\":\"ListItem\",\"position\":2,\"name\":\"Boutique\",\"item\":\"https:\/\/newgarden.es\/fr\/boutique\/\"},{\"@type\":\"ListItem\",\"position\":3,\"name\":\"SET DE SPH\u00c8RES LUMINEUSES LUA 10\"}]},{\"@type\":\"WebSite\",\"@id\":\"https:\/\/newgarden.es\/#website\",\"url\":\"https:\/\/newgarden.es\/\",\"name\":\"Newgarden\",\"description\":\"Be happy\",\"potentialAction\":[{\"@type\":\"SearchAction\",\"target\":{\"@type\":\"EntryPoint\",\"urlTemplate\":\"https:\/\/newgarden.es\/?s={search_term_string}\"},\"query-input\":{\"@type\":\"PropertyValueSpecification\",\"valueRequired\":true,\"valueName\":\"search_term_string\"}}],\"inLanguage\":\"fr-FR\"}]}<\/script>\n<!-- \/ Yoast SEO plugin. -->","yoast_head_json":{"title":"SET DE SPH\u00c8RES LUMINEUSES LUA 10 D\u00c9CORATION","description":"SET DE SPH\u00c8RES LUMINEUSES LUA 10Le\u00a0set\u00a0de sph\u00e8res lumineuses\u00a0Lua 10\u00a0est une merveille. Ces trois sph\u00e8res en verre illuminent n'importe quel espace de votre","robots":{"index":"index","follow":"follow","max-snippet":"max-snippet:-1","max-image-preview":"max-image-preview:large","max-video-preview":"max-video-preview:-1"},"canonical":"https:\/\/newgarden.es\/shop\/lightdeco\/navidad\/conjunto-esferas-luminosas-lua-10\/","og_locale":"fr_FR","og_type":"article","og_title":"SET DE SPH\u00c8RES LUMINEUSES LUA 10 D\u00c9CORATION","og_description":"SET DE SPH\u00c8RES LUMINEUSES LUA 10Le\u00a0set\u00a0de sph\u00e8res lumineuses\u00a0Lua 10\u00a0est une merveille. Ces trois sph\u00e8res en verre illuminent n'importe quel espace de votre","og_url":"https:\/\/newgarden.es\/shop\/lightdeco\/navidad\/conjunto-esferas-luminosas-lua-10\/","og_site_name":"Newgarden","article_modified_time":"2022-01-19T10:45:32+00:00","og_image":[{"width":1200,"height":1200,"url":"https:\/\/newgarden.es\/wp-content\/uploads\/2021\/09\/LUA_1200X1200-10.jpg","type":"image\/jpeg"}],"twitter_card":"summary_large_image","twitter_misc":{"Dur\u00e9e de lecture estim\u00e9e":"1 minute"},"schema":{"@context":"https:\/\/schema.org","@graph":[{"@type":"WebPage","@id":"https:\/\/newgarden.es\/shop\/lightdeco\/navidad\/conjunto-esferas-luminosas-lua-10\/","url":"https:\/\/newgarden.es\/shop\/lightdeco\/navidad\/conjunto-esferas-luminosas-lua-10\/","name":"SET DE SPH\u00c8RES LUMINEUSES LUA 10 D\u00c9CORATION","isPartOf":{"@id":"https:\/\/newgarden.es\/#website"},"primaryImageOfPage":{"@id":"https:\/\/newgarden.es\/shop\/lightdeco\/navidad\/conjunto-esferas-luminosas-lua-10\/#primaryimage"},"image":{"@id":"https:\/\/newgarden.es\/shop\/lightdeco\/navidad\/conjunto-esferas-luminosas-lua-10\/#primaryimage"},"thumbnailUrl":"https:\/\/newgarden.es\/wp-content\/uploads\/2021\/09\/LUA_1200X1200-10.jpg","datePublished":"2021-09-21T12:53:49+00:00","dateModified":"2022-01-19T10:45:32+00:00","description":"SET DE SPH\u00c8RES LUMINEUSES LUA 10Le\u00a0set\u00a0de sph\u00e8res lumineuses\u00a0Lua 10\u00a0est une merveille. Ces trois sph\u00e8res en verre illuminent n'importe quel espace de votre","breadcrumb":{"@id":"https:\/\/newgarden.es\/shop\/lightdeco\/navidad\/conjunto-esferas-luminosas-lua-10\/#breadcrumb"},"inLanguage":"fr-FR","potentialAction":[{"@type":"ReadAction","target":["https:\/\/newgarden.es\/shop\/lightdeco\/navidad\/conjunto-esferas-luminosas-lua-10\/"]}]},{"@type":"ImageObject","inLanguage":"fr-FR","@id":"https:\/\/newgarden.es\/shop\/lightdeco\/navidad\/conjunto-esferas-luminosas-lua-10\/#primaryimage","url":"https:\/\/newgarden.es\/wp-content\/uploads\/2021\/09\/LUA_1200X1200-10.jpg","contentUrl":"https:\/\/newgarden.es\/wp-content\/uploads\/2021\/09\/LUA_1200X1200-10.jpg","width":1200,"height":1200},{"@type":"BreadcrumbList","@id":"https:\/\/newgarden.es\/shop\/lightdeco\/navidad\/conjunto-esferas-luminosas-lua-10\/#breadcrumb","itemListElement":[{"@type":"ListItem","position":1,"name":"Home","item":"https:\/\/newgarden.es\/fr\/"},{"@type":"ListItem","position":2,"name":"Boutique","item":"https:\/\/newgarden.es\/fr\/boutique\/"},{"@type":"ListItem","position":3,"name":"SET DE SPH\u00c8RES LUMINEUSES LUA 10"}]},{"@type":"WebSite","@id":"https:\/\/newgarden.es\/#website","url":"https:\/\/newgarden.es\/","name":"Newgarden","description":"Be happy","potentialAction":[{"@type":"SearchAction","target":{"@type":"EntryPoint","urlTemplate":"https:\/\/newgarden.es\/?s={search_term_string}"},"query-input":{"@type":"PropertyValueSpecification","valueRequired":true,"valueName":"search_term_string"}}],"inLanguage":"fr-FR"}]}},"df_price":31.4,"df_sale_price":"","df_regular_price":31.4,"df_image_link":"https:\/\/newgarden.es\/wp-content\/uploads\/2021\/09\/LUA_1200X1200-10-580x400.jpg","_links":{"self":[{"href":"https:\/\/newgarden.es\/fr\/wp-json\/wp\/v2\/product\/37479"}],"collection":[{"href":"https:\/\/newgarden.es\/fr\/wp-json\/wp\/v2\/product"}],"about":[{"href":"https:\/\/newgarden.es\/fr\/wp-json\/wp\/v2\/types\/product"}],"wp:featuredmedia":[{"embeddable":true,"href":"https:\/\/newgarden.es\/fr\/wp-json\/wp\/v2\/media\/59138"}],"wp:attachment":[{"href":"https:\/\/newgarden.es\/fr\/wp-json\/wp\/v2\/media?parent=37479"}],"wp:term":[{"taxonomy":"product_cat","embeddable":true,"href":"https:\/\/newgarden.es\/fr\/wp-json\/wp\/v2\/product_cat?post=37479"},{"taxonomy":"product_tag","embeddable":true,"href":"https:\/\/newgarden.es\/fr\/wp-json\/wp\/v2\/product_tag?post=37479"}],"curies":[{"name":"wp","href":"https:\/\/api.w.org\/{rel}","templated":true}]}}