{"id":37547,"date":"2021-09-21T15:12:34","date_gmt":"2021-09-21T13:12:36","guid":{"rendered":"https:\/\/newgarden.es\/?post_type=product&#038;p=37547"},"modified":"2022-01-27T12:56:53","modified_gmt":"2022-01-27T11:56:53","slug":"sphere-lumineuse-lua-20","status":"publish","type":"product","link":"https:\/\/newgarden.es\/fr\/shop\/lightdeco-fr\/lampe-a-cote\/sphere-lumineuse-lua-20\/","title":{"rendered":"SPH\u00c8RE LUMINEUSE LUA 20"},"content":{"rendered":"<section class=\"wpb-content-wrapper\"><p>[vc_row][vc_column el_class=&#8221;descripcion_producto&#8221;][vc_column_text]<\/p>\n<p><strong>SPH\u00c8RE LUMINEUSE LUA 20<\/strong><\/p>\n<p><strong>Lua 20<\/strong>\u00a0est une sph\u00e8re lumineuse id\u00e9ale pour votre d\u00e9coration int\u00e9rieure. Fabriqu\u00e9e en verre, elle illumine n&#8217;importe quel espace de votre maison.\u00a0<span data-sanitized-data-mce-fragment=\"1\">Vous pouvez les associer \u00e0 vos d\u00e9corations de\u00a0No\u00ebl ou tout au long de l&#8217;ann\u00e9e. Le cristal de la boule et la guirlande lumineuse offrent \u00e0 la\u00a0<\/span><strong data-sanitized-data-mce-fragment=\"1\">Lua 20<\/strong><span data-sanitized-data-mce-fragment=\"1\">\u00a0une lumi\u00e8re fantaisiste.<\/span><\/p>\n<p>Ce mod\u00e8le peut \u00eatre combin\u00e9 avec le mod\u00e8le\u00a0<strong>LUA 10<\/strong>\u00a0pour cr\u00e9er des atmosph\u00e8res uniques.<\/p>\n<p><strong>Piles non incluses.<\/strong><\/p>\n<ul class=\"tablaTech\">\n<li>\n<div class=\"boxContents no-border\">\n<div class=\"name\"><strong>TAILLE<\/strong><\/div>\n<div class=\"data\">\u00f820 x 19,5 cm<\/div>\n<\/div>\n<\/li>\n<\/ul>\n<p>&nbsp;<\/p>\n<p>[\/vc_column_text][\/vc_column][\/vc_row][vc_row disable_element=&#8221;yes&#8221;][vc_column][vc_single_image image=&#8221;6566&#8243; img_size=&#8221;full&#8221;][\/vc_column][\/vc_row][vc_row][vc_column width=&#8221;1\/2&#8243;][vc_btn title=&#8221;Fiche technique&#8221; style=&#8221;custom&#8221; custom_background=&#8221;#009bc2&#8243; custom_text=&#8221;#ffffff&#8221; shape=&#8221;square&#8221; link=&#8221;url:https%3A%2F%2Fdrive.google.com%2Fdrive%2Ffolders%2F1l0gfS3XHYRfnnNQ_8KGbT5AKK0lgevyl%3Fusp%3Dsharing|target:%20_blank|&#8221; el_class=&#8221;btn_descargar_ficha&#8221;][\/vc_column][vc_column width=&#8221;1\/2&#8243;][vc_btn title=&#8221;Manuel d&#8217;instrutions&#8221; style=&#8221;custom&#8221; custom_background=&#8221;#009bc2&#8243; custom_text=&#8221;#ffffff&#8221; shape=&#8221;square&#8221; link=&#8221;url:https%3A%2F%2Fnewgarden.es%2Ffr%2F%3Fpage_id%3D25150|target:%20_blank|&#8221; el_class=&#8221;btn_descargar_ficha&#8221;][\/vc_column][\/vc_row]<\/p>\n<\/section>","protected":false},"excerpt":{"rendered":"<h5 style=\"font-size: 12px;\"><strong>Lampe de table LUA 20<\/strong><\/h5>\n","protected":false},"featured_media":59113,"template":"","meta":[],"product_cat":[1695,651,652,1223,1590,752],"product_tag":[653,1224],"class_list":{"0":"post-37547","1":"product","2":"type-product","3":"status-publish","4":"has-post-thumbnail","6":"product_cat-productos-fr","7":"product_cat-lightdeco-fr","8":"product_cat-lampe-a-cote","9":"product_cat-interieur","10":"product_cat-interieur-fr","11":"product_cat-noel","12":"product_tag-batterie","13":"product_tag-interieur","15":"first","16":"instock","17":"taxable","18":"shipping-taxable","19":"purchasable","20":"product-type-variable"},"yoast_head":"<!-- This site is optimized with the Yoast SEO plugin v24.2 - https:\/\/yoast.com\/wordpress\/plugins\/seo\/ -->\n<title>LUA 20, ESFERA LUMINOSA LUA 20 Navidad - Newgarden<\/title>\n<meta name=\"description\" content=\"Lua 20 est une sph\u00e8re lumineuse id\u00e9ale pour la maison. Fabriqu\u00e9 en verre, il illumine n&#039;importe quel espace de votre maison. Il peut \u00eatre utilis\u00e9 pour No\u00ebl ou \u00e0 tout autre moment de l&#039;ann\u00e9e. Le design du cristal et de la guirlande int\u00e9rieure offre une lumi\u00e8re fantaisiste. Ce mod\u00e8le peut \u00eatre combin\u00e9 avec le mod\u00e8le LUA 10 pour cr\u00e9er des atmosph\u00e8res uniques.\" \/>\n<meta name=\"robots\" content=\"index, follow, max-snippet:-1, max-image-preview:large, max-video-preview:-1\" \/>\n<link rel=\"canonical\" href=\"https:\/\/newgarden.es\/fr\/shop\/lightdeco-fr\/lampe-a-cote\/sphere-lumineuse-lua-20\/\" \/>\n<meta property=\"og:locale\" content=\"fr_FR\" \/>\n<meta property=\"og:type\" content=\"article\" \/>\n<meta property=\"og:title\" content=\"LUA 20, ESFERA LUMINOSA LUA 20 Navidad - Newgarden\" \/>\n<meta property=\"og:description\" content=\"Lua 20 est une sph\u00e8re lumineuse id\u00e9ale pour la maison. Fabriqu\u00e9 en verre, il illumine n&#039;importe quel espace de votre maison. Il peut \u00eatre utilis\u00e9 pour No\u00ebl ou \u00e0 tout autre moment de l&#039;ann\u00e9e. Le design du cristal et de la guirlande int\u00e9rieure offre une lumi\u00e8re fantaisiste. Ce mod\u00e8le peut \u00eatre combin\u00e9 avec le mod\u00e8le LUA 10 pour cr\u00e9er des atmosph\u00e8res uniques.\" \/>\n<meta property=\"og:url\" content=\"https:\/\/newgarden.es\/fr\/shop\/lightdeco-fr\/lampe-a-cote\/sphere-lumineuse-lua-20\/\" \/>\n<meta property=\"og:site_name\" content=\"Newgarden\" \/>\n<meta property=\"article:modified_time\" content=\"2022-01-27T11:56:53+00:00\" \/>\n<meta property=\"og:image\" content=\"https:\/\/newgarden.es\/wp-content\/uploads\/2021\/09\/LUA_1200X1200-2.jpg\" \/>\n\t<meta property=\"og:image:width\" content=\"1200\" \/>\n\t<meta property=\"og:image:height\" content=\"1200\" \/>\n\t<meta property=\"og:image:type\" content=\"image\/jpeg\" \/>\n<meta name=\"twitter:card\" content=\"summary_large_image\" \/>\n<meta name=\"twitter:label1\" content=\"Dur\u00e9e de lecture estim\u00e9e\" \/>\n\t<meta name=\"twitter:data1\" content=\"1 minute\" \/>\n<script type=\"application\/ld+json\" class=\"yoast-schema-graph\">{\"@context\":\"https:\/\/schema.org\",\"@graph\":[{\"@type\":\"WebPage\",\"@id\":\"https:\/\/newgarden.es\/fr\/shop\/lightdeco-fr\/lampe-a-cote\/sphere-lumineuse-lua-20\/\",\"url\":\"https:\/\/newgarden.es\/fr\/shop\/lightdeco-fr\/lampe-a-cote\/sphere-lumineuse-lua-20\/\",\"name\":\"LUA 20, ESFERA LUMINOSA LUA 20 Navidad - Newgarden\",\"isPartOf\":{\"@id\":\"https:\/\/newgarden.es\/#website\"},\"primaryImageOfPage\":{\"@id\":\"https:\/\/newgarden.es\/fr\/shop\/lightdeco-fr\/lampe-a-cote\/sphere-lumineuse-lua-20\/#primaryimage\"},\"image\":{\"@id\":\"https:\/\/newgarden.es\/fr\/shop\/lightdeco-fr\/lampe-a-cote\/sphere-lumineuse-lua-20\/#primaryimage\"},\"thumbnailUrl\":\"https:\/\/newgarden.es\/wp-content\/uploads\/2021\/09\/LUA_1200X1200-2.jpg\",\"datePublished\":\"2021-09-21T13:12:36+00:00\",\"dateModified\":\"2022-01-27T11:56:53+00:00\",\"description\":\"Lua 20 est une sph\u00e8re lumineuse id\u00e9ale pour la maison. Fabriqu\u00e9 en verre, il illumine n'importe quel espace de votre maison. Il peut \u00eatre utilis\u00e9 pour No\u00ebl ou \u00e0 tout autre moment de l'ann\u00e9e. Le design du cristal et de la guirlande int\u00e9rieure offre une lumi\u00e8re fantaisiste. Ce mod\u00e8le peut \u00eatre combin\u00e9 avec le mod\u00e8le LUA 10 pour cr\u00e9er des atmosph\u00e8res uniques.\",\"breadcrumb\":{\"@id\":\"https:\/\/newgarden.es\/fr\/shop\/lightdeco-fr\/lampe-a-cote\/sphere-lumineuse-lua-20\/#breadcrumb\"},\"inLanguage\":\"fr-FR\",\"potentialAction\":[{\"@type\":\"ReadAction\",\"target\":[\"https:\/\/newgarden.es\/fr\/shop\/lightdeco-fr\/lampe-a-cote\/sphere-lumineuse-lua-20\/\"]}]},{\"@type\":\"ImageObject\",\"inLanguage\":\"fr-FR\",\"@id\":\"https:\/\/newgarden.es\/fr\/shop\/lightdeco-fr\/lampe-a-cote\/sphere-lumineuse-lua-20\/#primaryimage\",\"url\":\"https:\/\/newgarden.es\/wp-content\/uploads\/2021\/09\/LUA_1200X1200-2.jpg\",\"contentUrl\":\"https:\/\/newgarden.es\/wp-content\/uploads\/2021\/09\/LUA_1200X1200-2.jpg\",\"width\":1200,\"height\":1200},{\"@type\":\"BreadcrumbList\",\"@id\":\"https:\/\/newgarden.es\/fr\/shop\/lightdeco-fr\/lampe-a-cote\/sphere-lumineuse-lua-20\/#breadcrumb\",\"itemListElement\":[{\"@type\":\"ListItem\",\"position\":1,\"name\":\"Home\",\"item\":\"https:\/\/newgarden.es\/fr\/\"},{\"@type\":\"ListItem\",\"position\":2,\"name\":\"Boutique\",\"item\":\"https:\/\/newgarden.es\/fr\/boutique\/\"},{\"@type\":\"ListItem\",\"position\":3,\"name\":\"SPH\u00c8RE LUMINEUSE LUA 20\"}]},{\"@type\":\"WebSite\",\"@id\":\"https:\/\/newgarden.es\/#website\",\"url\":\"https:\/\/newgarden.es\/\",\"name\":\"Newgarden\",\"description\":\"Be happy\",\"potentialAction\":[{\"@type\":\"SearchAction\",\"target\":{\"@type\":\"EntryPoint\",\"urlTemplate\":\"https:\/\/newgarden.es\/?s={search_term_string}\"},\"query-input\":{\"@type\":\"PropertyValueSpecification\",\"valueRequired\":true,\"valueName\":\"search_term_string\"}}],\"inLanguage\":\"fr-FR\"}]}<\/script>\n<!-- \/ Yoast SEO plugin. -->","yoast_head_json":{"title":"LUA 20, ESFERA LUMINOSA LUA 20 Navidad - Newgarden","description":"Lua 20 est une sph\u00e8re lumineuse id\u00e9ale pour la maison. Fabriqu\u00e9 en verre, il illumine n'importe quel espace de votre maison. Il peut \u00eatre utilis\u00e9 pour No\u00ebl ou \u00e0 tout autre moment de l'ann\u00e9e. Le design du cristal et de la guirlande int\u00e9rieure offre une lumi\u00e8re fantaisiste. Ce mod\u00e8le peut \u00eatre combin\u00e9 avec le mod\u00e8le LUA 10 pour cr\u00e9er des atmosph\u00e8res uniques.","robots":{"index":"index","follow":"follow","max-snippet":"max-snippet:-1","max-image-preview":"max-image-preview:large","max-video-preview":"max-video-preview:-1"},"canonical":"https:\/\/newgarden.es\/fr\/shop\/lightdeco-fr\/lampe-a-cote\/sphere-lumineuse-lua-20\/","og_locale":"fr_FR","og_type":"article","og_title":"LUA 20, ESFERA LUMINOSA LUA 20 Navidad - Newgarden","og_description":"Lua 20 est une sph\u00e8re lumineuse id\u00e9ale pour la maison. Fabriqu\u00e9 en verre, il illumine n'importe quel espace de votre maison. Il peut \u00eatre utilis\u00e9 pour No\u00ebl ou \u00e0 tout autre moment de l'ann\u00e9e. Le design du cristal et de la guirlande int\u00e9rieure offre une lumi\u00e8re fantaisiste. Ce mod\u00e8le peut \u00eatre combin\u00e9 avec le mod\u00e8le LUA 10 pour cr\u00e9er des atmosph\u00e8res uniques.","og_url":"https:\/\/newgarden.es\/fr\/shop\/lightdeco-fr\/lampe-a-cote\/sphere-lumineuse-lua-20\/","og_site_name":"Newgarden","article_modified_time":"2022-01-27T11:56:53+00:00","og_image":[{"width":1200,"height":1200,"url":"https:\/\/newgarden.es\/wp-content\/uploads\/2021\/09\/LUA_1200X1200-2.jpg","type":"image\/jpeg"}],"twitter_card":"summary_large_image","twitter_misc":{"Dur\u00e9e de lecture estim\u00e9e":"1 minute"},"schema":{"@context":"https:\/\/schema.org","@graph":[{"@type":"WebPage","@id":"https:\/\/newgarden.es\/fr\/shop\/lightdeco-fr\/lampe-a-cote\/sphere-lumineuse-lua-20\/","url":"https:\/\/newgarden.es\/fr\/shop\/lightdeco-fr\/lampe-a-cote\/sphere-lumineuse-lua-20\/","name":"LUA 20, ESFERA LUMINOSA LUA 20 Navidad - Newgarden","isPartOf":{"@id":"https:\/\/newgarden.es\/#website"},"primaryImageOfPage":{"@id":"https:\/\/newgarden.es\/fr\/shop\/lightdeco-fr\/lampe-a-cote\/sphere-lumineuse-lua-20\/#primaryimage"},"image":{"@id":"https:\/\/newgarden.es\/fr\/shop\/lightdeco-fr\/lampe-a-cote\/sphere-lumineuse-lua-20\/#primaryimage"},"thumbnailUrl":"https:\/\/newgarden.es\/wp-content\/uploads\/2021\/09\/LUA_1200X1200-2.jpg","datePublished":"2021-09-21T13:12:36+00:00","dateModified":"2022-01-27T11:56:53+00:00","description":"Lua 20 est une sph\u00e8re lumineuse id\u00e9ale pour la maison. Fabriqu\u00e9 en verre, il illumine n'importe quel espace de votre maison. Il peut \u00eatre utilis\u00e9 pour No\u00ebl ou \u00e0 tout autre moment de l'ann\u00e9e. Le design du cristal et de la guirlande int\u00e9rieure offre une lumi\u00e8re fantaisiste. Ce mod\u00e8le peut \u00eatre combin\u00e9 avec le mod\u00e8le LUA 10 pour cr\u00e9er des atmosph\u00e8res uniques.","breadcrumb":{"@id":"https:\/\/newgarden.es\/fr\/shop\/lightdeco-fr\/lampe-a-cote\/sphere-lumineuse-lua-20\/#breadcrumb"},"inLanguage":"fr-FR","potentialAction":[{"@type":"ReadAction","target":["https:\/\/newgarden.es\/fr\/shop\/lightdeco-fr\/lampe-a-cote\/sphere-lumineuse-lua-20\/"]}]},{"@type":"ImageObject","inLanguage":"fr-FR","@id":"https:\/\/newgarden.es\/fr\/shop\/lightdeco-fr\/lampe-a-cote\/sphere-lumineuse-lua-20\/#primaryimage","url":"https:\/\/newgarden.es\/wp-content\/uploads\/2021\/09\/LUA_1200X1200-2.jpg","contentUrl":"https:\/\/newgarden.es\/wp-content\/uploads\/2021\/09\/LUA_1200X1200-2.jpg","width":1200,"height":1200},{"@type":"BreadcrumbList","@id":"https:\/\/newgarden.es\/fr\/shop\/lightdeco-fr\/lampe-a-cote\/sphere-lumineuse-lua-20\/#breadcrumb","itemListElement":[{"@type":"ListItem","position":1,"name":"Home","item":"https:\/\/newgarden.es\/fr\/"},{"@type":"ListItem","position":2,"name":"Boutique","item":"https:\/\/newgarden.es\/fr\/boutique\/"},{"@type":"ListItem","position":3,"name":"SPH\u00c8RE LUMINEUSE LUA 20"}]},{"@type":"WebSite","@id":"https:\/\/newgarden.es\/#website","url":"https:\/\/newgarden.es\/","name":"Newgarden","description":"Be happy","potentialAction":[{"@type":"SearchAction","target":{"@type":"EntryPoint","urlTemplate":"https:\/\/newgarden.es\/?s={search_term_string}"},"query-input":{"@type":"PropertyValueSpecification","valueRequired":true,"valueName":"search_term_string"}}],"inLanguage":"fr-FR"}]}},"df_price":26.1,"df_sale_price":"","df_regular_price":26.1,"df_image_link":"https:\/\/newgarden.es\/wp-content\/uploads\/2021\/09\/LUA_1200X1200-2-580x400.jpg","_links":{"self":[{"href":"https:\/\/newgarden.es\/fr\/wp-json\/wp\/v2\/product\/37547"}],"collection":[{"href":"https:\/\/newgarden.es\/fr\/wp-json\/wp\/v2\/product"}],"about":[{"href":"https:\/\/newgarden.es\/fr\/wp-json\/wp\/v2\/types\/product"}],"wp:featuredmedia":[{"embeddable":true,"href":"https:\/\/newgarden.es\/fr\/wp-json\/wp\/v2\/media\/59113"}],"wp:attachment":[{"href":"https:\/\/newgarden.es\/fr\/wp-json\/wp\/v2\/media?parent=37547"}],"wp:term":[{"taxonomy":"product_cat","embeddable":true,"href":"https:\/\/newgarden.es\/fr\/wp-json\/wp\/v2\/product_cat?post=37547"},{"taxonomy":"product_tag","embeddable":true,"href":"https:\/\/newgarden.es\/fr\/wp-json\/wp\/v2\/product_tag?post=37547"}],"curies":[{"name":"wp","href":"https:\/\/api.w.org\/{rel}","templated":true}]}}