{"id":37639,"date":"2021-09-24T09:58:48","date_gmt":"2021-09-24T07:58:51","guid":{"rendered":"https:\/\/newgarden.es\/?post_type=product&#038;p=37639"},"modified":"2022-02-04T10:46:01","modified_gmt":"2022-02-04T09:46:01","slug":"luceo-3x2","status":"publish","type":"product","link":"https:\/\/newgarden.es\/fr\/shop\/lightdeco-fr\/noel\/luceo-3x2\/","title":{"rendered":"GUIRLANDE RIDEAU LUCEO 3&#215;2"},"content":{"rendered":"<section class=\"wpb-content-wrapper\"><p>[vc_row][vc_column][vc_column_text]<\/p>\n<p>GUIRLANDE RIDEAU\u00a0<strong>LUCEO 3&#215;2<\/strong><\/p>\n<p>La guirlande\u00a0<strong>Luceo 3&#215;2<\/strong> ne vous laissera pas indiff\u00e9rent. La grande guirlande mesure 300 cm de long et 200 cm de haut, ce qui en fait l&rsquo;une des plus grandes guirlandes de ce type. <strong>Luceo<\/strong>\u00a0deviendra un incontournable de votre foyer, pas seulement durant la p\u00e9riode de No\u00ebl, mais tout au long de l&rsquo;ann\u00e9e. Sans installation sp\u00e9cifique\u00a0 et s&rsquo;adaptant \u00e0 tous types d&rsquo;environnements, vous pouvez l&rsquo;utiliser aussi bien \u00e0 l&rsquo;int\u00e9rieur qu&rsquo;\u00e0 l&rsquo;ext\u00e9rieur.\u00a0<strong>IP44<\/strong>.\u00a0<span style=\"text-decoration: underline;\">400 ampoules LED int\u00e9gr\u00e9es.<\/span><\/p>\n<ul class=\"tablaTech\">\n<li>\n<div class=\"boxContents no-border\">\n<div class=\"name\"><strong>TAILLE<\/strong><\/div>\n<div class=\"data\">300 X 200 cm<\/div>\n<\/div>\n<\/li>\n<\/ul>\n<p>&nbsp;<\/p>\n<p><a href=\"https:\/\/drive.google.com\/drive\/folders\/1C45aKvLjNCDbymTdwnffCywyOR5CnOHi?usp=sharing\"><strong>Fiche technique<\/strong><\/a>[\/vc_column_text][\/vc_column][\/vc_row]<\/p>\n<\/section>","protected":false},"excerpt":{"rendered":"<h5 style=\"font-size: 12px;\"><strong>Guirlande rideau Luceo 3&#215;2<\/strong><\/h5>\n","protected":false},"featured_media":58060,"template":"","meta":[],"product_cat":[651,1575,752],"product_tag":[],"class_list":{"0":"post-37639","1":"product","2":"type-product","3":"status-publish","4":"has-post-thumbnail","6":"product_cat-lightdeco-fr","7":"product_cat-guirlandes","8":"product_cat-noel","10":"first","11":"instock","12":"taxable","13":"shipping-taxable","14":"purchasable","15":"product-type-variable"},"yoast_head":"<!-- This site is optimized with the Yoast SEO plugin v24.2 - https:\/\/yoast.com\/wordpress\/plugins\/seo\/ -->\n<title>GUIRLANDE RIDEAU LUCEO 3x2 EXT\u00c9RIEUR INT\u00c9RIEUR<\/title>\n<meta name=\"description\" content=\"GUIRLANDE RIDEAU LUCEO 3x2La guirlande Luceo 3x2 ne vous laissera pas indiff\u00e9rent. La grande guirlande mesure 300 cm de long et 200 cm de haut, ce qui en\" \/>\n<meta name=\"robots\" content=\"index, follow, max-snippet:-1, max-image-preview:large, max-video-preview:-1\" \/>\n<link rel=\"canonical\" href=\"https:\/\/newgarden.es\/fr\/shop\/lightdeco-fr\/noel\/luceo-3x2\/\" \/>\n<meta property=\"og:locale\" content=\"fr_FR\" \/>\n<meta property=\"og:type\" content=\"article\" \/>\n<meta property=\"og:title\" content=\"GUIRLANDE RIDEAU LUCEO 3x2 EXT\u00c9RIEUR INT\u00c9RIEUR\" \/>\n<meta property=\"og:description\" content=\"GUIRLANDE RIDEAU LUCEO 3x2La guirlande Luceo 3x2 ne vous laissera pas indiff\u00e9rent. La grande guirlande mesure 300 cm de long et 200 cm de haut, ce qui en\" \/>\n<meta property=\"og:url\" content=\"https:\/\/newgarden.es\/fr\/shop\/lightdeco-fr\/noel\/luceo-3x2\/\" \/>\n<meta property=\"og:site_name\" content=\"Newgarden\" \/>\n<meta property=\"article:modified_time\" content=\"2022-02-04T09:46:01+00:00\" \/>\n<meta property=\"og:image\" content=\"https:\/\/newgarden.es\/wp-content\/uploads\/2021\/09\/LUCEO_1200X1200-2.jpg\" \/>\n\t<meta property=\"og:image:width\" content=\"1200\" \/>\n\t<meta property=\"og:image:height\" content=\"1200\" \/>\n\t<meta property=\"og:image:type\" content=\"image\/jpeg\" \/>\n<meta name=\"twitter:card\" content=\"summary_large_image\" \/>\n<meta name=\"twitter:label1\" content=\"Dur\u00e9e de lecture estim\u00e9e\" \/>\n\t<meta name=\"twitter:data1\" content=\"1 minute\" \/>\n<script type=\"application\/ld+json\" class=\"yoast-schema-graph\">{\"@context\":\"https:\/\/schema.org\",\"@graph\":[{\"@type\":\"WebPage\",\"@id\":\"https:\/\/newgarden.es\/fr\/shop\/lightdeco-fr\/noel\/luceo-3x2\/\",\"url\":\"https:\/\/newgarden.es\/fr\/shop\/lightdeco-fr\/noel\/luceo-3x2\/\",\"name\":\"GUIRLANDE RIDEAU LUCEO 3x2 EXT\u00c9RIEUR INT\u00c9RIEUR\",\"isPartOf\":{\"@id\":\"https:\/\/newgarden.es\/#website\"},\"primaryImageOfPage\":{\"@id\":\"https:\/\/newgarden.es\/fr\/shop\/lightdeco-fr\/noel\/luceo-3x2\/#primaryimage\"},\"image\":{\"@id\":\"https:\/\/newgarden.es\/fr\/shop\/lightdeco-fr\/noel\/luceo-3x2\/#primaryimage\"},\"thumbnailUrl\":\"https:\/\/newgarden.es\/wp-content\/uploads\/2021\/09\/LUCEO_1200X1200-2.jpg\",\"datePublished\":\"2021-09-24T07:58:51+00:00\",\"dateModified\":\"2022-02-04T09:46:01+00:00\",\"description\":\"GUIRLANDE RIDEAU LUCEO 3x2La guirlande Luceo 3x2 ne vous laissera pas indiff\u00e9rent. La grande guirlande mesure 300 cm de long et 200 cm de haut, ce qui en\",\"breadcrumb\":{\"@id\":\"https:\/\/newgarden.es\/fr\/shop\/lightdeco-fr\/noel\/luceo-3x2\/#breadcrumb\"},\"inLanguage\":\"fr-FR\",\"potentialAction\":[{\"@type\":\"ReadAction\",\"target\":[\"https:\/\/newgarden.es\/fr\/shop\/lightdeco-fr\/noel\/luceo-3x2\/\"]}]},{\"@type\":\"ImageObject\",\"inLanguage\":\"fr-FR\",\"@id\":\"https:\/\/newgarden.es\/fr\/shop\/lightdeco-fr\/noel\/luceo-3x2\/#primaryimage\",\"url\":\"https:\/\/newgarden.es\/wp-content\/uploads\/2021\/09\/LUCEO_1200X1200-2.jpg\",\"contentUrl\":\"https:\/\/newgarden.es\/wp-content\/uploads\/2021\/09\/LUCEO_1200X1200-2.jpg\",\"width\":1200,\"height\":1200},{\"@type\":\"BreadcrumbList\",\"@id\":\"https:\/\/newgarden.es\/fr\/shop\/lightdeco-fr\/noel\/luceo-3x2\/#breadcrumb\",\"itemListElement\":[{\"@type\":\"ListItem\",\"position\":1,\"name\":\"Home\",\"item\":\"https:\/\/newgarden.es\/fr\/\"},{\"@type\":\"ListItem\",\"position\":2,\"name\":\"Boutique\",\"item\":\"https:\/\/newgarden.es\/fr\/boutique\/\"},{\"@type\":\"ListItem\",\"position\":3,\"name\":\"GUIRLANDE RIDEAU LUCEO 3&#215;2\"}]},{\"@type\":\"WebSite\",\"@id\":\"https:\/\/newgarden.es\/#website\",\"url\":\"https:\/\/newgarden.es\/\",\"name\":\"Newgarden\",\"description\":\"Be happy\",\"potentialAction\":[{\"@type\":\"SearchAction\",\"target\":{\"@type\":\"EntryPoint\",\"urlTemplate\":\"https:\/\/newgarden.es\/?s={search_term_string}\"},\"query-input\":{\"@type\":\"PropertyValueSpecification\",\"valueRequired\":true,\"valueName\":\"search_term_string\"}}],\"inLanguage\":\"fr-FR\"}]}<\/script>\n<!-- \/ Yoast SEO plugin. -->","yoast_head_json":{"title":"GUIRLANDE RIDEAU LUCEO 3x2 EXT\u00c9RIEUR INT\u00c9RIEUR","description":"GUIRLANDE RIDEAU LUCEO 3x2La guirlande Luceo 3x2 ne vous laissera pas indiff\u00e9rent. La grande guirlande mesure 300 cm de long et 200 cm de haut, ce qui en","robots":{"index":"index","follow":"follow","max-snippet":"max-snippet:-1","max-image-preview":"max-image-preview:large","max-video-preview":"max-video-preview:-1"},"canonical":"https:\/\/newgarden.es\/fr\/shop\/lightdeco-fr\/noel\/luceo-3x2\/","og_locale":"fr_FR","og_type":"article","og_title":"GUIRLANDE RIDEAU LUCEO 3x2 EXT\u00c9RIEUR INT\u00c9RIEUR","og_description":"GUIRLANDE RIDEAU LUCEO 3x2La guirlande Luceo 3x2 ne vous laissera pas indiff\u00e9rent. La grande guirlande mesure 300 cm de long et 200 cm de haut, ce qui en","og_url":"https:\/\/newgarden.es\/fr\/shop\/lightdeco-fr\/noel\/luceo-3x2\/","og_site_name":"Newgarden","article_modified_time":"2022-02-04T09:46:01+00:00","og_image":[{"width":1200,"height":1200,"url":"https:\/\/newgarden.es\/wp-content\/uploads\/2021\/09\/LUCEO_1200X1200-2.jpg","type":"image\/jpeg"}],"twitter_card":"summary_large_image","twitter_misc":{"Dur\u00e9e de lecture estim\u00e9e":"1 minute"},"schema":{"@context":"https:\/\/schema.org","@graph":[{"@type":"WebPage","@id":"https:\/\/newgarden.es\/fr\/shop\/lightdeco-fr\/noel\/luceo-3x2\/","url":"https:\/\/newgarden.es\/fr\/shop\/lightdeco-fr\/noel\/luceo-3x2\/","name":"GUIRLANDE RIDEAU LUCEO 3x2 EXT\u00c9RIEUR INT\u00c9RIEUR","isPartOf":{"@id":"https:\/\/newgarden.es\/#website"},"primaryImageOfPage":{"@id":"https:\/\/newgarden.es\/fr\/shop\/lightdeco-fr\/noel\/luceo-3x2\/#primaryimage"},"image":{"@id":"https:\/\/newgarden.es\/fr\/shop\/lightdeco-fr\/noel\/luceo-3x2\/#primaryimage"},"thumbnailUrl":"https:\/\/newgarden.es\/wp-content\/uploads\/2021\/09\/LUCEO_1200X1200-2.jpg","datePublished":"2021-09-24T07:58:51+00:00","dateModified":"2022-02-04T09:46:01+00:00","description":"GUIRLANDE RIDEAU LUCEO 3x2La guirlande Luceo 3x2 ne vous laissera pas indiff\u00e9rent. La grande guirlande mesure 300 cm de long et 200 cm de haut, ce qui en","breadcrumb":{"@id":"https:\/\/newgarden.es\/fr\/shop\/lightdeco-fr\/noel\/luceo-3x2\/#breadcrumb"},"inLanguage":"fr-FR","potentialAction":[{"@type":"ReadAction","target":["https:\/\/newgarden.es\/fr\/shop\/lightdeco-fr\/noel\/luceo-3x2\/"]}]},{"@type":"ImageObject","inLanguage":"fr-FR","@id":"https:\/\/newgarden.es\/fr\/shop\/lightdeco-fr\/noel\/luceo-3x2\/#primaryimage","url":"https:\/\/newgarden.es\/wp-content\/uploads\/2021\/09\/LUCEO_1200X1200-2.jpg","contentUrl":"https:\/\/newgarden.es\/wp-content\/uploads\/2021\/09\/LUCEO_1200X1200-2.jpg","width":1200,"height":1200},{"@type":"BreadcrumbList","@id":"https:\/\/newgarden.es\/fr\/shop\/lightdeco-fr\/noel\/luceo-3x2\/#breadcrumb","itemListElement":[{"@type":"ListItem","position":1,"name":"Home","item":"https:\/\/newgarden.es\/fr\/"},{"@type":"ListItem","position":2,"name":"Boutique","item":"https:\/\/newgarden.es\/fr\/boutique\/"},{"@type":"ListItem","position":3,"name":"GUIRLANDE RIDEAU LUCEO 3&#215;2"}]},{"@type":"WebSite","@id":"https:\/\/newgarden.es\/#website","url":"https:\/\/newgarden.es\/","name":"Newgarden","description":"Be happy","potentialAction":[{"@type":"SearchAction","target":{"@type":"EntryPoint","urlTemplate":"https:\/\/newgarden.es\/?s={search_term_string}"},"query-input":{"@type":"PropertyValueSpecification","valueRequired":true,"valueName":"search_term_string"}}],"inLanguage":"fr-FR"}]}},"df_price":41.7,"df_sale_price":"","df_regular_price":41.7,"df_image_link":"https:\/\/newgarden.es\/wp-content\/uploads\/2021\/09\/LUCEO_1200X1200-2-580x400.jpg","_links":{"self":[{"href":"https:\/\/newgarden.es\/fr\/wp-json\/wp\/v2\/product\/37639"}],"collection":[{"href":"https:\/\/newgarden.es\/fr\/wp-json\/wp\/v2\/product"}],"about":[{"href":"https:\/\/newgarden.es\/fr\/wp-json\/wp\/v2\/types\/product"}],"wp:featuredmedia":[{"embeddable":true,"href":"https:\/\/newgarden.es\/fr\/wp-json\/wp\/v2\/media\/58060"}],"wp:attachment":[{"href":"https:\/\/newgarden.es\/fr\/wp-json\/wp\/v2\/media?parent=37639"}],"wp:term":[{"taxonomy":"product_cat","embeddable":true,"href":"https:\/\/newgarden.es\/fr\/wp-json\/wp\/v2\/product_cat?post=37639"},{"taxonomy":"product_tag","embeddable":true,"href":"https:\/\/newgarden.es\/fr\/wp-json\/wp\/v2\/product_tag?post=37639"}],"curies":[{"name":"wp","href":"https:\/\/api.w.org\/{rel}","templated":true}]}}