{"id":37707,"date":"2021-09-24T14:07:05","date_gmt":"2021-09-24T12:07:08","guid":{"rendered":"https:\/\/newgarden.es\/?post_type=product&#038;p=37707"},"modified":"2022-01-24T10:29:08","modified_gmt":"2022-01-24T09:29:08","slug":"sisine-lampe-suspendue-utilisation-interieure","status":"publish","type":"product","link":"https:\/\/newgarden.es\/fr\/shop\/lightdeco-fr\/interieur\/sisine-lampe-suspendue-utilisation-interieure\/","title":{"rendered":"LAMPE SUSPENSION SISINE HANG | USAGE INT\u00c9RIEUR"},"content":{"rendered":"<section class=\"wpb-content-wrapper\"><p>[vc_row][vc_column][vc_column_text]<\/p>\n<p>LAMPE SUSPENSION <strong>SISINE HANG<\/strong> | USAGE INT\u00c9RIEUR<\/p>\n<p>La lampe\u00a0suspension\u00a0<strong>Sisine<\/strong>\u00a0se distingue par son design m\u00e9diterran\u00e9en inspirant. L&rsquo;abat-jour est fabriqu\u00e9 \u00e0 la main \u00e0 partir de fibres naturelles et est livr\u00e9 avec un c\u00e2ble noir de 150 cm pour que vous puissiez r\u00e9gler sa hauteur \u00e0 votre guise. Installation requise.<\/p>\n<p><span style=\"color: #808080;\"><strong>AMPOULE E27 NON INCLUS.<\/strong><\/span><\/p>\n<ul class=\"tablaTech\">\n<li>\n<div class=\"boxContents no-border\">\n<div class=\"name\"><strong>TAILLE<\/strong><\/div>\n<div class=\"data\">\u00f840x 30,5 cm<\/div>\n<\/div>\n<\/li>\n<\/ul>\n<p>&nbsp;<\/p>\n<p>[\/vc_column_text][\/vc_column][\/vc_row][vc_row][vc_column width=\u00a0\u00bb1\/2&Prime;][vc_btn title=\u00a0\u00bbFiche technique\u00a0\u00bb style=\u00a0\u00bbcustom\u00a0\u00bb custom_background=\u00a0\u00bb#009bc2&Prime; custom_text=\u00a0\u00bb#ffffff\u00a0\u00bb link=\u00a0\u00bburl:https%3A%2F%2Fdrive.google.com%2Fdrive%2Ffolders%2F1ZBuIgJ9rA_MNi7XisBM3bv8nMdkQ5RGA%3Fusp%3Dsharing|target:%20_blank|\u00a0\u00bb el_class=\u00a0\u00bbbtn_descargar_ficha\u00a0\u00bb][\/vc_column][vc_column width=\u00a0\u00bb1\/2&Prime;][vc_btn title=\u00a0\u00bbManuel d&rsquo;instrutions\u00a0\u00bb style=\u00a0\u00bbcustom\u00a0\u00bb custom_background=\u00a0\u00bb#009bc2&Prime; custom_text=\u00a0\u00bb#ffffff\u00a0\u00bb link=\u00a0\u00bburl:https%3A%2F%2Fdrive.google.com%2Fdrive%2Ffolders%2F1DGsYdi7LIU90PN-yXt_ZXWSFnZGfDZuc|target:%20_blank|\u00a0\u00bb el_class=\u00a0\u00bbbtn_descargar_ficha\u00a0\u00bb][\/vc_column][\/vc_row]<\/p>\n<\/section>","protected":false},"excerpt":{"rendered":"<h5>Lampe suspension Sisine Hang | Usage int\u00e9rieur<\/h5>\n","protected":false},"featured_media":59043,"template":"","meta":[],"product_cat":[651,1571,1223],"product_tag":[647],"class_list":{"0":"post-37707","1":"product","2":"type-product","3":"status-publish","4":"has-post-thumbnail","6":"product_cat-lightdeco-fr","7":"product_cat-plafonniers-a-fil","8":"product_cat-interieur","9":"product_tag-cable-fr","11":"first","12":"instock","13":"taxable","14":"shipping-taxable","15":"purchasable","16":"product-type-variable"},"yoast_head":"<!-- This site is optimized with the Yoast SEO plugin v24.2 - https:\/\/yoast.com\/wordpress\/plugins\/seo\/ -->\n<title>SISINE LAMPE SUSPENDUE | UTILISATION INT\u00c9RIEURE<\/title>\n<meta name=\"description\" content=\"La lampe suspension Sisine se distingue par son design m\u00e9diterran\u00e9en inspirant. L&#039;abat-jour est fabriqu\u00e9 \u00e0 la main \u00e0 partir de fibres naturelles et est li\" \/>\n<meta name=\"robots\" content=\"index, follow, max-snippet:-1, max-image-preview:large, max-video-preview:-1\" \/>\n<link rel=\"canonical\" href=\"https:\/\/newgarden.es\/fr\/shop\/lightdeco-fr\/interieur\/sisine-lampe-suspendue-utilisation-interieure\/\" \/>\n<meta property=\"og:locale\" content=\"fr_FR\" \/>\n<meta property=\"og:type\" content=\"article\" \/>\n<meta property=\"og:title\" content=\"SISINE LAMPE SUSPENDUE | UTILISATION INT\u00c9RIEURE\" \/>\n<meta property=\"og:description\" content=\"La lampe suspension Sisine se distingue par son design m\u00e9diterran\u00e9en inspirant. L&#039;abat-jour est fabriqu\u00e9 \u00e0 la main \u00e0 partir de fibres naturelles et est li\" \/>\n<meta property=\"og:url\" content=\"https:\/\/newgarden.es\/fr\/shop\/lightdeco-fr\/interieur\/sisine-lampe-suspendue-utilisation-interieure\/\" \/>\n<meta property=\"og:site_name\" content=\"Newgarden\" \/>\n<meta property=\"article:modified_time\" content=\"2022-01-24T09:29:08+00:00\" \/>\n<meta property=\"og:image\" content=\"https:\/\/newgarden.es\/wp-content\/uploads\/2021\/09\/SISINE_HANG_CABLE_1200X1200-5.jpg\" \/>\n\t<meta property=\"og:image:width\" content=\"1200\" \/>\n\t<meta property=\"og:image:height\" content=\"1200\" \/>\n\t<meta property=\"og:image:type\" content=\"image\/jpeg\" \/>\n<meta name=\"twitter:card\" content=\"summary_large_image\" \/>\n<meta name=\"twitter:label1\" content=\"Dur\u00e9e de lecture estim\u00e9e\" \/>\n\t<meta name=\"twitter:data1\" content=\"1 minute\" \/>\n<script type=\"application\/ld+json\" class=\"yoast-schema-graph\">{\"@context\":\"https:\/\/schema.org\",\"@graph\":[{\"@type\":\"WebPage\",\"@id\":\"https:\/\/newgarden.es\/fr\/shop\/lightdeco-fr\/interieur\/sisine-lampe-suspendue-utilisation-interieure\/\",\"url\":\"https:\/\/newgarden.es\/fr\/shop\/lightdeco-fr\/interieur\/sisine-lampe-suspendue-utilisation-interieure\/\",\"name\":\"SISINE LAMPE SUSPENDUE | UTILISATION INT\u00c9RIEURE\",\"isPartOf\":{\"@id\":\"https:\/\/newgarden.es\/#website\"},\"primaryImageOfPage\":{\"@id\":\"https:\/\/newgarden.es\/fr\/shop\/lightdeco-fr\/interieur\/sisine-lampe-suspendue-utilisation-interieure\/#primaryimage\"},\"image\":{\"@id\":\"https:\/\/newgarden.es\/fr\/shop\/lightdeco-fr\/interieur\/sisine-lampe-suspendue-utilisation-interieure\/#primaryimage\"},\"thumbnailUrl\":\"https:\/\/newgarden.es\/wp-content\/uploads\/2021\/09\/SISINE_HANG_CABLE_1200X1200-5.jpg\",\"datePublished\":\"2021-09-24T12:07:08+00:00\",\"dateModified\":\"2022-01-24T09:29:08+00:00\",\"description\":\"La lampe suspension Sisine se distingue par son design m\u00e9diterran\u00e9en inspirant. L'abat-jour est fabriqu\u00e9 \u00e0 la main \u00e0 partir de fibres naturelles et est li\",\"breadcrumb\":{\"@id\":\"https:\/\/newgarden.es\/fr\/shop\/lightdeco-fr\/interieur\/sisine-lampe-suspendue-utilisation-interieure\/#breadcrumb\"},\"inLanguage\":\"fr-FR\",\"potentialAction\":[{\"@type\":\"ReadAction\",\"target\":[\"https:\/\/newgarden.es\/fr\/shop\/lightdeco-fr\/interieur\/sisine-lampe-suspendue-utilisation-interieure\/\"]}]},{\"@type\":\"ImageObject\",\"inLanguage\":\"fr-FR\",\"@id\":\"https:\/\/newgarden.es\/fr\/shop\/lightdeco-fr\/interieur\/sisine-lampe-suspendue-utilisation-interieure\/#primaryimage\",\"url\":\"https:\/\/newgarden.es\/wp-content\/uploads\/2021\/09\/SISINE_HANG_CABLE_1200X1200-5.jpg\",\"contentUrl\":\"https:\/\/newgarden.es\/wp-content\/uploads\/2021\/09\/SISINE_HANG_CABLE_1200X1200-5.jpg\",\"width\":1200,\"height\":1200},{\"@type\":\"BreadcrumbList\",\"@id\":\"https:\/\/newgarden.es\/fr\/shop\/lightdeco-fr\/interieur\/sisine-lampe-suspendue-utilisation-interieure\/#breadcrumb\",\"itemListElement\":[{\"@type\":\"ListItem\",\"position\":1,\"name\":\"Home\",\"item\":\"https:\/\/newgarden.es\/fr\/\"},{\"@type\":\"ListItem\",\"position\":2,\"name\":\"Boutique\",\"item\":\"https:\/\/newgarden.es\/fr\/boutique\/\"},{\"@type\":\"ListItem\",\"position\":3,\"name\":\"LAMPE SUSPENSION SISINE HANG | USAGE INT\u00c9RIEUR\"}]},{\"@type\":\"WebSite\",\"@id\":\"https:\/\/newgarden.es\/#website\",\"url\":\"https:\/\/newgarden.es\/\",\"name\":\"Newgarden\",\"description\":\"Be happy\",\"potentialAction\":[{\"@type\":\"SearchAction\",\"target\":{\"@type\":\"EntryPoint\",\"urlTemplate\":\"https:\/\/newgarden.es\/?s={search_term_string}\"},\"query-input\":{\"@type\":\"PropertyValueSpecification\",\"valueRequired\":true,\"valueName\":\"search_term_string\"}}],\"inLanguage\":\"fr-FR\"}]}<\/script>\n<!-- \/ Yoast SEO plugin. -->","yoast_head_json":{"title":"SISINE LAMPE SUSPENDUE | UTILISATION INT\u00c9RIEURE","description":"La lampe suspension Sisine se distingue par son design m\u00e9diterran\u00e9en inspirant. L'abat-jour est fabriqu\u00e9 \u00e0 la main \u00e0 partir de fibres naturelles et est li","robots":{"index":"index","follow":"follow","max-snippet":"max-snippet:-1","max-image-preview":"max-image-preview:large","max-video-preview":"max-video-preview:-1"},"canonical":"https:\/\/newgarden.es\/fr\/shop\/lightdeco-fr\/interieur\/sisine-lampe-suspendue-utilisation-interieure\/","og_locale":"fr_FR","og_type":"article","og_title":"SISINE LAMPE SUSPENDUE | UTILISATION INT\u00c9RIEURE","og_description":"La lampe suspension Sisine se distingue par son design m\u00e9diterran\u00e9en inspirant. L'abat-jour est fabriqu\u00e9 \u00e0 la main \u00e0 partir de fibres naturelles et est li","og_url":"https:\/\/newgarden.es\/fr\/shop\/lightdeco-fr\/interieur\/sisine-lampe-suspendue-utilisation-interieure\/","og_site_name":"Newgarden","article_modified_time":"2022-01-24T09:29:08+00:00","og_image":[{"width":1200,"height":1200,"url":"https:\/\/newgarden.es\/wp-content\/uploads\/2021\/09\/SISINE_HANG_CABLE_1200X1200-5.jpg","type":"image\/jpeg"}],"twitter_card":"summary_large_image","twitter_misc":{"Dur\u00e9e de lecture estim\u00e9e":"1 minute"},"schema":{"@context":"https:\/\/schema.org","@graph":[{"@type":"WebPage","@id":"https:\/\/newgarden.es\/fr\/shop\/lightdeco-fr\/interieur\/sisine-lampe-suspendue-utilisation-interieure\/","url":"https:\/\/newgarden.es\/fr\/shop\/lightdeco-fr\/interieur\/sisine-lampe-suspendue-utilisation-interieure\/","name":"SISINE LAMPE SUSPENDUE | UTILISATION INT\u00c9RIEURE","isPartOf":{"@id":"https:\/\/newgarden.es\/#website"},"primaryImageOfPage":{"@id":"https:\/\/newgarden.es\/fr\/shop\/lightdeco-fr\/interieur\/sisine-lampe-suspendue-utilisation-interieure\/#primaryimage"},"image":{"@id":"https:\/\/newgarden.es\/fr\/shop\/lightdeco-fr\/interieur\/sisine-lampe-suspendue-utilisation-interieure\/#primaryimage"},"thumbnailUrl":"https:\/\/newgarden.es\/wp-content\/uploads\/2021\/09\/SISINE_HANG_CABLE_1200X1200-5.jpg","datePublished":"2021-09-24T12:07:08+00:00","dateModified":"2022-01-24T09:29:08+00:00","description":"La lampe suspension Sisine se distingue par son design m\u00e9diterran\u00e9en inspirant. L'abat-jour est fabriqu\u00e9 \u00e0 la main \u00e0 partir de fibres naturelles et est li","breadcrumb":{"@id":"https:\/\/newgarden.es\/fr\/shop\/lightdeco-fr\/interieur\/sisine-lampe-suspendue-utilisation-interieure\/#breadcrumb"},"inLanguage":"fr-FR","potentialAction":[{"@type":"ReadAction","target":["https:\/\/newgarden.es\/fr\/shop\/lightdeco-fr\/interieur\/sisine-lampe-suspendue-utilisation-interieure\/"]}]},{"@type":"ImageObject","inLanguage":"fr-FR","@id":"https:\/\/newgarden.es\/fr\/shop\/lightdeco-fr\/interieur\/sisine-lampe-suspendue-utilisation-interieure\/#primaryimage","url":"https:\/\/newgarden.es\/wp-content\/uploads\/2021\/09\/SISINE_HANG_CABLE_1200X1200-5.jpg","contentUrl":"https:\/\/newgarden.es\/wp-content\/uploads\/2021\/09\/SISINE_HANG_CABLE_1200X1200-5.jpg","width":1200,"height":1200},{"@type":"BreadcrumbList","@id":"https:\/\/newgarden.es\/fr\/shop\/lightdeco-fr\/interieur\/sisine-lampe-suspendue-utilisation-interieure\/#breadcrumb","itemListElement":[{"@type":"ListItem","position":1,"name":"Home","item":"https:\/\/newgarden.es\/fr\/"},{"@type":"ListItem","position":2,"name":"Boutique","item":"https:\/\/newgarden.es\/fr\/boutique\/"},{"@type":"ListItem","position":3,"name":"LAMPE SUSPENSION SISINE HANG | USAGE INT\u00c9RIEUR"}]},{"@type":"WebSite","@id":"https:\/\/newgarden.es\/#website","url":"https:\/\/newgarden.es\/","name":"Newgarden","description":"Be happy","potentialAction":[{"@type":"SearchAction","target":{"@type":"EntryPoint","urlTemplate":"https:\/\/newgarden.es\/?s={search_term_string}"},"query-input":{"@type":"PropertyValueSpecification","valueRequired":true,"valueName":"search_term_string"}}],"inLanguage":"fr-FR"}]}},"df_price":69.9,"df_sale_price":"","df_regular_price":69.9,"df_image_link":"https:\/\/newgarden.es\/wp-content\/uploads\/2021\/09\/SISINE_HANG_CABLE_1200X1200-5-580x400.jpg","_links":{"self":[{"href":"https:\/\/newgarden.es\/fr\/wp-json\/wp\/v2\/product\/37707"}],"collection":[{"href":"https:\/\/newgarden.es\/fr\/wp-json\/wp\/v2\/product"}],"about":[{"href":"https:\/\/newgarden.es\/fr\/wp-json\/wp\/v2\/types\/product"}],"wp:featuredmedia":[{"embeddable":true,"href":"https:\/\/newgarden.es\/fr\/wp-json\/wp\/v2\/media\/59043"}],"wp:attachment":[{"href":"https:\/\/newgarden.es\/fr\/wp-json\/wp\/v2\/media?parent=37707"}],"wp:term":[{"taxonomy":"product_cat","embeddable":true,"href":"https:\/\/newgarden.es\/fr\/wp-json\/wp\/v2\/product_cat?post=37707"},{"taxonomy":"product_tag","embeddable":true,"href":"https:\/\/newgarden.es\/fr\/wp-json\/wp\/v2\/product_tag?post=37707"}],"curies":[{"name":"wp","href":"https:\/\/api.w.org\/{rel}","templated":true}]}}