{"id":37782,"date":"2021-09-27T11:33:04","date_gmt":"2021-09-27T09:33:07","guid":{"rendered":"https:\/\/newgarden.es\/?post_type=product&#038;p=37782"},"modified":"2023-01-13T09:52:43","modified_gmt":"2023-01-13T08:52:43","slug":"sususpension-amalfi-50-usage-interieur","status":"publish","type":"product","link":"https:\/\/newgarden.es\/fr\/shop\/lightdeco-fr\/interieur\/sususpension-amalfi-50-usage-interieur\/","title":{"rendered":"SUSPENSION AMALFI 50 | USAGE INT\u00c9RIEUR"},"content":{"rendered":"<section class=\"wpb-content-wrapper\"><p>[vc_row][vc_column][vc_column_text]<\/p>\n<p>[\/vc_column_text][\/vc_column][\/vc_row][vc_row][vc_column el_class=\u00a0\u00bbdescripcion_producto\u00a0\u00bb][vc_column_text]<\/p>\n<p>LAMPE SUSPENSION AMALFI 50 | USAGE INT\u00c9RIEUR<\/p>\n<p>La lampe suspension\u00a0<strong>Amalfi<\/strong>\u00a0se distingue par son design m\u00e9diterran\u00e9en inspirant. L&rsquo;abat-jour est fabriqu\u00e9 \u00e0 la main \u00e0 partir de fibres naturelles et est livr\u00e9 avec un c\u00e2ble noir de 150 cm pour que vous puissiez r\u00e9gler la hauteur \u00e0 votre convenance. Installation requise.<\/p>\n<p><strong>AMPOULE E27 NON INCLUS.<\/strong><\/p>\n<ul class=\"tablaTech\">\n<li>\n<div class=\"boxContents no-border\">\n<div class=\"name\"><strong>TAILLE<\/strong><\/div>\n<div class=\"data\">\u00f849 x 28 cm<\/div>\n<\/div>\n<\/li>\n<\/ul>\n<p>[\/vc_column_text][\/vc_column][\/vc_row][vc_row disable_element=\u00a0\u00bbyes\u00a0\u00bb][vc_column][vc_single_image image=\u00a0\u00bb6566&Prime; img_size=\u00a0\u00bbfull\u00a0\u00bb][\/vc_column][\/vc_row]<\/p>\n<\/section>","protected":false},"excerpt":{"rendered":"<h5><strong>Suspension Amalfi 50 | Usage int\u00e9rieur<\/strong><\/h5>\n","protected":false},"featured_media":58992,"template":"","meta":[],"product_cat":[1571,1223],"product_tag":[647],"class_list":{"0":"post-37782","1":"product","2":"type-product","3":"status-publish","4":"has-post-thumbnail","6":"product_cat-plafonniers-a-fil","7":"product_cat-interieur","8":"product_tag-cable-fr","10":"first","11":"instock","12":"taxable","13":"shipping-taxable","14":"purchasable","15":"product-type-variable"},"yoast_head":"<!-- This site is optimized with the Yoast SEO plugin v24.2 - https:\/\/yoast.com\/wordpress\/plugins\/seo\/ -->\n<title>LAMPE SUSPENSION AMALFI 50 | USAGE INT\u00c9RIEUR<\/title>\n<meta name=\"description\" content=\"La lampe suspension Amalfi se distingue par son design m\u00e9diterran\u00e9en inspirant. L&#039;abat-jour est fabriqu\u00e9 \u00e0 la main \u00e0 partir de fibres naturelles et est\" \/>\n<meta name=\"robots\" content=\"index, follow, max-snippet:-1, max-image-preview:large, max-video-preview:-1\" \/>\n<link rel=\"canonical\" href=\"https:\/\/newgarden.es\/fr\/shop\/lightdeco-fr\/interieur\/sususpension-amalfi-50-usage-interieur\/\" \/>\n<meta property=\"og:locale\" content=\"fr_FR\" \/>\n<meta property=\"og:type\" content=\"article\" \/>\n<meta property=\"og:title\" content=\"LAMPE SUSPENSION AMALFI 50 | USAGE INT\u00c9RIEUR\" \/>\n<meta property=\"og:description\" content=\"La lampe suspension Amalfi se distingue par son design m\u00e9diterran\u00e9en inspirant. L&#039;abat-jour est fabriqu\u00e9 \u00e0 la main \u00e0 partir de fibres naturelles et est\" \/>\n<meta property=\"og:url\" content=\"https:\/\/newgarden.es\/fr\/shop\/lightdeco-fr\/interieur\/sususpension-amalfi-50-usage-interieur\/\" \/>\n<meta property=\"og:site_name\" content=\"Newgarden\" \/>\n<meta property=\"article:modified_time\" content=\"2023-01-13T08:52:43+00:00\" \/>\n<meta property=\"og:image\" content=\"https:\/\/newgarden.es\/wp-content\/uploads\/2021\/09\/AMALFI_INTERIOR_50_1200X1200-1.jpg\" \/>\n\t<meta property=\"og:image:width\" content=\"1200\" \/>\n\t<meta property=\"og:image:height\" content=\"1200\" \/>\n\t<meta property=\"og:image:type\" content=\"image\/jpeg\" \/>\n<meta name=\"twitter:card\" content=\"summary_large_image\" \/>\n<meta name=\"twitter:label1\" content=\"Dur\u00e9e de lecture estim\u00e9e\" \/>\n\t<meta name=\"twitter:data1\" content=\"1 minute\" \/>\n<script type=\"application\/ld+json\" class=\"yoast-schema-graph\">{\"@context\":\"https:\/\/schema.org\",\"@graph\":[{\"@type\":\"WebPage\",\"@id\":\"https:\/\/newgarden.es\/fr\/shop\/lightdeco-fr\/interieur\/sususpension-amalfi-50-usage-interieur\/\",\"url\":\"https:\/\/newgarden.es\/fr\/shop\/lightdeco-fr\/interieur\/sususpension-amalfi-50-usage-interieur\/\",\"name\":\"LAMPE SUSPENSION AMALFI 50 | USAGE INT\u00c9RIEUR\",\"isPartOf\":{\"@id\":\"https:\/\/newgarden.es\/#website\"},\"primaryImageOfPage\":{\"@id\":\"https:\/\/newgarden.es\/fr\/shop\/lightdeco-fr\/interieur\/sususpension-amalfi-50-usage-interieur\/#primaryimage\"},\"image\":{\"@id\":\"https:\/\/newgarden.es\/fr\/shop\/lightdeco-fr\/interieur\/sususpension-amalfi-50-usage-interieur\/#primaryimage\"},\"thumbnailUrl\":\"https:\/\/newgarden.es\/wp-content\/uploads\/2021\/09\/AMALFI_INTERIOR_50_1200X1200-1.jpg\",\"datePublished\":\"2021-09-27T09:33:07+00:00\",\"dateModified\":\"2023-01-13T08:52:43+00:00\",\"description\":\"La lampe suspension Amalfi se distingue par son design m\u00e9diterran\u00e9en inspirant. L'abat-jour est fabriqu\u00e9 \u00e0 la main \u00e0 partir de fibres naturelles et est\",\"breadcrumb\":{\"@id\":\"https:\/\/newgarden.es\/fr\/shop\/lightdeco-fr\/interieur\/sususpension-amalfi-50-usage-interieur\/#breadcrumb\"},\"inLanguage\":\"fr-FR\",\"potentialAction\":[{\"@type\":\"ReadAction\",\"target\":[\"https:\/\/newgarden.es\/fr\/shop\/lightdeco-fr\/interieur\/sususpension-amalfi-50-usage-interieur\/\"]}]},{\"@type\":\"ImageObject\",\"inLanguage\":\"fr-FR\",\"@id\":\"https:\/\/newgarden.es\/fr\/shop\/lightdeco-fr\/interieur\/sususpension-amalfi-50-usage-interieur\/#primaryimage\",\"url\":\"https:\/\/newgarden.es\/wp-content\/uploads\/2021\/09\/AMALFI_INTERIOR_50_1200X1200-1.jpg\",\"contentUrl\":\"https:\/\/newgarden.es\/wp-content\/uploads\/2021\/09\/AMALFI_INTERIOR_50_1200X1200-1.jpg\",\"width\":1200,\"height\":1200},{\"@type\":\"BreadcrumbList\",\"@id\":\"https:\/\/newgarden.es\/fr\/shop\/lightdeco-fr\/interieur\/sususpension-amalfi-50-usage-interieur\/#breadcrumb\",\"itemListElement\":[{\"@type\":\"ListItem\",\"position\":1,\"name\":\"Home\",\"item\":\"https:\/\/newgarden.es\/fr\/\"},{\"@type\":\"ListItem\",\"position\":2,\"name\":\"Boutique\",\"item\":\"https:\/\/newgarden.es\/fr\/boutique\/\"},{\"@type\":\"ListItem\",\"position\":3,\"name\":\"SUSPENSION AMALFI 50 | USAGE INT\u00c9RIEUR\"}]},{\"@type\":\"WebSite\",\"@id\":\"https:\/\/newgarden.es\/#website\",\"url\":\"https:\/\/newgarden.es\/\",\"name\":\"Newgarden\",\"description\":\"Be happy\",\"potentialAction\":[{\"@type\":\"SearchAction\",\"target\":{\"@type\":\"EntryPoint\",\"urlTemplate\":\"https:\/\/newgarden.es\/?s={search_term_string}\"},\"query-input\":{\"@type\":\"PropertyValueSpecification\",\"valueRequired\":true,\"valueName\":\"search_term_string\"}}],\"inLanguage\":\"fr-FR\"}]}<\/script>\n<!-- \/ Yoast SEO plugin. -->","yoast_head_json":{"title":"LAMPE SUSPENSION AMALFI 50 | USAGE INT\u00c9RIEUR","description":"La lampe suspension Amalfi se distingue par son design m\u00e9diterran\u00e9en inspirant. L'abat-jour est fabriqu\u00e9 \u00e0 la main \u00e0 partir de fibres naturelles et est","robots":{"index":"index","follow":"follow","max-snippet":"max-snippet:-1","max-image-preview":"max-image-preview:large","max-video-preview":"max-video-preview:-1"},"canonical":"https:\/\/newgarden.es\/fr\/shop\/lightdeco-fr\/interieur\/sususpension-amalfi-50-usage-interieur\/","og_locale":"fr_FR","og_type":"article","og_title":"LAMPE SUSPENSION AMALFI 50 | USAGE INT\u00c9RIEUR","og_description":"La lampe suspension Amalfi se distingue par son design m\u00e9diterran\u00e9en inspirant. L'abat-jour est fabriqu\u00e9 \u00e0 la main \u00e0 partir de fibres naturelles et est","og_url":"https:\/\/newgarden.es\/fr\/shop\/lightdeco-fr\/interieur\/sususpension-amalfi-50-usage-interieur\/","og_site_name":"Newgarden","article_modified_time":"2023-01-13T08:52:43+00:00","og_image":[{"width":1200,"height":1200,"url":"https:\/\/newgarden.es\/wp-content\/uploads\/2021\/09\/AMALFI_INTERIOR_50_1200X1200-1.jpg","type":"image\/jpeg"}],"twitter_card":"summary_large_image","twitter_misc":{"Dur\u00e9e de lecture estim\u00e9e":"1 minute"},"schema":{"@context":"https:\/\/schema.org","@graph":[{"@type":"WebPage","@id":"https:\/\/newgarden.es\/fr\/shop\/lightdeco-fr\/interieur\/sususpension-amalfi-50-usage-interieur\/","url":"https:\/\/newgarden.es\/fr\/shop\/lightdeco-fr\/interieur\/sususpension-amalfi-50-usage-interieur\/","name":"LAMPE SUSPENSION AMALFI 50 | USAGE INT\u00c9RIEUR","isPartOf":{"@id":"https:\/\/newgarden.es\/#website"},"primaryImageOfPage":{"@id":"https:\/\/newgarden.es\/fr\/shop\/lightdeco-fr\/interieur\/sususpension-amalfi-50-usage-interieur\/#primaryimage"},"image":{"@id":"https:\/\/newgarden.es\/fr\/shop\/lightdeco-fr\/interieur\/sususpension-amalfi-50-usage-interieur\/#primaryimage"},"thumbnailUrl":"https:\/\/newgarden.es\/wp-content\/uploads\/2021\/09\/AMALFI_INTERIOR_50_1200X1200-1.jpg","datePublished":"2021-09-27T09:33:07+00:00","dateModified":"2023-01-13T08:52:43+00:00","description":"La lampe suspension Amalfi se distingue par son design m\u00e9diterran\u00e9en inspirant. L'abat-jour est fabriqu\u00e9 \u00e0 la main \u00e0 partir de fibres naturelles et est","breadcrumb":{"@id":"https:\/\/newgarden.es\/fr\/shop\/lightdeco-fr\/interieur\/sususpension-amalfi-50-usage-interieur\/#breadcrumb"},"inLanguage":"fr-FR","potentialAction":[{"@type":"ReadAction","target":["https:\/\/newgarden.es\/fr\/shop\/lightdeco-fr\/interieur\/sususpension-amalfi-50-usage-interieur\/"]}]},{"@type":"ImageObject","inLanguage":"fr-FR","@id":"https:\/\/newgarden.es\/fr\/shop\/lightdeco-fr\/interieur\/sususpension-amalfi-50-usage-interieur\/#primaryimage","url":"https:\/\/newgarden.es\/wp-content\/uploads\/2021\/09\/AMALFI_INTERIOR_50_1200X1200-1.jpg","contentUrl":"https:\/\/newgarden.es\/wp-content\/uploads\/2021\/09\/AMALFI_INTERIOR_50_1200X1200-1.jpg","width":1200,"height":1200},{"@type":"BreadcrumbList","@id":"https:\/\/newgarden.es\/fr\/shop\/lightdeco-fr\/interieur\/sususpension-amalfi-50-usage-interieur\/#breadcrumb","itemListElement":[{"@type":"ListItem","position":1,"name":"Home","item":"https:\/\/newgarden.es\/fr\/"},{"@type":"ListItem","position":2,"name":"Boutique","item":"https:\/\/newgarden.es\/fr\/boutique\/"},{"@type":"ListItem","position":3,"name":"SUSPENSION AMALFI 50 | USAGE INT\u00c9RIEUR"}]},{"@type":"WebSite","@id":"https:\/\/newgarden.es\/#website","url":"https:\/\/newgarden.es\/","name":"Newgarden","description":"Be happy","potentialAction":[{"@type":"SearchAction","target":{"@type":"EntryPoint","urlTemplate":"https:\/\/newgarden.es\/?s={search_term_string}"},"query-input":{"@type":"PropertyValueSpecification","valueRequired":true,"valueName":"search_term_string"}}],"inLanguage":"fr-FR"}]}},"df_price":69.9,"df_sale_price":"","df_regular_price":69.9,"df_image_link":"https:\/\/newgarden.es\/wp-content\/uploads\/2021\/09\/AMALFI_INTERIOR_50_1200X1200-1-580x400.jpg","_links":{"self":[{"href":"https:\/\/newgarden.es\/fr\/wp-json\/wp\/v2\/product\/37782"}],"collection":[{"href":"https:\/\/newgarden.es\/fr\/wp-json\/wp\/v2\/product"}],"about":[{"href":"https:\/\/newgarden.es\/fr\/wp-json\/wp\/v2\/types\/product"}],"wp:featuredmedia":[{"embeddable":true,"href":"https:\/\/newgarden.es\/fr\/wp-json\/wp\/v2\/media\/58992"}],"wp:attachment":[{"href":"https:\/\/newgarden.es\/fr\/wp-json\/wp\/v2\/media?parent=37782"}],"wp:term":[{"taxonomy":"product_cat","embeddable":true,"href":"https:\/\/newgarden.es\/fr\/wp-json\/wp\/v2\/product_cat?post=37782"},{"taxonomy":"product_tag","embeddable":true,"href":"https:\/\/newgarden.es\/fr\/wp-json\/wp\/v2\/product_tag?post=37782"}],"curies":[{"name":"wp","href":"https:\/\/api.w.org\/{rel}","templated":true}]}}