{"id":37921,"date":"2021-09-28T11:51:26","date_gmt":"2021-09-28T09:51:29","guid":{"rendered":"https:\/\/newgarden.es\/?post_type=product&#038;p=37921"},"modified":"2022-01-13T16:15:38","modified_gmt":"2022-01-13T15:15:38","slug":"etoile-decorative-sisine-star-40","status":"publish","type":"product","link":"https:\/\/newgarden.es\/fr\/shop\/lightdeco-fr\/lampe-a-cote\/etoile-decorative-sisine-star-40\/","title":{"rendered":"\u00c9TOILE D\u00c9CORATIVE SISINE STAR 40"},"content":{"rendered":"<section class=\"wpb-content-wrapper\"><p>[vc_row][vc_column][vc_column_text][\/vc_column_text][\/vc_column][\/vc_row][vc_row][vc_column][vc_column_text]La lampe d\u00e9corative\u00a0<strong>SISINE STAR 40<\/strong>\u00a0est tiss\u00e9e \u00e0 la main avec des fibres naturelles. Cette lampe est le compl\u00e9ment parfait pour \u00e9clairer n&#8217;importe quel espace de votre maison en lui donnant une touche naturelle.\u00a0<br data-sanitized-data-mce-fragment=\"1\" \/><br data-sanitized-data-mce-fragment=\"1\" \/>Lampe d\u00e9corative sans fil\u00a0<strong>SISINE STAR 40<\/strong>\u00a0: Elle dispose d&#8217;une ampoule portable int\u00e9gr\u00e9e rechargeable de\u00a0<strong>900 lumens<\/strong>\u00a0qui ne n\u00e9cessite pas d&#8217;installation, il suffit de l&#8217;approcher de la lampe et elle adh\u00e8re gr\u00e2ce \u00e0 sa base magn\u00e9tique. Cette ampoule comprend \u00e9galement une t\u00e9l\u00e9commande permettant de l&#8217;allumer, de l&#8217;\u00e9teindre et de r\u00e9gler son intensit\u00e9.<br data-sanitized-data-mce-fragment=\"1\" \/><br data-sanitized-data-mce-fragment=\"1\" \/>Guirlande lumineuse incluse.\u00a0<span style=\"text-decoration: underline;\">(Piles non\u00a0int\u00e9gr\u00e9es)<\/span><br data-sanitized-data-mce-fragment=\"1\" \/><br data-sanitized-data-mce-fragment=\"1\" \/><br data-sanitized-data-mce-fragment=\"1\" \/>Cette lampe fait partie de la famille\u00a0<strong>SISINE STAR<\/strong>, et peut \u00eatre combin\u00e9e avec l&#8217;\u00e9toile de taille 60.<\/p>\n<p>&nbsp;<\/p>\n<ul class=\"tablaTech\">\n<li>\n<div class=\"boxContents no-border\">\n<div class=\"name\"><strong>TAILLE<\/strong><\/div>\n<div class=\"data\">40 x 12,5 x 40 cm<\/div>\n<\/div>\n<\/li>\n<\/ul>\n<p>[\/vc_column_text][\/vc_column][\/vc_row][vc_row][vc_column width=&#8221;1\/2&#8243;][vc_btn title=&#8221;Fiche technique&#8221; style=&#8221;custom&#8221; custom_background=&#8221;#009bc2&#8243; custom_text=&#8221;#ffffff&#8221; shape=&#8221;square&#8221; el_class=&#8221;btn_descargar_ficha&#8221; link=&#8221;url:https%3A%2F%2Fdrive.google.com%2Fdrive%2Ffolders%2F1NX9IphGKh9QzfmDBrvTDEMn4m94miaJi%3Fusp%3Dsharing|target:%20_blank|&#8221;][\/vc_column][vc_column width=&#8221;1\/2&#8243;][vc_btn title=&#8221;Manuel d&#8217;instrutions&#8221; style=&#8221;custom&#8221; custom_background=&#8221;#009bc2&#8243; custom_text=&#8221;#ffffff&#8221; shape=&#8221;square&#8221; el_class=&#8221;btn_descargar_ficha&#8221; link=&#8221;target:%20_blank|&#8221;][\/vc_column][\/vc_row]<\/p>\n<\/section>","protected":false},"excerpt":{"rendered":"<h5>\u00c9toile d\u00e9corative Sisine star 40<\/h5>\n","protected":false},"featured_media":58714,"template":"","meta":[],"product_cat":[1695,651,652,1223,1590,752],"product_tag":[653,1224,707],"class_list":{"0":"post-37921","1":"product","2":"type-product","3":"status-publish","4":"has-post-thumbnail","6":"product_cat-productos-fr","7":"product_cat-lightdeco-fr","8":"product_cat-lampe-a-cote","9":"product_cat-interieur","10":"product_cat-interieur-fr","11":"product_cat-noel","12":"product_tag-batterie","13":"product_tag-interieur","14":"product_tag-sans-fil","16":"first","17":"instock","18":"taxable","19":"shipping-taxable","20":"purchasable","21":"product-type-variable","22":"has-default-attributes"},"yoast_head":"<!-- This site is optimized with the Yoast SEO plugin v24.2 - https:\/\/yoast.com\/wordpress\/plugins\/seo\/ -->\n<title>\u00c9TOILE D\u00c9CORATIVE SISINE STAR 40 BATTERIE<\/title>\n<meta name=\"description\" content=\"La lampe d\u00e9corative SISINE STAR 40 est tiss\u00e9e \u00e0 la main avec des fibres naturelles. Cette lampe est le compl\u00e9ment parfait pour \u00e9clairer n&#039;importe quel esp\" \/>\n<meta name=\"robots\" content=\"index, follow, max-snippet:-1, max-image-preview:large, max-video-preview:-1\" \/>\n<link rel=\"canonical\" href=\"https:\/\/newgarden.es\/fr\/shop\/lightdeco-fr\/lampe-a-cote\/etoile-decorative-sisine-star-40\/\" \/>\n<meta property=\"og:locale\" content=\"fr_FR\" \/>\n<meta property=\"og:type\" content=\"article\" \/>\n<meta property=\"og:title\" content=\"\u00c9TOILE D\u00c9CORATIVE SISINE STAR 40 BATTERIE\" \/>\n<meta property=\"og:description\" content=\"La lampe d\u00e9corative SISINE STAR 40 est tiss\u00e9e \u00e0 la main avec des fibres naturelles. Cette lampe est le compl\u00e9ment parfait pour \u00e9clairer n&#039;importe quel esp\" \/>\n<meta property=\"og:url\" content=\"https:\/\/newgarden.es\/fr\/shop\/lightdeco-fr\/lampe-a-cote\/etoile-decorative-sisine-star-40\/\" \/>\n<meta property=\"og:site_name\" content=\"Newgarden\" \/>\n<meta property=\"article:modified_time\" content=\"2022-01-13T15:15:38+00:00\" \/>\n<meta property=\"og:image\" content=\"https:\/\/newgarden.es\/wp-content\/uploads\/2021\/09\/SISINE_STAR_1200X1200-2.jpg\" \/>\n\t<meta property=\"og:image:width\" content=\"1200\" \/>\n\t<meta property=\"og:image:height\" content=\"1200\" \/>\n\t<meta property=\"og:image:type\" content=\"image\/jpeg\" \/>\n<meta name=\"twitter:card\" content=\"summary_large_image\" \/>\n<meta name=\"twitter:label1\" content=\"Dur\u00e9e de lecture estim\u00e9e\" \/>\n\t<meta name=\"twitter:data1\" content=\"1 minute\" \/>\n<script type=\"application\/ld+json\" class=\"yoast-schema-graph\">{\"@context\":\"https:\/\/schema.org\",\"@graph\":[{\"@type\":\"WebPage\",\"@id\":\"https:\/\/newgarden.es\/fr\/shop\/lightdeco-fr\/lampe-a-cote\/etoile-decorative-sisine-star-40\/\",\"url\":\"https:\/\/newgarden.es\/fr\/shop\/lightdeco-fr\/lampe-a-cote\/etoile-decorative-sisine-star-40\/\",\"name\":\"\u00c9TOILE D\u00c9CORATIVE SISINE STAR 40 BATTERIE\",\"isPartOf\":{\"@id\":\"https:\/\/newgarden.es\/#website\"},\"primaryImageOfPage\":{\"@id\":\"https:\/\/newgarden.es\/fr\/shop\/lightdeco-fr\/lampe-a-cote\/etoile-decorative-sisine-star-40\/#primaryimage\"},\"image\":{\"@id\":\"https:\/\/newgarden.es\/fr\/shop\/lightdeco-fr\/lampe-a-cote\/etoile-decorative-sisine-star-40\/#primaryimage\"},\"thumbnailUrl\":\"https:\/\/newgarden.es\/wp-content\/uploads\/2021\/09\/SISINE_STAR_1200X1200-2.jpg\",\"datePublished\":\"2021-09-28T09:51:29+00:00\",\"dateModified\":\"2022-01-13T15:15:38+00:00\",\"description\":\"La lampe d\u00e9corative SISINE STAR 40 est tiss\u00e9e \u00e0 la main avec des fibres naturelles. Cette lampe est le compl\u00e9ment parfait pour \u00e9clairer n'importe quel esp\",\"breadcrumb\":{\"@id\":\"https:\/\/newgarden.es\/fr\/shop\/lightdeco-fr\/lampe-a-cote\/etoile-decorative-sisine-star-40\/#breadcrumb\"},\"inLanguage\":\"fr-FR\",\"potentialAction\":[{\"@type\":\"ReadAction\",\"target\":[\"https:\/\/newgarden.es\/fr\/shop\/lightdeco-fr\/lampe-a-cote\/etoile-decorative-sisine-star-40\/\"]}]},{\"@type\":\"ImageObject\",\"inLanguage\":\"fr-FR\",\"@id\":\"https:\/\/newgarden.es\/fr\/shop\/lightdeco-fr\/lampe-a-cote\/etoile-decorative-sisine-star-40\/#primaryimage\",\"url\":\"https:\/\/newgarden.es\/wp-content\/uploads\/2021\/09\/SISINE_STAR_1200X1200-2.jpg\",\"contentUrl\":\"https:\/\/newgarden.es\/wp-content\/uploads\/2021\/09\/SISINE_STAR_1200X1200-2.jpg\",\"width\":1200,\"height\":1200},{\"@type\":\"BreadcrumbList\",\"@id\":\"https:\/\/newgarden.es\/fr\/shop\/lightdeco-fr\/lampe-a-cote\/etoile-decorative-sisine-star-40\/#breadcrumb\",\"itemListElement\":[{\"@type\":\"ListItem\",\"position\":1,\"name\":\"Home\",\"item\":\"https:\/\/newgarden.es\/fr\/\"},{\"@type\":\"ListItem\",\"position\":2,\"name\":\"Boutique\",\"item\":\"https:\/\/newgarden.es\/fr\/boutique\/\"},{\"@type\":\"ListItem\",\"position\":3,\"name\":\"\u00c9TOILE D\u00c9CORATIVE SISINE STAR 40\"}]},{\"@type\":\"WebSite\",\"@id\":\"https:\/\/newgarden.es\/#website\",\"url\":\"https:\/\/newgarden.es\/\",\"name\":\"Newgarden\",\"description\":\"Be happy\",\"potentialAction\":[{\"@type\":\"SearchAction\",\"target\":{\"@type\":\"EntryPoint\",\"urlTemplate\":\"https:\/\/newgarden.es\/?s={search_term_string}\"},\"query-input\":{\"@type\":\"PropertyValueSpecification\",\"valueRequired\":true,\"valueName\":\"search_term_string\"}}],\"inLanguage\":\"fr-FR\"}]}<\/script>\n<!-- \/ Yoast SEO plugin. -->","yoast_head_json":{"title":"\u00c9TOILE D\u00c9CORATIVE SISINE STAR 40 BATTERIE","description":"La lampe d\u00e9corative SISINE STAR 40 est tiss\u00e9e \u00e0 la main avec des fibres naturelles. Cette lampe est le compl\u00e9ment parfait pour \u00e9clairer n'importe quel esp","robots":{"index":"index","follow":"follow","max-snippet":"max-snippet:-1","max-image-preview":"max-image-preview:large","max-video-preview":"max-video-preview:-1"},"canonical":"https:\/\/newgarden.es\/fr\/shop\/lightdeco-fr\/lampe-a-cote\/etoile-decorative-sisine-star-40\/","og_locale":"fr_FR","og_type":"article","og_title":"\u00c9TOILE D\u00c9CORATIVE SISINE STAR 40 BATTERIE","og_description":"La lampe d\u00e9corative SISINE STAR 40 est tiss\u00e9e \u00e0 la main avec des fibres naturelles. Cette lampe est le compl\u00e9ment parfait pour \u00e9clairer n'importe quel esp","og_url":"https:\/\/newgarden.es\/fr\/shop\/lightdeco-fr\/lampe-a-cote\/etoile-decorative-sisine-star-40\/","og_site_name":"Newgarden","article_modified_time":"2022-01-13T15:15:38+00:00","og_image":[{"width":1200,"height":1200,"url":"https:\/\/newgarden.es\/wp-content\/uploads\/2021\/09\/SISINE_STAR_1200X1200-2.jpg","type":"image\/jpeg"}],"twitter_card":"summary_large_image","twitter_misc":{"Dur\u00e9e de lecture estim\u00e9e":"1 minute"},"schema":{"@context":"https:\/\/schema.org","@graph":[{"@type":"WebPage","@id":"https:\/\/newgarden.es\/fr\/shop\/lightdeco-fr\/lampe-a-cote\/etoile-decorative-sisine-star-40\/","url":"https:\/\/newgarden.es\/fr\/shop\/lightdeco-fr\/lampe-a-cote\/etoile-decorative-sisine-star-40\/","name":"\u00c9TOILE D\u00c9CORATIVE SISINE STAR 40 BATTERIE","isPartOf":{"@id":"https:\/\/newgarden.es\/#website"},"primaryImageOfPage":{"@id":"https:\/\/newgarden.es\/fr\/shop\/lightdeco-fr\/lampe-a-cote\/etoile-decorative-sisine-star-40\/#primaryimage"},"image":{"@id":"https:\/\/newgarden.es\/fr\/shop\/lightdeco-fr\/lampe-a-cote\/etoile-decorative-sisine-star-40\/#primaryimage"},"thumbnailUrl":"https:\/\/newgarden.es\/wp-content\/uploads\/2021\/09\/SISINE_STAR_1200X1200-2.jpg","datePublished":"2021-09-28T09:51:29+00:00","dateModified":"2022-01-13T15:15:38+00:00","description":"La lampe d\u00e9corative SISINE STAR 40 est tiss\u00e9e \u00e0 la main avec des fibres naturelles. Cette lampe est le compl\u00e9ment parfait pour \u00e9clairer n'importe quel esp","breadcrumb":{"@id":"https:\/\/newgarden.es\/fr\/shop\/lightdeco-fr\/lampe-a-cote\/etoile-decorative-sisine-star-40\/#breadcrumb"},"inLanguage":"fr-FR","potentialAction":[{"@type":"ReadAction","target":["https:\/\/newgarden.es\/fr\/shop\/lightdeco-fr\/lampe-a-cote\/etoile-decorative-sisine-star-40\/"]}]},{"@type":"ImageObject","inLanguage":"fr-FR","@id":"https:\/\/newgarden.es\/fr\/shop\/lightdeco-fr\/lampe-a-cote\/etoile-decorative-sisine-star-40\/#primaryimage","url":"https:\/\/newgarden.es\/wp-content\/uploads\/2021\/09\/SISINE_STAR_1200X1200-2.jpg","contentUrl":"https:\/\/newgarden.es\/wp-content\/uploads\/2021\/09\/SISINE_STAR_1200X1200-2.jpg","width":1200,"height":1200},{"@type":"BreadcrumbList","@id":"https:\/\/newgarden.es\/fr\/shop\/lightdeco-fr\/lampe-a-cote\/etoile-decorative-sisine-star-40\/#breadcrumb","itemListElement":[{"@type":"ListItem","position":1,"name":"Home","item":"https:\/\/newgarden.es\/fr\/"},{"@type":"ListItem","position":2,"name":"Boutique","item":"https:\/\/newgarden.es\/fr\/boutique\/"},{"@type":"ListItem","position":3,"name":"\u00c9TOILE D\u00c9CORATIVE SISINE STAR 40"}]},{"@type":"WebSite","@id":"https:\/\/newgarden.es\/#website","url":"https:\/\/newgarden.es\/","name":"Newgarden","description":"Be happy","potentialAction":[{"@type":"SearchAction","target":{"@type":"EntryPoint","urlTemplate":"https:\/\/newgarden.es\/?s={search_term_string}"},"query-input":{"@type":"PropertyValueSpecification","valueRequired":true,"valueName":"search_term_string"}}],"inLanguage":"fr-FR"}]}},"df_price":63,"df_sale_price":"","df_regular_price":63,"df_image_link":"https:\/\/newgarden.es\/wp-content\/uploads\/2021\/09\/SISINE_STAR_1200X1200-2-580x400.jpg","_links":{"self":[{"href":"https:\/\/newgarden.es\/fr\/wp-json\/wp\/v2\/product\/37921"}],"collection":[{"href":"https:\/\/newgarden.es\/fr\/wp-json\/wp\/v2\/product"}],"about":[{"href":"https:\/\/newgarden.es\/fr\/wp-json\/wp\/v2\/types\/product"}],"wp:featuredmedia":[{"embeddable":true,"href":"https:\/\/newgarden.es\/fr\/wp-json\/wp\/v2\/media\/58714"}],"wp:attachment":[{"href":"https:\/\/newgarden.es\/fr\/wp-json\/wp\/v2\/media?parent=37921"}],"wp:term":[{"taxonomy":"product_cat","embeddable":true,"href":"https:\/\/newgarden.es\/fr\/wp-json\/wp\/v2\/product_cat?post=37921"},{"taxonomy":"product_tag","embeddable":true,"href":"https:\/\/newgarden.es\/fr\/wp-json\/wp\/v2\/product_tag?post=37921"}],"curies":[{"name":"wp","href":"https:\/\/api.w.org\/{rel}","templated":true}]}}