{"id":38185,"date":"2021-09-28T14:57:35","date_gmt":"2021-09-28T12:57:38","guid":{"rendered":"https:\/\/newgarden.es\/?post_type=product&#038;p=38185"},"modified":"2022-08-30T15:33:06","modified_gmt":"2022-08-30T13:33:06","slug":"lampe-decorative-sans-fil-sisine-30-usage-interieur","status":"publish","type":"product","link":"https:\/\/newgarden.es\/fr\/shop\/lightdeco-fr\/lampe-a-cote\/lampe-decorative-sans-fil-sisine-30-usage-interieur\/","title":{"rendered":"LAMPE D\u00c9CORATIVE SANS FIL SISINE 30 | USAGE INT\u00c9RIEUR"},"content":{"rendered":"<section class=\"wpb-content-wrapper\"><p>[vc_row][vc_column][vc_column_text][\/vc_column_text][\/vc_column][\/vc_row][vc_row][vc_column][vc_column_text]La lampe d\u00e9corative sans fil\u00a0<strong>Sisine 30<\/strong>\u00a0est tress\u00e9e \u00e0 la main en fibres naturelles. Cette lampe est le compl\u00e9ment parfait pour \u00e9clairer tout espace de votre maison ou de votre jardin tout en lui apportant une touche naturelle.<\/p>\n<p>Cette lampe fait partie de la famille\u00a0<strong>Sisine<\/strong>, et peut \u00eatre combin\u00e9e avec une lampe \u00e0 suspension.<\/p>\n<p><span style=\"color: #808080;\"><strong>AMPOULE NON INCLUS<\/strong><\/span><\/p>\n<ul class=\"tablaTech\">\n<li>\n<div class=\"boxContents no-border\">\n<div class=\"name\"><strong>TAILLE<\/strong><\/div>\n<div class=\"data\">\u00f825,5 x 32,5<\/div>\n<\/div>\n<\/li>\n<\/ul>\n<p>[\/vc_column_text][vc_video link=\u00a0\u00bb\u00a0\u00bb][\/vc_column][\/vc_row][vc_row][vc_column width=\u00a0\u00bb1\/2&Prime;][vc_btn title=\u00a0\u00bbFiche technique\u00a0\u00bb style=\u00a0\u00bbcustom\u00a0\u00bb custom_background=\u00a0\u00bb#009bc2&Prime; custom_text=\u00a0\u00bb#ffffff\u00a0\u00bb shape=\u00a0\u00bbsquare\u00a0\u00bb el_class=\u00a0\u00bbbtn_descargar_ficha\u00a0\u00bb link=\u00a0\u00bburl:https%3A%2F%2Fdrive.google.com%2Fdrive%2Ffolders%2F1JVnI_7SVey0KPt4IJROrekfbVxAq559A|target:%20_blank|\u00a0\u00bb][\/vc_column][vc_column width=\u00a0\u00bb1\/2&Prime;][vc_btn title=\u00a0\u00bbManuel d&rsquo;instrutions\u00a0\u00bb style=\u00a0\u00bbcustom\u00a0\u00bb custom_background=\u00a0\u00bb#009bc2&Prime; custom_text=\u00a0\u00bb#ffffff\u00a0\u00bb shape=\u00a0\u00bbsquare\u00a0\u00bb el_class=\u00a0\u00bbbtn_descargar_ficha\u00a0\u00bb link=\u00a0\u00bbtarget:%20_blank|\u00a0\u00bb][\/vc_column][\/vc_row]<\/p>\n<\/section>","protected":false},"excerpt":{"rendered":"<h5>Lampe d\u00e9corative Sisine 30 | usage int\u00e9rieur<\/h5>\n","protected":false},"featured_media":58664,"template":"","meta":[],"product_cat":[1695,651,652,1223,1590],"product_tag":[653,1224,707],"class_list":{"0":"post-38185","1":"product","2":"type-product","3":"status-publish","4":"has-post-thumbnail","6":"product_cat-productos-fr","7":"product_cat-lightdeco-fr","8":"product_cat-lampe-a-cote","9":"product_cat-interieur","10":"product_cat-interieur-fr","11":"product_tag-batterie","12":"product_tag-interieur","13":"product_tag-sans-fil","15":"first","16":"instock","17":"taxable","18":"shipping-taxable","19":"purchasable","20":"product-type-variable"},"yoast_head":"<!-- This site is optimized with the Yoast SEO plugin v24.2 - https:\/\/yoast.com\/wordpress\/plugins\/seo\/ -->\n<title>LAMPE D\u00c9CORATIVE SANS FIL SISINE 30 | USAGE INT\u00c9RIEUR<\/title>\n<meta name=\"description\" content=\"La lampe d\u00e9corative sans fil Sisine 30 est tress\u00e9e \u00e0 la main en fibres naturelles. Cette lampe est le compl\u00e9ment parfait pour \u00e9clairer tout espace de votre\" \/>\n<meta name=\"robots\" content=\"index, follow, max-snippet:-1, max-image-preview:large, max-video-preview:-1\" \/>\n<link rel=\"canonical\" href=\"https:\/\/newgarden.es\/fr\/shop\/lightdeco-fr\/lampe-a-cote\/lampe-decorative-sans-fil-sisine-30-usage-interieur\/\" \/>\n<meta property=\"og:locale\" content=\"fr_FR\" \/>\n<meta property=\"og:type\" content=\"article\" \/>\n<meta property=\"og:title\" content=\"LAMPE D\u00c9CORATIVE SANS FIL SISINE 30 | USAGE INT\u00c9RIEUR\" \/>\n<meta property=\"og:description\" content=\"La lampe d\u00e9corative sans fil Sisine 30 est tress\u00e9e \u00e0 la main en fibres naturelles. Cette lampe est le compl\u00e9ment parfait pour \u00e9clairer tout espace de votre\" \/>\n<meta property=\"og:url\" content=\"https:\/\/newgarden.es\/fr\/shop\/lightdeco-fr\/lampe-a-cote\/lampe-decorative-sans-fil-sisine-30-usage-interieur\/\" \/>\n<meta property=\"og:site_name\" content=\"Newgarden\" \/>\n<meta property=\"article:modified_time\" content=\"2022-08-30T13:33:06+00:00\" \/>\n<meta property=\"og:image\" content=\"https:\/\/newgarden.es\/wp-content\/uploads\/2021\/09\/SISINE_30_CABLE_1200X1200-6.jpg\" \/>\n\t<meta property=\"og:image:width\" content=\"1200\" \/>\n\t<meta property=\"og:image:height\" content=\"1200\" \/>\n\t<meta property=\"og:image:type\" content=\"image\/jpeg\" \/>\n<meta name=\"twitter:card\" content=\"summary_large_image\" \/>\n<meta name=\"twitter:label1\" content=\"Dur\u00e9e de lecture estim\u00e9e\" \/>\n\t<meta name=\"twitter:data1\" content=\"1 minute\" \/>\n<script type=\"application\/ld+json\" class=\"yoast-schema-graph\">{\"@context\":\"https:\/\/schema.org\",\"@graph\":[{\"@type\":\"WebPage\",\"@id\":\"https:\/\/newgarden.es\/fr\/shop\/lightdeco-fr\/lampe-a-cote\/lampe-decorative-sans-fil-sisine-30-usage-interieur\/\",\"url\":\"https:\/\/newgarden.es\/fr\/shop\/lightdeco-fr\/lampe-a-cote\/lampe-decorative-sans-fil-sisine-30-usage-interieur\/\",\"name\":\"LAMPE D\u00c9CORATIVE SANS FIL SISINE 30 | USAGE INT\u00c9RIEUR\",\"isPartOf\":{\"@id\":\"https:\/\/newgarden.es\/#website\"},\"primaryImageOfPage\":{\"@id\":\"https:\/\/newgarden.es\/fr\/shop\/lightdeco-fr\/lampe-a-cote\/lampe-decorative-sans-fil-sisine-30-usage-interieur\/#primaryimage\"},\"image\":{\"@id\":\"https:\/\/newgarden.es\/fr\/shop\/lightdeco-fr\/lampe-a-cote\/lampe-decorative-sans-fil-sisine-30-usage-interieur\/#primaryimage\"},\"thumbnailUrl\":\"https:\/\/newgarden.es\/wp-content\/uploads\/2021\/09\/SISINE_30_CABLE_1200X1200-6.jpg\",\"datePublished\":\"2021-09-28T12:57:38+00:00\",\"dateModified\":\"2022-08-30T13:33:06+00:00\",\"description\":\"La lampe d\u00e9corative sans fil Sisine 30 est tress\u00e9e \u00e0 la main en fibres naturelles. Cette lampe est le compl\u00e9ment parfait pour \u00e9clairer tout espace de votre\",\"breadcrumb\":{\"@id\":\"https:\/\/newgarden.es\/fr\/shop\/lightdeco-fr\/lampe-a-cote\/lampe-decorative-sans-fil-sisine-30-usage-interieur\/#breadcrumb\"},\"inLanguage\":\"fr-FR\",\"potentialAction\":[{\"@type\":\"ReadAction\",\"target\":[\"https:\/\/newgarden.es\/fr\/shop\/lightdeco-fr\/lampe-a-cote\/lampe-decorative-sans-fil-sisine-30-usage-interieur\/\"]}]},{\"@type\":\"ImageObject\",\"inLanguage\":\"fr-FR\",\"@id\":\"https:\/\/newgarden.es\/fr\/shop\/lightdeco-fr\/lampe-a-cote\/lampe-decorative-sans-fil-sisine-30-usage-interieur\/#primaryimage\",\"url\":\"https:\/\/newgarden.es\/wp-content\/uploads\/2021\/09\/SISINE_30_CABLE_1200X1200-6.jpg\",\"contentUrl\":\"https:\/\/newgarden.es\/wp-content\/uploads\/2021\/09\/SISINE_30_CABLE_1200X1200-6.jpg\",\"width\":1200,\"height\":1200},{\"@type\":\"BreadcrumbList\",\"@id\":\"https:\/\/newgarden.es\/fr\/shop\/lightdeco-fr\/lampe-a-cote\/lampe-decorative-sans-fil-sisine-30-usage-interieur\/#breadcrumb\",\"itemListElement\":[{\"@type\":\"ListItem\",\"position\":1,\"name\":\"Home\",\"item\":\"https:\/\/newgarden.es\/fr\/\"},{\"@type\":\"ListItem\",\"position\":2,\"name\":\"Boutique\",\"item\":\"https:\/\/newgarden.es\/fr\/boutique\/\"},{\"@type\":\"ListItem\",\"position\":3,\"name\":\"LAMPE D\u00c9CORATIVE SANS FIL SISINE 30 | USAGE INT\u00c9RIEUR\"}]},{\"@type\":\"WebSite\",\"@id\":\"https:\/\/newgarden.es\/#website\",\"url\":\"https:\/\/newgarden.es\/\",\"name\":\"Newgarden\",\"description\":\"Be happy\",\"potentialAction\":[{\"@type\":\"SearchAction\",\"target\":{\"@type\":\"EntryPoint\",\"urlTemplate\":\"https:\/\/newgarden.es\/?s={search_term_string}\"},\"query-input\":{\"@type\":\"PropertyValueSpecification\",\"valueRequired\":true,\"valueName\":\"search_term_string\"}}],\"inLanguage\":\"fr-FR\"}]}<\/script>\n<!-- \/ Yoast SEO plugin. -->","yoast_head_json":{"title":"LAMPE D\u00c9CORATIVE SANS FIL SISINE 30 | USAGE INT\u00c9RIEUR","description":"La lampe d\u00e9corative sans fil Sisine 30 est tress\u00e9e \u00e0 la main en fibres naturelles. Cette lampe est le compl\u00e9ment parfait pour \u00e9clairer tout espace de votre","robots":{"index":"index","follow":"follow","max-snippet":"max-snippet:-1","max-image-preview":"max-image-preview:large","max-video-preview":"max-video-preview:-1"},"canonical":"https:\/\/newgarden.es\/fr\/shop\/lightdeco-fr\/lampe-a-cote\/lampe-decorative-sans-fil-sisine-30-usage-interieur\/","og_locale":"fr_FR","og_type":"article","og_title":"LAMPE D\u00c9CORATIVE SANS FIL SISINE 30 | USAGE INT\u00c9RIEUR","og_description":"La lampe d\u00e9corative sans fil Sisine 30 est tress\u00e9e \u00e0 la main en fibres naturelles. Cette lampe est le compl\u00e9ment parfait pour \u00e9clairer tout espace de votre","og_url":"https:\/\/newgarden.es\/fr\/shop\/lightdeco-fr\/lampe-a-cote\/lampe-decorative-sans-fil-sisine-30-usage-interieur\/","og_site_name":"Newgarden","article_modified_time":"2022-08-30T13:33:06+00:00","og_image":[{"width":1200,"height":1200,"url":"https:\/\/newgarden.es\/wp-content\/uploads\/2021\/09\/SISINE_30_CABLE_1200X1200-6.jpg","type":"image\/jpeg"}],"twitter_card":"summary_large_image","twitter_misc":{"Dur\u00e9e de lecture estim\u00e9e":"1 minute"},"schema":{"@context":"https:\/\/schema.org","@graph":[{"@type":"WebPage","@id":"https:\/\/newgarden.es\/fr\/shop\/lightdeco-fr\/lampe-a-cote\/lampe-decorative-sans-fil-sisine-30-usage-interieur\/","url":"https:\/\/newgarden.es\/fr\/shop\/lightdeco-fr\/lampe-a-cote\/lampe-decorative-sans-fil-sisine-30-usage-interieur\/","name":"LAMPE D\u00c9CORATIVE SANS FIL SISINE 30 | USAGE INT\u00c9RIEUR","isPartOf":{"@id":"https:\/\/newgarden.es\/#website"},"primaryImageOfPage":{"@id":"https:\/\/newgarden.es\/fr\/shop\/lightdeco-fr\/lampe-a-cote\/lampe-decorative-sans-fil-sisine-30-usage-interieur\/#primaryimage"},"image":{"@id":"https:\/\/newgarden.es\/fr\/shop\/lightdeco-fr\/lampe-a-cote\/lampe-decorative-sans-fil-sisine-30-usage-interieur\/#primaryimage"},"thumbnailUrl":"https:\/\/newgarden.es\/wp-content\/uploads\/2021\/09\/SISINE_30_CABLE_1200X1200-6.jpg","datePublished":"2021-09-28T12:57:38+00:00","dateModified":"2022-08-30T13:33:06+00:00","description":"La lampe d\u00e9corative sans fil Sisine 30 est tress\u00e9e \u00e0 la main en fibres naturelles. Cette lampe est le compl\u00e9ment parfait pour \u00e9clairer tout espace de votre","breadcrumb":{"@id":"https:\/\/newgarden.es\/fr\/shop\/lightdeco-fr\/lampe-a-cote\/lampe-decorative-sans-fil-sisine-30-usage-interieur\/#breadcrumb"},"inLanguage":"fr-FR","potentialAction":[{"@type":"ReadAction","target":["https:\/\/newgarden.es\/fr\/shop\/lightdeco-fr\/lampe-a-cote\/lampe-decorative-sans-fil-sisine-30-usage-interieur\/"]}]},{"@type":"ImageObject","inLanguage":"fr-FR","@id":"https:\/\/newgarden.es\/fr\/shop\/lightdeco-fr\/lampe-a-cote\/lampe-decorative-sans-fil-sisine-30-usage-interieur\/#primaryimage","url":"https:\/\/newgarden.es\/wp-content\/uploads\/2021\/09\/SISINE_30_CABLE_1200X1200-6.jpg","contentUrl":"https:\/\/newgarden.es\/wp-content\/uploads\/2021\/09\/SISINE_30_CABLE_1200X1200-6.jpg","width":1200,"height":1200},{"@type":"BreadcrumbList","@id":"https:\/\/newgarden.es\/fr\/shop\/lightdeco-fr\/lampe-a-cote\/lampe-decorative-sans-fil-sisine-30-usage-interieur\/#breadcrumb","itemListElement":[{"@type":"ListItem","position":1,"name":"Home","item":"https:\/\/newgarden.es\/fr\/"},{"@type":"ListItem","position":2,"name":"Boutique","item":"https:\/\/newgarden.es\/fr\/boutique\/"},{"@type":"ListItem","position":3,"name":"LAMPE D\u00c9CORATIVE SANS FIL SISINE 30 | USAGE INT\u00c9RIEUR"}]},{"@type":"WebSite","@id":"https:\/\/newgarden.es\/#website","url":"https:\/\/newgarden.es\/","name":"Newgarden","description":"Be happy","potentialAction":[{"@type":"SearchAction","target":{"@type":"EntryPoint","urlTemplate":"https:\/\/newgarden.es\/?s={search_term_string}"},"query-input":{"@type":"PropertyValueSpecification","valueRequired":true,"valueName":"search_term_string"}}],"inLanguage":"fr-FR"}]}},"df_price":63,"df_sale_price":"","df_regular_price":63,"df_image_link":"https:\/\/newgarden.es\/wp-content\/uploads\/2021\/09\/SISINE_30_CABLE_1200X1200-6-580x400.jpg","_links":{"self":[{"href":"https:\/\/newgarden.es\/fr\/wp-json\/wp\/v2\/product\/38185"}],"collection":[{"href":"https:\/\/newgarden.es\/fr\/wp-json\/wp\/v2\/product"}],"about":[{"href":"https:\/\/newgarden.es\/fr\/wp-json\/wp\/v2\/types\/product"}],"wp:featuredmedia":[{"embeddable":true,"href":"https:\/\/newgarden.es\/fr\/wp-json\/wp\/v2\/media\/58664"}],"wp:attachment":[{"href":"https:\/\/newgarden.es\/fr\/wp-json\/wp\/v2\/media?parent=38185"}],"wp:term":[{"taxonomy":"product_cat","embeddable":true,"href":"https:\/\/newgarden.es\/fr\/wp-json\/wp\/v2\/product_cat?post=38185"},{"taxonomy":"product_tag","embeddable":true,"href":"https:\/\/newgarden.es\/fr\/wp-json\/wp\/v2\/product_tag?post=38185"}],"curies":[{"name":"wp","href":"https:\/\/api.w.org\/{rel}","templated":true}]}}