{"id":41645,"date":"2022-02-16T15:13:52","date_gmt":"2022-02-16T14:13:57","guid":{"rendered":"https:\/\/newgarden.es\/?post_type=product&#038;p=41645"},"modified":"2024-06-10T08:34:26","modified_gmt":"2024-06-10T06:34:26","slug":"ampoule-portable-rechargeable-cherry-copia-2","status":"publish","type":"product","link":"https:\/\/newgarden.es\/fr\/shop\/lightdeco-fr\/portables\/ampoule-portable-rechargeable-cherry-copia-2\/","title":{"rendered":"AMPOULE PORTABLE SOLAR CHERRY"},"content":{"rendered":"<section class=\"wpb-content-wrapper\"><p>[vc_row][vc_column][vc_column_text][\/vc_column_text][\/vc_column][\/vc_row][vc_row][vc_column][vc_column_text]L&rsquo;ampoule rechargeable portable Cherry ne n\u00e9cessite aucune installation. Il suffit de la suspendre ou de la placer \u00e0 proximit\u00e9 d&rsquo;une zone m\u00e9tallique pour qu&rsquo;elle adh\u00e8re gr\u00e2ce \u00e0 sa base aimant\u00e9e. Cette version Cherry comprend un panneau solaire pliable qui permet de recharger l&rsquo;ampoule en quatre heures seulement.<\/p>\n<p>Cette ampoule est \u00e9galement livr\u00e9e avec une t\u00e9l\u00e9commande qui vous permet de l&rsquo;allumer, de l&rsquo;\u00e9teindre et de la faire varier d&rsquo;intensit\u00e9.<\/p>\n<p>Elle a une puissance de 900 lumens et une dur\u00e9e de vie comprise entre 6 et 20 heures en fonction de son intensit\u00e9.[\/vc_column_text][vc_video link=\u00a0\u00bbhttps:\/\/youtu.be\/Zo0FlNN_K5U\u00a0\u00bb][\/vc_column][\/vc_row][vc_row][vc_column width=\u00a0\u00bb1\/2&Prime;][vc_btn title=\u00a0\u00bbFiche technique blanc\u00a0\u00bb style=\u00a0\u00bbcustom\u00a0\u00bb custom_background=\u00a0\u00bb#009bc2&Prime; custom_text=\u00a0\u00bb#ffffff\u00a0\u00bb shape=\u00a0\u00bbsquare\u00a0\u00bb link=\u00a0\u00bburl:https%3A%2F%2Fbit.ly%2F3N838p9|target:%20_blank|\u00a0\u00bb el_class=\u00a0\u00bbbtn_descargar_ficha\u00a0\u00bb][vc_btn title=\u00a0\u00bbFICHE TECHNIQUE BEIGE\u00a0\u00bb style=\u00a0\u00bbcustom\u00a0\u00bb custom_background=\u00a0\u00bb#009bc2&Prime; custom_text=\u00a0\u00bb#ffffff\u00a0\u00bb shape=\u00a0\u00bbsquare\u00a0\u00bb link=\u00a0\u00bburl:https%3A%2F%2Fbit.ly%2F39IMUFh|target:%20_blank|\u00a0\u00bb el_class=\u00a0\u00bbbtn_descargar_ficha\u00a0\u00bb][\/vc_column][vc_column width=\u00a0\u00bb1\/2&Prime;][vc_btn title=\u00a0\u00bbMANUEL D&apos;INSTRUCTION BLANC\u00a0\u00bb style=\u00a0\u00bbcustom\u00a0\u00bb custom_background=\u00a0\u00bb#009bc2&Prime; custom_text=\u00a0\u00bb#ffffff\u00a0\u00bb shape=\u00a0\u00bbsquare\u00a0\u00bb link=\u00a0\u00bburl:https%3A%2F%2Fbit.ly%2F3ztjbsK|target:%20_blank|\u00a0\u00bb el_class=\u00a0\u00bbbtn_descargar_ficha\u00a0\u00bb][vc_btn title=\u00a0\u00bbMANUEL D&apos;INSTRUCTION BEIGE\u00a0\u00bb style=\u00a0\u00bbcustom\u00a0\u00bb custom_background=\u00a0\u00bb#009bc2&Prime; custom_text=\u00a0\u00bb#ffffff\u00a0\u00bb shape=\u00a0\u00bbsquare\u00a0\u00bb link=\u00a0\u00bburl:https%3A%2F%2Fbit.ly%2F3zqp5ef|target:%20_blank|\u00a0\u00bb el_class=\u00a0\u00bbbtn_descargar_ficha\u00a0\u00bb][\/vc_column][vc_column][\/vc_column][\/vc_row]<\/p>\n<\/section>","protected":false},"excerpt":{"rendered":"<h6>Ampoule portable rechargeable Cherry<\/h6>\n","protected":false},"featured_media":63091,"template":"","meta":[],"product_cat":[651,754],"product_tag":[653,707],"class_list":{"0":"post-41645","1":"product","2":"type-product","3":"status-publish","4":"has-post-thumbnail","6":"product_cat-lightdeco-fr","7":"product_cat-portables","8":"product_tag-batterie","9":"product_tag-sans-fil","11":"first","12":"instock","13":"taxable","14":"shipping-taxable","15":"purchasable","16":"product-type-variable"},"yoast_head":"<!-- This site is optimized with the Yoast SEO plugin v24.2 - https:\/\/yoast.com\/wordpress\/plugins\/seo\/ -->\n<title>AMPOULE PORTABLE RECHARGEABLE CHERRY<\/title>\n<meta name=\"description\" content=\"L&#039;ampoule portable rechargeable Cherry ne n\u00e9cessite d&#039;aucune installation. Il suffit de l&#039;accrocher gr\u00e2ce \u00e0 son crochet ou de l&#039;approcher d&#039;une zone m\u00e9tall\" \/>\n<meta name=\"robots\" content=\"index, follow, max-snippet:-1, max-image-preview:large, max-video-preview:-1\" \/>\n<link rel=\"canonical\" href=\"https:\/\/newgarden.es\/fr\/shop\/lightdeco-fr\/portables\/ampoule-portable-rechargeable-cherry-copia-2\/\" \/>\n<meta property=\"og:locale\" content=\"fr_FR\" \/>\n<meta property=\"og:type\" content=\"article\" \/>\n<meta property=\"og:title\" content=\"AMPOULE PORTABLE RECHARGEABLE CHERRY\" \/>\n<meta property=\"og:description\" content=\"L&#039;ampoule portable rechargeable Cherry ne n\u00e9cessite d&#039;aucune installation. Il suffit de l&#039;accrocher gr\u00e2ce \u00e0 son crochet ou de l&#039;approcher d&#039;une zone m\u00e9tall\" \/>\n<meta property=\"og:url\" content=\"https:\/\/newgarden.es\/fr\/shop\/lightdeco-fr\/portables\/ampoule-portable-rechargeable-cherry-copia-2\/\" \/>\n<meta property=\"og:site_name\" content=\"Newgarden\" \/>\n<meta property=\"article:modified_time\" content=\"2024-06-10T06:34:26+00:00\" \/>\n<meta property=\"og:image\" content=\"https:\/\/newgarden.es\/wp-content\/uploads\/2022\/02\/CHERRY_BULB_BATTERY_1200X1200-6.jpg\" \/>\n\t<meta property=\"og:image:width\" content=\"1200\" \/>\n\t<meta property=\"og:image:height\" content=\"1200\" \/>\n\t<meta property=\"og:image:type\" content=\"image\/jpeg\" \/>\n<meta name=\"twitter:card\" content=\"summary_large_image\" \/>\n<meta name=\"twitter:label1\" content=\"Dur\u00e9e de lecture estim\u00e9e\" \/>\n\t<meta name=\"twitter:data1\" content=\"1 minute\" \/>\n<script type=\"application\/ld+json\" class=\"yoast-schema-graph\">{\"@context\":\"https:\/\/schema.org\",\"@graph\":[{\"@type\":\"WebPage\",\"@id\":\"https:\/\/newgarden.es\/fr\/shop\/lightdeco-fr\/portables\/ampoule-portable-rechargeable-cherry-copia-2\/\",\"url\":\"https:\/\/newgarden.es\/fr\/shop\/lightdeco-fr\/portables\/ampoule-portable-rechargeable-cherry-copia-2\/\",\"name\":\"AMPOULE PORTABLE RECHARGEABLE CHERRY\",\"isPartOf\":{\"@id\":\"https:\/\/newgarden.es\/#website\"},\"primaryImageOfPage\":{\"@id\":\"https:\/\/newgarden.es\/fr\/shop\/lightdeco-fr\/portables\/ampoule-portable-rechargeable-cherry-copia-2\/#primaryimage\"},\"image\":{\"@id\":\"https:\/\/newgarden.es\/fr\/shop\/lightdeco-fr\/portables\/ampoule-portable-rechargeable-cherry-copia-2\/#primaryimage\"},\"thumbnailUrl\":\"https:\/\/newgarden.es\/wp-content\/uploads\/2022\/02\/CHERRY_BULB_BATTERY_1200X1200-6.jpg\",\"datePublished\":\"2022-02-16T14:13:57+00:00\",\"dateModified\":\"2024-06-10T06:34:26+00:00\",\"description\":\"L'ampoule portable rechargeable Cherry ne n\u00e9cessite d'aucune installation. Il suffit de l'accrocher gr\u00e2ce \u00e0 son crochet ou de l'approcher d'une zone m\u00e9tall\",\"breadcrumb\":{\"@id\":\"https:\/\/newgarden.es\/fr\/shop\/lightdeco-fr\/portables\/ampoule-portable-rechargeable-cherry-copia-2\/#breadcrumb\"},\"inLanguage\":\"fr-FR\",\"potentialAction\":[{\"@type\":\"ReadAction\",\"target\":[\"https:\/\/newgarden.es\/fr\/shop\/lightdeco-fr\/portables\/ampoule-portable-rechargeable-cherry-copia-2\/\"]}]},{\"@type\":\"ImageObject\",\"inLanguage\":\"fr-FR\",\"@id\":\"https:\/\/newgarden.es\/fr\/shop\/lightdeco-fr\/portables\/ampoule-portable-rechargeable-cherry-copia-2\/#primaryimage\",\"url\":\"https:\/\/newgarden.es\/wp-content\/uploads\/2022\/02\/CHERRY_BULB_BATTERY_1200X1200-6.jpg\",\"contentUrl\":\"https:\/\/newgarden.es\/wp-content\/uploads\/2022\/02\/CHERRY_BULB_BATTERY_1200X1200-6.jpg\",\"width\":1200,\"height\":1200},{\"@type\":\"BreadcrumbList\",\"@id\":\"https:\/\/newgarden.es\/fr\/shop\/lightdeco-fr\/portables\/ampoule-portable-rechargeable-cherry-copia-2\/#breadcrumb\",\"itemListElement\":[{\"@type\":\"ListItem\",\"position\":1,\"name\":\"Home\",\"item\":\"https:\/\/newgarden.es\/fr\/\"},{\"@type\":\"ListItem\",\"position\":2,\"name\":\"Boutique\",\"item\":\"https:\/\/newgarden.es\/fr\/boutique\/\"},{\"@type\":\"ListItem\",\"position\":3,\"name\":\"AMPOULE PORTABLE SOLAR CHERRY\"}]},{\"@type\":\"WebSite\",\"@id\":\"https:\/\/newgarden.es\/#website\",\"url\":\"https:\/\/newgarden.es\/\",\"name\":\"Newgarden\",\"description\":\"Be happy\",\"potentialAction\":[{\"@type\":\"SearchAction\",\"target\":{\"@type\":\"EntryPoint\",\"urlTemplate\":\"https:\/\/newgarden.es\/?s={search_term_string}\"},\"query-input\":{\"@type\":\"PropertyValueSpecification\",\"valueRequired\":true,\"valueName\":\"search_term_string\"}}],\"inLanguage\":\"fr-FR\"}]}<\/script>\n<!-- \/ Yoast SEO plugin. -->","yoast_head_json":{"title":"AMPOULE PORTABLE RECHARGEABLE CHERRY","description":"L'ampoule portable rechargeable Cherry ne n\u00e9cessite d'aucune installation. Il suffit de l'accrocher gr\u00e2ce \u00e0 son crochet ou de l'approcher d'une zone m\u00e9tall","robots":{"index":"index","follow":"follow","max-snippet":"max-snippet:-1","max-image-preview":"max-image-preview:large","max-video-preview":"max-video-preview:-1"},"canonical":"https:\/\/newgarden.es\/fr\/shop\/lightdeco-fr\/portables\/ampoule-portable-rechargeable-cherry-copia-2\/","og_locale":"fr_FR","og_type":"article","og_title":"AMPOULE PORTABLE RECHARGEABLE CHERRY","og_description":"L'ampoule portable rechargeable Cherry ne n\u00e9cessite d'aucune installation. Il suffit de l'accrocher gr\u00e2ce \u00e0 son crochet ou de l'approcher d'une zone m\u00e9tall","og_url":"https:\/\/newgarden.es\/fr\/shop\/lightdeco-fr\/portables\/ampoule-portable-rechargeable-cherry-copia-2\/","og_site_name":"Newgarden","article_modified_time":"2024-06-10T06:34:26+00:00","og_image":[{"width":1200,"height":1200,"url":"https:\/\/newgarden.es\/wp-content\/uploads\/2022\/02\/CHERRY_BULB_BATTERY_1200X1200-6.jpg","type":"image\/jpeg"}],"twitter_card":"summary_large_image","twitter_misc":{"Dur\u00e9e de lecture estim\u00e9e":"1 minute"},"schema":{"@context":"https:\/\/schema.org","@graph":[{"@type":"WebPage","@id":"https:\/\/newgarden.es\/fr\/shop\/lightdeco-fr\/portables\/ampoule-portable-rechargeable-cherry-copia-2\/","url":"https:\/\/newgarden.es\/fr\/shop\/lightdeco-fr\/portables\/ampoule-portable-rechargeable-cherry-copia-2\/","name":"AMPOULE PORTABLE RECHARGEABLE CHERRY","isPartOf":{"@id":"https:\/\/newgarden.es\/#website"},"primaryImageOfPage":{"@id":"https:\/\/newgarden.es\/fr\/shop\/lightdeco-fr\/portables\/ampoule-portable-rechargeable-cherry-copia-2\/#primaryimage"},"image":{"@id":"https:\/\/newgarden.es\/fr\/shop\/lightdeco-fr\/portables\/ampoule-portable-rechargeable-cherry-copia-2\/#primaryimage"},"thumbnailUrl":"https:\/\/newgarden.es\/wp-content\/uploads\/2022\/02\/CHERRY_BULB_BATTERY_1200X1200-6.jpg","datePublished":"2022-02-16T14:13:57+00:00","dateModified":"2024-06-10T06:34:26+00:00","description":"L'ampoule portable rechargeable Cherry ne n\u00e9cessite d'aucune installation. Il suffit de l'accrocher gr\u00e2ce \u00e0 son crochet ou de l'approcher d'une zone m\u00e9tall","breadcrumb":{"@id":"https:\/\/newgarden.es\/fr\/shop\/lightdeco-fr\/portables\/ampoule-portable-rechargeable-cherry-copia-2\/#breadcrumb"},"inLanguage":"fr-FR","potentialAction":[{"@type":"ReadAction","target":["https:\/\/newgarden.es\/fr\/shop\/lightdeco-fr\/portables\/ampoule-portable-rechargeable-cherry-copia-2\/"]}]},{"@type":"ImageObject","inLanguage":"fr-FR","@id":"https:\/\/newgarden.es\/fr\/shop\/lightdeco-fr\/portables\/ampoule-portable-rechargeable-cherry-copia-2\/#primaryimage","url":"https:\/\/newgarden.es\/wp-content\/uploads\/2022\/02\/CHERRY_BULB_BATTERY_1200X1200-6.jpg","contentUrl":"https:\/\/newgarden.es\/wp-content\/uploads\/2022\/02\/CHERRY_BULB_BATTERY_1200X1200-6.jpg","width":1200,"height":1200},{"@type":"BreadcrumbList","@id":"https:\/\/newgarden.es\/fr\/shop\/lightdeco-fr\/portables\/ampoule-portable-rechargeable-cherry-copia-2\/#breadcrumb","itemListElement":[{"@type":"ListItem","position":1,"name":"Home","item":"https:\/\/newgarden.es\/fr\/"},{"@type":"ListItem","position":2,"name":"Boutique","item":"https:\/\/newgarden.es\/fr\/boutique\/"},{"@type":"ListItem","position":3,"name":"AMPOULE PORTABLE SOLAR CHERRY"}]},{"@type":"WebSite","@id":"https:\/\/newgarden.es\/#website","url":"https:\/\/newgarden.es\/","name":"Newgarden","description":"Be happy","potentialAction":[{"@type":"SearchAction","target":{"@type":"EntryPoint","urlTemplate":"https:\/\/newgarden.es\/?s={search_term_string}"},"query-input":{"@type":"PropertyValueSpecification","valueRequired":true,"valueName":"search_term_string"}}],"inLanguage":"fr-FR"}]}},"df_price":42.7,"df_sale_price":"","df_regular_price":42.7,"df_image_link":"https:\/\/newgarden.es\/wp-content\/uploads\/2022\/02\/CHERRY_BULB_BATTERY_1200X1200-6-580x400.jpg","_links":{"self":[{"href":"https:\/\/newgarden.es\/fr\/wp-json\/wp\/v2\/product\/41645"}],"collection":[{"href":"https:\/\/newgarden.es\/fr\/wp-json\/wp\/v2\/product"}],"about":[{"href":"https:\/\/newgarden.es\/fr\/wp-json\/wp\/v2\/types\/product"}],"wp:featuredmedia":[{"embeddable":true,"href":"https:\/\/newgarden.es\/fr\/wp-json\/wp\/v2\/media\/63091"}],"wp:attachment":[{"href":"https:\/\/newgarden.es\/fr\/wp-json\/wp\/v2\/media?parent=41645"}],"wp:term":[{"taxonomy":"product_cat","embeddable":true,"href":"https:\/\/newgarden.es\/fr\/wp-json\/wp\/v2\/product_cat?post=41645"},{"taxonomy":"product_tag","embeddable":true,"href":"https:\/\/newgarden.es\/fr\/wp-json\/wp\/v2\/product_tag?post=41645"}],"curies":[{"name":"wp","href":"https:\/\/api.w.org\/{rel}","templated":true}]}}