{"id":41906,"date":"2022-03-01T09:50:06","date_gmt":"2022-03-01T08:50:09","guid":{"rendered":"https:\/\/newgarden.es\/?post_type=product&#038;p=41906"},"modified":"2024-06-11T08:41:23","modified_gmt":"2024-06-11T06:41:23","slug":"lampe-murale-sans-fil-bossa-25","status":"publish","type":"product","link":"https:\/\/newgarden.es\/fr\/shop\/lightdeco-fr\/appliques\/lampe-murale-sans-fil-bossa-25\/","title":{"rendered":"LAMPE MURALE SANS FIL BOSSA WALL"},"content":{"rendered":"<section class=\"wpb-content-wrapper\"><p>[vc_row][vc_column][vc_column_text][\/vc_column_text][\/vc_column][\/vc_row][vc_row][vc_column][vc_column_text]L&rsquo;applique Bossa 25 est tiss\u00e9e \u00e0 la main \u00e0 partir de fibres naturelles. Tr\u00e8s facile \u00e0 installer, cette applique deviendra indispensable pour \u00e9clairer n&rsquo;importe quel espace de votre jardin, en lui donnant une touche naturelle.<\/p>\n<p>Elle int\u00e8gre une ampoule portable rechargeable de 900 lumens qui ne n\u00e9cessite aucune installation, il suffit de l&rsquo;approcher de la lampe pour qu&rsquo;elle y adh\u00e8re gr\u00e2ce \u00e0 sa base aimant\u00e9e. Cette ampoule est \u00e9galement \u00e9quip\u00e9e d&rsquo;une t\u00e9l\u00e9commande qui permet de l&rsquo;allumer, de l&rsquo;\u00e9teindre et d&rsquo;en r\u00e9gler l&rsquo;intensit\u00e9.<\/p>\n<p>Cette lampe fait partie de la famille Bossa et peut \u00eatre combin\u00e9e avec une lampe suspendue, une lampe de table et un lampadaire.[\/vc_column_text][vc_video link=\u00a0\u00bbhttps:\/\/youtu.be\/YEtzCTqHdwg\u00a0\u00bb][\/vc_column][\/vc_row][vc_row][vc_column width=\u00a0\u00bb1\/2&Prime;][vc_btn title=\u00a0\u00bbFiche technique\u00a0\u00bb style=\u00a0\u00bbcustom\u00a0\u00bb custom_background=\u00a0\u00bb#009bc2&Prime; custom_text=\u00a0\u00bb#ffffff\u00a0\u00bb shape=\u00a0\u00bbsquare\u00a0\u00bb el_class=\u00a0\u00bbbtn_descargar_ficha\u00a0\u00bb link=\u00a0\u00bburl:https%3A%2F%2Fbit.ly%2F3HGwWZ1|target:%20_blank|\u00a0\u00bb][\/vc_column][vc_column width=\u00a0\u00bb1\/2&Prime;][vc_btn title=\u00a0\u00bbManuel d&apos;instrutions\u00a0\u00bb style=\u00a0\u00bbcustom\u00a0\u00bb custom_background=\u00a0\u00bb#009bc2&Prime; custom_text=\u00a0\u00bb#ffffff\u00a0\u00bb shape=\u00a0\u00bbsquare\u00a0\u00bb el_class=\u00a0\u00bbbtn_descargar_ficha\u00a0\u00bb link=\u00a0\u00bburl:https%3A%2F%2Fbit.ly%2F3BzqIJf|target:%20_blank|\u00a0\u00bb][\/vc_column][\/vc_row]<\/p>\n<\/section>","protected":false},"excerpt":{"rendered":"<h6>Lampe murale sans fil Bossa 25<\/h6>\n","protected":false},"featured_media":56750,"template":"","meta":[],"product_cat":[651,757],"product_tag":[653,707],"class_list":{"0":"post-41906","1":"product","2":"type-product","3":"status-publish","4":"has-post-thumbnail","6":"product_cat-lightdeco-fr","7":"product_cat-appliques","8":"product_tag-batterie","9":"product_tag-sans-fil","11":"first","12":"instock","13":"taxable","14":"shipping-taxable","15":"purchasable","16":"product-type-variable","17":"has-default-attributes"},"yoast_head":"<!-- This site is optimized with the Yoast SEO plugin v24.2 - https:\/\/yoast.com\/wordpress\/plugins\/seo\/ -->\n<title>LAMPE MURALE SANS FIL BOSSA WALL - Newgarden<\/title>\n<meta name=\"description\" content=\"La lampe murale Bossa 25 deviendra un indispensable pour \u00e9clairer n&#039;importe quel espace de votre jardin en lui donnant une touche naturelle.\" \/>\n<meta name=\"robots\" content=\"index, follow, max-snippet:-1, max-image-preview:large, max-video-preview:-1\" \/>\n<link rel=\"canonical\" href=\"https:\/\/newgarden.es\/fr\/shop\/lightdeco-fr\/appliques\/lampe-murale-sans-fil-bossa-25\/\" \/>\n<meta property=\"og:locale\" content=\"fr_FR\" \/>\n<meta property=\"og:type\" content=\"article\" \/>\n<meta property=\"og:title\" content=\"LAMPE MURALE SANS FIL BOSSA WALL - Newgarden\" \/>\n<meta property=\"og:description\" content=\"La lampe murale Bossa 25 deviendra un indispensable pour \u00e9clairer n&#039;importe quel espace de votre jardin en lui donnant une touche naturelle.\" \/>\n<meta property=\"og:url\" content=\"https:\/\/newgarden.es\/fr\/shop\/lightdeco-fr\/appliques\/lampe-murale-sans-fil-bossa-25\/\" \/>\n<meta property=\"og:site_name\" content=\"Newgarden\" \/>\n<meta property=\"article:modified_time\" content=\"2024-06-11T06:41:23+00:00\" \/>\n<meta property=\"og:image\" content=\"https:\/\/newgarden.es\/wp-content\/uploads\/2022\/03\/BOSSA_WALL_BATTERY_1200X1200-6.jpg\" \/>\n\t<meta property=\"og:image:width\" content=\"1200\" \/>\n\t<meta property=\"og:image:height\" content=\"1200\" \/>\n\t<meta property=\"og:image:type\" content=\"image\/jpeg\" \/>\n<meta name=\"twitter:card\" content=\"summary_large_image\" \/>\n<meta name=\"twitter:label1\" content=\"Dur\u00e9e de lecture estim\u00e9e\" \/>\n\t<meta name=\"twitter:data1\" content=\"1 minute\" \/>\n<script type=\"application\/ld+json\" class=\"yoast-schema-graph\">{\"@context\":\"https:\/\/schema.org\",\"@graph\":[{\"@type\":\"WebPage\",\"@id\":\"https:\/\/newgarden.es\/fr\/shop\/lightdeco-fr\/appliques\/lampe-murale-sans-fil-bossa-25\/\",\"url\":\"https:\/\/newgarden.es\/fr\/shop\/lightdeco-fr\/appliques\/lampe-murale-sans-fil-bossa-25\/\",\"name\":\"LAMPE MURALE SANS FIL BOSSA WALL - Newgarden\",\"isPartOf\":{\"@id\":\"https:\/\/newgarden.es\/#website\"},\"primaryImageOfPage\":{\"@id\":\"https:\/\/newgarden.es\/fr\/shop\/lightdeco-fr\/appliques\/lampe-murale-sans-fil-bossa-25\/#primaryimage\"},\"image\":{\"@id\":\"https:\/\/newgarden.es\/fr\/shop\/lightdeco-fr\/appliques\/lampe-murale-sans-fil-bossa-25\/#primaryimage\"},\"thumbnailUrl\":\"https:\/\/newgarden.es\/wp-content\/uploads\/2022\/03\/BOSSA_WALL_BATTERY_1200X1200-6.jpg\",\"datePublished\":\"2022-03-01T08:50:09+00:00\",\"dateModified\":\"2024-06-11T06:41:23+00:00\",\"description\":\"La lampe murale Bossa 25 deviendra un indispensable pour \u00e9clairer n'importe quel espace de votre jardin en lui donnant une touche naturelle.\",\"breadcrumb\":{\"@id\":\"https:\/\/newgarden.es\/fr\/shop\/lightdeco-fr\/appliques\/lampe-murale-sans-fil-bossa-25\/#breadcrumb\"},\"inLanguage\":\"fr-FR\",\"potentialAction\":[{\"@type\":\"ReadAction\",\"target\":[\"https:\/\/newgarden.es\/fr\/shop\/lightdeco-fr\/appliques\/lampe-murale-sans-fil-bossa-25\/\"]}]},{\"@type\":\"ImageObject\",\"inLanguage\":\"fr-FR\",\"@id\":\"https:\/\/newgarden.es\/fr\/shop\/lightdeco-fr\/appliques\/lampe-murale-sans-fil-bossa-25\/#primaryimage\",\"url\":\"https:\/\/newgarden.es\/wp-content\/uploads\/2022\/03\/BOSSA_WALL_BATTERY_1200X1200-6.jpg\",\"contentUrl\":\"https:\/\/newgarden.es\/wp-content\/uploads\/2022\/03\/BOSSA_WALL_BATTERY_1200X1200-6.jpg\",\"width\":1200,\"height\":1200},{\"@type\":\"BreadcrumbList\",\"@id\":\"https:\/\/newgarden.es\/fr\/shop\/lightdeco-fr\/appliques\/lampe-murale-sans-fil-bossa-25\/#breadcrumb\",\"itemListElement\":[{\"@type\":\"ListItem\",\"position\":1,\"name\":\"Home\",\"item\":\"https:\/\/newgarden.es\/fr\/\"},{\"@type\":\"ListItem\",\"position\":2,\"name\":\"Boutique\",\"item\":\"https:\/\/newgarden.es\/fr\/boutique\/\"},{\"@type\":\"ListItem\",\"position\":3,\"name\":\"LAMPE MURALE SANS FIL BOSSA WALL\"}]},{\"@type\":\"WebSite\",\"@id\":\"https:\/\/newgarden.es\/#website\",\"url\":\"https:\/\/newgarden.es\/\",\"name\":\"Newgarden\",\"description\":\"Be happy\",\"potentialAction\":[{\"@type\":\"SearchAction\",\"target\":{\"@type\":\"EntryPoint\",\"urlTemplate\":\"https:\/\/newgarden.es\/?s={search_term_string}\"},\"query-input\":{\"@type\":\"PropertyValueSpecification\",\"valueRequired\":true,\"valueName\":\"search_term_string\"}}],\"inLanguage\":\"fr-FR\"}]}<\/script>\n<!-- \/ Yoast SEO plugin. -->","yoast_head_json":{"title":"LAMPE MURALE SANS FIL BOSSA WALL - Newgarden","description":"La lampe murale Bossa 25 deviendra un indispensable pour \u00e9clairer n'importe quel espace de votre jardin en lui donnant une touche naturelle.","robots":{"index":"index","follow":"follow","max-snippet":"max-snippet:-1","max-image-preview":"max-image-preview:large","max-video-preview":"max-video-preview:-1"},"canonical":"https:\/\/newgarden.es\/fr\/shop\/lightdeco-fr\/appliques\/lampe-murale-sans-fil-bossa-25\/","og_locale":"fr_FR","og_type":"article","og_title":"LAMPE MURALE SANS FIL BOSSA WALL - Newgarden","og_description":"La lampe murale Bossa 25 deviendra un indispensable pour \u00e9clairer n'importe quel espace de votre jardin en lui donnant une touche naturelle.","og_url":"https:\/\/newgarden.es\/fr\/shop\/lightdeco-fr\/appliques\/lampe-murale-sans-fil-bossa-25\/","og_site_name":"Newgarden","article_modified_time":"2024-06-11T06:41:23+00:00","og_image":[{"width":1200,"height":1200,"url":"https:\/\/newgarden.es\/wp-content\/uploads\/2022\/03\/BOSSA_WALL_BATTERY_1200X1200-6.jpg","type":"image\/jpeg"}],"twitter_card":"summary_large_image","twitter_misc":{"Dur\u00e9e de lecture estim\u00e9e":"1 minute"},"schema":{"@context":"https:\/\/schema.org","@graph":[{"@type":"WebPage","@id":"https:\/\/newgarden.es\/fr\/shop\/lightdeco-fr\/appliques\/lampe-murale-sans-fil-bossa-25\/","url":"https:\/\/newgarden.es\/fr\/shop\/lightdeco-fr\/appliques\/lampe-murale-sans-fil-bossa-25\/","name":"LAMPE MURALE SANS FIL BOSSA WALL - Newgarden","isPartOf":{"@id":"https:\/\/newgarden.es\/#website"},"primaryImageOfPage":{"@id":"https:\/\/newgarden.es\/fr\/shop\/lightdeco-fr\/appliques\/lampe-murale-sans-fil-bossa-25\/#primaryimage"},"image":{"@id":"https:\/\/newgarden.es\/fr\/shop\/lightdeco-fr\/appliques\/lampe-murale-sans-fil-bossa-25\/#primaryimage"},"thumbnailUrl":"https:\/\/newgarden.es\/wp-content\/uploads\/2022\/03\/BOSSA_WALL_BATTERY_1200X1200-6.jpg","datePublished":"2022-03-01T08:50:09+00:00","dateModified":"2024-06-11T06:41:23+00:00","description":"La lampe murale Bossa 25 deviendra un indispensable pour \u00e9clairer n'importe quel espace de votre jardin en lui donnant une touche naturelle.","breadcrumb":{"@id":"https:\/\/newgarden.es\/fr\/shop\/lightdeco-fr\/appliques\/lampe-murale-sans-fil-bossa-25\/#breadcrumb"},"inLanguage":"fr-FR","potentialAction":[{"@type":"ReadAction","target":["https:\/\/newgarden.es\/fr\/shop\/lightdeco-fr\/appliques\/lampe-murale-sans-fil-bossa-25\/"]}]},{"@type":"ImageObject","inLanguage":"fr-FR","@id":"https:\/\/newgarden.es\/fr\/shop\/lightdeco-fr\/appliques\/lampe-murale-sans-fil-bossa-25\/#primaryimage","url":"https:\/\/newgarden.es\/wp-content\/uploads\/2022\/03\/BOSSA_WALL_BATTERY_1200X1200-6.jpg","contentUrl":"https:\/\/newgarden.es\/wp-content\/uploads\/2022\/03\/BOSSA_WALL_BATTERY_1200X1200-6.jpg","width":1200,"height":1200},{"@type":"BreadcrumbList","@id":"https:\/\/newgarden.es\/fr\/shop\/lightdeco-fr\/appliques\/lampe-murale-sans-fil-bossa-25\/#breadcrumb","itemListElement":[{"@type":"ListItem","position":1,"name":"Home","item":"https:\/\/newgarden.es\/fr\/"},{"@type":"ListItem","position":2,"name":"Boutique","item":"https:\/\/newgarden.es\/fr\/boutique\/"},{"@type":"ListItem","position":3,"name":"LAMPE MURALE SANS FIL BOSSA WALL"}]},{"@type":"WebSite","@id":"https:\/\/newgarden.es\/#website","url":"https:\/\/newgarden.es\/","name":"Newgarden","description":"Be happy","potentialAction":[{"@type":"SearchAction","target":{"@type":"EntryPoint","urlTemplate":"https:\/\/newgarden.es\/?s={search_term_string}"},"query-input":{"@type":"PropertyValueSpecification","valueRequired":true,"valueName":"search_term_string"}}],"inLanguage":"fr-FR"}]}},"df_price":51,"df_sale_price":"","df_regular_price":51,"df_image_link":"https:\/\/newgarden.es\/wp-content\/uploads\/2022\/03\/BOSSA_WALL_BATTERY_1200X1200-6-580x400.jpg","_links":{"self":[{"href":"https:\/\/newgarden.es\/fr\/wp-json\/wp\/v2\/product\/41906"}],"collection":[{"href":"https:\/\/newgarden.es\/fr\/wp-json\/wp\/v2\/product"}],"about":[{"href":"https:\/\/newgarden.es\/fr\/wp-json\/wp\/v2\/types\/product"}],"wp:featuredmedia":[{"embeddable":true,"href":"https:\/\/newgarden.es\/fr\/wp-json\/wp\/v2\/media\/56750"}],"wp:attachment":[{"href":"https:\/\/newgarden.es\/fr\/wp-json\/wp\/v2\/media?parent=41906"}],"wp:term":[{"taxonomy":"product_cat","embeddable":true,"href":"https:\/\/newgarden.es\/fr\/wp-json\/wp\/v2\/product_cat?post=41906"},{"taxonomy":"product_tag","embeddable":true,"href":"https:\/\/newgarden.es\/fr\/wp-json\/wp\/v2\/product_tag?post=41906"}],"curies":[{"name":"wp","href":"https:\/\/api.w.org\/{rel}","templated":true}]}}