{"id":41998,"date":"2022-03-01T14:36:18","date_gmt":"2022-03-01T13:36:22","guid":{"rendered":"https:\/\/newgarden.es\/?post_type=product&#038;p=41998"},"modified":"2024-06-13T14:58:38","modified_gmt":"2024-06-13T12:58:38","slug":"lampadaire-a-arc-sans-fil-niza-2","status":"publish","type":"product","link":"https:\/\/newgarden.es\/fr\/shop\/lightdeco-fr\/lampadaire\/lampadaire-a-arc-sans-fil-niza-2\/","title":{"rendered":"LAMPADAIRE \u00c0 ARC SANS FIL NIZA 165"},"content":{"rendered":"<section class=\"wpb-content-wrapper\"><p>[vc_row][vc_column][vc_column_text][\/vc_column_text][\/vc_column][\/vc_row][vc_row][vc_column][vc_column_text]Niza est un lampadaire qui ne n\u00e9cessite aucun c\u00e2ble. Son corps en m\u00e9tal laqu\u00e9 noir atteint une hauteur maximale de 165 cm, ce qui en fait le lampadaire arc id\u00e9al pour tout espace de jardin. Son abat-jour est tress\u00e9 \u00e0 la main avec des fibres naturelles et a un diam\u00e8tre de 40 cm.<\/p>\n<p>Le lampadaire Nice comprend \u00e9galement un accessoire permettant de fixer l&rsquo;arc sup\u00e9rieur au mur, ce qui en fait 2 lampes en 1.<\/p>\n<p>Il peut \u00eatre combin\u00e9 avec le mod\u00e8le plus grand NIZA 215.<\/p>\n<p>Il incorpore une ampoule portable rechargeable de 900 lumens qui ne n\u00e9cessite aucune installation, il suffit de l&rsquo;approcher de la lampe pour qu&rsquo;elle y adh\u00e8re gr\u00e2ce \u00e0 sa base magn\u00e9tique. Cette ampoule comprend \u00e9galement une t\u00e9l\u00e9commande qui permet de l&rsquo;allumer, de l&rsquo;\u00e9teindre et de r\u00e9gler son intensit\u00e9.<\/p>\n<p>Elle est \u00e9galement disponible dans une taille plus grande : NIZA 215.<\/p>\n<p><strong>*La vid\u00e9o correspond \u00e0 NIZA 215.<\/strong><\/p>\n<p>[\/vc_column_text][vc_video link=\u00a0\u00bbhttps:\/\/youtu.be\/NSoy01-qQhw\u00a0\u00bb][\/vc_column][\/vc_row][vc_row][vc_column width=\u00a0\u00bb1\/2&Prime;][vc_btn title=\u00a0\u00bbFiche technique\u00a0\u00bb style=\u00a0\u00bbcustom\u00a0\u00bb custom_background=\u00a0\u00bb#009bc2&Prime; custom_text=\u00a0\u00bb#ffffff\u00a0\u00bb shape=\u00a0\u00bbsquare\u00a0\u00bb el_class=\u00a0\u00bbbtn_descargar_ficha\u00a0\u00bb link=\u00a0\u00bburl:https%3A%2F%2Fbit.ly%2F3OpPnDu|target:%20_blank|\u00a0\u00bb][\/vc_column][vc_column width=\u00a0\u00bb1\/2&Prime;][vc_btn title=\u00a0\u00bbManuel d&apos;instrutions\u00a0\u00bb style=\u00a0\u00bbcustom\u00a0\u00bb custom_background=\u00a0\u00bb#009bc2&Prime; custom_text=\u00a0\u00bb#ffffff\u00a0\u00bb shape=\u00a0\u00bbsquare\u00a0\u00bb el_class=\u00a0\u00bbbtn_descargar_ficha\u00a0\u00bb link=\u00a0\u00bburl:https%3A%2F%2Fbit.ly%2F3zM3TAJ|target:%20_blank|\u00a0\u00bb][\/vc_column][\/vc_row]<\/p>\n<\/section>","protected":false},"excerpt":{"rendered":"<h5><strong>Lampadaire \u00e0 arc sans fil Niza<\/strong><\/h5>\n","protected":false},"featured_media":53593,"template":"","meta":[],"product_cat":[1695,651,654],"product_tag":[653,707],"class_list":{"0":"post-41998","1":"product","2":"type-product","3":"status-publish","4":"has-post-thumbnail","6":"product_cat-productos-fr","7":"product_cat-lightdeco-fr","8":"product_cat-lampadaire","9":"product_tag-batterie","10":"product_tag-sans-fil","12":"first","13":"instock","14":"taxable","15":"shipping-taxable","16":"purchasable","17":"product-type-variable","18":"has-default-attributes"},"yoast_head":"<!-- This site is optimized with the Yoast SEO plugin v24.2 - https:\/\/yoast.com\/wordpress\/plugins\/seo\/ -->\n<title>LAMPADAIRE \u00c0 ARC SANS FIL NIZA BATTERIE RECHARGEABLE<\/title>\n<meta name=\"description\" content=\"Niza est un lampadaire qui n&#039;a pas besoin de c\u00e2bles. Son corps en m\u00e9tal laqu\u00e9 noir atteint une hauteur maximale de 165 cm, ce qui en fait en un lampadaire\" \/>\n<meta name=\"robots\" content=\"index, follow, max-snippet:-1, max-image-preview:large, max-video-preview:-1\" \/>\n<link rel=\"canonical\" href=\"https:\/\/newgarden.es\/fr\/shop\/lightdeco-fr\/lampadaire\/lampadaire-a-arc-sans-fil-niza-2\/\" \/>\n<meta property=\"og:locale\" content=\"fr_FR\" \/>\n<meta property=\"og:type\" content=\"article\" \/>\n<meta property=\"og:title\" content=\"LAMPADAIRE \u00c0 ARC SANS FIL NIZA BATTERIE RECHARGEABLE\" \/>\n<meta property=\"og:description\" content=\"Niza est un lampadaire qui n&#039;a pas besoin de c\u00e2bles. Son corps en m\u00e9tal laqu\u00e9 noir atteint une hauteur maximale de 165 cm, ce qui en fait en un lampadaire\" \/>\n<meta property=\"og:url\" content=\"https:\/\/newgarden.es\/fr\/shop\/lightdeco-fr\/lampadaire\/lampadaire-a-arc-sans-fil-niza-2\/\" \/>\n<meta property=\"og:site_name\" content=\"Newgarden\" \/>\n<meta property=\"article:modified_time\" content=\"2024-06-13T12:58:38+00:00\" \/>\n<meta property=\"og:image\" content=\"https:\/\/newgarden.es\/wp-content\/uploads\/2022\/03\/NIZA_165_BATTERY_1200X1200-1.jpg\" \/>\n\t<meta property=\"og:image:width\" content=\"1200\" \/>\n\t<meta property=\"og:image:height\" content=\"1200\" \/>\n\t<meta property=\"og:image:type\" content=\"image\/jpeg\" \/>\n<meta name=\"twitter:card\" content=\"summary_large_image\" \/>\n<meta name=\"twitter:label1\" content=\"Dur\u00e9e de lecture estim\u00e9e\" \/>\n\t<meta name=\"twitter:data1\" content=\"1 minute\" \/>\n<script type=\"application\/ld+json\" class=\"yoast-schema-graph\">{\"@context\":\"https:\/\/schema.org\",\"@graph\":[{\"@type\":\"WebPage\",\"@id\":\"https:\/\/newgarden.es\/fr\/shop\/lightdeco-fr\/lampadaire\/lampadaire-a-arc-sans-fil-niza-2\/\",\"url\":\"https:\/\/newgarden.es\/fr\/shop\/lightdeco-fr\/lampadaire\/lampadaire-a-arc-sans-fil-niza-2\/\",\"name\":\"LAMPADAIRE \u00c0 ARC SANS FIL NIZA BATTERIE RECHARGEABLE\",\"isPartOf\":{\"@id\":\"https:\/\/newgarden.es\/#website\"},\"primaryImageOfPage\":{\"@id\":\"https:\/\/newgarden.es\/fr\/shop\/lightdeco-fr\/lampadaire\/lampadaire-a-arc-sans-fil-niza-2\/#primaryimage\"},\"image\":{\"@id\":\"https:\/\/newgarden.es\/fr\/shop\/lightdeco-fr\/lampadaire\/lampadaire-a-arc-sans-fil-niza-2\/#primaryimage\"},\"thumbnailUrl\":\"https:\/\/newgarden.es\/wp-content\/uploads\/2022\/03\/NIZA_165_BATTERY_1200X1200-1.jpg\",\"datePublished\":\"2022-03-01T13:36:22+00:00\",\"dateModified\":\"2024-06-13T12:58:38+00:00\",\"description\":\"Niza est un lampadaire qui n'a pas besoin de c\u00e2bles. Son corps en m\u00e9tal laqu\u00e9 noir atteint une hauteur maximale de 165 cm, ce qui en fait en un lampadaire\",\"breadcrumb\":{\"@id\":\"https:\/\/newgarden.es\/fr\/shop\/lightdeco-fr\/lampadaire\/lampadaire-a-arc-sans-fil-niza-2\/#breadcrumb\"},\"inLanguage\":\"fr-FR\",\"potentialAction\":[{\"@type\":\"ReadAction\",\"target\":[\"https:\/\/newgarden.es\/fr\/shop\/lightdeco-fr\/lampadaire\/lampadaire-a-arc-sans-fil-niza-2\/\"]}]},{\"@type\":\"ImageObject\",\"inLanguage\":\"fr-FR\",\"@id\":\"https:\/\/newgarden.es\/fr\/shop\/lightdeco-fr\/lampadaire\/lampadaire-a-arc-sans-fil-niza-2\/#primaryimage\",\"url\":\"https:\/\/newgarden.es\/wp-content\/uploads\/2022\/03\/NIZA_165_BATTERY_1200X1200-1.jpg\",\"contentUrl\":\"https:\/\/newgarden.es\/wp-content\/uploads\/2022\/03\/NIZA_165_BATTERY_1200X1200-1.jpg\",\"width\":1200,\"height\":1200},{\"@type\":\"BreadcrumbList\",\"@id\":\"https:\/\/newgarden.es\/fr\/shop\/lightdeco-fr\/lampadaire\/lampadaire-a-arc-sans-fil-niza-2\/#breadcrumb\",\"itemListElement\":[{\"@type\":\"ListItem\",\"position\":1,\"name\":\"Home\",\"item\":\"https:\/\/newgarden.es\/fr\/\"},{\"@type\":\"ListItem\",\"position\":2,\"name\":\"Boutique\",\"item\":\"https:\/\/newgarden.es\/fr\/boutique\/\"},{\"@type\":\"ListItem\",\"position\":3,\"name\":\"LAMPADAIRE \u00c0 ARC SANS FIL NIZA 165\"}]},{\"@type\":\"WebSite\",\"@id\":\"https:\/\/newgarden.es\/#website\",\"url\":\"https:\/\/newgarden.es\/\",\"name\":\"Newgarden\",\"description\":\"Be happy\",\"potentialAction\":[{\"@type\":\"SearchAction\",\"target\":{\"@type\":\"EntryPoint\",\"urlTemplate\":\"https:\/\/newgarden.es\/?s={search_term_string}\"},\"query-input\":{\"@type\":\"PropertyValueSpecification\",\"valueRequired\":true,\"valueName\":\"search_term_string\"}}],\"inLanguage\":\"fr-FR\"}]}<\/script>\n<!-- \/ Yoast SEO plugin. -->","yoast_head_json":{"title":"LAMPADAIRE \u00c0 ARC SANS FIL NIZA BATTERIE RECHARGEABLE","description":"Niza est un lampadaire qui n'a pas besoin de c\u00e2bles. Son corps en m\u00e9tal laqu\u00e9 noir atteint une hauteur maximale de 165 cm, ce qui en fait en un lampadaire","robots":{"index":"index","follow":"follow","max-snippet":"max-snippet:-1","max-image-preview":"max-image-preview:large","max-video-preview":"max-video-preview:-1"},"canonical":"https:\/\/newgarden.es\/fr\/shop\/lightdeco-fr\/lampadaire\/lampadaire-a-arc-sans-fil-niza-2\/","og_locale":"fr_FR","og_type":"article","og_title":"LAMPADAIRE \u00c0 ARC SANS FIL NIZA BATTERIE RECHARGEABLE","og_description":"Niza est un lampadaire qui n'a pas besoin de c\u00e2bles. Son corps en m\u00e9tal laqu\u00e9 noir atteint une hauteur maximale de 165 cm, ce qui en fait en un lampadaire","og_url":"https:\/\/newgarden.es\/fr\/shop\/lightdeco-fr\/lampadaire\/lampadaire-a-arc-sans-fil-niza-2\/","og_site_name":"Newgarden","article_modified_time":"2024-06-13T12:58:38+00:00","og_image":[{"width":1200,"height":1200,"url":"https:\/\/newgarden.es\/wp-content\/uploads\/2022\/03\/NIZA_165_BATTERY_1200X1200-1.jpg","type":"image\/jpeg"}],"twitter_card":"summary_large_image","twitter_misc":{"Dur\u00e9e de lecture estim\u00e9e":"1 minute"},"schema":{"@context":"https:\/\/schema.org","@graph":[{"@type":"WebPage","@id":"https:\/\/newgarden.es\/fr\/shop\/lightdeco-fr\/lampadaire\/lampadaire-a-arc-sans-fil-niza-2\/","url":"https:\/\/newgarden.es\/fr\/shop\/lightdeco-fr\/lampadaire\/lampadaire-a-arc-sans-fil-niza-2\/","name":"LAMPADAIRE \u00c0 ARC SANS FIL NIZA BATTERIE RECHARGEABLE","isPartOf":{"@id":"https:\/\/newgarden.es\/#website"},"primaryImageOfPage":{"@id":"https:\/\/newgarden.es\/fr\/shop\/lightdeco-fr\/lampadaire\/lampadaire-a-arc-sans-fil-niza-2\/#primaryimage"},"image":{"@id":"https:\/\/newgarden.es\/fr\/shop\/lightdeco-fr\/lampadaire\/lampadaire-a-arc-sans-fil-niza-2\/#primaryimage"},"thumbnailUrl":"https:\/\/newgarden.es\/wp-content\/uploads\/2022\/03\/NIZA_165_BATTERY_1200X1200-1.jpg","datePublished":"2022-03-01T13:36:22+00:00","dateModified":"2024-06-13T12:58:38+00:00","description":"Niza est un lampadaire qui n'a pas besoin de c\u00e2bles. Son corps en m\u00e9tal laqu\u00e9 noir atteint une hauteur maximale de 165 cm, ce qui en fait en un lampadaire","breadcrumb":{"@id":"https:\/\/newgarden.es\/fr\/shop\/lightdeco-fr\/lampadaire\/lampadaire-a-arc-sans-fil-niza-2\/#breadcrumb"},"inLanguage":"fr-FR","potentialAction":[{"@type":"ReadAction","target":["https:\/\/newgarden.es\/fr\/shop\/lightdeco-fr\/lampadaire\/lampadaire-a-arc-sans-fil-niza-2\/"]}]},{"@type":"ImageObject","inLanguage":"fr-FR","@id":"https:\/\/newgarden.es\/fr\/shop\/lightdeco-fr\/lampadaire\/lampadaire-a-arc-sans-fil-niza-2\/#primaryimage","url":"https:\/\/newgarden.es\/wp-content\/uploads\/2022\/03\/NIZA_165_BATTERY_1200X1200-1.jpg","contentUrl":"https:\/\/newgarden.es\/wp-content\/uploads\/2022\/03\/NIZA_165_BATTERY_1200X1200-1.jpg","width":1200,"height":1200},{"@type":"BreadcrumbList","@id":"https:\/\/newgarden.es\/fr\/shop\/lightdeco-fr\/lampadaire\/lampadaire-a-arc-sans-fil-niza-2\/#breadcrumb","itemListElement":[{"@type":"ListItem","position":1,"name":"Home","item":"https:\/\/newgarden.es\/fr\/"},{"@type":"ListItem","position":2,"name":"Boutique","item":"https:\/\/newgarden.es\/fr\/boutique\/"},{"@type":"ListItem","position":3,"name":"LAMPADAIRE \u00c0 ARC SANS FIL NIZA 165"}]},{"@type":"WebSite","@id":"https:\/\/newgarden.es\/#website","url":"https:\/\/newgarden.es\/","name":"Newgarden","description":"Be happy","potentialAction":[{"@type":"SearchAction","target":{"@type":"EntryPoint","urlTemplate":"https:\/\/newgarden.es\/?s={search_term_string}"},"query-input":{"@type":"PropertyValueSpecification","valueRequired":true,"valueName":"search_term_string"}}],"inLanguage":"fr-FR"}]}},"df_price":319,"df_sale_price":"","df_regular_price":319,"df_image_link":"https:\/\/newgarden.es\/wp-content\/uploads\/2022\/03\/NIZA_165_BATTERY_1200X1200-1-580x400.jpg","_links":{"self":[{"href":"https:\/\/newgarden.es\/fr\/wp-json\/wp\/v2\/product\/41998"}],"collection":[{"href":"https:\/\/newgarden.es\/fr\/wp-json\/wp\/v2\/product"}],"about":[{"href":"https:\/\/newgarden.es\/fr\/wp-json\/wp\/v2\/types\/product"}],"wp:featuredmedia":[{"embeddable":true,"href":"https:\/\/newgarden.es\/fr\/wp-json\/wp\/v2\/media\/53593"}],"wp:attachment":[{"href":"https:\/\/newgarden.es\/fr\/wp-json\/wp\/v2\/media?parent=41998"}],"wp:term":[{"taxonomy":"product_cat","embeddable":true,"href":"https:\/\/newgarden.es\/fr\/wp-json\/wp\/v2\/product_cat?post=41998"},{"taxonomy":"product_tag","embeddable":true,"href":"https:\/\/newgarden.es\/fr\/wp-json\/wp\/v2\/product_tag?post=41998"}],"curies":[{"name":"wp","href":"https:\/\/api.w.org\/{rel}","templated":true}]}}