{"id":42161,"date":"2022-03-01T16:17:49","date_gmt":"2022-03-01T15:17:52","guid":{"rendered":"https:\/\/newgarden.es\/?post_type=product&#038;p=42161"},"modified":"2024-05-27T11:10:01","modified_gmt":"2024-05-27T09:10:01","slug":"pique-solaire-gretita","status":"publish","type":"product","link":"https:\/\/newgarden.es\/fr\/shop\/lightdeco-fr\/portables\/pique-solaire-gretita\/","title":{"rendered":"GRETITA PIQUE SOLAIRE DE JARDIN (4 PCS) &#8211; COULEUR NOIR"},"content":{"rendered":"<section class=\"wpb-content-wrapper\"><p>[vc_row][vc_column][vc_column_text][\/vc_column_text][\/vc_column][\/vc_row][vc_row][vc_column][vc_column_text]La lampe solaire Gretita est une lampe de jardin \u00e0 charge solaire. Fabriqu\u00e9e \u00e0 partir de plastique recycl\u00e9 et dot\u00e9e d&rsquo;un panneau solaire sur le dessus pour la recharger, elle peut \u00eatre plac\u00e9e dans les all\u00e9es, au bord de la piscine ou m\u00eame dans une jardini\u00e8re, car sa polyvalence est illimit\u00e9e. Gr\u00e2ce \u00e0 son capteur de cr\u00e9puscule, vous pouvez oublier de l&rsquo;allumer ou de l&rsquo;\u00e9teindre, car elle s&rsquo;allume automatiquement lorsqu&rsquo;elle d\u00e9tecte que la lumi\u00e8re du soleil diminue.<\/p>\n<p>La lampe solaire Gretita est fabriqu\u00e9e \u00e0 partir de mat\u00e9riaux recycl\u00e9s provenant des oc\u00e9ans. Il s&rsquo;agit d&rsquo;un produit durable qui donne une nouvelle vie aux d\u00e9chets plastiques sous la forme d&rsquo;une lampe. Disponible en blanc ou en noir.<\/p>\n<p>Chaque bo\u00eete contient 4 Gretitas[\/vc_column_text][\/vc_column][\/vc_row][vc_row][vc_column width=\u00a0\u00bb1\/2&Prime;][vc_btn title=\u00a0\u00bbFiche technique\u00a0\u00bb style=\u00a0\u00bbcustom\u00a0\u00bb custom_background=\u00a0\u00bb#009bc2&Prime; custom_text=\u00a0\u00bb#ffffff\u00a0\u00bb shape=\u00a0\u00bbsquare\u00a0\u00bb el_class=\u00a0\u00bbbtn_descargar_ficha\u00a0\u00bb link=\u00a0\u00bburl:https%3A%2F%2Fbit.ly%2F39MEQmQ|target:%20_blank|\u00a0\u00bb][\/vc_column][vc_column width=\u00a0\u00bb1\/2&Prime;][vc_btn title=\u00a0\u00bbManuel d&apos;instrutions\u00a0\u00bb style=\u00a0\u00bbcustom\u00a0\u00bb custom_background=\u00a0\u00bb#009bc2&Prime; custom_text=\u00a0\u00bb#ffffff\u00a0\u00bb shape=\u00a0\u00bbsquare\u00a0\u00bb el_class=\u00a0\u00bbbtn_descargar_ficha\u00a0\u00bb link=\u00a0\u00bburl:https%3A%2F%2Fbit.ly%2F3OSavlv|target:%20_blank|\u00a0\u00bb][\/vc_column][\/vc_row]<\/p>\n<\/section>","protected":false},"excerpt":{"rendered":"<h5><strong>Lampe solaire Greta (lampe 5 en 1) &#8211; blanc<\/strong><\/h5>\n","protected":false},"featured_media":57133,"template":"","meta":[],"product_cat":[651,1580,754],"product_tag":[707,648],"class_list":{"0":"post-42161","1":"product","2":"type-product","3":"status-publish","4":"has-post-thumbnail","6":"product_cat-lightdeco-fr","7":"product_cat-balises-et-piques-fr","8":"product_cat-portables","9":"product_tag-sans-fil","10":"product_tag-solaire","12":"first","13":"instock","14":"taxable","15":"shipping-taxable","16":"purchasable","17":"product-type-variable"},"yoast_head":"<!-- This site is optimized with the Yoast SEO plugin v24.2 - https:\/\/yoast.com\/wordpress\/plugins\/seo\/ -->\n<title>PIQUE SOLAIRE GRETITA NOIR<\/title>\n<meta name=\"description\" content=\"La pique solaire Gretita est une lampe de jardin \u00e0 charge solaire\" \/>\n<meta name=\"robots\" content=\"index, follow, max-snippet:-1, max-image-preview:large, max-video-preview:-1\" \/>\n<link rel=\"canonical\" href=\"https:\/\/newgarden.es\/fr\/shop\/lightdeco-fr\/portables\/pique-solaire-gretita\/\" \/>\n<meta property=\"og:locale\" content=\"fr_FR\" \/>\n<meta property=\"og:type\" content=\"article\" \/>\n<meta property=\"og:title\" content=\"PIQUE SOLAIRE GRETITA NOIR\" \/>\n<meta property=\"og:description\" content=\"La pique solaire Gretita est une lampe de jardin \u00e0 charge solaire\" \/>\n<meta property=\"og:url\" content=\"https:\/\/newgarden.es\/fr\/shop\/lightdeco-fr\/portables\/pique-solaire-gretita\/\" \/>\n<meta property=\"og:site_name\" content=\"Newgarden\" \/>\n<meta property=\"article:modified_time\" content=\"2024-05-27T09:10:01+00:00\" \/>\n<meta property=\"og:image\" content=\"https:\/\/newgarden.es\/wp-content\/uploads\/2022\/03\/GRETITA_PICA_BW_1200X1200-5.jpg\" \/>\n\t<meta property=\"og:image:width\" content=\"1200\" \/>\n\t<meta property=\"og:image:height\" content=\"1200\" \/>\n\t<meta property=\"og:image:type\" content=\"image\/jpeg\" \/>\n<meta name=\"twitter:card\" content=\"summary_large_image\" \/>\n<meta name=\"twitter:label1\" content=\"Dur\u00e9e de lecture estim\u00e9e\" \/>\n\t<meta name=\"twitter:data1\" content=\"1 minute\" \/>\n<script type=\"application\/ld+json\" class=\"yoast-schema-graph\">{\"@context\":\"https:\/\/schema.org\",\"@graph\":[{\"@type\":\"WebPage\",\"@id\":\"https:\/\/newgarden.es\/fr\/shop\/lightdeco-fr\/portables\/pique-solaire-gretita\/\",\"url\":\"https:\/\/newgarden.es\/fr\/shop\/lightdeco-fr\/portables\/pique-solaire-gretita\/\",\"name\":\"PIQUE SOLAIRE GRETITA NOIR\",\"isPartOf\":{\"@id\":\"https:\/\/newgarden.es\/#website\"},\"primaryImageOfPage\":{\"@id\":\"https:\/\/newgarden.es\/fr\/shop\/lightdeco-fr\/portables\/pique-solaire-gretita\/#primaryimage\"},\"image\":{\"@id\":\"https:\/\/newgarden.es\/fr\/shop\/lightdeco-fr\/portables\/pique-solaire-gretita\/#primaryimage\"},\"thumbnailUrl\":\"https:\/\/newgarden.es\/wp-content\/uploads\/2022\/03\/GRETITA_PICA_BW_1200X1200-5.jpg\",\"datePublished\":\"2022-03-01T15:17:52+00:00\",\"dateModified\":\"2024-05-27T09:10:01+00:00\",\"description\":\"La pique solaire Gretita est une lampe de jardin \u00e0 charge solaire\",\"breadcrumb\":{\"@id\":\"https:\/\/newgarden.es\/fr\/shop\/lightdeco-fr\/portables\/pique-solaire-gretita\/#breadcrumb\"},\"inLanguage\":\"fr-FR\",\"potentialAction\":[{\"@type\":\"ReadAction\",\"target\":[\"https:\/\/newgarden.es\/fr\/shop\/lightdeco-fr\/portables\/pique-solaire-gretita\/\"]}]},{\"@type\":\"ImageObject\",\"inLanguage\":\"fr-FR\",\"@id\":\"https:\/\/newgarden.es\/fr\/shop\/lightdeco-fr\/portables\/pique-solaire-gretita\/#primaryimage\",\"url\":\"https:\/\/newgarden.es\/wp-content\/uploads\/2022\/03\/GRETITA_PICA_BW_1200X1200-5.jpg\",\"contentUrl\":\"https:\/\/newgarden.es\/wp-content\/uploads\/2022\/03\/GRETITA_PICA_BW_1200X1200-5.jpg\",\"width\":1200,\"height\":1200},{\"@type\":\"BreadcrumbList\",\"@id\":\"https:\/\/newgarden.es\/fr\/shop\/lightdeco-fr\/portables\/pique-solaire-gretita\/#breadcrumb\",\"itemListElement\":[{\"@type\":\"ListItem\",\"position\":1,\"name\":\"Home\",\"item\":\"https:\/\/newgarden.es\/fr\/\"},{\"@type\":\"ListItem\",\"position\":2,\"name\":\"Boutique\",\"item\":\"https:\/\/newgarden.es\/fr\/boutique\/\"},{\"@type\":\"ListItem\",\"position\":3,\"name\":\"GRETITA PIQUE SOLAIRE DE JARDIN (4 PCS) &#8211; COULEUR NOIR\"}]},{\"@type\":\"WebSite\",\"@id\":\"https:\/\/newgarden.es\/#website\",\"url\":\"https:\/\/newgarden.es\/\",\"name\":\"Newgarden\",\"description\":\"Be happy\",\"potentialAction\":[{\"@type\":\"SearchAction\",\"target\":{\"@type\":\"EntryPoint\",\"urlTemplate\":\"https:\/\/newgarden.es\/?s={search_term_string}\"},\"query-input\":{\"@type\":\"PropertyValueSpecification\",\"valueRequired\":true,\"valueName\":\"search_term_string\"}}],\"inLanguage\":\"fr-FR\"}]}<\/script>\n<!-- \/ Yoast SEO plugin. -->","yoast_head_json":{"title":"PIQUE SOLAIRE GRETITA NOIR","description":"La pique solaire Gretita est une lampe de jardin \u00e0 charge solaire","robots":{"index":"index","follow":"follow","max-snippet":"max-snippet:-1","max-image-preview":"max-image-preview:large","max-video-preview":"max-video-preview:-1"},"canonical":"https:\/\/newgarden.es\/fr\/shop\/lightdeco-fr\/portables\/pique-solaire-gretita\/","og_locale":"fr_FR","og_type":"article","og_title":"PIQUE SOLAIRE GRETITA NOIR","og_description":"La pique solaire Gretita est une lampe de jardin \u00e0 charge solaire","og_url":"https:\/\/newgarden.es\/fr\/shop\/lightdeco-fr\/portables\/pique-solaire-gretita\/","og_site_name":"Newgarden","article_modified_time":"2024-05-27T09:10:01+00:00","og_image":[{"width":1200,"height":1200,"url":"https:\/\/newgarden.es\/wp-content\/uploads\/2022\/03\/GRETITA_PICA_BW_1200X1200-5.jpg","type":"image\/jpeg"}],"twitter_card":"summary_large_image","twitter_misc":{"Dur\u00e9e de lecture estim\u00e9e":"1 minute"},"schema":{"@context":"https:\/\/schema.org","@graph":[{"@type":"WebPage","@id":"https:\/\/newgarden.es\/fr\/shop\/lightdeco-fr\/portables\/pique-solaire-gretita\/","url":"https:\/\/newgarden.es\/fr\/shop\/lightdeco-fr\/portables\/pique-solaire-gretita\/","name":"PIQUE SOLAIRE GRETITA NOIR","isPartOf":{"@id":"https:\/\/newgarden.es\/#website"},"primaryImageOfPage":{"@id":"https:\/\/newgarden.es\/fr\/shop\/lightdeco-fr\/portables\/pique-solaire-gretita\/#primaryimage"},"image":{"@id":"https:\/\/newgarden.es\/fr\/shop\/lightdeco-fr\/portables\/pique-solaire-gretita\/#primaryimage"},"thumbnailUrl":"https:\/\/newgarden.es\/wp-content\/uploads\/2022\/03\/GRETITA_PICA_BW_1200X1200-5.jpg","datePublished":"2022-03-01T15:17:52+00:00","dateModified":"2024-05-27T09:10:01+00:00","description":"La pique solaire Gretita est une lampe de jardin \u00e0 charge solaire","breadcrumb":{"@id":"https:\/\/newgarden.es\/fr\/shop\/lightdeco-fr\/portables\/pique-solaire-gretita\/#breadcrumb"},"inLanguage":"fr-FR","potentialAction":[{"@type":"ReadAction","target":["https:\/\/newgarden.es\/fr\/shop\/lightdeco-fr\/portables\/pique-solaire-gretita\/"]}]},{"@type":"ImageObject","inLanguage":"fr-FR","@id":"https:\/\/newgarden.es\/fr\/shop\/lightdeco-fr\/portables\/pique-solaire-gretita\/#primaryimage","url":"https:\/\/newgarden.es\/wp-content\/uploads\/2022\/03\/GRETITA_PICA_BW_1200X1200-5.jpg","contentUrl":"https:\/\/newgarden.es\/wp-content\/uploads\/2022\/03\/GRETITA_PICA_BW_1200X1200-5.jpg","width":1200,"height":1200},{"@type":"BreadcrumbList","@id":"https:\/\/newgarden.es\/fr\/shop\/lightdeco-fr\/portables\/pique-solaire-gretita\/#breadcrumb","itemListElement":[{"@type":"ListItem","position":1,"name":"Home","item":"https:\/\/newgarden.es\/fr\/"},{"@type":"ListItem","position":2,"name":"Boutique","item":"https:\/\/newgarden.es\/fr\/boutique\/"},{"@type":"ListItem","position":3,"name":"GRETITA PIQUE SOLAIRE DE JARDIN (4 PCS) &#8211; COULEUR NOIR"}]},{"@type":"WebSite","@id":"https:\/\/newgarden.es\/#website","url":"https:\/\/newgarden.es\/","name":"Newgarden","description":"Be happy","potentialAction":[{"@type":"SearchAction","target":{"@type":"EntryPoint","urlTemplate":"https:\/\/newgarden.es\/?s={search_term_string}"},"query-input":{"@type":"PropertyValueSpecification","valueRequired":true,"valueName":"search_term_string"}}],"inLanguage":"fr-FR"}]}},"df_price":29.9,"df_sale_price":"","df_regular_price":29.9,"df_image_link":"https:\/\/newgarden.es\/wp-content\/uploads\/2022\/03\/GRETITA_PICA_BW_1200X1200-5-580x400.jpg","_links":{"self":[{"href":"https:\/\/newgarden.es\/fr\/wp-json\/wp\/v2\/product\/42161"}],"collection":[{"href":"https:\/\/newgarden.es\/fr\/wp-json\/wp\/v2\/product"}],"about":[{"href":"https:\/\/newgarden.es\/fr\/wp-json\/wp\/v2\/types\/product"}],"wp:featuredmedia":[{"embeddable":true,"href":"https:\/\/newgarden.es\/fr\/wp-json\/wp\/v2\/media\/57133"}],"wp:attachment":[{"href":"https:\/\/newgarden.es\/fr\/wp-json\/wp\/v2\/media?parent=42161"}],"wp:term":[{"taxonomy":"product_cat","embeddable":true,"href":"https:\/\/newgarden.es\/fr\/wp-json\/wp\/v2\/product_cat?post=42161"},{"taxonomy":"product_tag","embeddable":true,"href":"https:\/\/newgarden.es\/fr\/wp-json\/wp\/v2\/product_tag?post=42161"}],"curies":[{"name":"wp","href":"https:\/\/api.w.org\/{rel}","templated":true}]}}