{"id":42179,"date":"2022-03-01T16:23:11","date_gmt":"2022-03-01T15:23:15","guid":{"rendered":"https:\/\/newgarden.es\/?post_type=product&#038;p=42179"},"modified":"2024-06-03T09:34:54","modified_gmt":"2024-06-03T07:34:54","slug":"ampoule-portable-rechargeable-candy","status":"publish","type":"product","link":"https:\/\/newgarden.es\/fr\/shop\/lightdeco-fr\/lampe-a-cote\/ampoule-portable-rechargeable-candy\/","title":{"rendered":"AMPOULE PORTABLE EFFET FLAMME CANDY"},"content":{"rendered":"<section class=\"wpb-content-wrapper\"><p>[vc_row][vc_column][vc_column_text][\/vc_column_text][\/vc_column][\/vc_row][vc_row][vc_column][vc_column_text]L&#8217;ampoule portable rechargeable Candy ne n\u00e9cessite aucune installation, il suffit de la suspendre ou de l&#8217;approcher d&#8217;une zone m\u00e9tallique pour qu&#8217;elle adh\u00e8re gr\u00e2ce \u00e0 sa base magn\u00e9tique.<\/p>\n<p>Cette ampoule est \u00e9galement \u00e9quip\u00e9e d&#8217;une t\u00e9l\u00e9commande qui permet de l&#8217;allumer et de l&#8217;\u00e9teindre, de r\u00e9gler son intensit\u00e9 et d&#8217;utiliser les fonctions de lumi\u00e8re fixe ou d&#8217;effet de flamme.<\/p>\n<p>Elle a une puissance de 200 lumens et une autonomie de 6 \u00e0 20 heures selon l&#8217;intensit\u00e9.[\/vc_column_text][vc_video link=&#8221;&#8221;][\/vc_column][\/vc_row][vc_row][vc_column width=&#8221;1\/2&#8243;][vc_btn title=&#8221;Fiche technique&#8221; style=&#8221;custom&#8221; custom_background=&#8221;#009bc2&#8243; custom_text=&#8221;#ffffff&#8221; shape=&#8221;square&#8221; link=&#8221;url:https%3A%2F%2Fbit.ly%2F3HUuCOd|target:%20_blank|&#8221; el_class=&#8221;btn_descargar_ficha&#8221;][\/vc_column][vc_column width=&#8221;1\/2&#8243;][vc_btn title=&#8221;Manuel d&apos;instrutions&#8221; style=&#8221;custom&#8221; custom_background=&#8221;#009bc2&#8243; custom_text=&#8221;#ffffff&#8221; shape=&#8221;square&#8221; link=&#8221;url:https%3A%2F%2Fbit.ly%2F3QhEPHn|target:%20_blank|&#8221; el_class=&#8221;btn_descargar_ficha&#8221;][\/vc_column][vc_column][\/vc_column][\/vc_row]<\/p>\n<\/section>","protected":false},"excerpt":{"rendered":"<p>[vc_row][vc_column][vc_column_text][\/vc_column_text][\/vc_column][\/vc_row][vc_row][vc_column][vc_column_text]L&#8217;ampoule portable rechargeable Candy ne n\u00e9cessite aucune installation, il suffit de la suspendre ou de l&#8217;approcher d&#8217;une zone m\u00e9tallique pour qu&#8217;elle adh\u00e8re gr\u00e2ce \u00e0 sa base magn\u00e9tique. Cette ampoule est<\/p>\n","protected":false},"featured_media":61147,"template":"","meta":[],"product_cat":[1695,651,652,754,1590],"product_tag":[653,707],"class_list":{"0":"post-42179","1":"product","2":"type-product","3":"status-publish","4":"has-post-thumbnail","6":"product_cat-productos-fr","7":"product_cat-lightdeco-fr","8":"product_cat-lampe-a-cote","9":"product_cat-portables","10":"product_cat-interieur-fr","11":"product_tag-batterie","12":"product_tag-sans-fil","14":"first","15":"instock","16":"taxable","17":"shipping-taxable","18":"purchasable","19":"product-type-variable"},"yoast_head":"<!-- This site is optimized with the Yoast SEO plugin v24.2 - https:\/\/yoast.com\/wordpress\/plugins\/seo\/ -->\n<title>AMPOULE PORTABLE RECHARGEABLE Candy<\/title>\n<meta name=\"description\" content=\"Cette ampoule comprend \u00e9galement une t\u00e9l\u00e9commande qui vous permet de r\u00e9gler son intensit\u00e9 et d&#039;utiliser les fonctions de lumi\u00e8re fixe ou d&#039;effet de flamme.\" \/>\n<meta name=\"robots\" content=\"index, follow, max-snippet:-1, max-image-preview:large, max-video-preview:-1\" \/>\n<link rel=\"canonical\" href=\"https:\/\/newgarden.es\/fr\/shop\/lightdeco-fr\/lampe-a-cote\/ampoule-portable-rechargeable-candy\/\" \/>\n<meta property=\"og:locale\" content=\"fr_FR\" \/>\n<meta property=\"og:type\" content=\"article\" \/>\n<meta property=\"og:title\" content=\"AMPOULE PORTABLE RECHARGEABLE Candy\" \/>\n<meta property=\"og:description\" content=\"Cette ampoule comprend \u00e9galement une t\u00e9l\u00e9commande qui vous permet de r\u00e9gler son intensit\u00e9 et d&#039;utiliser les fonctions de lumi\u00e8re fixe ou d&#039;effet de flamme.\" \/>\n<meta property=\"og:url\" content=\"https:\/\/newgarden.es\/fr\/shop\/lightdeco-fr\/lampe-a-cote\/ampoule-portable-rechargeable-candy\/\" \/>\n<meta property=\"og:site_name\" content=\"Newgarden\" \/>\n<meta property=\"article:modified_time\" content=\"2024-06-03T07:34:54+00:00\" \/>\n<meta property=\"og:image\" content=\"https:\/\/newgarden.es\/wp-content\/uploads\/2022\/03\/CANDY_BATTERY_1200X1200-1.jpg\" \/>\n\t<meta property=\"og:image:width\" content=\"1200\" \/>\n\t<meta property=\"og:image:height\" content=\"1200\" \/>\n\t<meta property=\"og:image:type\" content=\"image\/jpeg\" \/>\n<meta name=\"twitter:card\" content=\"summary_large_image\" \/>\n<meta name=\"twitter:label1\" content=\"Dur\u00e9e de lecture estim\u00e9e\" \/>\n\t<meta name=\"twitter:data1\" content=\"1 minute\" \/>\n<script type=\"application\/ld+json\" class=\"yoast-schema-graph\">{\"@context\":\"https:\/\/schema.org\",\"@graph\":[{\"@type\":\"WebPage\",\"@id\":\"https:\/\/newgarden.es\/fr\/shop\/lightdeco-fr\/lampe-a-cote\/ampoule-portable-rechargeable-candy\/\",\"url\":\"https:\/\/newgarden.es\/fr\/shop\/lightdeco-fr\/lampe-a-cote\/ampoule-portable-rechargeable-candy\/\",\"name\":\"AMPOULE PORTABLE RECHARGEABLE Candy\",\"isPartOf\":{\"@id\":\"https:\/\/newgarden.es\/#website\"},\"primaryImageOfPage\":{\"@id\":\"https:\/\/newgarden.es\/fr\/shop\/lightdeco-fr\/lampe-a-cote\/ampoule-portable-rechargeable-candy\/#primaryimage\"},\"image\":{\"@id\":\"https:\/\/newgarden.es\/fr\/shop\/lightdeco-fr\/lampe-a-cote\/ampoule-portable-rechargeable-candy\/#primaryimage\"},\"thumbnailUrl\":\"https:\/\/newgarden.es\/wp-content\/uploads\/2022\/03\/CANDY_BATTERY_1200X1200-1.jpg\",\"datePublished\":\"2022-03-01T15:23:15+00:00\",\"dateModified\":\"2024-06-03T07:34:54+00:00\",\"description\":\"Cette ampoule comprend \u00e9galement une t\u00e9l\u00e9commande qui vous permet de r\u00e9gler son intensit\u00e9 et d'utiliser les fonctions de lumi\u00e8re fixe ou d'effet de flamme.\",\"breadcrumb\":{\"@id\":\"https:\/\/newgarden.es\/fr\/shop\/lightdeco-fr\/lampe-a-cote\/ampoule-portable-rechargeable-candy\/#breadcrumb\"},\"inLanguage\":\"fr-FR\",\"potentialAction\":[{\"@type\":\"ReadAction\",\"target\":[\"https:\/\/newgarden.es\/fr\/shop\/lightdeco-fr\/lampe-a-cote\/ampoule-portable-rechargeable-candy\/\"]}]},{\"@type\":\"ImageObject\",\"inLanguage\":\"fr-FR\",\"@id\":\"https:\/\/newgarden.es\/fr\/shop\/lightdeco-fr\/lampe-a-cote\/ampoule-portable-rechargeable-candy\/#primaryimage\",\"url\":\"https:\/\/newgarden.es\/wp-content\/uploads\/2022\/03\/CANDY_BATTERY_1200X1200-1.jpg\",\"contentUrl\":\"https:\/\/newgarden.es\/wp-content\/uploads\/2022\/03\/CANDY_BATTERY_1200X1200-1.jpg\",\"width\":1200,\"height\":1200},{\"@type\":\"BreadcrumbList\",\"@id\":\"https:\/\/newgarden.es\/fr\/shop\/lightdeco-fr\/lampe-a-cote\/ampoule-portable-rechargeable-candy\/#breadcrumb\",\"itemListElement\":[{\"@type\":\"ListItem\",\"position\":1,\"name\":\"Home\",\"item\":\"https:\/\/newgarden.es\/fr\/\"},{\"@type\":\"ListItem\",\"position\":2,\"name\":\"Boutique\",\"item\":\"https:\/\/newgarden.es\/fr\/boutique\/\"},{\"@type\":\"ListItem\",\"position\":3,\"name\":\"AMPOULE PORTABLE EFFET FLAMME CANDY\"}]},{\"@type\":\"WebSite\",\"@id\":\"https:\/\/newgarden.es\/#website\",\"url\":\"https:\/\/newgarden.es\/\",\"name\":\"Newgarden\",\"description\":\"Be happy\",\"potentialAction\":[{\"@type\":\"SearchAction\",\"target\":{\"@type\":\"EntryPoint\",\"urlTemplate\":\"https:\/\/newgarden.es\/?s={search_term_string}\"},\"query-input\":{\"@type\":\"PropertyValueSpecification\",\"valueRequired\":true,\"valueName\":\"search_term_string\"}}],\"inLanguage\":\"fr-FR\"}]}<\/script>\n<!-- \/ Yoast SEO plugin. -->","yoast_head_json":{"title":"AMPOULE PORTABLE RECHARGEABLE Candy","description":"Cette ampoule comprend \u00e9galement une t\u00e9l\u00e9commande qui vous permet de r\u00e9gler son intensit\u00e9 et d'utiliser les fonctions de lumi\u00e8re fixe ou d'effet de flamme.","robots":{"index":"index","follow":"follow","max-snippet":"max-snippet:-1","max-image-preview":"max-image-preview:large","max-video-preview":"max-video-preview:-1"},"canonical":"https:\/\/newgarden.es\/fr\/shop\/lightdeco-fr\/lampe-a-cote\/ampoule-portable-rechargeable-candy\/","og_locale":"fr_FR","og_type":"article","og_title":"AMPOULE PORTABLE RECHARGEABLE Candy","og_description":"Cette ampoule comprend \u00e9galement une t\u00e9l\u00e9commande qui vous permet de r\u00e9gler son intensit\u00e9 et d'utiliser les fonctions de lumi\u00e8re fixe ou d'effet de flamme.","og_url":"https:\/\/newgarden.es\/fr\/shop\/lightdeco-fr\/lampe-a-cote\/ampoule-portable-rechargeable-candy\/","og_site_name":"Newgarden","article_modified_time":"2024-06-03T07:34:54+00:00","og_image":[{"width":1200,"height":1200,"url":"https:\/\/newgarden.es\/wp-content\/uploads\/2022\/03\/CANDY_BATTERY_1200X1200-1.jpg","type":"image\/jpeg"}],"twitter_card":"summary_large_image","twitter_misc":{"Dur\u00e9e de lecture estim\u00e9e":"1 minute"},"schema":{"@context":"https:\/\/schema.org","@graph":[{"@type":"WebPage","@id":"https:\/\/newgarden.es\/fr\/shop\/lightdeco-fr\/lampe-a-cote\/ampoule-portable-rechargeable-candy\/","url":"https:\/\/newgarden.es\/fr\/shop\/lightdeco-fr\/lampe-a-cote\/ampoule-portable-rechargeable-candy\/","name":"AMPOULE PORTABLE RECHARGEABLE Candy","isPartOf":{"@id":"https:\/\/newgarden.es\/#website"},"primaryImageOfPage":{"@id":"https:\/\/newgarden.es\/fr\/shop\/lightdeco-fr\/lampe-a-cote\/ampoule-portable-rechargeable-candy\/#primaryimage"},"image":{"@id":"https:\/\/newgarden.es\/fr\/shop\/lightdeco-fr\/lampe-a-cote\/ampoule-portable-rechargeable-candy\/#primaryimage"},"thumbnailUrl":"https:\/\/newgarden.es\/wp-content\/uploads\/2022\/03\/CANDY_BATTERY_1200X1200-1.jpg","datePublished":"2022-03-01T15:23:15+00:00","dateModified":"2024-06-03T07:34:54+00:00","description":"Cette ampoule comprend \u00e9galement une t\u00e9l\u00e9commande qui vous permet de r\u00e9gler son intensit\u00e9 et d'utiliser les fonctions de lumi\u00e8re fixe ou d'effet de flamme.","breadcrumb":{"@id":"https:\/\/newgarden.es\/fr\/shop\/lightdeco-fr\/lampe-a-cote\/ampoule-portable-rechargeable-candy\/#breadcrumb"},"inLanguage":"fr-FR","potentialAction":[{"@type":"ReadAction","target":["https:\/\/newgarden.es\/fr\/shop\/lightdeco-fr\/lampe-a-cote\/ampoule-portable-rechargeable-candy\/"]}]},{"@type":"ImageObject","inLanguage":"fr-FR","@id":"https:\/\/newgarden.es\/fr\/shop\/lightdeco-fr\/lampe-a-cote\/ampoule-portable-rechargeable-candy\/#primaryimage","url":"https:\/\/newgarden.es\/wp-content\/uploads\/2022\/03\/CANDY_BATTERY_1200X1200-1.jpg","contentUrl":"https:\/\/newgarden.es\/wp-content\/uploads\/2022\/03\/CANDY_BATTERY_1200X1200-1.jpg","width":1200,"height":1200},{"@type":"BreadcrumbList","@id":"https:\/\/newgarden.es\/fr\/shop\/lightdeco-fr\/lampe-a-cote\/ampoule-portable-rechargeable-candy\/#breadcrumb","itemListElement":[{"@type":"ListItem","position":1,"name":"Home","item":"https:\/\/newgarden.es\/fr\/"},{"@type":"ListItem","position":2,"name":"Boutique","item":"https:\/\/newgarden.es\/fr\/boutique\/"},{"@type":"ListItem","position":3,"name":"AMPOULE PORTABLE EFFET FLAMME CANDY"}]},{"@type":"WebSite","@id":"https:\/\/newgarden.es\/#website","url":"https:\/\/newgarden.es\/","name":"Newgarden","description":"Be happy","potentialAction":[{"@type":"SearchAction","target":{"@type":"EntryPoint","urlTemplate":"https:\/\/newgarden.es\/?s={search_term_string}"},"query-input":{"@type":"PropertyValueSpecification","valueRequired":true,"valueName":"search_term_string"}}],"inLanguage":"fr-FR"}]}},"df_price":21,"df_sale_price":"","df_regular_price":21,"df_image_link":"https:\/\/newgarden.es\/wp-content\/uploads\/2022\/03\/CANDY_BATTERY_1200X1200-1-580x400.jpg","_links":{"self":[{"href":"https:\/\/newgarden.es\/fr\/wp-json\/wp\/v2\/product\/42179"}],"collection":[{"href":"https:\/\/newgarden.es\/fr\/wp-json\/wp\/v2\/product"}],"about":[{"href":"https:\/\/newgarden.es\/fr\/wp-json\/wp\/v2\/types\/product"}],"wp:featuredmedia":[{"embeddable":true,"href":"https:\/\/newgarden.es\/fr\/wp-json\/wp\/v2\/media\/61147"}],"wp:attachment":[{"href":"https:\/\/newgarden.es\/fr\/wp-json\/wp\/v2\/media?parent=42179"}],"wp:term":[{"taxonomy":"product_cat","embeddable":true,"href":"https:\/\/newgarden.es\/fr\/wp-json\/wp\/v2\/product_cat?post=42179"},{"taxonomy":"product_tag","embeddable":true,"href":"https:\/\/newgarden.es\/fr\/wp-json\/wp\/v2\/product_tag?post=42179"}],"curies":[{"name":"wp","href":"https:\/\/api.w.org\/{rel}","templated":true}]}}