{"id":42394,"date":"2022-03-10T14:29:38","date_gmt":"2022-03-10T13:29:44","guid":{"rendered":"https:\/\/newgarden.es\/?post_type=product&#038;p=42394"},"modified":"2024-06-13T11:15:06","modified_gmt":"2024-06-13T09:15:06","slug":"pot-geant-magnolia-160-avec-lumiere","status":"publish","type":"product","link":"https:\/\/newgarden.es\/fr\/shop\/pot-de-fleur\/maceteros-con-luz-fr\/pot-geant-magnolia-160-avec-lumiere\/","title":{"rendered":"POT G\u00c9ANT MAGNOLIA 160 AVEC LUMI\u00c8RE"},"content":{"rendered":"<section class=\"wpb-content-wrapper\"><p>[vc_row][vc_column el_class=&#8221;descripcion_producto&#8221;][vc_column_text]<br \/>\nMAGNOLIA est consid\u00e9r\u00e9e comme l&#8217;une des jardini\u00e8res vedettes de la collection Newgarden. Sa grande vari\u00e9t\u00e9 de finitions, de tailles et de couleurs en fait un indispensable de la gamme des jardini\u00e8res rondes.<\/p>\n<p>Magnolia 160 est id\u00e9al comme mobilier urbain en raison de son design, de ses dimensions et de sa stabilit\u00e9 (il peut peser jusqu&#8217;\u00e0 une tonne en finition color\u00e9e). Un substitut pratique et \u00e9l\u00e9gant \u00e0 la borne.<\/p>\n<p>Tous les produits Newgarden sont fabriqu\u00e9s en poly\u00e9thyl\u00e8ne, ce qui leur conf\u00e8re une grande r\u00e9sistance aux temp\u00e9ratures extr\u00eames. Ils sont \u00e9galement prot\u00e9g\u00e9s contre les UV, ce qui leur conf\u00e8re une dur\u00e9e de vie extraordinairement longue.<\/p>\n<p style=\"text-align: justify;\"><em> \u00a0<\/em><\/p>\n<ul class=\"tablaTech\">\n<li>\n<div class=\"boxContents no-border\">\n<div class=\"name\"><strong>TAILLE<\/strong><\/div>\n<div class=\"data\">\u00f8160 x 152 cm<\/div>\n<\/div>\n<\/li>\n<li>\n<div class=\"boxContents no-border\">\n<div class=\"name\"><strong>VOLUME DE PLANTATION<\/strong><\/div>\n<div class=\"data\">644 litros<\/div>\n<\/div>\n<\/li>\n<\/ul>\n<p>[\/vc_column_text][\/vc_column][\/vc_row][vc_row disable_element=&#8221;yes&#8221;][vc_column][vc_single_image image=&#8221;6566&#8243; img_size=&#8221;full&#8221;][\/vc_column][\/vc_row][vc_row][vc_column width=&#8221;1\/2&#8243;][vc_btn title=&#8221;Fiche technique&#8221; style=&#8221;custom&#8221; custom_background=&#8221;#009bc2&#8243; custom_text=&#8221;#ffffff&#8221; shape=&#8221;square&#8221; link=&#8221;url:https%3A%2F%2Fbit.ly%2F3xNX7Iz|target:%20_blank|&#8221; el_class=&#8221;btn_descargar_ficha&#8221;][vc_btn title=&#8221;FICHA T\u00c9CNICA SOLAR BATT&#8221; style=&#8221;custom&#8221; custom_background=&#8221;#009bc2&#8243; custom_text=&#8221;#ffffff&#8221; shape=&#8221;square&#8221; link=&#8221;url:https%3A%2F%2Fbit.ly%2F3HJzpSc|target:%20_blank|&#8221; el_class=&#8221;btn_descargar_ficha&#8221;][\/vc_column][vc_column width=&#8221;1\/2&#8243;][vc_btn title=&#8221;Manuel d&apos;instrutions&#8221; style=&#8221;custom&#8221; custom_background=&#8221;#009bc2&#8243; custom_text=&#8221;#ffffff&#8221; shape=&#8221;square&#8221; link=&#8221;url:https%3A%2F%2Fbit.ly%2F3zpysuO|target:%20_blank|&#8221; el_class=&#8221;btn_descargar_ficha&#8221;][vc_btn title=&#8221;MANUAL DE INSTRUCCIONES SOLAR BATT&#8221; style=&#8221;custom&#8221; custom_background=&#8221;#009bc2&#8243; custom_text=&#8221;#ffffff&#8221; shape=&#8221;square&#8221; link=&#8221;url:https%3A%2F%2Fbit.ly%2F3zlbkxo|target:%20_blank|&#8221; el_class=&#8221;btn_descargar_ficha&#8221;][\/vc_column][\/vc_row]<\/p>\n<\/section>","protected":false},"excerpt":{"rendered":"<h1 style=\"font-size: 12px;\">Pot g\u00e9ant Magnolia 160 avec lumi\u00e8re<\/h1>\n","protected":false},"featured_media":58877,"template":"","meta":[],"product_cat":[643,646,1592],"product_tag":[647,707,648],"class_list":{"0":"post-42394","1":"product","2":"type-product","3":"status-publish","4":"has-post-thumbnail","6":"product_cat-pot-de-fleur","7":"product_cat-maceteros-con-luz-fr","8":"product_cat-pots-de-fleurs-ronds","9":"product_tag-cable-fr","10":"product_tag-sans-fil","11":"product_tag-solaire","13":"first","14":"instock","15":"taxable","16":"shipping-taxable","17":"purchasable","18":"product-type-variable"},"yoast_head":"<!-- This site is optimized with the Yoast SEO plugin v24.2 - https:\/\/yoast.com\/wordpress\/plugins\/seo\/ -->\n<title>POT G\u00c9ANT MAGNOLIA 160 AVEC LUMI\u00c8RE EXT\u00c9RIEUR<\/title>\n<meta name=\"description\" content=\"POT G\u00c9ANT MAGNOLIA 160 AVEC LUMI\u00c8RE: Magnolia\u00a0est consid\u00e9r\u00e9 comme l\u2019un des pots de fleurs vedettes de la collection\u00a0Newgarden. Sa grande vari\u00e9t\u00e9 de finition\" \/>\n<meta name=\"robots\" content=\"index, follow, max-snippet:-1, max-image-preview:large, max-video-preview:-1\" \/>\n<link rel=\"canonical\" href=\"https:\/\/newgarden.es\/fr\/shop\/pot-de-fleur\/maceteros-con-luz-fr\/pot-geant-magnolia-160-avec-lumiere\/\" \/>\n<meta property=\"og:locale\" content=\"fr_FR\" \/>\n<meta property=\"og:type\" content=\"article\" \/>\n<meta property=\"og:title\" content=\"POT G\u00c9ANT MAGNOLIA 160 AVEC LUMI\u00c8RE EXT\u00c9RIEUR\" \/>\n<meta property=\"og:description\" content=\"POT G\u00c9ANT MAGNOLIA 160 AVEC LUMI\u00c8RE: Magnolia\u00a0est consid\u00e9r\u00e9 comme l\u2019un des pots de fleurs vedettes de la collection\u00a0Newgarden. Sa grande vari\u00e9t\u00e9 de finition\" \/>\n<meta property=\"og:url\" content=\"https:\/\/newgarden.es\/fr\/shop\/pot-de-fleur\/maceteros-con-luz-fr\/pot-geant-magnolia-160-avec-lumiere\/\" \/>\n<meta property=\"og:site_name\" content=\"Newgarden\" \/>\n<meta property=\"article:modified_time\" content=\"2024-06-13T09:15:06+00:00\" \/>\n<meta property=\"og:image\" content=\"https:\/\/newgarden.es\/wp-content\/uploads\/2022\/03\/MAGNOLIA_160_1200X1200-1.jpg\" \/>\n\t<meta property=\"og:image:width\" content=\"1200\" \/>\n\t<meta property=\"og:image:height\" content=\"1200\" \/>\n\t<meta property=\"og:image:type\" content=\"image\/jpeg\" \/>\n<meta name=\"twitter:card\" content=\"summary_large_image\" \/>\n<meta name=\"twitter:label1\" content=\"Dur\u00e9e de lecture estim\u00e9e\" \/>\n\t<meta name=\"twitter:data1\" content=\"2 minutes\" \/>\n<script type=\"application\/ld+json\" class=\"yoast-schema-graph\">{\"@context\":\"https:\/\/schema.org\",\"@graph\":[{\"@type\":\"WebPage\",\"@id\":\"https:\/\/newgarden.es\/fr\/shop\/pot-de-fleur\/maceteros-con-luz-fr\/pot-geant-magnolia-160-avec-lumiere\/\",\"url\":\"https:\/\/newgarden.es\/fr\/shop\/pot-de-fleur\/maceteros-con-luz-fr\/pot-geant-magnolia-160-avec-lumiere\/\",\"name\":\"POT G\u00c9ANT MAGNOLIA 160 AVEC LUMI\u00c8RE EXT\u00c9RIEUR\",\"isPartOf\":{\"@id\":\"https:\/\/newgarden.es\/#website\"},\"primaryImageOfPage\":{\"@id\":\"https:\/\/newgarden.es\/fr\/shop\/pot-de-fleur\/maceteros-con-luz-fr\/pot-geant-magnolia-160-avec-lumiere\/#primaryimage\"},\"image\":{\"@id\":\"https:\/\/newgarden.es\/fr\/shop\/pot-de-fleur\/maceteros-con-luz-fr\/pot-geant-magnolia-160-avec-lumiere\/#primaryimage\"},\"thumbnailUrl\":\"https:\/\/newgarden.es\/wp-content\/uploads\/2022\/03\/MAGNOLIA_160_1200X1200-1.jpg\",\"datePublished\":\"2022-03-10T13:29:44+00:00\",\"dateModified\":\"2024-06-13T09:15:06+00:00\",\"description\":\"POT G\u00c9ANT MAGNOLIA 160 AVEC LUMI\u00c8RE: Magnolia\u00a0est consid\u00e9r\u00e9 comme l\u2019un des pots de fleurs vedettes de la collection\u00a0Newgarden. Sa grande vari\u00e9t\u00e9 de finition\",\"breadcrumb\":{\"@id\":\"https:\/\/newgarden.es\/fr\/shop\/pot-de-fleur\/maceteros-con-luz-fr\/pot-geant-magnolia-160-avec-lumiere\/#breadcrumb\"},\"inLanguage\":\"fr-FR\",\"potentialAction\":[{\"@type\":\"ReadAction\",\"target\":[\"https:\/\/newgarden.es\/fr\/shop\/pot-de-fleur\/maceteros-con-luz-fr\/pot-geant-magnolia-160-avec-lumiere\/\"]}]},{\"@type\":\"ImageObject\",\"inLanguage\":\"fr-FR\",\"@id\":\"https:\/\/newgarden.es\/fr\/shop\/pot-de-fleur\/maceteros-con-luz-fr\/pot-geant-magnolia-160-avec-lumiere\/#primaryimage\",\"url\":\"https:\/\/newgarden.es\/wp-content\/uploads\/2022\/03\/MAGNOLIA_160_1200X1200-1.jpg\",\"contentUrl\":\"https:\/\/newgarden.es\/wp-content\/uploads\/2022\/03\/MAGNOLIA_160_1200X1200-1.jpg\",\"width\":1200,\"height\":1200},{\"@type\":\"BreadcrumbList\",\"@id\":\"https:\/\/newgarden.es\/fr\/shop\/pot-de-fleur\/maceteros-con-luz-fr\/pot-geant-magnolia-160-avec-lumiere\/#breadcrumb\",\"itemListElement\":[{\"@type\":\"ListItem\",\"position\":1,\"name\":\"Home\",\"item\":\"https:\/\/newgarden.es\/fr\/\"},{\"@type\":\"ListItem\",\"position\":2,\"name\":\"Boutique\",\"item\":\"https:\/\/newgarden.es\/fr\/boutique\/\"},{\"@type\":\"ListItem\",\"position\":3,\"name\":\"POT G\u00c9ANT MAGNOLIA 160 AVEC LUMI\u00c8RE\"}]},{\"@type\":\"WebSite\",\"@id\":\"https:\/\/newgarden.es\/#website\",\"url\":\"https:\/\/newgarden.es\/\",\"name\":\"Newgarden\",\"description\":\"Be happy\",\"potentialAction\":[{\"@type\":\"SearchAction\",\"target\":{\"@type\":\"EntryPoint\",\"urlTemplate\":\"https:\/\/newgarden.es\/?s={search_term_string}\"},\"query-input\":{\"@type\":\"PropertyValueSpecification\",\"valueRequired\":true,\"valueName\":\"search_term_string\"}}],\"inLanguage\":\"fr-FR\"}]}<\/script>\n<!-- \/ Yoast SEO plugin. -->","yoast_head_json":{"title":"POT G\u00c9ANT MAGNOLIA 160 AVEC LUMI\u00c8RE EXT\u00c9RIEUR","description":"POT G\u00c9ANT MAGNOLIA 160 AVEC LUMI\u00c8RE: Magnolia\u00a0est consid\u00e9r\u00e9 comme l\u2019un des pots de fleurs vedettes de la collection\u00a0Newgarden. Sa grande vari\u00e9t\u00e9 de finition","robots":{"index":"index","follow":"follow","max-snippet":"max-snippet:-1","max-image-preview":"max-image-preview:large","max-video-preview":"max-video-preview:-1"},"canonical":"https:\/\/newgarden.es\/fr\/shop\/pot-de-fleur\/maceteros-con-luz-fr\/pot-geant-magnolia-160-avec-lumiere\/","og_locale":"fr_FR","og_type":"article","og_title":"POT G\u00c9ANT MAGNOLIA 160 AVEC LUMI\u00c8RE EXT\u00c9RIEUR","og_description":"POT G\u00c9ANT MAGNOLIA 160 AVEC LUMI\u00c8RE: Magnolia\u00a0est consid\u00e9r\u00e9 comme l\u2019un des pots de fleurs vedettes de la collection\u00a0Newgarden. Sa grande vari\u00e9t\u00e9 de finition","og_url":"https:\/\/newgarden.es\/fr\/shop\/pot-de-fleur\/maceteros-con-luz-fr\/pot-geant-magnolia-160-avec-lumiere\/","og_site_name":"Newgarden","article_modified_time":"2024-06-13T09:15:06+00:00","og_image":[{"width":1200,"height":1200,"url":"https:\/\/newgarden.es\/wp-content\/uploads\/2022\/03\/MAGNOLIA_160_1200X1200-1.jpg","type":"image\/jpeg"}],"twitter_card":"summary_large_image","twitter_misc":{"Dur\u00e9e de lecture estim\u00e9e":"2 minutes"},"schema":{"@context":"https:\/\/schema.org","@graph":[{"@type":"WebPage","@id":"https:\/\/newgarden.es\/fr\/shop\/pot-de-fleur\/maceteros-con-luz-fr\/pot-geant-magnolia-160-avec-lumiere\/","url":"https:\/\/newgarden.es\/fr\/shop\/pot-de-fleur\/maceteros-con-luz-fr\/pot-geant-magnolia-160-avec-lumiere\/","name":"POT G\u00c9ANT MAGNOLIA 160 AVEC LUMI\u00c8RE EXT\u00c9RIEUR","isPartOf":{"@id":"https:\/\/newgarden.es\/#website"},"primaryImageOfPage":{"@id":"https:\/\/newgarden.es\/fr\/shop\/pot-de-fleur\/maceteros-con-luz-fr\/pot-geant-magnolia-160-avec-lumiere\/#primaryimage"},"image":{"@id":"https:\/\/newgarden.es\/fr\/shop\/pot-de-fleur\/maceteros-con-luz-fr\/pot-geant-magnolia-160-avec-lumiere\/#primaryimage"},"thumbnailUrl":"https:\/\/newgarden.es\/wp-content\/uploads\/2022\/03\/MAGNOLIA_160_1200X1200-1.jpg","datePublished":"2022-03-10T13:29:44+00:00","dateModified":"2024-06-13T09:15:06+00:00","description":"POT G\u00c9ANT MAGNOLIA 160 AVEC LUMI\u00c8RE: Magnolia\u00a0est consid\u00e9r\u00e9 comme l\u2019un des pots de fleurs vedettes de la collection\u00a0Newgarden. Sa grande vari\u00e9t\u00e9 de finition","breadcrumb":{"@id":"https:\/\/newgarden.es\/fr\/shop\/pot-de-fleur\/maceteros-con-luz-fr\/pot-geant-magnolia-160-avec-lumiere\/#breadcrumb"},"inLanguage":"fr-FR","potentialAction":[{"@type":"ReadAction","target":["https:\/\/newgarden.es\/fr\/shop\/pot-de-fleur\/maceteros-con-luz-fr\/pot-geant-magnolia-160-avec-lumiere\/"]}]},{"@type":"ImageObject","inLanguage":"fr-FR","@id":"https:\/\/newgarden.es\/fr\/shop\/pot-de-fleur\/maceteros-con-luz-fr\/pot-geant-magnolia-160-avec-lumiere\/#primaryimage","url":"https:\/\/newgarden.es\/wp-content\/uploads\/2022\/03\/MAGNOLIA_160_1200X1200-1.jpg","contentUrl":"https:\/\/newgarden.es\/wp-content\/uploads\/2022\/03\/MAGNOLIA_160_1200X1200-1.jpg","width":1200,"height":1200},{"@type":"BreadcrumbList","@id":"https:\/\/newgarden.es\/fr\/shop\/pot-de-fleur\/maceteros-con-luz-fr\/pot-geant-magnolia-160-avec-lumiere\/#breadcrumb","itemListElement":[{"@type":"ListItem","position":1,"name":"Home","item":"https:\/\/newgarden.es\/fr\/"},{"@type":"ListItem","position":2,"name":"Boutique","item":"https:\/\/newgarden.es\/fr\/boutique\/"},{"@type":"ListItem","position":3,"name":"POT G\u00c9ANT MAGNOLIA 160 AVEC LUMI\u00c8RE"}]},{"@type":"WebSite","@id":"https:\/\/newgarden.es\/#website","url":"https:\/\/newgarden.es\/","name":"Newgarden","description":"Be happy","potentialAction":[{"@type":"SearchAction","target":{"@type":"EntryPoint","urlTemplate":"https:\/\/newgarden.es\/?s={search_term_string}"},"query-input":{"@type":"PropertyValueSpecification","valueRequired":true,"valueName":"search_term_string"}}],"inLanguage":"fr-FR"}]}},"df_price":2004.8,"df_sale_price":"","df_regular_price":2004.8,"df_image_link":"https:\/\/newgarden.es\/wp-content\/uploads\/2022\/03\/MAGNOLIA_160_1200X1200-1-580x400.jpg","_links":{"self":[{"href":"https:\/\/newgarden.es\/fr\/wp-json\/wp\/v2\/product\/42394"}],"collection":[{"href":"https:\/\/newgarden.es\/fr\/wp-json\/wp\/v2\/product"}],"about":[{"href":"https:\/\/newgarden.es\/fr\/wp-json\/wp\/v2\/types\/product"}],"wp:featuredmedia":[{"embeddable":true,"href":"https:\/\/newgarden.es\/fr\/wp-json\/wp\/v2\/media\/58877"}],"wp:attachment":[{"href":"https:\/\/newgarden.es\/fr\/wp-json\/wp\/v2\/media?parent=42394"}],"wp:term":[{"taxonomy":"product_cat","embeddable":true,"href":"https:\/\/newgarden.es\/fr\/wp-json\/wp\/v2\/product_cat?post=42394"},{"taxonomy":"product_tag","embeddable":true,"href":"https:\/\/newgarden.es\/fr\/wp-json\/wp\/v2\/product_tag?post=42394"}],"curies":[{"name":"wp","href":"https:\/\/api.w.org\/{rel}","templated":true}]}}