{"id":42429,"date":"2022-03-10T14:57:40","date_gmt":"2022-03-10T13:57:47","guid":{"rendered":"https:\/\/newgarden.es\/?post_type=product&#038;p=42429"},"modified":"2024-06-13T11:35:46","modified_gmt":"2024-06-13T09:35:46","slug":"pot-de-fleurs-geant-magnolia-160","status":"publish","type":"product","link":"https:\/\/newgarden.es\/fr\/shop\/pot-de-fleur\/pots-de-fleurs-sans-eclairage\/pot-de-fleurs-geant-magnolia-160\/","title":{"rendered":"POT DE FLEURS G\u00c9ANT MAGNOLIA 160"},"content":{"rendered":"<section class=\"wpb-content-wrapper\"><p>[vc_row][vc_column el_class=&#8221;descripcion_producto&#8221;][vc_column_text]<br \/>\nJARDINI\u00c8RE G\u00c9ANTE EN MAGNOLIA 160<\/p>\n<p>* MAGNOLIA est consid\u00e9r\u00e9 comme l&#8217;une des jardini\u00e8res vedettes de la collection Newgarden. Sa grande vari\u00e9t\u00e9 de finitions, de tailles et de couleurs en fait un incontournable de la gamme des jardini\u00e8res rondes.<\/p>\n<p>Le Magnolia 160 est adapt\u00e9 au mobilier urbain en raison de son design, de ses dimensions et de sa stabilit\u00e9 (il peut peser jusqu&#8217;\u00e0 une tonne dans sa finition color\u00e9e). Un substitut pratique et \u00e9l\u00e9gant \u00e0 la borne.<\/p>\n<p>Tous les produits Newgarden sont fabriqu\u00e9s en poly\u00e9thyl\u00e8ne, ce qui leur conf\u00e8re une grande r\u00e9sistance aux temp\u00e9ratures extr\u00eames. Ils sont \u00e9galement prot\u00e9g\u00e9s contre les rayons UV, ce qui rend la dur\u00e9e de vie du produit extraordinairement longue.<br \/>\n[\/vc_column_text][\/vc_column][\/vc_row][vc_row disable_element=&#8221;yes&#8221;][vc_column][vc_single_image image=&#8221;6566&#8243; img_size=&#8221;full&#8221;][\/vc_column][\/vc_row][vc_row][vc_column width=&#8221;1\/2&#8243;][vc_btn title=&#8221;Fiche technique&#8221; style=&#8221;custom&#8221; custom_background=&#8221;#009bc2&#8243; custom_text=&#8221;#ffffff&#8221; shape=&#8221;square&#8221; link=&#8221;url:https%3A%2F%2Fbit.ly%2F39JGNAK|target:%20_blank|&#8221; el_class=&#8221;btn_descargar_ficha&#8221;][\/vc_column][vc_column width=&#8221;1\/2&#8243;][\/vc_column][\/vc_row]<\/p>\n<\/section>","protected":false},"excerpt":{"rendered":"<h5><strong>Pot de fleurs g\u00e9ant Magnolia 160 de couleur opaque<\/strong><\/h5>\n","protected":false},"featured_media":60755,"template":"","meta":[],"product_cat":[643,747,1592],"product_tag":[],"class_list":{"0":"post-42429","1":"product","2":"type-product","3":"status-publish","4":"has-post-thumbnail","6":"product_cat-pot-de-fleur","7":"product_cat-pots-de-fleurs-sans-eclairage","8":"product_cat-pots-de-fleurs-ronds","10":"first","11":"instock","12":"taxable","13":"shipping-taxable","14":"purchasable","15":"product-type-variable"},"yoast_head":"<!-- This site is optimized with the Yoast SEO plugin v24.2 - https:\/\/yoast.com\/wordpress\/plugins\/seo\/ -->\n<title>POT G\u00c9ANT MAGNOLIA 160 EXT\u00c9RIEUR DE COULEUR<\/title>\n<meta name=\"description\" content=\"Magnolia\u00a0est consid\u00e9r\u00e9 comme l\u2019un des pots de fleurs vedettes de la collection\u00a0Newgarden. Sa grande vari\u00e9t\u00e9 de finitions d\u2019\u00e9clairage et de couleurs le\" \/>\n<meta name=\"robots\" content=\"index, follow, max-snippet:-1, max-image-preview:large, max-video-preview:-1\" \/>\n<link rel=\"canonical\" href=\"https:\/\/newgarden.es\/fr\/shop\/pot-de-fleur\/pots-de-fleurs-sans-eclairage\/pot-de-fleurs-geant-magnolia-160\/\" \/>\n<meta property=\"og:locale\" content=\"fr_FR\" \/>\n<meta property=\"og:type\" content=\"article\" \/>\n<meta property=\"og:title\" content=\"POT G\u00c9ANT MAGNOLIA 160 EXT\u00c9RIEUR DE COULEUR\" \/>\n<meta property=\"og:description\" content=\"Magnolia\u00a0est consid\u00e9r\u00e9 comme l\u2019un des pots de fleurs vedettes de la collection\u00a0Newgarden. Sa grande vari\u00e9t\u00e9 de finitions d\u2019\u00e9clairage et de couleurs le\" \/>\n<meta property=\"og:url\" content=\"https:\/\/newgarden.es\/fr\/shop\/pot-de-fleur\/pots-de-fleurs-sans-eclairage\/pot-de-fleurs-geant-magnolia-160\/\" \/>\n<meta property=\"og:site_name\" content=\"Newgarden\" \/>\n<meta property=\"article:modified_time\" content=\"2024-06-13T09:35:46+00:00\" \/>\n<meta property=\"og:image\" content=\"https:\/\/newgarden.es\/wp-content\/uploads\/2022\/03\/MAGNOLIA_160_1200X1200-11.jpg\" \/>\n\t<meta property=\"og:image:width\" content=\"1200\" \/>\n\t<meta property=\"og:image:height\" content=\"1200\" \/>\n\t<meta property=\"og:image:type\" content=\"image\/jpeg\" \/>\n<meta name=\"twitter:card\" content=\"summary_large_image\" \/>\n<meta name=\"twitter:label1\" content=\"Dur\u00e9e de lecture estim\u00e9e\" \/>\n\t<meta name=\"twitter:data1\" content=\"1 minute\" \/>\n<script type=\"application\/ld+json\" class=\"yoast-schema-graph\">{\"@context\":\"https:\/\/schema.org\",\"@graph\":[{\"@type\":\"WebPage\",\"@id\":\"https:\/\/newgarden.es\/fr\/shop\/pot-de-fleur\/pots-de-fleurs-sans-eclairage\/pot-de-fleurs-geant-magnolia-160\/\",\"url\":\"https:\/\/newgarden.es\/fr\/shop\/pot-de-fleur\/pots-de-fleurs-sans-eclairage\/pot-de-fleurs-geant-magnolia-160\/\",\"name\":\"POT G\u00c9ANT MAGNOLIA 160 EXT\u00c9RIEUR DE COULEUR\",\"isPartOf\":{\"@id\":\"https:\/\/newgarden.es\/#website\"},\"primaryImageOfPage\":{\"@id\":\"https:\/\/newgarden.es\/fr\/shop\/pot-de-fleur\/pots-de-fleurs-sans-eclairage\/pot-de-fleurs-geant-magnolia-160\/#primaryimage\"},\"image\":{\"@id\":\"https:\/\/newgarden.es\/fr\/shop\/pot-de-fleur\/pots-de-fleurs-sans-eclairage\/pot-de-fleurs-geant-magnolia-160\/#primaryimage\"},\"thumbnailUrl\":\"https:\/\/newgarden.es\/wp-content\/uploads\/2022\/03\/MAGNOLIA_160_1200X1200-11.jpg\",\"datePublished\":\"2022-03-10T13:57:47+00:00\",\"dateModified\":\"2024-06-13T09:35:46+00:00\",\"description\":\"Magnolia\u00a0est consid\u00e9r\u00e9 comme l\u2019un des pots de fleurs vedettes de la collection\u00a0Newgarden. Sa grande vari\u00e9t\u00e9 de finitions d\u2019\u00e9clairage et de couleurs le\",\"breadcrumb\":{\"@id\":\"https:\/\/newgarden.es\/fr\/shop\/pot-de-fleur\/pots-de-fleurs-sans-eclairage\/pot-de-fleurs-geant-magnolia-160\/#breadcrumb\"},\"inLanguage\":\"fr-FR\",\"potentialAction\":[{\"@type\":\"ReadAction\",\"target\":[\"https:\/\/newgarden.es\/fr\/shop\/pot-de-fleur\/pots-de-fleurs-sans-eclairage\/pot-de-fleurs-geant-magnolia-160\/\"]}]},{\"@type\":\"ImageObject\",\"inLanguage\":\"fr-FR\",\"@id\":\"https:\/\/newgarden.es\/fr\/shop\/pot-de-fleur\/pots-de-fleurs-sans-eclairage\/pot-de-fleurs-geant-magnolia-160\/#primaryimage\",\"url\":\"https:\/\/newgarden.es\/wp-content\/uploads\/2022\/03\/MAGNOLIA_160_1200X1200-11.jpg\",\"contentUrl\":\"https:\/\/newgarden.es\/wp-content\/uploads\/2022\/03\/MAGNOLIA_160_1200X1200-11.jpg\",\"width\":1200,\"height\":1200},{\"@type\":\"BreadcrumbList\",\"@id\":\"https:\/\/newgarden.es\/fr\/shop\/pot-de-fleur\/pots-de-fleurs-sans-eclairage\/pot-de-fleurs-geant-magnolia-160\/#breadcrumb\",\"itemListElement\":[{\"@type\":\"ListItem\",\"position\":1,\"name\":\"Home\",\"item\":\"https:\/\/newgarden.es\/fr\/\"},{\"@type\":\"ListItem\",\"position\":2,\"name\":\"Boutique\",\"item\":\"https:\/\/newgarden.es\/fr\/boutique\/\"},{\"@type\":\"ListItem\",\"position\":3,\"name\":\"POT DE FLEURS G\u00c9ANT MAGNOLIA 160\"}]},{\"@type\":\"WebSite\",\"@id\":\"https:\/\/newgarden.es\/#website\",\"url\":\"https:\/\/newgarden.es\/\",\"name\":\"Newgarden\",\"description\":\"Be happy\",\"potentialAction\":[{\"@type\":\"SearchAction\",\"target\":{\"@type\":\"EntryPoint\",\"urlTemplate\":\"https:\/\/newgarden.es\/?s={search_term_string}\"},\"query-input\":{\"@type\":\"PropertyValueSpecification\",\"valueRequired\":true,\"valueName\":\"search_term_string\"}}],\"inLanguage\":\"fr-FR\"}]}<\/script>\n<!-- \/ Yoast SEO plugin. -->","yoast_head_json":{"title":"POT G\u00c9ANT MAGNOLIA 160 EXT\u00c9RIEUR DE COULEUR","description":"Magnolia\u00a0est consid\u00e9r\u00e9 comme l\u2019un des pots de fleurs vedettes de la collection\u00a0Newgarden. Sa grande vari\u00e9t\u00e9 de finitions d\u2019\u00e9clairage et de couleurs le","robots":{"index":"index","follow":"follow","max-snippet":"max-snippet:-1","max-image-preview":"max-image-preview:large","max-video-preview":"max-video-preview:-1"},"canonical":"https:\/\/newgarden.es\/fr\/shop\/pot-de-fleur\/pots-de-fleurs-sans-eclairage\/pot-de-fleurs-geant-magnolia-160\/","og_locale":"fr_FR","og_type":"article","og_title":"POT G\u00c9ANT MAGNOLIA 160 EXT\u00c9RIEUR DE COULEUR","og_description":"Magnolia\u00a0est consid\u00e9r\u00e9 comme l\u2019un des pots de fleurs vedettes de la collection\u00a0Newgarden. Sa grande vari\u00e9t\u00e9 de finitions d\u2019\u00e9clairage et de couleurs le","og_url":"https:\/\/newgarden.es\/fr\/shop\/pot-de-fleur\/pots-de-fleurs-sans-eclairage\/pot-de-fleurs-geant-magnolia-160\/","og_site_name":"Newgarden","article_modified_time":"2024-06-13T09:35:46+00:00","og_image":[{"width":1200,"height":1200,"url":"https:\/\/newgarden.es\/wp-content\/uploads\/2022\/03\/MAGNOLIA_160_1200X1200-11.jpg","type":"image\/jpeg"}],"twitter_card":"summary_large_image","twitter_misc":{"Dur\u00e9e de lecture estim\u00e9e":"1 minute"},"schema":{"@context":"https:\/\/schema.org","@graph":[{"@type":"WebPage","@id":"https:\/\/newgarden.es\/fr\/shop\/pot-de-fleur\/pots-de-fleurs-sans-eclairage\/pot-de-fleurs-geant-magnolia-160\/","url":"https:\/\/newgarden.es\/fr\/shop\/pot-de-fleur\/pots-de-fleurs-sans-eclairage\/pot-de-fleurs-geant-magnolia-160\/","name":"POT G\u00c9ANT MAGNOLIA 160 EXT\u00c9RIEUR DE COULEUR","isPartOf":{"@id":"https:\/\/newgarden.es\/#website"},"primaryImageOfPage":{"@id":"https:\/\/newgarden.es\/fr\/shop\/pot-de-fleur\/pots-de-fleurs-sans-eclairage\/pot-de-fleurs-geant-magnolia-160\/#primaryimage"},"image":{"@id":"https:\/\/newgarden.es\/fr\/shop\/pot-de-fleur\/pots-de-fleurs-sans-eclairage\/pot-de-fleurs-geant-magnolia-160\/#primaryimage"},"thumbnailUrl":"https:\/\/newgarden.es\/wp-content\/uploads\/2022\/03\/MAGNOLIA_160_1200X1200-11.jpg","datePublished":"2022-03-10T13:57:47+00:00","dateModified":"2024-06-13T09:35:46+00:00","description":"Magnolia\u00a0est consid\u00e9r\u00e9 comme l\u2019un des pots de fleurs vedettes de la collection\u00a0Newgarden. Sa grande vari\u00e9t\u00e9 de finitions d\u2019\u00e9clairage et de couleurs le","breadcrumb":{"@id":"https:\/\/newgarden.es\/fr\/shop\/pot-de-fleur\/pots-de-fleurs-sans-eclairage\/pot-de-fleurs-geant-magnolia-160\/#breadcrumb"},"inLanguage":"fr-FR","potentialAction":[{"@type":"ReadAction","target":["https:\/\/newgarden.es\/fr\/shop\/pot-de-fleur\/pots-de-fleurs-sans-eclairage\/pot-de-fleurs-geant-magnolia-160\/"]}]},{"@type":"ImageObject","inLanguage":"fr-FR","@id":"https:\/\/newgarden.es\/fr\/shop\/pot-de-fleur\/pots-de-fleurs-sans-eclairage\/pot-de-fleurs-geant-magnolia-160\/#primaryimage","url":"https:\/\/newgarden.es\/wp-content\/uploads\/2022\/03\/MAGNOLIA_160_1200X1200-11.jpg","contentUrl":"https:\/\/newgarden.es\/wp-content\/uploads\/2022\/03\/MAGNOLIA_160_1200X1200-11.jpg","width":1200,"height":1200},{"@type":"BreadcrumbList","@id":"https:\/\/newgarden.es\/fr\/shop\/pot-de-fleur\/pots-de-fleurs-sans-eclairage\/pot-de-fleurs-geant-magnolia-160\/#breadcrumb","itemListElement":[{"@type":"ListItem","position":1,"name":"Home","item":"https:\/\/newgarden.es\/fr\/"},{"@type":"ListItem","position":2,"name":"Boutique","item":"https:\/\/newgarden.es\/fr\/boutique\/"},{"@type":"ListItem","position":3,"name":"POT DE FLEURS G\u00c9ANT MAGNOLIA 160"}]},{"@type":"WebSite","@id":"https:\/\/newgarden.es\/#website","url":"https:\/\/newgarden.es\/","name":"Newgarden","description":"Be happy","potentialAction":[{"@type":"SearchAction","target":{"@type":"EntryPoint","urlTemplate":"https:\/\/newgarden.es\/?s={search_term_string}"},"query-input":{"@type":"PropertyValueSpecification","valueRequired":true,"valueName":"search_term_string"}}],"inLanguage":"fr-FR"}]}},"df_price":1534.4,"df_sale_price":"","df_regular_price":1534.4,"df_image_link":"https:\/\/newgarden.es\/wp-content\/uploads\/2022\/03\/MAGNOLIA_160_1200X1200-11-580x400.jpg","_links":{"self":[{"href":"https:\/\/newgarden.es\/fr\/wp-json\/wp\/v2\/product\/42429"}],"collection":[{"href":"https:\/\/newgarden.es\/fr\/wp-json\/wp\/v2\/product"}],"about":[{"href":"https:\/\/newgarden.es\/fr\/wp-json\/wp\/v2\/types\/product"}],"wp:featuredmedia":[{"embeddable":true,"href":"https:\/\/newgarden.es\/fr\/wp-json\/wp\/v2\/media\/60755"}],"wp:attachment":[{"href":"https:\/\/newgarden.es\/fr\/wp-json\/wp\/v2\/media?parent=42429"}],"wp:term":[{"taxonomy":"product_cat","embeddable":true,"href":"https:\/\/newgarden.es\/fr\/wp-json\/wp\/v2\/product_cat?post=42429"},{"taxonomy":"product_tag","embeddable":true,"href":"https:\/\/newgarden.es\/fr\/wp-json\/wp\/v2\/product_tag?post=42429"}],"curies":[{"name":"wp","href":"https:\/\/api.w.org\/{rel}","templated":true}]}}