{"id":42788,"date":"2022-03-14T15:12:01","date_gmt":"2022-03-14T14:12:04","guid":{"rendered":"https:\/\/newgarden.es\/?post_type=product&#038;p=42788"},"modified":"2024-05-27T14:19:04","modified_gmt":"2024-05-27T12:19:04","slug":"ampoule-portable-rechargeable-edy-g125","status":"publish","type":"product","link":"https:\/\/newgarden.es\/fr\/shop\/lightdeco-fr\/lampes-suspendues\/ampoule-portable-rechargeable-edy-g125\/","title":{"rendered":"EDY G125 PORTABLE SANS FIL AMPOULE VINTAGE"},"content":{"rendered":"<section class=\"wpb-content-wrapper\"><p>[vc_row][vc_column][vc_column_text][\/vc_column_text][\/vc_column][\/vc_row][vc_row][vc_column][vc_column_text]L&rsquo;ampoule vintage portable sans fil EDY G125 ne n\u00e9cessite aucune installation, il suffit de la suspendre ou de l&rsquo;approcher d&rsquo;une zone m\u00e9tallique pour qu&rsquo;elle adh\u00e8re gr\u00e2ce \u00e0 sa base aimant\u00e9e. Il int\u00e8gre un filament LED d&rsquo;une grande luminosit\u00e9 et son rev\u00eatement plastique qui simule du verre fum\u00e9 est tr\u00e8s r\u00e9sistant, presque incassable. Il comprend un crochet m\u00e9tallique pour le suspendre et un cordon de deux m\u00e8tres.<\/p>\n<p>Cette ampoule comprend \u00e9galement une t\u00e9l\u00e9commande permettant de l&rsquo;allumer et de l&rsquo;\u00e9teindre, de r\u00e9gler son intensit\u00e9 et d&rsquo;utiliser les fonctions de lumi\u00e8re fixe ou d&rsquo;effet de flamme.<\/p>\n<p>Il dispose de 400 lumens et d&rsquo;une autonomie allant jusqu&rsquo;\u00e0 25 heures selon son intensit\u00e9.<\/p>\n<p>1 unit\u00e9 d&rsquo;achat \u00e9quivaut \u00e0 6 unit\u00e9s<\/p>\n<ul>\n<li><strong>TAILLE<\/strong><br \/>\n\u00f812 x 22,5 cm<\/li>\n<\/ul>\n<p>[\/vc_column_text][\/vc_column][\/vc_row][vc_row][vc_column width=\u00a0\u00bb1\/2&Prime;][vc_btn title=\u00a0\u00bbFICHE TECHNIQUE COULEUR BLANCHE\u00a0\u00bb style=\u00a0\u00bbcustom\u00a0\u00bb custom_background=\u00a0\u00bb#009bc2&Prime; custom_text=\u00a0\u00bb#ffffff\u00a0\u00bb shape=\u00a0\u00bbsquare\u00a0\u00bb link=\u00a0\u00bburl:https%3A%2F%2Fbit.ly%2F39GpS1P|target:%20_blank|\u00a0\u00bb el_class=\u00a0\u00bbbtn_descargar_ficha\u00a0\u00bb][vc_btn title=\u00a0\u00bbFICHE TECHNIQUE COULEUR BEIGE\u00a0\u00bb style=\u00a0\u00bbcustom\u00a0\u00bb custom_background=\u00a0\u00bb#009bc2&Prime; custom_text=\u00a0\u00bb#ffffff\u00a0\u00bb shape=\u00a0\u00bbsquare\u00a0\u00bb link=\u00a0\u00bburl:https%3A%2F%2Fbit.ly%2F3xLkL8J|target:%20_blank|\u00a0\u00bb el_class=\u00a0\u00bbbtn_descargar_ficha\u00a0\u00bb][vc_btn title=\u00a0\u00bbFICHE TECHNIQUE COULEUR NOIRE\u00a0\u00bb style=\u00a0\u00bbcustom\u00a0\u00bb custom_background=\u00a0\u00bb#009bc2&Prime; custom_text=\u00a0\u00bb#ffffff\u00a0\u00bb shape=\u00a0\u00bbsquare\u00a0\u00bb link=\u00a0\u00bburl:https%3A%2F%2Fbit.ly%2F3xKfOwC|target:%20_blank|\u00a0\u00bb el_class=\u00a0\u00bbbtn_descargar_ficha\u00a0\u00bb][\/vc_column][vc_column width=\u00a0\u00bb1\/2&Prime;][vc_btn title=\u00a0\u00bbMANUEL D&apos;INSTRUCTION &#8211; BLANC\u00a0\u00bb style=\u00a0\u00bbcustom\u00a0\u00bb custom_background=\u00a0\u00bb#009bc2&Prime; custom_text=\u00a0\u00bb#ffffff\u00a0\u00bb shape=\u00a0\u00bbsquare\u00a0\u00bb link=\u00a0\u00bburl:https%3A%2F%2Fbit.ly%2F3vx00x0|target:%20_blank|\u00a0\u00bb el_class=\u00a0\u00bbbtn_descargar_ficha\u00a0\u00bb][vc_btn title=\u00a0\u00bbMANUEL D&apos;INSTRUCTION &#8211; BEIGE\u00a0\u00bb style=\u00a0\u00bbcustom\u00a0\u00bb custom_background=\u00a0\u00bb#009bc2&Prime; custom_text=\u00a0\u00bb#ffffff\u00a0\u00bb shape=\u00a0\u00bbsquare\u00a0\u00bb link=\u00a0\u00bburl:https%3A%2F%2Fbit.ly%2F3zns5bj|target:%20_blank|\u00a0\u00bb el_class=\u00a0\u00bbbtn_descargar_ficha\u00a0\u00bb][vc_btn title=\u00a0\u00bbMANUEL D&apos;INSTRUCTION &#8211; NOIR\u00a0\u00bb style=\u00a0\u00bbcustom\u00a0\u00bb custom_background=\u00a0\u00bb#009bc2&Prime; custom_text=\u00a0\u00bb#ffffff\u00a0\u00bb shape=\u00a0\u00bbsquare\u00a0\u00bb link=\u00a0\u00bburl:https%3A%2F%2Fbit.ly%2F3zmF4dn|target:%20_blank|\u00a0\u00bb el_class=\u00a0\u00bbbtn_descargar_ficha\u00a0\u00bb][\/vc_column][vc_column][\/vc_column][\/vc_row]<\/p>\n<\/section>","protected":false},"excerpt":{"rendered":"<h5><strong>PACK X6 UNIT\u00c9S &#8211; <\/strong>Ampoule portable rechargeable Edy G125<\/h5>\n","protected":false},"featured_media":55254,"template":"","meta":[],"product_cat":[651,754,744],"product_tag":[653,707],"class_list":{"0":"post-42788","1":"product","2":"type-product","3":"status-publish","4":"has-post-thumbnail","6":"product_cat-lightdeco-fr","7":"product_cat-portables","8":"product_cat-lampes-suspendues","9":"product_tag-batterie","10":"product_tag-sans-fil","12":"first","13":"instock","14":"taxable","15":"shipping-taxable","16":"purchasable","17":"product-type-variable"},"yoast_head":"<!-- This site is optimized with the Yoast SEO plugin v24.2 - https:\/\/yoast.com\/wordpress\/plugins\/seo\/ -->\n<title>AMPOULE PORTABLE RECHARGEABLE EDY G125<\/title>\n<meta name=\"description\" content=\"L&#039;ampoule vintage portable sans fil EDY G125 ne n\u00e9cessite aucune installation, il suffit de la suspendre ou de l&#039;approcher d&#039;une zone m\u00e9tallique pour\" \/>\n<meta name=\"robots\" content=\"index, follow, max-snippet:-1, max-image-preview:large, max-video-preview:-1\" \/>\n<link rel=\"canonical\" href=\"https:\/\/newgarden.es\/fr\/shop\/lightdeco-fr\/lampes-suspendues\/ampoule-portable-rechargeable-edy-g125\/\" \/>\n<meta property=\"og:locale\" content=\"fr_FR\" \/>\n<meta property=\"og:type\" content=\"article\" \/>\n<meta property=\"og:title\" content=\"AMPOULE PORTABLE RECHARGEABLE EDY G125\" \/>\n<meta property=\"og:description\" content=\"L&#039;ampoule vintage portable sans fil EDY G125 ne n\u00e9cessite aucune installation, il suffit de la suspendre ou de l&#039;approcher d&#039;une zone m\u00e9tallique pour\" \/>\n<meta property=\"og:url\" content=\"https:\/\/newgarden.es\/fr\/shop\/lightdeco-fr\/lampes-suspendues\/ampoule-portable-rechargeable-edy-g125\/\" \/>\n<meta property=\"og:site_name\" content=\"Newgarden\" \/>\n<meta property=\"article:modified_time\" content=\"2024-05-27T12:19:04+00:00\" \/>\n<meta property=\"og:image\" content=\"https:\/\/newgarden.es\/wp-content\/uploads\/2022\/03\/EDY_G125_1200X1200-17.jpg\" \/>\n\t<meta property=\"og:image:width\" content=\"1200\" \/>\n\t<meta property=\"og:image:height\" content=\"1200\" \/>\n\t<meta property=\"og:image:type\" content=\"image\/jpeg\" \/>\n<meta name=\"twitter:card\" content=\"summary_large_image\" \/>\n<meta name=\"twitter:label1\" content=\"Dur\u00e9e de lecture estim\u00e9e\" \/>\n\t<meta name=\"twitter:data1\" content=\"2 minutes\" \/>\n<script type=\"application\/ld+json\" class=\"yoast-schema-graph\">{\"@context\":\"https:\/\/schema.org\",\"@graph\":[{\"@type\":\"WebPage\",\"@id\":\"https:\/\/newgarden.es\/fr\/shop\/lightdeco-fr\/lampes-suspendues\/ampoule-portable-rechargeable-edy-g125\/\",\"url\":\"https:\/\/newgarden.es\/fr\/shop\/lightdeco-fr\/lampes-suspendues\/ampoule-portable-rechargeable-edy-g125\/\",\"name\":\"AMPOULE PORTABLE RECHARGEABLE EDY G125\",\"isPartOf\":{\"@id\":\"https:\/\/newgarden.es\/#website\"},\"primaryImageOfPage\":{\"@id\":\"https:\/\/newgarden.es\/fr\/shop\/lightdeco-fr\/lampes-suspendues\/ampoule-portable-rechargeable-edy-g125\/#primaryimage\"},\"image\":{\"@id\":\"https:\/\/newgarden.es\/fr\/shop\/lightdeco-fr\/lampes-suspendues\/ampoule-portable-rechargeable-edy-g125\/#primaryimage\"},\"thumbnailUrl\":\"https:\/\/newgarden.es\/wp-content\/uploads\/2022\/03\/EDY_G125_1200X1200-17.jpg\",\"datePublished\":\"2022-03-14T14:12:04+00:00\",\"dateModified\":\"2024-05-27T12:19:04+00:00\",\"description\":\"L'ampoule vintage portable sans fil EDY G125 ne n\u00e9cessite aucune installation, il suffit de la suspendre ou de l'approcher d'une zone m\u00e9tallique pour\",\"breadcrumb\":{\"@id\":\"https:\/\/newgarden.es\/fr\/shop\/lightdeco-fr\/lampes-suspendues\/ampoule-portable-rechargeable-edy-g125\/#breadcrumb\"},\"inLanguage\":\"fr-FR\",\"potentialAction\":[{\"@type\":\"ReadAction\",\"target\":[\"https:\/\/newgarden.es\/fr\/shop\/lightdeco-fr\/lampes-suspendues\/ampoule-portable-rechargeable-edy-g125\/\"]}]},{\"@type\":\"ImageObject\",\"inLanguage\":\"fr-FR\",\"@id\":\"https:\/\/newgarden.es\/fr\/shop\/lightdeco-fr\/lampes-suspendues\/ampoule-portable-rechargeable-edy-g125\/#primaryimage\",\"url\":\"https:\/\/newgarden.es\/wp-content\/uploads\/2022\/03\/EDY_G125_1200X1200-17.jpg\",\"contentUrl\":\"https:\/\/newgarden.es\/wp-content\/uploads\/2022\/03\/EDY_G125_1200X1200-17.jpg\",\"width\":1200,\"height\":1200},{\"@type\":\"BreadcrumbList\",\"@id\":\"https:\/\/newgarden.es\/fr\/shop\/lightdeco-fr\/lampes-suspendues\/ampoule-portable-rechargeable-edy-g125\/#breadcrumb\",\"itemListElement\":[{\"@type\":\"ListItem\",\"position\":1,\"name\":\"Home\",\"item\":\"https:\/\/newgarden.es\/fr\/\"},{\"@type\":\"ListItem\",\"position\":2,\"name\":\"Boutique\",\"item\":\"https:\/\/newgarden.es\/fr\/boutique\/\"},{\"@type\":\"ListItem\",\"position\":3,\"name\":\"EDY G125 PORTABLE SANS FIL AMPOULE VINTAGE\"}]},{\"@type\":\"WebSite\",\"@id\":\"https:\/\/newgarden.es\/#website\",\"url\":\"https:\/\/newgarden.es\/\",\"name\":\"Newgarden\",\"description\":\"Be happy\",\"potentialAction\":[{\"@type\":\"SearchAction\",\"target\":{\"@type\":\"EntryPoint\",\"urlTemplate\":\"https:\/\/newgarden.es\/?s={search_term_string}\"},\"query-input\":{\"@type\":\"PropertyValueSpecification\",\"valueRequired\":true,\"valueName\":\"search_term_string\"}}],\"inLanguage\":\"fr-FR\"}]}<\/script>\n<!-- \/ Yoast SEO plugin. -->","yoast_head_json":{"title":"AMPOULE PORTABLE RECHARGEABLE EDY G125","description":"L'ampoule vintage portable sans fil EDY G125 ne n\u00e9cessite aucune installation, il suffit de la suspendre ou de l'approcher d'une zone m\u00e9tallique pour","robots":{"index":"index","follow":"follow","max-snippet":"max-snippet:-1","max-image-preview":"max-image-preview:large","max-video-preview":"max-video-preview:-1"},"canonical":"https:\/\/newgarden.es\/fr\/shop\/lightdeco-fr\/lampes-suspendues\/ampoule-portable-rechargeable-edy-g125\/","og_locale":"fr_FR","og_type":"article","og_title":"AMPOULE PORTABLE RECHARGEABLE EDY G125","og_description":"L'ampoule vintage portable sans fil EDY G125 ne n\u00e9cessite aucune installation, il suffit de la suspendre ou de l'approcher d'une zone m\u00e9tallique pour","og_url":"https:\/\/newgarden.es\/fr\/shop\/lightdeco-fr\/lampes-suspendues\/ampoule-portable-rechargeable-edy-g125\/","og_site_name":"Newgarden","article_modified_time":"2024-05-27T12:19:04+00:00","og_image":[{"width":1200,"height":1200,"url":"https:\/\/newgarden.es\/wp-content\/uploads\/2022\/03\/EDY_G125_1200X1200-17.jpg","type":"image\/jpeg"}],"twitter_card":"summary_large_image","twitter_misc":{"Dur\u00e9e de lecture estim\u00e9e":"2 minutes"},"schema":{"@context":"https:\/\/schema.org","@graph":[{"@type":"WebPage","@id":"https:\/\/newgarden.es\/fr\/shop\/lightdeco-fr\/lampes-suspendues\/ampoule-portable-rechargeable-edy-g125\/","url":"https:\/\/newgarden.es\/fr\/shop\/lightdeco-fr\/lampes-suspendues\/ampoule-portable-rechargeable-edy-g125\/","name":"AMPOULE PORTABLE RECHARGEABLE EDY G125","isPartOf":{"@id":"https:\/\/newgarden.es\/#website"},"primaryImageOfPage":{"@id":"https:\/\/newgarden.es\/fr\/shop\/lightdeco-fr\/lampes-suspendues\/ampoule-portable-rechargeable-edy-g125\/#primaryimage"},"image":{"@id":"https:\/\/newgarden.es\/fr\/shop\/lightdeco-fr\/lampes-suspendues\/ampoule-portable-rechargeable-edy-g125\/#primaryimage"},"thumbnailUrl":"https:\/\/newgarden.es\/wp-content\/uploads\/2022\/03\/EDY_G125_1200X1200-17.jpg","datePublished":"2022-03-14T14:12:04+00:00","dateModified":"2024-05-27T12:19:04+00:00","description":"L'ampoule vintage portable sans fil EDY G125 ne n\u00e9cessite aucune installation, il suffit de la suspendre ou de l'approcher d'une zone m\u00e9tallique pour","breadcrumb":{"@id":"https:\/\/newgarden.es\/fr\/shop\/lightdeco-fr\/lampes-suspendues\/ampoule-portable-rechargeable-edy-g125\/#breadcrumb"},"inLanguage":"fr-FR","potentialAction":[{"@type":"ReadAction","target":["https:\/\/newgarden.es\/fr\/shop\/lightdeco-fr\/lampes-suspendues\/ampoule-portable-rechargeable-edy-g125\/"]}]},{"@type":"ImageObject","inLanguage":"fr-FR","@id":"https:\/\/newgarden.es\/fr\/shop\/lightdeco-fr\/lampes-suspendues\/ampoule-portable-rechargeable-edy-g125\/#primaryimage","url":"https:\/\/newgarden.es\/wp-content\/uploads\/2022\/03\/EDY_G125_1200X1200-17.jpg","contentUrl":"https:\/\/newgarden.es\/wp-content\/uploads\/2022\/03\/EDY_G125_1200X1200-17.jpg","width":1200,"height":1200},{"@type":"BreadcrumbList","@id":"https:\/\/newgarden.es\/fr\/shop\/lightdeco-fr\/lampes-suspendues\/ampoule-portable-rechargeable-edy-g125\/#breadcrumb","itemListElement":[{"@type":"ListItem","position":1,"name":"Home","item":"https:\/\/newgarden.es\/fr\/"},{"@type":"ListItem","position":2,"name":"Boutique","item":"https:\/\/newgarden.es\/fr\/boutique\/"},{"@type":"ListItem","position":3,"name":"EDY G125 PORTABLE SANS FIL AMPOULE VINTAGE"}]},{"@type":"WebSite","@id":"https:\/\/newgarden.es\/#website","url":"https:\/\/newgarden.es\/","name":"Newgarden","description":"Be happy","potentialAction":[{"@type":"SearchAction","target":{"@type":"EntryPoint","urlTemplate":"https:\/\/newgarden.es\/?s={search_term_string}"},"query-input":{"@type":"PropertyValueSpecification","valueRequired":true,"valueName":"search_term_string"}}],"inLanguage":"fr-FR"}]}},"df_price":210,"df_sale_price":"","df_regular_price":210,"df_image_link":"https:\/\/newgarden.es\/wp-content\/uploads\/2022\/03\/EDY_G125_1200X1200-17-580x400.jpg","_links":{"self":[{"href":"https:\/\/newgarden.es\/fr\/wp-json\/wp\/v2\/product\/42788"}],"collection":[{"href":"https:\/\/newgarden.es\/fr\/wp-json\/wp\/v2\/product"}],"about":[{"href":"https:\/\/newgarden.es\/fr\/wp-json\/wp\/v2\/types\/product"}],"wp:featuredmedia":[{"embeddable":true,"href":"https:\/\/newgarden.es\/fr\/wp-json\/wp\/v2\/media\/55254"}],"wp:attachment":[{"href":"https:\/\/newgarden.es\/fr\/wp-json\/wp\/v2\/media?parent=42788"}],"wp:term":[{"taxonomy":"product_cat","embeddable":true,"href":"https:\/\/newgarden.es\/fr\/wp-json\/wp\/v2\/product_cat?post=42788"},{"taxonomy":"product_tag","embeddable":true,"href":"https:\/\/newgarden.es\/fr\/wp-json\/wp\/v2\/product_tag?post=42788"}],"curies":[{"name":"wp","href":"https:\/\/api.w.org\/{rel}","templated":true}]}}