{"id":42865,"date":"2022-03-14T15:23:08","date_gmt":"2022-03-14T14:23:11","guid":{"rendered":"https:\/\/newgarden.es\/?post_type=product&#038;p=42865"},"modified":"2024-06-13T11:08:59","modified_gmt":"2024-06-13T09:08:59","slug":"jardiniere-ronde-suspendue-avec-eclairage-sans-fil-elba","status":"publish","type":"product","link":"https:\/\/newgarden.es\/fr\/shop\/lightdeco-fr\/lampes-suspendues\/jardiniere-ronde-suspendue-avec-eclairage-sans-fil-elba\/","title":{"rendered":"JARDINI\u00c8RE RONDE SUSPENDUE AVEC \u00c9CLAIRAGE SANS FIL ELBA 39"},"content":{"rendered":"<section class=\"wpb-content-wrapper\"><p>[vc_row][vc_column][vc_column_text][\/vc_column_text][\/vc_column][\/vc_row][vc_row][vc_column][vc_column_text]La jardini\u00e8re suspendue ronde avec \u00e9clairage sans fil ELBA 39 est fabriqu\u00e9e en poly\u00e9thyl\u00e8ne blanc super r\u00e9sistant. Il est tr\u00e8s facile \u00e0 installer car il comprend un aimant qui permet de le suspendre sans trous sur n&rsquo;importe quelle surface magn\u00e9tique. Pour r\u00e9gler sa hauteur, il suffit de pousser le c\u00e2ble vers l&rsquo;int\u00e9rieur.<\/p>\n<p>Vous pouvez le combiner avec la version plus grande : ELBA 59.<\/p>\n<p><strong>Comprend un ensemble de plantes artificielles<\/strong><\/p>\n<p>Son \u00e9clairage : La main ne n\u00e9cessite aucune installation, il vous suffira de l&rsquo;approcher de l&rsquo;anneau m\u00e9tallique int\u00e9rieur pour qu&rsquo;elle adh\u00e8re gr\u00e2ce \u00e0 sa base aimant\u00e9e.<\/p>\n<p>Cette ampoule comprend \u00e9galement une t\u00e9l\u00e9commande pour l&rsquo;allumer, l&rsquo;\u00e9teindre et r\u00e9gler son intensit\u00e9.<\/p>\n<p>Elle a une puissance de 900 lumens et une autonomie de 6 \u00e0 20 heures selon l&rsquo;intensit\u00e9.<\/p>\n<p>&nbsp;<\/p>\n<ul class=\"tablaTech\">\n<li>\n<div class=\"boxContents no-border\">\n<div class=\"name\"><strong>TAILLE<\/strong><\/div>\n<div class=\"data\">\u00f839 x\u00a010 cm<\/div>\n<\/div>\n<\/li>\n<\/ul>\n<p>[\/vc_column_text][vc_video link=\u00a0\u00bbhttps:\/\/youtu.be\/Zo0FlNN_K5U\u00a0\u00bb][\/vc_column][\/vc_row][vc_row][vc_column width=\u00a0\u00bb1\/2&Prime;][vc_btn title=\u00a0\u00bbFiche technique\u00a0\u00bb style=\u00a0\u00bbcustom\u00a0\u00bb custom_background=\u00a0\u00bb#009bc2&Prime; custom_text=\u00a0\u00bb#ffffff\u00a0\u00bb shape=\u00a0\u00bbsquare\u00a0\u00bb link=\u00a0\u00bburl:https%3A%2F%2Fbit.ly%2F3zXUtT5|target:%20_blank|\u00a0\u00bb el_class=\u00a0\u00bbbtn_descargar_ficha\u00a0\u00bb][\/vc_column][vc_column width=\u00a0\u00bb1\/2&Prime;][vc_btn title=\u00a0\u00bbManuel d&apos;instrutions\u00a0\u00bb style=\u00a0\u00bbcustom\u00a0\u00bb custom_background=\u00a0\u00bb#009bc2&Prime; custom_text=\u00a0\u00bb#ffffff\u00a0\u00bb shape=\u00a0\u00bbsquare\u00a0\u00bb link=\u00a0\u00bburl:https%3A%2F%2Fbit.ly%2F3SiVGLF|target:%20_blank|\u00a0\u00bb el_class=\u00a0\u00bbbtn_descargar_ficha\u00a0\u00bb][\/vc_column][vc_column][\/vc_column][\/vc_row]<\/p>\n<\/section>","protected":false},"excerpt":{"rendered":"<h6>Jardini\u00e8re ronde suspendue avec \u00e9clairage sans fil ELBA 39<\/h6>\n","protected":false},"featured_media":57442,"template":"","meta":[],"product_cat":[651,754,744,643,646],"product_tag":[653,707],"class_list":{"0":"post-42865","1":"product","2":"type-product","3":"status-publish","4":"has-post-thumbnail","6":"product_cat-lightdeco-fr","7":"product_cat-portables","8":"product_cat-lampes-suspendues","9":"product_cat-pot-de-fleur","10":"product_cat-maceteros-con-luz-fr","11":"product_tag-batterie","12":"product_tag-sans-fil","14":"first","15":"instock","16":"taxable","17":"shipping-taxable","18":"purchasable","19":"product-type-variable"},"yoast_head":"<!-- This site is optimized with the Yoast SEO plugin v24.2 - https:\/\/yoast.com\/wordpress\/plugins\/seo\/ -->\n<title>Jardini\u00e8re ronde suspendue avec \u00e9clairage sans fil ELBA<\/title>\n<meta name=\"description\" content=\"La jardini\u00e8re ronde suspendue avec \u00e9clairage sans fil ELBA 39 est fabriqu\u00e9e en poly\u00e9thyl\u00e8ne blanc super r\u00e9sistant. Tr\u00e8s facile \u00e0 installer car\" \/>\n<meta name=\"robots\" content=\"index, follow, max-snippet:-1, max-image-preview:large, max-video-preview:-1\" \/>\n<link rel=\"canonical\" href=\"https:\/\/newgarden.es\/fr\/shop\/lightdeco-fr\/lampes-suspendues\/jardiniere-ronde-suspendue-avec-eclairage-sans-fil-elba\/\" \/>\n<meta property=\"og:locale\" content=\"fr_FR\" \/>\n<meta property=\"og:type\" content=\"article\" \/>\n<meta property=\"og:title\" content=\"Jardini\u00e8re ronde suspendue avec \u00e9clairage sans fil ELBA\" \/>\n<meta property=\"og:description\" content=\"La jardini\u00e8re ronde suspendue avec \u00e9clairage sans fil ELBA 39 est fabriqu\u00e9e en poly\u00e9thyl\u00e8ne blanc super r\u00e9sistant. Tr\u00e8s facile \u00e0 installer car\" \/>\n<meta property=\"og:url\" content=\"https:\/\/newgarden.es\/fr\/shop\/lightdeco-fr\/lampes-suspendues\/jardiniere-ronde-suspendue-avec-eclairage-sans-fil-elba\/\" \/>\n<meta property=\"og:site_name\" content=\"Newgarden\" \/>\n<meta property=\"article:modified_time\" content=\"2024-06-13T09:08:59+00:00\" \/>\n<meta property=\"og:image\" content=\"https:\/\/newgarden.es\/wp-content\/uploads\/2022\/03\/ELBA_35_BATTERY_1200X1200-6-1.jpg\" \/>\n\t<meta property=\"og:image:width\" content=\"1200\" \/>\n\t<meta property=\"og:image:height\" content=\"1200\" \/>\n\t<meta property=\"og:image:type\" content=\"image\/jpeg\" \/>\n<meta name=\"twitter:card\" content=\"summary_large_image\" \/>\n<meta name=\"twitter:label1\" content=\"Dur\u00e9e de lecture estim\u00e9e\" \/>\n\t<meta name=\"twitter:data1\" content=\"1 minute\" \/>\n<script type=\"application\/ld+json\" class=\"yoast-schema-graph\">{\"@context\":\"https:\/\/schema.org\",\"@graph\":[{\"@type\":\"WebPage\",\"@id\":\"https:\/\/newgarden.es\/fr\/shop\/lightdeco-fr\/lampes-suspendues\/jardiniere-ronde-suspendue-avec-eclairage-sans-fil-elba\/\",\"url\":\"https:\/\/newgarden.es\/fr\/shop\/lightdeco-fr\/lampes-suspendues\/jardiniere-ronde-suspendue-avec-eclairage-sans-fil-elba\/\",\"name\":\"Jardini\u00e8re ronde suspendue avec \u00e9clairage sans fil ELBA\",\"isPartOf\":{\"@id\":\"https:\/\/newgarden.es\/#website\"},\"primaryImageOfPage\":{\"@id\":\"https:\/\/newgarden.es\/fr\/shop\/lightdeco-fr\/lampes-suspendues\/jardiniere-ronde-suspendue-avec-eclairage-sans-fil-elba\/#primaryimage\"},\"image\":{\"@id\":\"https:\/\/newgarden.es\/fr\/shop\/lightdeco-fr\/lampes-suspendues\/jardiniere-ronde-suspendue-avec-eclairage-sans-fil-elba\/#primaryimage\"},\"thumbnailUrl\":\"https:\/\/newgarden.es\/wp-content\/uploads\/2022\/03\/ELBA_35_BATTERY_1200X1200-6-1.jpg\",\"datePublished\":\"2022-03-14T14:23:11+00:00\",\"dateModified\":\"2024-06-13T09:08:59+00:00\",\"description\":\"La jardini\u00e8re ronde suspendue avec \u00e9clairage sans fil ELBA 39 est fabriqu\u00e9e en poly\u00e9thyl\u00e8ne blanc super r\u00e9sistant. Tr\u00e8s facile \u00e0 installer car\",\"breadcrumb\":{\"@id\":\"https:\/\/newgarden.es\/fr\/shop\/lightdeco-fr\/lampes-suspendues\/jardiniere-ronde-suspendue-avec-eclairage-sans-fil-elba\/#breadcrumb\"},\"inLanguage\":\"fr-FR\",\"potentialAction\":[{\"@type\":\"ReadAction\",\"target\":[\"https:\/\/newgarden.es\/fr\/shop\/lightdeco-fr\/lampes-suspendues\/jardiniere-ronde-suspendue-avec-eclairage-sans-fil-elba\/\"]}]},{\"@type\":\"ImageObject\",\"inLanguage\":\"fr-FR\",\"@id\":\"https:\/\/newgarden.es\/fr\/shop\/lightdeco-fr\/lampes-suspendues\/jardiniere-ronde-suspendue-avec-eclairage-sans-fil-elba\/#primaryimage\",\"url\":\"https:\/\/newgarden.es\/wp-content\/uploads\/2022\/03\/ELBA_35_BATTERY_1200X1200-6-1.jpg\",\"contentUrl\":\"https:\/\/newgarden.es\/wp-content\/uploads\/2022\/03\/ELBA_35_BATTERY_1200X1200-6-1.jpg\",\"width\":1200,\"height\":1200},{\"@type\":\"BreadcrumbList\",\"@id\":\"https:\/\/newgarden.es\/fr\/shop\/lightdeco-fr\/lampes-suspendues\/jardiniere-ronde-suspendue-avec-eclairage-sans-fil-elba\/#breadcrumb\",\"itemListElement\":[{\"@type\":\"ListItem\",\"position\":1,\"name\":\"Home\",\"item\":\"https:\/\/newgarden.es\/fr\/\"},{\"@type\":\"ListItem\",\"position\":2,\"name\":\"Boutique\",\"item\":\"https:\/\/newgarden.es\/fr\/boutique\/\"},{\"@type\":\"ListItem\",\"position\":3,\"name\":\"JARDINI\u00c8RE RONDE SUSPENDUE AVEC \u00c9CLAIRAGE SANS FIL ELBA 39\"}]},{\"@type\":\"WebSite\",\"@id\":\"https:\/\/newgarden.es\/#website\",\"url\":\"https:\/\/newgarden.es\/\",\"name\":\"Newgarden\",\"description\":\"Be happy\",\"potentialAction\":[{\"@type\":\"SearchAction\",\"target\":{\"@type\":\"EntryPoint\",\"urlTemplate\":\"https:\/\/newgarden.es\/?s={search_term_string}\"},\"query-input\":{\"@type\":\"PropertyValueSpecification\",\"valueRequired\":true,\"valueName\":\"search_term_string\"}}],\"inLanguage\":\"fr-FR\"}]}<\/script>\n<!-- \/ Yoast SEO plugin. -->","yoast_head_json":{"title":"Jardini\u00e8re ronde suspendue avec \u00e9clairage sans fil ELBA","description":"La jardini\u00e8re ronde suspendue avec \u00e9clairage sans fil ELBA 39 est fabriqu\u00e9e en poly\u00e9thyl\u00e8ne blanc super r\u00e9sistant. Tr\u00e8s facile \u00e0 installer car","robots":{"index":"index","follow":"follow","max-snippet":"max-snippet:-1","max-image-preview":"max-image-preview:large","max-video-preview":"max-video-preview:-1"},"canonical":"https:\/\/newgarden.es\/fr\/shop\/lightdeco-fr\/lampes-suspendues\/jardiniere-ronde-suspendue-avec-eclairage-sans-fil-elba\/","og_locale":"fr_FR","og_type":"article","og_title":"Jardini\u00e8re ronde suspendue avec \u00e9clairage sans fil ELBA","og_description":"La jardini\u00e8re ronde suspendue avec \u00e9clairage sans fil ELBA 39 est fabriqu\u00e9e en poly\u00e9thyl\u00e8ne blanc super r\u00e9sistant. Tr\u00e8s facile \u00e0 installer car","og_url":"https:\/\/newgarden.es\/fr\/shop\/lightdeco-fr\/lampes-suspendues\/jardiniere-ronde-suspendue-avec-eclairage-sans-fil-elba\/","og_site_name":"Newgarden","article_modified_time":"2024-06-13T09:08:59+00:00","og_image":[{"width":1200,"height":1200,"url":"https:\/\/newgarden.es\/wp-content\/uploads\/2022\/03\/ELBA_35_BATTERY_1200X1200-6-1.jpg","type":"image\/jpeg"}],"twitter_card":"summary_large_image","twitter_misc":{"Dur\u00e9e de lecture estim\u00e9e":"1 minute"},"schema":{"@context":"https:\/\/schema.org","@graph":[{"@type":"WebPage","@id":"https:\/\/newgarden.es\/fr\/shop\/lightdeco-fr\/lampes-suspendues\/jardiniere-ronde-suspendue-avec-eclairage-sans-fil-elba\/","url":"https:\/\/newgarden.es\/fr\/shop\/lightdeco-fr\/lampes-suspendues\/jardiniere-ronde-suspendue-avec-eclairage-sans-fil-elba\/","name":"Jardini\u00e8re ronde suspendue avec \u00e9clairage sans fil ELBA","isPartOf":{"@id":"https:\/\/newgarden.es\/#website"},"primaryImageOfPage":{"@id":"https:\/\/newgarden.es\/fr\/shop\/lightdeco-fr\/lampes-suspendues\/jardiniere-ronde-suspendue-avec-eclairage-sans-fil-elba\/#primaryimage"},"image":{"@id":"https:\/\/newgarden.es\/fr\/shop\/lightdeco-fr\/lampes-suspendues\/jardiniere-ronde-suspendue-avec-eclairage-sans-fil-elba\/#primaryimage"},"thumbnailUrl":"https:\/\/newgarden.es\/wp-content\/uploads\/2022\/03\/ELBA_35_BATTERY_1200X1200-6-1.jpg","datePublished":"2022-03-14T14:23:11+00:00","dateModified":"2024-06-13T09:08:59+00:00","description":"La jardini\u00e8re ronde suspendue avec \u00e9clairage sans fil ELBA 39 est fabriqu\u00e9e en poly\u00e9thyl\u00e8ne blanc super r\u00e9sistant. Tr\u00e8s facile \u00e0 installer car","breadcrumb":{"@id":"https:\/\/newgarden.es\/fr\/shop\/lightdeco-fr\/lampes-suspendues\/jardiniere-ronde-suspendue-avec-eclairage-sans-fil-elba\/#breadcrumb"},"inLanguage":"fr-FR","potentialAction":[{"@type":"ReadAction","target":["https:\/\/newgarden.es\/fr\/shop\/lightdeco-fr\/lampes-suspendues\/jardiniere-ronde-suspendue-avec-eclairage-sans-fil-elba\/"]}]},{"@type":"ImageObject","inLanguage":"fr-FR","@id":"https:\/\/newgarden.es\/fr\/shop\/lightdeco-fr\/lampes-suspendues\/jardiniere-ronde-suspendue-avec-eclairage-sans-fil-elba\/#primaryimage","url":"https:\/\/newgarden.es\/wp-content\/uploads\/2022\/03\/ELBA_35_BATTERY_1200X1200-6-1.jpg","contentUrl":"https:\/\/newgarden.es\/wp-content\/uploads\/2022\/03\/ELBA_35_BATTERY_1200X1200-6-1.jpg","width":1200,"height":1200},{"@type":"BreadcrumbList","@id":"https:\/\/newgarden.es\/fr\/shop\/lightdeco-fr\/lampes-suspendues\/jardiniere-ronde-suspendue-avec-eclairage-sans-fil-elba\/#breadcrumb","itemListElement":[{"@type":"ListItem","position":1,"name":"Home","item":"https:\/\/newgarden.es\/fr\/"},{"@type":"ListItem","position":2,"name":"Boutique","item":"https:\/\/newgarden.es\/fr\/boutique\/"},{"@type":"ListItem","position":3,"name":"JARDINI\u00c8RE RONDE SUSPENDUE AVEC \u00c9CLAIRAGE SANS FIL ELBA 39"}]},{"@type":"WebSite","@id":"https:\/\/newgarden.es\/#website","url":"https:\/\/newgarden.es\/","name":"Newgarden","description":"Be happy","potentialAction":[{"@type":"SearchAction","target":{"@type":"EntryPoint","urlTemplate":"https:\/\/newgarden.es\/?s={search_term_string}"},"query-input":{"@type":"PropertyValueSpecification","valueRequired":true,"valueName":"search_term_string"}}],"inLanguage":"fr-FR"}]}},"df_price":79.4,"df_sale_price":"","df_regular_price":79.4,"df_image_link":"https:\/\/newgarden.es\/wp-content\/uploads\/2022\/03\/ELBA_35_BATTERY_1200X1200-6-1-580x400.jpg","_links":{"self":[{"href":"https:\/\/newgarden.es\/fr\/wp-json\/wp\/v2\/product\/42865"}],"collection":[{"href":"https:\/\/newgarden.es\/fr\/wp-json\/wp\/v2\/product"}],"about":[{"href":"https:\/\/newgarden.es\/fr\/wp-json\/wp\/v2\/types\/product"}],"wp:featuredmedia":[{"embeddable":true,"href":"https:\/\/newgarden.es\/fr\/wp-json\/wp\/v2\/media\/57442"}],"wp:attachment":[{"href":"https:\/\/newgarden.es\/fr\/wp-json\/wp\/v2\/media?parent=42865"}],"wp:term":[{"taxonomy":"product_cat","embeddable":true,"href":"https:\/\/newgarden.es\/fr\/wp-json\/wp\/v2\/product_cat?post=42865"},{"taxonomy":"product_tag","embeddable":true,"href":"https:\/\/newgarden.es\/fr\/wp-json\/wp\/v2\/product_tag?post=42865"}],"curies":[{"name":"wp","href":"https:\/\/api.w.org\/{rel}","templated":true}]}}