{"id":43433,"date":"2022-04-12T15:13:32","date_gmt":"2022-04-12T13:13:35","guid":{"rendered":"https:\/\/newgarden.es\/?post_type=product&#038;p=43433"},"modified":"2022-12-01T08:56:30","modified_gmt":"2022-12-01T07:56:30","slug":"applique-avec-charge-solaire-wally","status":"publish","type":"product","link":"https:\/\/newgarden.es\/fr\/shop\/lightdeco-fr\/appliques\/applique-avec-charge-solaire-wally\/","title":{"rendered":"Applique avec charge solaire WALLY"},"content":{"rendered":"<section class=\"wpb-content-wrapper\"><p>[vc_row][vc_column][vc_column_text][\/vc_column_text][\/vc_column][\/vc_row][vc_row][vc_column][vc_column_text]Wally est plus qu&rsquo;une simple applique murale. Il est fabriqu\u00e9 \u00e0 partir de plastique recycl\u00e9 et dispose d&rsquo;un panneau solaire sur le dessus pour le charger. Placez-le dans les all\u00e9es, \u00e0 c\u00f4t\u00e9 de la piscine ou o\u00f9 vous voulez, mais en veillant \u00e0 ce qu&rsquo;il re\u00e7oive toujours la lumi\u00e8re directe du soleil pour qu&rsquo;il fonctionne parfaitement. Il dispose d&rsquo;un capteur cr\u00e9pusculaire, vous pouvez donc oublier de l&rsquo;allumer ou de l&rsquo;\u00e9teindre, car lorsqu&rsquo;il d\u00e9tecte que la lumi\u00e8re du soleil diminue, il s&rsquo;allume automatiquement. Il est \u00e9galement dot\u00e9 d&rsquo;un capteur de proximit\u00e9 int\u00e9gr\u00e9, de sorte qu&rsquo;il ne s&rsquo;allume \u00e0 haute puissance que lorsqu&rsquo;il d\u00e9tecte un mouvement dans son rayon d&rsquo;action, ce qui augmente consid\u00e9rablement le nombre d&rsquo;heures de fonctionnement.<\/p>\n<p>Wally est disponible dans une vari\u00e9t\u00e9 de formes et de tailles, ainsi qu&rsquo;en format jardini\u00e8re, ce qui vous permet de cr\u00e9er des compositions \u00e9tonnantes.<\/p>\n<p>La famille Wally est fabriqu\u00e9e \u00e0 partir de mat\u00e9riaux recycl\u00e9s provenant des oc\u00e9ans. C&rsquo;est un produit durable, qui donne une nouvelle vie aux d\u00e9chets plastiques sous la forme d&rsquo;une lampe.<\/p>\n<p>[\/vc_column_text][\/vc_column][\/vc_row][vc_row][vc_column width=\u00a0\u00bb1\/2&Prime;][vc_btn title=\u00a0\u00bbFiche technique Wally 12&Prime; style=\u00a0\u00bbcustom\u00a0\u00bb custom_background=\u00a0\u00bb#009bc2&Prime; custom_text=\u00a0\u00bb#ffffff\u00a0\u00bb shape=\u00a0\u00bbsquare\u00a0\u00bb el_class=\u00a0\u00bbbtn_descargar_ficha\u00a0\u00bb link=\u00a0\u00bburl:https%3A%2F%2Fbit.ly%2F3x9gQDI||target:%20_blank|\u00a0\u00bb][vc_btn title=\u00a0\u00bbFiche technique Wally 12&#215;18&Prime; style=\u00a0\u00bbcustom\u00a0\u00bb custom_background=\u00a0\u00bb#009bc2&Prime; custom_text=\u00a0\u00bb#ffffff\u00a0\u00bb shape=\u00a0\u00bbsquare\u00a0\u00bb el_class=\u00a0\u00bbbtn_descargar_ficha\u00a0\u00bb link=\u00a0\u00bburl:https%3A%2F%2Fbit.ly%2F36ZG4tG||target:%20_blank|\u00a0\u00bb][vc_btn title=\u00a0\u00bbFiche technique Wally 18&Prime; style=\u00a0\u00bbcustom\u00a0\u00bb custom_background=\u00a0\u00bb#009bc2&Prime; custom_text=\u00a0\u00bb#ffffff\u00a0\u00bb shape=\u00a0\u00bbsquare\u00a0\u00bb el_class=\u00a0\u00bbbtn_descargar_ficha\u00a0\u00bb link=\u00a0\u00bburl:https%3A%2F%2Fbit.ly%2F3NNgubQ||target:%20_blank|\u00a0\u00bb][\/vc_column][vc_column width=\u00a0\u00bb1\/2&Prime;][vc_btn title=\u00a0\u00bbManuel d&rsquo;instrutions\u00a0\u00bb style=\u00a0\u00bbcustom\u00a0\u00bb custom_background=\u00a0\u00bb#009bc2&Prime; custom_text=\u00a0\u00bb#ffffff\u00a0\u00bb shape=\u00a0\u00bbsquare\u00a0\u00bb el_class=\u00a0\u00bbbtn_descargar_ficha\u00a0\u00bb link=\u00a0\u00bbtarget:%20_blank|\u00a0\u00bb][\/vc_column][\/vc_row]<\/p>\n<\/section>","protected":false},"excerpt":{"rendered":"<h5>Applique avec charge solaire WALLY<\/h5>\n","protected":false},"featured_media":56715,"template":"","meta":[],"product_cat":[651,757],"product_tag":[707,648],"class_list":{"0":"post-43433","1":"product","2":"type-product","3":"status-publish","4":"has-post-thumbnail","6":"product_cat-lightdeco-fr","7":"product_cat-appliques","8":"product_tag-sans-fil","9":"product_tag-solaire","11":"first","12":"instock","13":"taxable","14":"shipping-taxable","15":"purchasable","16":"product-type-variable"},"yoast_head":"<!-- This site is optimized with the Yoast SEO plugin v24.2 - https:\/\/yoast.com\/wordpress\/plugins\/seo\/ -->\n<title>Applique avec charge solaire WALLY - Newgarden<\/title>\n<meta name=\"description\" content=\"Wally est plus qu&#039;une simple applique murale. Il est fabriqu\u00e9 \u00e0 partir de plastique recycl\u00e9 et poss\u00e8de un panneau solaire sur le dessus pour le recharger.\" \/>\n<meta name=\"robots\" content=\"index, follow, max-snippet:-1, max-image-preview:large, max-video-preview:-1\" \/>\n<link rel=\"canonical\" href=\"https:\/\/newgarden.es\/fr\/shop\/lightdeco-fr\/appliques\/applique-avec-charge-solaire-wally\/\" \/>\n<meta property=\"og:locale\" content=\"fr_FR\" \/>\n<meta property=\"og:type\" content=\"article\" \/>\n<meta property=\"og:title\" content=\"Applique avec charge solaire WALLY - Newgarden\" \/>\n<meta property=\"og:description\" content=\"Wally est plus qu&#039;une simple applique murale. Il est fabriqu\u00e9 \u00e0 partir de plastique recycl\u00e9 et poss\u00e8de un panneau solaire sur le dessus pour le recharger.\" \/>\n<meta property=\"og:url\" content=\"https:\/\/newgarden.es\/fr\/shop\/lightdeco-fr\/appliques\/applique-avec-charge-solaire-wally\/\" \/>\n<meta property=\"og:site_name\" content=\"Newgarden\" \/>\n<meta property=\"article:modified_time\" content=\"2022-12-01T07:56:30+00:00\" \/>\n<meta property=\"og:image\" content=\"https:\/\/newgarden.es\/wp-content\/uploads\/2022\/04\/FAMILIA_WALLY_SOLAR_1200X1200-3.jpg\" \/>\n\t<meta property=\"og:image:width\" content=\"1200\" \/>\n\t<meta property=\"og:image:height\" content=\"1200\" \/>\n\t<meta property=\"og:image:type\" content=\"image\/jpeg\" \/>\n<meta name=\"twitter:card\" content=\"summary_large_image\" \/>\n<meta name=\"twitter:label1\" content=\"Dur\u00e9e de lecture estim\u00e9e\" \/>\n\t<meta name=\"twitter:data1\" content=\"2 minutes\" \/>\n<script type=\"application\/ld+json\" class=\"yoast-schema-graph\">{\"@context\":\"https:\/\/schema.org\",\"@graph\":[{\"@type\":\"WebPage\",\"@id\":\"https:\/\/newgarden.es\/fr\/shop\/lightdeco-fr\/appliques\/applique-avec-charge-solaire-wally\/\",\"url\":\"https:\/\/newgarden.es\/fr\/shop\/lightdeco-fr\/appliques\/applique-avec-charge-solaire-wally\/\",\"name\":\"Applique avec charge solaire WALLY - Newgarden\",\"isPartOf\":{\"@id\":\"https:\/\/newgarden.es\/#website\"},\"primaryImageOfPage\":{\"@id\":\"https:\/\/newgarden.es\/fr\/shop\/lightdeco-fr\/appliques\/applique-avec-charge-solaire-wally\/#primaryimage\"},\"image\":{\"@id\":\"https:\/\/newgarden.es\/fr\/shop\/lightdeco-fr\/appliques\/applique-avec-charge-solaire-wally\/#primaryimage\"},\"thumbnailUrl\":\"https:\/\/newgarden.es\/wp-content\/uploads\/2022\/04\/FAMILIA_WALLY_SOLAR_1200X1200-3.jpg\",\"datePublished\":\"2022-04-12T13:13:35+00:00\",\"dateModified\":\"2022-12-01T07:56:30+00:00\",\"description\":\"Wally est plus qu'une simple applique murale. Il est fabriqu\u00e9 \u00e0 partir de plastique recycl\u00e9 et poss\u00e8de un panneau solaire sur le dessus pour le recharger.\",\"breadcrumb\":{\"@id\":\"https:\/\/newgarden.es\/fr\/shop\/lightdeco-fr\/appliques\/applique-avec-charge-solaire-wally\/#breadcrumb\"},\"inLanguage\":\"fr-FR\",\"potentialAction\":[{\"@type\":\"ReadAction\",\"target\":[\"https:\/\/newgarden.es\/fr\/shop\/lightdeco-fr\/appliques\/applique-avec-charge-solaire-wally\/\"]}]},{\"@type\":\"ImageObject\",\"inLanguage\":\"fr-FR\",\"@id\":\"https:\/\/newgarden.es\/fr\/shop\/lightdeco-fr\/appliques\/applique-avec-charge-solaire-wally\/#primaryimage\",\"url\":\"https:\/\/newgarden.es\/wp-content\/uploads\/2022\/04\/FAMILIA_WALLY_SOLAR_1200X1200-3.jpg\",\"contentUrl\":\"https:\/\/newgarden.es\/wp-content\/uploads\/2022\/04\/FAMILIA_WALLY_SOLAR_1200X1200-3.jpg\",\"width\":1200,\"height\":1200},{\"@type\":\"BreadcrumbList\",\"@id\":\"https:\/\/newgarden.es\/fr\/shop\/lightdeco-fr\/appliques\/applique-avec-charge-solaire-wally\/#breadcrumb\",\"itemListElement\":[{\"@type\":\"ListItem\",\"position\":1,\"name\":\"Home\",\"item\":\"https:\/\/newgarden.es\/fr\/\"},{\"@type\":\"ListItem\",\"position\":2,\"name\":\"Boutique\",\"item\":\"https:\/\/newgarden.es\/fr\/boutique\/\"},{\"@type\":\"ListItem\",\"position\":3,\"name\":\"Applique avec charge solaire WALLY\"}]},{\"@type\":\"WebSite\",\"@id\":\"https:\/\/newgarden.es\/#website\",\"url\":\"https:\/\/newgarden.es\/\",\"name\":\"Newgarden\",\"description\":\"Be happy\",\"potentialAction\":[{\"@type\":\"SearchAction\",\"target\":{\"@type\":\"EntryPoint\",\"urlTemplate\":\"https:\/\/newgarden.es\/?s={search_term_string}\"},\"query-input\":{\"@type\":\"PropertyValueSpecification\",\"valueRequired\":true,\"valueName\":\"search_term_string\"}}],\"inLanguage\":\"fr-FR\"}]}<\/script>\n<!-- \/ Yoast SEO plugin. -->","yoast_head_json":{"title":"Applique avec charge solaire WALLY - Newgarden","description":"Wally est plus qu'une simple applique murale. Il est fabriqu\u00e9 \u00e0 partir de plastique recycl\u00e9 et poss\u00e8de un panneau solaire sur le dessus pour le recharger.","robots":{"index":"index","follow":"follow","max-snippet":"max-snippet:-1","max-image-preview":"max-image-preview:large","max-video-preview":"max-video-preview:-1"},"canonical":"https:\/\/newgarden.es\/fr\/shop\/lightdeco-fr\/appliques\/applique-avec-charge-solaire-wally\/","og_locale":"fr_FR","og_type":"article","og_title":"Applique avec charge solaire WALLY - Newgarden","og_description":"Wally est plus qu'une simple applique murale. Il est fabriqu\u00e9 \u00e0 partir de plastique recycl\u00e9 et poss\u00e8de un panneau solaire sur le dessus pour le recharger.","og_url":"https:\/\/newgarden.es\/fr\/shop\/lightdeco-fr\/appliques\/applique-avec-charge-solaire-wally\/","og_site_name":"Newgarden","article_modified_time":"2022-12-01T07:56:30+00:00","og_image":[{"width":1200,"height":1200,"url":"https:\/\/newgarden.es\/wp-content\/uploads\/2022\/04\/FAMILIA_WALLY_SOLAR_1200X1200-3.jpg","type":"image\/jpeg"}],"twitter_card":"summary_large_image","twitter_misc":{"Dur\u00e9e de lecture estim\u00e9e":"2 minutes"},"schema":{"@context":"https:\/\/schema.org","@graph":[{"@type":"WebPage","@id":"https:\/\/newgarden.es\/fr\/shop\/lightdeco-fr\/appliques\/applique-avec-charge-solaire-wally\/","url":"https:\/\/newgarden.es\/fr\/shop\/lightdeco-fr\/appliques\/applique-avec-charge-solaire-wally\/","name":"Applique avec charge solaire WALLY - Newgarden","isPartOf":{"@id":"https:\/\/newgarden.es\/#website"},"primaryImageOfPage":{"@id":"https:\/\/newgarden.es\/fr\/shop\/lightdeco-fr\/appliques\/applique-avec-charge-solaire-wally\/#primaryimage"},"image":{"@id":"https:\/\/newgarden.es\/fr\/shop\/lightdeco-fr\/appliques\/applique-avec-charge-solaire-wally\/#primaryimage"},"thumbnailUrl":"https:\/\/newgarden.es\/wp-content\/uploads\/2022\/04\/FAMILIA_WALLY_SOLAR_1200X1200-3.jpg","datePublished":"2022-04-12T13:13:35+00:00","dateModified":"2022-12-01T07:56:30+00:00","description":"Wally est plus qu'une simple applique murale. Il est fabriqu\u00e9 \u00e0 partir de plastique recycl\u00e9 et poss\u00e8de un panneau solaire sur le dessus pour le recharger.","breadcrumb":{"@id":"https:\/\/newgarden.es\/fr\/shop\/lightdeco-fr\/appliques\/applique-avec-charge-solaire-wally\/#breadcrumb"},"inLanguage":"fr-FR","potentialAction":[{"@type":"ReadAction","target":["https:\/\/newgarden.es\/fr\/shop\/lightdeco-fr\/appliques\/applique-avec-charge-solaire-wally\/"]}]},{"@type":"ImageObject","inLanguage":"fr-FR","@id":"https:\/\/newgarden.es\/fr\/shop\/lightdeco-fr\/appliques\/applique-avec-charge-solaire-wally\/#primaryimage","url":"https:\/\/newgarden.es\/wp-content\/uploads\/2022\/04\/FAMILIA_WALLY_SOLAR_1200X1200-3.jpg","contentUrl":"https:\/\/newgarden.es\/wp-content\/uploads\/2022\/04\/FAMILIA_WALLY_SOLAR_1200X1200-3.jpg","width":1200,"height":1200},{"@type":"BreadcrumbList","@id":"https:\/\/newgarden.es\/fr\/shop\/lightdeco-fr\/appliques\/applique-avec-charge-solaire-wally\/#breadcrumb","itemListElement":[{"@type":"ListItem","position":1,"name":"Home","item":"https:\/\/newgarden.es\/fr\/"},{"@type":"ListItem","position":2,"name":"Boutique","item":"https:\/\/newgarden.es\/fr\/boutique\/"},{"@type":"ListItem","position":3,"name":"Applique avec charge solaire WALLY"}]},{"@type":"WebSite","@id":"https:\/\/newgarden.es\/#website","url":"https:\/\/newgarden.es\/","name":"Newgarden","description":"Be happy","potentialAction":[{"@type":"SearchAction","target":{"@type":"EntryPoint","urlTemplate":"https:\/\/newgarden.es\/?s={search_term_string}"},"query-input":{"@type":"PropertyValueSpecification","valueRequired":true,"valueName":"search_term_string"}}],"inLanguage":"fr-FR"}]}},"df_price":29.9,"df_sale_price":"","df_regular_price":29.9,"df_image_link":"https:\/\/newgarden.es\/wp-content\/uploads\/2022\/04\/FAMILIA_WALLY_SOLAR_1200X1200-3-580x400.jpg","_links":{"self":[{"href":"https:\/\/newgarden.es\/fr\/wp-json\/wp\/v2\/product\/43433"}],"collection":[{"href":"https:\/\/newgarden.es\/fr\/wp-json\/wp\/v2\/product"}],"about":[{"href":"https:\/\/newgarden.es\/fr\/wp-json\/wp\/v2\/types\/product"}],"wp:featuredmedia":[{"embeddable":true,"href":"https:\/\/newgarden.es\/fr\/wp-json\/wp\/v2\/media\/56715"}],"wp:attachment":[{"href":"https:\/\/newgarden.es\/fr\/wp-json\/wp\/v2\/media?parent=43433"}],"wp:term":[{"taxonomy":"product_cat","embeddable":true,"href":"https:\/\/newgarden.es\/fr\/wp-json\/wp\/v2\/product_cat?post=43433"},{"taxonomy":"product_tag","embeddable":true,"href":"https:\/\/newgarden.es\/fr\/wp-json\/wp\/v2\/product_tag?post=43433"}],"curies":[{"name":"wp","href":"https:\/\/api.w.org\/{rel}","templated":true}]}}