{"id":43636,"date":"2022-04-13T14:44:22","date_gmt":"2022-04-13T12:44:27","guid":{"rendered":"https:\/\/newgarden.es\/?post_type=product&#038;p=43636"},"modified":"2022-04-26T15:26:03","modified_gmt":"2022-04-26T13:26:03","slug":"lampe-pendante-spherique-avec-batterie-rechargeable-pianeta","status":"publish","type":"product","link":"https:\/\/newgarden.es\/fr\/shop\/lightdeco-fr\/lampes-suspendues\/lampe-pendante-spherique-avec-batterie-rechargeable-pianeta\/","title":{"rendered":"LAMPE PENDANTE SPH\u00c9RIQUE AVEC BATTERIE RECHARGEABLE PIANETA"},"content":{"rendered":"<section class=\"wpb-content-wrapper\"><p>[vc_row][vc_column][vc_column_text]<\/p>\n<p>[\/vc_column_text][\/vc_column][\/vc_row][vc_row][\/vc_row][vc_column el_class=\u00a0\u00bbdescripcion_producto\u00a0\u00bb][\/vc_column][vc_column_text]Pianeta est une lampe d\u00e9corative originale qui, comme son nom l&rsquo;indique, a une forme compl\u00e8tement sph\u00e9rique, comme s&rsquo;il s&rsquo;agissait d&rsquo;une plan\u00e8te. Il est id\u00e9al pour d\u00e9corer l&rsquo;ext\u00e9rieur et l&rsquo;int\u00e9rieur de votre maison. Sa hauteur est facilement r\u00e9glable gr\u00e2ce \u00e0 son cintre en acier. Il comprend un \u00e9clairage LED int\u00e9gr\u00e9 avec une batterie rechargeable qui inclut une t\u00e9l\u00e9commande avec interrupteur marche\/arr\u00eat, r\u00e9gulateur d&rsquo;intensit\u00e9 et changement de la temp\u00e9rature de couleur de la lumi\u00e8re.<\/p>\n<p>Il est disponible en trois tailles, parfaites pour cr\u00e9er des combinaisons spectaculaires qui sembleront \u00ab\u00a0d&rsquo;une autre plan\u00e8te\u00a0\u00bb.<\/p>\n<p>*Utilisation ext\u00e9rieure sous un toit.<\/p>\n<p>Tous les produits Newgarden sont fabriqu\u00e9s en poly\u00e9thyl\u00e8ne, ils sont donc l\u00e9gers et tr\u00e8s r\u00e9sistants. Ils r\u00e9sistent aux changements de temp\u00e9rature extr\u00eames et sont prot\u00e9g\u00e9s contre les rayons UV, ce qui rend la dur\u00e9e de vie du produit presque illimit\u00e9e.[\/vc_column_text][vc_row][vc_column][vc_btn title=\u00a0\u00bbFiche Technique Pianeta 25&Prime; style=\u00a0\u00bbcustom\u00a0\u00bb custom_background=\u00a0\u00bb#009bc2&Prime; custom_text=\u00a0\u00bb#ffffff\u00a0\u00bb link=\u00a0\u00bburl:https%3A%2F%2Fbit.ly%2F3KozRG7|||\u00a0\u00bb][vc_btn title=\u00a0\u00bbFiche Technique Pianeta 35&Prime; style=\u00a0\u00bbcustom\u00a0\u00bb custom_background=\u00a0\u00bb#009bc2&Prime; custom_text=\u00a0\u00bb#ffffff\u00a0\u00bb link=\u00a0\u00bburl:https%3A%2F%2Fbit.ly%2F3jexLN9|||\u00a0\u00bb][vc_btn title=\u00a0\u00bbFiche Technique Pianeta 45&Prime; style=\u00a0\u00bbcustom\u00a0\u00bb custom_background=\u00a0\u00bb#009bc2&Prime; custom_text=\u00a0\u00bb#ffffff\u00a0\u00bb link=\u00a0\u00bburl:https%3A%2F%2Fbit.ly%2F3jchFDw|||\u00a0\u00bb][\/vc_column][\/vc_row]<\/p>\n<\/section>","protected":false},"excerpt":{"rendered":"<h5 style=\"font-size: 12px;\">LAMPE PENDANTE SPH\u00c9RIQUE AVEC BATTERIE RECHARGEABLE PIANETA<\/h5>\n","protected":false},"featured_media":57392,"template":"","meta":[],"product_cat":[651,1569,744],"product_tag":[653],"class_list":{"0":"post-43636","1":"product","2":"type-product","3":"status-publish","4":"has-post-thumbnail","6":"product_cat-lightdeco-fr","7":"product_cat-plafonniers-sans-fil","8":"product_cat-lampes-suspendues","9":"product_tag-batterie","11":"first","12":"instock","13":"taxable","14":"shipping-taxable","15":"purchasable","16":"product-type-variable"},"yoast_head":"<!-- This site is optimized with the Yoast SEO plugin v24.2 - https:\/\/yoast.com\/wordpress\/plugins\/seo\/ -->\n<title>LAMPE PENDANTE SPH\u00c9RIQUE PIANETA<\/title>\n<meta name=\"description\" content=\"Pianeta est une lampe d\u00e9corative originale qui, comme son nom l&#039;indique, a une forme compl\u00e8tement sph\u00e9rique, comme s&#039;il s&#039;agissait d&#039;une plan\u00e8te. Id\u00e9al\" \/>\n<meta name=\"robots\" content=\"index, follow, max-snippet:-1, max-image-preview:large, max-video-preview:-1\" \/>\n<link rel=\"canonical\" href=\"https:\/\/newgarden.es\/fr\/shop\/lightdeco-fr\/lampes-suspendues\/lampe-pendante-spherique-avec-batterie-rechargeable-pianeta\/\" \/>\n<meta property=\"og:locale\" content=\"fr_FR\" \/>\n<meta property=\"og:type\" content=\"article\" \/>\n<meta property=\"og:title\" content=\"LAMPE PENDANTE SPH\u00c9RIQUE PIANETA\" \/>\n<meta property=\"og:description\" content=\"Pianeta est une lampe d\u00e9corative originale qui, comme son nom l&#039;indique, a une forme compl\u00e8tement sph\u00e9rique, comme s&#039;il s&#039;agissait d&#039;une plan\u00e8te. Id\u00e9al\" \/>\n<meta property=\"og:url\" content=\"https:\/\/newgarden.es\/fr\/shop\/lightdeco-fr\/lampes-suspendues\/lampe-pendante-spherique-avec-batterie-rechargeable-pianeta\/\" \/>\n<meta property=\"og:site_name\" content=\"Newgarden\" \/>\n<meta property=\"article:modified_time\" content=\"2022-04-26T13:26:03+00:00\" \/>\n<meta property=\"og:image\" content=\"https:\/\/newgarden.es\/wp-content\/uploads\/2022\/04\/PIANETA_25_35_45_1200X1200-9-1.jpg\" \/>\n\t<meta property=\"og:image:width\" content=\"1200\" \/>\n\t<meta property=\"og:image:height\" content=\"1200\" \/>\n\t<meta property=\"og:image:type\" content=\"image\/jpeg\" \/>\n<meta name=\"twitter:card\" content=\"summary_large_image\" \/>\n<meta name=\"twitter:label1\" content=\"Dur\u00e9e de lecture estim\u00e9e\" \/>\n\t<meta name=\"twitter:data1\" content=\"1 minute\" \/>\n<script type=\"application\/ld+json\" class=\"yoast-schema-graph\">{\"@context\":\"https:\/\/schema.org\",\"@graph\":[{\"@type\":\"WebPage\",\"@id\":\"https:\/\/newgarden.es\/fr\/shop\/lightdeco-fr\/lampes-suspendues\/lampe-pendante-spherique-avec-batterie-rechargeable-pianeta\/\",\"url\":\"https:\/\/newgarden.es\/fr\/shop\/lightdeco-fr\/lampes-suspendues\/lampe-pendante-spherique-avec-batterie-rechargeable-pianeta\/\",\"name\":\"LAMPE PENDANTE SPH\u00c9RIQUE PIANETA\",\"isPartOf\":{\"@id\":\"https:\/\/newgarden.es\/#website\"},\"primaryImageOfPage\":{\"@id\":\"https:\/\/newgarden.es\/fr\/shop\/lightdeco-fr\/lampes-suspendues\/lampe-pendante-spherique-avec-batterie-rechargeable-pianeta\/#primaryimage\"},\"image\":{\"@id\":\"https:\/\/newgarden.es\/fr\/shop\/lightdeco-fr\/lampes-suspendues\/lampe-pendante-spherique-avec-batterie-rechargeable-pianeta\/#primaryimage\"},\"thumbnailUrl\":\"https:\/\/newgarden.es\/wp-content\/uploads\/2022\/04\/PIANETA_25_35_45_1200X1200-9-1.jpg\",\"datePublished\":\"2022-04-13T12:44:27+00:00\",\"dateModified\":\"2022-04-26T13:26:03+00:00\",\"description\":\"Pianeta est une lampe d\u00e9corative originale qui, comme son nom l'indique, a une forme compl\u00e8tement sph\u00e9rique, comme s'il s'agissait d'une plan\u00e8te. Id\u00e9al\",\"breadcrumb\":{\"@id\":\"https:\/\/newgarden.es\/fr\/shop\/lightdeco-fr\/lampes-suspendues\/lampe-pendante-spherique-avec-batterie-rechargeable-pianeta\/#breadcrumb\"},\"inLanguage\":\"fr-FR\",\"potentialAction\":[{\"@type\":\"ReadAction\",\"target\":[\"https:\/\/newgarden.es\/fr\/shop\/lightdeco-fr\/lampes-suspendues\/lampe-pendante-spherique-avec-batterie-rechargeable-pianeta\/\"]}]},{\"@type\":\"ImageObject\",\"inLanguage\":\"fr-FR\",\"@id\":\"https:\/\/newgarden.es\/fr\/shop\/lightdeco-fr\/lampes-suspendues\/lampe-pendante-spherique-avec-batterie-rechargeable-pianeta\/#primaryimage\",\"url\":\"https:\/\/newgarden.es\/wp-content\/uploads\/2022\/04\/PIANETA_25_35_45_1200X1200-9-1.jpg\",\"contentUrl\":\"https:\/\/newgarden.es\/wp-content\/uploads\/2022\/04\/PIANETA_25_35_45_1200X1200-9-1.jpg\",\"width\":1200,\"height\":1200},{\"@type\":\"BreadcrumbList\",\"@id\":\"https:\/\/newgarden.es\/fr\/shop\/lightdeco-fr\/lampes-suspendues\/lampe-pendante-spherique-avec-batterie-rechargeable-pianeta\/#breadcrumb\",\"itemListElement\":[{\"@type\":\"ListItem\",\"position\":1,\"name\":\"Home\",\"item\":\"https:\/\/newgarden.es\/fr\/\"},{\"@type\":\"ListItem\",\"position\":2,\"name\":\"Boutique\",\"item\":\"https:\/\/newgarden.es\/fr\/boutique\/\"},{\"@type\":\"ListItem\",\"position\":3,\"name\":\"LAMPE PENDANTE SPH\u00c9RIQUE AVEC BATTERIE RECHARGEABLE PIANETA\"}]},{\"@type\":\"WebSite\",\"@id\":\"https:\/\/newgarden.es\/#website\",\"url\":\"https:\/\/newgarden.es\/\",\"name\":\"Newgarden\",\"description\":\"Be happy\",\"potentialAction\":[{\"@type\":\"SearchAction\",\"target\":{\"@type\":\"EntryPoint\",\"urlTemplate\":\"https:\/\/newgarden.es\/?s={search_term_string}\"},\"query-input\":{\"@type\":\"PropertyValueSpecification\",\"valueRequired\":true,\"valueName\":\"search_term_string\"}}],\"inLanguage\":\"fr-FR\"}]}<\/script>\n<!-- \/ Yoast SEO plugin. -->","yoast_head_json":{"title":"LAMPE PENDANTE SPH\u00c9RIQUE PIANETA","description":"Pianeta est une lampe d\u00e9corative originale qui, comme son nom l'indique, a une forme compl\u00e8tement sph\u00e9rique, comme s'il s'agissait d'une plan\u00e8te. Id\u00e9al","robots":{"index":"index","follow":"follow","max-snippet":"max-snippet:-1","max-image-preview":"max-image-preview:large","max-video-preview":"max-video-preview:-1"},"canonical":"https:\/\/newgarden.es\/fr\/shop\/lightdeco-fr\/lampes-suspendues\/lampe-pendante-spherique-avec-batterie-rechargeable-pianeta\/","og_locale":"fr_FR","og_type":"article","og_title":"LAMPE PENDANTE SPH\u00c9RIQUE PIANETA","og_description":"Pianeta est une lampe d\u00e9corative originale qui, comme son nom l'indique, a une forme compl\u00e8tement sph\u00e9rique, comme s'il s'agissait d'une plan\u00e8te. Id\u00e9al","og_url":"https:\/\/newgarden.es\/fr\/shop\/lightdeco-fr\/lampes-suspendues\/lampe-pendante-spherique-avec-batterie-rechargeable-pianeta\/","og_site_name":"Newgarden","article_modified_time":"2022-04-26T13:26:03+00:00","og_image":[{"width":1200,"height":1200,"url":"https:\/\/newgarden.es\/wp-content\/uploads\/2022\/04\/PIANETA_25_35_45_1200X1200-9-1.jpg","type":"image\/jpeg"}],"twitter_card":"summary_large_image","twitter_misc":{"Dur\u00e9e de lecture estim\u00e9e":"1 minute"},"schema":{"@context":"https:\/\/schema.org","@graph":[{"@type":"WebPage","@id":"https:\/\/newgarden.es\/fr\/shop\/lightdeco-fr\/lampes-suspendues\/lampe-pendante-spherique-avec-batterie-rechargeable-pianeta\/","url":"https:\/\/newgarden.es\/fr\/shop\/lightdeco-fr\/lampes-suspendues\/lampe-pendante-spherique-avec-batterie-rechargeable-pianeta\/","name":"LAMPE PENDANTE SPH\u00c9RIQUE PIANETA","isPartOf":{"@id":"https:\/\/newgarden.es\/#website"},"primaryImageOfPage":{"@id":"https:\/\/newgarden.es\/fr\/shop\/lightdeco-fr\/lampes-suspendues\/lampe-pendante-spherique-avec-batterie-rechargeable-pianeta\/#primaryimage"},"image":{"@id":"https:\/\/newgarden.es\/fr\/shop\/lightdeco-fr\/lampes-suspendues\/lampe-pendante-spherique-avec-batterie-rechargeable-pianeta\/#primaryimage"},"thumbnailUrl":"https:\/\/newgarden.es\/wp-content\/uploads\/2022\/04\/PIANETA_25_35_45_1200X1200-9-1.jpg","datePublished":"2022-04-13T12:44:27+00:00","dateModified":"2022-04-26T13:26:03+00:00","description":"Pianeta est une lampe d\u00e9corative originale qui, comme son nom l'indique, a une forme compl\u00e8tement sph\u00e9rique, comme s'il s'agissait d'une plan\u00e8te. Id\u00e9al","breadcrumb":{"@id":"https:\/\/newgarden.es\/fr\/shop\/lightdeco-fr\/lampes-suspendues\/lampe-pendante-spherique-avec-batterie-rechargeable-pianeta\/#breadcrumb"},"inLanguage":"fr-FR","potentialAction":[{"@type":"ReadAction","target":["https:\/\/newgarden.es\/fr\/shop\/lightdeco-fr\/lampes-suspendues\/lampe-pendante-spherique-avec-batterie-rechargeable-pianeta\/"]}]},{"@type":"ImageObject","inLanguage":"fr-FR","@id":"https:\/\/newgarden.es\/fr\/shop\/lightdeco-fr\/lampes-suspendues\/lampe-pendante-spherique-avec-batterie-rechargeable-pianeta\/#primaryimage","url":"https:\/\/newgarden.es\/wp-content\/uploads\/2022\/04\/PIANETA_25_35_45_1200X1200-9-1.jpg","contentUrl":"https:\/\/newgarden.es\/wp-content\/uploads\/2022\/04\/PIANETA_25_35_45_1200X1200-9-1.jpg","width":1200,"height":1200},{"@type":"BreadcrumbList","@id":"https:\/\/newgarden.es\/fr\/shop\/lightdeco-fr\/lampes-suspendues\/lampe-pendante-spherique-avec-batterie-rechargeable-pianeta\/#breadcrumb","itemListElement":[{"@type":"ListItem","position":1,"name":"Home","item":"https:\/\/newgarden.es\/fr\/"},{"@type":"ListItem","position":2,"name":"Boutique","item":"https:\/\/newgarden.es\/fr\/boutique\/"},{"@type":"ListItem","position":3,"name":"LAMPE PENDANTE SPH\u00c9RIQUE AVEC BATTERIE RECHARGEABLE PIANETA"}]},{"@type":"WebSite","@id":"https:\/\/newgarden.es\/#website","url":"https:\/\/newgarden.es\/","name":"Newgarden","description":"Be happy","potentialAction":[{"@type":"SearchAction","target":{"@type":"EntryPoint","urlTemplate":"https:\/\/newgarden.es\/?s={search_term_string}"},"query-input":{"@type":"PropertyValueSpecification","valueRequired":true,"valueName":"search_term_string"}}],"inLanguage":"fr-FR"}]}},"df_price":49,"df_sale_price":"","df_regular_price":49,"df_image_link":"https:\/\/newgarden.es\/wp-content\/uploads\/2022\/04\/PIANETA_25_35_45_1200X1200-9-1-580x400.jpg","_links":{"self":[{"href":"https:\/\/newgarden.es\/fr\/wp-json\/wp\/v2\/product\/43636"}],"collection":[{"href":"https:\/\/newgarden.es\/fr\/wp-json\/wp\/v2\/product"}],"about":[{"href":"https:\/\/newgarden.es\/fr\/wp-json\/wp\/v2\/types\/product"}],"wp:featuredmedia":[{"embeddable":true,"href":"https:\/\/newgarden.es\/fr\/wp-json\/wp\/v2\/media\/57392"}],"wp:attachment":[{"href":"https:\/\/newgarden.es\/fr\/wp-json\/wp\/v2\/media?parent=43636"}],"wp:term":[{"taxonomy":"product_cat","embeddable":true,"href":"https:\/\/newgarden.es\/fr\/wp-json\/wp\/v2\/product_cat?post=43636"},{"taxonomy":"product_tag","embeddable":true,"href":"https:\/\/newgarden.es\/fr\/wp-json\/wp\/v2\/product_tag?post=43636"}],"curies":[{"name":"wp","href":"https:\/\/api.w.org\/{rel}","templated":true}]}}