{"id":43834,"date":"2022-04-18T09:38:44","date_gmt":"2022-04-18T07:38:47","guid":{"rendered":"https:\/\/newgarden.es\/?post_type=product&#038;p=43834"},"modified":"2024-06-14T11:58:33","modified_gmt":"2024-06-14T09:58:33","slug":"lampadaire-sans-fil-avec-recharge-solaire-okinawa","status":"publish","type":"product","link":"https:\/\/newgarden.es\/fr\/shop\/lightdeco-fr\/lampadaire\/lampadaire-sans-fil-avec-recharge-solaire-okinawa\/","title":{"rendered":"LAMPADAIRE SANS FIL AVEC RECHARGE SOLAIRE OKINAWA"},"content":{"rendered":"<section class=\"wpb-content-wrapper\"><p>[vc_row][vc_column][vc_column_text][\/vc_column_text][\/vc_column][\/vc_row][vc_row][vc_column][vc_column_text]Okinawa est un lampadaire qui n&rsquo;a pas besoin de c\u00e2bles, vous pouvez l&#8217;emmener o\u00f9 vous voulez. Okinawa est fabriqu\u00e9 en bambou laqu\u00e9 naturel robuste pour une utilisation en ext\u00e9rieur sous un toit. Son design innovant en fait un objet incontournable \u00e0 l&rsquo;int\u00e9rieur comme \u00e0 l&rsquo;ext\u00e9rieur de votre maison. Il dispose d&rsquo;un plateau auxiliaire.<\/p>\n<p>Elle int\u00e8gre une ampoule rechargeable portable de 900 lumens qui ne n\u00e9cessite aucune installation, il suffit de l&rsquo;approcher de la lampe pour qu&rsquo;elle adh\u00e8re gr\u00e2ce \u00e0 sa base magn\u00e9tique. Cette ampoule comprend \u00e9galement une t\u00e9l\u00e9commande qui permet de l&rsquo;allumer, de l&rsquo;\u00e9teindre et d&rsquo;en r\u00e9gler l&rsquo;intensit\u00e9.<\/p>\n<p>Un panneau solaire est incorpor\u00e9 dans la partie sup\u00e9rieure pour faciliter et acc\u00e9l\u00e9rer le chargement de l&rsquo;ampoule.<\/p>\n<p>&nbsp;<\/p>\n<ul class=\"tablaTech\">\n<li>\n<div class=\"boxContents no-border\">\n<div class=\"name\"><strong>TAILLE<\/strong><\/div>\n<div class=\"data\">\u00f840\u00a0x\u00a0170 cm<\/div>\n<\/div>\n<\/li>\n<\/ul>\n<p>[\/vc_column_text][\/vc_column][\/vc_row][vc_row][vc_column width=\u00a0\u00bb1\/2&Prime;][vc_btn title=\u00a0\u00bbFiche technique\u00a0\u00bb style=\u00a0\u00bbcustom\u00a0\u00bb custom_background=\u00a0\u00bb#009bc2&Prime; custom_text=\u00a0\u00bb#ffffff\u00a0\u00bb shape=\u00a0\u00bbsquare\u00a0\u00bb el_class=\u00a0\u00bbbtn_descargar_ficha\u00a0\u00bb link=\u00a0\u00bburl:https%3A%2F%2Fbit.ly%2F3OAxv8D|target:%20_blank|\u00a0\u00bb][\/vc_column][vc_column width=\u00a0\u00bb1\/2&Prime;][vc_btn title=\u00a0\u00bbManuel d&apos;instrutions\u00a0\u00bb style=\u00a0\u00bbcustom\u00a0\u00bb custom_background=\u00a0\u00bb#009bc2&Prime; custom_text=\u00a0\u00bb#ffffff\u00a0\u00bb shape=\u00a0\u00bbsquare\u00a0\u00bb el_class=\u00a0\u00bbbtn_descargar_ficha\u00a0\u00bb link=\u00a0\u00bburl:https%3A%2F%2Fbit.ly%2F3Swxrdd|target:%20_blank|\u00a0\u00bb][\/vc_column][\/vc_row]<\/p>\n<\/section>","protected":false},"excerpt":{"rendered":"<h5>Lampadaire sans fil avec recharge solaire OKINAWA<\/h5>\n","protected":false},"featured_media":63136,"template":"","meta":[],"product_cat":[1695,651,654],"product_tag":[653,707],"class_list":{"0":"post-43834","1":"product","2":"type-product","3":"status-publish","4":"has-post-thumbnail","6":"product_cat-productos-fr","7":"product_cat-lightdeco-fr","8":"product_cat-lampadaire","9":"product_tag-batterie","10":"product_tag-sans-fil","12":"first","13":"outofstock","14":"taxable","15":"shipping-taxable","16":"purchasable","17":"product-type-variable"},"yoast_head":"<!-- This site is optimized with the Yoast SEO plugin v24.2 - https:\/\/yoast.com\/wordpress\/plugins\/seo\/ -->\n<title>Lampadaire sans fil avec recharge solaire OKINAWA<\/title>\n<meta name=\"description\" content=\"Okinawa est un lampadaire qui n&#039;a pas besoin de c\u00e2bles, emportez-le o\u00f9 vous voulez. Okinawa est fabriqu\u00e9 en bambou naturel robuste et laqu\u00e9 pour un usage\" \/>\n<meta name=\"robots\" content=\"index, follow, max-snippet:-1, max-image-preview:large, max-video-preview:-1\" \/>\n<link rel=\"canonical\" href=\"https:\/\/newgarden.es\/fr\/shop\/lightdeco-fr\/lampadaire\/lampadaire-sans-fil-avec-recharge-solaire-okinawa\/\" \/>\n<meta property=\"og:locale\" content=\"fr_FR\" \/>\n<meta property=\"og:type\" content=\"article\" \/>\n<meta property=\"og:title\" content=\"Lampadaire sans fil avec recharge solaire OKINAWA\" \/>\n<meta property=\"og:description\" content=\"Okinawa est un lampadaire qui n&#039;a pas besoin de c\u00e2bles, emportez-le o\u00f9 vous voulez. Okinawa est fabriqu\u00e9 en bambou naturel robuste et laqu\u00e9 pour un usage\" \/>\n<meta property=\"og:url\" content=\"https:\/\/newgarden.es\/fr\/shop\/lightdeco-fr\/lampadaire\/lampadaire-sans-fil-avec-recharge-solaire-okinawa\/\" \/>\n<meta property=\"og:site_name\" content=\"Newgarden\" \/>\n<meta property=\"article:modified_time\" content=\"2024-06-14T09:58:33+00:00\" \/>\n<meta property=\"og:image\" content=\"https:\/\/newgarden.es\/wp-content\/uploads\/2022\/04\/OKINAWA_FLOORLAMP_BATTERY_1200X1200-15.jpg\" \/>\n\t<meta property=\"og:image:width\" content=\"1200\" \/>\n\t<meta property=\"og:image:height\" content=\"1200\" \/>\n\t<meta property=\"og:image:type\" content=\"image\/jpeg\" \/>\n<meta name=\"twitter:card\" content=\"summary_large_image\" \/>\n<meta name=\"twitter:label1\" content=\"Dur\u00e9e de lecture estim\u00e9e\" \/>\n\t<meta name=\"twitter:data1\" content=\"1 minute\" \/>\n<script type=\"application\/ld+json\" class=\"yoast-schema-graph\">{\"@context\":\"https:\/\/schema.org\",\"@graph\":[{\"@type\":\"WebPage\",\"@id\":\"https:\/\/newgarden.es\/fr\/shop\/lightdeco-fr\/lampadaire\/lampadaire-sans-fil-avec-recharge-solaire-okinawa\/\",\"url\":\"https:\/\/newgarden.es\/fr\/shop\/lightdeco-fr\/lampadaire\/lampadaire-sans-fil-avec-recharge-solaire-okinawa\/\",\"name\":\"Lampadaire sans fil avec recharge solaire OKINAWA\",\"isPartOf\":{\"@id\":\"https:\/\/newgarden.es\/#website\"},\"primaryImageOfPage\":{\"@id\":\"https:\/\/newgarden.es\/fr\/shop\/lightdeco-fr\/lampadaire\/lampadaire-sans-fil-avec-recharge-solaire-okinawa\/#primaryimage\"},\"image\":{\"@id\":\"https:\/\/newgarden.es\/fr\/shop\/lightdeco-fr\/lampadaire\/lampadaire-sans-fil-avec-recharge-solaire-okinawa\/#primaryimage\"},\"thumbnailUrl\":\"https:\/\/newgarden.es\/wp-content\/uploads\/2022\/04\/OKINAWA_FLOORLAMP_BATTERY_1200X1200-15.jpg\",\"datePublished\":\"2022-04-18T07:38:47+00:00\",\"dateModified\":\"2024-06-14T09:58:33+00:00\",\"description\":\"Okinawa est un lampadaire qui n'a pas besoin de c\u00e2bles, emportez-le o\u00f9 vous voulez. Okinawa est fabriqu\u00e9 en bambou naturel robuste et laqu\u00e9 pour un usage\",\"breadcrumb\":{\"@id\":\"https:\/\/newgarden.es\/fr\/shop\/lightdeco-fr\/lampadaire\/lampadaire-sans-fil-avec-recharge-solaire-okinawa\/#breadcrumb\"},\"inLanguage\":\"fr-FR\",\"potentialAction\":[{\"@type\":\"ReadAction\",\"target\":[\"https:\/\/newgarden.es\/fr\/shop\/lightdeco-fr\/lampadaire\/lampadaire-sans-fil-avec-recharge-solaire-okinawa\/\"]}]},{\"@type\":\"ImageObject\",\"inLanguage\":\"fr-FR\",\"@id\":\"https:\/\/newgarden.es\/fr\/shop\/lightdeco-fr\/lampadaire\/lampadaire-sans-fil-avec-recharge-solaire-okinawa\/#primaryimage\",\"url\":\"https:\/\/newgarden.es\/wp-content\/uploads\/2022\/04\/OKINAWA_FLOORLAMP_BATTERY_1200X1200-15.jpg\",\"contentUrl\":\"https:\/\/newgarden.es\/wp-content\/uploads\/2022\/04\/OKINAWA_FLOORLAMP_BATTERY_1200X1200-15.jpg\",\"width\":1200,\"height\":1200},{\"@type\":\"BreadcrumbList\",\"@id\":\"https:\/\/newgarden.es\/fr\/shop\/lightdeco-fr\/lampadaire\/lampadaire-sans-fil-avec-recharge-solaire-okinawa\/#breadcrumb\",\"itemListElement\":[{\"@type\":\"ListItem\",\"position\":1,\"name\":\"Home\",\"item\":\"https:\/\/newgarden.es\/fr\/\"},{\"@type\":\"ListItem\",\"position\":2,\"name\":\"Boutique\",\"item\":\"https:\/\/newgarden.es\/fr\/boutique\/\"},{\"@type\":\"ListItem\",\"position\":3,\"name\":\"LAMPADAIRE SANS FIL AVEC RECHARGE SOLAIRE OKINAWA\"}]},{\"@type\":\"WebSite\",\"@id\":\"https:\/\/newgarden.es\/#website\",\"url\":\"https:\/\/newgarden.es\/\",\"name\":\"Newgarden\",\"description\":\"Be happy\",\"potentialAction\":[{\"@type\":\"SearchAction\",\"target\":{\"@type\":\"EntryPoint\",\"urlTemplate\":\"https:\/\/newgarden.es\/?s={search_term_string}\"},\"query-input\":{\"@type\":\"PropertyValueSpecification\",\"valueRequired\":true,\"valueName\":\"search_term_string\"}}],\"inLanguage\":\"fr-FR\"}]}<\/script>\n<!-- \/ Yoast SEO plugin. -->","yoast_head_json":{"title":"Lampadaire sans fil avec recharge solaire OKINAWA","description":"Okinawa est un lampadaire qui n'a pas besoin de c\u00e2bles, emportez-le o\u00f9 vous voulez. Okinawa est fabriqu\u00e9 en bambou naturel robuste et laqu\u00e9 pour un usage","robots":{"index":"index","follow":"follow","max-snippet":"max-snippet:-1","max-image-preview":"max-image-preview:large","max-video-preview":"max-video-preview:-1"},"canonical":"https:\/\/newgarden.es\/fr\/shop\/lightdeco-fr\/lampadaire\/lampadaire-sans-fil-avec-recharge-solaire-okinawa\/","og_locale":"fr_FR","og_type":"article","og_title":"Lampadaire sans fil avec recharge solaire OKINAWA","og_description":"Okinawa est un lampadaire qui n'a pas besoin de c\u00e2bles, emportez-le o\u00f9 vous voulez. Okinawa est fabriqu\u00e9 en bambou naturel robuste et laqu\u00e9 pour un usage","og_url":"https:\/\/newgarden.es\/fr\/shop\/lightdeco-fr\/lampadaire\/lampadaire-sans-fil-avec-recharge-solaire-okinawa\/","og_site_name":"Newgarden","article_modified_time":"2024-06-14T09:58:33+00:00","og_image":[{"width":1200,"height":1200,"url":"https:\/\/newgarden.es\/wp-content\/uploads\/2022\/04\/OKINAWA_FLOORLAMP_BATTERY_1200X1200-15.jpg","type":"image\/jpeg"}],"twitter_card":"summary_large_image","twitter_misc":{"Dur\u00e9e de lecture estim\u00e9e":"1 minute"},"schema":{"@context":"https:\/\/schema.org","@graph":[{"@type":"WebPage","@id":"https:\/\/newgarden.es\/fr\/shop\/lightdeco-fr\/lampadaire\/lampadaire-sans-fil-avec-recharge-solaire-okinawa\/","url":"https:\/\/newgarden.es\/fr\/shop\/lightdeco-fr\/lampadaire\/lampadaire-sans-fil-avec-recharge-solaire-okinawa\/","name":"Lampadaire sans fil avec recharge solaire OKINAWA","isPartOf":{"@id":"https:\/\/newgarden.es\/#website"},"primaryImageOfPage":{"@id":"https:\/\/newgarden.es\/fr\/shop\/lightdeco-fr\/lampadaire\/lampadaire-sans-fil-avec-recharge-solaire-okinawa\/#primaryimage"},"image":{"@id":"https:\/\/newgarden.es\/fr\/shop\/lightdeco-fr\/lampadaire\/lampadaire-sans-fil-avec-recharge-solaire-okinawa\/#primaryimage"},"thumbnailUrl":"https:\/\/newgarden.es\/wp-content\/uploads\/2022\/04\/OKINAWA_FLOORLAMP_BATTERY_1200X1200-15.jpg","datePublished":"2022-04-18T07:38:47+00:00","dateModified":"2024-06-14T09:58:33+00:00","description":"Okinawa est un lampadaire qui n'a pas besoin de c\u00e2bles, emportez-le o\u00f9 vous voulez. Okinawa est fabriqu\u00e9 en bambou naturel robuste et laqu\u00e9 pour un usage","breadcrumb":{"@id":"https:\/\/newgarden.es\/fr\/shop\/lightdeco-fr\/lampadaire\/lampadaire-sans-fil-avec-recharge-solaire-okinawa\/#breadcrumb"},"inLanguage":"fr-FR","potentialAction":[{"@type":"ReadAction","target":["https:\/\/newgarden.es\/fr\/shop\/lightdeco-fr\/lampadaire\/lampadaire-sans-fil-avec-recharge-solaire-okinawa\/"]}]},{"@type":"ImageObject","inLanguage":"fr-FR","@id":"https:\/\/newgarden.es\/fr\/shop\/lightdeco-fr\/lampadaire\/lampadaire-sans-fil-avec-recharge-solaire-okinawa\/#primaryimage","url":"https:\/\/newgarden.es\/wp-content\/uploads\/2022\/04\/OKINAWA_FLOORLAMP_BATTERY_1200X1200-15.jpg","contentUrl":"https:\/\/newgarden.es\/wp-content\/uploads\/2022\/04\/OKINAWA_FLOORLAMP_BATTERY_1200X1200-15.jpg","width":1200,"height":1200},{"@type":"BreadcrumbList","@id":"https:\/\/newgarden.es\/fr\/shop\/lightdeco-fr\/lampadaire\/lampadaire-sans-fil-avec-recharge-solaire-okinawa\/#breadcrumb","itemListElement":[{"@type":"ListItem","position":1,"name":"Home","item":"https:\/\/newgarden.es\/fr\/"},{"@type":"ListItem","position":2,"name":"Boutique","item":"https:\/\/newgarden.es\/fr\/boutique\/"},{"@type":"ListItem","position":3,"name":"LAMPADAIRE SANS FIL AVEC RECHARGE SOLAIRE OKINAWA"}]},{"@type":"WebSite","@id":"https:\/\/newgarden.es\/#website","url":"https:\/\/newgarden.es\/","name":"Newgarden","description":"Be happy","potentialAction":[{"@type":"SearchAction","target":{"@type":"EntryPoint","urlTemplate":"https:\/\/newgarden.es\/?s={search_term_string}"},"query-input":{"@type":"PropertyValueSpecification","valueRequired":true,"valueName":"search_term_string"}}],"inLanguage":"fr-FR"}]}},"df_price":319,"df_sale_price":"","df_regular_price":319,"df_image_link":"https:\/\/newgarden.es\/wp-content\/uploads\/2022\/04\/OKINAWA_FLOORLAMP_BATTERY_1200X1200-15-580x400.jpg","_links":{"self":[{"href":"https:\/\/newgarden.es\/fr\/wp-json\/wp\/v2\/product\/43834"}],"collection":[{"href":"https:\/\/newgarden.es\/fr\/wp-json\/wp\/v2\/product"}],"about":[{"href":"https:\/\/newgarden.es\/fr\/wp-json\/wp\/v2\/types\/product"}],"wp:featuredmedia":[{"embeddable":true,"href":"https:\/\/newgarden.es\/fr\/wp-json\/wp\/v2\/media\/63136"}],"wp:attachment":[{"href":"https:\/\/newgarden.es\/fr\/wp-json\/wp\/v2\/media?parent=43834"}],"wp:term":[{"taxonomy":"product_cat","embeddable":true,"href":"https:\/\/newgarden.es\/fr\/wp-json\/wp\/v2\/product_cat?post=43834"},{"taxonomy":"product_tag","embeddable":true,"href":"https:\/\/newgarden.es\/fr\/wp-json\/wp\/v2\/product_tag?post=43834"}],"curies":[{"name":"wp","href":"https:\/\/api.w.org\/{rel}","templated":true}]}}