{"id":43899,"date":"2022-04-18T09:51:46","date_gmt":"2022-04-18T07:51:51","guid":{"rendered":"https:\/\/newgarden.es\/?post_type=product&#038;p=43899"},"modified":"2024-06-13T15:51:36","modified_gmt":"2024-06-13T13:51:36","slug":"applique-wally-disk-avec-charge-solaire","status":"publish","type":"product","link":"https:\/\/newgarden.es\/fr\/shop\/lightdeco-fr\/portables\/applique-wally-disk-avec-charge-solaire\/","title":{"rendered":"APPLIQUE WALLY DISK AVEC CHARGE SOLAIRE"},"content":{"rendered":"<section class=\"wpb-content-wrapper\"><p>[vc_row][vc_column][vc_column_text][\/vc_column_text][\/vc_column][\/vc_row][vc_row][vc_column][vc_column_text]Wally est plus qu&rsquo;une simple applique murale. Elle est fabriqu\u00e9e \u00e0 partir de plastique recycl\u00e9 et dispose d&rsquo;un panneau solaire pour la recharger. Placez-la dans les zones de passage, \u00e0 c\u00f4t\u00e9 de la piscine ou o\u00f9 vous voulez, en veillant \u00e0 ce qu&rsquo;elle re\u00e7oive toujours la lumi\u00e8re directe du soleil pour qu&rsquo;elle fonctionne parfaitement. Elle est dot\u00e9e d&rsquo;un capteur de cr\u00e9puscule, ce qui vous permet d&rsquo;oublier de l&rsquo;allumer ou de l&rsquo;\u00e9teindre, car lorsqu&rsquo;elle d\u00e9tecte que la lumi\u00e8re du soleil diminue, elle s&rsquo;allume automatiquement.<\/p>\n<p>Dans la famille Wally, vous trouverez diff\u00e9rentes formes et tailles, ainsi que des pots, ce qui vous permettra de cr\u00e9er d&rsquo;incroyables compositions.<\/p>\n<p>La famille Wally est fabriqu\u00e9e \u00e0 partir de mat\u00e9riaux recycl\u00e9s provenant des oc\u00e9ans. Il s&rsquo;agit d&rsquo;un produit durable qui donne une nouvelle vie aux d\u00e9chets plastiques sous la forme d&rsquo;une lampe. Disponible en blanc ou en noir.[\/vc_column_text][\/vc_column][\/vc_row][vc_row][vc_column width=\u00a0\u00bb1\/2&Prime;][vc_btn title=\u00a0\u00bbFICHA T\u00c9CNICA WALLY DISK \u00f827&Prime; style=\u00a0\u00bbcustom\u00a0\u00bb custom_background=\u00a0\u00bb#009bc2&Prime; custom_text=\u00a0\u00bb#ffffff\u00a0\u00bb shape=\u00a0\u00bbsquare\u00a0\u00bb link=\u00a0\u00bburl:https%3A%2F%2Fbit.ly%2F3blRoSK|\u00a0\u00bb][vc_btn title=\u00a0\u00bbFICHA T\u00c9CNICA WALLY DISK \u00f839&Prime; style=\u00a0\u00bbcustom\u00a0\u00bb custom_background=\u00a0\u00bb#009bc2&Prime; custom_text=\u00a0\u00bb#ffffff\u00a0\u00bb shape=\u00a0\u00bbsquare\u00a0\u00bb el_class=\u00a0\u00bbbtn_descargar_ficha\u00a0\u00bb link=\u00a0\u00bburl:https%3A%2F%2Fbit.ly%2F3tSdx1w|target:%20_blank|\u00a0\u00bb][\/vc_column][vc_column width=\u00a0\u00bb1\/2&Prime;][vc_btn title=\u00a0\u00bbMANUAL DE INSTRUCCIONES WALLY DISK \u00f827&Prime; style=\u00a0\u00bbcustom\u00a0\u00bb custom_background=\u00a0\u00bb#009bc2&Prime; custom_text=\u00a0\u00bb#ffffff\u00a0\u00bb shape=\u00a0\u00bbsquare\u00a0\u00bb el_class=\u00a0\u00bbbtn_descargar_ficha\u00a0\u00bb link=\u00a0\u00bburl:https%3A%2F%2Fbit.ly%2F3OMgKXW|target:%20_blank|\u00a0\u00bb][vc_btn title=\u00a0\u00bbMANUAL DE INSTRUCCIONES WALLY DISK \u00f839&Prime; style=\u00a0\u00bbcustom\u00a0\u00bb custom_background=\u00a0\u00bb#009bc2&Prime; custom_text=\u00a0\u00bb#ffffff\u00a0\u00bb shape=\u00a0\u00bbsquare\u00a0\u00bb el_class=\u00a0\u00bbbtn_descargar_ficha\u00a0\u00bb link=\u00a0\u00bburl:https%3A%2F%2Fbit.ly%2F3BQuaQ3|target:%20_blank|\u00a0\u00bb][\/vc_column][\/vc_row]<\/p>\n<\/section>","protected":false},"excerpt":{"rendered":"<h5>Aplique de pared con carga Solar WALLY DISK<\/h5>\n","protected":false},"featured_media":56640,"template":"","meta":[],"product_cat":[651,757,754],"product_tag":[707,648],"class_list":{"0":"post-43899","1":"product","2":"type-product","3":"status-publish","4":"has-post-thumbnail","6":"product_cat-lightdeco-fr","7":"product_cat-appliques","8":"product_cat-portables","9":"product_tag-sans-fil","10":"product_tag-solaire","12":"first","13":"instock","14":"taxable","15":"shipping-taxable","16":"purchasable","17":"product-type-variable"},"yoast_head":"<!-- This site is optimized with the Yoast SEO plugin v24.2 - https:\/\/yoast.com\/wordpress\/plugins\/seo\/ -->\n<title>APPLIQUE WALLY DISK AVEC CHARGE SOLAIRE - Newgarden<\/title>\n<meta name=\"description\" content=\"Wally est plus qu&#039;une simple applique murale. Il est fabriqu\u00e9 \u00e0 partir de plastique recycl\u00e9 et dispose d&#039;un panneau solaire pour le rechargement.\" \/>\n<meta name=\"robots\" content=\"index, follow, max-snippet:-1, max-image-preview:large, max-video-preview:-1\" \/>\n<link rel=\"canonical\" href=\"https:\/\/newgarden.es\/fr\/shop\/lightdeco-fr\/portables\/applique-wally-disk-avec-charge-solaire\/\" \/>\n<meta property=\"og:locale\" content=\"fr_FR\" \/>\n<meta property=\"og:type\" content=\"article\" \/>\n<meta property=\"og:title\" content=\"APPLIQUE WALLY DISK AVEC CHARGE SOLAIRE - Newgarden\" \/>\n<meta property=\"og:description\" content=\"Wally est plus qu&#039;une simple applique murale. Il est fabriqu\u00e9 \u00e0 partir de plastique recycl\u00e9 et dispose d&#039;un panneau solaire pour le rechargement.\" \/>\n<meta property=\"og:url\" content=\"https:\/\/newgarden.es\/fr\/shop\/lightdeco-fr\/portables\/applique-wally-disk-avec-charge-solaire\/\" \/>\n<meta property=\"og:site_name\" content=\"Newgarden\" \/>\n<meta property=\"article:modified_time\" content=\"2024-06-13T13:51:36+00:00\" \/>\n<meta property=\"og:image\" content=\"https:\/\/newgarden.es\/wp-content\/uploads\/2022\/04\/WALLY_DISK_27_39_1200X1200-6.jpg\" \/>\n\t<meta property=\"og:image:width\" content=\"1200\" \/>\n\t<meta property=\"og:image:height\" content=\"1200\" \/>\n\t<meta property=\"og:image:type\" content=\"image\/jpeg\" \/>\n<meta name=\"twitter:card\" content=\"summary_large_image\" \/>\n<meta name=\"twitter:label1\" content=\"Dur\u00e9e de lecture estim\u00e9e\" \/>\n\t<meta name=\"twitter:data1\" content=\"2 minutes\" \/>\n<script type=\"application\/ld+json\" class=\"yoast-schema-graph\">{\"@context\":\"https:\/\/schema.org\",\"@graph\":[{\"@type\":\"WebPage\",\"@id\":\"https:\/\/newgarden.es\/fr\/shop\/lightdeco-fr\/portables\/applique-wally-disk-avec-charge-solaire\/\",\"url\":\"https:\/\/newgarden.es\/fr\/shop\/lightdeco-fr\/portables\/applique-wally-disk-avec-charge-solaire\/\",\"name\":\"APPLIQUE WALLY DISK AVEC CHARGE SOLAIRE - Newgarden\",\"isPartOf\":{\"@id\":\"https:\/\/newgarden.es\/#website\"},\"primaryImageOfPage\":{\"@id\":\"https:\/\/newgarden.es\/fr\/shop\/lightdeco-fr\/portables\/applique-wally-disk-avec-charge-solaire\/#primaryimage\"},\"image\":{\"@id\":\"https:\/\/newgarden.es\/fr\/shop\/lightdeco-fr\/portables\/applique-wally-disk-avec-charge-solaire\/#primaryimage\"},\"thumbnailUrl\":\"https:\/\/newgarden.es\/wp-content\/uploads\/2022\/04\/WALLY_DISK_27_39_1200X1200-6.jpg\",\"datePublished\":\"2022-04-18T07:51:51+00:00\",\"dateModified\":\"2024-06-13T13:51:36+00:00\",\"description\":\"Wally est plus qu'une simple applique murale. Il est fabriqu\u00e9 \u00e0 partir de plastique recycl\u00e9 et dispose d'un panneau solaire pour le rechargement.\",\"breadcrumb\":{\"@id\":\"https:\/\/newgarden.es\/fr\/shop\/lightdeco-fr\/portables\/applique-wally-disk-avec-charge-solaire\/#breadcrumb\"},\"inLanguage\":\"fr-FR\",\"potentialAction\":[{\"@type\":\"ReadAction\",\"target\":[\"https:\/\/newgarden.es\/fr\/shop\/lightdeco-fr\/portables\/applique-wally-disk-avec-charge-solaire\/\"]}]},{\"@type\":\"ImageObject\",\"inLanguage\":\"fr-FR\",\"@id\":\"https:\/\/newgarden.es\/fr\/shop\/lightdeco-fr\/portables\/applique-wally-disk-avec-charge-solaire\/#primaryimage\",\"url\":\"https:\/\/newgarden.es\/wp-content\/uploads\/2022\/04\/WALLY_DISK_27_39_1200X1200-6.jpg\",\"contentUrl\":\"https:\/\/newgarden.es\/wp-content\/uploads\/2022\/04\/WALLY_DISK_27_39_1200X1200-6.jpg\",\"width\":1200,\"height\":1200},{\"@type\":\"BreadcrumbList\",\"@id\":\"https:\/\/newgarden.es\/fr\/shop\/lightdeco-fr\/portables\/applique-wally-disk-avec-charge-solaire\/#breadcrumb\",\"itemListElement\":[{\"@type\":\"ListItem\",\"position\":1,\"name\":\"Home\",\"item\":\"https:\/\/newgarden.es\/fr\/\"},{\"@type\":\"ListItem\",\"position\":2,\"name\":\"Boutique\",\"item\":\"https:\/\/newgarden.es\/fr\/boutique\/\"},{\"@type\":\"ListItem\",\"position\":3,\"name\":\"APPLIQUE WALLY DISK AVEC CHARGE SOLAIRE\"}]},{\"@type\":\"WebSite\",\"@id\":\"https:\/\/newgarden.es\/#website\",\"url\":\"https:\/\/newgarden.es\/\",\"name\":\"Newgarden\",\"description\":\"Be happy\",\"potentialAction\":[{\"@type\":\"SearchAction\",\"target\":{\"@type\":\"EntryPoint\",\"urlTemplate\":\"https:\/\/newgarden.es\/?s={search_term_string}\"},\"query-input\":{\"@type\":\"PropertyValueSpecification\",\"valueRequired\":true,\"valueName\":\"search_term_string\"}}],\"inLanguage\":\"fr-FR\"}]}<\/script>\n<!-- \/ Yoast SEO plugin. -->","yoast_head_json":{"title":"APPLIQUE WALLY DISK AVEC CHARGE SOLAIRE - Newgarden","description":"Wally est plus qu'une simple applique murale. Il est fabriqu\u00e9 \u00e0 partir de plastique recycl\u00e9 et dispose d'un panneau solaire pour le rechargement.","robots":{"index":"index","follow":"follow","max-snippet":"max-snippet:-1","max-image-preview":"max-image-preview:large","max-video-preview":"max-video-preview:-1"},"canonical":"https:\/\/newgarden.es\/fr\/shop\/lightdeco-fr\/portables\/applique-wally-disk-avec-charge-solaire\/","og_locale":"fr_FR","og_type":"article","og_title":"APPLIQUE WALLY DISK AVEC CHARGE SOLAIRE - Newgarden","og_description":"Wally est plus qu'une simple applique murale. Il est fabriqu\u00e9 \u00e0 partir de plastique recycl\u00e9 et dispose d'un panneau solaire pour le rechargement.","og_url":"https:\/\/newgarden.es\/fr\/shop\/lightdeco-fr\/portables\/applique-wally-disk-avec-charge-solaire\/","og_site_name":"Newgarden","article_modified_time":"2024-06-13T13:51:36+00:00","og_image":[{"width":1200,"height":1200,"url":"https:\/\/newgarden.es\/wp-content\/uploads\/2022\/04\/WALLY_DISK_27_39_1200X1200-6.jpg","type":"image\/jpeg"}],"twitter_card":"summary_large_image","twitter_misc":{"Dur\u00e9e de lecture estim\u00e9e":"2 minutes"},"schema":{"@context":"https:\/\/schema.org","@graph":[{"@type":"WebPage","@id":"https:\/\/newgarden.es\/fr\/shop\/lightdeco-fr\/portables\/applique-wally-disk-avec-charge-solaire\/","url":"https:\/\/newgarden.es\/fr\/shop\/lightdeco-fr\/portables\/applique-wally-disk-avec-charge-solaire\/","name":"APPLIQUE WALLY DISK AVEC CHARGE SOLAIRE - Newgarden","isPartOf":{"@id":"https:\/\/newgarden.es\/#website"},"primaryImageOfPage":{"@id":"https:\/\/newgarden.es\/fr\/shop\/lightdeco-fr\/portables\/applique-wally-disk-avec-charge-solaire\/#primaryimage"},"image":{"@id":"https:\/\/newgarden.es\/fr\/shop\/lightdeco-fr\/portables\/applique-wally-disk-avec-charge-solaire\/#primaryimage"},"thumbnailUrl":"https:\/\/newgarden.es\/wp-content\/uploads\/2022\/04\/WALLY_DISK_27_39_1200X1200-6.jpg","datePublished":"2022-04-18T07:51:51+00:00","dateModified":"2024-06-13T13:51:36+00:00","description":"Wally est plus qu'une simple applique murale. Il est fabriqu\u00e9 \u00e0 partir de plastique recycl\u00e9 et dispose d'un panneau solaire pour le rechargement.","breadcrumb":{"@id":"https:\/\/newgarden.es\/fr\/shop\/lightdeco-fr\/portables\/applique-wally-disk-avec-charge-solaire\/#breadcrumb"},"inLanguage":"fr-FR","potentialAction":[{"@type":"ReadAction","target":["https:\/\/newgarden.es\/fr\/shop\/lightdeco-fr\/portables\/applique-wally-disk-avec-charge-solaire\/"]}]},{"@type":"ImageObject","inLanguage":"fr-FR","@id":"https:\/\/newgarden.es\/fr\/shop\/lightdeco-fr\/portables\/applique-wally-disk-avec-charge-solaire\/#primaryimage","url":"https:\/\/newgarden.es\/wp-content\/uploads\/2022\/04\/WALLY_DISK_27_39_1200X1200-6.jpg","contentUrl":"https:\/\/newgarden.es\/wp-content\/uploads\/2022\/04\/WALLY_DISK_27_39_1200X1200-6.jpg","width":1200,"height":1200},{"@type":"BreadcrumbList","@id":"https:\/\/newgarden.es\/fr\/shop\/lightdeco-fr\/portables\/applique-wally-disk-avec-charge-solaire\/#breadcrumb","itemListElement":[{"@type":"ListItem","position":1,"name":"Home","item":"https:\/\/newgarden.es\/fr\/"},{"@type":"ListItem","position":2,"name":"Boutique","item":"https:\/\/newgarden.es\/fr\/boutique\/"},{"@type":"ListItem","position":3,"name":"APPLIQUE WALLY DISK AVEC CHARGE SOLAIRE"}]},{"@type":"WebSite","@id":"https:\/\/newgarden.es\/#website","url":"https:\/\/newgarden.es\/","name":"Newgarden","description":"Be happy","potentialAction":[{"@type":"SearchAction","target":{"@type":"EntryPoint","urlTemplate":"https:\/\/newgarden.es\/?s={search_term_string}"},"query-input":{"@type":"PropertyValueSpecification","valueRequired":true,"valueName":"search_term_string"}}],"inLanguage":"fr-FR"}]}},"df_price":29.9,"df_sale_price":"","df_regular_price":29.9,"df_image_link":"https:\/\/newgarden.es\/wp-content\/uploads\/2022\/04\/WALLY_DISK_27_39_1200X1200-6-580x400.jpg","_links":{"self":[{"href":"https:\/\/newgarden.es\/fr\/wp-json\/wp\/v2\/product\/43899"}],"collection":[{"href":"https:\/\/newgarden.es\/fr\/wp-json\/wp\/v2\/product"}],"about":[{"href":"https:\/\/newgarden.es\/fr\/wp-json\/wp\/v2\/types\/product"}],"wp:featuredmedia":[{"embeddable":true,"href":"https:\/\/newgarden.es\/fr\/wp-json\/wp\/v2\/media\/56640"}],"wp:attachment":[{"href":"https:\/\/newgarden.es\/fr\/wp-json\/wp\/v2\/media?parent=43899"}],"wp:term":[{"taxonomy":"product_cat","embeddable":true,"href":"https:\/\/newgarden.es\/fr\/wp-json\/wp\/v2\/product_cat?post=43899"},{"taxonomy":"product_tag","embeddable":true,"href":"https:\/\/newgarden.es\/fr\/wp-json\/wp\/v2\/product_tag?post=43899"}],"curies":[{"name":"wp","href":"https:\/\/api.w.org\/{rel}","templated":true}]}}