{"id":46229,"date":"2023-02-03T08:25:03","date_gmt":"2023-02-03T07:25:08","guid":{"rendered":"https:\/\/newgarden.es\/?post_type=product&#038;p=46229"},"modified":"2025-06-11T15:50:49","modified_gmt":"2025-06-11T13:50:49","slug":"ampoule-portable-rechargeable-cherry-mini","status":"publish","type":"product","link":"https:\/\/newgarden.es\/fr\/shop\/lightdeco-fr\/portables\/ampoule-portable-rechargeable-cherry-mini\/","title":{"rendered":"MINI AMPOULE RECHARGEABLE PORTABLE CHERRY (3 PI\u00c8CES)"},"content":{"rendered":"<section class=\"wpb-content-wrapper\"><p>[vc_row][vc_column][vc_column_text][\/vc_column_text][\/vc_column][\/vc_row][vc_row][vc_column][vc_column_text]Cherry Mini est l&#8217;ampoule portable rechargeable la plus polyvalente que vous trouverez sur le march\u00e9. Sa petite taille lui permet de s&#8217;adapter \u00e0 n&#8217;importe quel endroit, que ce soit chez vous ou \u00e0 emporter avec vous. <strong>Cherry Mini est parfaite pour \u00e9clairer les zones difficiles d&#8217;acc\u00e8s ou les endroits o\u00f9 vous n&#8217;avez pas de prise \u00e9lectrique, elle est parfaite pour le camping et pour \u00eatre emport\u00e9e avec vous comme lumi\u00e8re d&#8217;appoint.<\/strong> Comme elle ne n\u00e9cessite pas d&#8217;installation, elle dispose d&#8217;un puissant aimant int\u00e9gr\u00e9 pour la fixer \u00e0 n&#8217;importe quelle surface m\u00e9tallique, ainsi que d&#8217;un crochet pour l&#8217;accrocher \u00e0 n&#8217;importe quelle lampe ou arbre de votre jardin. <strong>Sa puissance est de 350 lumens d&#8217;intensit\u00e9 maximale.<\/strong><\/p>\n<p><strong>Chaque bo\u00eete de Cherry Mini comprend 3 ampoules<\/strong>. Chaque ampoule est dot\u00e9e d&#8217;un crochet de suspension et d&#8217;une plaque m\u00e9tallique adh\u00e9sive pour augmenter les possibilit\u00e9s de placement. Il comprend \u00e9galement une t\u00e9l\u00e9commande permettant de les allumer et de les \u00e9teindre et de r\u00e9gler leur intensit\u00e9.<\/p>\n<p>Vous payez pour 5 bo\u00eetes de CHERRI MINI (chaque bo\u00eete contient 3 mini cerises)[\/vc_column_text][\/vc_column][\/vc_row][vc_row][vc_column width=&#8221;1\/2&#8243;][vc_btn title=&#8221;Fiche technique&#8221; style=&#8221;custom&#8221; custom_background=&#8221;#009bc2&#8243; custom_text=&#8221;#ffffff&#8221; shape=&#8221;square&#8221; link=&#8221;url:https%3A%2F%2Fbit.ly%2F3RFINeV|target:%20_blank|&#8221; el_class=&#8221;btn_descargar_ficha&#8221;][\/vc_column][vc_column width=&#8221;1\/2&#8243;][vc_btn title=&#8221;Manuel d&#8217;instrutions&#8221; style=&#8221;custom&#8221; custom_background=&#8221;#009bc2&#8243; custom_text=&#8221;#ffffff&#8221; shape=&#8221;square&#8221; link=&#8221;url:https%3A%2F%2Fbit.ly%2F3DAVRw5|target:%20_blank|&#8221; el_class=&#8221;btn_descargar_ficha&#8221;][\/vc_column][vc_column][\/vc_column][\/vc_row]<\/p>\n<\/section>","protected":false},"excerpt":{"rendered":"<h6>Ampoule portable rechargeable Cherry<\/h6>\n","protected":false},"featured_media":57026,"template":"","meta":[],"product_cat":[651,757,754],"product_tag":[653,707],"class_list":{"0":"post-46229","1":"product","2":"type-product","3":"status-publish","4":"has-post-thumbnail","6":"product_cat-lightdeco-fr","7":"product_cat-appliques","8":"product_cat-portables","9":"product_tag-batterie","10":"product_tag-sans-fil","12":"first","13":"instock","14":"taxable","15":"shipping-taxable","16":"purchasable","17":"product-type-variable"},"yoast_head":"<!-- This site is optimized with the Yoast SEO plugin v24.2 - https:\/\/yoast.com\/wordpress\/plugins\/seo\/ -->\n<title>AMPOULE PORTABLE RECHARGEABLE CHERRY<\/title>\n<meta name=\"description\" content=\"Cherry Mini est parfait pour \u00e9clairer les zones difficiles d&#039;acc\u00e8s ou les endroits o\u00f9 vous n&#039;avez pas de prise \u00e9lectrique. Son rendement est de 350 lumens.\" \/>\n<meta name=\"robots\" content=\"index, follow, max-snippet:-1, max-image-preview:large, max-video-preview:-1\" \/>\n<link rel=\"canonical\" href=\"https:\/\/newgarden.es\/fr\/shop\/lightdeco-fr\/portables\/ampoule-portable-rechargeable-cherry-mini\/\" \/>\n<meta property=\"og:locale\" content=\"fr_FR\" \/>\n<meta property=\"og:type\" content=\"article\" \/>\n<meta property=\"og:title\" content=\"AMPOULE PORTABLE RECHARGEABLE CHERRY\" \/>\n<meta property=\"og:description\" content=\"Cherry Mini est parfait pour \u00e9clairer les zones difficiles d&#039;acc\u00e8s ou les endroits o\u00f9 vous n&#039;avez pas de prise \u00e9lectrique. Son rendement est de 350 lumens.\" \/>\n<meta property=\"og:url\" content=\"https:\/\/newgarden.es\/fr\/shop\/lightdeco-fr\/portables\/ampoule-portable-rechargeable-cherry-mini\/\" \/>\n<meta property=\"og:site_name\" content=\"Newgarden\" \/>\n<meta property=\"article:modified_time\" content=\"2025-06-11T13:50:49+00:00\" \/>\n<meta property=\"og:image\" content=\"https:\/\/newgarden.es\/wp-content\/uploads\/2023\/02\/CHERRY_MINI_BATTERY_1200X1200-5.jpg\" \/>\n\t<meta property=\"og:image:width\" content=\"1200\" \/>\n\t<meta property=\"og:image:height\" content=\"1200\" \/>\n\t<meta property=\"og:image:type\" content=\"image\/jpeg\" \/>\n<meta name=\"twitter:card\" content=\"summary_large_image\" \/>\n<meta name=\"twitter:label1\" content=\"Dur\u00e9e de lecture estim\u00e9e\" \/>\n\t<meta name=\"twitter:data1\" content=\"2 minutes\" \/>\n<script type=\"application\/ld+json\" class=\"yoast-schema-graph\">{\"@context\":\"https:\/\/schema.org\",\"@graph\":[{\"@type\":\"WebPage\",\"@id\":\"https:\/\/newgarden.es\/fr\/shop\/lightdeco-fr\/portables\/ampoule-portable-rechargeable-cherry-mini\/\",\"url\":\"https:\/\/newgarden.es\/fr\/shop\/lightdeco-fr\/portables\/ampoule-portable-rechargeable-cherry-mini\/\",\"name\":\"AMPOULE PORTABLE RECHARGEABLE CHERRY\",\"isPartOf\":{\"@id\":\"https:\/\/newgarden.es\/#website\"},\"primaryImageOfPage\":{\"@id\":\"https:\/\/newgarden.es\/fr\/shop\/lightdeco-fr\/portables\/ampoule-portable-rechargeable-cherry-mini\/#primaryimage\"},\"image\":{\"@id\":\"https:\/\/newgarden.es\/fr\/shop\/lightdeco-fr\/portables\/ampoule-portable-rechargeable-cherry-mini\/#primaryimage\"},\"thumbnailUrl\":\"https:\/\/newgarden.es\/wp-content\/uploads\/2023\/02\/CHERRY_MINI_BATTERY_1200X1200-5.jpg\",\"datePublished\":\"2023-02-03T07:25:08+00:00\",\"dateModified\":\"2025-06-11T13:50:49+00:00\",\"description\":\"Cherry Mini est parfait pour \u00e9clairer les zones difficiles d'acc\u00e8s ou les endroits o\u00f9 vous n'avez pas de prise \u00e9lectrique. Son rendement est de 350 lumens.\",\"breadcrumb\":{\"@id\":\"https:\/\/newgarden.es\/fr\/shop\/lightdeco-fr\/portables\/ampoule-portable-rechargeable-cherry-mini\/#breadcrumb\"},\"inLanguage\":\"fr-FR\",\"potentialAction\":[{\"@type\":\"ReadAction\",\"target\":[\"https:\/\/newgarden.es\/fr\/shop\/lightdeco-fr\/portables\/ampoule-portable-rechargeable-cherry-mini\/\"]}]},{\"@type\":\"ImageObject\",\"inLanguage\":\"fr-FR\",\"@id\":\"https:\/\/newgarden.es\/fr\/shop\/lightdeco-fr\/portables\/ampoule-portable-rechargeable-cherry-mini\/#primaryimage\",\"url\":\"https:\/\/newgarden.es\/wp-content\/uploads\/2023\/02\/CHERRY_MINI_BATTERY_1200X1200-5.jpg\",\"contentUrl\":\"https:\/\/newgarden.es\/wp-content\/uploads\/2023\/02\/CHERRY_MINI_BATTERY_1200X1200-5.jpg\",\"width\":1200,\"height\":1200},{\"@type\":\"BreadcrumbList\",\"@id\":\"https:\/\/newgarden.es\/fr\/shop\/lightdeco-fr\/portables\/ampoule-portable-rechargeable-cherry-mini\/#breadcrumb\",\"itemListElement\":[{\"@type\":\"ListItem\",\"position\":1,\"name\":\"Home\",\"item\":\"https:\/\/newgarden.es\/fr\/\"},{\"@type\":\"ListItem\",\"position\":2,\"name\":\"Boutique\",\"item\":\"https:\/\/newgarden.es\/fr\/boutique\/\"},{\"@type\":\"ListItem\",\"position\":3,\"name\":\"MINI AMPOULE RECHARGEABLE PORTABLE CHERRY (3 PI\u00c8CES)\"}]},{\"@type\":\"WebSite\",\"@id\":\"https:\/\/newgarden.es\/#website\",\"url\":\"https:\/\/newgarden.es\/\",\"name\":\"Newgarden\",\"description\":\"Be happy\",\"potentialAction\":[{\"@type\":\"SearchAction\",\"target\":{\"@type\":\"EntryPoint\",\"urlTemplate\":\"https:\/\/newgarden.es\/?s={search_term_string}\"},\"query-input\":{\"@type\":\"PropertyValueSpecification\",\"valueRequired\":true,\"valueName\":\"search_term_string\"}}],\"inLanguage\":\"fr-FR\"}]}<\/script>\n<!-- \/ Yoast SEO plugin. -->","yoast_head_json":{"title":"AMPOULE PORTABLE RECHARGEABLE CHERRY","description":"Cherry Mini est parfait pour \u00e9clairer les zones difficiles d'acc\u00e8s ou les endroits o\u00f9 vous n'avez pas de prise \u00e9lectrique. Son rendement est de 350 lumens.","robots":{"index":"index","follow":"follow","max-snippet":"max-snippet:-1","max-image-preview":"max-image-preview:large","max-video-preview":"max-video-preview:-1"},"canonical":"https:\/\/newgarden.es\/fr\/shop\/lightdeco-fr\/portables\/ampoule-portable-rechargeable-cherry-mini\/","og_locale":"fr_FR","og_type":"article","og_title":"AMPOULE PORTABLE RECHARGEABLE CHERRY","og_description":"Cherry Mini est parfait pour \u00e9clairer les zones difficiles d'acc\u00e8s ou les endroits o\u00f9 vous n'avez pas de prise \u00e9lectrique. Son rendement est de 350 lumens.","og_url":"https:\/\/newgarden.es\/fr\/shop\/lightdeco-fr\/portables\/ampoule-portable-rechargeable-cherry-mini\/","og_site_name":"Newgarden","article_modified_time":"2025-06-11T13:50:49+00:00","og_image":[{"width":1200,"height":1200,"url":"https:\/\/newgarden.es\/wp-content\/uploads\/2023\/02\/CHERRY_MINI_BATTERY_1200X1200-5.jpg","type":"image\/jpeg"}],"twitter_card":"summary_large_image","twitter_misc":{"Dur\u00e9e de lecture estim\u00e9e":"2 minutes"},"schema":{"@context":"https:\/\/schema.org","@graph":[{"@type":"WebPage","@id":"https:\/\/newgarden.es\/fr\/shop\/lightdeco-fr\/portables\/ampoule-portable-rechargeable-cherry-mini\/","url":"https:\/\/newgarden.es\/fr\/shop\/lightdeco-fr\/portables\/ampoule-portable-rechargeable-cherry-mini\/","name":"AMPOULE PORTABLE RECHARGEABLE CHERRY","isPartOf":{"@id":"https:\/\/newgarden.es\/#website"},"primaryImageOfPage":{"@id":"https:\/\/newgarden.es\/fr\/shop\/lightdeco-fr\/portables\/ampoule-portable-rechargeable-cherry-mini\/#primaryimage"},"image":{"@id":"https:\/\/newgarden.es\/fr\/shop\/lightdeco-fr\/portables\/ampoule-portable-rechargeable-cherry-mini\/#primaryimage"},"thumbnailUrl":"https:\/\/newgarden.es\/wp-content\/uploads\/2023\/02\/CHERRY_MINI_BATTERY_1200X1200-5.jpg","datePublished":"2023-02-03T07:25:08+00:00","dateModified":"2025-06-11T13:50:49+00:00","description":"Cherry Mini est parfait pour \u00e9clairer les zones difficiles d'acc\u00e8s ou les endroits o\u00f9 vous n'avez pas de prise \u00e9lectrique. Son rendement est de 350 lumens.","breadcrumb":{"@id":"https:\/\/newgarden.es\/fr\/shop\/lightdeco-fr\/portables\/ampoule-portable-rechargeable-cherry-mini\/#breadcrumb"},"inLanguage":"fr-FR","potentialAction":[{"@type":"ReadAction","target":["https:\/\/newgarden.es\/fr\/shop\/lightdeco-fr\/portables\/ampoule-portable-rechargeable-cherry-mini\/"]}]},{"@type":"ImageObject","inLanguage":"fr-FR","@id":"https:\/\/newgarden.es\/fr\/shop\/lightdeco-fr\/portables\/ampoule-portable-rechargeable-cherry-mini\/#primaryimage","url":"https:\/\/newgarden.es\/wp-content\/uploads\/2023\/02\/CHERRY_MINI_BATTERY_1200X1200-5.jpg","contentUrl":"https:\/\/newgarden.es\/wp-content\/uploads\/2023\/02\/CHERRY_MINI_BATTERY_1200X1200-5.jpg","width":1200,"height":1200},{"@type":"BreadcrumbList","@id":"https:\/\/newgarden.es\/fr\/shop\/lightdeco-fr\/portables\/ampoule-portable-rechargeable-cherry-mini\/#breadcrumb","itemListElement":[{"@type":"ListItem","position":1,"name":"Home","item":"https:\/\/newgarden.es\/fr\/"},{"@type":"ListItem","position":2,"name":"Boutique","item":"https:\/\/newgarden.es\/fr\/boutique\/"},{"@type":"ListItem","position":3,"name":"MINI AMPOULE RECHARGEABLE PORTABLE CHERRY (3 PI\u00c8CES)"}]},{"@type":"WebSite","@id":"https:\/\/newgarden.es\/#website","url":"https:\/\/newgarden.es\/","name":"Newgarden","description":"Be happy","potentialAction":[{"@type":"SearchAction","target":{"@type":"EntryPoint","urlTemplate":"https:\/\/newgarden.es\/?s={search_term_string}"},"query-input":{"@type":"PropertyValueSpecification","valueRequired":true,"valueName":"search_term_string"}}],"inLanguage":"fr-FR"}]}},"df_price":30.1,"df_sale_price":"","df_regular_price":30.1,"df_image_link":"https:\/\/newgarden.es\/wp-content\/uploads\/2023\/02\/CHERRY_MINI_BATTERY_1200X1200-5-580x400.jpg","_links":{"self":[{"href":"https:\/\/newgarden.es\/fr\/wp-json\/wp\/v2\/product\/46229"}],"collection":[{"href":"https:\/\/newgarden.es\/fr\/wp-json\/wp\/v2\/product"}],"about":[{"href":"https:\/\/newgarden.es\/fr\/wp-json\/wp\/v2\/types\/product"}],"wp:featuredmedia":[{"embeddable":true,"href":"https:\/\/newgarden.es\/fr\/wp-json\/wp\/v2\/media\/57026"}],"wp:attachment":[{"href":"https:\/\/newgarden.es\/fr\/wp-json\/wp\/v2\/media?parent=46229"}],"wp:term":[{"taxonomy":"product_cat","embeddable":true,"href":"https:\/\/newgarden.es\/fr\/wp-json\/wp\/v2\/product_cat?post=46229"},{"taxonomy":"product_tag","embeddable":true,"href":"https:\/\/newgarden.es\/fr\/wp-json\/wp\/v2\/product_tag?post=46229"}],"curies":[{"name":"wp","href":"https:\/\/api.w.org\/{rel}","templated":true}]}}