{"id":46299,"date":"2023-02-03T08:45:19","date_gmt":"2023-02-03T07:45:24","guid":{"rendered":"https:\/\/newgarden.es\/?post_type=product&#038;p=46299"},"modified":"2024-06-03T08:36:34","modified_gmt":"2024-06-03T06:36:34","slug":"lampe-decorative-sans-fil-conta-30","status":"publish","type":"product","link":"https:\/\/newgarden.es\/fr\/shop\/lightdeco-fr\/lampe-a-cote\/lampe-decorative-sans-fil-conta-30\/","title":{"rendered":"LAMPE D\u00c9CORATIVE SANS FIL CONTA 30"},"content":{"rendered":"<section class=\"wpb-content-wrapper\"><p>[vc_row][vc_column][vc_column_text][\/vc_column_text][\/vc_column][\/vc_row][vc_row][vc_column][vc_column_text]La lampe d\u00e9corative sans fil\u00a0<strong>Conta 30 est fabriqu\u00e9e en PVC recycl\u00e9.<\/strong>\u00a0Cette lampe est le compl\u00e9ment parfait pour \u00e9clairer n&#8217;importe quel espace de votre maison ou de votre jardin en lui donnant un aspect diff\u00e9rent.<\/p>\n<p><strong>Elle int\u00e8gre une ampoule rechargeable portable de 900 lumens qui ne n\u00e9cessite aucune installation,<\/strong>\u00a0il suffit de l&#8217;approcher de la lampe pour qu&#8217;elle y adh\u00e8re gr\u00e2ce \u00e0 sa base aimant\u00e9e. Cette ampoule comprend \u00e9galement une t\u00e9l\u00e9commande permettant de l&#8217;allumer, de l&#8217;\u00e9teindre et de r\u00e9gler son intensit\u00e9.<\/p>\n<p>Cette lampe fait partie de la famille CONTA, et peut \u00eatre combin\u00e9e avec une suspension, une applique et un lampadaire.[\/vc_column_text][\/vc_column][\/vc_row][vc_row][vc_column width=&#8221;1\/2&#8243;][vc_btn title=&#8221;Fiche technique&#8221; style=&#8221;custom&#8221; custom_background=&#8221;#009bc2&#8243; custom_text=&#8221;#ffffff&#8221; shape=&#8221;square&#8221; el_class=&#8221;btn_descargar_ficha&#8221; link=&#8221;url:https%3A%2F%2Fbit.ly%2F41p64pQ|target:%20_blank|&#8221;][\/vc_column][vc_column width=&#8221;1\/2&#8243;][vc_btn title=&#8221;Manuel d&apos;instrutions&#8221; style=&#8221;custom&#8221; custom_background=&#8221;#009bc2&#8243; custom_text=&#8221;#ffffff&#8221; shape=&#8221;square&#8221; el_class=&#8221;btn_descargar_ficha&#8221; link=&#8221;url:https%3A%2F%2Fbit.ly%2F3Z7ppK9|target:%20_blank|&#8221;][\/vc_column][\/vc_row]<\/p>\n<\/section>","protected":false},"excerpt":{"rendered":"<h5>Lampe d\u00e9corative sans fil Sisine 30<\/h5>\n","protected":false},"featured_media":61021,"template":"","meta":[],"product_cat":[1695,651,652,1590],"product_tag":[653,707],"class_list":{"0":"post-46299","1":"product","2":"type-product","3":"status-publish","4":"has-post-thumbnail","6":"product_cat-productos-fr","7":"product_cat-lightdeco-fr","8":"product_cat-lampe-a-cote","9":"product_cat-interieur-fr","10":"product_tag-batterie","11":"product_tag-sans-fil","13":"first","14":"instock","15":"taxable","16":"shipping-taxable","17":"purchasable","18":"product-type-variable","19":"has-default-attributes"},"yoast_head":"<!-- This site is optimized with the Yoast SEO plugin v24.2 - https:\/\/yoast.com\/wordpress\/plugins\/seo\/ -->\n<title>LAMPE D\u00c9CORATIVE SANS FIL SISINE 30 EXT\u00c9RIEUR<\/title>\n<meta name=\"description\" content=\"La lampe d\u00e9corative Conta 30 est le compl\u00e9ment parfait pour illuminer n&#039;importe quel espace de votre maison ou de votre jardin. Elle est fabriqu\u00e9e en plastique recycl\u00e9.d\u00e9corative sans fil Sisine 30 est tress\u00e9e \u00e0 la main en fibres naturelles. Cette lampe est le compl\u00e9ment parfait pour \u00e9clairer tout espace de votre\" \/>\n<meta name=\"robots\" content=\"index, follow, max-snippet:-1, max-image-preview:large, max-video-preview:-1\" \/>\n<link rel=\"canonical\" href=\"https:\/\/newgarden.es\/fr\/shop\/lightdeco-fr\/lampe-a-cote\/lampe-decorative-sans-fil-conta-30\/\" \/>\n<meta property=\"og:locale\" content=\"fr_FR\" \/>\n<meta property=\"og:type\" content=\"article\" \/>\n<meta property=\"og:title\" content=\"LAMPE D\u00c9CORATIVE SANS FIL SISINE 30 EXT\u00c9RIEUR\" \/>\n<meta property=\"og:description\" content=\"La lampe d\u00e9corative Conta 30 est le compl\u00e9ment parfait pour illuminer n&#039;importe quel espace de votre maison ou de votre jardin. Elle est fabriqu\u00e9e en plastique recycl\u00e9.d\u00e9corative sans fil Sisine 30 est tress\u00e9e \u00e0 la main en fibres naturelles. Cette lampe est le compl\u00e9ment parfait pour \u00e9clairer tout espace de votre\" \/>\n<meta property=\"og:url\" content=\"https:\/\/newgarden.es\/fr\/shop\/lightdeco-fr\/lampe-a-cote\/lampe-decorative-sans-fil-conta-30\/\" \/>\n<meta property=\"og:site_name\" content=\"Newgarden\" \/>\n<meta property=\"article:modified_time\" content=\"2024-06-03T06:36:34+00:00\" \/>\n<meta property=\"og:image\" content=\"https:\/\/newgarden.es\/wp-content\/uploads\/2023\/02\/CONTA_30_BATTERY_1200X1200-9.jpg\" \/>\n\t<meta property=\"og:image:width\" content=\"1200\" \/>\n\t<meta property=\"og:image:height\" content=\"1200\" \/>\n\t<meta property=\"og:image:type\" content=\"image\/jpeg\" \/>\n<meta name=\"twitter:card\" content=\"summary_large_image\" \/>\n<meta name=\"twitter:label1\" content=\"Dur\u00e9e de lecture estim\u00e9e\" \/>\n\t<meta name=\"twitter:data1\" content=\"1 minute\" \/>\n<script type=\"application\/ld+json\" class=\"yoast-schema-graph\">{\"@context\":\"https:\/\/schema.org\",\"@graph\":[{\"@type\":\"WebPage\",\"@id\":\"https:\/\/newgarden.es\/fr\/shop\/lightdeco-fr\/lampe-a-cote\/lampe-decorative-sans-fil-conta-30\/\",\"url\":\"https:\/\/newgarden.es\/fr\/shop\/lightdeco-fr\/lampe-a-cote\/lampe-decorative-sans-fil-conta-30\/\",\"name\":\"LAMPE D\u00c9CORATIVE SANS FIL SISINE 30 EXT\u00c9RIEUR\",\"isPartOf\":{\"@id\":\"https:\/\/newgarden.es\/#website\"},\"primaryImageOfPage\":{\"@id\":\"https:\/\/newgarden.es\/fr\/shop\/lightdeco-fr\/lampe-a-cote\/lampe-decorative-sans-fil-conta-30\/#primaryimage\"},\"image\":{\"@id\":\"https:\/\/newgarden.es\/fr\/shop\/lightdeco-fr\/lampe-a-cote\/lampe-decorative-sans-fil-conta-30\/#primaryimage\"},\"thumbnailUrl\":\"https:\/\/newgarden.es\/wp-content\/uploads\/2023\/02\/CONTA_30_BATTERY_1200X1200-9.jpg\",\"datePublished\":\"2023-02-03T07:45:24+00:00\",\"dateModified\":\"2024-06-03T06:36:34+00:00\",\"description\":\"La lampe d\u00e9corative Conta 30 est le compl\u00e9ment parfait pour illuminer n'importe quel espace de votre maison ou de votre jardin. Elle est fabriqu\u00e9e en plastique recycl\u00e9.d\u00e9corative sans fil Sisine 30 est tress\u00e9e \u00e0 la main en fibres naturelles. Cette lampe est le compl\u00e9ment parfait pour \u00e9clairer tout espace de votre\",\"breadcrumb\":{\"@id\":\"https:\/\/newgarden.es\/fr\/shop\/lightdeco-fr\/lampe-a-cote\/lampe-decorative-sans-fil-conta-30\/#breadcrumb\"},\"inLanguage\":\"fr-FR\",\"potentialAction\":[{\"@type\":\"ReadAction\",\"target\":[\"https:\/\/newgarden.es\/fr\/shop\/lightdeco-fr\/lampe-a-cote\/lampe-decorative-sans-fil-conta-30\/\"]}]},{\"@type\":\"ImageObject\",\"inLanguage\":\"fr-FR\",\"@id\":\"https:\/\/newgarden.es\/fr\/shop\/lightdeco-fr\/lampe-a-cote\/lampe-decorative-sans-fil-conta-30\/#primaryimage\",\"url\":\"https:\/\/newgarden.es\/wp-content\/uploads\/2023\/02\/CONTA_30_BATTERY_1200X1200-9.jpg\",\"contentUrl\":\"https:\/\/newgarden.es\/wp-content\/uploads\/2023\/02\/CONTA_30_BATTERY_1200X1200-9.jpg\",\"width\":1200,\"height\":1200},{\"@type\":\"BreadcrumbList\",\"@id\":\"https:\/\/newgarden.es\/fr\/shop\/lightdeco-fr\/lampe-a-cote\/lampe-decorative-sans-fil-conta-30\/#breadcrumb\",\"itemListElement\":[{\"@type\":\"ListItem\",\"position\":1,\"name\":\"Home\",\"item\":\"https:\/\/newgarden.es\/fr\/\"},{\"@type\":\"ListItem\",\"position\":2,\"name\":\"Boutique\",\"item\":\"https:\/\/newgarden.es\/fr\/boutique\/\"},{\"@type\":\"ListItem\",\"position\":3,\"name\":\"LAMPE D\u00c9CORATIVE SANS FIL CONTA 30\"}]},{\"@type\":\"WebSite\",\"@id\":\"https:\/\/newgarden.es\/#website\",\"url\":\"https:\/\/newgarden.es\/\",\"name\":\"Newgarden\",\"description\":\"Be happy\",\"potentialAction\":[{\"@type\":\"SearchAction\",\"target\":{\"@type\":\"EntryPoint\",\"urlTemplate\":\"https:\/\/newgarden.es\/?s={search_term_string}\"},\"query-input\":{\"@type\":\"PropertyValueSpecification\",\"valueRequired\":true,\"valueName\":\"search_term_string\"}}],\"inLanguage\":\"fr-FR\"}]}<\/script>\n<!-- \/ Yoast SEO plugin. -->","yoast_head_json":{"title":"LAMPE D\u00c9CORATIVE SANS FIL SISINE 30 EXT\u00c9RIEUR","description":"La lampe d\u00e9corative Conta 30 est le compl\u00e9ment parfait pour illuminer n'importe quel espace de votre maison ou de votre jardin. Elle est fabriqu\u00e9e en plastique recycl\u00e9.d\u00e9corative sans fil Sisine 30 est tress\u00e9e \u00e0 la main en fibres naturelles. Cette lampe est le compl\u00e9ment parfait pour \u00e9clairer tout espace de votre","robots":{"index":"index","follow":"follow","max-snippet":"max-snippet:-1","max-image-preview":"max-image-preview:large","max-video-preview":"max-video-preview:-1"},"canonical":"https:\/\/newgarden.es\/fr\/shop\/lightdeco-fr\/lampe-a-cote\/lampe-decorative-sans-fil-conta-30\/","og_locale":"fr_FR","og_type":"article","og_title":"LAMPE D\u00c9CORATIVE SANS FIL SISINE 30 EXT\u00c9RIEUR","og_description":"La lampe d\u00e9corative Conta 30 est le compl\u00e9ment parfait pour illuminer n'importe quel espace de votre maison ou de votre jardin. Elle est fabriqu\u00e9e en plastique recycl\u00e9.d\u00e9corative sans fil Sisine 30 est tress\u00e9e \u00e0 la main en fibres naturelles. Cette lampe est le compl\u00e9ment parfait pour \u00e9clairer tout espace de votre","og_url":"https:\/\/newgarden.es\/fr\/shop\/lightdeco-fr\/lampe-a-cote\/lampe-decorative-sans-fil-conta-30\/","og_site_name":"Newgarden","article_modified_time":"2024-06-03T06:36:34+00:00","og_image":[{"width":1200,"height":1200,"url":"https:\/\/newgarden.es\/wp-content\/uploads\/2023\/02\/CONTA_30_BATTERY_1200X1200-9.jpg","type":"image\/jpeg"}],"twitter_card":"summary_large_image","twitter_misc":{"Dur\u00e9e de lecture estim\u00e9e":"1 minute"},"schema":{"@context":"https:\/\/schema.org","@graph":[{"@type":"WebPage","@id":"https:\/\/newgarden.es\/fr\/shop\/lightdeco-fr\/lampe-a-cote\/lampe-decorative-sans-fil-conta-30\/","url":"https:\/\/newgarden.es\/fr\/shop\/lightdeco-fr\/lampe-a-cote\/lampe-decorative-sans-fil-conta-30\/","name":"LAMPE D\u00c9CORATIVE SANS FIL SISINE 30 EXT\u00c9RIEUR","isPartOf":{"@id":"https:\/\/newgarden.es\/#website"},"primaryImageOfPage":{"@id":"https:\/\/newgarden.es\/fr\/shop\/lightdeco-fr\/lampe-a-cote\/lampe-decorative-sans-fil-conta-30\/#primaryimage"},"image":{"@id":"https:\/\/newgarden.es\/fr\/shop\/lightdeco-fr\/lampe-a-cote\/lampe-decorative-sans-fil-conta-30\/#primaryimage"},"thumbnailUrl":"https:\/\/newgarden.es\/wp-content\/uploads\/2023\/02\/CONTA_30_BATTERY_1200X1200-9.jpg","datePublished":"2023-02-03T07:45:24+00:00","dateModified":"2024-06-03T06:36:34+00:00","description":"La lampe d\u00e9corative Conta 30 est le compl\u00e9ment parfait pour illuminer n'importe quel espace de votre maison ou de votre jardin. Elle est fabriqu\u00e9e en plastique recycl\u00e9.d\u00e9corative sans fil Sisine 30 est tress\u00e9e \u00e0 la main en fibres naturelles. Cette lampe est le compl\u00e9ment parfait pour \u00e9clairer tout espace de votre","breadcrumb":{"@id":"https:\/\/newgarden.es\/fr\/shop\/lightdeco-fr\/lampe-a-cote\/lampe-decorative-sans-fil-conta-30\/#breadcrumb"},"inLanguage":"fr-FR","potentialAction":[{"@type":"ReadAction","target":["https:\/\/newgarden.es\/fr\/shop\/lightdeco-fr\/lampe-a-cote\/lampe-decorative-sans-fil-conta-30\/"]}]},{"@type":"ImageObject","inLanguage":"fr-FR","@id":"https:\/\/newgarden.es\/fr\/shop\/lightdeco-fr\/lampe-a-cote\/lampe-decorative-sans-fil-conta-30\/#primaryimage","url":"https:\/\/newgarden.es\/wp-content\/uploads\/2023\/02\/CONTA_30_BATTERY_1200X1200-9.jpg","contentUrl":"https:\/\/newgarden.es\/wp-content\/uploads\/2023\/02\/CONTA_30_BATTERY_1200X1200-9.jpg","width":1200,"height":1200},{"@type":"BreadcrumbList","@id":"https:\/\/newgarden.es\/fr\/shop\/lightdeco-fr\/lampe-a-cote\/lampe-decorative-sans-fil-conta-30\/#breadcrumb","itemListElement":[{"@type":"ListItem","position":1,"name":"Home","item":"https:\/\/newgarden.es\/fr\/"},{"@type":"ListItem","position":2,"name":"Boutique","item":"https:\/\/newgarden.es\/fr\/boutique\/"},{"@type":"ListItem","position":3,"name":"LAMPE D\u00c9CORATIVE SANS FIL CONTA 30"}]},{"@type":"WebSite","@id":"https:\/\/newgarden.es\/#website","url":"https:\/\/newgarden.es\/","name":"Newgarden","description":"Be happy","potentialAction":[{"@type":"SearchAction","target":{"@type":"EntryPoint","urlTemplate":"https:\/\/newgarden.es\/?s={search_term_string}"},"query-input":{"@type":"PropertyValueSpecification","valueRequired":true,"valueName":"search_term_string"}}],"inLanguage":"fr-FR"}]}},"df_price":63,"df_sale_price":"","df_regular_price":63,"df_image_link":"https:\/\/newgarden.es\/wp-content\/uploads\/2023\/02\/CONTA_30_BATTERY_1200X1200-9-580x400.jpg","_links":{"self":[{"href":"https:\/\/newgarden.es\/fr\/wp-json\/wp\/v2\/product\/46299"}],"collection":[{"href":"https:\/\/newgarden.es\/fr\/wp-json\/wp\/v2\/product"}],"about":[{"href":"https:\/\/newgarden.es\/fr\/wp-json\/wp\/v2\/types\/product"}],"wp:featuredmedia":[{"embeddable":true,"href":"https:\/\/newgarden.es\/fr\/wp-json\/wp\/v2\/media\/61021"}],"wp:attachment":[{"href":"https:\/\/newgarden.es\/fr\/wp-json\/wp\/v2\/media?parent=46299"}],"wp:term":[{"taxonomy":"product_cat","embeddable":true,"href":"https:\/\/newgarden.es\/fr\/wp-json\/wp\/v2\/product_cat?post=46299"},{"taxonomy":"product_tag","embeddable":true,"href":"https:\/\/newgarden.es\/fr\/wp-json\/wp\/v2\/product_tag?post=46299"}],"curies":[{"name":"wp","href":"https:\/\/api.w.org\/{rel}","templated":true}]}}