{"id":46565,"date":"2023-02-21T11:11:11","date_gmt":"2023-02-21T10:11:14","guid":{"rendered":"https:\/\/newgarden.es\/?post_type=product&#038;p=46565"},"modified":"2024-07-01T11:12:27","modified_gmt":"2024-07-01T09:12:27","slug":"lampe-solaire-de-piscine-sans-fil-papaya-30","status":"publish","type":"product","link":"https:\/\/newgarden.es\/fr\/shop\/lightdeco-fr\/portables\/lampe-solaire-de-piscine-sans-fil-papaya-30\/","title":{"rendered":"LAMPE SOLAIRE DE PISCINE SANS FIL PAPAYA 30"},"content":{"rendered":"<section class=\"wpb-content-wrapper\"><p>[vc_row][vc_column][vc_column_text][\/vc_column_text][\/vc_column][\/vc_row][vc_row][vc_column][vc_column_text]Papaya 30 SOLAR &amp; BATTERY est une lampe sans fil sp\u00e9cialement con\u00e7ue pour \u00e9clairer votre piscine. Sa conception compacte et \u00e9tanche lui permet d&rsquo;\u00eatre immerg\u00e9e jusqu&rsquo;\u00e0 1 m\u00e8tre (IP 68). Elle est dot\u00e9e d&rsquo;un grand panneau solaire int\u00e9gr\u00e9 qui permet de le recharger efficacement sans avoir besoin de c\u00e2bles. Elle dispose d&rsquo;une t\u00e9l\u00e9commande avec laquelle vous pouvez contr\u00f4ler la lumi\u00e8re et choisir parmi une large gamme de couleurs, ainsi que diff\u00e9rents modes de changement de couleur et la possibilit\u00e9 d&rsquo;activer le capteur cr\u00e9pusculaire pour qu&rsquo;elle s&rsquo;allume automatiquement au cr\u00e9puscule.<\/p>\n<p>Elle peut \u00eatre install\u00e9e de deux fa\u00e7ons : avec un adh\u00e9sif amovible ou avec des ventouses. Vous pouvez donc l&rsquo;installer dans n&rsquo;importe quel type de piscine, qu&rsquo;elle soit carrel\u00e9e, en gr\u00e9site ou autre. Elle peut \u00e9galement \u00eatre utilis\u00e9e comme lumi\u00e8re flottante d\u00e9corative, lumi\u00e8re de table, au niveau du sol&#8230; pour tout cela et bien plus encore, cette lumi\u00e8re de piscine est un indispensable pour votre terrasse ou votre jardin.<\/p>\n<p>Elle dispose de deux syst\u00e8mes de charge : solaire et magn\u00e9tique :<\/p>\n<p>Charge magn\u00e9tique : il s&rsquo;agit d&rsquo;un mode de charge s\u00fbr pour les produits aquatiques. Il vous suffira de la sortir de la piscine, de s\u00e9cher la zone de charge de la lampe et en tr\u00e8s peu de temps vous aurez le produit charg\u00e9 \u00e0 100% pour profiter de tous ses avantages.<\/p>\n<p>Chargement solaire : comme son nom l&rsquo;indique, il suffit que le produit soit expos\u00e9 \u00e0 la lumi\u00e8re du soleil. Plus il re\u00e7oit de lumi\u00e8re directe du soleil, plus l&rsquo;autonomie sera grande.<\/p>\n<p>Il a jusqu&rsquo;\u00e0 32 heures d&rsquo;autonomie et une source lumineuse de 800 lumens. Comprend une t\u00e9l\u00e9commande et un kit de fixation.<br \/>\n[\/vc_column_text][\/vc_column][\/vc_row][vc_row][vc_column width=\u00a0\u00bb1\/2&Prime;][vc_btn title=\u00a0\u00bbFiche technique\u00a0\u00bb style=\u00a0\u00bbcustom\u00a0\u00bb custom_background=\u00a0\u00bb#009bc2&Prime; custom_text=\u00a0\u00bb#ffffff\u00a0\u00bb shape=\u00a0\u00bbsquare\u00a0\u00bb link=\u00a0\u00bburl:https%3A%2F%2Fbit.ly%2F3EoK9oW|target:%20_blank|\u00a0\u00bb el_class=\u00a0\u00bbbtn_descargar_ficha\u00a0\u00bb][\/vc_column][vc_column width=\u00a0\u00bb1\/2&Prime;][vc_btn title=\u00a0\u00bbManuel d&apos;instrutions\u00a0\u00bb style=\u00a0\u00bbcustom\u00a0\u00bb custom_background=\u00a0\u00bb#009bc2&Prime; custom_text=\u00a0\u00bb#ffffff\u00a0\u00bb shape=\u00a0\u00bbsquare\u00a0\u00bb link=\u00a0\u00bburl:https%3A%2F%2Fbit.ly%2F3YJYMLs|target:%20_blank|\u00a0\u00bb el_class=\u00a0\u00bbbtn_descargar_ficha\u00a0\u00bb][\/vc_column][vc_column][\/vc_column][\/vc_row]<\/p>\n<\/section>","protected":false},"excerpt":{"rendered":"<h6>Lampe solaire de piscine sans fil PAPAYA 30<\/h6>\n","protected":false},"featured_media":56595,"template":"","meta":[],"product_cat":[651,757,754],"product_tag":[653,707],"class_list":{"0":"post-46565","1":"product","2":"type-product","3":"status-publish","4":"has-post-thumbnail","6":"product_cat-lightdeco-fr","7":"product_cat-appliques","8":"product_cat-portables","9":"product_tag-batterie","10":"product_tag-sans-fil","12":"first","13":"outofstock","14":"taxable","15":"shipping-taxable","16":"product-type-simple"},"yoast_head":"<!-- This site is optimized with the Yoast SEO plugin v24.2 - https:\/\/yoast.com\/wordpress\/plugins\/seo\/ -->\n<title>Lampe solaire de piscine sans fil PAPAYA 30<\/title>\n<meta name=\"description\" content=\"Papaya 30 SOLAR &amp; BATTERY est une lampe sans fil sp\u00e9cialement con\u00e7ue pour \u00e9clairer votre piscine\" \/>\n<meta name=\"robots\" content=\"index, follow, max-snippet:-1, max-image-preview:large, max-video-preview:-1\" \/>\n<link rel=\"canonical\" href=\"https:\/\/newgarden.es\/fr\/shop\/lightdeco-fr\/portables\/lampe-solaire-de-piscine-sans-fil-papaya-30\/\" \/>\n<meta property=\"og:locale\" content=\"fr_FR\" \/>\n<meta property=\"og:type\" content=\"article\" \/>\n<meta property=\"og:title\" content=\"Lampe solaire de piscine sans fil PAPAYA 30\" \/>\n<meta property=\"og:description\" content=\"Papaya 30 SOLAR &amp; BATTERY est une lampe sans fil sp\u00e9cialement con\u00e7ue pour \u00e9clairer votre piscine\" \/>\n<meta property=\"og:url\" content=\"https:\/\/newgarden.es\/fr\/shop\/lightdeco-fr\/portables\/lampe-solaire-de-piscine-sans-fil-papaya-30\/\" \/>\n<meta property=\"og:site_name\" content=\"Newgarden\" \/>\n<meta property=\"article:modified_time\" content=\"2024-07-01T09:12:27+00:00\" \/>\n<meta property=\"og:image\" content=\"https:\/\/newgarden.es\/wp-content\/uploads\/2023\/02\/PAPAYA_30_SOLAR_1200X1200-4.jpg\" \/>\n\t<meta property=\"og:image:width\" content=\"1200\" \/>\n\t<meta property=\"og:image:height\" content=\"1200\" \/>\n\t<meta property=\"og:image:type\" content=\"image\/jpeg\" \/>\n<meta name=\"twitter:card\" content=\"summary_large_image\" \/>\n<meta name=\"twitter:label1\" content=\"Dur\u00e9e de lecture estim\u00e9e\" \/>\n\t<meta name=\"twitter:data1\" content=\"2 minutes\" \/>\n<script type=\"application\/ld+json\" class=\"yoast-schema-graph\">{\"@context\":\"https:\/\/schema.org\",\"@graph\":[{\"@type\":\"WebPage\",\"@id\":\"https:\/\/newgarden.es\/fr\/shop\/lightdeco-fr\/portables\/lampe-solaire-de-piscine-sans-fil-papaya-30\/\",\"url\":\"https:\/\/newgarden.es\/fr\/shop\/lightdeco-fr\/portables\/lampe-solaire-de-piscine-sans-fil-papaya-30\/\",\"name\":\"Lampe solaire de piscine sans fil PAPAYA 30\",\"isPartOf\":{\"@id\":\"https:\/\/newgarden.es\/#website\"},\"primaryImageOfPage\":{\"@id\":\"https:\/\/newgarden.es\/fr\/shop\/lightdeco-fr\/portables\/lampe-solaire-de-piscine-sans-fil-papaya-30\/#primaryimage\"},\"image\":{\"@id\":\"https:\/\/newgarden.es\/fr\/shop\/lightdeco-fr\/portables\/lampe-solaire-de-piscine-sans-fil-papaya-30\/#primaryimage\"},\"thumbnailUrl\":\"https:\/\/newgarden.es\/wp-content\/uploads\/2023\/02\/PAPAYA_30_SOLAR_1200X1200-4.jpg\",\"datePublished\":\"2023-02-21T10:11:14+00:00\",\"dateModified\":\"2024-07-01T09:12:27+00:00\",\"description\":\"Papaya 30 SOLAR & BATTERY est une lampe sans fil sp\u00e9cialement con\u00e7ue pour \u00e9clairer votre piscine\",\"breadcrumb\":{\"@id\":\"https:\/\/newgarden.es\/fr\/shop\/lightdeco-fr\/portables\/lampe-solaire-de-piscine-sans-fil-papaya-30\/#breadcrumb\"},\"inLanguage\":\"fr-FR\",\"potentialAction\":[{\"@type\":\"ReadAction\",\"target\":[\"https:\/\/newgarden.es\/fr\/shop\/lightdeco-fr\/portables\/lampe-solaire-de-piscine-sans-fil-papaya-30\/\"]}]},{\"@type\":\"ImageObject\",\"inLanguage\":\"fr-FR\",\"@id\":\"https:\/\/newgarden.es\/fr\/shop\/lightdeco-fr\/portables\/lampe-solaire-de-piscine-sans-fil-papaya-30\/#primaryimage\",\"url\":\"https:\/\/newgarden.es\/wp-content\/uploads\/2023\/02\/PAPAYA_30_SOLAR_1200X1200-4.jpg\",\"contentUrl\":\"https:\/\/newgarden.es\/wp-content\/uploads\/2023\/02\/PAPAYA_30_SOLAR_1200X1200-4.jpg\",\"width\":1200,\"height\":1200},{\"@type\":\"BreadcrumbList\",\"@id\":\"https:\/\/newgarden.es\/fr\/shop\/lightdeco-fr\/portables\/lampe-solaire-de-piscine-sans-fil-papaya-30\/#breadcrumb\",\"itemListElement\":[{\"@type\":\"ListItem\",\"position\":1,\"name\":\"Home\",\"item\":\"https:\/\/newgarden.es\/fr\/\"},{\"@type\":\"ListItem\",\"position\":2,\"name\":\"Boutique\",\"item\":\"https:\/\/newgarden.es\/fr\/boutique\/\"},{\"@type\":\"ListItem\",\"position\":3,\"name\":\"LAMPE SOLAIRE DE PISCINE SANS FIL PAPAYA 30\"}]},{\"@type\":\"WebSite\",\"@id\":\"https:\/\/newgarden.es\/#website\",\"url\":\"https:\/\/newgarden.es\/\",\"name\":\"Newgarden\",\"description\":\"Be happy\",\"potentialAction\":[{\"@type\":\"SearchAction\",\"target\":{\"@type\":\"EntryPoint\",\"urlTemplate\":\"https:\/\/newgarden.es\/?s={search_term_string}\"},\"query-input\":{\"@type\":\"PropertyValueSpecification\",\"valueRequired\":true,\"valueName\":\"search_term_string\"}}],\"inLanguage\":\"fr-FR\"}]}<\/script>\n<!-- \/ Yoast SEO plugin. -->","yoast_head_json":{"title":"Lampe solaire de piscine sans fil PAPAYA 30","description":"Papaya 30 SOLAR & BATTERY est une lampe sans fil sp\u00e9cialement con\u00e7ue pour \u00e9clairer votre piscine","robots":{"index":"index","follow":"follow","max-snippet":"max-snippet:-1","max-image-preview":"max-image-preview:large","max-video-preview":"max-video-preview:-1"},"canonical":"https:\/\/newgarden.es\/fr\/shop\/lightdeco-fr\/portables\/lampe-solaire-de-piscine-sans-fil-papaya-30\/","og_locale":"fr_FR","og_type":"article","og_title":"Lampe solaire de piscine sans fil PAPAYA 30","og_description":"Papaya 30 SOLAR & BATTERY est une lampe sans fil sp\u00e9cialement con\u00e7ue pour \u00e9clairer votre piscine","og_url":"https:\/\/newgarden.es\/fr\/shop\/lightdeco-fr\/portables\/lampe-solaire-de-piscine-sans-fil-papaya-30\/","og_site_name":"Newgarden","article_modified_time":"2024-07-01T09:12:27+00:00","og_image":[{"width":1200,"height":1200,"url":"https:\/\/newgarden.es\/wp-content\/uploads\/2023\/02\/PAPAYA_30_SOLAR_1200X1200-4.jpg","type":"image\/jpeg"}],"twitter_card":"summary_large_image","twitter_misc":{"Dur\u00e9e de lecture estim\u00e9e":"2 minutes"},"schema":{"@context":"https:\/\/schema.org","@graph":[{"@type":"WebPage","@id":"https:\/\/newgarden.es\/fr\/shop\/lightdeco-fr\/portables\/lampe-solaire-de-piscine-sans-fil-papaya-30\/","url":"https:\/\/newgarden.es\/fr\/shop\/lightdeco-fr\/portables\/lampe-solaire-de-piscine-sans-fil-papaya-30\/","name":"Lampe solaire de piscine sans fil PAPAYA 30","isPartOf":{"@id":"https:\/\/newgarden.es\/#website"},"primaryImageOfPage":{"@id":"https:\/\/newgarden.es\/fr\/shop\/lightdeco-fr\/portables\/lampe-solaire-de-piscine-sans-fil-papaya-30\/#primaryimage"},"image":{"@id":"https:\/\/newgarden.es\/fr\/shop\/lightdeco-fr\/portables\/lampe-solaire-de-piscine-sans-fil-papaya-30\/#primaryimage"},"thumbnailUrl":"https:\/\/newgarden.es\/wp-content\/uploads\/2023\/02\/PAPAYA_30_SOLAR_1200X1200-4.jpg","datePublished":"2023-02-21T10:11:14+00:00","dateModified":"2024-07-01T09:12:27+00:00","description":"Papaya 30 SOLAR & BATTERY est une lampe sans fil sp\u00e9cialement con\u00e7ue pour \u00e9clairer votre piscine","breadcrumb":{"@id":"https:\/\/newgarden.es\/fr\/shop\/lightdeco-fr\/portables\/lampe-solaire-de-piscine-sans-fil-papaya-30\/#breadcrumb"},"inLanguage":"fr-FR","potentialAction":[{"@type":"ReadAction","target":["https:\/\/newgarden.es\/fr\/shop\/lightdeco-fr\/portables\/lampe-solaire-de-piscine-sans-fil-papaya-30\/"]}]},{"@type":"ImageObject","inLanguage":"fr-FR","@id":"https:\/\/newgarden.es\/fr\/shop\/lightdeco-fr\/portables\/lampe-solaire-de-piscine-sans-fil-papaya-30\/#primaryimage","url":"https:\/\/newgarden.es\/wp-content\/uploads\/2023\/02\/PAPAYA_30_SOLAR_1200X1200-4.jpg","contentUrl":"https:\/\/newgarden.es\/wp-content\/uploads\/2023\/02\/PAPAYA_30_SOLAR_1200X1200-4.jpg","width":1200,"height":1200},{"@type":"BreadcrumbList","@id":"https:\/\/newgarden.es\/fr\/shop\/lightdeco-fr\/portables\/lampe-solaire-de-piscine-sans-fil-papaya-30\/#breadcrumb","itemListElement":[{"@type":"ListItem","position":1,"name":"Home","item":"https:\/\/newgarden.es\/fr\/"},{"@type":"ListItem","position":2,"name":"Boutique","item":"https:\/\/newgarden.es\/fr\/boutique\/"},{"@type":"ListItem","position":3,"name":"LAMPE SOLAIRE DE PISCINE SANS FIL PAPAYA 30"}]},{"@type":"WebSite","@id":"https:\/\/newgarden.es\/#website","url":"https:\/\/newgarden.es\/","name":"Newgarden","description":"Be happy","potentialAction":[{"@type":"SearchAction","target":{"@type":"EntryPoint","urlTemplate":"https:\/\/newgarden.es\/?s={search_term_string}"},"query-input":{"@type":"PropertyValueSpecification","valueRequired":true,"valueName":"search_term_string"}}],"inLanguage":"fr-FR"}]}},"df_price":"","df_sale_price":"","df_regular_price":"","df_image_link":"https:\/\/newgarden.es\/wp-content\/uploads\/2023\/02\/PAPAYA_30_SOLAR_1200X1200-4-580x400.jpg","_links":{"self":[{"href":"https:\/\/newgarden.es\/fr\/wp-json\/wp\/v2\/product\/46565"}],"collection":[{"href":"https:\/\/newgarden.es\/fr\/wp-json\/wp\/v2\/product"}],"about":[{"href":"https:\/\/newgarden.es\/fr\/wp-json\/wp\/v2\/types\/product"}],"wp:featuredmedia":[{"embeddable":true,"href":"https:\/\/newgarden.es\/fr\/wp-json\/wp\/v2\/media\/56595"}],"wp:attachment":[{"href":"https:\/\/newgarden.es\/fr\/wp-json\/wp\/v2\/media?parent=46565"}],"wp:term":[{"taxonomy":"product_cat","embeddable":true,"href":"https:\/\/newgarden.es\/fr\/wp-json\/wp\/v2\/product_cat?post=46565"},{"taxonomy":"product_tag","embeddable":true,"href":"https:\/\/newgarden.es\/fr\/wp-json\/wp\/v2\/product_tag?post=46565"}],"curies":[{"name":"wp","href":"https:\/\/api.w.org\/{rel}","templated":true}]}}