{"id":46647,"date":"2023-02-21T11:23:50","date_gmt":"2023-02-21T10:23:58","guid":{"rendered":"https:\/\/newgarden.es\/?post_type=product&#038;p=46647"},"modified":"2024-06-03T08:28:40","modified_gmt":"2024-06-03T06:28:40","slug":"lampe-decorative-sans-fil-gretita-lampe-de-table-noir","status":"publish","type":"product","link":"https:\/\/newgarden.es\/fr\/shop\/lightdeco-fr\/lampe-a-cote\/lampe-decorative-sans-fil-gretita-lampe-de-table-noir\/","title":{"rendered":"LAMPE D\u00c9CORATIVE SANS FIL GRETITA LAMPE DE TABLE ANTRACITE"},"content":{"rendered":"<section class=\"wpb-content-wrapper\"><p>[vc_row][vc_column][vc_column_text][\/vc_column_text][\/vc_column][\/vc_row][vc_row][vc_column el_class=\u00a0\u00bbdescripcion_producto\u00a0\u00bb][vc_column_text]La lampe de table Gretita est la lampe de table parfaite, vous pouvez la placer dans n&rsquo;importe quel espace de votre maison ou de votre jardin et elle ne laissera s\u00fbrement personne indiff\u00e9rent. Elle est id\u00e9ale pour donner un point de lumi\u00e8re \u00e0 votre table sans avoir besoin de c\u00e2bles. Elle est fabriqu\u00e9e en plastique recycl\u00e9 et ne n\u00e9cessite que 3 piles AAA pour fonctionner. Pour l&rsquo;allumer et r\u00e9gler son intensit\u00e9, il suffit d&rsquo;appuyer sur le bouton tactile situ\u00e9 sur la surface de l&rsquo;abat-jour. Combinez cette lampe avec les autres produits de la famille Gretita pour cr\u00e9er des espaces pleins de lumi\u00e8re et de tendance. La lampe de table Gretita est disponible en deux couleurs diff\u00e9rentes : blanc ou anthracite.<br \/>\n[\/vc_column_text][\/vc_column][\/vc_row][vc_row][vc_column width=\u00a0\u00bb1\/2&Prime;][vc_btn title=\u00a0\u00bbFiche technique\u00a0\u00bb style=\u00a0\u00bbcustom\u00a0\u00bb custom_background=\u00a0\u00bb#009bc2&Prime; custom_text=\u00a0\u00bb#ffffff\u00a0\u00bb shape=\u00a0\u00bbsquare\u00a0\u00bb link=\u00a0\u00bburl:https%3A%2F%2Fbit.ly%2F3Z5DM1B|target:%20_blank|rel:nofollow|\u00a0\u00bb el_class=\u00a0\u00bbbtn_descargar_ficha\u00a0\u00bb][\/vc_column][vc_column width=\u00a0\u00bb1\/2&Prime;][vc_btn title=\u00a0\u00bbManuel d&apos;instrutions\u00a0\u00bb style=\u00a0\u00bbcustom\u00a0\u00bb custom_background=\u00a0\u00bb#009bc2&Prime; custom_text=\u00a0\u00bb#ffffff\u00a0\u00bb shape=\u00a0\u00bbsquare\u00a0\u00bb link=\u00a0\u00bburl:https%3A%2F%2Fbit.ly%2F3SfAiXU|target:%20_blank|\u00a0\u00bb el_class=\u00a0\u00bbbtn_descargar_ficha\u00a0\u00bb][\/vc_column][vc_column][\/vc_column][\/vc_row]<\/p>\n<\/section>","protected":false},"excerpt":{"rendered":"<h1 style=\"font-size: 12px;\">Lampe d\u00e9corative sans fil GRETITA LAMPE DE TABLE<\/h1>\n","protected":false},"featured_media":60920,"template":"","meta":[],"product_cat":[1695,651,652,754,1590],"product_tag":[],"class_list":{"0":"post-46647","1":"product","2":"type-product","3":"status-publish","4":"has-post-thumbnail","6":"product_cat-productos-fr","7":"product_cat-lightdeco-fr","8":"product_cat-lampe-a-cote","9":"product_cat-portables","10":"product_cat-interieur-fr","12":"first","13":"instock","14":"taxable","15":"shipping-taxable","16":"purchasable","17":"product-type-variable"},"yoast_head":"<!-- This site is optimized with the Yoast SEO plugin v24.2 - https:\/\/yoast.com\/wordpress\/plugins\/seo\/ -->\n<title>Lampe d\u00e9corative sans fil GRETITA LAMPE DE TABLE- Newgarden<\/title>\n<meta name=\"description\" content=\"La lampe de table Gretita est la lampe de table parfaite, vous pouvez la placer dans n&#039;importe quel espace de votre maison ou de votre jardin et elle ne\" \/>\n<meta name=\"robots\" content=\"index, follow, max-snippet:-1, max-image-preview:large, max-video-preview:-1\" \/>\n<link rel=\"canonical\" href=\"https:\/\/newgarden.es\/fr\/shop\/lightdeco-fr\/lampe-a-cote\/lampe-decorative-sans-fil-gretita-lampe-de-table-noir\/\" \/>\n<meta property=\"og:locale\" content=\"fr_FR\" \/>\n<meta property=\"og:type\" content=\"article\" \/>\n<meta property=\"og:title\" content=\"Lampe d\u00e9corative sans fil GRETITA LAMPE DE TABLE- Newgarden\" \/>\n<meta property=\"og:description\" content=\"La lampe de table Gretita est la lampe de table parfaite, vous pouvez la placer dans n&#039;importe quel espace de votre maison ou de votre jardin et elle ne\" \/>\n<meta property=\"og:url\" content=\"https:\/\/newgarden.es\/fr\/shop\/lightdeco-fr\/lampe-a-cote\/lampe-decorative-sans-fil-gretita-lampe-de-table-noir\/\" \/>\n<meta property=\"og:site_name\" content=\"Newgarden\" \/>\n<meta property=\"article:modified_time\" content=\"2024-06-03T06:28:40+00:00\" \/>\n<meta property=\"og:image\" content=\"https:\/\/newgarden.es\/wp-content\/uploads\/2023\/02\/GRETITA_TABLE_AAA_1200X1200-27.jpg\" \/>\n\t<meta property=\"og:image:width\" content=\"1200\" \/>\n\t<meta property=\"og:image:height\" content=\"1200\" \/>\n\t<meta property=\"og:image:type\" content=\"image\/jpeg\" \/>\n<meta name=\"twitter:card\" content=\"summary_large_image\" \/>\n<meta name=\"twitter:label1\" content=\"Dur\u00e9e de lecture estim\u00e9e\" \/>\n\t<meta name=\"twitter:data1\" content=\"1 minute\" \/>\n<script type=\"application\/ld+json\" class=\"yoast-schema-graph\">{\"@context\":\"https:\/\/schema.org\",\"@graph\":[{\"@type\":\"WebPage\",\"@id\":\"https:\/\/newgarden.es\/fr\/shop\/lightdeco-fr\/lampe-a-cote\/lampe-decorative-sans-fil-gretita-lampe-de-table-noir\/\",\"url\":\"https:\/\/newgarden.es\/fr\/shop\/lightdeco-fr\/lampe-a-cote\/lampe-decorative-sans-fil-gretita-lampe-de-table-noir\/\",\"name\":\"Lampe d\u00e9corative sans fil GRETITA LAMPE DE TABLE- Newgarden\",\"isPartOf\":{\"@id\":\"https:\/\/newgarden.es\/#website\"},\"primaryImageOfPage\":{\"@id\":\"https:\/\/newgarden.es\/fr\/shop\/lightdeco-fr\/lampe-a-cote\/lampe-decorative-sans-fil-gretita-lampe-de-table-noir\/#primaryimage\"},\"image\":{\"@id\":\"https:\/\/newgarden.es\/fr\/shop\/lightdeco-fr\/lampe-a-cote\/lampe-decorative-sans-fil-gretita-lampe-de-table-noir\/#primaryimage\"},\"thumbnailUrl\":\"https:\/\/newgarden.es\/wp-content\/uploads\/2023\/02\/GRETITA_TABLE_AAA_1200X1200-27.jpg\",\"datePublished\":\"2023-02-21T10:23:58+00:00\",\"dateModified\":\"2024-06-03T06:28:40+00:00\",\"description\":\"La lampe de table Gretita est la lampe de table parfaite, vous pouvez la placer dans n'importe quel espace de votre maison ou de votre jardin et elle ne\",\"breadcrumb\":{\"@id\":\"https:\/\/newgarden.es\/fr\/shop\/lightdeco-fr\/lampe-a-cote\/lampe-decorative-sans-fil-gretita-lampe-de-table-noir\/#breadcrumb\"},\"inLanguage\":\"fr-FR\",\"potentialAction\":[{\"@type\":\"ReadAction\",\"target\":[\"https:\/\/newgarden.es\/fr\/shop\/lightdeco-fr\/lampe-a-cote\/lampe-decorative-sans-fil-gretita-lampe-de-table-noir\/\"]}]},{\"@type\":\"ImageObject\",\"inLanguage\":\"fr-FR\",\"@id\":\"https:\/\/newgarden.es\/fr\/shop\/lightdeco-fr\/lampe-a-cote\/lampe-decorative-sans-fil-gretita-lampe-de-table-noir\/#primaryimage\",\"url\":\"https:\/\/newgarden.es\/wp-content\/uploads\/2023\/02\/GRETITA_TABLE_AAA_1200X1200-27.jpg\",\"contentUrl\":\"https:\/\/newgarden.es\/wp-content\/uploads\/2023\/02\/GRETITA_TABLE_AAA_1200X1200-27.jpg\",\"width\":1200,\"height\":1200},{\"@type\":\"BreadcrumbList\",\"@id\":\"https:\/\/newgarden.es\/fr\/shop\/lightdeco-fr\/lampe-a-cote\/lampe-decorative-sans-fil-gretita-lampe-de-table-noir\/#breadcrumb\",\"itemListElement\":[{\"@type\":\"ListItem\",\"position\":1,\"name\":\"Home\",\"item\":\"https:\/\/newgarden.es\/fr\/\"},{\"@type\":\"ListItem\",\"position\":2,\"name\":\"Boutique\",\"item\":\"https:\/\/newgarden.es\/fr\/boutique\/\"},{\"@type\":\"ListItem\",\"position\":3,\"name\":\"LAMPE D\u00c9CORATIVE SANS FIL GRETITA LAMPE DE TABLE ANTRACITE\"}]},{\"@type\":\"WebSite\",\"@id\":\"https:\/\/newgarden.es\/#website\",\"url\":\"https:\/\/newgarden.es\/\",\"name\":\"Newgarden\",\"description\":\"Be happy\",\"potentialAction\":[{\"@type\":\"SearchAction\",\"target\":{\"@type\":\"EntryPoint\",\"urlTemplate\":\"https:\/\/newgarden.es\/?s={search_term_string}\"},\"query-input\":{\"@type\":\"PropertyValueSpecification\",\"valueRequired\":true,\"valueName\":\"search_term_string\"}}],\"inLanguage\":\"fr-FR\"}]}<\/script>\n<!-- \/ Yoast SEO plugin. -->","yoast_head_json":{"title":"Lampe d\u00e9corative sans fil GRETITA LAMPE DE TABLE- Newgarden","description":"La lampe de table Gretita est la lampe de table parfaite, vous pouvez la placer dans n'importe quel espace de votre maison ou de votre jardin et elle ne","robots":{"index":"index","follow":"follow","max-snippet":"max-snippet:-1","max-image-preview":"max-image-preview:large","max-video-preview":"max-video-preview:-1"},"canonical":"https:\/\/newgarden.es\/fr\/shop\/lightdeco-fr\/lampe-a-cote\/lampe-decorative-sans-fil-gretita-lampe-de-table-noir\/","og_locale":"fr_FR","og_type":"article","og_title":"Lampe d\u00e9corative sans fil GRETITA LAMPE DE TABLE- Newgarden","og_description":"La lampe de table Gretita est la lampe de table parfaite, vous pouvez la placer dans n'importe quel espace de votre maison ou de votre jardin et elle ne","og_url":"https:\/\/newgarden.es\/fr\/shop\/lightdeco-fr\/lampe-a-cote\/lampe-decorative-sans-fil-gretita-lampe-de-table-noir\/","og_site_name":"Newgarden","article_modified_time":"2024-06-03T06:28:40+00:00","og_image":[{"width":1200,"height":1200,"url":"https:\/\/newgarden.es\/wp-content\/uploads\/2023\/02\/GRETITA_TABLE_AAA_1200X1200-27.jpg","type":"image\/jpeg"}],"twitter_card":"summary_large_image","twitter_misc":{"Dur\u00e9e de lecture estim\u00e9e":"1 minute"},"schema":{"@context":"https:\/\/schema.org","@graph":[{"@type":"WebPage","@id":"https:\/\/newgarden.es\/fr\/shop\/lightdeco-fr\/lampe-a-cote\/lampe-decorative-sans-fil-gretita-lampe-de-table-noir\/","url":"https:\/\/newgarden.es\/fr\/shop\/lightdeco-fr\/lampe-a-cote\/lampe-decorative-sans-fil-gretita-lampe-de-table-noir\/","name":"Lampe d\u00e9corative sans fil GRETITA LAMPE DE TABLE- Newgarden","isPartOf":{"@id":"https:\/\/newgarden.es\/#website"},"primaryImageOfPage":{"@id":"https:\/\/newgarden.es\/fr\/shop\/lightdeco-fr\/lampe-a-cote\/lampe-decorative-sans-fil-gretita-lampe-de-table-noir\/#primaryimage"},"image":{"@id":"https:\/\/newgarden.es\/fr\/shop\/lightdeco-fr\/lampe-a-cote\/lampe-decorative-sans-fil-gretita-lampe-de-table-noir\/#primaryimage"},"thumbnailUrl":"https:\/\/newgarden.es\/wp-content\/uploads\/2023\/02\/GRETITA_TABLE_AAA_1200X1200-27.jpg","datePublished":"2023-02-21T10:23:58+00:00","dateModified":"2024-06-03T06:28:40+00:00","description":"La lampe de table Gretita est la lampe de table parfaite, vous pouvez la placer dans n'importe quel espace de votre maison ou de votre jardin et elle ne","breadcrumb":{"@id":"https:\/\/newgarden.es\/fr\/shop\/lightdeco-fr\/lampe-a-cote\/lampe-decorative-sans-fil-gretita-lampe-de-table-noir\/#breadcrumb"},"inLanguage":"fr-FR","potentialAction":[{"@type":"ReadAction","target":["https:\/\/newgarden.es\/fr\/shop\/lightdeco-fr\/lampe-a-cote\/lampe-decorative-sans-fil-gretita-lampe-de-table-noir\/"]}]},{"@type":"ImageObject","inLanguage":"fr-FR","@id":"https:\/\/newgarden.es\/fr\/shop\/lightdeco-fr\/lampe-a-cote\/lampe-decorative-sans-fil-gretita-lampe-de-table-noir\/#primaryimage","url":"https:\/\/newgarden.es\/wp-content\/uploads\/2023\/02\/GRETITA_TABLE_AAA_1200X1200-27.jpg","contentUrl":"https:\/\/newgarden.es\/wp-content\/uploads\/2023\/02\/GRETITA_TABLE_AAA_1200X1200-27.jpg","width":1200,"height":1200},{"@type":"BreadcrumbList","@id":"https:\/\/newgarden.es\/fr\/shop\/lightdeco-fr\/lampe-a-cote\/lampe-decorative-sans-fil-gretita-lampe-de-table-noir\/#breadcrumb","itemListElement":[{"@type":"ListItem","position":1,"name":"Home","item":"https:\/\/newgarden.es\/fr\/"},{"@type":"ListItem","position":2,"name":"Boutique","item":"https:\/\/newgarden.es\/fr\/boutique\/"},{"@type":"ListItem","position":3,"name":"LAMPE D\u00c9CORATIVE SANS FIL GRETITA LAMPE DE TABLE ANTRACITE"}]},{"@type":"WebSite","@id":"https:\/\/newgarden.es\/#website","url":"https:\/\/newgarden.es\/","name":"Newgarden","description":"Be happy","potentialAction":[{"@type":"SearchAction","target":{"@type":"EntryPoint","urlTemplate":"https:\/\/newgarden.es\/?s={search_term_string}"},"query-input":{"@type":"PropertyValueSpecification","valueRequired":true,"valueName":"search_term_string"}}],"inLanguage":"fr-FR"}]}},"df_price":59.4,"df_sale_price":"","df_regular_price":59.4,"df_image_link":"https:\/\/newgarden.es\/wp-content\/uploads\/2023\/02\/GRETITA_TABLE_AAA_1200X1200-27-580x400.jpg","_links":{"self":[{"href":"https:\/\/newgarden.es\/fr\/wp-json\/wp\/v2\/product\/46647"}],"collection":[{"href":"https:\/\/newgarden.es\/fr\/wp-json\/wp\/v2\/product"}],"about":[{"href":"https:\/\/newgarden.es\/fr\/wp-json\/wp\/v2\/types\/product"}],"wp:featuredmedia":[{"embeddable":true,"href":"https:\/\/newgarden.es\/fr\/wp-json\/wp\/v2\/media\/60920"}],"wp:attachment":[{"href":"https:\/\/newgarden.es\/fr\/wp-json\/wp\/v2\/media?parent=46647"}],"wp:term":[{"taxonomy":"product_cat","embeddable":true,"href":"https:\/\/newgarden.es\/fr\/wp-json\/wp\/v2\/product_cat?post=46647"},{"taxonomy":"product_tag","embeddable":true,"href":"https:\/\/newgarden.es\/fr\/wp-json\/wp\/v2\/product_tag?post=46647"}],"curies":[{"name":"wp","href":"https:\/\/api.w.org\/{rel}","templated":true}]}}