{"id":47054,"date":"2023-02-21T12:49:30","date_gmt":"2023-02-21T11:49:33","guid":{"rendered":"https:\/\/newgarden.es\/?post_type=product&#038;p=47054"},"modified":"2024-05-28T10:30:11","modified_gmt":"2024-05-28T08:30:11","slug":"barre-de-table-extensible-pour-guirlandes-garland-lift","status":"publish","type":"product","link":"https:\/\/newgarden.es\/fr\/shop\/lightdeco-fr\/guirlandes\/barre-de-table-extensible-pour-guirlandes-garland-lift\/","title":{"rendered":"BARRE DE TABLE EXTENSIBLE POUR GUIRLANDES GARLAND LIFT"},"content":{"rendered":"<section class=\"wpb-content-wrapper\"><p>[vc_row][vc_column el_class=\u00a0\u00bbdescripcion_producto\u00a0\u00bb][vc_column_text]La barre pour guirlande GARLAND LIFT est con\u00e7u pour d\u00e9corer votre table d&rsquo;une mani\u00e8re diff\u00e9rente. Ce cadre de table est tr\u00e8s facile \u00e0 installer et, gr\u00e2ce \u00e0 sa tige extensible, elle peut s&rsquo;adapter \u00e0 presque tous les types de table. Fabriqu\u00e9e en acier laqu\u00e9, elle est l\u00e9g\u00e8re et durable. Elle peut \u00eatre utilis\u00e9e aussi bien \u00e0 l&rsquo;int\u00e9rieur qu&rsquo;\u00e0 l&rsquo;ext\u00e9rieur. Il n&rsquo;y a donc aucune limite lorsqu&rsquo;il s&rsquo;agit d&rsquo;ajouter une nouvelle touche \u00e0 votre table de terrasse ou de jardin.<\/p>\n<p>Combinez Garland lift avec n&rsquo;importe quelle guirlande de la famille Newgarden.<br \/>\n[\/vc_column_text][\/vc_column][\/vc_row][vc_row][vc_column width=\u00a0\u00bb1\/2&Prime;][vc_btn title=\u00a0\u00bbFiche technique\u00a0\u00bb style=\u00a0\u00bbcustom\u00a0\u00bb custom_background=\u00a0\u00bb#009bc2&Prime; custom_text=\u00a0\u00bb#ffffff\u00a0\u00bb shape=\u00a0\u00bbsquare\u00a0\u00bb link=\u00a0\u00bburl:https%3A%2F%2Fbit.ly%2F3keaSgS|target:%20_blank|\u00a0\u00bb el_class=\u00a0\u00bbbtn_descargar_ficha\u00a0\u00bb][\/vc_column][vc_column width=\u00a0\u00bb1\/2&Prime;][vc_btn title=\u00a0\u00bbManuel d&apos;instrutions\u00a0\u00bb style=\u00a0\u00bbcustom\u00a0\u00bb custom_background=\u00a0\u00bb#009bc2&Prime; custom_text=\u00a0\u00bb#ffffff\u00a0\u00bb shape=\u00a0\u00bbsquare\u00a0\u00bb link=\u00a0\u00bburl:https%3A%2F%2Fbit.ly%2F3IaUs0M|target:%20_blank|\u00a0\u00bb el_class=\u00a0\u00bbbtn_descargar_ficha\u00a0\u00bb][\/vc_column][\/vc_row]<\/p>\n<\/section>","protected":false},"excerpt":{"rendered":"<h1 style=\"font-size: 12px;\">Barre de table extensible pour guirlandes<\/h1>\n","protected":false},"featured_media":57950,"template":"","meta":[],"product_cat":[651,1575],"product_tag":[],"class_list":{"0":"post-47054","1":"product","2":"type-product","3":"status-publish","4":"has-post-thumbnail","6":"product_cat-lightdeco-fr","7":"product_cat-guirlandes","9":"first","10":"instock","11":"taxable","12":"shipping-taxable","13":"purchasable","14":"product-type-variable"},"yoast_head":"<!-- This site is optimized with the Yoast SEO plugin v24.2 - https:\/\/yoast.com\/wordpress\/plugins\/seo\/ -->\n<title>Barre de table extensible pour guirlandes | Newgarden<\/title>\n<meta name=\"description\" content=\"La barre pour guirlande GARLAND LIFT est con\u00e7u pour d\u00e9corer votre table d&#039;une mani\u00e8re diff\u00e9rente. Ce cadre de table est tr\u00e8s facile \u00e0 installer et,\" \/>\n<meta name=\"robots\" content=\"index, follow, max-snippet:-1, max-image-preview:large, max-video-preview:-1\" \/>\n<link rel=\"canonical\" href=\"https:\/\/newgarden.es\/fr\/shop\/lightdeco-fr\/guirlandes\/barre-de-table-extensible-pour-guirlandes-garland-lift\/\" \/>\n<meta property=\"og:locale\" content=\"fr_FR\" \/>\n<meta property=\"og:type\" content=\"article\" \/>\n<meta property=\"og:title\" content=\"Barre de table extensible pour guirlandes | Newgarden\" \/>\n<meta property=\"og:description\" content=\"La barre pour guirlande GARLAND LIFT est con\u00e7u pour d\u00e9corer votre table d&#039;une mani\u00e8re diff\u00e9rente. Ce cadre de table est tr\u00e8s facile \u00e0 installer et,\" \/>\n<meta property=\"og:url\" content=\"https:\/\/newgarden.es\/fr\/shop\/lightdeco-fr\/guirlandes\/barre-de-table-extensible-pour-guirlandes-garland-lift\/\" \/>\n<meta property=\"og:site_name\" content=\"Newgarden\" \/>\n<meta property=\"article:modified_time\" content=\"2024-05-28T08:30:11+00:00\" \/>\n<meta property=\"og:image\" content=\"https:\/\/newgarden.es\/wp-content\/uploads\/2023\/02\/GARLAND_LIFT_1200X1200-13-1.jpg\" \/>\n\t<meta property=\"og:image:width\" content=\"1200\" \/>\n\t<meta property=\"og:image:height\" content=\"1200\" \/>\n\t<meta property=\"og:image:type\" content=\"image\/jpeg\" \/>\n<meta name=\"twitter:card\" content=\"summary_large_image\" \/>\n<meta name=\"twitter:label1\" content=\"Dur\u00e9e de lecture estim\u00e9e\" \/>\n\t<meta name=\"twitter:data1\" content=\"1 minute\" \/>\n<script type=\"application\/ld+json\" class=\"yoast-schema-graph\">{\"@context\":\"https:\/\/schema.org\",\"@graph\":[{\"@type\":\"WebPage\",\"@id\":\"https:\/\/newgarden.es\/fr\/shop\/lightdeco-fr\/guirlandes\/barre-de-table-extensible-pour-guirlandes-garland-lift\/\",\"url\":\"https:\/\/newgarden.es\/fr\/shop\/lightdeco-fr\/guirlandes\/barre-de-table-extensible-pour-guirlandes-garland-lift\/\",\"name\":\"Barre de table extensible pour guirlandes | Newgarden\",\"isPartOf\":{\"@id\":\"https:\/\/newgarden.es\/#website\"},\"primaryImageOfPage\":{\"@id\":\"https:\/\/newgarden.es\/fr\/shop\/lightdeco-fr\/guirlandes\/barre-de-table-extensible-pour-guirlandes-garland-lift\/#primaryimage\"},\"image\":{\"@id\":\"https:\/\/newgarden.es\/fr\/shop\/lightdeco-fr\/guirlandes\/barre-de-table-extensible-pour-guirlandes-garland-lift\/#primaryimage\"},\"thumbnailUrl\":\"https:\/\/newgarden.es\/wp-content\/uploads\/2023\/02\/GARLAND_LIFT_1200X1200-13-1.jpg\",\"datePublished\":\"2023-02-21T11:49:33+00:00\",\"dateModified\":\"2024-05-28T08:30:11+00:00\",\"description\":\"La barre pour guirlande GARLAND LIFT est con\u00e7u pour d\u00e9corer votre table d'une mani\u00e8re diff\u00e9rente. Ce cadre de table est tr\u00e8s facile \u00e0 installer et,\",\"breadcrumb\":{\"@id\":\"https:\/\/newgarden.es\/fr\/shop\/lightdeco-fr\/guirlandes\/barre-de-table-extensible-pour-guirlandes-garland-lift\/#breadcrumb\"},\"inLanguage\":\"fr-FR\",\"potentialAction\":[{\"@type\":\"ReadAction\",\"target\":[\"https:\/\/newgarden.es\/fr\/shop\/lightdeco-fr\/guirlandes\/barre-de-table-extensible-pour-guirlandes-garland-lift\/\"]}]},{\"@type\":\"ImageObject\",\"inLanguage\":\"fr-FR\",\"@id\":\"https:\/\/newgarden.es\/fr\/shop\/lightdeco-fr\/guirlandes\/barre-de-table-extensible-pour-guirlandes-garland-lift\/#primaryimage\",\"url\":\"https:\/\/newgarden.es\/wp-content\/uploads\/2023\/02\/GARLAND_LIFT_1200X1200-13-1.jpg\",\"contentUrl\":\"https:\/\/newgarden.es\/wp-content\/uploads\/2023\/02\/GARLAND_LIFT_1200X1200-13-1.jpg\",\"width\":1200,\"height\":1200},{\"@type\":\"BreadcrumbList\",\"@id\":\"https:\/\/newgarden.es\/fr\/shop\/lightdeco-fr\/guirlandes\/barre-de-table-extensible-pour-guirlandes-garland-lift\/#breadcrumb\",\"itemListElement\":[{\"@type\":\"ListItem\",\"position\":1,\"name\":\"Home\",\"item\":\"https:\/\/newgarden.es\/fr\/\"},{\"@type\":\"ListItem\",\"position\":2,\"name\":\"Boutique\",\"item\":\"https:\/\/newgarden.es\/fr\/boutique\/\"},{\"@type\":\"ListItem\",\"position\":3,\"name\":\"BARRE DE TABLE EXTENSIBLE POUR GUIRLANDES GARLAND LIFT\"}]},{\"@type\":\"WebSite\",\"@id\":\"https:\/\/newgarden.es\/#website\",\"url\":\"https:\/\/newgarden.es\/\",\"name\":\"Newgarden\",\"description\":\"Be happy\",\"potentialAction\":[{\"@type\":\"SearchAction\",\"target\":{\"@type\":\"EntryPoint\",\"urlTemplate\":\"https:\/\/newgarden.es\/?s={search_term_string}\"},\"query-input\":{\"@type\":\"PropertyValueSpecification\",\"valueRequired\":true,\"valueName\":\"search_term_string\"}}],\"inLanguage\":\"fr-FR\"}]}<\/script>\n<!-- \/ Yoast SEO plugin. -->","yoast_head_json":{"title":"Barre de table extensible pour guirlandes | Newgarden","description":"La barre pour guirlande GARLAND LIFT est con\u00e7u pour d\u00e9corer votre table d'une mani\u00e8re diff\u00e9rente. Ce cadre de table est tr\u00e8s facile \u00e0 installer et,","robots":{"index":"index","follow":"follow","max-snippet":"max-snippet:-1","max-image-preview":"max-image-preview:large","max-video-preview":"max-video-preview:-1"},"canonical":"https:\/\/newgarden.es\/fr\/shop\/lightdeco-fr\/guirlandes\/barre-de-table-extensible-pour-guirlandes-garland-lift\/","og_locale":"fr_FR","og_type":"article","og_title":"Barre de table extensible pour guirlandes | Newgarden","og_description":"La barre pour guirlande GARLAND LIFT est con\u00e7u pour d\u00e9corer votre table d'une mani\u00e8re diff\u00e9rente. Ce cadre de table est tr\u00e8s facile \u00e0 installer et,","og_url":"https:\/\/newgarden.es\/fr\/shop\/lightdeco-fr\/guirlandes\/barre-de-table-extensible-pour-guirlandes-garland-lift\/","og_site_name":"Newgarden","article_modified_time":"2024-05-28T08:30:11+00:00","og_image":[{"width":1200,"height":1200,"url":"https:\/\/newgarden.es\/wp-content\/uploads\/2023\/02\/GARLAND_LIFT_1200X1200-13-1.jpg","type":"image\/jpeg"}],"twitter_card":"summary_large_image","twitter_misc":{"Dur\u00e9e de lecture estim\u00e9e":"1 minute"},"schema":{"@context":"https:\/\/schema.org","@graph":[{"@type":"WebPage","@id":"https:\/\/newgarden.es\/fr\/shop\/lightdeco-fr\/guirlandes\/barre-de-table-extensible-pour-guirlandes-garland-lift\/","url":"https:\/\/newgarden.es\/fr\/shop\/lightdeco-fr\/guirlandes\/barre-de-table-extensible-pour-guirlandes-garland-lift\/","name":"Barre de table extensible pour guirlandes | Newgarden","isPartOf":{"@id":"https:\/\/newgarden.es\/#website"},"primaryImageOfPage":{"@id":"https:\/\/newgarden.es\/fr\/shop\/lightdeco-fr\/guirlandes\/barre-de-table-extensible-pour-guirlandes-garland-lift\/#primaryimage"},"image":{"@id":"https:\/\/newgarden.es\/fr\/shop\/lightdeco-fr\/guirlandes\/barre-de-table-extensible-pour-guirlandes-garland-lift\/#primaryimage"},"thumbnailUrl":"https:\/\/newgarden.es\/wp-content\/uploads\/2023\/02\/GARLAND_LIFT_1200X1200-13-1.jpg","datePublished":"2023-02-21T11:49:33+00:00","dateModified":"2024-05-28T08:30:11+00:00","description":"La barre pour guirlande GARLAND LIFT est con\u00e7u pour d\u00e9corer votre table d'une mani\u00e8re diff\u00e9rente. Ce cadre de table est tr\u00e8s facile \u00e0 installer et,","breadcrumb":{"@id":"https:\/\/newgarden.es\/fr\/shop\/lightdeco-fr\/guirlandes\/barre-de-table-extensible-pour-guirlandes-garland-lift\/#breadcrumb"},"inLanguage":"fr-FR","potentialAction":[{"@type":"ReadAction","target":["https:\/\/newgarden.es\/fr\/shop\/lightdeco-fr\/guirlandes\/barre-de-table-extensible-pour-guirlandes-garland-lift\/"]}]},{"@type":"ImageObject","inLanguage":"fr-FR","@id":"https:\/\/newgarden.es\/fr\/shop\/lightdeco-fr\/guirlandes\/barre-de-table-extensible-pour-guirlandes-garland-lift\/#primaryimage","url":"https:\/\/newgarden.es\/wp-content\/uploads\/2023\/02\/GARLAND_LIFT_1200X1200-13-1.jpg","contentUrl":"https:\/\/newgarden.es\/wp-content\/uploads\/2023\/02\/GARLAND_LIFT_1200X1200-13-1.jpg","width":1200,"height":1200},{"@type":"BreadcrumbList","@id":"https:\/\/newgarden.es\/fr\/shop\/lightdeco-fr\/guirlandes\/barre-de-table-extensible-pour-guirlandes-garland-lift\/#breadcrumb","itemListElement":[{"@type":"ListItem","position":1,"name":"Home","item":"https:\/\/newgarden.es\/fr\/"},{"@type":"ListItem","position":2,"name":"Boutique","item":"https:\/\/newgarden.es\/fr\/boutique\/"},{"@type":"ListItem","position":3,"name":"BARRE DE TABLE EXTENSIBLE POUR GUIRLANDES GARLAND LIFT"}]},{"@type":"WebSite","@id":"https:\/\/newgarden.es\/#website","url":"https:\/\/newgarden.es\/","name":"Newgarden","description":"Be happy","potentialAction":[{"@type":"SearchAction","target":{"@type":"EntryPoint","urlTemplate":"https:\/\/newgarden.es\/?s={search_term_string}"},"query-input":{"@type":"PropertyValueSpecification","valueRequired":true,"valueName":"search_term_string"}}],"inLanguage":"fr-FR"}]}},"df_price":29,"df_sale_price":"","df_regular_price":29,"df_image_link":"https:\/\/newgarden.es\/wp-content\/uploads\/2023\/02\/GARLAND_LIFT_1200X1200-13-1-580x400.jpg","_links":{"self":[{"href":"https:\/\/newgarden.es\/fr\/wp-json\/wp\/v2\/product\/47054"}],"collection":[{"href":"https:\/\/newgarden.es\/fr\/wp-json\/wp\/v2\/product"}],"about":[{"href":"https:\/\/newgarden.es\/fr\/wp-json\/wp\/v2\/types\/product"}],"wp:featuredmedia":[{"embeddable":true,"href":"https:\/\/newgarden.es\/fr\/wp-json\/wp\/v2\/media\/57950"}],"wp:attachment":[{"href":"https:\/\/newgarden.es\/fr\/wp-json\/wp\/v2\/media?parent=47054"}],"wp:term":[{"taxonomy":"product_cat","embeddable":true,"href":"https:\/\/newgarden.es\/fr\/wp-json\/wp\/v2\/product_cat?post=47054"},{"taxonomy":"product_tag","embeddable":true,"href":"https:\/\/newgarden.es\/fr\/wp-json\/wp\/v2\/product_tag?post=47054"}],"curies":[{"name":"wp","href":"https:\/\/api.w.org\/{rel}","templated":true}]}}