{"id":47114,"date":"2023-02-21T13:02:17","date_gmt":"2023-02-21T12:02:20","guid":{"rendered":"https:\/\/newgarden.es\/?post_type=product&#038;p=47114"},"modified":"2024-07-01T11:12:19","modified_gmt":"2024-07-01T09:12:19","slug":"enceinte-de-piscine-sans-fil-play-disk-40","status":"publish","type":"product","link":"https:\/\/newgarden.es\/fr\/shop\/lightdeco-fr\/haut-parleurs\/enceinte-de-piscine-sans-fil-play-disk-40\/","title":{"rendered":"ENCEINTE DE PISCINE SANS FIL PLAY DISK 40"},"content":{"rendered":"<section class=\"wpb-content-wrapper\"><p>[vc_row][vc_column el_class=\u00a0\u00bbdescripcion_producto\u00a0\u00bb][vc_column_text]Play disk 40 est un haut-parleur sp\u00e9cialement con\u00e7u pour \u00eatre appr\u00e9ci\u00e9 dans la piscine. Il est tr\u00e8s facile \u00e0 utiliser : choisissez votre musique pr\u00e9f\u00e9r\u00e9e, jetez-le dans l&rsquo;eau et profitez-en&#8230; c&rsquo;est aussi simple que cela. Cette enceinte aquatique sera un incontournable pour animer vos soir\u00e9es piscine, vous d\u00e9tendre dans le jacuzzi ou tout simplement pour apporter de la musique sur votre terrasse ou dans votre jardin, car elle peut \u00e9galement \u00eatre accroch\u00e9e au mur ou plac\u00e9e \u00e0 c\u00f4t\u00e9 d&rsquo;une table. L&rsquo;autonomie de la batterie peut atteindre 20 heures (selon le mode d&rsquo;utilisation).<\/p>\n<p>Le disque Play 40 est dot\u00e9 de la technologie Bluetooth TWS, ce qui vous permet de connecter deux disques Play 40 avec un seul appareil. Avec sa t\u00e9l\u00e9commande (incluse), vous pouvez passer d&rsquo;une couleur fixe \u00e0 un autre mode de couleur, jouer ou mettre en pause la lecture&#8230;<\/p>\n<p>*mettre dans le tableau de description : FLOTTANT OUI : SUBMERSIBLE : NON<br \/>\n[\/vc_column_text][\/vc_column][\/vc_row][vc_row disable_element=\u00a0\u00bbyes\u00a0\u00bb][vc_column][vc_single_image image=\u00a0\u00bb6566&Prime; img_size=\u00a0\u00bbfull\u00a0\u00bb][\/vc_column][\/vc_row][vc_row][vc_column width=\u00a0\u00bb1\/2&Prime;][vc_btn title=\u00a0\u00bbFiche technique\u00a0\u00bb style=\u00a0\u00bbcustom\u00a0\u00bb custom_background=\u00a0\u00bb#009bc2&Prime; custom_text=\u00a0\u00bb#ffffff\u00a0\u00bb shape=\u00a0\u00bbsquare\u00a0\u00bb link=\u00a0\u00bburl:https%3A%2F%2Fbit.ly%2F3IiB6aa|target:%20_blank|\u00a0\u00bb el_class=\u00a0\u00bbbtn_descargar_ficha\u00a0\u00bb][\/vc_column][vc_column width=\u00a0\u00bb1\/2&Prime;][vc_btn title=\u00a0\u00bbManuel d&apos;instrutions\u00a0\u00bb style=\u00a0\u00bbcustom\u00a0\u00bb custom_background=\u00a0\u00bb#009bc2&Prime; custom_text=\u00a0\u00bb#ffffff\u00a0\u00bb shape=\u00a0\u00bbsquare\u00a0\u00bb link=\u00a0\u00bburl:https%3A%2F%2Fbit.ly%2F3KpTro7|target:%20_blank|\u00a0\u00bb el_class=\u00a0\u00bbbtn_descargar_ficha\u00a0\u00bb][\/vc_column][\/vc_row]<\/p>\n<\/section>","protected":false},"excerpt":{"rendered":"<h1 style=\"font-size: 12px;\">Enceinte de piscine sans fil PLAY DISK 40<\/h1>\n","protected":false},"featured_media":56344,"template":"","meta":[],"product_cat":[651,757,754,743],"product_tag":[],"class_list":{"0":"post-47114","1":"product","2":"type-product","3":"status-publish","4":"has-post-thumbnail","6":"product_cat-lightdeco-fr","7":"product_cat-appliques","8":"product_cat-portables","9":"product_cat-haut-parleurs","11":"first","12":"instock","13":"taxable","14":"shipping-taxable","15":"product-type-simple"},"yoast_head":"<!-- This site is optimized with the Yoast SEO plugin v24.2 - https:\/\/yoast.com\/wordpress\/plugins\/seo\/ -->\n<title>Enceinte de piscine sans fil PLAY DISK<\/title>\n<meta name=\"description\" content=\"Play disk 40 est un haut-parleur sp\u00e9cialement con\u00e7u pour \u00eatre appr\u00e9ci\u00e9 dans la piscine. Il est tr\u00e8s facile \u00e0 utiliser : choisissez votre musique pr\u00e9f\u00e9r\u00e9e,\" \/>\n<meta name=\"robots\" content=\"index, follow, max-snippet:-1, max-image-preview:large, max-video-preview:-1\" \/>\n<link rel=\"canonical\" href=\"https:\/\/newgarden.es\/fr\/shop\/lightdeco-fr\/haut-parleurs\/enceinte-de-piscine-sans-fil-play-disk-40\/\" \/>\n<meta property=\"og:locale\" content=\"fr_FR\" \/>\n<meta property=\"og:type\" content=\"article\" \/>\n<meta property=\"og:title\" content=\"Enceinte de piscine sans fil PLAY DISK\" \/>\n<meta property=\"og:description\" content=\"Play disk 40 est un haut-parleur sp\u00e9cialement con\u00e7u pour \u00eatre appr\u00e9ci\u00e9 dans la piscine. Il est tr\u00e8s facile \u00e0 utiliser : choisissez votre musique pr\u00e9f\u00e9r\u00e9e,\" \/>\n<meta property=\"og:url\" content=\"https:\/\/newgarden.es\/fr\/shop\/lightdeco-fr\/haut-parleurs\/enceinte-de-piscine-sans-fil-play-disk-40\/\" \/>\n<meta property=\"og:site_name\" content=\"Newgarden\" \/>\n<meta property=\"article:modified_time\" content=\"2024-07-01T09:12:19+00:00\" \/>\n<meta property=\"og:image\" content=\"https:\/\/newgarden.es\/wp-content\/uploads\/2023\/02\/WALLY_PLAY_1200X1200-8.jpg\" \/>\n\t<meta property=\"og:image:width\" content=\"1200\" \/>\n\t<meta property=\"og:image:height\" content=\"1200\" \/>\n\t<meta property=\"og:image:type\" content=\"image\/jpeg\" \/>\n<meta name=\"twitter:card\" content=\"summary_large_image\" \/>\n<meta name=\"twitter:label1\" content=\"Dur\u00e9e de lecture estim\u00e9e\" \/>\n\t<meta name=\"twitter:data1\" content=\"1 minute\" \/>\n<script type=\"application\/ld+json\" class=\"yoast-schema-graph\">{\"@context\":\"https:\/\/schema.org\",\"@graph\":[{\"@type\":\"WebPage\",\"@id\":\"https:\/\/newgarden.es\/fr\/shop\/lightdeco-fr\/haut-parleurs\/enceinte-de-piscine-sans-fil-play-disk-40\/\",\"url\":\"https:\/\/newgarden.es\/fr\/shop\/lightdeco-fr\/haut-parleurs\/enceinte-de-piscine-sans-fil-play-disk-40\/\",\"name\":\"Enceinte de piscine sans fil PLAY DISK\",\"isPartOf\":{\"@id\":\"https:\/\/newgarden.es\/#website\"},\"primaryImageOfPage\":{\"@id\":\"https:\/\/newgarden.es\/fr\/shop\/lightdeco-fr\/haut-parleurs\/enceinte-de-piscine-sans-fil-play-disk-40\/#primaryimage\"},\"image\":{\"@id\":\"https:\/\/newgarden.es\/fr\/shop\/lightdeco-fr\/haut-parleurs\/enceinte-de-piscine-sans-fil-play-disk-40\/#primaryimage\"},\"thumbnailUrl\":\"https:\/\/newgarden.es\/wp-content\/uploads\/2023\/02\/WALLY_PLAY_1200X1200-8.jpg\",\"datePublished\":\"2023-02-21T12:02:20+00:00\",\"dateModified\":\"2024-07-01T09:12:19+00:00\",\"description\":\"Play disk 40 est un haut-parleur sp\u00e9cialement con\u00e7u pour \u00eatre appr\u00e9ci\u00e9 dans la piscine. Il est tr\u00e8s facile \u00e0 utiliser : choisissez votre musique pr\u00e9f\u00e9r\u00e9e,\",\"breadcrumb\":{\"@id\":\"https:\/\/newgarden.es\/fr\/shop\/lightdeco-fr\/haut-parleurs\/enceinte-de-piscine-sans-fil-play-disk-40\/#breadcrumb\"},\"inLanguage\":\"fr-FR\",\"potentialAction\":[{\"@type\":\"ReadAction\",\"target\":[\"https:\/\/newgarden.es\/fr\/shop\/lightdeco-fr\/haut-parleurs\/enceinte-de-piscine-sans-fil-play-disk-40\/\"]}]},{\"@type\":\"ImageObject\",\"inLanguage\":\"fr-FR\",\"@id\":\"https:\/\/newgarden.es\/fr\/shop\/lightdeco-fr\/haut-parleurs\/enceinte-de-piscine-sans-fil-play-disk-40\/#primaryimage\",\"url\":\"https:\/\/newgarden.es\/wp-content\/uploads\/2023\/02\/WALLY_PLAY_1200X1200-8.jpg\",\"contentUrl\":\"https:\/\/newgarden.es\/wp-content\/uploads\/2023\/02\/WALLY_PLAY_1200X1200-8.jpg\",\"width\":1200,\"height\":1200},{\"@type\":\"BreadcrumbList\",\"@id\":\"https:\/\/newgarden.es\/fr\/shop\/lightdeco-fr\/haut-parleurs\/enceinte-de-piscine-sans-fil-play-disk-40\/#breadcrumb\",\"itemListElement\":[{\"@type\":\"ListItem\",\"position\":1,\"name\":\"Home\",\"item\":\"https:\/\/newgarden.es\/fr\/\"},{\"@type\":\"ListItem\",\"position\":2,\"name\":\"Boutique\",\"item\":\"https:\/\/newgarden.es\/fr\/boutique\/\"},{\"@type\":\"ListItem\",\"position\":3,\"name\":\"ENCEINTE DE PISCINE SANS FIL PLAY DISK 40\"}]},{\"@type\":\"WebSite\",\"@id\":\"https:\/\/newgarden.es\/#website\",\"url\":\"https:\/\/newgarden.es\/\",\"name\":\"Newgarden\",\"description\":\"Be happy\",\"potentialAction\":[{\"@type\":\"SearchAction\",\"target\":{\"@type\":\"EntryPoint\",\"urlTemplate\":\"https:\/\/newgarden.es\/?s={search_term_string}\"},\"query-input\":{\"@type\":\"PropertyValueSpecification\",\"valueRequired\":true,\"valueName\":\"search_term_string\"}}],\"inLanguage\":\"fr-FR\"}]}<\/script>\n<!-- \/ Yoast SEO plugin. -->","yoast_head_json":{"title":"Enceinte de piscine sans fil PLAY DISK","description":"Play disk 40 est un haut-parleur sp\u00e9cialement con\u00e7u pour \u00eatre appr\u00e9ci\u00e9 dans la piscine. Il est tr\u00e8s facile \u00e0 utiliser : choisissez votre musique pr\u00e9f\u00e9r\u00e9e,","robots":{"index":"index","follow":"follow","max-snippet":"max-snippet:-1","max-image-preview":"max-image-preview:large","max-video-preview":"max-video-preview:-1"},"canonical":"https:\/\/newgarden.es\/fr\/shop\/lightdeco-fr\/haut-parleurs\/enceinte-de-piscine-sans-fil-play-disk-40\/","og_locale":"fr_FR","og_type":"article","og_title":"Enceinte de piscine sans fil PLAY DISK","og_description":"Play disk 40 est un haut-parleur sp\u00e9cialement con\u00e7u pour \u00eatre appr\u00e9ci\u00e9 dans la piscine. Il est tr\u00e8s facile \u00e0 utiliser : choisissez votre musique pr\u00e9f\u00e9r\u00e9e,","og_url":"https:\/\/newgarden.es\/fr\/shop\/lightdeco-fr\/haut-parleurs\/enceinte-de-piscine-sans-fil-play-disk-40\/","og_site_name":"Newgarden","article_modified_time":"2024-07-01T09:12:19+00:00","og_image":[{"width":1200,"height":1200,"url":"https:\/\/newgarden.es\/wp-content\/uploads\/2023\/02\/WALLY_PLAY_1200X1200-8.jpg","type":"image\/jpeg"}],"twitter_card":"summary_large_image","twitter_misc":{"Dur\u00e9e de lecture estim\u00e9e":"1 minute"},"schema":{"@context":"https:\/\/schema.org","@graph":[{"@type":"WebPage","@id":"https:\/\/newgarden.es\/fr\/shop\/lightdeco-fr\/haut-parleurs\/enceinte-de-piscine-sans-fil-play-disk-40\/","url":"https:\/\/newgarden.es\/fr\/shop\/lightdeco-fr\/haut-parleurs\/enceinte-de-piscine-sans-fil-play-disk-40\/","name":"Enceinte de piscine sans fil PLAY DISK","isPartOf":{"@id":"https:\/\/newgarden.es\/#website"},"primaryImageOfPage":{"@id":"https:\/\/newgarden.es\/fr\/shop\/lightdeco-fr\/haut-parleurs\/enceinte-de-piscine-sans-fil-play-disk-40\/#primaryimage"},"image":{"@id":"https:\/\/newgarden.es\/fr\/shop\/lightdeco-fr\/haut-parleurs\/enceinte-de-piscine-sans-fil-play-disk-40\/#primaryimage"},"thumbnailUrl":"https:\/\/newgarden.es\/wp-content\/uploads\/2023\/02\/WALLY_PLAY_1200X1200-8.jpg","datePublished":"2023-02-21T12:02:20+00:00","dateModified":"2024-07-01T09:12:19+00:00","description":"Play disk 40 est un haut-parleur sp\u00e9cialement con\u00e7u pour \u00eatre appr\u00e9ci\u00e9 dans la piscine. Il est tr\u00e8s facile \u00e0 utiliser : choisissez votre musique pr\u00e9f\u00e9r\u00e9e,","breadcrumb":{"@id":"https:\/\/newgarden.es\/fr\/shop\/lightdeco-fr\/haut-parleurs\/enceinte-de-piscine-sans-fil-play-disk-40\/#breadcrumb"},"inLanguage":"fr-FR","potentialAction":[{"@type":"ReadAction","target":["https:\/\/newgarden.es\/fr\/shop\/lightdeco-fr\/haut-parleurs\/enceinte-de-piscine-sans-fil-play-disk-40\/"]}]},{"@type":"ImageObject","inLanguage":"fr-FR","@id":"https:\/\/newgarden.es\/fr\/shop\/lightdeco-fr\/haut-parleurs\/enceinte-de-piscine-sans-fil-play-disk-40\/#primaryimage","url":"https:\/\/newgarden.es\/wp-content\/uploads\/2023\/02\/WALLY_PLAY_1200X1200-8.jpg","contentUrl":"https:\/\/newgarden.es\/wp-content\/uploads\/2023\/02\/WALLY_PLAY_1200X1200-8.jpg","width":1200,"height":1200},{"@type":"BreadcrumbList","@id":"https:\/\/newgarden.es\/fr\/shop\/lightdeco-fr\/haut-parleurs\/enceinte-de-piscine-sans-fil-play-disk-40\/#breadcrumb","itemListElement":[{"@type":"ListItem","position":1,"name":"Home","item":"https:\/\/newgarden.es\/fr\/"},{"@type":"ListItem","position":2,"name":"Boutique","item":"https:\/\/newgarden.es\/fr\/boutique\/"},{"@type":"ListItem","position":3,"name":"ENCEINTE DE PISCINE SANS FIL PLAY DISK 40"}]},{"@type":"WebSite","@id":"https:\/\/newgarden.es\/#website","url":"https:\/\/newgarden.es\/","name":"Newgarden","description":"Be happy","potentialAction":[{"@type":"SearchAction","target":{"@type":"EntryPoint","urlTemplate":"https:\/\/newgarden.es\/?s={search_term_string}"},"query-input":{"@type":"PropertyValueSpecification","valueRequired":true,"valueName":"search_term_string"}}],"inLanguage":"fr-FR"}]}},"df_price":"","df_sale_price":"","df_regular_price":"","df_image_link":"https:\/\/newgarden.es\/wp-content\/uploads\/2023\/02\/WALLY_PLAY_1200X1200-8-580x400.jpg","_links":{"self":[{"href":"https:\/\/newgarden.es\/fr\/wp-json\/wp\/v2\/product\/47114"}],"collection":[{"href":"https:\/\/newgarden.es\/fr\/wp-json\/wp\/v2\/product"}],"about":[{"href":"https:\/\/newgarden.es\/fr\/wp-json\/wp\/v2\/types\/product"}],"wp:featuredmedia":[{"embeddable":true,"href":"https:\/\/newgarden.es\/fr\/wp-json\/wp\/v2\/media\/56344"}],"wp:attachment":[{"href":"https:\/\/newgarden.es\/fr\/wp-json\/wp\/v2\/media?parent=47114"}],"wp:term":[{"taxonomy":"product_cat","embeddable":true,"href":"https:\/\/newgarden.es\/fr\/wp-json\/wp\/v2\/product_cat?post=47114"},{"taxonomy":"product_tag","embeddable":true,"href":"https:\/\/newgarden.es\/fr\/wp-json\/wp\/v2\/product_tag?post=47114"}],"curies":[{"name":"wp","href":"https:\/\/api.w.org\/{rel}","templated":true}]}}